{"id":349773,"date":"2025-09-12T10:40:57","date_gmt":"2025-09-12T08:40:57","guid":{"rendered":"https:\/\/www.miomiorun.com\/?post_type=product&#038;p=349773"},"modified":"2026-04-17T10:49:36","modified_gmt":"2026-04-17T08:49:36","slug":"triumph-23-gtx-herren","status":"publish","type":"product","link":"https:\/\/www.miomiorun.com\/de\/produkt\/triumph-23-gtx-herren\/","title":{"rendered":"Triumph 23 GTX herren"},"content":{"rendered":"<div class=\"vc-row container\"><div class=\"vc-column\"><div class=\"vc-column-text\"><\/p>\n<p><strong>Technische Daten<\/strong><\/p>\n<p>Kategorie: Ultra-D\u00e4mpfung<br \/>\nOffset: 10 mm (37\/27 mm)<br \/>\nGewicht: 285 g<br \/>\nIdeal f\u00fcr: L\u00e4ufer und Walker, die einen Schuh mit maximaler D\u00e4mpfung und Weichheit sowohl im Fu\u00dfbett als auch im Obermaterial suchen, um lange Strecken zu laufen und zu walken, jetzt auch wasserdicht.<br \/>\nGewicht des Sportlers: &gt;80 kg<br \/>\nLaufgeschwindigkeit: langsam (&gt;5,30 min\/km)<br \/>\n<a href=\"https:\/\/miomiorun.com\/guida-alle-specifiche-tecniche\/\">Leitfaden zu den technischen Daten<\/a><\/p>\n<p><\/div><\/div><div class=\"vc-column\"><div class=\"vc-column-text\"><\/p>\n<div class=\"text-container\">\n<div class=\"description col-xs-12\">\n<h3>F\u00dcR DIE T\u00c4GLICHE BEWEGUNG ENTWICKELT!<\/h3>\n<p>Der neue <strong>Triumph 23<\/strong> in der Herrenversion ist ein Laufschuh, der f\u00fcr eine optimale D\u00e4mpfung bei allen L\u00e4ufen entwickelt wurde. Ein Modell, das f\u00fcr maximalen Komfort beim Laufen entwickelt wurde und sich perfekt an alle Arten von L\u00e4ufern anpasst, da es eines der vielseitigsten Modelle der Gegenwart ist.<\/p>\n<h3>Ein Modell, das Komfort, Dynamik und \u00c4sthetik perfekt vereint.<\/h3>\n<p>Ein vielseitiges Modell, das sich perfekt f\u00fcr einfachere Trainingseinheiten bis hin zu anspruchsvollen Wettk\u00e4mpfen eignet.<\/p>\n<div class=\"highlights\">\n<h3 class=\"highlights-title\">Highlights<\/h3>\n<div class=\"highlight\"><em>Verbesserte D\u00e4mpfung:&nbsp;<\/em><\/div>\n<div class=\"highlight\">Ein weicherer und leichterer PWRRUN PB-Schaumstoff mit verbesserter D\u00e4mpfung f\u00fcr Halt und Komfort bei l\u00e4ngeren L\u00e4ufen.<\/div>\n<div><\/div>\n<div class=\"highlight\">\n<div class=\"highlight\"><em>Wasserdichter Schutz:&nbsp;<\/em><\/div>\n<div>Der Premium-Laufschuh mit neutraler D\u00e4mpfung, ausgestattet mit den innovativsten Materialien, wurde entwickelt, um weichen und luxuri\u00f6sen Komfort in einem strapazierf\u00e4higen und wasserdichten Modell zu bieten. <\/div>\n<\/div>\n<div><\/div>\n<div class=\"highlight\"><em>Fl\u00fcssige und flexible \u00dcberg\u00e4nge:<\/em><\/div>\n<div class=\"highlight\">Das \u00fcberarbeitete Design der Sohle sorgt f\u00fcr fl\u00fcssige Bewegungen und ein nat\u00fcrlicheres Laufgef\u00fchl. <\/div>\n<\/div>\n<\/div>\n<\/div>\n<p><\/div><\/div><\/div>\n","protected":false},"excerpt":{"rendered":"<ul>\n<li>Superged\u00e4mpfter Schuh f\u00fcr h\u00f6chsten Komfort.<\/li>\n<li>Ideal f\u00fcr lange Spazierg\u00e4nge und L\u00e4ufe.<\/li>\n<li>Schutz <span>Gore-Tex\u00ae<\/span><\/li>\n<\/ul>\n","protected":false},"featured_media":351677,"template":"","meta":{"_acf_changed":false,"inline_featured_image":false},"product_brand":[],"product_cat":[6507,6506],"product_tag":[3391,6311],"class_list":{"0":"post-349773","1":"product","2":"type-product","3":"status-publish","4":"has-post-thumbnail","6":"product_cat-herren-schuhe-de","7":"product_cat-neutrale-herren-schuhe-de","8":"product_tag-saucony-de","9":"product_tag-saucony-herren-de","10":"pa_attivita-gehen","11":"pa_attivita-lifestyle-de","12":"pa_attivita-running-de","13":"pa_colore-triumph-23-gtx-black-regal-de","14":"pa_marca-saucony-de","15":"pa_sesso-herren","16":"pa_size-42-de","17":"pa_size-42-5-de","18":"pa_size-43-de","19":"pa_size-44-5-de","20":"pa_size-45-de","21":"pa_size-46-de","23":"first","24":"instock","25":"sale","26":"taxable","27":"shipping-taxable","28":"purchasable","29":"product-type-variable","30":"wvs-archive-product-wrapper"},"acf":[],"yoast_head":"<!-- This site is optimized with the Yoast SEO plugin v26.8 - https:\/\/yoast.com\/product\/yoast-seo-wordpress\/ -->\n<title>Saucony Triumph 23 GTX herren -Laufschuhe f\u00fcr Herren - MioMioRun.com<\/title>\n<meta name=\"description\" content=\"Der neue Triumph 23 ist ein Laufschuh, der f\u00fcr eine optimale D\u00e4mpfung bei allen L\u00e4ufen entwickelt wurde, auch bei Regen.\" \/>\n<meta name=\"robots\" content=\"index, follow, max-snippet:-1, max-image-preview:large, max-video-preview:-1\" \/>\n<link rel=\"canonical\" href=\"https:\/\/www.miomiorun.com\/de\/produkt\/triumph-23-gtx-herren\/\" \/>\n<meta property=\"og:locale\" content=\"de_DE\" \/>\n<meta property=\"og:type\" content=\"article\" \/>\n<meta property=\"og:title\" content=\"Saucony Triumph 23 GTX herren -Laufschuhe f\u00fcr Herren - MioMioRun.com\" \/>\n<meta property=\"og:description\" content=\"Der neue Triumph 23 ist ein Laufschuh, der f\u00fcr eine optimale D\u00e4mpfung bei allen L\u00e4ufen entwickelt wurde, auch bei Regen.\" \/>\n<meta property=\"og:url\" content=\"https:\/\/www.miomiorun.com\/de\/produkt\/triumph-23-gtx-herren\/\" \/>\n<meta property=\"og:site_name\" content=\"MioMioRun\" \/>\n<meta property=\"article:publisher\" content=\"https:\/\/www.facebook.com\/miomiorun\/\" \/>\n<meta property=\"article:modified_time\" content=\"2026-04-17T08:49:36+00:00\" \/>\n<meta property=\"og:image\" content=\"https:\/\/www.miomiorun.com\/app\/uploads\/2025\/09\/saucony-Triumph-23-GTX-black-regal-S21025-01.webp\" \/>\n\t<meta property=\"og:image:width\" content=\"720\" \/>\n\t<meta property=\"og:image:height\" content=\"720\" \/>\n\t<meta property=\"og:image:type\" content=\"image\/webp\" \/>\n<meta name=\"twitter:card\" content=\"summary_large_image\" \/>\n<meta name=\"twitter:label1\" content=\"Est. reading time\" \/>\n\t<meta name=\"twitter:data1\" content=\"1 minute\" \/>\n<script type=\"application\/ld+json\" class=\"yoast-schema-graph\">{\"@context\":\"https:\/\/schema.org\",\"@graph\":[{\"@type\":\"WebPage\",\"@id\":\"https:\/\/www.miomiorun.com\/de\/produkt\/triumph-23-gtx-herren\/\",\"url\":\"https:\/\/www.miomiorun.com\/de\/produkt\/triumph-23-gtx-herren\/\",\"name\":\"Saucony Triumph 23 GTX herren -Laufschuhe f\u00fcr Herren - MioMioRun.com\",\"isPartOf\":{\"@id\":\"https:\/\/www.miomiorun.com\/de\/#website\"},\"primaryImageOfPage\":{\"@id\":\"https:\/\/www.miomiorun.com\/de\/produkt\/triumph-23-gtx-herren\/#primaryimage\"},\"image\":{\"@id\":\"https:\/\/www.miomiorun.com\/de\/produkt\/triumph-23-gtx-herren\/#primaryimage\"},\"thumbnailUrl\":\"https:\/\/www.miomiorun.com\/app\/uploads\/2025\/09\/saucony-Triumph-23-GTX-black-regal-S21025-01.webp\",\"datePublished\":\"2025-09-12T08:40:57+00:00\",\"dateModified\":\"2026-04-17T08:49:36+00:00\",\"description\":\"Der neue Triumph 23 ist ein Laufschuh, der f\u00fcr eine optimale D\u00e4mpfung bei allen L\u00e4ufen entwickelt wurde, auch bei Regen.\",\"breadcrumb\":{\"@id\":\"https:\/\/www.miomiorun.com\/de\/produkt\/triumph-23-gtx-herren\/#breadcrumb\"},\"inLanguage\":\"de-DE\",\"potentialAction\":[{\"@type\":\"ReadAction\",\"target\":[\"https:\/\/www.miomiorun.com\/de\/produkt\/triumph-23-gtx-herren\/\"]}]},{\"@type\":\"ImageObject\",\"inLanguage\":\"de-DE\",\"@id\":\"https:\/\/www.miomiorun.com\/de\/produkt\/triumph-23-gtx-herren\/#primaryimage\",\"url\":\"https:\/\/www.miomiorun.com\/app\/uploads\/2025\/09\/saucony-Triumph-23-GTX-black-regal-S21025-01.webp\",\"contentUrl\":\"https:\/\/www.miomiorun.com\/app\/uploads\/2025\/09\/saucony-Triumph-23-GTX-black-regal-S21025-01.webp\",\"width\":720,\"height\":720,\"caption\":\"saucony Triumph 23 GTX black regal S21025-01\"},{\"@type\":\"BreadcrumbList\",\"@id\":\"https:\/\/www.miomiorun.com\/de\/produkt\/triumph-23-gtx-herren\/#breadcrumb\",\"itemListElement\":[{\"@type\":\"ListItem\",\"position\":1,\"name\":\"Home\",\"item\":\"https:\/\/www.miomiorun.com\/de\/\"},{\"@type\":\"ListItem\",\"position\":2,\"name\":\"Shop\",\"item\":\"https:\/\/www.miomiorun.com\/shop\/\"},{\"@type\":\"ListItem\",\"position\":3,\"name\":\"Triumph 23 GTX herren\"}]},{\"@type\":\"WebSite\",\"@id\":\"https:\/\/www.miomiorun.com\/de\/#website\",\"url\":\"https:\/\/www.miomiorun.com\/de\/\",\"name\":\"MioMioRun\",\"description\":\"100% Lauf- und Trailshop\",\"publisher\":{\"@id\":\"https:\/\/www.miomiorun.com\/de\/#organization\"},\"potentialAction\":[{\"@type\":\"SearchAction\",\"target\":{\"@type\":\"EntryPoint\",\"urlTemplate\":\"https:\/\/www.miomiorun.com\/de\/?s={search_term_string}\"},\"query-input\":{\"@type\":\"PropertyValueSpecification\",\"valueRequired\":true,\"valueName\":\"search_term_string\"}}],\"inLanguage\":\"de-DE\"},{\"@type\":\"Organization\",\"@id\":\"https:\/\/www.miomiorun.com\/de\/#organization\",\"name\":\"MioMio Run\",\"url\":\"https:\/\/www.miomiorun.com\/de\/\",\"logo\":{\"@type\":\"ImageObject\",\"inLanguage\":\"de-DE\",\"@id\":\"https:\/\/www.miomiorun.com\/de\/#\/schema\/logo\/image\/\",\"url\":\"https:\/\/www.miomiorun.com\/app\/uploads\/2019\/12\/logomio.png\",\"contentUrl\":\"https:\/\/www.miomiorun.com\/app\/uploads\/2019\/12\/logomio.png\",\"width\":115,\"height\":82,\"caption\":\"MioMio Run\"},\"image\":{\"@id\":\"https:\/\/www.miomiorun.com\/de\/#\/schema\/logo\/image\/\"},\"sameAs\":[\"https:\/\/www.facebook.com\/miomiorun\/\",\"https:\/\/www.instagram.com\/miomiorun\/\"]}]}<\/script>\n<!-- \/ Yoast SEO plugin. -->","yoast_head_json":{"title":"Saucony Triumph 23 GTX herren -Laufschuhe f\u00fcr Herren - MioMioRun.com","description":"Der neue Triumph 23 ist ein Laufschuh, der f\u00fcr eine optimale D\u00e4mpfung bei allen L\u00e4ufen entwickelt wurde, auch bei Regen.","robots":{"index":"index","follow":"follow","max-snippet":"max-snippet:-1","max-image-preview":"max-image-preview:large","max-video-preview":"max-video-preview:-1"},"canonical":"https:\/\/www.miomiorun.com\/de\/produkt\/triumph-23-gtx-herren\/","og_locale":"de_DE","og_type":"article","og_title":"Saucony Triumph 23 GTX herren -Laufschuhe f\u00fcr Herren - MioMioRun.com","og_description":"Der neue Triumph 23 ist ein Laufschuh, der f\u00fcr eine optimale D\u00e4mpfung bei allen L\u00e4ufen entwickelt wurde, auch bei Regen.","og_url":"https:\/\/www.miomiorun.com\/de\/produkt\/triumph-23-gtx-herren\/","og_site_name":"MioMioRun","article_publisher":"https:\/\/www.facebook.com\/miomiorun\/","article_modified_time":"2026-04-17T08:49:36+00:00","og_image":[{"width":720,"height":720,"url":"https:\/\/www.miomiorun.com\/app\/uploads\/2025\/09\/saucony-Triumph-23-GTX-black-regal-S21025-01.webp","type":"image\/webp"}],"twitter_card":"summary_large_image","twitter_misc":{"Est. reading time":"1 minute"},"schema":{"@context":"https:\/\/schema.org","@graph":[{"@type":"WebPage","@id":"https:\/\/www.miomiorun.com\/de\/produkt\/triumph-23-gtx-herren\/","url":"https:\/\/www.miomiorun.com\/de\/produkt\/triumph-23-gtx-herren\/","name":"Saucony Triumph 23 GTX herren -Laufschuhe f\u00fcr Herren - MioMioRun.com","isPartOf":{"@id":"https:\/\/www.miomiorun.com\/de\/#website"},"primaryImageOfPage":{"@id":"https:\/\/www.miomiorun.com\/de\/produkt\/triumph-23-gtx-herren\/#primaryimage"},"image":{"@id":"https:\/\/www.miomiorun.com\/de\/produkt\/triumph-23-gtx-herren\/#primaryimage"},"thumbnailUrl":"https:\/\/www.miomiorun.com\/app\/uploads\/2025\/09\/saucony-Triumph-23-GTX-black-regal-S21025-01.webp","datePublished":"2025-09-12T08:40:57+00:00","dateModified":"2026-04-17T08:49:36+00:00","description":"Der neue Triumph 23 ist ein Laufschuh, der f\u00fcr eine optimale D\u00e4mpfung bei allen L\u00e4ufen entwickelt wurde, auch bei Regen.","breadcrumb":{"@id":"https:\/\/www.miomiorun.com\/de\/produkt\/triumph-23-gtx-herren\/#breadcrumb"},"inLanguage":"de-DE","potentialAction":[{"@type":"ReadAction","target":["https:\/\/www.miomiorun.com\/de\/produkt\/triumph-23-gtx-herren\/"]}]},{"@type":"ImageObject","inLanguage":"de-DE","@id":"https:\/\/www.miomiorun.com\/de\/produkt\/triumph-23-gtx-herren\/#primaryimage","url":"https:\/\/www.miomiorun.com\/app\/uploads\/2025\/09\/saucony-Triumph-23-GTX-black-regal-S21025-01.webp","contentUrl":"https:\/\/www.miomiorun.com\/app\/uploads\/2025\/09\/saucony-Triumph-23-GTX-black-regal-S21025-01.webp","width":720,"height":720,"caption":"saucony Triumph 23 GTX black regal S21025-01"},{"@type":"BreadcrumbList","@id":"https:\/\/www.miomiorun.com\/de\/produkt\/triumph-23-gtx-herren\/#breadcrumb","itemListElement":[{"@type":"ListItem","position":1,"name":"Home","item":"https:\/\/www.miomiorun.com\/de\/"},{"@type":"ListItem","position":2,"name":"Shop","item":"https:\/\/www.miomiorun.com\/shop\/"},{"@type":"ListItem","position":3,"name":"Triumph 23 GTX herren"}]},{"@type":"WebSite","@id":"https:\/\/www.miomiorun.com\/de\/#website","url":"https:\/\/www.miomiorun.com\/de\/","name":"MioMioRun","description":"100% Lauf- und Trailshop","publisher":{"@id":"https:\/\/www.miomiorun.com\/de\/#organization"},"potentialAction":[{"@type":"SearchAction","target":{"@type":"EntryPoint","urlTemplate":"https:\/\/www.miomiorun.com\/de\/?s={search_term_string}"},"query-input":{"@type":"PropertyValueSpecification","valueRequired":true,"valueName":"search_term_string"}}],"inLanguage":"de-DE"},{"@type":"Organization","@id":"https:\/\/www.miomiorun.com\/de\/#organization","name":"MioMio Run","url":"https:\/\/www.miomiorun.com\/de\/","logo":{"@type":"ImageObject","inLanguage":"de-DE","@id":"https:\/\/www.miomiorun.com\/de\/#\/schema\/logo\/image\/","url":"https:\/\/www.miomiorun.com\/app\/uploads\/2019\/12\/logomio.png","contentUrl":"https:\/\/www.miomiorun.com\/app\/uploads\/2019\/12\/logomio.png","width":115,"height":82,"caption":"MioMio Run"},"image":{"@id":"https:\/\/www.miomiorun.com\/de\/#\/schema\/logo\/image\/"},"sameAs":["https:\/\/www.facebook.com\/miomiorun\/","https:\/\/www.instagram.com\/miomiorun\/"]}]}},"_links":{"self":[{"href":"https:\/\/www.miomiorun.com\/de\/wp-json\/wp\/v2\/product\/349773","targetHints":{"allow":["GET"]}}],"collection":[{"href":"https:\/\/www.miomiorun.com\/de\/wp-json\/wp\/v2\/product"}],"about":[{"href":"https:\/\/www.miomiorun.com\/de\/wp-json\/wp\/v2\/types\/product"}],"wp:featuredmedia":[{"embeddable":true,"href":"https:\/\/www.miomiorun.com\/de\/wp-json\/wp\/v2\/media\/351677"}],"wp:attachment":[{"href":"https:\/\/www.miomiorun.com\/de\/wp-json\/wp\/v2\/media?parent=349773"}],"wp:term":[{"taxonomy":"product_brand","embeddable":true,"href":"https:\/\/www.miomiorun.com\/de\/wp-json\/wp\/v2\/product_brand?post=349773"},{"taxonomy":"product_cat","embeddable":true,"href":"https:\/\/www.miomiorun.com\/de\/wp-json\/wp\/v2\/product_cat?post=349773"},{"taxonomy":"product_tag","embeddable":true,"href":"https:\/\/www.miomiorun.com\/de\/wp-json\/wp\/v2\/product_tag?post=349773"}],"curies":[{"name":"wp","href":"https:\/\/api.w.org\/{rel}","templated":true}]}}