{"id":348814,"date":"2025-09-12T09:39:36","date_gmt":"2025-09-12T07:39:36","guid":{"rendered":"https:\/\/www.miomiorun.com\/?post_type=product&#038;p=348814"},"modified":"2026-05-09T10:08:48","modified_gmt":"2026-05-09T08:08:48","slug":"surge-3-herren","status":"publish","type":"product","link":"https:\/\/www.miomiorun.com\/de\/produkt\/surge-3-herren\/","title":{"rendered":"Surge 3 herren"},"content":{"rendered":"<div class=\"vc-row container\"><div class=\"vc-column\"><div class=\"vc-column-text\"><\/p>\n<h4>Technische Daten<\/h4>\n<p>Kategorie: Maximale D\u00e4mpfung<br \/>\nOffset: 10 mm (27\/17)<br \/>\nGewicht: 293 g<br \/>\nIdeal f\u00fcr: Sportler mit durchschnittlichem Gewicht und durchschnittlichem Laufstil, die eine optimale D\u00e4mpfung f\u00fcr Trainingseinheiten oder Wettk\u00e4mpfe \u00fcber mittlere bis lange Distanzen suchen. Der Schuh eignet sich auch hervorragend zum Wandern.<br \/>\nGewicht des Sportlers: 60-75 kg<br \/>\nLaufstil: 5 min\/kg<br \/>\n<a href=\"https:\/\/miomiorun.com\/guida-alle-specifiche-tecniche\/\">Leitfaden zu den technischen Daten<\/a><\/p>\n<p><\/div><\/div><div class=\"vc-column\"><div class=\"vc-column-text\"><\/p>\n<p>Bew\u00e4ltigen Sie die t\u00e4glichen Kilometer mit Komfort und Reaktionsf\u00e4higkeit. Der neue Surge 3 ist der Laufschuh f\u00fcr den t\u00e4glichen Gebrauch, der maximale D\u00e4mpfung, \u00fcberlegene Energier\u00fcckgabe und eine atmungsaktive Passform bietet. Dank der PWRRUN+-Zwischensohle ist jeder Schritt gesch\u00fctzt und dennoch dynamisch, w\u00e4hrend das Obermaterial aus technischem Mesh f\u00fcr Frische und lang anhaltenden Komfort sorgt. Die Carbon-Gummisohle gew\u00e4hrleistet optimale Haltbarkeit und Traktion auf jedem Untergrund.<\/p>\n<p>Der Surge 3 ist in Herren- und Damenausf\u00fchrungen erh\u00e4ltlich und vereint Leistung, Leichtigkeit und Nachhaltigkeit mit recycelten Materialien und einer veganen Konstruktion.<\/p>\n<p><strong>Technische Details:<\/strong><br \/>\n&#8211; D\u00e4mpfung: PWRRUN+ f\u00fcr Komfort und Energier\u00fcckgabe<br \/>\n&#8211; Sohle: Karbongummi f\u00fcr maximale Haltbarkeit und Griffigkeit<br \/>\n&#8211; Obermaterial: atmungsaktives technisches Mesh<br \/>\n&#8211; Innensohle: mit TPU-Rand f\u00fcr zus\u00e4tzlichen Halt<\/p>\n<p><\/div><\/div><\/div>\n","protected":false},"excerpt":{"rendered":"<p>&#8211; Alltags-Laufschuh mit weicher und reaktionsfreudiger PWRRUN+-D\u00e4mpfung<br \/>\n&#8211; Vollst\u00e4ndig aus Karbongummi gefertigte Au\u00dfensohle f\u00fcr \u00fcberragende Haltbarkeit und Traktion<br \/>\n&#8211; Obermaterial aus atmungsaktivem Funktionsmesh f\u00fcr ganzt\u00e4gigen Tragekomfort<br \/>\n&#8211; Einlegesohle mit TPU-Rand f\u00fcr mehr Stabilit\u00e4t und Halt<\/p>\n","protected":false},"featured_media":351827,"template":"","meta":{"_acf_changed":false,"inline_featured_image":false},"product_brand":[],"product_cat":[6507,6506],"product_tag":[3391,6311],"class_list":{"0":"post-348814","1":"product","2":"type-product","3":"status-publish","4":"has-post-thumbnail","6":"product_cat-herren-schuhe-de","7":"product_cat-neutrale-herren-schuhe-de","8":"product_tag-saucony-de","9":"product_tag-saucony-herren-de","10":"pa_attivita-gehen","11":"pa_attivita-lifestyle-de","12":"pa_attivita-running-de","13":"pa_colore-surge-3-white-lapis-de","14":"pa_marca-saucony-de","15":"pa_sesso-herren","16":"pa_size-41-de","17":"pa_size-42-de","18":"pa_size-44-5-de","19":"pa_size-45-de","20":"pa_size-46-de","21":"pa_size-46-5-de","23":"first","24":"instock","25":"sale","26":"taxable","27":"shipping-taxable","28":"purchasable","29":"product-type-variable","30":"wvs-archive-product-wrapper"},"acf":[],"yoast_head":"<!-- This site is optimized with the Yoast SEO plugin v26.8 - https:\/\/yoast.com\/product\/yoast-seo-wordpress\/ -->\n<title>Saucony Surge 3 herren - Laufschuhe f\u00fcr Herren - MioMioRun<\/title>\n<meta name=\"description\" content=\"Der Saucony Surge 3 ist ein Laufschuh f\u00fcr den t\u00e4glichen Gebrauch mit maximaler PWRRUN+-D\u00e4mpfung, einem Obermaterial aus technischem Mesh und einer Sohle aus Karbongummi. Leicht und reaktionsfreudig.\" \/>\n<meta name=\"robots\" content=\"index, follow, max-snippet:-1, max-image-preview:large, max-video-preview:-1\" \/>\n<link rel=\"canonical\" href=\"https:\/\/www.miomiorun.com\/de\/produkt\/surge-3-herren\/\" \/>\n<meta property=\"og:locale\" content=\"de_DE\" \/>\n<meta property=\"og:type\" content=\"article\" \/>\n<meta property=\"og:title\" content=\"Saucony Surge 3 herren - Laufschuhe f\u00fcr Herren - MioMioRun\" \/>\n<meta property=\"og:description\" content=\"Der Saucony Surge 3 ist ein Laufschuh f\u00fcr den t\u00e4glichen Gebrauch mit maximaler PWRRUN+-D\u00e4mpfung, einem Obermaterial aus technischem Mesh und einer Sohle aus Karbongummi. Leicht und reaktionsfreudig.\" \/>\n<meta property=\"og:url\" content=\"https:\/\/www.miomiorun.com\/de\/produkt\/surge-3-herren\/\" \/>\n<meta property=\"og:site_name\" content=\"MioMioRun\" \/>\n<meta property=\"article:publisher\" content=\"https:\/\/www.facebook.com\/miomiorun\/\" \/>\n<meta property=\"article:modified_time\" content=\"2026-05-09T08:08:48+00:00\" \/>\n<meta property=\"og:image\" content=\"https:\/\/www.miomiorun.com\/app\/uploads\/2025\/09\/saucony-Surge-3-white-lapis-S28215-286.webp\" \/>\n\t<meta property=\"og:image:width\" content=\"720\" \/>\n\t<meta property=\"og:image:height\" content=\"720\" \/>\n\t<meta property=\"og:image:type\" content=\"image\/webp\" \/>\n<meta name=\"twitter:card\" content=\"summary_large_image\" \/>\n<meta name=\"twitter:label1\" content=\"Est. reading time\" \/>\n\t<meta name=\"twitter:data1\" content=\"2 minutes\" \/>\n<script type=\"application\/ld+json\" class=\"yoast-schema-graph\">{\"@context\":\"https:\/\/schema.org\",\"@graph\":[{\"@type\":\"WebPage\",\"@id\":\"https:\/\/www.miomiorun.com\/de\/produkt\/surge-3-herren\/\",\"url\":\"https:\/\/www.miomiorun.com\/de\/produkt\/surge-3-herren\/\",\"name\":\"Saucony Surge 3 herren - Laufschuhe f\u00fcr Herren - MioMioRun\",\"isPartOf\":{\"@id\":\"https:\/\/www.miomiorun.com\/de\/#website\"},\"primaryImageOfPage\":{\"@id\":\"https:\/\/www.miomiorun.com\/de\/produkt\/surge-3-herren\/#primaryimage\"},\"image\":{\"@id\":\"https:\/\/www.miomiorun.com\/de\/produkt\/surge-3-herren\/#primaryimage\"},\"thumbnailUrl\":\"https:\/\/www.miomiorun.com\/app\/uploads\/2025\/09\/saucony-Surge-3-white-lapis-S28215-286.webp\",\"datePublished\":\"2025-09-12T07:39:36+00:00\",\"dateModified\":\"2026-05-09T08:08:48+00:00\",\"description\":\"Der Saucony Surge 3 ist ein Laufschuh f\u00fcr den t\u00e4glichen Gebrauch mit maximaler PWRRUN+-D\u00e4mpfung, einem Obermaterial aus technischem Mesh und einer Sohle aus Karbongummi. Leicht und reaktionsfreudig.\",\"breadcrumb\":{\"@id\":\"https:\/\/www.miomiorun.com\/de\/produkt\/surge-3-herren\/#breadcrumb\"},\"inLanguage\":\"de-DE\",\"potentialAction\":[{\"@type\":\"ReadAction\",\"target\":[\"https:\/\/www.miomiorun.com\/de\/produkt\/surge-3-herren\/\"]}]},{\"@type\":\"ImageObject\",\"inLanguage\":\"de-DE\",\"@id\":\"https:\/\/www.miomiorun.com\/de\/produkt\/surge-3-herren\/#primaryimage\",\"url\":\"https:\/\/www.miomiorun.com\/app\/uploads\/2025\/09\/saucony-Surge-3-white-lapis-S28215-286.webp\",\"contentUrl\":\"https:\/\/www.miomiorun.com\/app\/uploads\/2025\/09\/saucony-Surge-3-white-lapis-S28215-286.webp\",\"width\":720,\"height\":720,\"caption\":\"saucony Surge 3 white lapis S28215-286\"},{\"@type\":\"BreadcrumbList\",\"@id\":\"https:\/\/www.miomiorun.com\/de\/produkt\/surge-3-herren\/#breadcrumb\",\"itemListElement\":[{\"@type\":\"ListItem\",\"position\":1,\"name\":\"Home\",\"item\":\"https:\/\/www.miomiorun.com\/de\/\"},{\"@type\":\"ListItem\",\"position\":2,\"name\":\"Shop\",\"item\":\"https:\/\/www.miomiorun.com\/shop\/\"},{\"@type\":\"ListItem\",\"position\":3,\"name\":\"Surge 3 herren\"}]},{\"@type\":\"WebSite\",\"@id\":\"https:\/\/www.miomiorun.com\/de\/#website\",\"url\":\"https:\/\/www.miomiorun.com\/de\/\",\"name\":\"MioMioRun\",\"description\":\"100% Lauf- und Trailshop\",\"publisher\":{\"@id\":\"https:\/\/www.miomiorun.com\/de\/#organization\"},\"potentialAction\":[{\"@type\":\"SearchAction\",\"target\":{\"@type\":\"EntryPoint\",\"urlTemplate\":\"https:\/\/www.miomiorun.com\/de\/?s={search_term_string}\"},\"query-input\":{\"@type\":\"PropertyValueSpecification\",\"valueRequired\":true,\"valueName\":\"search_term_string\"}}],\"inLanguage\":\"de-DE\"},{\"@type\":\"Organization\",\"@id\":\"https:\/\/www.miomiorun.com\/de\/#organization\",\"name\":\"MioMio Run\",\"url\":\"https:\/\/www.miomiorun.com\/de\/\",\"logo\":{\"@type\":\"ImageObject\",\"inLanguage\":\"de-DE\",\"@id\":\"https:\/\/www.miomiorun.com\/de\/#\/schema\/logo\/image\/\",\"url\":\"https:\/\/www.miomiorun.com\/app\/uploads\/2019\/12\/logomio.png\",\"contentUrl\":\"https:\/\/www.miomiorun.com\/app\/uploads\/2019\/12\/logomio.png\",\"width\":115,\"height\":82,\"caption\":\"MioMio Run\"},\"image\":{\"@id\":\"https:\/\/www.miomiorun.com\/de\/#\/schema\/logo\/image\/\"},\"sameAs\":[\"https:\/\/www.facebook.com\/miomiorun\/\",\"https:\/\/www.instagram.com\/miomiorun\/\"]}]}<\/script>\n<!-- \/ Yoast SEO plugin. -->","yoast_head_json":{"title":"Saucony Surge 3 herren - Laufschuhe f\u00fcr Herren - MioMioRun","description":"Der Saucony Surge 3 ist ein Laufschuh f\u00fcr den t\u00e4glichen Gebrauch mit maximaler PWRRUN+-D\u00e4mpfung, einem Obermaterial aus technischem Mesh und einer Sohle aus Karbongummi. Leicht und reaktionsfreudig.","robots":{"index":"index","follow":"follow","max-snippet":"max-snippet:-1","max-image-preview":"max-image-preview:large","max-video-preview":"max-video-preview:-1"},"canonical":"https:\/\/www.miomiorun.com\/de\/produkt\/surge-3-herren\/","og_locale":"de_DE","og_type":"article","og_title":"Saucony Surge 3 herren - Laufschuhe f\u00fcr Herren - MioMioRun","og_description":"Der Saucony Surge 3 ist ein Laufschuh f\u00fcr den t\u00e4glichen Gebrauch mit maximaler PWRRUN+-D\u00e4mpfung, einem Obermaterial aus technischem Mesh und einer Sohle aus Karbongummi. Leicht und reaktionsfreudig.","og_url":"https:\/\/www.miomiorun.com\/de\/produkt\/surge-3-herren\/","og_site_name":"MioMioRun","article_publisher":"https:\/\/www.facebook.com\/miomiorun\/","article_modified_time":"2026-05-09T08:08:48+00:00","og_image":[{"width":720,"height":720,"url":"https:\/\/www.miomiorun.com\/app\/uploads\/2025\/09\/saucony-Surge-3-white-lapis-S28215-286.webp","type":"image\/webp"}],"twitter_card":"summary_large_image","twitter_misc":{"Est. reading time":"2 minutes"},"schema":{"@context":"https:\/\/schema.org","@graph":[{"@type":"WebPage","@id":"https:\/\/www.miomiorun.com\/de\/produkt\/surge-3-herren\/","url":"https:\/\/www.miomiorun.com\/de\/produkt\/surge-3-herren\/","name":"Saucony Surge 3 herren - Laufschuhe f\u00fcr Herren - MioMioRun","isPartOf":{"@id":"https:\/\/www.miomiorun.com\/de\/#website"},"primaryImageOfPage":{"@id":"https:\/\/www.miomiorun.com\/de\/produkt\/surge-3-herren\/#primaryimage"},"image":{"@id":"https:\/\/www.miomiorun.com\/de\/produkt\/surge-3-herren\/#primaryimage"},"thumbnailUrl":"https:\/\/www.miomiorun.com\/app\/uploads\/2025\/09\/saucony-Surge-3-white-lapis-S28215-286.webp","datePublished":"2025-09-12T07:39:36+00:00","dateModified":"2026-05-09T08:08:48+00:00","description":"Der Saucony Surge 3 ist ein Laufschuh f\u00fcr den t\u00e4glichen Gebrauch mit maximaler PWRRUN+-D\u00e4mpfung, einem Obermaterial aus technischem Mesh und einer Sohle aus Karbongummi. Leicht und reaktionsfreudig.","breadcrumb":{"@id":"https:\/\/www.miomiorun.com\/de\/produkt\/surge-3-herren\/#breadcrumb"},"inLanguage":"de-DE","potentialAction":[{"@type":"ReadAction","target":["https:\/\/www.miomiorun.com\/de\/produkt\/surge-3-herren\/"]}]},{"@type":"ImageObject","inLanguage":"de-DE","@id":"https:\/\/www.miomiorun.com\/de\/produkt\/surge-3-herren\/#primaryimage","url":"https:\/\/www.miomiorun.com\/app\/uploads\/2025\/09\/saucony-Surge-3-white-lapis-S28215-286.webp","contentUrl":"https:\/\/www.miomiorun.com\/app\/uploads\/2025\/09\/saucony-Surge-3-white-lapis-S28215-286.webp","width":720,"height":720,"caption":"saucony Surge 3 white lapis S28215-286"},{"@type":"BreadcrumbList","@id":"https:\/\/www.miomiorun.com\/de\/produkt\/surge-3-herren\/#breadcrumb","itemListElement":[{"@type":"ListItem","position":1,"name":"Home","item":"https:\/\/www.miomiorun.com\/de\/"},{"@type":"ListItem","position":2,"name":"Shop","item":"https:\/\/www.miomiorun.com\/shop\/"},{"@type":"ListItem","position":3,"name":"Surge 3 herren"}]},{"@type":"WebSite","@id":"https:\/\/www.miomiorun.com\/de\/#website","url":"https:\/\/www.miomiorun.com\/de\/","name":"MioMioRun","description":"100% Lauf- und Trailshop","publisher":{"@id":"https:\/\/www.miomiorun.com\/de\/#organization"},"potentialAction":[{"@type":"SearchAction","target":{"@type":"EntryPoint","urlTemplate":"https:\/\/www.miomiorun.com\/de\/?s={search_term_string}"},"query-input":{"@type":"PropertyValueSpecification","valueRequired":true,"valueName":"search_term_string"}}],"inLanguage":"de-DE"},{"@type":"Organization","@id":"https:\/\/www.miomiorun.com\/de\/#organization","name":"MioMio Run","url":"https:\/\/www.miomiorun.com\/de\/","logo":{"@type":"ImageObject","inLanguage":"de-DE","@id":"https:\/\/www.miomiorun.com\/de\/#\/schema\/logo\/image\/","url":"https:\/\/www.miomiorun.com\/app\/uploads\/2019\/12\/logomio.png","contentUrl":"https:\/\/www.miomiorun.com\/app\/uploads\/2019\/12\/logomio.png","width":115,"height":82,"caption":"MioMio Run"},"image":{"@id":"https:\/\/www.miomiorun.com\/de\/#\/schema\/logo\/image\/"},"sameAs":["https:\/\/www.facebook.com\/miomiorun\/","https:\/\/www.instagram.com\/miomiorun\/"]}]}},"_links":{"self":[{"href":"https:\/\/www.miomiorun.com\/de\/wp-json\/wp\/v2\/product\/348814","targetHints":{"allow":["GET"]}}],"collection":[{"href":"https:\/\/www.miomiorun.com\/de\/wp-json\/wp\/v2\/product"}],"about":[{"href":"https:\/\/www.miomiorun.com\/de\/wp-json\/wp\/v2\/types\/product"}],"wp:featuredmedia":[{"embeddable":true,"href":"https:\/\/www.miomiorun.com\/de\/wp-json\/wp\/v2\/media\/351827"}],"wp:attachment":[{"href":"https:\/\/www.miomiorun.com\/de\/wp-json\/wp\/v2\/media?parent=348814"}],"wp:term":[{"taxonomy":"product_brand","embeddable":true,"href":"https:\/\/www.miomiorun.com\/de\/wp-json\/wp\/v2\/product_brand?post=348814"},{"taxonomy":"product_cat","embeddable":true,"href":"https:\/\/www.miomiorun.com\/de\/wp-json\/wp\/v2\/product_cat?post=348814"},{"taxonomy":"product_tag","embeddable":true,"href":"https:\/\/www.miomiorun.com\/de\/wp-json\/wp\/v2\/product_tag?post=348814"}],"curies":[{"name":"wp","href":"https:\/\/api.w.org\/{rel}","templated":true}]}}