{"id":348488,"date":"2025-09-11T18:51:54","date_gmt":"2025-09-11T16:51:54","guid":{"rendered":"https:\/\/www.miomiorun.com\/?post_type=product&#038;p=348488"},"modified":"2026-04-17T10:50:11","modified_gmt":"2026-04-17T08:50:11","slug":"sense-pro-6","status":"publish","type":"product","link":"https:\/\/www.miomiorun.com\/de\/produkt\/sense-pro-6\/","title":{"rendered":"Sense Pro 6"},"content":{"rendered":"<p>Von den steilsten Anstiegen bis zu den schnellsten Abfahrten \u2013 mit der Sense Pro 6 kannst du dich ganz auf das Laufen konzentrieren. Diese Weste wurde in Zusammenarbeit mit Spitzenathleten entwickelt und vereint Leichtigkeit, minimalistisches Design und intelligente Staurauml\u00f6sungen f\u00fcr alles, was du brauchst. Mit zwei mitgelieferten 500-ml-Trinkflaschen sorgt sie f\u00fcr konstante Fl\u00fcssigkeitszufuhr und Komfort auch auf Ultra-Distanzen von 50 bis 100 km.<\/p>\n<p>Die SensiFit\u2122-Technologie sorgt f\u00fcr Stabilit\u00e4t und Bewegungsfreiheit, wobei atmungsaktive Stoffe sich dem K\u00f6rper anpassen, ohne zu verrutschen. Dank des Quick Link-Systems ist die Anpassung auch in voller Aktion schnell und intuitiv. Die zahlreichen Taschen vorne und hinten bieten organisierten und leicht zug\u00e4nglichen Stauraum f\u00fcr Trinkflaschen, Verpflegung und Ausr\u00fcstung, w\u00e4hrend das Custom Quiver-System den Transport von St\u00f6cken schneller und stabiler macht.<\/p>\n<p><strong>Technische Details:<\/strong><br \/>\n&#8211; Volumen: 6 Liter<br \/>\n&#8211; Gewicht: 129 g (210 g mit Zubeh\u00f6r)<br \/>\n&#8211; Im Lieferumfang enthalten: 2 weiche 500-ml-Trinkflaschen von Salomon<br \/>\n&#8211; Passform: SensiFit\u2122 f\u00fcr Stabilit\u00e4t und atmungsaktiven Komfort<br \/>\n&#8211; Taschen: Fronttaschen mit Rei\u00dfverschluss, Flaschenhalter, gro\u00dfe R\u00fcckentasche mit doppeltem Zugang<br \/>\n&#8211; Quick Link-System f\u00fcr schnelles und verstellbares Schlie\u00dfen<br \/>\n&#8211; Robuste und zuverl\u00e4ssige YKK-Rei\u00dfverschl\u00fcsse<br \/>\n&#8211; Stockhalterung kompatibel mit Custom Quiver<br \/>\n&#8211; Zubeh\u00f6r: integrierte Sicherheitspfeife<br \/>\n&#8211; Materialien: Darlington-Netz, leichtes Power Mesh, 4-Wege-Stretch<br \/>\n&#8211; PFC-frei<\/p>\n<p>&nbsp;<\/p>\n<p>&nbsp;<\/p>\n","protected":false},"excerpt":{"rendered":"<p>&#8211; Leichter, minimalistischer Trailrunning-Rucksack, ideal f\u00fcr Distanzen von 50\u2013100 km<br \/>\n&#8211; SensiFit\u2122-Technologie: Stabilit\u00e4t und Komfort ohne St\u00f6\u00dfe<br \/>\n&#8211; Inklusive 2 weichen 500-ml-Trinkflaschen f\u00fcr konstante Fl\u00fcssigkeitszufuhr<\/p>\n","protected":false},"featured_media":365205,"template":"","meta":{"_acf_changed":false,"inline_featured_image":false},"product_brand":[],"product_cat":[6342,6396,6398],"product_tag":[20480,20485,20489],"class_list":{"0":"post-348488","1":"product","2":"type-product","3":"status-publish","4":"has-post-thumbnail","6":"product_cat-zubehoer","7":"product_cat-taschen-und-guertel-de","8":"product_cat-taschen-de","9":"product_tag-salomon-de","10":"product_tag-salomon-damen","11":"product_tag-salomon-herren","12":"pa_attivita-outdoor-de","13":"pa_attivita-trail-de","14":"pa_colore-sense-pro-6-set-black-de","15":"pa_marca-salomon-de","16":"pa_sesso-damen","17":"pa_sesso-herren","18":"pa_size-large-de","20":"first","21":"instock","22":"sale","23":"taxable","24":"shipping-taxable","25":"purchasable","26":"product-type-variable","27":"wvs-archive-product-wrapper"},"acf":[],"yoast_head":"<!-- This site is optimized with the Yoast SEO plugin v26.8 - https:\/\/yoast.com\/product\/yoast-seo-wordpress\/ -->\n<title>Salomon Sense Pro 6 - Laufrucksack - MioMioRun<\/title>\n<meta name=\"description\" content=\"Sense Pro 6 ist eine leichte und atmungsaktive 6-Liter-Trailrunning-Weste. Mit 2 Flaschen \u00e0 500 ml, leicht zug\u00e4nglichen Taschen und einem Stock-Tragesystem f\u00fcr L\u00e4ufe bis zu 100 km.\" \/>\n<meta name=\"robots\" content=\"index, follow, max-snippet:-1, max-image-preview:large, max-video-preview:-1\" \/>\n<link rel=\"canonical\" href=\"https:\/\/www.miomiorun.com\/de\/produkt\/sense-pro-6\/\" \/>\n<meta property=\"og:locale\" content=\"de_DE\" \/>\n<meta property=\"og:type\" content=\"article\" \/>\n<meta property=\"og:title\" content=\"Salomon Sense Pro 6 - Laufrucksack - MioMioRun\" \/>\n<meta property=\"og:description\" content=\"Sense Pro 6 ist eine leichte und atmungsaktive 6-Liter-Trailrunning-Weste. Mit 2 Flaschen \u00e0 500 ml, leicht zug\u00e4nglichen Taschen und einem Stock-Tragesystem f\u00fcr L\u00e4ufe bis zu 100 km.\" \/>\n<meta property=\"og:url\" content=\"https:\/\/www.miomiorun.com\/de\/produkt\/sense-pro-6\/\" \/>\n<meta property=\"og:site_name\" content=\"MioMioRun\" \/>\n<meta property=\"article:publisher\" content=\"https:\/\/www.facebook.com\/miomiorun\/\" \/>\n<meta property=\"article:modified_time\" content=\"2026-04-17T08:50:11+00:00\" \/>\n<meta property=\"og:image\" content=\"https:\/\/www.miomiorun.com\/app\/uploads\/2025\/10\/salomon-Sense-Pro-6-set-black-LC2318500.webp\" \/>\n\t<meta property=\"og:image:width\" content=\"720\" \/>\n\t<meta property=\"og:image:height\" content=\"720\" \/>\n\t<meta property=\"og:image:type\" content=\"image\/webp\" \/>\n<meta name=\"twitter:card\" content=\"summary_large_image\" \/>\n<meta name=\"twitter:label1\" content=\"Est. reading time\" \/>\n\t<meta name=\"twitter:data1\" content=\"1 minute\" \/>\n<script type=\"application\/ld+json\" class=\"yoast-schema-graph\">{\"@context\":\"https:\/\/schema.org\",\"@graph\":[{\"@type\":\"WebPage\",\"@id\":\"https:\/\/www.miomiorun.com\/de\/produkt\/sense-pro-6\/\",\"url\":\"https:\/\/www.miomiorun.com\/de\/produkt\/sense-pro-6\/\",\"name\":\"Salomon Sense Pro 6 - Laufrucksack - MioMioRun\",\"isPartOf\":{\"@id\":\"https:\/\/www.miomiorun.com\/de\/#website\"},\"primaryImageOfPage\":{\"@id\":\"https:\/\/www.miomiorun.com\/de\/produkt\/sense-pro-6\/#primaryimage\"},\"image\":{\"@id\":\"https:\/\/www.miomiorun.com\/de\/produkt\/sense-pro-6\/#primaryimage\"},\"thumbnailUrl\":\"https:\/\/www.miomiorun.com\/app\/uploads\/2025\/10\/salomon-Sense-Pro-6-set-black-LC2318500.webp\",\"datePublished\":\"2025-09-11T16:51:54+00:00\",\"dateModified\":\"2026-04-17T08:50:11+00:00\",\"description\":\"Sense Pro 6 ist eine leichte und atmungsaktive 6-Liter-Trailrunning-Weste. Mit 2 Flaschen \u00e0 500 ml, leicht zug\u00e4nglichen Taschen und einem Stock-Tragesystem f\u00fcr L\u00e4ufe bis zu 100 km.\",\"breadcrumb\":{\"@id\":\"https:\/\/www.miomiorun.com\/de\/produkt\/sense-pro-6\/#breadcrumb\"},\"inLanguage\":\"de-DE\",\"potentialAction\":[{\"@type\":\"ReadAction\",\"target\":[\"https:\/\/www.miomiorun.com\/de\/produkt\/sense-pro-6\/\"]}]},{\"@type\":\"ImageObject\",\"inLanguage\":\"de-DE\",\"@id\":\"https:\/\/www.miomiorun.com\/de\/produkt\/sense-pro-6\/#primaryimage\",\"url\":\"https:\/\/www.miomiorun.com\/app\/uploads\/2025\/10\/salomon-Sense-Pro-6-set-black-LC2318500.webp\",\"contentUrl\":\"https:\/\/www.miomiorun.com\/app\/uploads\/2025\/10\/salomon-Sense-Pro-6-set-black-LC2318500.webp\",\"width\":720,\"height\":720,\"caption\":\"salomon Sense Pro 6 set black LC2318500\"},{\"@type\":\"BreadcrumbList\",\"@id\":\"https:\/\/www.miomiorun.com\/de\/produkt\/sense-pro-6\/#breadcrumb\",\"itemListElement\":[{\"@type\":\"ListItem\",\"position\":1,\"name\":\"Home\",\"item\":\"https:\/\/www.miomiorun.com\/de\/\"},{\"@type\":\"ListItem\",\"position\":2,\"name\":\"Shop\",\"item\":\"https:\/\/www.miomiorun.com\/shop\/\"},{\"@type\":\"ListItem\",\"position\":3,\"name\":\"Sense Pro 6\"}]},{\"@type\":\"WebSite\",\"@id\":\"https:\/\/www.miomiorun.com\/de\/#website\",\"url\":\"https:\/\/www.miomiorun.com\/de\/\",\"name\":\"MioMioRun\",\"description\":\"100% Lauf- und Trailshop\",\"publisher\":{\"@id\":\"https:\/\/www.miomiorun.com\/de\/#organization\"},\"potentialAction\":[{\"@type\":\"SearchAction\",\"target\":{\"@type\":\"EntryPoint\",\"urlTemplate\":\"https:\/\/www.miomiorun.com\/de\/?s={search_term_string}\"},\"query-input\":{\"@type\":\"PropertyValueSpecification\",\"valueRequired\":true,\"valueName\":\"search_term_string\"}}],\"inLanguage\":\"de-DE\"},{\"@type\":\"Organization\",\"@id\":\"https:\/\/www.miomiorun.com\/de\/#organization\",\"name\":\"MioMio Run\",\"url\":\"https:\/\/www.miomiorun.com\/de\/\",\"logo\":{\"@type\":\"ImageObject\",\"inLanguage\":\"de-DE\",\"@id\":\"https:\/\/www.miomiorun.com\/de\/#\/schema\/logo\/image\/\",\"url\":\"https:\/\/www.miomiorun.com\/app\/uploads\/2019\/12\/logomio.png\",\"contentUrl\":\"https:\/\/www.miomiorun.com\/app\/uploads\/2019\/12\/logomio.png\",\"width\":115,\"height\":82,\"caption\":\"MioMio Run\"},\"image\":{\"@id\":\"https:\/\/www.miomiorun.com\/de\/#\/schema\/logo\/image\/\"},\"sameAs\":[\"https:\/\/www.facebook.com\/miomiorun\/\",\"https:\/\/www.instagram.com\/miomiorun\/\"]}]}<\/script>\n<!-- \/ Yoast SEO plugin. -->","yoast_head_json":{"title":"Salomon Sense Pro 6 - Laufrucksack - MioMioRun","description":"Sense Pro 6 ist eine leichte und atmungsaktive 6-Liter-Trailrunning-Weste. Mit 2 Flaschen \u00e0 500 ml, leicht zug\u00e4nglichen Taschen und einem Stock-Tragesystem f\u00fcr L\u00e4ufe bis zu 100 km.","robots":{"index":"index","follow":"follow","max-snippet":"max-snippet:-1","max-image-preview":"max-image-preview:large","max-video-preview":"max-video-preview:-1"},"canonical":"https:\/\/www.miomiorun.com\/de\/produkt\/sense-pro-6\/","og_locale":"de_DE","og_type":"article","og_title":"Salomon Sense Pro 6 - Laufrucksack - MioMioRun","og_description":"Sense Pro 6 ist eine leichte und atmungsaktive 6-Liter-Trailrunning-Weste. Mit 2 Flaschen \u00e0 500 ml, leicht zug\u00e4nglichen Taschen und einem Stock-Tragesystem f\u00fcr L\u00e4ufe bis zu 100 km.","og_url":"https:\/\/www.miomiorun.com\/de\/produkt\/sense-pro-6\/","og_site_name":"MioMioRun","article_publisher":"https:\/\/www.facebook.com\/miomiorun\/","article_modified_time":"2026-04-17T08:50:11+00:00","og_image":[{"width":720,"height":720,"url":"https:\/\/www.miomiorun.com\/app\/uploads\/2025\/10\/salomon-Sense-Pro-6-set-black-LC2318500.webp","type":"image\/webp"}],"twitter_card":"summary_large_image","twitter_misc":{"Est. reading time":"1 minute"},"schema":{"@context":"https:\/\/schema.org","@graph":[{"@type":"WebPage","@id":"https:\/\/www.miomiorun.com\/de\/produkt\/sense-pro-6\/","url":"https:\/\/www.miomiorun.com\/de\/produkt\/sense-pro-6\/","name":"Salomon Sense Pro 6 - Laufrucksack - MioMioRun","isPartOf":{"@id":"https:\/\/www.miomiorun.com\/de\/#website"},"primaryImageOfPage":{"@id":"https:\/\/www.miomiorun.com\/de\/produkt\/sense-pro-6\/#primaryimage"},"image":{"@id":"https:\/\/www.miomiorun.com\/de\/produkt\/sense-pro-6\/#primaryimage"},"thumbnailUrl":"https:\/\/www.miomiorun.com\/app\/uploads\/2025\/10\/salomon-Sense-Pro-6-set-black-LC2318500.webp","datePublished":"2025-09-11T16:51:54+00:00","dateModified":"2026-04-17T08:50:11+00:00","description":"Sense Pro 6 ist eine leichte und atmungsaktive 6-Liter-Trailrunning-Weste. Mit 2 Flaschen \u00e0 500 ml, leicht zug\u00e4nglichen Taschen und einem Stock-Tragesystem f\u00fcr L\u00e4ufe bis zu 100 km.","breadcrumb":{"@id":"https:\/\/www.miomiorun.com\/de\/produkt\/sense-pro-6\/#breadcrumb"},"inLanguage":"de-DE","potentialAction":[{"@type":"ReadAction","target":["https:\/\/www.miomiorun.com\/de\/produkt\/sense-pro-6\/"]}]},{"@type":"ImageObject","inLanguage":"de-DE","@id":"https:\/\/www.miomiorun.com\/de\/produkt\/sense-pro-6\/#primaryimage","url":"https:\/\/www.miomiorun.com\/app\/uploads\/2025\/10\/salomon-Sense-Pro-6-set-black-LC2318500.webp","contentUrl":"https:\/\/www.miomiorun.com\/app\/uploads\/2025\/10\/salomon-Sense-Pro-6-set-black-LC2318500.webp","width":720,"height":720,"caption":"salomon Sense Pro 6 set black LC2318500"},{"@type":"BreadcrumbList","@id":"https:\/\/www.miomiorun.com\/de\/produkt\/sense-pro-6\/#breadcrumb","itemListElement":[{"@type":"ListItem","position":1,"name":"Home","item":"https:\/\/www.miomiorun.com\/de\/"},{"@type":"ListItem","position":2,"name":"Shop","item":"https:\/\/www.miomiorun.com\/shop\/"},{"@type":"ListItem","position":3,"name":"Sense Pro 6"}]},{"@type":"WebSite","@id":"https:\/\/www.miomiorun.com\/de\/#website","url":"https:\/\/www.miomiorun.com\/de\/","name":"MioMioRun","description":"100% Lauf- und Trailshop","publisher":{"@id":"https:\/\/www.miomiorun.com\/de\/#organization"},"potentialAction":[{"@type":"SearchAction","target":{"@type":"EntryPoint","urlTemplate":"https:\/\/www.miomiorun.com\/de\/?s={search_term_string}"},"query-input":{"@type":"PropertyValueSpecification","valueRequired":true,"valueName":"search_term_string"}}],"inLanguage":"de-DE"},{"@type":"Organization","@id":"https:\/\/www.miomiorun.com\/de\/#organization","name":"MioMio Run","url":"https:\/\/www.miomiorun.com\/de\/","logo":{"@type":"ImageObject","inLanguage":"de-DE","@id":"https:\/\/www.miomiorun.com\/de\/#\/schema\/logo\/image\/","url":"https:\/\/www.miomiorun.com\/app\/uploads\/2019\/12\/logomio.png","contentUrl":"https:\/\/www.miomiorun.com\/app\/uploads\/2019\/12\/logomio.png","width":115,"height":82,"caption":"MioMio Run"},"image":{"@id":"https:\/\/www.miomiorun.com\/de\/#\/schema\/logo\/image\/"},"sameAs":["https:\/\/www.facebook.com\/miomiorun\/","https:\/\/www.instagram.com\/miomiorun\/"]}]}},"_links":{"self":[{"href":"https:\/\/www.miomiorun.com\/de\/wp-json\/wp\/v2\/product\/348488","targetHints":{"allow":["GET"]}}],"collection":[{"href":"https:\/\/www.miomiorun.com\/de\/wp-json\/wp\/v2\/product"}],"about":[{"href":"https:\/\/www.miomiorun.com\/de\/wp-json\/wp\/v2\/types\/product"}],"wp:featuredmedia":[{"embeddable":true,"href":"https:\/\/www.miomiorun.com\/de\/wp-json\/wp\/v2\/media\/365205"}],"wp:attachment":[{"href":"https:\/\/www.miomiorun.com\/de\/wp-json\/wp\/v2\/media?parent=348488"}],"wp:term":[{"taxonomy":"product_brand","embeddable":true,"href":"https:\/\/www.miomiorun.com\/de\/wp-json\/wp\/v2\/product_brand?post=348488"},{"taxonomy":"product_cat","embeddable":true,"href":"https:\/\/www.miomiorun.com\/de\/wp-json\/wp\/v2\/product_cat?post=348488"},{"taxonomy":"product_tag","embeddable":true,"href":"https:\/\/www.miomiorun.com\/de\/wp-json\/wp\/v2\/product_tag?post=348488"}],"curies":[{"name":"wp","href":"https:\/\/api.w.org\/{rel}","templated":true}]}}