{"id":348353,"date":"2025-09-11T18:39:26","date_gmt":"2025-09-11T16:39:26","guid":{"rendered":"https:\/\/www.miomiorun.com\/?post_type=product&#038;p=348353"},"modified":"2026-04-17T10:50:23","modified_gmt":"2026-04-17T08:50:23","slug":"s-lab-ultra-glide-1-5","status":"publish","type":"product","link":"https:\/\/www.miomiorun.com\/de\/produkt\/s-lab-ultra-glide-1-5\/","title":{"rendered":"S\/LAB Ultra Glide 1.5"},"content":{"rendered":"<div class=\"vc-row container\"><div class=\"vc-column\"><div class=\"vc-column-text\"><\/p>\n<h4>Technische Daten<\/h4>\n<p>Kategorie: Maximale D\u00e4mpfung<\/p>\n<p>Gewicht: 290 g<\/p>\n<p>Sprengung: 6 mm<\/p>\n<p>Ideal f\u00fcr: L\u00e4ufer, die eine Kombination aus maximaler D\u00e4mpfung, Fu\u00dfschutz und au\u00dfergew\u00f6hnlichem Komfort auf gemischtem Gel\u00e4nde suchen<br \/>\n<a href=\"https:\/\/miomiorun.com\/guida-alle-specifiche-tecniche\/\">Leitfaden zu den technischen Daten<\/a><\/p>\n<p><\/div><\/div><div class=\"vc-column\"><div class=\"vc-column-text\"><\/p>\n<div><\/div>\n<div>\n<p>Bew\u00e4ltigen Sie lange Strecken mit der perfekten Mischung aus Komfort und Dynamik des neuen S\/LAB Ultra Glide 1.5. Er wurde entwickelt, um Sie vom ersten bis zum letzten Kilometer zu begleiten, und kombiniert weiche, reaktionsfreudige D\u00e4mpfung mit optimierter Stabilit\u00e4t und einer verbesserten Ferse, die Reibung reduziert. Das einzigartige Design der Sohle verteilt den Druck gleichm\u00e4\u00dfig und reduziert so die Erm\u00fcdung selbst auf anspruchsvollen Trails.<\/p>\n<p>Die All Terrain Contagrip\u00ae-Sohle bietet Grip und Widerstandsf\u00e4higkeit auf jedem Untergrund, egal ob trocken oder nass, w\u00e4hrend die Relieve Sphere-Geometrie St\u00f6\u00dfe d\u00e4mpft und das Langzeitgef\u00fchl von Komfort verbessert. Die Zwischensohle mit Energy Foam und Energy Foam+ sorgt f\u00fcr Energier\u00fcckgabe und Dynamik bei jedem Schritt. Das Quicklace\u2122-System erm\u00f6glicht eine schnelle, sichere und pr\u00e4zise Passform.<\/p>\n<p><strong>Technische Details:<\/strong><br \/>\n&#8211; Ideal f\u00fcr: Trailrunning und Langstrecken<br \/>\n&#8211; D\u00e4mpfung: weich und dynamisch<br \/>\n&#8211; Sohle: All Terrain Contagrip\u00ae + Relieve Sphere-Geometrie<br \/>\n&#8211; Zwischensohle: Energy Foam (EVA) + Energy Foam+ (PEBA\/EVA)<br \/>\n&#8211; Schn\u00fcrsystem: Quicklace\u2122 One-Pull<br \/>\n&#8211; Optimierte Ferse zur Verringerung von Reibung<\/p>\n<p>&nbsp;<\/p>\n<\/div>\n<p><\/div><\/div><\/div>\n","protected":false},"excerpt":{"rendered":"<p>&#8211; Leichter und dynamischer Trailrunning-Schuh, ideal f\u00fcr lange Strecken<br \/>\n&#8211; All Terrain Contagrip\u00ae-Sohle mit Relieve Sphere-Geometrie f\u00fcr Grip und lang anhaltenden Komfort<br \/>\n&#8211; Zwischensohle mit doppeltem Energy Foam-Schaumstoff f\u00fcr D\u00e4mpfung und Reaktionsf\u00e4higkeit<\/p>\n","protected":false},"featured_media":362130,"template":"","meta":{"_acf_changed":false,"inline_featured_image":false},"product_brand":[],"product_cat":[6519,6516,6501,6536],"product_tag":[20480,20485,20489],"class_list":{"0":"post-348353","1":"product","2":"type-product","3":"status-publish","4":"has-post-thumbnail","6":"product_cat-herrenschuhe-outlet-de","7":"product_cat-herren-sale-trail-de","8":"product_cat-sale-damen-schuhe-de","9":"product_cat-sale-damen-trail-de","10":"product_tag-salomon-de","11":"product_tag-salomon-damen","12":"product_tag-salomon-herren","13":"pa_attivita-gehen","14":"pa_attivita-outdoor-de","15":"pa_attivita-trail-de","16":"pa_colore-s-lab-ultra-glide-1-5-fiery-red-fird-wht-de","17":"pa_marca-salomon-de","18":"pa_sesso-herren","19":"pa_size-40-de","21":"pa_size-41-de","22":"pa_size-44-de","24":"first","25":"instock","26":"sale","27":"taxable","28":"shipping-taxable","29":"purchasable","30":"product-type-variable","31":"wvs-archive-product-wrapper"},"acf":[],"yoast_head":"<!-- This site is optimized with the Yoast SEO plugin v26.8 - https:\/\/yoast.com\/product\/yoast-seo-wordpress\/ -->\n<title>Salomon S\/LAB Ultra Glide 1.5 - Trailrunning-Schuhe - MioMioRun<\/title>\n<meta name=\"description\" content=\"S\/LAB Ultra Glide 1.5: Trailrunning-Schuh f\u00fcr lange Distanzen. Revolution\u00e4rer Komfort, Contagrip\u00ae-Sohle und Energy Foam+-D\u00e4mpfung.\" \/>\n<meta name=\"robots\" content=\"index, follow, max-snippet:-1, max-image-preview:large, max-video-preview:-1\" \/>\n<link rel=\"canonical\" href=\"https:\/\/www.miomiorun.com\/de\/produkt\/s-lab-ultra-glide-1-5\/\" \/>\n<meta property=\"og:locale\" content=\"de_DE\" \/>\n<meta property=\"og:type\" content=\"article\" \/>\n<meta property=\"og:title\" content=\"Salomon S\/LAB Ultra Glide 1.5 - Trailrunning-Schuhe - MioMioRun\" \/>\n<meta property=\"og:description\" content=\"S\/LAB Ultra Glide 1.5: Trailrunning-Schuh f\u00fcr lange Distanzen. Revolution\u00e4rer Komfort, Contagrip\u00ae-Sohle und Energy Foam+-D\u00e4mpfung.\" \/>\n<meta property=\"og:url\" content=\"https:\/\/www.miomiorun.com\/de\/produkt\/s-lab-ultra-glide-1-5\/\" \/>\n<meta property=\"og:site_name\" content=\"MioMioRun\" \/>\n<meta property=\"article:publisher\" content=\"https:\/\/www.facebook.com\/miomiorun\/\" \/>\n<meta property=\"article:modified_time\" content=\"2026-04-17T08:50:23+00:00\" \/>\n<meta property=\"og:image\" content=\"https:\/\/www.miomiorun.com\/app\/uploads\/2025\/10\/salomon-S-LAB-Ultra-Glide-1.5-fiery-red-fird-wht-L49283600.webp\" \/>\n\t<meta property=\"og:image:width\" content=\"720\" \/>\n\t<meta property=\"og:image:height\" content=\"720\" \/>\n\t<meta property=\"og:image:type\" content=\"image\/webp\" \/>\n<meta name=\"twitter:card\" content=\"summary_large_image\" \/>\n<meta name=\"twitter:label1\" content=\"Est. reading time\" \/>\n\t<meta name=\"twitter:data1\" content=\"1 minute\" \/>\n<script type=\"application\/ld+json\" class=\"yoast-schema-graph\">{\"@context\":\"https:\/\/schema.org\",\"@graph\":[{\"@type\":\"WebPage\",\"@id\":\"https:\/\/www.miomiorun.com\/de\/produkt\/s-lab-ultra-glide-1-5\/\",\"url\":\"https:\/\/www.miomiorun.com\/de\/produkt\/s-lab-ultra-glide-1-5\/\",\"name\":\"Salomon S\/LAB Ultra Glide 1.5 - Trailrunning-Schuhe - MioMioRun\",\"isPartOf\":{\"@id\":\"https:\/\/www.miomiorun.com\/de\/#website\"},\"primaryImageOfPage\":{\"@id\":\"https:\/\/www.miomiorun.com\/de\/produkt\/s-lab-ultra-glide-1-5\/#primaryimage\"},\"image\":{\"@id\":\"https:\/\/www.miomiorun.com\/de\/produkt\/s-lab-ultra-glide-1-5\/#primaryimage\"},\"thumbnailUrl\":\"https:\/\/www.miomiorun.com\/app\/uploads\/2025\/10\/salomon-S-LAB-Ultra-Glide-1.5-fiery-red-fird-wht-L49283600.webp\",\"datePublished\":\"2025-09-11T16:39:26+00:00\",\"dateModified\":\"2026-04-17T08:50:23+00:00\",\"description\":\"S\/LAB Ultra Glide 1.5: Trailrunning-Schuh f\u00fcr lange Distanzen. Revolution\u00e4rer Komfort, Contagrip\u00ae-Sohle und Energy Foam+-D\u00e4mpfung.\",\"breadcrumb\":{\"@id\":\"https:\/\/www.miomiorun.com\/de\/produkt\/s-lab-ultra-glide-1-5\/#breadcrumb\"},\"inLanguage\":\"de-DE\",\"potentialAction\":[{\"@type\":\"ReadAction\",\"target\":[\"https:\/\/www.miomiorun.com\/de\/produkt\/s-lab-ultra-glide-1-5\/\"]}]},{\"@type\":\"ImageObject\",\"inLanguage\":\"de-DE\",\"@id\":\"https:\/\/www.miomiorun.com\/de\/produkt\/s-lab-ultra-glide-1-5\/#primaryimage\",\"url\":\"https:\/\/www.miomiorun.com\/app\/uploads\/2025\/10\/salomon-S-LAB-Ultra-Glide-1.5-fiery-red-fird-wht-L49283600.webp\",\"contentUrl\":\"https:\/\/www.miomiorun.com\/app\/uploads\/2025\/10\/salomon-S-LAB-Ultra-Glide-1.5-fiery-red-fird-wht-L49283600.webp\",\"width\":720,\"height\":720,\"caption\":\"salomon S LAB Ultra Glide 1.5 fiery red fird wht L49283600\"},{\"@type\":\"BreadcrumbList\",\"@id\":\"https:\/\/www.miomiorun.com\/de\/produkt\/s-lab-ultra-glide-1-5\/#breadcrumb\",\"itemListElement\":[{\"@type\":\"ListItem\",\"position\":1,\"name\":\"Home\",\"item\":\"https:\/\/www.miomiorun.com\/de\/\"},{\"@type\":\"ListItem\",\"position\":2,\"name\":\"Shop\",\"item\":\"https:\/\/www.miomiorun.com\/shop\/\"},{\"@type\":\"ListItem\",\"position\":3,\"name\":\"S\/LAB Ultra Glide 1.5\"}]},{\"@type\":\"WebSite\",\"@id\":\"https:\/\/www.miomiorun.com\/de\/#website\",\"url\":\"https:\/\/www.miomiorun.com\/de\/\",\"name\":\"MioMioRun\",\"description\":\"100% Lauf- und Trailshop\",\"publisher\":{\"@id\":\"https:\/\/www.miomiorun.com\/de\/#organization\"},\"potentialAction\":[{\"@type\":\"SearchAction\",\"target\":{\"@type\":\"EntryPoint\",\"urlTemplate\":\"https:\/\/www.miomiorun.com\/de\/?s={search_term_string}\"},\"query-input\":{\"@type\":\"PropertyValueSpecification\",\"valueRequired\":true,\"valueName\":\"search_term_string\"}}],\"inLanguage\":\"de-DE\"},{\"@type\":\"Organization\",\"@id\":\"https:\/\/www.miomiorun.com\/de\/#organization\",\"name\":\"MioMio Run\",\"url\":\"https:\/\/www.miomiorun.com\/de\/\",\"logo\":{\"@type\":\"ImageObject\",\"inLanguage\":\"de-DE\",\"@id\":\"https:\/\/www.miomiorun.com\/de\/#\/schema\/logo\/image\/\",\"url\":\"https:\/\/www.miomiorun.com\/app\/uploads\/2019\/12\/logomio.png\",\"contentUrl\":\"https:\/\/www.miomiorun.com\/app\/uploads\/2019\/12\/logomio.png\",\"width\":115,\"height\":82,\"caption\":\"MioMio Run\"},\"image\":{\"@id\":\"https:\/\/www.miomiorun.com\/de\/#\/schema\/logo\/image\/\"},\"sameAs\":[\"https:\/\/www.facebook.com\/miomiorun\/\",\"https:\/\/www.instagram.com\/miomiorun\/\"]}]}<\/script>\n<!-- \/ Yoast SEO plugin. -->","yoast_head_json":{"title":"Salomon S\/LAB Ultra Glide 1.5 - Trailrunning-Schuhe - MioMioRun","description":"S\/LAB Ultra Glide 1.5: Trailrunning-Schuh f\u00fcr lange Distanzen. Revolution\u00e4rer Komfort, Contagrip\u00ae-Sohle und Energy Foam+-D\u00e4mpfung.","robots":{"index":"index","follow":"follow","max-snippet":"max-snippet:-1","max-image-preview":"max-image-preview:large","max-video-preview":"max-video-preview:-1"},"canonical":"https:\/\/www.miomiorun.com\/de\/produkt\/s-lab-ultra-glide-1-5\/","og_locale":"de_DE","og_type":"article","og_title":"Salomon S\/LAB Ultra Glide 1.5 - Trailrunning-Schuhe - MioMioRun","og_description":"S\/LAB Ultra Glide 1.5: Trailrunning-Schuh f\u00fcr lange Distanzen. Revolution\u00e4rer Komfort, Contagrip\u00ae-Sohle und Energy Foam+-D\u00e4mpfung.","og_url":"https:\/\/www.miomiorun.com\/de\/produkt\/s-lab-ultra-glide-1-5\/","og_site_name":"MioMioRun","article_publisher":"https:\/\/www.facebook.com\/miomiorun\/","article_modified_time":"2026-04-17T08:50:23+00:00","og_image":[{"width":720,"height":720,"url":"https:\/\/www.miomiorun.com\/app\/uploads\/2025\/10\/salomon-S-LAB-Ultra-Glide-1.5-fiery-red-fird-wht-L49283600.webp","type":"image\/webp"}],"twitter_card":"summary_large_image","twitter_misc":{"Est. reading time":"1 minute"},"schema":{"@context":"https:\/\/schema.org","@graph":[{"@type":"WebPage","@id":"https:\/\/www.miomiorun.com\/de\/produkt\/s-lab-ultra-glide-1-5\/","url":"https:\/\/www.miomiorun.com\/de\/produkt\/s-lab-ultra-glide-1-5\/","name":"Salomon S\/LAB Ultra Glide 1.5 - Trailrunning-Schuhe - MioMioRun","isPartOf":{"@id":"https:\/\/www.miomiorun.com\/de\/#website"},"primaryImageOfPage":{"@id":"https:\/\/www.miomiorun.com\/de\/produkt\/s-lab-ultra-glide-1-5\/#primaryimage"},"image":{"@id":"https:\/\/www.miomiorun.com\/de\/produkt\/s-lab-ultra-glide-1-5\/#primaryimage"},"thumbnailUrl":"https:\/\/www.miomiorun.com\/app\/uploads\/2025\/10\/salomon-S-LAB-Ultra-Glide-1.5-fiery-red-fird-wht-L49283600.webp","datePublished":"2025-09-11T16:39:26+00:00","dateModified":"2026-04-17T08:50:23+00:00","description":"S\/LAB Ultra Glide 1.5: Trailrunning-Schuh f\u00fcr lange Distanzen. Revolution\u00e4rer Komfort, Contagrip\u00ae-Sohle und Energy Foam+-D\u00e4mpfung.","breadcrumb":{"@id":"https:\/\/www.miomiorun.com\/de\/produkt\/s-lab-ultra-glide-1-5\/#breadcrumb"},"inLanguage":"de-DE","potentialAction":[{"@type":"ReadAction","target":["https:\/\/www.miomiorun.com\/de\/produkt\/s-lab-ultra-glide-1-5\/"]}]},{"@type":"ImageObject","inLanguage":"de-DE","@id":"https:\/\/www.miomiorun.com\/de\/produkt\/s-lab-ultra-glide-1-5\/#primaryimage","url":"https:\/\/www.miomiorun.com\/app\/uploads\/2025\/10\/salomon-S-LAB-Ultra-Glide-1.5-fiery-red-fird-wht-L49283600.webp","contentUrl":"https:\/\/www.miomiorun.com\/app\/uploads\/2025\/10\/salomon-S-LAB-Ultra-Glide-1.5-fiery-red-fird-wht-L49283600.webp","width":720,"height":720,"caption":"salomon S LAB Ultra Glide 1.5 fiery red fird wht L49283600"},{"@type":"BreadcrumbList","@id":"https:\/\/www.miomiorun.com\/de\/produkt\/s-lab-ultra-glide-1-5\/#breadcrumb","itemListElement":[{"@type":"ListItem","position":1,"name":"Home","item":"https:\/\/www.miomiorun.com\/de\/"},{"@type":"ListItem","position":2,"name":"Shop","item":"https:\/\/www.miomiorun.com\/shop\/"},{"@type":"ListItem","position":3,"name":"S\/LAB Ultra Glide 1.5"}]},{"@type":"WebSite","@id":"https:\/\/www.miomiorun.com\/de\/#website","url":"https:\/\/www.miomiorun.com\/de\/","name":"MioMioRun","description":"100% Lauf- und Trailshop","publisher":{"@id":"https:\/\/www.miomiorun.com\/de\/#organization"},"potentialAction":[{"@type":"SearchAction","target":{"@type":"EntryPoint","urlTemplate":"https:\/\/www.miomiorun.com\/de\/?s={search_term_string}"},"query-input":{"@type":"PropertyValueSpecification","valueRequired":true,"valueName":"search_term_string"}}],"inLanguage":"de-DE"},{"@type":"Organization","@id":"https:\/\/www.miomiorun.com\/de\/#organization","name":"MioMio Run","url":"https:\/\/www.miomiorun.com\/de\/","logo":{"@type":"ImageObject","inLanguage":"de-DE","@id":"https:\/\/www.miomiorun.com\/de\/#\/schema\/logo\/image\/","url":"https:\/\/www.miomiorun.com\/app\/uploads\/2019\/12\/logomio.png","contentUrl":"https:\/\/www.miomiorun.com\/app\/uploads\/2019\/12\/logomio.png","width":115,"height":82,"caption":"MioMio Run"},"image":{"@id":"https:\/\/www.miomiorun.com\/de\/#\/schema\/logo\/image\/"},"sameAs":["https:\/\/www.facebook.com\/miomiorun\/","https:\/\/www.instagram.com\/miomiorun\/"]}]}},"_links":{"self":[{"href":"https:\/\/www.miomiorun.com\/de\/wp-json\/wp\/v2\/product\/348353","targetHints":{"allow":["GET"]}}],"collection":[{"href":"https:\/\/www.miomiorun.com\/de\/wp-json\/wp\/v2\/product"}],"about":[{"href":"https:\/\/www.miomiorun.com\/de\/wp-json\/wp\/v2\/types\/product"}],"wp:featuredmedia":[{"embeddable":true,"href":"https:\/\/www.miomiorun.com\/de\/wp-json\/wp\/v2\/media\/362130"}],"wp:attachment":[{"href":"https:\/\/www.miomiorun.com\/de\/wp-json\/wp\/v2\/media?parent=348353"}],"wp:term":[{"taxonomy":"product_brand","embeddable":true,"href":"https:\/\/www.miomiorun.com\/de\/wp-json\/wp\/v2\/product_brand?post=348353"},{"taxonomy":"product_cat","embeddable":true,"href":"https:\/\/www.miomiorun.com\/de\/wp-json\/wp\/v2\/product_cat?post=348353"},{"taxonomy":"product_tag","embeddable":true,"href":"https:\/\/www.miomiorun.com\/de\/wp-json\/wp\/v2\/product_tag?post=348353"}],"curies":[{"name":"wp","href":"https:\/\/api.w.org\/{rel}","templated":true}]}}