{"id":348195,"date":"2025-09-11T18:12:43","date_gmt":"2025-09-11T16:12:43","guid":{"rendered":"https:\/\/www.miomiorun.com\/?post_type=product&#038;p=348195"},"modified":"2026-04-17T10:50:35","modified_gmt":"2026-04-17T08:50:35","slug":"s-lab-pulsar-4","status":"publish","type":"product","link":"https:\/\/www.miomiorun.com\/de\/produkt\/s-lab-pulsar-4\/","title":{"rendered":"S\/LAB Pulsar 4"},"content":{"rendered":"<div class=\"vc-row container\"><div class=\"vc-column\"><div class=\"vc-column-text\"><\/p>\n<p><strong>Technische Daten<\/strong><\/p>\n<p>Kategorie: moderate D\u00e4mpfung<br \/>\nOffset: 6 mm<br \/>\nGewicht: 250 g<br \/>\nIdeal f\u00fcr: Trailrunner und Liebhaber von Wanderungen und L\u00e4ufen in den Bergen, die ein leichtes, gut ged\u00e4mpftes und sch\u00fctzendes Modell suchen, das auch auf langen Strecken maximalen Komfort bietet.<br \/>\nGewicht des Athleten: 60-70 kg<br \/>\nLaufgeschwindigkeit: mittel-schnell (4,30-6,00 min\/km)<br \/>\n<a href=\"https:\/\/miomiorun.com\/guida-alle-specifiche-tecniche\/\">Leitfaden zu den technischen Spezifikationen<\/a><\/p>\n<p><\/div><\/div><div class=\"vc-column\"><div class=\"vc-column-text\"><\/p>\n<p>Geben Sie auf Ihren Trails alles mit dem neuen S\/LAB Pulsar 4, der Weiterentwicklung unseres legend\u00e4ren Trailrunning-Schuhs. Er wurde f\u00fcr Pr\u00e4zision und Tempo auf gemischtem Gel\u00e4nde entwickelt und kombiniert Leichtigkeit, eine anschmiegsame Passform und innovative Technologien, die f\u00fcr Antrieb, Grip und Stabilit\u00e4t sorgen.<\/p>\n<p>Die Zwischensohle mit doppeltem Energy Foam und Energy Foam+ sorgt f\u00fcr Reaktionsf\u00e4higkeit und Dynamik bei jedem Schritt, w\u00e4hrend die All Terrain Contagrip\u00ae-Au\u00dfensohle Halt und Sicherheit auf trockenen, nassen oder unebenen Oberfl\u00e4chen garantiert. Das mit Kevlar\u00ae verst\u00e4rkte Matryx\u00ae-Obermaterial ist abriebfest, aber dennoch leicht und atmungsaktiv. Das EndoFit\u2122-System umh\u00fcllt den Fu\u00df wie eine Socke und sorgt f\u00fcr eine pr\u00e4zise Passform, w\u00e4hrend das Quicklace\u2122-System das Schn\u00fcren und Anziehen beschleunigt.<\/p>\n<p>Ein Schuh f\u00fcr L\u00e4ufer, die Effizienz, Kontrolle und hohe Leistung auf unterschiedlichem Terrain suchen.<\/p>\n<p>Technische Details:<br \/>\n&#8211; Stollentiefe: 3,5 mm<br \/>\n&#8211; Sohle: All Terrain Contagrip\u00ae<br \/>\n&#8211; Zwischensohle: Energy Foam (EVA) + Energy Foam+ (PEBA\/EVA)<br \/>\n&#8211; Obermaterial: Matryx\u00ae mit Kevlar\u00ae-Verst\u00e4rkungen<br \/>\n&#8211; Konstruktion: Umh\u00fcllendes EndoFit\u2122 + Quicklace\u2122-Schn\u00fcrsenkeltasche<br \/>\n&#8211; Schn\u00fcrsystem: Quicklace\u2122<br \/>\n&#8211; Profeel Film-Einsatz f\u00fcr einen fl\u00fcssigeren und stabileren Lauf<\/p>\n<p>&nbsp;<\/p>\n<div class=\"description-whatsnew\"><\/div>\n<p><\/div><\/div><\/div>\n","protected":false},"excerpt":{"rendered":"<p>&#8211; Leichter, eng anliegender Trailrunning-Schuh, ideal f\u00fcr gemischtes Gel\u00e4nde<br \/>\n&#8211; Energy Foam-Zwischensohle mit doppeltem Schaumstoff f\u00fcr Reaktionsf\u00e4higkeit und Antrieb<br \/>\n&#8211; All Terrain Contagrip\u00ae-Sohle mit 3,5 mm Stollen f\u00fcr maximalen Grip<br \/>\n&#8211; Mit Kevlar\u00ae verst\u00e4rktes Matryx\u00ae-Obermaterial: strapazierf\u00e4hig, atmungsaktiv und leicht<br \/>\n&#8211; EndoFit\u2122- und Quicklace\u2122-System f\u00fcr eine stabile und pr\u00e4zise Passform<\/p>\n","protected":false},"featured_media":351492,"template":"","meta":{"_acf_changed":false,"inline_featured_image":false},"product_brand":[],"product_cat":[6507,6504,6474,6491],"product_tag":[20480,20485,20489],"class_list":{"0":"post-348195","1":"product","2":"type-product","3":"status-publish","4":"has-post-thumbnail","6":"product_cat-herren-schuhe-de","7":"product_cat-trail","8":"product_cat-damenschuhe","9":"product_cat-damentrailschuhe","10":"product_tag-salomon-de","11":"product_tag-salomon-damen","12":"product_tag-salomon-herren","13":"pa_attivita-outdoor-de","14":"pa_attivita-trail-de","15":"pa_colore-s-lab-pulsar-4-fiery-red-vanilla-ice-and-de","16":"pa_marca-salomon-de","17":"pa_sesso-damen","18":"pa_sesso-herren","19":"pa_size-40-de","20":"pa_size-41-de","21":"pa_size-42-de","22":"pa_size-44-de","23":"pa_size-45-de","24":"pa_size-46-de","26":"pa_size-47-de","28":"first","29":"instock","30":"sale","31":"taxable","32":"shipping-taxable","33":"purchasable","34":"product-type-variable","35":"wvs-archive-product-wrapper"},"acf":[],"yoast_head":"<!-- This site is optimized with the Yoast SEO plugin v26.8 - https:\/\/yoast.com\/product\/yoast-seo-wordpress\/ -->\n<title>Salomon S\/LAB Pulsar 4 - Trailschuhe- MioMioRun.com<\/title>\n<meta name=\"description\" content=\"Salomon S\/LAB Pulsar 4: leichte und reaktionsfreudige Trailrunning-Schuhe. Contagrip\u00ae-Sohle, doppelter Energy Foam-Schaumstoff, mit Kevlar\u00ae verst\u00e4rktes Matryx\u00ae-Obermaterial.\" \/>\n<meta name=\"robots\" content=\"index, follow, max-snippet:-1, max-image-preview:large, max-video-preview:-1\" \/>\n<link rel=\"canonical\" href=\"https:\/\/www.miomiorun.com\/de\/produkt\/s-lab-pulsar-4\/\" \/>\n<meta property=\"og:locale\" content=\"de_DE\" \/>\n<meta property=\"og:type\" content=\"article\" \/>\n<meta property=\"og:title\" content=\"Salomon S\/LAB Pulsar 4 - Trailschuhe- MioMioRun.com\" \/>\n<meta property=\"og:description\" content=\"Salomon S\/LAB Pulsar 4: leichte und reaktionsfreudige Trailrunning-Schuhe. Contagrip\u00ae-Sohle, doppelter Energy Foam-Schaumstoff, mit Kevlar\u00ae verst\u00e4rktes Matryx\u00ae-Obermaterial.\" \/>\n<meta property=\"og:url\" content=\"https:\/\/www.miomiorun.com\/de\/produkt\/s-lab-pulsar-4\/\" \/>\n<meta property=\"og:site_name\" content=\"MioMioRun\" \/>\n<meta property=\"article:publisher\" content=\"https:\/\/www.facebook.com\/miomiorun\/\" \/>\n<meta property=\"article:modified_time\" content=\"2026-04-17T08:50:35+00:00\" \/>\n<meta property=\"og:image\" content=\"https:\/\/www.miomiorun.com\/app\/uploads\/2025\/09\/salomon-S-LAB-Pulsar-4-fiery-red-vanilla-ice-and-L47770300.webp\" \/>\n\t<meta property=\"og:image:width\" content=\"720\" \/>\n\t<meta property=\"og:image:height\" content=\"720\" \/>\n\t<meta property=\"og:image:type\" content=\"image\/webp\" \/>\n<meta name=\"twitter:card\" content=\"summary_large_image\" \/>\n<meta name=\"twitter:label1\" content=\"Est. reading time\" \/>\n\t<meta name=\"twitter:data1\" content=\"1 minute\" \/>\n<script type=\"application\/ld+json\" class=\"yoast-schema-graph\">{\"@context\":\"https:\/\/schema.org\",\"@graph\":[{\"@type\":\"WebPage\",\"@id\":\"https:\/\/www.miomiorun.com\/de\/produkt\/s-lab-pulsar-4\/\",\"url\":\"https:\/\/www.miomiorun.com\/de\/produkt\/s-lab-pulsar-4\/\",\"name\":\"Salomon S\/LAB Pulsar 4 - Trailschuhe- MioMioRun.com\",\"isPartOf\":{\"@id\":\"https:\/\/www.miomiorun.com\/de\/#website\"},\"primaryImageOfPage\":{\"@id\":\"https:\/\/www.miomiorun.com\/de\/produkt\/s-lab-pulsar-4\/#primaryimage\"},\"image\":{\"@id\":\"https:\/\/www.miomiorun.com\/de\/produkt\/s-lab-pulsar-4\/#primaryimage\"},\"thumbnailUrl\":\"https:\/\/www.miomiorun.com\/app\/uploads\/2025\/09\/salomon-S-LAB-Pulsar-4-fiery-red-vanilla-ice-and-L47770300.webp\",\"datePublished\":\"2025-09-11T16:12:43+00:00\",\"dateModified\":\"2026-04-17T08:50:35+00:00\",\"description\":\"Salomon S\/LAB Pulsar 4: leichte und reaktionsfreudige Trailrunning-Schuhe. Contagrip\u00ae-Sohle, doppelter Energy Foam-Schaumstoff, mit Kevlar\u00ae verst\u00e4rktes Matryx\u00ae-Obermaterial.\",\"breadcrumb\":{\"@id\":\"https:\/\/www.miomiorun.com\/de\/produkt\/s-lab-pulsar-4\/#breadcrumb\"},\"inLanguage\":\"de-DE\",\"potentialAction\":[{\"@type\":\"ReadAction\",\"target\":[\"https:\/\/www.miomiorun.com\/de\/produkt\/s-lab-pulsar-4\/\"]}]},{\"@type\":\"ImageObject\",\"inLanguage\":\"de-DE\",\"@id\":\"https:\/\/www.miomiorun.com\/de\/produkt\/s-lab-pulsar-4\/#primaryimage\",\"url\":\"https:\/\/www.miomiorun.com\/app\/uploads\/2025\/09\/salomon-S-LAB-Pulsar-4-fiery-red-vanilla-ice-and-L47770300.webp\",\"contentUrl\":\"https:\/\/www.miomiorun.com\/app\/uploads\/2025\/09\/salomon-S-LAB-Pulsar-4-fiery-red-vanilla-ice-and-L47770300.webp\",\"width\":720,\"height\":720,\"caption\":\"salomon S LAB Pulsar 4 fiery red vanilla ice and L47770300\"},{\"@type\":\"BreadcrumbList\",\"@id\":\"https:\/\/www.miomiorun.com\/de\/produkt\/s-lab-pulsar-4\/#breadcrumb\",\"itemListElement\":[{\"@type\":\"ListItem\",\"position\":1,\"name\":\"Home\",\"item\":\"https:\/\/www.miomiorun.com\/de\/\"},{\"@type\":\"ListItem\",\"position\":2,\"name\":\"Shop\",\"item\":\"https:\/\/www.miomiorun.com\/shop\/\"},{\"@type\":\"ListItem\",\"position\":3,\"name\":\"S\/LAB Pulsar 4\"}]},{\"@type\":\"WebSite\",\"@id\":\"https:\/\/www.miomiorun.com\/de\/#website\",\"url\":\"https:\/\/www.miomiorun.com\/de\/\",\"name\":\"MioMioRun\",\"description\":\"100% Lauf- und Trailshop\",\"publisher\":{\"@id\":\"https:\/\/www.miomiorun.com\/de\/#organization\"},\"potentialAction\":[{\"@type\":\"SearchAction\",\"target\":{\"@type\":\"EntryPoint\",\"urlTemplate\":\"https:\/\/www.miomiorun.com\/de\/?s={search_term_string}\"},\"query-input\":{\"@type\":\"PropertyValueSpecification\",\"valueRequired\":true,\"valueName\":\"search_term_string\"}}],\"inLanguage\":\"de-DE\"},{\"@type\":\"Organization\",\"@id\":\"https:\/\/www.miomiorun.com\/de\/#organization\",\"name\":\"MioMio Run\",\"url\":\"https:\/\/www.miomiorun.com\/de\/\",\"logo\":{\"@type\":\"ImageObject\",\"inLanguage\":\"de-DE\",\"@id\":\"https:\/\/www.miomiorun.com\/de\/#\/schema\/logo\/image\/\",\"url\":\"https:\/\/www.miomiorun.com\/app\/uploads\/2019\/12\/logomio.png\",\"contentUrl\":\"https:\/\/www.miomiorun.com\/app\/uploads\/2019\/12\/logomio.png\",\"width\":115,\"height\":82,\"caption\":\"MioMio Run\"},\"image\":{\"@id\":\"https:\/\/www.miomiorun.com\/de\/#\/schema\/logo\/image\/\"},\"sameAs\":[\"https:\/\/www.facebook.com\/miomiorun\/\",\"https:\/\/www.instagram.com\/miomiorun\/\"]}]}<\/script>\n<!-- \/ Yoast SEO plugin. -->","yoast_head_json":{"title":"Salomon S\/LAB Pulsar 4 - Trailschuhe- MioMioRun.com","description":"Salomon S\/LAB Pulsar 4: leichte und reaktionsfreudige Trailrunning-Schuhe. Contagrip\u00ae-Sohle, doppelter Energy Foam-Schaumstoff, mit Kevlar\u00ae verst\u00e4rktes Matryx\u00ae-Obermaterial.","robots":{"index":"index","follow":"follow","max-snippet":"max-snippet:-1","max-image-preview":"max-image-preview:large","max-video-preview":"max-video-preview:-1"},"canonical":"https:\/\/www.miomiorun.com\/de\/produkt\/s-lab-pulsar-4\/","og_locale":"de_DE","og_type":"article","og_title":"Salomon S\/LAB Pulsar 4 - Trailschuhe- MioMioRun.com","og_description":"Salomon S\/LAB Pulsar 4: leichte und reaktionsfreudige Trailrunning-Schuhe. Contagrip\u00ae-Sohle, doppelter Energy Foam-Schaumstoff, mit Kevlar\u00ae verst\u00e4rktes Matryx\u00ae-Obermaterial.","og_url":"https:\/\/www.miomiorun.com\/de\/produkt\/s-lab-pulsar-4\/","og_site_name":"MioMioRun","article_publisher":"https:\/\/www.facebook.com\/miomiorun\/","article_modified_time":"2026-04-17T08:50:35+00:00","og_image":[{"width":720,"height":720,"url":"https:\/\/www.miomiorun.com\/app\/uploads\/2025\/09\/salomon-S-LAB-Pulsar-4-fiery-red-vanilla-ice-and-L47770300.webp","type":"image\/webp"}],"twitter_card":"summary_large_image","twitter_misc":{"Est. reading time":"1 minute"},"schema":{"@context":"https:\/\/schema.org","@graph":[{"@type":"WebPage","@id":"https:\/\/www.miomiorun.com\/de\/produkt\/s-lab-pulsar-4\/","url":"https:\/\/www.miomiorun.com\/de\/produkt\/s-lab-pulsar-4\/","name":"Salomon S\/LAB Pulsar 4 - Trailschuhe- MioMioRun.com","isPartOf":{"@id":"https:\/\/www.miomiorun.com\/de\/#website"},"primaryImageOfPage":{"@id":"https:\/\/www.miomiorun.com\/de\/produkt\/s-lab-pulsar-4\/#primaryimage"},"image":{"@id":"https:\/\/www.miomiorun.com\/de\/produkt\/s-lab-pulsar-4\/#primaryimage"},"thumbnailUrl":"https:\/\/www.miomiorun.com\/app\/uploads\/2025\/09\/salomon-S-LAB-Pulsar-4-fiery-red-vanilla-ice-and-L47770300.webp","datePublished":"2025-09-11T16:12:43+00:00","dateModified":"2026-04-17T08:50:35+00:00","description":"Salomon S\/LAB Pulsar 4: leichte und reaktionsfreudige Trailrunning-Schuhe. Contagrip\u00ae-Sohle, doppelter Energy Foam-Schaumstoff, mit Kevlar\u00ae verst\u00e4rktes Matryx\u00ae-Obermaterial.","breadcrumb":{"@id":"https:\/\/www.miomiorun.com\/de\/produkt\/s-lab-pulsar-4\/#breadcrumb"},"inLanguage":"de-DE","potentialAction":[{"@type":"ReadAction","target":["https:\/\/www.miomiorun.com\/de\/produkt\/s-lab-pulsar-4\/"]}]},{"@type":"ImageObject","inLanguage":"de-DE","@id":"https:\/\/www.miomiorun.com\/de\/produkt\/s-lab-pulsar-4\/#primaryimage","url":"https:\/\/www.miomiorun.com\/app\/uploads\/2025\/09\/salomon-S-LAB-Pulsar-4-fiery-red-vanilla-ice-and-L47770300.webp","contentUrl":"https:\/\/www.miomiorun.com\/app\/uploads\/2025\/09\/salomon-S-LAB-Pulsar-4-fiery-red-vanilla-ice-and-L47770300.webp","width":720,"height":720,"caption":"salomon S LAB Pulsar 4 fiery red vanilla ice and L47770300"},{"@type":"BreadcrumbList","@id":"https:\/\/www.miomiorun.com\/de\/produkt\/s-lab-pulsar-4\/#breadcrumb","itemListElement":[{"@type":"ListItem","position":1,"name":"Home","item":"https:\/\/www.miomiorun.com\/de\/"},{"@type":"ListItem","position":2,"name":"Shop","item":"https:\/\/www.miomiorun.com\/shop\/"},{"@type":"ListItem","position":3,"name":"S\/LAB Pulsar 4"}]},{"@type":"WebSite","@id":"https:\/\/www.miomiorun.com\/de\/#website","url":"https:\/\/www.miomiorun.com\/de\/","name":"MioMioRun","description":"100% Lauf- und Trailshop","publisher":{"@id":"https:\/\/www.miomiorun.com\/de\/#organization"},"potentialAction":[{"@type":"SearchAction","target":{"@type":"EntryPoint","urlTemplate":"https:\/\/www.miomiorun.com\/de\/?s={search_term_string}"},"query-input":{"@type":"PropertyValueSpecification","valueRequired":true,"valueName":"search_term_string"}}],"inLanguage":"de-DE"},{"@type":"Organization","@id":"https:\/\/www.miomiorun.com\/de\/#organization","name":"MioMio Run","url":"https:\/\/www.miomiorun.com\/de\/","logo":{"@type":"ImageObject","inLanguage":"de-DE","@id":"https:\/\/www.miomiorun.com\/de\/#\/schema\/logo\/image\/","url":"https:\/\/www.miomiorun.com\/app\/uploads\/2019\/12\/logomio.png","contentUrl":"https:\/\/www.miomiorun.com\/app\/uploads\/2019\/12\/logomio.png","width":115,"height":82,"caption":"MioMio Run"},"image":{"@id":"https:\/\/www.miomiorun.com\/de\/#\/schema\/logo\/image\/"},"sameAs":["https:\/\/www.facebook.com\/miomiorun\/","https:\/\/www.instagram.com\/miomiorun\/"]}]}},"_links":{"self":[{"href":"https:\/\/www.miomiorun.com\/de\/wp-json\/wp\/v2\/product\/348195","targetHints":{"allow":["GET"]}}],"collection":[{"href":"https:\/\/www.miomiorun.com\/de\/wp-json\/wp\/v2\/product"}],"about":[{"href":"https:\/\/www.miomiorun.com\/de\/wp-json\/wp\/v2\/types\/product"}],"wp:featuredmedia":[{"embeddable":true,"href":"https:\/\/www.miomiorun.com\/de\/wp-json\/wp\/v2\/media\/351492"}],"wp:attachment":[{"href":"https:\/\/www.miomiorun.com\/de\/wp-json\/wp\/v2\/media?parent=348195"}],"wp:term":[{"taxonomy":"product_brand","embeddable":true,"href":"https:\/\/www.miomiorun.com\/de\/wp-json\/wp\/v2\/product_brand?post=348195"},{"taxonomy":"product_cat","embeddable":true,"href":"https:\/\/www.miomiorun.com\/de\/wp-json\/wp\/v2\/product_cat?post=348195"},{"taxonomy":"product_tag","embeddable":true,"href":"https:\/\/www.miomiorun.com\/de\/wp-json\/wp\/v2\/product_tag?post=348195"}],"curies":[{"name":"wp","href":"https:\/\/api.w.org\/{rel}","templated":true}]}}