{"id":347954,"date":"2025-09-11T17:44:29","date_gmt":"2025-09-11T15:44:29","guid":{"rendered":"https:\/\/www.miomiorun.com\/?post_type=product&#038;p=347954"},"modified":"2026-04-17T10:50:48","modified_gmt":"2026-04-17T08:50:48","slug":"s-lab-ultra-10","status":"publish","type":"product","link":"https:\/\/www.miomiorun.com\/de\/produkt\/s-lab-ultra-10\/","title":{"rendered":"S\/LAB Ultra 10"},"content":{"rendered":"<p>Der neue S\/LAB Ultra 10 wurde entwickelt, um die Grenzen des Ultralaufs zu \u00fcberschreiten. Er ist ein ultraleichter und bequemer Rucksack, der gemeinsam mit Fran\u00e7ois d&#8217;Haene entwickelt wurde, um H\u00f6chstleistungen zu garantieren. Dank der SensiFit\u2122-Struktur passt er sich perfekt an den K\u00f6rper an und reduziert St\u00f6\u00dfe, w\u00e4hrend die dehnbaren und atmungsaktiven Materialien stundenlange Bewegungsfreiheit und Komfort gew\u00e4hrleisten.<\/p>\n<p>Mit einem Volumen von 10 Litern und zahlreichen leicht zug\u00e4nglichen Taschen bietet der Rucksack den idealen Platz, um das N\u00f6tigste f\u00fcr Wettk\u00e4mpfe und l\u00e4ngere Trainingseinheiten mitzunehmen. Zwei mitgelieferte weiche 500-ml-S\/LAB-Trinkflaschen sorgen daf\u00fcr, dass Sie immer ausreichend Fl\u00fcssigkeit zu sich nehmen k\u00f6nnen, w\u00e4hrend elastische Schlaufen und das Custom Quiver-System einen stabilen Transport der St\u00f6cke gew\u00e4hrleisten. All das bei einem Gewicht von nur 130 g (210 g mit Zubeh\u00f6r).<\/p>\n<p><strong>Technische Details:<\/strong><br \/>\n&#8211; Volumen: 10 l<br \/>\n&#8211; Gewicht: 130 g (210 g mit Zubeh\u00f6r)<br \/>\n&#8211; Ma\u00dfe: 40 x 25 x 1 cm<br \/>\n&#8211; Kompatibel mit weichen Trinkflaschen (2 x 500 ml im Lieferumfang enthalten)<br \/>\n&#8211; SensiFit\u2122-Konstruktion: Stabilit\u00e4t und Komfort ohne Verrutschen<br \/>\n&#8211; Quick Link-System f\u00fcr schnelle Anpassung der Passform<br \/>\n&#8211; Mehrere Taschen: vorne, seitlich und hinten, mit Rei\u00dfverschluss und Stretch<br \/>\n&#8211; Robuste und zuverl\u00e4ssige YKK-Rei\u00dfverschl\u00fcsse<br \/>\n&#8211; Pfeife im Lieferumfang enthalten<br \/>\n&#8211; Atmungsaktive und 4-Wege-Stretch-Materialien<\/p>\n<p>&nbsp;<\/p>\n","protected":false},"excerpt":{"rendered":"<p>&#8211; Ultraleichter Ultra-Running-Weste-Rucksack (130 g) mit 10 l Volumen<br \/>\n&#8211; Stabiler und bequemer Sitz dank SensiFit\u2122-Technologie<br \/>\n&#8211; 2 S\/LAB-Trinkflaschen \u00e0 500 ml f\u00fcr schnelle Fl\u00fcssigkeitszufuhr im Lieferumfang enthalten<br \/>\n&#8211; Mehrere Taschen mit Rei\u00dfverschluss und Stretchmaterial f\u00fcr schnellen und einfachen Zugriff<br \/>\n&#8211; Custom Quiver-System f\u00fcr stabilen Transport der St\u00f6cke<\/p>\n","protected":false},"featured_media":365194,"template":"","meta":{"_acf_changed":false,"inline_featured_image":false},"product_brand":[],"product_cat":[6342,6396,6398],"product_tag":[20480,20485,20489],"class_list":{"0":"post-347954","1":"product","2":"type-product","3":"status-publish","4":"has-post-thumbnail","6":"product_cat-zubehoer","7":"product_cat-taschen-und-guertel-de","8":"product_cat-taschen-de","9":"product_tag-salomon-de","10":"product_tag-salomon-damen","11":"product_tag-salomon-herren","12":"pa_attivita-outdoor-de","13":"pa_attivita-trail-de","14":"pa_colore-s-lab-ultra-10-set-black-de","15":"pa_marca-salomon-de","16":"pa_sesso-damen","17":"pa_sesso-herren","18":"pa_size-small-de","19":"pa_size-medium-de","20":"pa_size-large-de","21":"pa_size-extra-large-de","23":"first","24":"instock","25":"sale","26":"taxable","27":"shipping-taxable","28":"purchasable","29":"product-type-variable","30":"wvs-archive-product-wrapper"},"acf":[],"yoast_head":"<!-- This site is optimized with the Yoast SEO plugin v26.8 - https:\/\/yoast.com\/product\/yoast-seo-wordpress\/ -->\n<title>Salomon S\/LAB Ultra 10 - Laufrucksack - MioMioRun<\/title>\n<meta name=\"description\" content=\"Salomon S\/LAB Ultra 10: ultraleichter Trailrunning-Rucksack in Westeform. Volumen 10 l, stabiler SensiFit\u2122-Sitz, 2 Flaschen inklusive, mehrere Taschen und Stockeinfassung.\" \/>\n<meta name=\"robots\" content=\"index, follow, max-snippet:-1, max-image-preview:large, max-video-preview:-1\" \/>\n<link rel=\"canonical\" href=\"https:\/\/www.miomiorun.com\/de\/produkt\/s-lab-ultra-10\/\" \/>\n<meta property=\"og:locale\" content=\"de_DE\" \/>\n<meta property=\"og:type\" content=\"article\" \/>\n<meta property=\"og:title\" content=\"Salomon S\/LAB Ultra 10 - Laufrucksack - MioMioRun\" \/>\n<meta property=\"og:description\" content=\"Salomon S\/LAB Ultra 10: ultraleichter Trailrunning-Rucksack in Westeform. Volumen 10 l, stabiler SensiFit\u2122-Sitz, 2 Flaschen inklusive, mehrere Taschen und Stockeinfassung.\" \/>\n<meta property=\"og:url\" content=\"https:\/\/www.miomiorun.com\/de\/produkt\/s-lab-ultra-10\/\" \/>\n<meta property=\"og:site_name\" content=\"MioMioRun\" \/>\n<meta property=\"article:publisher\" content=\"https:\/\/www.facebook.com\/miomiorun\/\" \/>\n<meta property=\"article:modified_time\" content=\"2026-04-17T08:50:48+00:00\" \/>\n<meta property=\"og:image\" content=\"https:\/\/www.miomiorun.com\/app\/uploads\/2025\/10\/salomon-S-LAB-Ultra-10-set-black-LC2533100.webp\" \/>\n\t<meta property=\"og:image:width\" content=\"720\" \/>\n\t<meta property=\"og:image:height\" content=\"720\" \/>\n\t<meta property=\"og:image:type\" content=\"image\/webp\" \/>\n<meta name=\"twitter:card\" content=\"summary_large_image\" \/>\n<meta name=\"twitter:label1\" content=\"Est. reading time\" \/>\n\t<meta name=\"twitter:data1\" content=\"1 minute\" \/>\n<script type=\"application\/ld+json\" class=\"yoast-schema-graph\">{\"@context\":\"https:\/\/schema.org\",\"@graph\":[{\"@type\":\"WebPage\",\"@id\":\"https:\/\/www.miomiorun.com\/de\/produkt\/s-lab-ultra-10\/\",\"url\":\"https:\/\/www.miomiorun.com\/de\/produkt\/s-lab-ultra-10\/\",\"name\":\"Salomon S\/LAB Ultra 10 - Laufrucksack - MioMioRun\",\"isPartOf\":{\"@id\":\"https:\/\/www.miomiorun.com\/de\/#website\"},\"primaryImageOfPage\":{\"@id\":\"https:\/\/www.miomiorun.com\/de\/produkt\/s-lab-ultra-10\/#primaryimage\"},\"image\":{\"@id\":\"https:\/\/www.miomiorun.com\/de\/produkt\/s-lab-ultra-10\/#primaryimage\"},\"thumbnailUrl\":\"https:\/\/www.miomiorun.com\/app\/uploads\/2025\/10\/salomon-S-LAB-Ultra-10-set-black-LC2533100.webp\",\"datePublished\":\"2025-09-11T15:44:29+00:00\",\"dateModified\":\"2026-04-17T08:50:48+00:00\",\"description\":\"Salomon S\/LAB Ultra 10: ultraleichter Trailrunning-Rucksack in Westeform. Volumen 10 l, stabiler SensiFit\u2122-Sitz, 2 Flaschen inklusive, mehrere Taschen und Stockeinfassung.\",\"breadcrumb\":{\"@id\":\"https:\/\/www.miomiorun.com\/de\/produkt\/s-lab-ultra-10\/#breadcrumb\"},\"inLanguage\":\"de-DE\",\"potentialAction\":[{\"@type\":\"ReadAction\",\"target\":[\"https:\/\/www.miomiorun.com\/de\/produkt\/s-lab-ultra-10\/\"]}]},{\"@type\":\"ImageObject\",\"inLanguage\":\"de-DE\",\"@id\":\"https:\/\/www.miomiorun.com\/de\/produkt\/s-lab-ultra-10\/#primaryimage\",\"url\":\"https:\/\/www.miomiorun.com\/app\/uploads\/2025\/10\/salomon-S-LAB-Ultra-10-set-black-LC2533100.webp\",\"contentUrl\":\"https:\/\/www.miomiorun.com\/app\/uploads\/2025\/10\/salomon-S-LAB-Ultra-10-set-black-LC2533100.webp\",\"width\":720,\"height\":720,\"caption\":\"salomon S LAB Ultra 10 set black LC2533100\"},{\"@type\":\"BreadcrumbList\",\"@id\":\"https:\/\/www.miomiorun.com\/de\/produkt\/s-lab-ultra-10\/#breadcrumb\",\"itemListElement\":[{\"@type\":\"ListItem\",\"position\":1,\"name\":\"Home\",\"item\":\"https:\/\/www.miomiorun.com\/de\/\"},{\"@type\":\"ListItem\",\"position\":2,\"name\":\"Shop\",\"item\":\"https:\/\/www.miomiorun.com\/shop\/\"},{\"@type\":\"ListItem\",\"position\":3,\"name\":\"S\/LAB Ultra 10\"}]},{\"@type\":\"WebSite\",\"@id\":\"https:\/\/www.miomiorun.com\/de\/#website\",\"url\":\"https:\/\/www.miomiorun.com\/de\/\",\"name\":\"MioMioRun\",\"description\":\"100% Lauf- und Trailshop\",\"publisher\":{\"@id\":\"https:\/\/www.miomiorun.com\/de\/#organization\"},\"potentialAction\":[{\"@type\":\"SearchAction\",\"target\":{\"@type\":\"EntryPoint\",\"urlTemplate\":\"https:\/\/www.miomiorun.com\/de\/?s={search_term_string}\"},\"query-input\":{\"@type\":\"PropertyValueSpecification\",\"valueRequired\":true,\"valueName\":\"search_term_string\"}}],\"inLanguage\":\"de-DE\"},{\"@type\":\"Organization\",\"@id\":\"https:\/\/www.miomiorun.com\/de\/#organization\",\"name\":\"MioMio Run\",\"url\":\"https:\/\/www.miomiorun.com\/de\/\",\"logo\":{\"@type\":\"ImageObject\",\"inLanguage\":\"de-DE\",\"@id\":\"https:\/\/www.miomiorun.com\/de\/#\/schema\/logo\/image\/\",\"url\":\"https:\/\/www.miomiorun.com\/app\/uploads\/2019\/12\/logomio.png\",\"contentUrl\":\"https:\/\/www.miomiorun.com\/app\/uploads\/2019\/12\/logomio.png\",\"width\":115,\"height\":82,\"caption\":\"MioMio Run\"},\"image\":{\"@id\":\"https:\/\/www.miomiorun.com\/de\/#\/schema\/logo\/image\/\"},\"sameAs\":[\"https:\/\/www.facebook.com\/miomiorun\/\",\"https:\/\/www.instagram.com\/miomiorun\/\"]}]}<\/script>\n<!-- \/ Yoast SEO plugin. -->","yoast_head_json":{"title":"Salomon S\/LAB Ultra 10 - Laufrucksack - MioMioRun","description":"Salomon S\/LAB Ultra 10: ultraleichter Trailrunning-Rucksack in Westeform. Volumen 10 l, stabiler SensiFit\u2122-Sitz, 2 Flaschen inklusive, mehrere Taschen und Stockeinfassung.","robots":{"index":"index","follow":"follow","max-snippet":"max-snippet:-1","max-image-preview":"max-image-preview:large","max-video-preview":"max-video-preview:-1"},"canonical":"https:\/\/www.miomiorun.com\/de\/produkt\/s-lab-ultra-10\/","og_locale":"de_DE","og_type":"article","og_title":"Salomon S\/LAB Ultra 10 - Laufrucksack - MioMioRun","og_description":"Salomon S\/LAB Ultra 10: ultraleichter Trailrunning-Rucksack in Westeform. Volumen 10 l, stabiler SensiFit\u2122-Sitz, 2 Flaschen inklusive, mehrere Taschen und Stockeinfassung.","og_url":"https:\/\/www.miomiorun.com\/de\/produkt\/s-lab-ultra-10\/","og_site_name":"MioMioRun","article_publisher":"https:\/\/www.facebook.com\/miomiorun\/","article_modified_time":"2026-04-17T08:50:48+00:00","og_image":[{"width":720,"height":720,"url":"https:\/\/www.miomiorun.com\/app\/uploads\/2025\/10\/salomon-S-LAB-Ultra-10-set-black-LC2533100.webp","type":"image\/webp"}],"twitter_card":"summary_large_image","twitter_misc":{"Est. reading time":"1 minute"},"schema":{"@context":"https:\/\/schema.org","@graph":[{"@type":"WebPage","@id":"https:\/\/www.miomiorun.com\/de\/produkt\/s-lab-ultra-10\/","url":"https:\/\/www.miomiorun.com\/de\/produkt\/s-lab-ultra-10\/","name":"Salomon S\/LAB Ultra 10 - Laufrucksack - MioMioRun","isPartOf":{"@id":"https:\/\/www.miomiorun.com\/de\/#website"},"primaryImageOfPage":{"@id":"https:\/\/www.miomiorun.com\/de\/produkt\/s-lab-ultra-10\/#primaryimage"},"image":{"@id":"https:\/\/www.miomiorun.com\/de\/produkt\/s-lab-ultra-10\/#primaryimage"},"thumbnailUrl":"https:\/\/www.miomiorun.com\/app\/uploads\/2025\/10\/salomon-S-LAB-Ultra-10-set-black-LC2533100.webp","datePublished":"2025-09-11T15:44:29+00:00","dateModified":"2026-04-17T08:50:48+00:00","description":"Salomon S\/LAB Ultra 10: ultraleichter Trailrunning-Rucksack in Westeform. Volumen 10 l, stabiler SensiFit\u2122-Sitz, 2 Flaschen inklusive, mehrere Taschen und Stockeinfassung.","breadcrumb":{"@id":"https:\/\/www.miomiorun.com\/de\/produkt\/s-lab-ultra-10\/#breadcrumb"},"inLanguage":"de-DE","potentialAction":[{"@type":"ReadAction","target":["https:\/\/www.miomiorun.com\/de\/produkt\/s-lab-ultra-10\/"]}]},{"@type":"ImageObject","inLanguage":"de-DE","@id":"https:\/\/www.miomiorun.com\/de\/produkt\/s-lab-ultra-10\/#primaryimage","url":"https:\/\/www.miomiorun.com\/app\/uploads\/2025\/10\/salomon-S-LAB-Ultra-10-set-black-LC2533100.webp","contentUrl":"https:\/\/www.miomiorun.com\/app\/uploads\/2025\/10\/salomon-S-LAB-Ultra-10-set-black-LC2533100.webp","width":720,"height":720,"caption":"salomon S LAB Ultra 10 set black LC2533100"},{"@type":"BreadcrumbList","@id":"https:\/\/www.miomiorun.com\/de\/produkt\/s-lab-ultra-10\/#breadcrumb","itemListElement":[{"@type":"ListItem","position":1,"name":"Home","item":"https:\/\/www.miomiorun.com\/de\/"},{"@type":"ListItem","position":2,"name":"Shop","item":"https:\/\/www.miomiorun.com\/shop\/"},{"@type":"ListItem","position":3,"name":"S\/LAB Ultra 10"}]},{"@type":"WebSite","@id":"https:\/\/www.miomiorun.com\/de\/#website","url":"https:\/\/www.miomiorun.com\/de\/","name":"MioMioRun","description":"100% Lauf- und Trailshop","publisher":{"@id":"https:\/\/www.miomiorun.com\/de\/#organization"},"potentialAction":[{"@type":"SearchAction","target":{"@type":"EntryPoint","urlTemplate":"https:\/\/www.miomiorun.com\/de\/?s={search_term_string}"},"query-input":{"@type":"PropertyValueSpecification","valueRequired":true,"valueName":"search_term_string"}}],"inLanguage":"de-DE"},{"@type":"Organization","@id":"https:\/\/www.miomiorun.com\/de\/#organization","name":"MioMio Run","url":"https:\/\/www.miomiorun.com\/de\/","logo":{"@type":"ImageObject","inLanguage":"de-DE","@id":"https:\/\/www.miomiorun.com\/de\/#\/schema\/logo\/image\/","url":"https:\/\/www.miomiorun.com\/app\/uploads\/2019\/12\/logomio.png","contentUrl":"https:\/\/www.miomiorun.com\/app\/uploads\/2019\/12\/logomio.png","width":115,"height":82,"caption":"MioMio Run"},"image":{"@id":"https:\/\/www.miomiorun.com\/de\/#\/schema\/logo\/image\/"},"sameAs":["https:\/\/www.facebook.com\/miomiorun\/","https:\/\/www.instagram.com\/miomiorun\/"]}]}},"_links":{"self":[{"href":"https:\/\/www.miomiorun.com\/de\/wp-json\/wp\/v2\/product\/347954","targetHints":{"allow":["GET"]}}],"collection":[{"href":"https:\/\/www.miomiorun.com\/de\/wp-json\/wp\/v2\/product"}],"about":[{"href":"https:\/\/www.miomiorun.com\/de\/wp-json\/wp\/v2\/types\/product"}],"wp:featuredmedia":[{"embeddable":true,"href":"https:\/\/www.miomiorun.com\/de\/wp-json\/wp\/v2\/media\/365194"}],"wp:attachment":[{"href":"https:\/\/www.miomiorun.com\/de\/wp-json\/wp\/v2\/media?parent=347954"}],"wp:term":[{"taxonomy":"product_brand","embeddable":true,"href":"https:\/\/www.miomiorun.com\/de\/wp-json\/wp\/v2\/product_brand?post=347954"},{"taxonomy":"product_cat","embeddable":true,"href":"https:\/\/www.miomiorun.com\/de\/wp-json\/wp\/v2\/product_cat?post=347954"},{"taxonomy":"product_tag","embeddable":true,"href":"https:\/\/www.miomiorun.com\/de\/wp-json\/wp\/v2\/product_tag?post=347954"}],"curies":[{"name":"wp","href":"https:\/\/api.w.org\/{rel}","templated":true}]}}