{"id":347718,"date":"2025-09-11T12:22:23","date_gmt":"2025-09-11T10:22:23","guid":{"rendered":"https:\/\/www.miomiorun.com\/?post_type=product&#038;p=347718"},"modified":"2025-11-07T12:30:11","modified_gmt":"2025-11-07T11:30:11","slug":"summit-high-trail-ss-herren","status":"publish","type":"product","link":"https:\/\/www.miomiorun.com\/de\/produkt\/summit-high-trail-ss-herren\/","title":{"rendered":"Summit High Trail SS herren"},"content":{"rendered":"<p>Das technische Laufshirt Summit High Trail Graphic wurde entwickelt, um dich auf langen Tagen auf den Trails zu begleiten und dir Leichtigkeit, Komfort und Atmungsaktivit\u00e4t zu garantieren. Das Material mit FlashDry-Pro\u2122-Technologie leitet Feuchtigkeit ab und trocknet schnell, sodass du auch unter den intensivsten Bedingungen immer frisch und trocken bleibst.<\/p>\n<p>Die Eins\u00e4tze unter den Armen sorgen f\u00fcr maximale Bewegungsfreiheit, w\u00e4hrend die anatomische Konstruktion und die thermoverschwei\u00dften N\u00e4hte Reibung reduzieren und den Komfort auch beim Tragen eines Rucksacks verbessern. Reflektierende Details runden das Design ab und erh\u00f6hen deine Sichtbarkeit auf schlecht beleuchteten Wegen.<\/p>\n<p><strong>Technische Details:<\/strong><br \/>\n&#8211; FlashDry-Pro\u2122-Material: optimales Feuchtigkeitsmanagement und schnelle Trocknung<br \/>\n&#8211; Eins\u00e4tze unter den Armen f\u00fcr Bewegungsfreiheit<br \/>\n&#8211; Leichte Konstruktion mit anatomischem Design f\u00fcr h\u00f6chsten Komfort<br \/>\n&#8211; Thermoverschwei\u00dfte N\u00e4hte an den Seiten und unter den Armen zur Verringerung von Reibung<br \/>\n&#8211; Schlitz an den Seitenn\u00e4hten des Saums f\u00fcr mehr Bewegungsfreiheit<br \/>\n&#8211; Reflektierende Logos f\u00fcr gute Sichtbarkeit bei schlechten Lichtverh\u00e4ltnissen<\/p>\n<p>&nbsp;<\/p>\n<p>&nbsp;<\/p>\n","protected":false},"excerpt":{"rendered":"<p>&#8211; FlashDry-Pro\u2122-Technologie: schnelle Trocknung und optimale Schwei\u00dfableitung<br \/>\n&#8211; Eins\u00e4tze unter den Armen f\u00fcr maximale Bewegungsfreiheit<br \/>\n&#8211; Thermoverschwei\u00dfte N\u00e4hte, um Reibung durch den Rucksack zu reduzieren<br \/>\n&#8211; Reflektierende Details f\u00fcr mehr Sicherheit<\/p>\n","protected":false},"featured_media":350563,"template":"","meta":{"_acf_changed":false,"inline_featured_image":false},"product_brand":[],"product_cat":[6540,6508],"product_tag":[32390,32398],"class_list":{"0":"post-347718","1":"product","2":"type-product","3":"status-publish","4":"has-post-thumbnail","6":"product_cat-herrenbekleidung","7":"product_cat-herrent-shirt","8":"product_tag-the-north-face-de","9":"product_tag-the-north-face-herren","10":"pa_attivita-fitness-de","11":"pa_attivita-gehen","12":"pa_attivita-running-de","13":"pa_colore-summit-high-trail-ss-de","14":"pa_marca-the-north-face-de","15":"pa_sesso-herren","16":"pa_size-small-de","17":"pa_size-medium-de","19":"first","20":"instock","21":"sale","22":"taxable","23":"shipping-taxable","24":"purchasable","25":"product-type-variable","26":"wvs-archive-product-wrapper"},"acf":[],"yoast_head":"<!-- This site is optimized with the Yoast SEO plugin v26.8 - https:\/\/yoast.com\/product\/yoast-seo-wordpress\/ -->\n<title>The North Face Summit High Trail SS herren - Lauf-T-Shirt- MioMioRun<\/title>\n<meta name=\"description\" content=\"Summit High Trail Graphic: Technisches Trailrunning-T-Shirt mit FlashDry-Pro\u2122, thermoverschwei\u00dften N\u00e4hten und reflektierenden Details. Leicht, atmungsaktiv, perfekt.\" \/>\n<meta name=\"robots\" content=\"index, follow, max-snippet:-1, max-image-preview:large, max-video-preview:-1\" \/>\n<link rel=\"canonical\" href=\"https:\/\/www.miomiorun.com\/de\/produkt\/summit-high-trail-ss-herren\/\" \/>\n<meta property=\"og:locale\" content=\"de_DE\" \/>\n<meta property=\"og:type\" content=\"article\" \/>\n<meta property=\"og:title\" content=\"The North Face Summit High Trail SS herren - Lauf-T-Shirt- MioMioRun\" \/>\n<meta property=\"og:description\" content=\"Summit High Trail Graphic: Technisches Trailrunning-T-Shirt mit FlashDry-Pro\u2122, thermoverschwei\u00dften N\u00e4hten und reflektierenden Details. Leicht, atmungsaktiv, perfekt.\" \/>\n<meta property=\"og:url\" content=\"https:\/\/www.miomiorun.com\/de\/produkt\/summit-high-trail-ss-herren\/\" \/>\n<meta property=\"og:site_name\" content=\"MioMioRun\" \/>\n<meta property=\"article:publisher\" content=\"https:\/\/www.facebook.com\/miomiorun\/\" \/>\n<meta property=\"article:modified_time\" content=\"2025-11-07T11:30:11+00:00\" \/>\n<meta property=\"og:image\" content=\"https:\/\/www.miomiorun.com\/app\/uploads\/2025\/09\/north-face-Summit-High-Trail-SS-NF0A8FB42E81.webp\" \/>\n\t<meta property=\"og:image:width\" content=\"720\" \/>\n\t<meta property=\"og:image:height\" content=\"720\" \/>\n\t<meta property=\"og:image:type\" content=\"image\/webp\" \/>\n<meta name=\"twitter:card\" content=\"summary_large_image\" \/>\n<meta name=\"twitter:label1\" content=\"Est. reading time\" \/>\n\t<meta name=\"twitter:data1\" content=\"1 minute\" \/>\n<script type=\"application\/ld+json\" class=\"yoast-schema-graph\">{\"@context\":\"https:\/\/schema.org\",\"@graph\":[{\"@type\":\"WebPage\",\"@id\":\"https:\/\/www.miomiorun.com\/de\/produkt\/summit-high-trail-ss-herren\/\",\"url\":\"https:\/\/www.miomiorun.com\/de\/produkt\/summit-high-trail-ss-herren\/\",\"name\":\"The North Face Summit High Trail SS herren - Lauf-T-Shirt- MioMioRun\",\"isPartOf\":{\"@id\":\"https:\/\/www.miomiorun.com\/de\/#website\"},\"primaryImageOfPage\":{\"@id\":\"https:\/\/www.miomiorun.com\/de\/produkt\/summit-high-trail-ss-herren\/#primaryimage\"},\"image\":{\"@id\":\"https:\/\/www.miomiorun.com\/de\/produkt\/summit-high-trail-ss-herren\/#primaryimage\"},\"thumbnailUrl\":\"https:\/\/www.miomiorun.com\/app\/uploads\/2025\/09\/north-face-Summit-High-Trail-SS-NF0A8FB42E81.webp\",\"datePublished\":\"2025-09-11T10:22:23+00:00\",\"dateModified\":\"2025-11-07T11:30:11+00:00\",\"description\":\"Summit High Trail Graphic: Technisches Trailrunning-T-Shirt mit FlashDry-Pro\u2122, thermoverschwei\u00dften N\u00e4hten und reflektierenden Details. Leicht, atmungsaktiv, perfekt.\",\"breadcrumb\":{\"@id\":\"https:\/\/www.miomiorun.com\/de\/produkt\/summit-high-trail-ss-herren\/#breadcrumb\"},\"inLanguage\":\"de-DE\",\"potentialAction\":[{\"@type\":\"ReadAction\",\"target\":[\"https:\/\/www.miomiorun.com\/de\/produkt\/summit-high-trail-ss-herren\/\"]}]},{\"@type\":\"ImageObject\",\"inLanguage\":\"de-DE\",\"@id\":\"https:\/\/www.miomiorun.com\/de\/produkt\/summit-high-trail-ss-herren\/#primaryimage\",\"url\":\"https:\/\/www.miomiorun.com\/app\/uploads\/2025\/09\/north-face-Summit-High-Trail-SS-NF0A8FB42E81.webp\",\"contentUrl\":\"https:\/\/www.miomiorun.com\/app\/uploads\/2025\/09\/north-face-Summit-High-Trail-SS-NF0A8FB42E81.webp\",\"width\":720,\"height\":720,\"caption\":\"north face Summit High Trail SS NF0A8FB42E81\"},{\"@type\":\"BreadcrumbList\",\"@id\":\"https:\/\/www.miomiorun.com\/de\/produkt\/summit-high-trail-ss-herren\/#breadcrumb\",\"itemListElement\":[{\"@type\":\"ListItem\",\"position\":1,\"name\":\"Home\",\"item\":\"https:\/\/www.miomiorun.com\/de\/\"},{\"@type\":\"ListItem\",\"position\":2,\"name\":\"Shop\",\"item\":\"https:\/\/www.miomiorun.com\/shop\/\"},{\"@type\":\"ListItem\",\"position\":3,\"name\":\"Summit High Trail SS herren\"}]},{\"@type\":\"WebSite\",\"@id\":\"https:\/\/www.miomiorun.com\/de\/#website\",\"url\":\"https:\/\/www.miomiorun.com\/de\/\",\"name\":\"MioMioRun\",\"description\":\"100% Lauf- und Trailshop\",\"publisher\":{\"@id\":\"https:\/\/www.miomiorun.com\/de\/#organization\"},\"potentialAction\":[{\"@type\":\"SearchAction\",\"target\":{\"@type\":\"EntryPoint\",\"urlTemplate\":\"https:\/\/www.miomiorun.com\/de\/?s={search_term_string}\"},\"query-input\":{\"@type\":\"PropertyValueSpecification\",\"valueRequired\":true,\"valueName\":\"search_term_string\"}}],\"inLanguage\":\"de-DE\"},{\"@type\":\"Organization\",\"@id\":\"https:\/\/www.miomiorun.com\/de\/#organization\",\"name\":\"MioMio Run\",\"url\":\"https:\/\/www.miomiorun.com\/de\/\",\"logo\":{\"@type\":\"ImageObject\",\"inLanguage\":\"de-DE\",\"@id\":\"https:\/\/www.miomiorun.com\/de\/#\/schema\/logo\/image\/\",\"url\":\"https:\/\/www.miomiorun.com\/app\/uploads\/2019\/12\/logomio.png\",\"contentUrl\":\"https:\/\/www.miomiorun.com\/app\/uploads\/2019\/12\/logomio.png\",\"width\":115,\"height\":82,\"caption\":\"MioMio Run\"},\"image\":{\"@id\":\"https:\/\/www.miomiorun.com\/de\/#\/schema\/logo\/image\/\"},\"sameAs\":[\"https:\/\/www.facebook.com\/miomiorun\/\",\"https:\/\/www.instagram.com\/miomiorun\/\"]}]}<\/script>\n<!-- \/ Yoast SEO plugin. -->","yoast_head_json":{"title":"The North Face Summit High Trail SS herren - Lauf-T-Shirt- MioMioRun","description":"Summit High Trail Graphic: Technisches Trailrunning-T-Shirt mit FlashDry-Pro\u2122, thermoverschwei\u00dften N\u00e4hten und reflektierenden Details. Leicht, atmungsaktiv, perfekt.","robots":{"index":"index","follow":"follow","max-snippet":"max-snippet:-1","max-image-preview":"max-image-preview:large","max-video-preview":"max-video-preview:-1"},"canonical":"https:\/\/www.miomiorun.com\/de\/produkt\/summit-high-trail-ss-herren\/","og_locale":"de_DE","og_type":"article","og_title":"The North Face Summit High Trail SS herren - Lauf-T-Shirt- MioMioRun","og_description":"Summit High Trail Graphic: Technisches Trailrunning-T-Shirt mit FlashDry-Pro\u2122, thermoverschwei\u00dften N\u00e4hten und reflektierenden Details. Leicht, atmungsaktiv, perfekt.","og_url":"https:\/\/www.miomiorun.com\/de\/produkt\/summit-high-trail-ss-herren\/","og_site_name":"MioMioRun","article_publisher":"https:\/\/www.facebook.com\/miomiorun\/","article_modified_time":"2025-11-07T11:30:11+00:00","og_image":[{"width":720,"height":720,"url":"https:\/\/www.miomiorun.com\/app\/uploads\/2025\/09\/north-face-Summit-High-Trail-SS-NF0A8FB42E81.webp","type":"image\/webp"}],"twitter_card":"summary_large_image","twitter_misc":{"Est. reading time":"1 minute"},"schema":{"@context":"https:\/\/schema.org","@graph":[{"@type":"WebPage","@id":"https:\/\/www.miomiorun.com\/de\/produkt\/summit-high-trail-ss-herren\/","url":"https:\/\/www.miomiorun.com\/de\/produkt\/summit-high-trail-ss-herren\/","name":"The North Face Summit High Trail SS herren - Lauf-T-Shirt- MioMioRun","isPartOf":{"@id":"https:\/\/www.miomiorun.com\/de\/#website"},"primaryImageOfPage":{"@id":"https:\/\/www.miomiorun.com\/de\/produkt\/summit-high-trail-ss-herren\/#primaryimage"},"image":{"@id":"https:\/\/www.miomiorun.com\/de\/produkt\/summit-high-trail-ss-herren\/#primaryimage"},"thumbnailUrl":"https:\/\/www.miomiorun.com\/app\/uploads\/2025\/09\/north-face-Summit-High-Trail-SS-NF0A8FB42E81.webp","datePublished":"2025-09-11T10:22:23+00:00","dateModified":"2025-11-07T11:30:11+00:00","description":"Summit High Trail Graphic: Technisches Trailrunning-T-Shirt mit FlashDry-Pro\u2122, thermoverschwei\u00dften N\u00e4hten und reflektierenden Details. Leicht, atmungsaktiv, perfekt.","breadcrumb":{"@id":"https:\/\/www.miomiorun.com\/de\/produkt\/summit-high-trail-ss-herren\/#breadcrumb"},"inLanguage":"de-DE","potentialAction":[{"@type":"ReadAction","target":["https:\/\/www.miomiorun.com\/de\/produkt\/summit-high-trail-ss-herren\/"]}]},{"@type":"ImageObject","inLanguage":"de-DE","@id":"https:\/\/www.miomiorun.com\/de\/produkt\/summit-high-trail-ss-herren\/#primaryimage","url":"https:\/\/www.miomiorun.com\/app\/uploads\/2025\/09\/north-face-Summit-High-Trail-SS-NF0A8FB42E81.webp","contentUrl":"https:\/\/www.miomiorun.com\/app\/uploads\/2025\/09\/north-face-Summit-High-Trail-SS-NF0A8FB42E81.webp","width":720,"height":720,"caption":"north face Summit High Trail SS NF0A8FB42E81"},{"@type":"BreadcrumbList","@id":"https:\/\/www.miomiorun.com\/de\/produkt\/summit-high-trail-ss-herren\/#breadcrumb","itemListElement":[{"@type":"ListItem","position":1,"name":"Home","item":"https:\/\/www.miomiorun.com\/de\/"},{"@type":"ListItem","position":2,"name":"Shop","item":"https:\/\/www.miomiorun.com\/shop\/"},{"@type":"ListItem","position":3,"name":"Summit High Trail SS herren"}]},{"@type":"WebSite","@id":"https:\/\/www.miomiorun.com\/de\/#website","url":"https:\/\/www.miomiorun.com\/de\/","name":"MioMioRun","description":"100% Lauf- und Trailshop","publisher":{"@id":"https:\/\/www.miomiorun.com\/de\/#organization"},"potentialAction":[{"@type":"SearchAction","target":{"@type":"EntryPoint","urlTemplate":"https:\/\/www.miomiorun.com\/de\/?s={search_term_string}"},"query-input":{"@type":"PropertyValueSpecification","valueRequired":true,"valueName":"search_term_string"}}],"inLanguage":"de-DE"},{"@type":"Organization","@id":"https:\/\/www.miomiorun.com\/de\/#organization","name":"MioMio Run","url":"https:\/\/www.miomiorun.com\/de\/","logo":{"@type":"ImageObject","inLanguage":"de-DE","@id":"https:\/\/www.miomiorun.com\/de\/#\/schema\/logo\/image\/","url":"https:\/\/www.miomiorun.com\/app\/uploads\/2019\/12\/logomio.png","contentUrl":"https:\/\/www.miomiorun.com\/app\/uploads\/2019\/12\/logomio.png","width":115,"height":82,"caption":"MioMio Run"},"image":{"@id":"https:\/\/www.miomiorun.com\/de\/#\/schema\/logo\/image\/"},"sameAs":["https:\/\/www.facebook.com\/miomiorun\/","https:\/\/www.instagram.com\/miomiorun\/"]}]}},"_links":{"self":[{"href":"https:\/\/www.miomiorun.com\/de\/wp-json\/wp\/v2\/product\/347718","targetHints":{"allow":["GET"]}}],"collection":[{"href":"https:\/\/www.miomiorun.com\/de\/wp-json\/wp\/v2\/product"}],"about":[{"href":"https:\/\/www.miomiorun.com\/de\/wp-json\/wp\/v2\/types\/product"}],"wp:featuredmedia":[{"embeddable":true,"href":"https:\/\/www.miomiorun.com\/de\/wp-json\/wp\/v2\/media\/350563"}],"wp:attachment":[{"href":"https:\/\/www.miomiorun.com\/de\/wp-json\/wp\/v2\/media?parent=347718"}],"wp:term":[{"taxonomy":"product_brand","embeddable":true,"href":"https:\/\/www.miomiorun.com\/de\/wp-json\/wp\/v2\/product_brand?post=347718"},{"taxonomy":"product_cat","embeddable":true,"href":"https:\/\/www.miomiorun.com\/de\/wp-json\/wp\/v2\/product_cat?post=347718"},{"taxonomy":"product_tag","embeddable":true,"href":"https:\/\/www.miomiorun.com\/de\/wp-json\/wp\/v2\/product_tag?post=347718"}],"curies":[{"name":"wp","href":"https:\/\/api.w.org\/{rel}","templated":true}]}}