{"id":347200,"date":"2025-09-11T10:36:36","date_gmt":"2025-09-11T08:36:36","guid":{"rendered":"https:\/\/www.miomiorun.com\/?post_type=product&#038;p=347200"},"modified":"2026-05-09T10:14:46","modified_gmt":"2026-05-09T08:14:46","slug":"fusion-4-5-damen","status":"publish","type":"product","link":"https:\/\/www.miomiorun.com\/de\/produkt\/fusion-4-5-damen\/","title":{"rendered":"Fusion 4.5 damen"},"content":{"rendered":"<div class=\"vc-row container\"><div class=\"vc-column\"><div class=\"vc-column-text\"><\/p>\n<h4>Technische Daten<\/h4>\n<p>Kategorie: Hervorragende D\u00e4mpfung<br \/>\nOffset: 6 mm<br \/>\nGewicht: 250 g<br \/>\nIdeal f\u00fcr: L\u00e4ufer, die einen Schuh mit guter D\u00e4mpfung und hervorragender Stabilit\u00e4t sowie einem fl\u00fcssigen \u00dcbergang f\u00fcr Mittel- und Langstreckenl\u00e4ufe suchen.<br \/>\nGewicht des Athleten: 75-85 kg<br \/>\nLaufgeschwindigkeit: mittel (5,00-6,00 min\/km)<br \/>\n<a href=\"https:\/\/miomiorun.com\/guida-alle-specifiche-tecniche\/\">Leitfaden zu den technischen Daten<\/a><\/p>\n<p><\/div><\/div><div class=\"vc-column\"><div class=\"vc-column-text\"><\/p>\n<p>Der KARHU Fusion 4.5 f\u00fcr Damen ist ein vielseitiger Trainingsschuh f\u00fcr Neutrall\u00e4uferinnen, die Komfort, Reaktionsf\u00e4higkeit und Leistung in einem Schuh suchen. Er ist leicht und dynamisch und bietet einen fl\u00fcssigen Lauf mit weichen \u00dcberg\u00e4ngen von der Ferse zur Spitze sowie ein ged\u00e4mpftes und energiegeladenes Laufgef\u00fchl, ideal f\u00fcr das t\u00e4gliche Training, Tempol\u00e4ufe und Workouts.<\/p>\n<p>Die mit Stickstoff angereicherte AeroFoam-Zwischensohle sorgt f\u00fcr reaktionsfreudigen R\u00fcckprall und \u00fcberragenden Komfort, w\u00e4hrend das neue IdealKnit-Mesh-Obermaterial Atmungsaktivit\u00e4t und eine erstklassige Passform garantiert. Reflektierende Details erh\u00f6hen die Sichtbarkeit, und die neu gestaltete Zunge sorgt f\u00fcr mehr Weichheit und Stabilit\u00e4t und damit f\u00fcr ein angenehmeres Lauferlebnis.<\/p>\n<p><strong>Technische Details:<\/strong><br \/>\n&#8211; Zwischensohle: Stickstoffgef\u00fclltes AeroFoam f\u00fcr D\u00e4mpfung und R\u00fcckfederung<br \/>\n&#8211; Verk\u00fcrzte Fulcrum + Propulsion-Einheit f\u00fcr einen effizienten Laufstil<br \/>\n&#8211; Obermaterial: Atmungsaktives und bequemes IdealKnit-Mesh<br \/>\n&#8211; M-Lock-Schn\u00fcrsystem f\u00fcr einen sicheren Sitz im Mittelfu\u00dfbereich<br \/>\n&#8211; Neu gestaltete, weichere und bequemere Fersenkappe<br \/>\n&#8211; Reflektierende Details f\u00fcr bessere Sichtbarkeit<\/p>\n<p><\/div><\/div><\/div>\n","protected":false},"excerpt":{"rendered":"<p>&#8211; Vielseitiger Trainer f\u00fcr Neutrall\u00e4ufer<br \/>\n&#8211; Mit Stickstoff angereicherte AeroFoam-Mittelsohle f\u00fcr Komfort und Reaktionsf\u00e4higkeit<br \/>\n&#8211; Aktualisiertes, atmungsaktives IdealKnit-Mesh<br \/>\n&#8211; M-Lock-Schn\u00fcrsystem f\u00fcr sicheren Sitz<br \/>\n&#8211; Reflektierende Details f\u00fcr Sichtbarkeit bei schlechten Lichtverh\u00e4ltnissen<\/p>\n","protected":false},"featured_media":361356,"template":"","meta":{"_acf_changed":false,"inline_featured_image":false},"product_brand":[],"product_cat":[6400,6474,6475],"product_tag":[3377,6224],"class_list":{"0":"post-347200","1":"product","2":"type-product","3":"status-publish","4":"has-post-thumbnail","6":"product_cat-damen","7":"product_cat-damenschuhe","8":"product_cat-neutral","9":"product_tag-karhu-de","10":"product_tag-karhu-damen-de","11":"pa_attivita-fitness-de","12":"pa_attivita-gehen","13":"pa_attivita-running-de","14":"pa_colore-fusion-4-5-w-dawn-blue-barberry-de","15":"pa_colore-fusion-4-5-w-white-sand-orchid-tint","16":"pa_marca-karhu-de","17":"pa_sesso-damen","18":"pa_size-37-5-de","19":"pa_size-38-de","20":"pa_size-39-de","21":"pa_size-39-5-de","22":"pa_size-40-de","23":"pa_size-40-5-de","24":"pa_size-41-5-de","25":"pa_size-42-de","27":"first","28":"instock","29":"sale","30":"taxable","31":"shipping-taxable","32":"purchasable","33":"product-type-variable","34":"wvs-archive-product-wrapper"},"acf":[],"yoast_head":"<!-- This site is optimized with the Yoast SEO plugin v26.8 - https:\/\/yoast.com\/product\/yoast-seo-wordpress\/ -->\n<title>Karhu Fusion 4.5 damen - Laufschuhe - MioMioRun<\/title>\n<meta name=\"description\" content=\"KARHU Fusion 4.5 Damen: vielseitiger neutraler Laufschuh mit AeroFoam-Zwischensohle mit Stickstoff, atmungsaktivem IdealKnit-Obermaterial und Fulcrum-Einheit f\u00fcr fl\u00fcssige \u00dcberg\u00e4nge.\" \/>\n<meta name=\"robots\" content=\"index, follow, max-snippet:-1, max-image-preview:large, max-video-preview:-1\" \/>\n<link rel=\"canonical\" href=\"https:\/\/www.miomiorun.com\/de\/produkt\/fusion-4-5-damen\/\" \/>\n<meta property=\"og:locale\" content=\"de_DE\" \/>\n<meta property=\"og:type\" content=\"article\" \/>\n<meta property=\"og:title\" content=\"Karhu Fusion 4.5 damen - Laufschuhe - MioMioRun\" \/>\n<meta property=\"og:description\" content=\"KARHU Fusion 4.5 Damen: vielseitiger neutraler Laufschuh mit AeroFoam-Zwischensohle mit Stickstoff, atmungsaktivem IdealKnit-Obermaterial und Fulcrum-Einheit f\u00fcr fl\u00fcssige \u00dcberg\u00e4nge.\" \/>\n<meta property=\"og:url\" content=\"https:\/\/www.miomiorun.com\/de\/produkt\/fusion-4-5-damen\/\" \/>\n<meta property=\"og:site_name\" content=\"MioMioRun\" \/>\n<meta property=\"article:publisher\" content=\"https:\/\/www.facebook.com\/miomiorun\/\" \/>\n<meta property=\"article:modified_time\" content=\"2026-05-09T08:14:46+00:00\" \/>\n<meta property=\"og:image\" content=\"https:\/\/www.miomiorun.com\/app\/uploads\/2025\/10\/karhu-Fusion-4.5-W-dawn-blue-barberry-F201020.webp\" \/>\n\t<meta property=\"og:image:width\" content=\"720\" \/>\n\t<meta property=\"og:image:height\" content=\"720\" \/>\n\t<meta property=\"og:image:type\" content=\"image\/webp\" \/>\n<meta name=\"twitter:card\" content=\"summary_large_image\" \/>\n<meta name=\"twitter:label1\" content=\"Est. reading time\" \/>\n\t<meta name=\"twitter:data1\" content=\"1 minute\" \/>\n<script type=\"application\/ld+json\" class=\"yoast-schema-graph\">{\"@context\":\"https:\/\/schema.org\",\"@graph\":[{\"@type\":\"WebPage\",\"@id\":\"https:\/\/www.miomiorun.com\/de\/produkt\/fusion-4-5-damen\/\",\"url\":\"https:\/\/www.miomiorun.com\/de\/produkt\/fusion-4-5-damen\/\",\"name\":\"Karhu Fusion 4.5 damen - Laufschuhe - MioMioRun\",\"isPartOf\":{\"@id\":\"https:\/\/www.miomiorun.com\/de\/#website\"},\"primaryImageOfPage\":{\"@id\":\"https:\/\/www.miomiorun.com\/de\/produkt\/fusion-4-5-damen\/#primaryimage\"},\"image\":{\"@id\":\"https:\/\/www.miomiorun.com\/de\/produkt\/fusion-4-5-damen\/#primaryimage\"},\"thumbnailUrl\":\"https:\/\/www.miomiorun.com\/app\/uploads\/2025\/10\/karhu-Fusion-4.5-W-dawn-blue-barberry-F201020.webp\",\"datePublished\":\"2025-09-11T08:36:36+00:00\",\"dateModified\":\"2026-05-09T08:14:46+00:00\",\"description\":\"KARHU Fusion 4.5 Damen: vielseitiger neutraler Laufschuh mit AeroFoam-Zwischensohle mit Stickstoff, atmungsaktivem IdealKnit-Obermaterial und Fulcrum-Einheit f\u00fcr fl\u00fcssige \u00dcberg\u00e4nge.\",\"breadcrumb\":{\"@id\":\"https:\/\/www.miomiorun.com\/de\/produkt\/fusion-4-5-damen\/#breadcrumb\"},\"inLanguage\":\"de-DE\",\"potentialAction\":[{\"@type\":\"ReadAction\",\"target\":[\"https:\/\/www.miomiorun.com\/de\/produkt\/fusion-4-5-damen\/\"]}]},{\"@type\":\"ImageObject\",\"inLanguage\":\"de-DE\",\"@id\":\"https:\/\/www.miomiorun.com\/de\/produkt\/fusion-4-5-damen\/#primaryimage\",\"url\":\"https:\/\/www.miomiorun.com\/app\/uploads\/2025\/10\/karhu-Fusion-4.5-W-dawn-blue-barberry-F201020.webp\",\"contentUrl\":\"https:\/\/www.miomiorun.com\/app\/uploads\/2025\/10\/karhu-Fusion-4.5-W-dawn-blue-barberry-F201020.webp\",\"width\":720,\"height\":720,\"caption\":\"karhu Fusion 4.5 W dawn blue barberry F201020\"},{\"@type\":\"BreadcrumbList\",\"@id\":\"https:\/\/www.miomiorun.com\/de\/produkt\/fusion-4-5-damen\/#breadcrumb\",\"itemListElement\":[{\"@type\":\"ListItem\",\"position\":1,\"name\":\"Home\",\"item\":\"https:\/\/www.miomiorun.com\/de\/\"},{\"@type\":\"ListItem\",\"position\":2,\"name\":\"Shop\",\"item\":\"https:\/\/www.miomiorun.com\/shop\/\"},{\"@type\":\"ListItem\",\"position\":3,\"name\":\"Fusion 4.5 damen\"}]},{\"@type\":\"WebSite\",\"@id\":\"https:\/\/www.miomiorun.com\/de\/#website\",\"url\":\"https:\/\/www.miomiorun.com\/de\/\",\"name\":\"MioMioRun\",\"description\":\"100% Lauf- und Trailshop\",\"publisher\":{\"@id\":\"https:\/\/www.miomiorun.com\/de\/#organization\"},\"potentialAction\":[{\"@type\":\"SearchAction\",\"target\":{\"@type\":\"EntryPoint\",\"urlTemplate\":\"https:\/\/www.miomiorun.com\/de\/?s={search_term_string}\"},\"query-input\":{\"@type\":\"PropertyValueSpecification\",\"valueRequired\":true,\"valueName\":\"search_term_string\"}}],\"inLanguage\":\"de-DE\"},{\"@type\":\"Organization\",\"@id\":\"https:\/\/www.miomiorun.com\/de\/#organization\",\"name\":\"MioMio Run\",\"url\":\"https:\/\/www.miomiorun.com\/de\/\",\"logo\":{\"@type\":\"ImageObject\",\"inLanguage\":\"de-DE\",\"@id\":\"https:\/\/www.miomiorun.com\/de\/#\/schema\/logo\/image\/\",\"url\":\"https:\/\/www.miomiorun.com\/app\/uploads\/2019\/12\/logomio.png\",\"contentUrl\":\"https:\/\/www.miomiorun.com\/app\/uploads\/2019\/12\/logomio.png\",\"width\":115,\"height\":82,\"caption\":\"MioMio Run\"},\"image\":{\"@id\":\"https:\/\/www.miomiorun.com\/de\/#\/schema\/logo\/image\/\"},\"sameAs\":[\"https:\/\/www.facebook.com\/miomiorun\/\",\"https:\/\/www.instagram.com\/miomiorun\/\"]}]}<\/script>\n<!-- \/ Yoast SEO plugin. -->","yoast_head_json":{"title":"Karhu Fusion 4.5 damen - Laufschuhe - MioMioRun","description":"KARHU Fusion 4.5 Damen: vielseitiger neutraler Laufschuh mit AeroFoam-Zwischensohle mit Stickstoff, atmungsaktivem IdealKnit-Obermaterial und Fulcrum-Einheit f\u00fcr fl\u00fcssige \u00dcberg\u00e4nge.","robots":{"index":"index","follow":"follow","max-snippet":"max-snippet:-1","max-image-preview":"max-image-preview:large","max-video-preview":"max-video-preview:-1"},"canonical":"https:\/\/www.miomiorun.com\/de\/produkt\/fusion-4-5-damen\/","og_locale":"de_DE","og_type":"article","og_title":"Karhu Fusion 4.5 damen - Laufschuhe - MioMioRun","og_description":"KARHU Fusion 4.5 Damen: vielseitiger neutraler Laufschuh mit AeroFoam-Zwischensohle mit Stickstoff, atmungsaktivem IdealKnit-Obermaterial und Fulcrum-Einheit f\u00fcr fl\u00fcssige \u00dcberg\u00e4nge.","og_url":"https:\/\/www.miomiorun.com\/de\/produkt\/fusion-4-5-damen\/","og_site_name":"MioMioRun","article_publisher":"https:\/\/www.facebook.com\/miomiorun\/","article_modified_time":"2026-05-09T08:14:46+00:00","og_image":[{"width":720,"height":720,"url":"https:\/\/www.miomiorun.com\/app\/uploads\/2025\/10\/karhu-Fusion-4.5-W-dawn-blue-barberry-F201020.webp","type":"image\/webp"}],"twitter_card":"summary_large_image","twitter_misc":{"Est. reading time":"1 minute"},"schema":{"@context":"https:\/\/schema.org","@graph":[{"@type":"WebPage","@id":"https:\/\/www.miomiorun.com\/de\/produkt\/fusion-4-5-damen\/","url":"https:\/\/www.miomiorun.com\/de\/produkt\/fusion-4-5-damen\/","name":"Karhu Fusion 4.5 damen - Laufschuhe - MioMioRun","isPartOf":{"@id":"https:\/\/www.miomiorun.com\/de\/#website"},"primaryImageOfPage":{"@id":"https:\/\/www.miomiorun.com\/de\/produkt\/fusion-4-5-damen\/#primaryimage"},"image":{"@id":"https:\/\/www.miomiorun.com\/de\/produkt\/fusion-4-5-damen\/#primaryimage"},"thumbnailUrl":"https:\/\/www.miomiorun.com\/app\/uploads\/2025\/10\/karhu-Fusion-4.5-W-dawn-blue-barberry-F201020.webp","datePublished":"2025-09-11T08:36:36+00:00","dateModified":"2026-05-09T08:14:46+00:00","description":"KARHU Fusion 4.5 Damen: vielseitiger neutraler Laufschuh mit AeroFoam-Zwischensohle mit Stickstoff, atmungsaktivem IdealKnit-Obermaterial und Fulcrum-Einheit f\u00fcr fl\u00fcssige \u00dcberg\u00e4nge.","breadcrumb":{"@id":"https:\/\/www.miomiorun.com\/de\/produkt\/fusion-4-5-damen\/#breadcrumb"},"inLanguage":"de-DE","potentialAction":[{"@type":"ReadAction","target":["https:\/\/www.miomiorun.com\/de\/produkt\/fusion-4-5-damen\/"]}]},{"@type":"ImageObject","inLanguage":"de-DE","@id":"https:\/\/www.miomiorun.com\/de\/produkt\/fusion-4-5-damen\/#primaryimage","url":"https:\/\/www.miomiorun.com\/app\/uploads\/2025\/10\/karhu-Fusion-4.5-W-dawn-blue-barberry-F201020.webp","contentUrl":"https:\/\/www.miomiorun.com\/app\/uploads\/2025\/10\/karhu-Fusion-4.5-W-dawn-blue-barberry-F201020.webp","width":720,"height":720,"caption":"karhu Fusion 4.5 W dawn blue barberry F201020"},{"@type":"BreadcrumbList","@id":"https:\/\/www.miomiorun.com\/de\/produkt\/fusion-4-5-damen\/#breadcrumb","itemListElement":[{"@type":"ListItem","position":1,"name":"Home","item":"https:\/\/www.miomiorun.com\/de\/"},{"@type":"ListItem","position":2,"name":"Shop","item":"https:\/\/www.miomiorun.com\/shop\/"},{"@type":"ListItem","position":3,"name":"Fusion 4.5 damen"}]},{"@type":"WebSite","@id":"https:\/\/www.miomiorun.com\/de\/#website","url":"https:\/\/www.miomiorun.com\/de\/","name":"MioMioRun","description":"100% Lauf- und Trailshop","publisher":{"@id":"https:\/\/www.miomiorun.com\/de\/#organization"},"potentialAction":[{"@type":"SearchAction","target":{"@type":"EntryPoint","urlTemplate":"https:\/\/www.miomiorun.com\/de\/?s={search_term_string}"},"query-input":{"@type":"PropertyValueSpecification","valueRequired":true,"valueName":"search_term_string"}}],"inLanguage":"de-DE"},{"@type":"Organization","@id":"https:\/\/www.miomiorun.com\/de\/#organization","name":"MioMio Run","url":"https:\/\/www.miomiorun.com\/de\/","logo":{"@type":"ImageObject","inLanguage":"de-DE","@id":"https:\/\/www.miomiorun.com\/de\/#\/schema\/logo\/image\/","url":"https:\/\/www.miomiorun.com\/app\/uploads\/2019\/12\/logomio.png","contentUrl":"https:\/\/www.miomiorun.com\/app\/uploads\/2019\/12\/logomio.png","width":115,"height":82,"caption":"MioMio Run"},"image":{"@id":"https:\/\/www.miomiorun.com\/de\/#\/schema\/logo\/image\/"},"sameAs":["https:\/\/www.facebook.com\/miomiorun\/","https:\/\/www.instagram.com\/miomiorun\/"]}]}},"_links":{"self":[{"href":"https:\/\/www.miomiorun.com\/de\/wp-json\/wp\/v2\/product\/347200","targetHints":{"allow":["GET"]}}],"collection":[{"href":"https:\/\/www.miomiorun.com\/de\/wp-json\/wp\/v2\/product"}],"about":[{"href":"https:\/\/www.miomiorun.com\/de\/wp-json\/wp\/v2\/types\/product"}],"wp:featuredmedia":[{"embeddable":true,"href":"https:\/\/www.miomiorun.com\/de\/wp-json\/wp\/v2\/media\/361356"}],"wp:attachment":[{"href":"https:\/\/www.miomiorun.com\/de\/wp-json\/wp\/v2\/media?parent=347200"}],"wp:term":[{"taxonomy":"product_brand","embeddable":true,"href":"https:\/\/www.miomiorun.com\/de\/wp-json\/wp\/v2\/product_brand?post=347200"},{"taxonomy":"product_cat","embeddable":true,"href":"https:\/\/www.miomiorun.com\/de\/wp-json\/wp\/v2\/product_cat?post=347200"},{"taxonomy":"product_tag","embeddable":true,"href":"https:\/\/www.miomiorun.com\/de\/wp-json\/wp\/v2\/product_tag?post=347200"}],"curies":[{"name":"wp","href":"https:\/\/api.w.org\/{rel}","templated":true}]}}