{"id":347199,"date":"2025-09-11T10:36:39","date_gmt":"2025-09-11T08:36:39","guid":{"rendered":"https:\/\/www.miomiorun.com\/?post_type=product&#038;p=347199"},"modified":"2026-05-09T10:07:32","modified_gmt":"2026-05-09T08:07:32","slug":"fusion-4-5-herren","status":"publish","type":"product","link":"https:\/\/www.miomiorun.com\/de\/produkt\/fusion-4-5-herren\/","title":{"rendered":"Fusion 4.5 herren"},"content":{"rendered":"<div class=\"vc-row container\"><div class=\"vc-column\"><div class=\"vc-column-text\"><\/p>\n<h4>Technische Daten<\/h4>\n<p>Kategorie: Hervorragende D\u00e4mpfung<br \/>\nOffset: 6 mm<br \/>\nGewicht: 302 g<br \/>\nIdeal f\u00fcr: L\u00e4ufer, die einen Schuh mit guter D\u00e4mpfung und ausgezeichneter Stabilit\u00e4t sowie einem fl\u00fcssigen \u00dcbergang f\u00fcr Mittel- und Langstreckenl\u00e4ufe suchen.<br \/>\nGewicht des Athleten: 75-85 kg<br \/>\nLaufschritt: mittel (5,00-6,00 min\/km)<br \/>\n<a href=\"https:\/\/miomiorun.com\/guida-alle-specifiche-tecniche\/\">Leitfaden zu den technischen Spezifikationen<\/a><\/p>\n<p><\/div><\/div><div class=\"vc-column\"><div class=\"vc-column-text\"><\/p>\n<p>Der KARHU Fusion 4.5 f\u00fcr Herren ist ein vielseitiger Trainingsschuh f\u00fcr Neutrall\u00e4ufer, die eine ausgewogene Mischung aus Komfort, Reaktionsf\u00e4higkeit und Leistung w\u00fcnschen. Dank der Kombination aus weicher D\u00e4mpfung und energischer R\u00fcckfederung unterst\u00fctzt er fl\u00fcssige \u00dcberg\u00e4nge von der Ferse zur Zehe und eignet sich somit ideal f\u00fcr schnelle L\u00e4ufe, t\u00e4gliches Training und Workouts.<\/p>\n<p>Die mit Stickstoff angereicherte AeroFoam-Zwischensohle bietet reaktive R\u00fcckfederung und \u00fcberragenden Komfort, w\u00e4hrend das IdealKnit-Mesh-Obermaterial die Atmungsaktivit\u00e4t und Passform verbessert. Die neu gestaltete Zunge sorgt f\u00fcr mehr Weichheit und ein hochwertiges Tragegef\u00fchl, w\u00e4hrend reflektierende Details die Sichtbarkeit bei schlechten Lichtverh\u00e4ltnissen erh\u00f6hen.<\/p>\n<p><strong>Technische Details:<\/strong><br \/>\n&#8211; Zwischensohle: Stickstoff-infundiertes AeroFoam f\u00fcr D\u00e4mpfung und Reaktionsf\u00e4higkeit<br \/>\n&#8211; Verk\u00fcrzte Fulcrum + Propulsion-Einheit f\u00fcr einen effizienten Lauf<br \/>\n&#8211; Obermaterial: aktualisiertes IdealKnit-Mesh, atmungsaktiv und bequem<br \/>\n&#8211; M-Lock-Schn\u00fcrsystem f\u00fcr sicheren Halt im Mittelfu\u00dfbereich<br \/>\n&#8211; Neu gestaltete, weichere und bequemere Zunge<br \/>\n&#8211; Reflektierende Details f\u00fcr bessere Sichtbarkeit<\/p>\n<p><\/div><\/div><\/div>\n","protected":false},"excerpt":{"rendered":"<p>&#8211; Vielseitiger Trainer f\u00fcr Neutrall\u00e4ufer<br \/>\n&#8211; Mit Stickstoff angereicherte AeroFoam-Mittelsohle f\u00fcr Komfort und R\u00fcckfederung<br \/>\n&#8211; Aktualisiertes IdealKnit-Mesh f\u00fcr verbesserte Atmungsaktivit\u00e4t<br \/>\n&#8211; M-Lock-Schn\u00fcrsystem f\u00fcr stabilen Sitz<br \/>\n&#8211; Reflektierende Details f\u00fcr mehr Sicherheit bei Dunkelheit<\/p>\n","protected":false},"featured_media":360610,"template":"","meta":{"_acf_changed":false,"inline_featured_image":false},"product_brand":[],"product_cat":[6507,6506],"product_tag":[3377,6222],"class_list":{"0":"post-347199","1":"product","2":"type-product","3":"status-publish","4":"has-post-thumbnail","6":"product_cat-herren-schuhe-de","7":"product_cat-neutrale-herren-schuhe-de","8":"product_tag-karhu-de","9":"product_tag-karhu-herren-de","10":"pa_attivita-fitness-de","11":"pa_attivita-gehen","12":"pa_attivita-running-de","13":"pa_colore-fusion-4-5-bit-of-blue-skydiver-de","14":"pa_colore-fusion-4-5-foggy-dew-alloy","15":"pa_colore-fusion-4-5-monument-blue-haze-de","16":"pa_marca-karhu-de","17":"pa_sesso-herren","18":"pa_size-41-5-de","19":"pa_size-42-de","20":"pa_size-42-5-de","21":"pa_size-43-5-de","22":"pa_size-44-de","23":"pa_size-44-5-de","24":"pa_size-45-de","25":"pa_size-46-de","26":"pa_size-46-5-de","27":"pa_size-47-de","29":"first","30":"instock","31":"sale","32":"taxable","33":"shipping-taxable","34":"purchasable","35":"product-type-variable","36":"wvs-archive-product-wrapper"},"acf":[],"yoast_head":"<!-- This site is optimized with the Yoast SEO plugin v26.8 - https:\/\/yoast.com\/product\/yoast-seo-wordpress\/ -->\n<title>Karhu Fusion 4.5 herren - Laufschuhe f\u00fcr Herren - MioMioRun<\/title>\n<meta name=\"description\" content=\"KARHU Fusion 4.5: vielseitiger neutraler Laufschuh mit AeroFoam-Zwischensohle mit Stickstoff, IdealKnit-Obermaterial und Fulcrum-Einheit f\u00fcr fl\u00fcssige und reaktionsfreudige \u00dcberg\u00e4nge.\" \/>\n<meta name=\"robots\" content=\"index, follow, max-snippet:-1, max-image-preview:large, max-video-preview:-1\" \/>\n<link rel=\"canonical\" href=\"https:\/\/www.miomiorun.com\/de\/produkt\/fusion-4-5-herren\/\" \/>\n<meta property=\"og:locale\" content=\"de_DE\" \/>\n<meta property=\"og:type\" content=\"article\" \/>\n<meta property=\"og:title\" content=\"Karhu Fusion 4.5 herren - Laufschuhe f\u00fcr Herren - MioMioRun\" \/>\n<meta property=\"og:description\" content=\"KARHU Fusion 4.5: vielseitiger neutraler Laufschuh mit AeroFoam-Zwischensohle mit Stickstoff, IdealKnit-Obermaterial und Fulcrum-Einheit f\u00fcr fl\u00fcssige und reaktionsfreudige \u00dcberg\u00e4nge.\" \/>\n<meta property=\"og:url\" content=\"https:\/\/www.miomiorun.com\/de\/produkt\/fusion-4-5-herren\/\" \/>\n<meta property=\"og:site_name\" content=\"MioMioRun\" \/>\n<meta property=\"article:publisher\" content=\"https:\/\/www.facebook.com\/miomiorun\/\" \/>\n<meta property=\"article:modified_time\" content=\"2026-05-09T08:07:32+00:00\" \/>\n<meta property=\"og:image\" content=\"https:\/\/www.miomiorun.com\/app\/uploads\/2025\/10\/karhu-Fusion-4.5-monument-blue-haze-F101016.webp\" \/>\n\t<meta property=\"og:image:width\" content=\"720\" \/>\n\t<meta property=\"og:image:height\" content=\"720\" \/>\n\t<meta property=\"og:image:type\" content=\"image\/webp\" \/>\n<meta name=\"twitter:card\" content=\"summary_large_image\" \/>\n<meta name=\"twitter:label1\" content=\"Est. reading time\" \/>\n\t<meta name=\"twitter:data1\" content=\"1 minute\" \/>\n<script type=\"application\/ld+json\" class=\"yoast-schema-graph\">{\"@context\":\"https:\/\/schema.org\",\"@graph\":[{\"@type\":\"WebPage\",\"@id\":\"https:\/\/www.miomiorun.com\/de\/produkt\/fusion-4-5-herren\/\",\"url\":\"https:\/\/www.miomiorun.com\/de\/produkt\/fusion-4-5-herren\/\",\"name\":\"Karhu Fusion 4.5 herren - Laufschuhe f\u00fcr Herren - MioMioRun\",\"isPartOf\":{\"@id\":\"https:\/\/www.miomiorun.com\/de\/#website\"},\"primaryImageOfPage\":{\"@id\":\"https:\/\/www.miomiorun.com\/de\/produkt\/fusion-4-5-herren\/#primaryimage\"},\"image\":{\"@id\":\"https:\/\/www.miomiorun.com\/de\/produkt\/fusion-4-5-herren\/#primaryimage\"},\"thumbnailUrl\":\"https:\/\/www.miomiorun.com\/app\/uploads\/2025\/10\/karhu-Fusion-4.5-monument-blue-haze-F101016.webp\",\"datePublished\":\"2025-09-11T08:36:39+00:00\",\"dateModified\":\"2026-05-09T08:07:32+00:00\",\"description\":\"KARHU Fusion 4.5: vielseitiger neutraler Laufschuh mit AeroFoam-Zwischensohle mit Stickstoff, IdealKnit-Obermaterial und Fulcrum-Einheit f\u00fcr fl\u00fcssige und reaktionsfreudige \u00dcberg\u00e4nge.\",\"breadcrumb\":{\"@id\":\"https:\/\/www.miomiorun.com\/de\/produkt\/fusion-4-5-herren\/#breadcrumb\"},\"inLanguage\":\"de-DE\",\"potentialAction\":[{\"@type\":\"ReadAction\",\"target\":[\"https:\/\/www.miomiorun.com\/de\/produkt\/fusion-4-5-herren\/\"]}]},{\"@type\":\"ImageObject\",\"inLanguage\":\"de-DE\",\"@id\":\"https:\/\/www.miomiorun.com\/de\/produkt\/fusion-4-5-herren\/#primaryimage\",\"url\":\"https:\/\/www.miomiorun.com\/app\/uploads\/2025\/10\/karhu-Fusion-4.5-monument-blue-haze-F101016.webp\",\"contentUrl\":\"https:\/\/www.miomiorun.com\/app\/uploads\/2025\/10\/karhu-Fusion-4.5-monument-blue-haze-F101016.webp\",\"width\":720,\"height\":720,\"caption\":\"karhu Fusion 4.5 monument blue haze F101016\"},{\"@type\":\"BreadcrumbList\",\"@id\":\"https:\/\/www.miomiorun.com\/de\/produkt\/fusion-4-5-herren\/#breadcrumb\",\"itemListElement\":[{\"@type\":\"ListItem\",\"position\":1,\"name\":\"Home\",\"item\":\"https:\/\/www.miomiorun.com\/de\/\"},{\"@type\":\"ListItem\",\"position\":2,\"name\":\"Shop\",\"item\":\"https:\/\/www.miomiorun.com\/shop\/\"},{\"@type\":\"ListItem\",\"position\":3,\"name\":\"Fusion 4.5 herren\"}]},{\"@type\":\"WebSite\",\"@id\":\"https:\/\/www.miomiorun.com\/de\/#website\",\"url\":\"https:\/\/www.miomiorun.com\/de\/\",\"name\":\"MioMioRun\",\"description\":\"100% Lauf- und Trailshop\",\"publisher\":{\"@id\":\"https:\/\/www.miomiorun.com\/de\/#organization\"},\"potentialAction\":[{\"@type\":\"SearchAction\",\"target\":{\"@type\":\"EntryPoint\",\"urlTemplate\":\"https:\/\/www.miomiorun.com\/de\/?s={search_term_string}\"},\"query-input\":{\"@type\":\"PropertyValueSpecification\",\"valueRequired\":true,\"valueName\":\"search_term_string\"}}],\"inLanguage\":\"de-DE\"},{\"@type\":\"Organization\",\"@id\":\"https:\/\/www.miomiorun.com\/de\/#organization\",\"name\":\"MioMio Run\",\"url\":\"https:\/\/www.miomiorun.com\/de\/\",\"logo\":{\"@type\":\"ImageObject\",\"inLanguage\":\"de-DE\",\"@id\":\"https:\/\/www.miomiorun.com\/de\/#\/schema\/logo\/image\/\",\"url\":\"https:\/\/www.miomiorun.com\/app\/uploads\/2019\/12\/logomio.png\",\"contentUrl\":\"https:\/\/www.miomiorun.com\/app\/uploads\/2019\/12\/logomio.png\",\"width\":115,\"height\":82,\"caption\":\"MioMio Run\"},\"image\":{\"@id\":\"https:\/\/www.miomiorun.com\/de\/#\/schema\/logo\/image\/\"},\"sameAs\":[\"https:\/\/www.facebook.com\/miomiorun\/\",\"https:\/\/www.instagram.com\/miomiorun\/\"]}]}<\/script>\n<!-- \/ Yoast SEO plugin. -->","yoast_head_json":{"title":"Karhu Fusion 4.5 herren - Laufschuhe f\u00fcr Herren - MioMioRun","description":"KARHU Fusion 4.5: vielseitiger neutraler Laufschuh mit AeroFoam-Zwischensohle mit Stickstoff, IdealKnit-Obermaterial und Fulcrum-Einheit f\u00fcr fl\u00fcssige und reaktionsfreudige \u00dcberg\u00e4nge.","robots":{"index":"index","follow":"follow","max-snippet":"max-snippet:-1","max-image-preview":"max-image-preview:large","max-video-preview":"max-video-preview:-1"},"canonical":"https:\/\/www.miomiorun.com\/de\/produkt\/fusion-4-5-herren\/","og_locale":"de_DE","og_type":"article","og_title":"Karhu Fusion 4.5 herren - Laufschuhe f\u00fcr Herren - MioMioRun","og_description":"KARHU Fusion 4.5: vielseitiger neutraler Laufschuh mit AeroFoam-Zwischensohle mit Stickstoff, IdealKnit-Obermaterial und Fulcrum-Einheit f\u00fcr fl\u00fcssige und reaktionsfreudige \u00dcberg\u00e4nge.","og_url":"https:\/\/www.miomiorun.com\/de\/produkt\/fusion-4-5-herren\/","og_site_name":"MioMioRun","article_publisher":"https:\/\/www.facebook.com\/miomiorun\/","article_modified_time":"2026-05-09T08:07:32+00:00","og_image":[{"width":720,"height":720,"url":"https:\/\/www.miomiorun.com\/app\/uploads\/2025\/10\/karhu-Fusion-4.5-monument-blue-haze-F101016.webp","type":"image\/webp"}],"twitter_card":"summary_large_image","twitter_misc":{"Est. reading time":"1 minute"},"schema":{"@context":"https:\/\/schema.org","@graph":[{"@type":"WebPage","@id":"https:\/\/www.miomiorun.com\/de\/produkt\/fusion-4-5-herren\/","url":"https:\/\/www.miomiorun.com\/de\/produkt\/fusion-4-5-herren\/","name":"Karhu Fusion 4.5 herren - Laufschuhe f\u00fcr Herren - MioMioRun","isPartOf":{"@id":"https:\/\/www.miomiorun.com\/de\/#website"},"primaryImageOfPage":{"@id":"https:\/\/www.miomiorun.com\/de\/produkt\/fusion-4-5-herren\/#primaryimage"},"image":{"@id":"https:\/\/www.miomiorun.com\/de\/produkt\/fusion-4-5-herren\/#primaryimage"},"thumbnailUrl":"https:\/\/www.miomiorun.com\/app\/uploads\/2025\/10\/karhu-Fusion-4.5-monument-blue-haze-F101016.webp","datePublished":"2025-09-11T08:36:39+00:00","dateModified":"2026-05-09T08:07:32+00:00","description":"KARHU Fusion 4.5: vielseitiger neutraler Laufschuh mit AeroFoam-Zwischensohle mit Stickstoff, IdealKnit-Obermaterial und Fulcrum-Einheit f\u00fcr fl\u00fcssige und reaktionsfreudige \u00dcberg\u00e4nge.","breadcrumb":{"@id":"https:\/\/www.miomiorun.com\/de\/produkt\/fusion-4-5-herren\/#breadcrumb"},"inLanguage":"de-DE","potentialAction":[{"@type":"ReadAction","target":["https:\/\/www.miomiorun.com\/de\/produkt\/fusion-4-5-herren\/"]}]},{"@type":"ImageObject","inLanguage":"de-DE","@id":"https:\/\/www.miomiorun.com\/de\/produkt\/fusion-4-5-herren\/#primaryimage","url":"https:\/\/www.miomiorun.com\/app\/uploads\/2025\/10\/karhu-Fusion-4.5-monument-blue-haze-F101016.webp","contentUrl":"https:\/\/www.miomiorun.com\/app\/uploads\/2025\/10\/karhu-Fusion-4.5-monument-blue-haze-F101016.webp","width":720,"height":720,"caption":"karhu Fusion 4.5 monument blue haze F101016"},{"@type":"BreadcrumbList","@id":"https:\/\/www.miomiorun.com\/de\/produkt\/fusion-4-5-herren\/#breadcrumb","itemListElement":[{"@type":"ListItem","position":1,"name":"Home","item":"https:\/\/www.miomiorun.com\/de\/"},{"@type":"ListItem","position":2,"name":"Shop","item":"https:\/\/www.miomiorun.com\/shop\/"},{"@type":"ListItem","position":3,"name":"Fusion 4.5 herren"}]},{"@type":"WebSite","@id":"https:\/\/www.miomiorun.com\/de\/#website","url":"https:\/\/www.miomiorun.com\/de\/","name":"MioMioRun","description":"100% Lauf- und Trailshop","publisher":{"@id":"https:\/\/www.miomiorun.com\/de\/#organization"},"potentialAction":[{"@type":"SearchAction","target":{"@type":"EntryPoint","urlTemplate":"https:\/\/www.miomiorun.com\/de\/?s={search_term_string}"},"query-input":{"@type":"PropertyValueSpecification","valueRequired":true,"valueName":"search_term_string"}}],"inLanguage":"de-DE"},{"@type":"Organization","@id":"https:\/\/www.miomiorun.com\/de\/#organization","name":"MioMio Run","url":"https:\/\/www.miomiorun.com\/de\/","logo":{"@type":"ImageObject","inLanguage":"de-DE","@id":"https:\/\/www.miomiorun.com\/de\/#\/schema\/logo\/image\/","url":"https:\/\/www.miomiorun.com\/app\/uploads\/2019\/12\/logomio.png","contentUrl":"https:\/\/www.miomiorun.com\/app\/uploads\/2019\/12\/logomio.png","width":115,"height":82,"caption":"MioMio Run"},"image":{"@id":"https:\/\/www.miomiorun.com\/de\/#\/schema\/logo\/image\/"},"sameAs":["https:\/\/www.facebook.com\/miomiorun\/","https:\/\/www.instagram.com\/miomiorun\/"]}]}},"_links":{"self":[{"href":"https:\/\/www.miomiorun.com\/de\/wp-json\/wp\/v2\/product\/347199","targetHints":{"allow":["GET"]}}],"collection":[{"href":"https:\/\/www.miomiorun.com\/de\/wp-json\/wp\/v2\/product"}],"about":[{"href":"https:\/\/www.miomiorun.com\/de\/wp-json\/wp\/v2\/types\/product"}],"wp:featuredmedia":[{"embeddable":true,"href":"https:\/\/www.miomiorun.com\/de\/wp-json\/wp\/v2\/media\/360610"}],"wp:attachment":[{"href":"https:\/\/www.miomiorun.com\/de\/wp-json\/wp\/v2\/media?parent=347199"}],"wp:term":[{"taxonomy":"product_brand","embeddable":true,"href":"https:\/\/www.miomiorun.com\/de\/wp-json\/wp\/v2\/product_brand?post=347199"},{"taxonomy":"product_cat","embeddable":true,"href":"https:\/\/www.miomiorun.com\/de\/wp-json\/wp\/v2\/product_cat?post=347199"},{"taxonomy":"product_tag","embeddable":true,"href":"https:\/\/www.miomiorun.com\/de\/wp-json\/wp\/v2\/product_tag?post=347199"}],"curies":[{"name":"wp","href":"https:\/\/api.w.org\/{rel}","templated":true}]}}