{"id":346963,"date":"2025-09-10T18:17:03","date_gmt":"2025-09-10T16:17:03","guid":{"rendered":"https:\/\/www.miomiorun.com\/?post_type=product&#038;p=346963"},"modified":"2026-04-17T11:02:17","modified_gmt":"2026-04-17T09:02:17","slug":"clifton-10-little-kids","status":"publish","type":"product","link":"https:\/\/www.miomiorun.com\/de\/produkt\/clifton-10-little-kids\/","title":{"rendered":"Clifton 10 little kids"},"content":{"rendered":"<div class=\"vc-row container\"><div class=\"vc-column\"><div class=\"vc-column-text\"><\/p>\n<h4>Technische Daten<\/h4>\n<p>Kategorie: Ausgewogene D\u00e4mpfung<br \/>\nOffset: 4 mm<\/p>\n<p>Ideal f\u00fcr: Kinder, die einen Schuh mit guter D\u00e4mpfung und guter Struktur ben\u00f6tigen. Ideal f\u00fcr die ersten Schritte im Sport.<br \/>\n<a href=\"https:\/\/miomiorun.com\/guida-alle-specifiche-tecniche\/\">Leitfaden zu den technischen Daten<\/a><\/p>\n<p><\/div><\/div><div class=\"vc-column\"><div class=\"vc-column-text\"><\/p>\n<div class=\"description-techspecs__items\">\n<p>Der HOKA Clifton 10 Little Kids ist der ideale Schuh, um die Kleinsten bei ihren t\u00e4glichen Abenteuern zu begleiten. Inspiriert vom ber\u00fchmten Modell f\u00fcr Erwachsene bietet er die gleiche komfortable Weichheit und hervorragende Leistung, angepasst an die Bed\u00fcrfnisse der L\u00e4ufer von morgen. Das leistungsstarke Mesh umh\u00fcllt den Fu\u00df mit Atmungsaktivit\u00e4t und Komfort, w\u00e4hrend der Kn\u00f6chelriemen mit Klettverschluss ein einfaches An- und Ausziehen erm\u00f6glicht.<\/p>\n<p>Die gepolsterte Zwischensohle, die robuste Gummisohle und die Verst\u00e4rkung an der Spitze sorgen f\u00fcr Widerstandsf\u00e4higkeit und Halt auch bei dynamischem Spiel. Reflektierende Details rundum erh\u00f6hen die Sichtbarkeit, w\u00e4hrend nachhaltige und veganfreundliche Materialien diesen Schuh auch zu einer besseren Wahl f\u00fcr die Umwelt machen.<\/p>\n<p><strong>Technische Details:<\/strong><br \/>\n&#8211; Geeignet f\u00fcr: Stra\u00dfe<br \/>\n&#8211; Obermaterial: atmungsaktives Jacquardgewebe mit rPET (57 %)<br \/>\n&#8211; Verschluss: elastischer Schn\u00fcrsenkel mit Klettverschluss oben<br \/>\n&#8211; Verst\u00e4rkung: Zehen- und Fersenbereich aus TPU f\u00fcr mehr Strapazierf\u00e4higkeit<br \/>\n&#8211; Futter: rPET (95 %)<br \/>\n&#8211; 360\u00b0-Reflexdetails<br \/>\n&#8211; Veganes Modell<br \/>\n&#8211; Zwischensohle: EVA aus Zuckerrohr (30 %), fl\u00fcssiges MetaRocker\u2122, Active Foot Frame\u2122 im R\u00fcckfu\u00dfbereich<br \/>\n&#8211; Herausnehmbare, geformte Einlegesohle<br \/>\n&#8211; Sohle: rutschfester Durabrasion-Gummi<br \/>\n&#8211; D\u00e4mpfung: sch\u00fctzend und reaktionsfreudig<\/p>\n<\/div>\n<p><\/div><\/div><\/div>\n","protected":false},"excerpt":{"rendered":"<p>&#8211; Leicht und gepolstert, ideal f\u00fcr das t\u00e4gliche Spiel<br \/>\n&#8211; Elastischer Schn\u00fcrverschluss und Klettverschluss f\u00fcr einfaches Anziehen<br \/>\n&#8211; TPU-Verst\u00e4rkungen an Zehen und Ferse f\u00fcr mehr Strapazierf\u00e4higkeit<br \/>\n&#8211; 360\u00b0-Reflexdetails f\u00fcr Sicherheit und Sichtbarkeit<br \/>\n&#8211; Hergestellt aus nachhaltigen und veganfreundlichen Materialien<\/p>\n","protected":false},"featured_media":351594,"template":"","meta":{"_acf_changed":false,"inline_featured_image":false},"product_brand":[],"product_cat":[19446,19445,6399],"product_tag":[3373,19353,19351],"class_list":{"0":"post-346963","1":"product","2":"type-product","3":"status-publish","4":"has-post-thumbnail","6":"product_cat-kinderschuhe","7":"product_cat-schuhe-fur-madchen","8":"product_cat-kind-de","9":"product_tag-hoka-one-one-de","10":"product_tag-hoka-kind","11":"product_tag-hoka-madchen","12":"pa_attivita-fitness-de","13":"pa_attivita-gehen","14":"pa_attivita-lifestyle-de","15":"pa_attivita-running-de","16":"pa_colore-clifton-10-little-kids-alpine-blue-foggy-de","17":"pa_colore-clifton-10-little-kids-rose-cream-dried-de","18":"pa_marca-hoka-de","19":"pa_sesso-damen","20":"pa_sesso-herren","21":"pa_size-32-de","23":"pa_size-33-de","24":"pa_size-34-de","26":"pa_size-35-de","28":"first","29":"instock","30":"sale","31":"taxable","32":"shipping-taxable","33":"purchasable","34":"product-type-variable","35":"wvs-archive-product-wrapper"},"acf":[],"yoast_head":"<!-- This site is optimized with the Yoast SEO plugin v26.8 - https:\/\/yoast.com\/product\/yoast-seo-wordpress\/ -->\n<title>HokaClifton 10 little kids - Laufschuhe f\u00fcr Kinder - MioMioRun.com<\/title>\n<meta name=\"description\" content=\"HOKA Clifton 10 Little Kids: leichter, gepolsterter Stra\u00dfenschuh f\u00fcr Kinder mit Klettverschluss, reflektierenden Details und nachhaltigen Materialien.\" \/>\n<meta name=\"robots\" content=\"index, follow, max-snippet:-1, max-image-preview:large, max-video-preview:-1\" \/>\n<link rel=\"canonical\" href=\"https:\/\/www.miomiorun.com\/de\/produkt\/clifton-10-little-kids\/\" \/>\n<meta property=\"og:locale\" content=\"de_DE\" \/>\n<meta property=\"og:type\" content=\"article\" \/>\n<meta property=\"og:title\" content=\"HokaClifton 10 little kids - Laufschuhe f\u00fcr Kinder - MioMioRun.com\" \/>\n<meta property=\"og:description\" content=\"HOKA Clifton 10 Little Kids: leichter, gepolsterter Stra\u00dfenschuh f\u00fcr Kinder mit Klettverschluss, reflektierenden Details und nachhaltigen Materialien.\" \/>\n<meta property=\"og:url\" content=\"https:\/\/www.miomiorun.com\/de\/produkt\/clifton-10-little-kids\/\" \/>\n<meta property=\"og:site_name\" content=\"MioMioRun\" \/>\n<meta property=\"article:publisher\" content=\"https:\/\/www.facebook.com\/miomiorun\/\" \/>\n<meta property=\"article:modified_time\" content=\"2026-04-17T09:02:17+00:00\" \/>\n<meta property=\"og:image\" content=\"https:\/\/www.miomiorun.com\/app\/uploads\/2025\/09\/hoka-Clifton-10-little-kids-alpine-blue-foggy-1168873-ALF.webp\" \/>\n\t<meta property=\"og:image:width\" content=\"720\" \/>\n\t<meta property=\"og:image:height\" content=\"720\" \/>\n\t<meta property=\"og:image:type\" content=\"image\/webp\" \/>\n<meta name=\"twitter:card\" content=\"summary_large_image\" \/>\n<meta name=\"twitter:label1\" content=\"Est. reading time\" \/>\n\t<meta name=\"twitter:data1\" content=\"1 minute\" \/>\n<script type=\"application\/ld+json\" class=\"yoast-schema-graph\">{\"@context\":\"https:\/\/schema.org\",\"@graph\":[{\"@type\":\"WebPage\",\"@id\":\"https:\/\/www.miomiorun.com\/de\/produkt\/clifton-10-little-kids\/\",\"url\":\"https:\/\/www.miomiorun.com\/de\/produkt\/clifton-10-little-kids\/\",\"name\":\"HokaClifton 10 little kids - Laufschuhe f\u00fcr Kinder - MioMioRun.com\",\"isPartOf\":{\"@id\":\"https:\/\/www.miomiorun.com\/de\/#website\"},\"primaryImageOfPage\":{\"@id\":\"https:\/\/www.miomiorun.com\/de\/produkt\/clifton-10-little-kids\/#primaryimage\"},\"image\":{\"@id\":\"https:\/\/www.miomiorun.com\/de\/produkt\/clifton-10-little-kids\/#primaryimage\"},\"thumbnailUrl\":\"https:\/\/www.miomiorun.com\/app\/uploads\/2025\/09\/hoka-Clifton-10-little-kids-alpine-blue-foggy-1168873-ALF.webp\",\"datePublished\":\"2025-09-10T16:17:03+00:00\",\"dateModified\":\"2026-04-17T09:02:17+00:00\",\"description\":\"HOKA Clifton 10 Little Kids: leichter, gepolsterter Stra\u00dfenschuh f\u00fcr Kinder mit Klettverschluss, reflektierenden Details und nachhaltigen Materialien.\",\"breadcrumb\":{\"@id\":\"https:\/\/www.miomiorun.com\/de\/produkt\/clifton-10-little-kids\/#breadcrumb\"},\"inLanguage\":\"de-DE\",\"potentialAction\":[{\"@type\":\"ReadAction\",\"target\":[\"https:\/\/www.miomiorun.com\/de\/produkt\/clifton-10-little-kids\/\"]}]},{\"@type\":\"ImageObject\",\"inLanguage\":\"de-DE\",\"@id\":\"https:\/\/www.miomiorun.com\/de\/produkt\/clifton-10-little-kids\/#primaryimage\",\"url\":\"https:\/\/www.miomiorun.com\/app\/uploads\/2025\/09\/hoka-Clifton-10-little-kids-alpine-blue-foggy-1168873-ALF.webp\",\"contentUrl\":\"https:\/\/www.miomiorun.com\/app\/uploads\/2025\/09\/hoka-Clifton-10-little-kids-alpine-blue-foggy-1168873-ALF.webp\",\"width\":720,\"height\":720,\"caption\":\"hoka Clifton 10 little kids alpine blue foggy 1168873 ALF\"},{\"@type\":\"BreadcrumbList\",\"@id\":\"https:\/\/www.miomiorun.com\/de\/produkt\/clifton-10-little-kids\/#breadcrumb\",\"itemListElement\":[{\"@type\":\"ListItem\",\"position\":1,\"name\":\"Home\",\"item\":\"https:\/\/www.miomiorun.com\/de\/\"},{\"@type\":\"ListItem\",\"position\":2,\"name\":\"Shop\",\"item\":\"https:\/\/www.miomiorun.com\/shop\/\"},{\"@type\":\"ListItem\",\"position\":3,\"name\":\"Clifton 10 little kids\"}]},{\"@type\":\"WebSite\",\"@id\":\"https:\/\/www.miomiorun.com\/de\/#website\",\"url\":\"https:\/\/www.miomiorun.com\/de\/\",\"name\":\"MioMioRun\",\"description\":\"100% Lauf- und Trailshop\",\"publisher\":{\"@id\":\"https:\/\/www.miomiorun.com\/de\/#organization\"},\"potentialAction\":[{\"@type\":\"SearchAction\",\"target\":{\"@type\":\"EntryPoint\",\"urlTemplate\":\"https:\/\/www.miomiorun.com\/de\/?s={search_term_string}\"},\"query-input\":{\"@type\":\"PropertyValueSpecification\",\"valueRequired\":true,\"valueName\":\"search_term_string\"}}],\"inLanguage\":\"de-DE\"},{\"@type\":\"Organization\",\"@id\":\"https:\/\/www.miomiorun.com\/de\/#organization\",\"name\":\"MioMio Run\",\"url\":\"https:\/\/www.miomiorun.com\/de\/\",\"logo\":{\"@type\":\"ImageObject\",\"inLanguage\":\"de-DE\",\"@id\":\"https:\/\/www.miomiorun.com\/de\/#\/schema\/logo\/image\/\",\"url\":\"https:\/\/www.miomiorun.com\/app\/uploads\/2019\/12\/logomio.png\",\"contentUrl\":\"https:\/\/www.miomiorun.com\/app\/uploads\/2019\/12\/logomio.png\",\"width\":115,\"height\":82,\"caption\":\"MioMio Run\"},\"image\":{\"@id\":\"https:\/\/www.miomiorun.com\/de\/#\/schema\/logo\/image\/\"},\"sameAs\":[\"https:\/\/www.facebook.com\/miomiorun\/\",\"https:\/\/www.instagram.com\/miomiorun\/\"]}]}<\/script>\n<!-- \/ Yoast SEO plugin. -->","yoast_head_json":{"title":"HokaClifton 10 little kids - Laufschuhe f\u00fcr Kinder - MioMioRun.com","description":"HOKA Clifton 10 Little Kids: leichter, gepolsterter Stra\u00dfenschuh f\u00fcr Kinder mit Klettverschluss, reflektierenden Details und nachhaltigen Materialien.","robots":{"index":"index","follow":"follow","max-snippet":"max-snippet:-1","max-image-preview":"max-image-preview:large","max-video-preview":"max-video-preview:-1"},"canonical":"https:\/\/www.miomiorun.com\/de\/produkt\/clifton-10-little-kids\/","og_locale":"de_DE","og_type":"article","og_title":"HokaClifton 10 little kids - Laufschuhe f\u00fcr Kinder - MioMioRun.com","og_description":"HOKA Clifton 10 Little Kids: leichter, gepolsterter Stra\u00dfenschuh f\u00fcr Kinder mit Klettverschluss, reflektierenden Details und nachhaltigen Materialien.","og_url":"https:\/\/www.miomiorun.com\/de\/produkt\/clifton-10-little-kids\/","og_site_name":"MioMioRun","article_publisher":"https:\/\/www.facebook.com\/miomiorun\/","article_modified_time":"2026-04-17T09:02:17+00:00","og_image":[{"width":720,"height":720,"url":"https:\/\/www.miomiorun.com\/app\/uploads\/2025\/09\/hoka-Clifton-10-little-kids-alpine-blue-foggy-1168873-ALF.webp","type":"image\/webp"}],"twitter_card":"summary_large_image","twitter_misc":{"Est. reading time":"1 minute"},"schema":{"@context":"https:\/\/schema.org","@graph":[{"@type":"WebPage","@id":"https:\/\/www.miomiorun.com\/de\/produkt\/clifton-10-little-kids\/","url":"https:\/\/www.miomiorun.com\/de\/produkt\/clifton-10-little-kids\/","name":"HokaClifton 10 little kids - Laufschuhe f\u00fcr Kinder - MioMioRun.com","isPartOf":{"@id":"https:\/\/www.miomiorun.com\/de\/#website"},"primaryImageOfPage":{"@id":"https:\/\/www.miomiorun.com\/de\/produkt\/clifton-10-little-kids\/#primaryimage"},"image":{"@id":"https:\/\/www.miomiorun.com\/de\/produkt\/clifton-10-little-kids\/#primaryimage"},"thumbnailUrl":"https:\/\/www.miomiorun.com\/app\/uploads\/2025\/09\/hoka-Clifton-10-little-kids-alpine-blue-foggy-1168873-ALF.webp","datePublished":"2025-09-10T16:17:03+00:00","dateModified":"2026-04-17T09:02:17+00:00","description":"HOKA Clifton 10 Little Kids: leichter, gepolsterter Stra\u00dfenschuh f\u00fcr Kinder mit Klettverschluss, reflektierenden Details und nachhaltigen Materialien.","breadcrumb":{"@id":"https:\/\/www.miomiorun.com\/de\/produkt\/clifton-10-little-kids\/#breadcrumb"},"inLanguage":"de-DE","potentialAction":[{"@type":"ReadAction","target":["https:\/\/www.miomiorun.com\/de\/produkt\/clifton-10-little-kids\/"]}]},{"@type":"ImageObject","inLanguage":"de-DE","@id":"https:\/\/www.miomiorun.com\/de\/produkt\/clifton-10-little-kids\/#primaryimage","url":"https:\/\/www.miomiorun.com\/app\/uploads\/2025\/09\/hoka-Clifton-10-little-kids-alpine-blue-foggy-1168873-ALF.webp","contentUrl":"https:\/\/www.miomiorun.com\/app\/uploads\/2025\/09\/hoka-Clifton-10-little-kids-alpine-blue-foggy-1168873-ALF.webp","width":720,"height":720,"caption":"hoka Clifton 10 little kids alpine blue foggy 1168873 ALF"},{"@type":"BreadcrumbList","@id":"https:\/\/www.miomiorun.com\/de\/produkt\/clifton-10-little-kids\/#breadcrumb","itemListElement":[{"@type":"ListItem","position":1,"name":"Home","item":"https:\/\/www.miomiorun.com\/de\/"},{"@type":"ListItem","position":2,"name":"Shop","item":"https:\/\/www.miomiorun.com\/shop\/"},{"@type":"ListItem","position":3,"name":"Clifton 10 little kids"}]},{"@type":"WebSite","@id":"https:\/\/www.miomiorun.com\/de\/#website","url":"https:\/\/www.miomiorun.com\/de\/","name":"MioMioRun","description":"100% Lauf- und Trailshop","publisher":{"@id":"https:\/\/www.miomiorun.com\/de\/#organization"},"potentialAction":[{"@type":"SearchAction","target":{"@type":"EntryPoint","urlTemplate":"https:\/\/www.miomiorun.com\/de\/?s={search_term_string}"},"query-input":{"@type":"PropertyValueSpecification","valueRequired":true,"valueName":"search_term_string"}}],"inLanguage":"de-DE"},{"@type":"Organization","@id":"https:\/\/www.miomiorun.com\/de\/#organization","name":"MioMio Run","url":"https:\/\/www.miomiorun.com\/de\/","logo":{"@type":"ImageObject","inLanguage":"de-DE","@id":"https:\/\/www.miomiorun.com\/de\/#\/schema\/logo\/image\/","url":"https:\/\/www.miomiorun.com\/app\/uploads\/2019\/12\/logomio.png","contentUrl":"https:\/\/www.miomiorun.com\/app\/uploads\/2019\/12\/logomio.png","width":115,"height":82,"caption":"MioMio Run"},"image":{"@id":"https:\/\/www.miomiorun.com\/de\/#\/schema\/logo\/image\/"},"sameAs":["https:\/\/www.facebook.com\/miomiorun\/","https:\/\/www.instagram.com\/miomiorun\/"]}]}},"_links":{"self":[{"href":"https:\/\/www.miomiorun.com\/de\/wp-json\/wp\/v2\/product\/346963","targetHints":{"allow":["GET"]}}],"collection":[{"href":"https:\/\/www.miomiorun.com\/de\/wp-json\/wp\/v2\/product"}],"about":[{"href":"https:\/\/www.miomiorun.com\/de\/wp-json\/wp\/v2\/types\/product"}],"wp:featuredmedia":[{"embeddable":true,"href":"https:\/\/www.miomiorun.com\/de\/wp-json\/wp\/v2\/media\/351594"}],"wp:attachment":[{"href":"https:\/\/www.miomiorun.com\/de\/wp-json\/wp\/v2\/media?parent=346963"}],"wp:term":[{"taxonomy":"product_brand","embeddable":true,"href":"https:\/\/www.miomiorun.com\/de\/wp-json\/wp\/v2\/product_brand?post=346963"},{"taxonomy":"product_cat","embeddable":true,"href":"https:\/\/www.miomiorun.com\/de\/wp-json\/wp\/v2\/product_cat?post=346963"},{"taxonomy":"product_tag","embeddable":true,"href":"https:\/\/www.miomiorun.com\/de\/wp-json\/wp\/v2\/product_tag?post=346963"}],"curies":[{"name":"wp","href":"https:\/\/api.w.org\/{rel}","templated":true}]}}