{"id":346645,"date":"2025-09-10T17:31:19","date_gmt":"2025-09-10T15:31:19","guid":{"rendered":"https:\/\/www.miomiorun.com\/?post_type=product&#038;p=346645"},"modified":"2026-04-17T11:02:25","modified_gmt":"2026-04-17T09:02:25","slug":"notch-thermal-hoodie-3-0-damen","status":"publish","type":"product","link":"https:\/\/www.miomiorun.com\/de\/produkt\/notch-thermal-hoodie-3-0-damen\/","title":{"rendered":"Notch Thermal Hoodie 3.0 damen"},"content":{"rendered":"<p>Bleiben Sie auch an kalten, dunklen Tagen warm mit dem Brooks Notch Thermal Hoodie 3.0 f\u00fcr Damen. Diese weiche, thermische Zwischenschicht wurde f\u00fcr Komfort, W\u00e4rme und Geruchsneutralit\u00e4t entwickelt, damit Sie bei Ihren Winterl\u00e4ufen frisch und konzentriert bleiben. Die halbtaillierte Passform schmiegt sich an den K\u00f6rper an, ohne die Bewegungsfreiheit einzuschr\u00e4nken, und sorgt so f\u00fcr Funktionalit\u00e4t und Freiheit.<\/p>\n<p>Das Design umfasst reflektierende Details auf der R\u00fcckseite f\u00fcr bessere Sichtbarkeit und integrierte F\u00e4ustling-Handschuhe f\u00fcr zus\u00e4tzlichen K\u00e4lteschutz. Ein vielseitiges Funktionssweatshirt, perfekt f\u00fcr die kalte Jahreszeit.<\/p>\n<p>Technische Details:<br \/>\n&#8211; Passform: halbtailliert<br \/>\n&#8211; Ideal f\u00fcr: Laufen bei kaltem Wetter<br \/>\n&#8211; Weiches, leichtes Thermomaterial<br \/>\n&#8211; Geruchsneutral<br \/>\n&#8211; Reflektierende Details auf der R\u00fcckseite f\u00fcr bessere Sichtbarkeit<br \/>\n&#8211; Integrierte F\u00e4ustlinge<\/p>\n<p>Pflege: separat in der Maschine waschen, ohne Weichsp\u00fcler; bei niedriger Temperatur trocknen<\/p>\n<p>&nbsp;<\/p>\n","protected":false},"excerpt":{"rendered":"<p>&#8211; Optimale W\u00e4rme und Leichtigkeit f\u00fcr kalte Tage<br \/>\n&#8211; Halbtaillierte Passform, die sich den Bewegungen anpasst<br \/>\n&#8211; Geruchsneutrales Material f\u00fcr lang anhaltenden Komfort<br \/>\n&#8211; Reflektierende Details f\u00fcr bessere Sichtbarkeit<br \/>\n&#8211; Integrierte F\u00e4ustlinge f\u00fcr zus\u00e4tzlichen Schutz<\/p>\n","protected":false},"featured_media":358404,"template":"","meta":{"_acf_changed":false,"inline_featured_image":false},"product_brand":[],"product_cat":[6401,6486],"product_tag":[3362,6205],"class_list":{"0":"post-346645","1":"product","2":"type-product","3":"status-publish","4":"has-post-thumbnail","6":"product_cat-damenbekleidung","7":"product_cat-damenlangarmshirts","8":"product_tag-brooks-de","9":"product_tag-brooks-damen-de","10":"pa_attivita-gehen","11":"pa_attivita-running-de","12":"pa_colore-notch-thermal-hoodie-3-0-w-magenta-de","13":"pa_marca-brooks-de","14":"pa_sesso-damen","15":"pa_size-extra-small-de","16":"pa_size-small-de","17":"pa_size-medium-de","19":"first","20":"instock","21":"sale","22":"taxable","23":"shipping-taxable","24":"purchasable","25":"product-type-variable","26":"wvs-archive-product-wrapper"},"acf":[],"yoast_head":"<!-- This site is optimized with the Yoast SEO plugin v26.8 - https:\/\/yoast.com\/product\/yoast-seo-wordpress\/ -->\n<title>Notch Thermal Hoodie 3.0 damen - Laufshirt - MioMioRun<\/title>\n<meta name=\"description\" content=\"Notch Thermal Hoodie 3.0: Thermosweatshirt mit Kapuze, reflektierend, geruchsneutral und mit integrierten F\u00e4ustlinghandschuhen. Komfort und W\u00e4rme f\u00fcr Winterl\u00e4ufe.\" \/>\n<meta name=\"robots\" content=\"index, follow, max-snippet:-1, max-image-preview:large, max-video-preview:-1\" \/>\n<link rel=\"canonical\" href=\"https:\/\/www.miomiorun.com\/de\/produkt\/notch-thermal-hoodie-3-0-damen\/\" \/>\n<meta property=\"og:locale\" content=\"de_DE\" \/>\n<meta property=\"og:type\" content=\"article\" \/>\n<meta property=\"og:title\" content=\"Notch Thermal Hoodie 3.0 damen - Laufshirt - MioMioRun\" \/>\n<meta property=\"og:description\" content=\"Notch Thermal Hoodie 3.0: Thermosweatshirt mit Kapuze, reflektierend, geruchsneutral und mit integrierten F\u00e4ustlinghandschuhen. Komfort und W\u00e4rme f\u00fcr Winterl\u00e4ufe.\" \/>\n<meta property=\"og:url\" content=\"https:\/\/www.miomiorun.com\/de\/produkt\/notch-thermal-hoodie-3-0-damen\/\" \/>\n<meta property=\"og:site_name\" content=\"MioMioRun\" \/>\n<meta property=\"article:publisher\" content=\"https:\/\/www.facebook.com\/miomiorun\/\" \/>\n<meta property=\"article:modified_time\" content=\"2026-04-17T09:02:25+00:00\" \/>\n<meta property=\"og:image\" content=\"https:\/\/www.miomiorun.com\/app\/uploads\/2025\/10\/brooks-Notch-thermal-hoodie-3.0-W-magenta-221738588.webp\" \/>\n\t<meta property=\"og:image:width\" content=\"720\" \/>\n\t<meta property=\"og:image:height\" content=\"720\" \/>\n\t<meta property=\"og:image:type\" content=\"image\/webp\" \/>\n<meta name=\"twitter:card\" content=\"summary_large_image\" \/>\n<meta name=\"twitter:label1\" content=\"Est. reading time\" \/>\n\t<meta name=\"twitter:data1\" content=\"1 minute\" \/>\n<script type=\"application\/ld+json\" class=\"yoast-schema-graph\">{\"@context\":\"https:\/\/schema.org\",\"@graph\":[{\"@type\":\"WebPage\",\"@id\":\"https:\/\/www.miomiorun.com\/de\/produkt\/notch-thermal-hoodie-3-0-damen\/\",\"url\":\"https:\/\/www.miomiorun.com\/de\/produkt\/notch-thermal-hoodie-3-0-damen\/\",\"name\":\"Notch Thermal Hoodie 3.0 damen - Laufshirt - MioMioRun\",\"isPartOf\":{\"@id\":\"https:\/\/www.miomiorun.com\/de\/#website\"},\"primaryImageOfPage\":{\"@id\":\"https:\/\/www.miomiorun.com\/de\/produkt\/notch-thermal-hoodie-3-0-damen\/#primaryimage\"},\"image\":{\"@id\":\"https:\/\/www.miomiorun.com\/de\/produkt\/notch-thermal-hoodie-3-0-damen\/#primaryimage\"},\"thumbnailUrl\":\"https:\/\/www.miomiorun.com\/app\/uploads\/2025\/10\/brooks-Notch-thermal-hoodie-3.0-W-magenta-221738588.webp\",\"datePublished\":\"2025-09-10T15:31:19+00:00\",\"dateModified\":\"2026-04-17T09:02:25+00:00\",\"description\":\"Notch Thermal Hoodie 3.0: Thermosweatshirt mit Kapuze, reflektierend, geruchsneutral und mit integrierten F\u00e4ustlinghandschuhen. Komfort und W\u00e4rme f\u00fcr Winterl\u00e4ufe.\",\"breadcrumb\":{\"@id\":\"https:\/\/www.miomiorun.com\/de\/produkt\/notch-thermal-hoodie-3-0-damen\/#breadcrumb\"},\"inLanguage\":\"de-DE\",\"potentialAction\":[{\"@type\":\"ReadAction\",\"target\":[\"https:\/\/www.miomiorun.com\/de\/produkt\/notch-thermal-hoodie-3-0-damen\/\"]}]},{\"@type\":\"ImageObject\",\"inLanguage\":\"de-DE\",\"@id\":\"https:\/\/www.miomiorun.com\/de\/produkt\/notch-thermal-hoodie-3-0-damen\/#primaryimage\",\"url\":\"https:\/\/www.miomiorun.com\/app\/uploads\/2025\/10\/brooks-Notch-thermal-hoodie-3.0-W-magenta-221738588.webp\",\"contentUrl\":\"https:\/\/www.miomiorun.com\/app\/uploads\/2025\/10\/brooks-Notch-thermal-hoodie-3.0-W-magenta-221738588.webp\",\"width\":720,\"height\":720,\"caption\":\"brooks Notch thermal hoodie 3.0 W magenta 221738588\"},{\"@type\":\"BreadcrumbList\",\"@id\":\"https:\/\/www.miomiorun.com\/de\/produkt\/notch-thermal-hoodie-3-0-damen\/#breadcrumb\",\"itemListElement\":[{\"@type\":\"ListItem\",\"position\":1,\"name\":\"Home\",\"item\":\"https:\/\/www.miomiorun.com\/de\/\"},{\"@type\":\"ListItem\",\"position\":2,\"name\":\"Shop\",\"item\":\"https:\/\/www.miomiorun.com\/shop\/\"},{\"@type\":\"ListItem\",\"position\":3,\"name\":\"Notch Thermal Hoodie 3.0 damen\"}]},{\"@type\":\"WebSite\",\"@id\":\"https:\/\/www.miomiorun.com\/de\/#website\",\"url\":\"https:\/\/www.miomiorun.com\/de\/\",\"name\":\"MioMioRun\",\"description\":\"100% Lauf- und Trailshop\",\"publisher\":{\"@id\":\"https:\/\/www.miomiorun.com\/de\/#organization\"},\"potentialAction\":[{\"@type\":\"SearchAction\",\"target\":{\"@type\":\"EntryPoint\",\"urlTemplate\":\"https:\/\/www.miomiorun.com\/de\/?s={search_term_string}\"},\"query-input\":{\"@type\":\"PropertyValueSpecification\",\"valueRequired\":true,\"valueName\":\"search_term_string\"}}],\"inLanguage\":\"de-DE\"},{\"@type\":\"Organization\",\"@id\":\"https:\/\/www.miomiorun.com\/de\/#organization\",\"name\":\"MioMio Run\",\"url\":\"https:\/\/www.miomiorun.com\/de\/\",\"logo\":{\"@type\":\"ImageObject\",\"inLanguage\":\"de-DE\",\"@id\":\"https:\/\/www.miomiorun.com\/de\/#\/schema\/logo\/image\/\",\"url\":\"https:\/\/www.miomiorun.com\/app\/uploads\/2019\/12\/logomio.png\",\"contentUrl\":\"https:\/\/www.miomiorun.com\/app\/uploads\/2019\/12\/logomio.png\",\"width\":115,\"height\":82,\"caption\":\"MioMio Run\"},\"image\":{\"@id\":\"https:\/\/www.miomiorun.com\/de\/#\/schema\/logo\/image\/\"},\"sameAs\":[\"https:\/\/www.facebook.com\/miomiorun\/\",\"https:\/\/www.instagram.com\/miomiorun\/\"]}]}<\/script>\n<!-- \/ Yoast SEO plugin. -->","yoast_head_json":{"title":"Notch Thermal Hoodie 3.0 damen - Laufshirt - MioMioRun","description":"Notch Thermal Hoodie 3.0: Thermosweatshirt mit Kapuze, reflektierend, geruchsneutral und mit integrierten F\u00e4ustlinghandschuhen. Komfort und W\u00e4rme f\u00fcr Winterl\u00e4ufe.","robots":{"index":"index","follow":"follow","max-snippet":"max-snippet:-1","max-image-preview":"max-image-preview:large","max-video-preview":"max-video-preview:-1"},"canonical":"https:\/\/www.miomiorun.com\/de\/produkt\/notch-thermal-hoodie-3-0-damen\/","og_locale":"de_DE","og_type":"article","og_title":"Notch Thermal Hoodie 3.0 damen - Laufshirt - MioMioRun","og_description":"Notch Thermal Hoodie 3.0: Thermosweatshirt mit Kapuze, reflektierend, geruchsneutral und mit integrierten F\u00e4ustlinghandschuhen. Komfort und W\u00e4rme f\u00fcr Winterl\u00e4ufe.","og_url":"https:\/\/www.miomiorun.com\/de\/produkt\/notch-thermal-hoodie-3-0-damen\/","og_site_name":"MioMioRun","article_publisher":"https:\/\/www.facebook.com\/miomiorun\/","article_modified_time":"2026-04-17T09:02:25+00:00","og_image":[{"width":720,"height":720,"url":"https:\/\/www.miomiorun.com\/app\/uploads\/2025\/10\/brooks-Notch-thermal-hoodie-3.0-W-magenta-221738588.webp","type":"image\/webp"}],"twitter_card":"summary_large_image","twitter_misc":{"Est. reading time":"1 minute"},"schema":{"@context":"https:\/\/schema.org","@graph":[{"@type":"WebPage","@id":"https:\/\/www.miomiorun.com\/de\/produkt\/notch-thermal-hoodie-3-0-damen\/","url":"https:\/\/www.miomiorun.com\/de\/produkt\/notch-thermal-hoodie-3-0-damen\/","name":"Notch Thermal Hoodie 3.0 damen - Laufshirt - MioMioRun","isPartOf":{"@id":"https:\/\/www.miomiorun.com\/de\/#website"},"primaryImageOfPage":{"@id":"https:\/\/www.miomiorun.com\/de\/produkt\/notch-thermal-hoodie-3-0-damen\/#primaryimage"},"image":{"@id":"https:\/\/www.miomiorun.com\/de\/produkt\/notch-thermal-hoodie-3-0-damen\/#primaryimage"},"thumbnailUrl":"https:\/\/www.miomiorun.com\/app\/uploads\/2025\/10\/brooks-Notch-thermal-hoodie-3.0-W-magenta-221738588.webp","datePublished":"2025-09-10T15:31:19+00:00","dateModified":"2026-04-17T09:02:25+00:00","description":"Notch Thermal Hoodie 3.0: Thermosweatshirt mit Kapuze, reflektierend, geruchsneutral und mit integrierten F\u00e4ustlinghandschuhen. Komfort und W\u00e4rme f\u00fcr Winterl\u00e4ufe.","breadcrumb":{"@id":"https:\/\/www.miomiorun.com\/de\/produkt\/notch-thermal-hoodie-3-0-damen\/#breadcrumb"},"inLanguage":"de-DE","potentialAction":[{"@type":"ReadAction","target":["https:\/\/www.miomiorun.com\/de\/produkt\/notch-thermal-hoodie-3-0-damen\/"]}]},{"@type":"ImageObject","inLanguage":"de-DE","@id":"https:\/\/www.miomiorun.com\/de\/produkt\/notch-thermal-hoodie-3-0-damen\/#primaryimage","url":"https:\/\/www.miomiorun.com\/app\/uploads\/2025\/10\/brooks-Notch-thermal-hoodie-3.0-W-magenta-221738588.webp","contentUrl":"https:\/\/www.miomiorun.com\/app\/uploads\/2025\/10\/brooks-Notch-thermal-hoodie-3.0-W-magenta-221738588.webp","width":720,"height":720,"caption":"brooks Notch thermal hoodie 3.0 W magenta 221738588"},{"@type":"BreadcrumbList","@id":"https:\/\/www.miomiorun.com\/de\/produkt\/notch-thermal-hoodie-3-0-damen\/#breadcrumb","itemListElement":[{"@type":"ListItem","position":1,"name":"Home","item":"https:\/\/www.miomiorun.com\/de\/"},{"@type":"ListItem","position":2,"name":"Shop","item":"https:\/\/www.miomiorun.com\/shop\/"},{"@type":"ListItem","position":3,"name":"Notch Thermal Hoodie 3.0 damen"}]},{"@type":"WebSite","@id":"https:\/\/www.miomiorun.com\/de\/#website","url":"https:\/\/www.miomiorun.com\/de\/","name":"MioMioRun","description":"100% Lauf- und Trailshop","publisher":{"@id":"https:\/\/www.miomiorun.com\/de\/#organization"},"potentialAction":[{"@type":"SearchAction","target":{"@type":"EntryPoint","urlTemplate":"https:\/\/www.miomiorun.com\/de\/?s={search_term_string}"},"query-input":{"@type":"PropertyValueSpecification","valueRequired":true,"valueName":"search_term_string"}}],"inLanguage":"de-DE"},{"@type":"Organization","@id":"https:\/\/www.miomiorun.com\/de\/#organization","name":"MioMio Run","url":"https:\/\/www.miomiorun.com\/de\/","logo":{"@type":"ImageObject","inLanguage":"de-DE","@id":"https:\/\/www.miomiorun.com\/de\/#\/schema\/logo\/image\/","url":"https:\/\/www.miomiorun.com\/app\/uploads\/2019\/12\/logomio.png","contentUrl":"https:\/\/www.miomiorun.com\/app\/uploads\/2019\/12\/logomio.png","width":115,"height":82,"caption":"MioMio Run"},"image":{"@id":"https:\/\/www.miomiorun.com\/de\/#\/schema\/logo\/image\/"},"sameAs":["https:\/\/www.facebook.com\/miomiorun\/","https:\/\/www.instagram.com\/miomiorun\/"]}]}},"_links":{"self":[{"href":"https:\/\/www.miomiorun.com\/de\/wp-json\/wp\/v2\/product\/346645","targetHints":{"allow":["GET"]}}],"collection":[{"href":"https:\/\/www.miomiorun.com\/de\/wp-json\/wp\/v2\/product"}],"about":[{"href":"https:\/\/www.miomiorun.com\/de\/wp-json\/wp\/v2\/types\/product"}],"wp:featuredmedia":[{"embeddable":true,"href":"https:\/\/www.miomiorun.com\/de\/wp-json\/wp\/v2\/media\/358404"}],"wp:attachment":[{"href":"https:\/\/www.miomiorun.com\/de\/wp-json\/wp\/v2\/media?parent=346645"}],"wp:term":[{"taxonomy":"product_brand","embeddable":true,"href":"https:\/\/www.miomiorun.com\/de\/wp-json\/wp\/v2\/product_brand?post=346645"},{"taxonomy":"product_cat","embeddable":true,"href":"https:\/\/www.miomiorun.com\/de\/wp-json\/wp\/v2\/product_cat?post=346645"},{"taxonomy":"product_tag","embeddable":true,"href":"https:\/\/www.miomiorun.com\/de\/wp-json\/wp\/v2\/product_tag?post=346645"}],"curies":[{"name":"wp","href":"https:\/\/api.w.org\/{rel}","templated":true}]}}