{"id":346489,"date":"2025-09-10T16:47:12","date_gmt":"2025-09-10T14:47:12","guid":{"rendered":"https:\/\/www.miomiorun.com\/?post_type=product&#038;p=346489"},"modified":"2026-04-17T11:03:23","modified_gmt":"2026-04-17T09:03:23","slug":"dash-1-2-zip-3-0-damen","status":"publish","type":"product","link":"https:\/\/www.miomiorun.com\/de\/produkt\/dash-1-2-zip-3-0-damen\/","title":{"rendered":"Dash 1\/2 Zip 3.0 damen"},"content":{"rendered":"<p>Das weichste Kleidungsst\u00fcck in deiner Laufgarderobe wurde gerade aktualisiert. Das Brooks Dash 1\/2 Zip 3.0 ist ein Damen-Laufshirt mit halbem Rei\u00dfverschluss, das dir bei jedem Training Komfort und Funktionalit\u00e4t bietet. Durch das Fenster f\u00fcr die Uhr kannst du dein Tempo \u00fcberpr\u00fcfen, ohne dein Handgelenk freilegen zu m\u00fcssen, und bleibst dabei immer warm.<\/p>\n<p>Das weiche, atmungsaktive Material sorgt f\u00fcr eine halbtaillierte Passform, die sich deinem K\u00f6rper anpasst, w\u00e4hrend Daumenl\u00f6cher an k\u00fchleren Tagen f\u00fcr zus\u00e4tzlichen Halt und Komfort sorgen. Ein unverzichtbares Kleidungsst\u00fcck f\u00fcr ungest\u00f6rtes Laufen.<\/p>\n<p><strong>Technische Details:<\/strong><br \/>\n&#8211; Passform: halbtailliert<br \/>\n&#8211; Design: Komfort ohne Ablenkung<br \/>\n&#8211; Material: weich und atmungsaktiv<br \/>\n&#8211; Halber Rei\u00dfverschluss mit Uhrenfenster<br \/>\n&#8211; Daumenl\u00f6cher<\/p>\n<p>Pflege: separat in der Maschine waschen, ohne Weichsp\u00fcler; bei niedriger Temperatur trocknen<\/p>\n<p>&nbsp;<\/p>\n<p>&nbsp;<\/p>\n","protected":false},"excerpt":{"rendered":"<p>&#8211; Weiches, atmungsaktives Material f\u00fcr maximalen Komfort<br \/>\n&#8211; Halbtaillierte Passform, die sich den Bewegungen anpasst<br \/>\n&#8211; Halber Rei\u00dfverschluss mit Fenster f\u00fcr die Uhr<br \/>\n&#8211; Daumenl\u00f6cher f\u00fcr zus\u00e4tzliche Stabilit\u00e4t und Schutz<\/p>\n","protected":false},"featured_media":358335,"template":"","meta":{"_acf_changed":false,"inline_featured_image":false},"product_brand":[],"product_cat":[6401,6486],"product_tag":[3362,6205],"class_list":{"0":"post-346489","1":"product","2":"type-product","3":"status-publish","4":"has-post-thumbnail","6":"product_cat-damenbekleidung","7":"product_cat-damenlangarmshirts","8":"product_tag-brooks-de","9":"product_tag-brooks-damen-de","10":"pa_attivita-gehen","11":"pa_attivita-running-de","12":"pa_colore-dash-1-2-zip-3-0-w-nightshadow-de","13":"pa_marca-brooks-de","14":"pa_sesso-damen","15":"pa_size-extra-small-de","16":"pa_size-small-de","17":"pa_size-medium-de","19":"first","20":"instock","21":"sale","22":"taxable","23":"shipping-taxable","24":"purchasable","25":"product-type-variable","26":"wvs-archive-product-wrapper"},"acf":[],"yoast_head":"<!-- This site is optimized with the Yoast SEO plugin v26.8 - https:\/\/yoast.com\/product\/yoast-seo-wordpress\/ -->\n<title>Brooks Dash 1\/2 Zip 3.0 damen - Laufshirt - MioMioRun<\/title>\n<meta name=\"description\" content=\"Brooks Dash 1\/2 Zip 3.0 Damen: weiches und atmungsaktives Laufshirt mit halbem Rei\u00dfverschluss, Uhrenfenster und Daumenl\u00f6chern. Komfort und Funktionalit\u00e4t.\" \/>\n<meta name=\"robots\" content=\"index, follow, max-snippet:-1, max-image-preview:large, max-video-preview:-1\" \/>\n<link rel=\"canonical\" href=\"https:\/\/www.miomiorun.com\/de\/produkt\/dash-1-2-zip-3-0-damen\/\" \/>\n<meta property=\"og:locale\" content=\"de_DE\" \/>\n<meta property=\"og:type\" content=\"article\" \/>\n<meta property=\"og:title\" content=\"Brooks Dash 1\/2 Zip 3.0 damen - Laufshirt - MioMioRun\" \/>\n<meta property=\"og:description\" content=\"Brooks Dash 1\/2 Zip 3.0 Damen: weiches und atmungsaktives Laufshirt mit halbem Rei\u00dfverschluss, Uhrenfenster und Daumenl\u00f6chern. Komfort und Funktionalit\u00e4t.\" \/>\n<meta property=\"og:url\" content=\"https:\/\/www.miomiorun.com\/de\/produkt\/dash-1-2-zip-3-0-damen\/\" \/>\n<meta property=\"og:site_name\" content=\"MioMioRun\" \/>\n<meta property=\"article:publisher\" content=\"https:\/\/www.facebook.com\/miomiorun\/\" \/>\n<meta property=\"article:modified_time\" content=\"2026-04-17T09:03:23+00:00\" \/>\n<meta property=\"og:image\" content=\"https:\/\/www.miomiorun.com\/app\/uploads\/2025\/10\/brooks-Dash-1-2-zip-3.0-W-nightshadow-221733414.webp\" \/>\n\t<meta property=\"og:image:width\" content=\"720\" \/>\n\t<meta property=\"og:image:height\" content=\"720\" \/>\n\t<meta property=\"og:image:type\" content=\"image\/webp\" \/>\n<meta name=\"twitter:card\" content=\"summary_large_image\" \/>\n<meta name=\"twitter:label1\" content=\"Est. reading time\" \/>\n\t<meta name=\"twitter:data1\" content=\"1 minute\" \/>\n<script type=\"application\/ld+json\" class=\"yoast-schema-graph\">{\"@context\":\"https:\/\/schema.org\",\"@graph\":[{\"@type\":\"WebPage\",\"@id\":\"https:\/\/www.miomiorun.com\/de\/produkt\/dash-1-2-zip-3-0-damen\/\",\"url\":\"https:\/\/www.miomiorun.com\/de\/produkt\/dash-1-2-zip-3-0-damen\/\",\"name\":\"Brooks Dash 1\/2 Zip 3.0 damen - Laufshirt - MioMioRun\",\"isPartOf\":{\"@id\":\"https:\/\/www.miomiorun.com\/de\/#website\"},\"primaryImageOfPage\":{\"@id\":\"https:\/\/www.miomiorun.com\/de\/produkt\/dash-1-2-zip-3-0-damen\/#primaryimage\"},\"image\":{\"@id\":\"https:\/\/www.miomiorun.com\/de\/produkt\/dash-1-2-zip-3-0-damen\/#primaryimage\"},\"thumbnailUrl\":\"https:\/\/www.miomiorun.com\/app\/uploads\/2025\/10\/brooks-Dash-1-2-zip-3.0-W-nightshadow-221733414.webp\",\"datePublished\":\"2025-09-10T14:47:12+00:00\",\"dateModified\":\"2026-04-17T09:03:23+00:00\",\"description\":\"Brooks Dash 1\/2 Zip 3.0 Damen: weiches und atmungsaktives Laufshirt mit halbem Rei\u00dfverschluss, Uhrenfenster und Daumenl\u00f6chern. Komfort und Funktionalit\u00e4t.\",\"breadcrumb\":{\"@id\":\"https:\/\/www.miomiorun.com\/de\/produkt\/dash-1-2-zip-3-0-damen\/#breadcrumb\"},\"inLanguage\":\"de-DE\",\"potentialAction\":[{\"@type\":\"ReadAction\",\"target\":[\"https:\/\/www.miomiorun.com\/de\/produkt\/dash-1-2-zip-3-0-damen\/\"]}]},{\"@type\":\"ImageObject\",\"inLanguage\":\"de-DE\",\"@id\":\"https:\/\/www.miomiorun.com\/de\/produkt\/dash-1-2-zip-3-0-damen\/#primaryimage\",\"url\":\"https:\/\/www.miomiorun.com\/app\/uploads\/2025\/10\/brooks-Dash-1-2-zip-3.0-W-nightshadow-221733414.webp\",\"contentUrl\":\"https:\/\/www.miomiorun.com\/app\/uploads\/2025\/10\/brooks-Dash-1-2-zip-3.0-W-nightshadow-221733414.webp\",\"width\":720,\"height\":720,\"caption\":\"brooks Dash 1 2 zip 3.0 W nightshadow 221733414\"},{\"@type\":\"BreadcrumbList\",\"@id\":\"https:\/\/www.miomiorun.com\/de\/produkt\/dash-1-2-zip-3-0-damen\/#breadcrumb\",\"itemListElement\":[{\"@type\":\"ListItem\",\"position\":1,\"name\":\"Home\",\"item\":\"https:\/\/www.miomiorun.com\/de\/\"},{\"@type\":\"ListItem\",\"position\":2,\"name\":\"Shop\",\"item\":\"https:\/\/www.miomiorun.com\/shop\/\"},{\"@type\":\"ListItem\",\"position\":3,\"name\":\"Dash 1\/2 Zip 3.0 damen\"}]},{\"@type\":\"WebSite\",\"@id\":\"https:\/\/www.miomiorun.com\/de\/#website\",\"url\":\"https:\/\/www.miomiorun.com\/de\/\",\"name\":\"MioMioRun\",\"description\":\"100% Lauf- und Trailshop\",\"publisher\":{\"@id\":\"https:\/\/www.miomiorun.com\/de\/#organization\"},\"potentialAction\":[{\"@type\":\"SearchAction\",\"target\":{\"@type\":\"EntryPoint\",\"urlTemplate\":\"https:\/\/www.miomiorun.com\/de\/?s={search_term_string}\"},\"query-input\":{\"@type\":\"PropertyValueSpecification\",\"valueRequired\":true,\"valueName\":\"search_term_string\"}}],\"inLanguage\":\"de-DE\"},{\"@type\":\"Organization\",\"@id\":\"https:\/\/www.miomiorun.com\/de\/#organization\",\"name\":\"MioMio Run\",\"url\":\"https:\/\/www.miomiorun.com\/de\/\",\"logo\":{\"@type\":\"ImageObject\",\"inLanguage\":\"de-DE\",\"@id\":\"https:\/\/www.miomiorun.com\/de\/#\/schema\/logo\/image\/\",\"url\":\"https:\/\/www.miomiorun.com\/app\/uploads\/2019\/12\/logomio.png\",\"contentUrl\":\"https:\/\/www.miomiorun.com\/app\/uploads\/2019\/12\/logomio.png\",\"width\":115,\"height\":82,\"caption\":\"MioMio Run\"},\"image\":{\"@id\":\"https:\/\/www.miomiorun.com\/de\/#\/schema\/logo\/image\/\"},\"sameAs\":[\"https:\/\/www.facebook.com\/miomiorun\/\",\"https:\/\/www.instagram.com\/miomiorun\/\"]}]}<\/script>\n<!-- \/ Yoast SEO plugin. -->","yoast_head_json":{"title":"Brooks Dash 1\/2 Zip 3.0 damen - Laufshirt - MioMioRun","description":"Brooks Dash 1\/2 Zip 3.0 Damen: weiches und atmungsaktives Laufshirt mit halbem Rei\u00dfverschluss, Uhrenfenster und Daumenl\u00f6chern. Komfort und Funktionalit\u00e4t.","robots":{"index":"index","follow":"follow","max-snippet":"max-snippet:-1","max-image-preview":"max-image-preview:large","max-video-preview":"max-video-preview:-1"},"canonical":"https:\/\/www.miomiorun.com\/de\/produkt\/dash-1-2-zip-3-0-damen\/","og_locale":"de_DE","og_type":"article","og_title":"Brooks Dash 1\/2 Zip 3.0 damen - Laufshirt - MioMioRun","og_description":"Brooks Dash 1\/2 Zip 3.0 Damen: weiches und atmungsaktives Laufshirt mit halbem Rei\u00dfverschluss, Uhrenfenster und Daumenl\u00f6chern. Komfort und Funktionalit\u00e4t.","og_url":"https:\/\/www.miomiorun.com\/de\/produkt\/dash-1-2-zip-3-0-damen\/","og_site_name":"MioMioRun","article_publisher":"https:\/\/www.facebook.com\/miomiorun\/","article_modified_time":"2026-04-17T09:03:23+00:00","og_image":[{"width":720,"height":720,"url":"https:\/\/www.miomiorun.com\/app\/uploads\/2025\/10\/brooks-Dash-1-2-zip-3.0-W-nightshadow-221733414.webp","type":"image\/webp"}],"twitter_card":"summary_large_image","twitter_misc":{"Est. reading time":"1 minute"},"schema":{"@context":"https:\/\/schema.org","@graph":[{"@type":"WebPage","@id":"https:\/\/www.miomiorun.com\/de\/produkt\/dash-1-2-zip-3-0-damen\/","url":"https:\/\/www.miomiorun.com\/de\/produkt\/dash-1-2-zip-3-0-damen\/","name":"Brooks Dash 1\/2 Zip 3.0 damen - Laufshirt - MioMioRun","isPartOf":{"@id":"https:\/\/www.miomiorun.com\/de\/#website"},"primaryImageOfPage":{"@id":"https:\/\/www.miomiorun.com\/de\/produkt\/dash-1-2-zip-3-0-damen\/#primaryimage"},"image":{"@id":"https:\/\/www.miomiorun.com\/de\/produkt\/dash-1-2-zip-3-0-damen\/#primaryimage"},"thumbnailUrl":"https:\/\/www.miomiorun.com\/app\/uploads\/2025\/10\/brooks-Dash-1-2-zip-3.0-W-nightshadow-221733414.webp","datePublished":"2025-09-10T14:47:12+00:00","dateModified":"2026-04-17T09:03:23+00:00","description":"Brooks Dash 1\/2 Zip 3.0 Damen: weiches und atmungsaktives Laufshirt mit halbem Rei\u00dfverschluss, Uhrenfenster und Daumenl\u00f6chern. Komfort und Funktionalit\u00e4t.","breadcrumb":{"@id":"https:\/\/www.miomiorun.com\/de\/produkt\/dash-1-2-zip-3-0-damen\/#breadcrumb"},"inLanguage":"de-DE","potentialAction":[{"@type":"ReadAction","target":["https:\/\/www.miomiorun.com\/de\/produkt\/dash-1-2-zip-3-0-damen\/"]}]},{"@type":"ImageObject","inLanguage":"de-DE","@id":"https:\/\/www.miomiorun.com\/de\/produkt\/dash-1-2-zip-3-0-damen\/#primaryimage","url":"https:\/\/www.miomiorun.com\/app\/uploads\/2025\/10\/brooks-Dash-1-2-zip-3.0-W-nightshadow-221733414.webp","contentUrl":"https:\/\/www.miomiorun.com\/app\/uploads\/2025\/10\/brooks-Dash-1-2-zip-3.0-W-nightshadow-221733414.webp","width":720,"height":720,"caption":"brooks Dash 1 2 zip 3.0 W nightshadow 221733414"},{"@type":"BreadcrumbList","@id":"https:\/\/www.miomiorun.com\/de\/produkt\/dash-1-2-zip-3-0-damen\/#breadcrumb","itemListElement":[{"@type":"ListItem","position":1,"name":"Home","item":"https:\/\/www.miomiorun.com\/de\/"},{"@type":"ListItem","position":2,"name":"Shop","item":"https:\/\/www.miomiorun.com\/shop\/"},{"@type":"ListItem","position":3,"name":"Dash 1\/2 Zip 3.0 damen"}]},{"@type":"WebSite","@id":"https:\/\/www.miomiorun.com\/de\/#website","url":"https:\/\/www.miomiorun.com\/de\/","name":"MioMioRun","description":"100% Lauf- und Trailshop","publisher":{"@id":"https:\/\/www.miomiorun.com\/de\/#organization"},"potentialAction":[{"@type":"SearchAction","target":{"@type":"EntryPoint","urlTemplate":"https:\/\/www.miomiorun.com\/de\/?s={search_term_string}"},"query-input":{"@type":"PropertyValueSpecification","valueRequired":true,"valueName":"search_term_string"}}],"inLanguage":"de-DE"},{"@type":"Organization","@id":"https:\/\/www.miomiorun.com\/de\/#organization","name":"MioMio Run","url":"https:\/\/www.miomiorun.com\/de\/","logo":{"@type":"ImageObject","inLanguage":"de-DE","@id":"https:\/\/www.miomiorun.com\/de\/#\/schema\/logo\/image\/","url":"https:\/\/www.miomiorun.com\/app\/uploads\/2019\/12\/logomio.png","contentUrl":"https:\/\/www.miomiorun.com\/app\/uploads\/2019\/12\/logomio.png","width":115,"height":82,"caption":"MioMio Run"},"image":{"@id":"https:\/\/www.miomiorun.com\/de\/#\/schema\/logo\/image\/"},"sameAs":["https:\/\/www.facebook.com\/miomiorun\/","https:\/\/www.instagram.com\/miomiorun\/"]}]}},"_links":{"self":[{"href":"https:\/\/www.miomiorun.com\/de\/wp-json\/wp\/v2\/product\/346489","targetHints":{"allow":["GET"]}}],"collection":[{"href":"https:\/\/www.miomiorun.com\/de\/wp-json\/wp\/v2\/product"}],"about":[{"href":"https:\/\/www.miomiorun.com\/de\/wp-json\/wp\/v2\/types\/product"}],"wp:featuredmedia":[{"embeddable":true,"href":"https:\/\/www.miomiorun.com\/de\/wp-json\/wp\/v2\/media\/358335"}],"wp:attachment":[{"href":"https:\/\/www.miomiorun.com\/de\/wp-json\/wp\/v2\/media?parent=346489"}],"wp:term":[{"taxonomy":"product_brand","embeddable":true,"href":"https:\/\/www.miomiorun.com\/de\/wp-json\/wp\/v2\/product_brand?post=346489"},{"taxonomy":"product_cat","embeddable":true,"href":"https:\/\/www.miomiorun.com\/de\/wp-json\/wp\/v2\/product_cat?post=346489"},{"taxonomy":"product_tag","embeddable":true,"href":"https:\/\/www.miomiorun.com\/de\/wp-json\/wp\/v2\/product_tag?post=346489"}],"curies":[{"name":"wp","href":"https:\/\/api.w.org\/{rel}","templated":true}]}}