{"id":346174,"date":"2025-09-10T16:08:07","date_gmt":"2025-09-10T14:08:07","guid":{"rendered":"https:\/\/www.miomiorun.com\/?post_type=product&#038;p=346174"},"modified":"2026-04-17T11:04:00","modified_gmt":"2026-04-17T09:04:00","slug":"canopy-packable-jacket-damen","status":"publish","type":"product","link":"https:\/\/www.miomiorun.com\/de\/produkt\/canopy-packable-jacket-damen\/","title":{"rendered":"Canopy Packable Jacket damen"},"content":{"rendered":"<p>Brooks Canopy Jacket \u2013 Unisex-Laufjacke zum Zusammenfalten<\/p>\n<p>Die Brooks Canopy Jacket ist die Weiterentwicklung der beliebten wasserabweisenden Laufjacke, die bei L\u00e4ufern seit jeher sehr beliebt ist. Sie ist jetzt noch praktischer und bietet eine halbtaillierte Passform, die sich dem K\u00f6rper anpasst und Bewegungsfreiheit und Komfort bei jedem Training garantiert.<\/p>\n<p>Das neue Design umfasst eine verbesserte Kapuze, eine wind- und wasserabweisende Konstruktion und die M\u00f6glichkeit, die Jacke bequem in der Handtasche zu verstauen. Rei\u00dfverschlusstaschen sorgen f\u00fcr zus\u00e4tzliche Funktionalit\u00e4t, w\u00e4hrend der UPF 50+ Schutz die Haut beim Laufen im Freien vor Sonnenstrahlen sch\u00fctzt.<\/p>\n<p>Ein vielseitiges und leichtes Kleidungsst\u00fcck f\u00fcr L\u00e4ufer, die Schutz, Komfort und Funktionalit\u00e4t unter allen Bedingungen suchen.<\/p>\n<p><strong>Technische Details:<\/strong><br \/>\n&#8211; Passform: halbtailliert<br \/>\n&#8211; Eigenschaften: wasserabweisend und winddicht<br \/>\n&#8211; Verbesserte Kapuze<br \/>\n&#8211; In der Handtasche verstaubar<br \/>\n&#8211; Handtaschen mit Rei\u00dfverschluss<br \/>\n&#8211; Sonnenschutz UPF 50+<br \/>\n&#8211; Pflege: separat in der Maschine waschen, ohne Weichsp\u00fcler; bei niedriger Temperatur trocknen<\/p>\n<p>&nbsp;<\/p>\n<p>&nbsp;<\/p>\n","protected":false},"excerpt":{"rendered":"<p>&#8211; Wasserabweisende und winddichte Laufjacke<br \/>\n&#8211; Verbesserte Kapuze und halbtaillierte Passform<br \/>\n&#8211; L\u00e4sst sich leicht in der Handtasche verstauen<br \/>\n&#8211; UPF 50+ f\u00fcr Sonnenschutz<\/p>\n","protected":false},"featured_media":358483,"template":"","meta":{"_acf_changed":false,"inline_featured_image":false},"product_brand":[],"product_cat":[6400,6401,6404],"product_tag":[3362,6205],"class_list":{"0":"post-346174","1":"product","2":"type-product","3":"status-publish","4":"has-post-thumbnail","6":"product_cat-damen","7":"product_cat-damenbekleidung","8":"product_cat-damenjacken","9":"product_tag-brooks-de","10":"product_tag-brooks-damen-de","11":"pa_attivita-gehen","12":"pa_attivita-running-de","13":"pa_colore-canopy-packable-jacket-w-magenta-de","14":"pa_marca-brooks-de","15":"pa_sesso-damen","16":"pa_size-extra-small-de","17":"pa_size-small-de","18":"pa_size-medium-de","20":"first","21":"instock","22":"sale","23":"taxable","24":"shipping-taxable","25":"purchasable","26":"product-type-variable","27":"wvs-archive-product-wrapper"},"acf":[],"yoast_head":"<!-- This site is optimized with the Yoast SEO plugin v26.8 - https:\/\/yoast.com\/product\/yoast-seo-wordpress\/ -->\n<title>Brooks Canopy Packable Jacket damen - Laufjacke - MioMioRun.com<\/title>\n<meta name=\"description\" content=\"Brooks Canopy Jacket: faltbare, wind- und wasserabweisende Laufjacke mit verbesserter Kapuze, UPF 50+ und Rei\u00dfverschlusstaschen.\" \/>\n<meta name=\"robots\" content=\"index, follow, max-snippet:-1, max-image-preview:large, max-video-preview:-1\" \/>\n<link rel=\"canonical\" href=\"https:\/\/www.miomiorun.com\/de\/produkt\/canopy-packable-jacket-damen\/\" \/>\n<meta property=\"og:locale\" content=\"de_DE\" \/>\n<meta property=\"og:type\" content=\"article\" \/>\n<meta property=\"og:title\" content=\"Brooks Canopy Packable Jacket damen - Laufjacke - MioMioRun.com\" \/>\n<meta property=\"og:description\" content=\"Brooks Canopy Jacket: faltbare, wind- und wasserabweisende Laufjacke mit verbesserter Kapuze, UPF 50+ und Rei\u00dfverschlusstaschen.\" \/>\n<meta property=\"og:url\" content=\"https:\/\/www.miomiorun.com\/de\/produkt\/canopy-packable-jacket-damen\/\" \/>\n<meta property=\"og:site_name\" content=\"MioMioRun\" \/>\n<meta property=\"article:publisher\" content=\"https:\/\/www.facebook.com\/miomiorun\/\" \/>\n<meta property=\"article:modified_time\" content=\"2026-04-17T09:04:00+00:00\" \/>\n<meta property=\"og:image\" content=\"https:\/\/www.miomiorun.com\/app\/uploads\/2025\/10\/brooks-Canopy-packable-jacket-W-magenta-221732588.webp\" \/>\n\t<meta property=\"og:image:width\" content=\"720\" \/>\n\t<meta property=\"og:image:height\" content=\"720\" \/>\n\t<meta property=\"og:image:type\" content=\"image\/webp\" \/>\n<meta name=\"twitter:card\" content=\"summary_large_image\" \/>\n<meta name=\"twitter:label1\" content=\"Est. reading time\" \/>\n\t<meta name=\"twitter:data1\" content=\"1 minute\" \/>\n<script type=\"application\/ld+json\" class=\"yoast-schema-graph\">{\"@context\":\"https:\/\/schema.org\",\"@graph\":[{\"@type\":\"WebPage\",\"@id\":\"https:\/\/www.miomiorun.com\/de\/produkt\/canopy-packable-jacket-damen\/\",\"url\":\"https:\/\/www.miomiorun.com\/de\/produkt\/canopy-packable-jacket-damen\/\",\"name\":\"Brooks Canopy Packable Jacket damen - Laufjacke - MioMioRun.com\",\"isPartOf\":{\"@id\":\"https:\/\/www.miomiorun.com\/de\/#website\"},\"primaryImageOfPage\":{\"@id\":\"https:\/\/www.miomiorun.com\/de\/produkt\/canopy-packable-jacket-damen\/#primaryimage\"},\"image\":{\"@id\":\"https:\/\/www.miomiorun.com\/de\/produkt\/canopy-packable-jacket-damen\/#primaryimage\"},\"thumbnailUrl\":\"https:\/\/www.miomiorun.com\/app\/uploads\/2025\/10\/brooks-Canopy-packable-jacket-W-magenta-221732588.webp\",\"datePublished\":\"2025-09-10T14:08:07+00:00\",\"dateModified\":\"2026-04-17T09:04:00+00:00\",\"description\":\"Brooks Canopy Jacket: faltbare, wind- und wasserabweisende Laufjacke mit verbesserter Kapuze, UPF 50+ und Rei\u00dfverschlusstaschen.\",\"breadcrumb\":{\"@id\":\"https:\/\/www.miomiorun.com\/de\/produkt\/canopy-packable-jacket-damen\/#breadcrumb\"},\"inLanguage\":\"de-DE\",\"potentialAction\":[{\"@type\":\"ReadAction\",\"target\":[\"https:\/\/www.miomiorun.com\/de\/produkt\/canopy-packable-jacket-damen\/\"]}]},{\"@type\":\"ImageObject\",\"inLanguage\":\"de-DE\",\"@id\":\"https:\/\/www.miomiorun.com\/de\/produkt\/canopy-packable-jacket-damen\/#primaryimage\",\"url\":\"https:\/\/www.miomiorun.com\/app\/uploads\/2025\/10\/brooks-Canopy-packable-jacket-W-magenta-221732588.webp\",\"contentUrl\":\"https:\/\/www.miomiorun.com\/app\/uploads\/2025\/10\/brooks-Canopy-packable-jacket-W-magenta-221732588.webp\",\"width\":720,\"height\":720,\"caption\":\"brooks Canopy packable jacket W magenta 221732588\"},{\"@type\":\"BreadcrumbList\",\"@id\":\"https:\/\/www.miomiorun.com\/de\/produkt\/canopy-packable-jacket-damen\/#breadcrumb\",\"itemListElement\":[{\"@type\":\"ListItem\",\"position\":1,\"name\":\"Home\",\"item\":\"https:\/\/www.miomiorun.com\/de\/\"},{\"@type\":\"ListItem\",\"position\":2,\"name\":\"Shop\",\"item\":\"https:\/\/www.miomiorun.com\/shop\/\"},{\"@type\":\"ListItem\",\"position\":3,\"name\":\"Canopy Packable Jacket damen\"}]},{\"@type\":\"WebSite\",\"@id\":\"https:\/\/www.miomiorun.com\/de\/#website\",\"url\":\"https:\/\/www.miomiorun.com\/de\/\",\"name\":\"MioMioRun\",\"description\":\"100% Lauf- und Trailshop\",\"publisher\":{\"@id\":\"https:\/\/www.miomiorun.com\/de\/#organization\"},\"potentialAction\":[{\"@type\":\"SearchAction\",\"target\":{\"@type\":\"EntryPoint\",\"urlTemplate\":\"https:\/\/www.miomiorun.com\/de\/?s={search_term_string}\"},\"query-input\":{\"@type\":\"PropertyValueSpecification\",\"valueRequired\":true,\"valueName\":\"search_term_string\"}}],\"inLanguage\":\"de-DE\"},{\"@type\":\"Organization\",\"@id\":\"https:\/\/www.miomiorun.com\/de\/#organization\",\"name\":\"MioMio Run\",\"url\":\"https:\/\/www.miomiorun.com\/de\/\",\"logo\":{\"@type\":\"ImageObject\",\"inLanguage\":\"de-DE\",\"@id\":\"https:\/\/www.miomiorun.com\/de\/#\/schema\/logo\/image\/\",\"url\":\"https:\/\/www.miomiorun.com\/app\/uploads\/2019\/12\/logomio.png\",\"contentUrl\":\"https:\/\/www.miomiorun.com\/app\/uploads\/2019\/12\/logomio.png\",\"width\":115,\"height\":82,\"caption\":\"MioMio Run\"},\"image\":{\"@id\":\"https:\/\/www.miomiorun.com\/de\/#\/schema\/logo\/image\/\"},\"sameAs\":[\"https:\/\/www.facebook.com\/miomiorun\/\",\"https:\/\/www.instagram.com\/miomiorun\/\"]}]}<\/script>\n<!-- \/ Yoast SEO plugin. -->","yoast_head_json":{"title":"Brooks Canopy Packable Jacket damen - Laufjacke - MioMioRun.com","description":"Brooks Canopy Jacket: faltbare, wind- und wasserabweisende Laufjacke mit verbesserter Kapuze, UPF 50+ und Rei\u00dfverschlusstaschen.","robots":{"index":"index","follow":"follow","max-snippet":"max-snippet:-1","max-image-preview":"max-image-preview:large","max-video-preview":"max-video-preview:-1"},"canonical":"https:\/\/www.miomiorun.com\/de\/produkt\/canopy-packable-jacket-damen\/","og_locale":"de_DE","og_type":"article","og_title":"Brooks Canopy Packable Jacket damen - Laufjacke - MioMioRun.com","og_description":"Brooks Canopy Jacket: faltbare, wind- und wasserabweisende Laufjacke mit verbesserter Kapuze, UPF 50+ und Rei\u00dfverschlusstaschen.","og_url":"https:\/\/www.miomiorun.com\/de\/produkt\/canopy-packable-jacket-damen\/","og_site_name":"MioMioRun","article_publisher":"https:\/\/www.facebook.com\/miomiorun\/","article_modified_time":"2026-04-17T09:04:00+00:00","og_image":[{"width":720,"height":720,"url":"https:\/\/www.miomiorun.com\/app\/uploads\/2025\/10\/brooks-Canopy-packable-jacket-W-magenta-221732588.webp","type":"image\/webp"}],"twitter_card":"summary_large_image","twitter_misc":{"Est. reading time":"1 minute"},"schema":{"@context":"https:\/\/schema.org","@graph":[{"@type":"WebPage","@id":"https:\/\/www.miomiorun.com\/de\/produkt\/canopy-packable-jacket-damen\/","url":"https:\/\/www.miomiorun.com\/de\/produkt\/canopy-packable-jacket-damen\/","name":"Brooks Canopy Packable Jacket damen - Laufjacke - MioMioRun.com","isPartOf":{"@id":"https:\/\/www.miomiorun.com\/de\/#website"},"primaryImageOfPage":{"@id":"https:\/\/www.miomiorun.com\/de\/produkt\/canopy-packable-jacket-damen\/#primaryimage"},"image":{"@id":"https:\/\/www.miomiorun.com\/de\/produkt\/canopy-packable-jacket-damen\/#primaryimage"},"thumbnailUrl":"https:\/\/www.miomiorun.com\/app\/uploads\/2025\/10\/brooks-Canopy-packable-jacket-W-magenta-221732588.webp","datePublished":"2025-09-10T14:08:07+00:00","dateModified":"2026-04-17T09:04:00+00:00","description":"Brooks Canopy Jacket: faltbare, wind- und wasserabweisende Laufjacke mit verbesserter Kapuze, UPF 50+ und Rei\u00dfverschlusstaschen.","breadcrumb":{"@id":"https:\/\/www.miomiorun.com\/de\/produkt\/canopy-packable-jacket-damen\/#breadcrumb"},"inLanguage":"de-DE","potentialAction":[{"@type":"ReadAction","target":["https:\/\/www.miomiorun.com\/de\/produkt\/canopy-packable-jacket-damen\/"]}]},{"@type":"ImageObject","inLanguage":"de-DE","@id":"https:\/\/www.miomiorun.com\/de\/produkt\/canopy-packable-jacket-damen\/#primaryimage","url":"https:\/\/www.miomiorun.com\/app\/uploads\/2025\/10\/brooks-Canopy-packable-jacket-W-magenta-221732588.webp","contentUrl":"https:\/\/www.miomiorun.com\/app\/uploads\/2025\/10\/brooks-Canopy-packable-jacket-W-magenta-221732588.webp","width":720,"height":720,"caption":"brooks Canopy packable jacket W magenta 221732588"},{"@type":"BreadcrumbList","@id":"https:\/\/www.miomiorun.com\/de\/produkt\/canopy-packable-jacket-damen\/#breadcrumb","itemListElement":[{"@type":"ListItem","position":1,"name":"Home","item":"https:\/\/www.miomiorun.com\/de\/"},{"@type":"ListItem","position":2,"name":"Shop","item":"https:\/\/www.miomiorun.com\/shop\/"},{"@type":"ListItem","position":3,"name":"Canopy Packable Jacket damen"}]},{"@type":"WebSite","@id":"https:\/\/www.miomiorun.com\/de\/#website","url":"https:\/\/www.miomiorun.com\/de\/","name":"MioMioRun","description":"100% Lauf- und Trailshop","publisher":{"@id":"https:\/\/www.miomiorun.com\/de\/#organization"},"potentialAction":[{"@type":"SearchAction","target":{"@type":"EntryPoint","urlTemplate":"https:\/\/www.miomiorun.com\/de\/?s={search_term_string}"},"query-input":{"@type":"PropertyValueSpecification","valueRequired":true,"valueName":"search_term_string"}}],"inLanguage":"de-DE"},{"@type":"Organization","@id":"https:\/\/www.miomiorun.com\/de\/#organization","name":"MioMio Run","url":"https:\/\/www.miomiorun.com\/de\/","logo":{"@type":"ImageObject","inLanguage":"de-DE","@id":"https:\/\/www.miomiorun.com\/de\/#\/schema\/logo\/image\/","url":"https:\/\/www.miomiorun.com\/app\/uploads\/2019\/12\/logomio.png","contentUrl":"https:\/\/www.miomiorun.com\/app\/uploads\/2019\/12\/logomio.png","width":115,"height":82,"caption":"MioMio Run"},"image":{"@id":"https:\/\/www.miomiorun.com\/de\/#\/schema\/logo\/image\/"},"sameAs":["https:\/\/www.facebook.com\/miomiorun\/","https:\/\/www.instagram.com\/miomiorun\/"]}]}},"_links":{"self":[{"href":"https:\/\/www.miomiorun.com\/de\/wp-json\/wp\/v2\/product\/346174","targetHints":{"allow":["GET"]}}],"collection":[{"href":"https:\/\/www.miomiorun.com\/de\/wp-json\/wp\/v2\/product"}],"about":[{"href":"https:\/\/www.miomiorun.com\/de\/wp-json\/wp\/v2\/types\/product"}],"wp:featuredmedia":[{"embeddable":true,"href":"https:\/\/www.miomiorun.com\/de\/wp-json\/wp\/v2\/media\/358483"}],"wp:attachment":[{"href":"https:\/\/www.miomiorun.com\/de\/wp-json\/wp\/v2\/media?parent=346174"}],"wp:term":[{"taxonomy":"product_brand","embeddable":true,"href":"https:\/\/www.miomiorun.com\/de\/wp-json\/wp\/v2\/product_brand?post=346174"},{"taxonomy":"product_cat","embeddable":true,"href":"https:\/\/www.miomiorun.com\/de\/wp-json\/wp\/v2\/product_cat?post=346174"},{"taxonomy":"product_tag","embeddable":true,"href":"https:\/\/www.miomiorun.com\/de\/wp-json\/wp\/v2\/product_tag?post=346174"}],"curies":[{"name":"wp","href":"https:\/\/api.w.org\/{rel}","templated":true}]}}