{"id":346153,"date":"2025-09-10T16:08:13","date_gmt":"2025-09-10T14:08:13","guid":{"rendered":"https:\/\/www.miomiorun.com\/?post_type=product&#038;p=346153"},"modified":"2026-04-17T11:03:43","modified_gmt":"2026-04-17T09:03:43","slug":"canopy-packable-jacket-herren","status":"publish","type":"product","link":"https:\/\/www.miomiorun.com\/de\/produkt\/canopy-packable-jacket-herren\/","title":{"rendered":"Canopy Packable Jacket herren"},"content":{"rendered":"<p>Die <strong>Brooks Canopy Packable Jacket<\/strong> ist die Weiterentwicklung der beliebten wasserabweisenden Laufjacke. Sie ist jetzt noch praktischer und bietet eine <strong data-start=\"352\" data-end=\"381\">halbtaillierte Passform<\/strong>, die sich dem K\u00f6rper anpasst und Bewegungsfreiheit und Komfort bei jedem Training garantiert.<\/p>\n<p data-start=\"477\" data-end=\"796\">Das neue Design umfasst eine <strong data-start=\"504\" data-end=\"528\">verbesserte Kapuze<\/strong>, eine <strong data-start=\"560\" data-end=\"581\">wind- und wasserabweisende<\/strong> Konstruktion und die M\u00f6glichkeit, <strong data-start=\"603\" data-end=\"653\">sie bequem in der Handtasche zu verstauen<\/strong>. Die <strong data-start=\"658\" data-end=\"676\">Rei\u00dfverschlusstaschen<\/strong> sorgen f\u00fcr zus\u00e4tzliche Funktionalit\u00e4t, w\u00e4hrend der <strong data-start=\"720\" data-end=\"731\">UPF 50+<\/strong>-Schutz die Haut beim Laufen im Freien vor Sonnenstrahlen sch\u00fctzt.<\/p>\n<p data-start=\"798\" data-end=\"918\">Ein vielseitiges und leichtes Kleidungsst\u00fcck f\u00fcr L\u00e4ufer, die Schutz, Komfort und Funktionalit\u00e4t unter allen Bedingungen suchen.<\/p>\n<p data-start=\"1086\" data-end=\"1108\">\n<p data-start=\"1086\" data-end=\"1108\"><strong data-start=\"1086\" data-end=\"1106\">Technische Details:<\/strong><\/p>\n<ul data-start=\"1109\" data-end=\"1410\">\n<li data-start=\"1109\" data-end=\"1139\">\n<p data-start=\"1111\" data-end=\"1139\">Passform: halbtailliert<\/p>\n<\/li>\n<li data-start=\"1140\" data-end=\"1187\">\n<p data-start=\"1142\" data-end=\"1187\">Eigenschaften: wasserabweisend und winddicht<\/p>\n<\/li>\n<li data-start=\"1188\" data-end=\"1212\">\n<p data-start=\"1190\" data-end=\"1212\">Verbesserte Kapuze<\/p>\n<\/li>\n<li data-start=\"1213\" data-end=\"1252\">\n<p data-start=\"1215\" data-end=\"1252\">In der Handtasche verstaubar<\/p>\n<\/li>\n<li data-start=\"1253\" data-end=\"1283\">\n<p data-start=\"1255\" data-end=\"1283\">Handtaschen mit Rei\u00dfverschluss<\/p>\n<\/li>\n<li data-start=\"1284\" data-end=\"1313\">\n<p data-start=\"1286\" data-end=\"1313\">Sonnenschutz UPF 50+<\/p>\n<\/li>\n<li data-start=\"1314\" data-end=\"1410\">\n<p data-start=\"1316\" data-end=\"1410\">Pflege: separat in der Waschmaschine waschen, ohne Weichsp\u00fcler; bei niedriger Temperatur trocknen<\/p>\n<\/li>\n<\/ul>\n<p>&nbsp;<\/p><\/p>\n","protected":false},"excerpt":{"rendered":"<ul>\n<li data-start=\"1606\" data-end=\"1651\">\n<p data-start=\"1608\" data-end=\"1651\">Wasserabweisende und winddichte Laufjacke<\/p>\n<\/li>\n<li data-start=\"1652\" data-end=\"1704\">\n<p data-start=\"1654\" data-end=\"1704\">Verbesserte Kapuze und halbtaillierte Passform<\/p>\n<\/li>\n<li data-start=\"1705\" data-end=\"1754\">\n<p data-start=\"1707\" data-end=\"1754\">L\u00e4sst sich leicht in der Handtasche verstauen<\/p>\n<\/li>\n<li data-start=\"1755\" data-end=\"1788\">\n<p data-start=\"1757\" data-end=\"1788\">UPF 50+ f\u00fcr Sonnenschutz<\/p>\n<\/li>\n<\/ul>\n","protected":false},"featured_media":358303,"template":"","meta":{"_acf_changed":false,"inline_featured_image":false},"product_brand":[],"product_cat":[6515,6540,6512],"product_tag":[3362,6207],"class_list":{"0":"post-346153","1":"product","2":"type-product","3":"status-publish","4":"has-post-thumbnail","6":"product_cat-herren-de","7":"product_cat-herrenbekleidung","8":"product_cat-jacken","9":"product_tag-brooks-de","10":"product_tag-brooks-herren-de","11":"pa_attivita-gehen","12":"pa_attivita-running-de","13":"pa_colore-canopy-packable-jacket-neo-blue-smoke-de","14":"pa_marca-brooks-de","15":"pa_sesso-herren","16":"pa_size-small-de","17":"pa_size-medium-de","18":"pa_size-large-de","20":"first","21":"instock","22":"sale","23":"taxable","24":"shipping-taxable","25":"purchasable","26":"product-type-variable","27":"wvs-archive-product-wrapper"},"acf":[],"yoast_head":"<!-- This site is optimized with the Yoast SEO plugin v26.8 - https:\/\/yoast.com\/product\/yoast-seo-wordpress\/ -->\n<title>Brooks Canopy Packable Jacket herren - Laufjacke - MioMioRun.com<\/title>\n<meta name=\"description\" content=\"Brooks Canopy Jacket: faltbare, wind- und wasserabweisende Laufjacke mit verbesserter Kapuze, UPF 50+ und Rei\u00dfverschlusstaschen.\" \/>\n<meta name=\"robots\" content=\"index, follow, max-snippet:-1, max-image-preview:large, max-video-preview:-1\" \/>\n<link rel=\"canonical\" href=\"https:\/\/www.miomiorun.com\/de\/produkt\/canopy-packable-jacket-herren\/\" \/>\n<meta property=\"og:locale\" content=\"de_DE\" \/>\n<meta property=\"og:type\" content=\"article\" \/>\n<meta property=\"og:title\" content=\"Brooks Canopy Packable Jacket herren - Laufjacke - MioMioRun.com\" \/>\n<meta property=\"og:description\" content=\"Brooks Canopy Jacket: faltbare, wind- und wasserabweisende Laufjacke mit verbesserter Kapuze, UPF 50+ und Rei\u00dfverschlusstaschen.\" \/>\n<meta property=\"og:url\" content=\"https:\/\/www.miomiorun.com\/de\/produkt\/canopy-packable-jacket-herren\/\" \/>\n<meta property=\"og:site_name\" content=\"MioMioRun\" \/>\n<meta property=\"article:publisher\" content=\"https:\/\/www.facebook.com\/miomiorun\/\" \/>\n<meta property=\"article:modified_time\" content=\"2026-04-17T09:03:43+00:00\" \/>\n<meta property=\"og:image\" content=\"https:\/\/www.miomiorun.com\/app\/uploads\/2025\/10\/brooks-Canopy-packable-jacket-neo-blue-smoke-211564420.webp\" \/>\n\t<meta property=\"og:image:width\" content=\"720\" \/>\n\t<meta property=\"og:image:height\" content=\"720\" \/>\n\t<meta property=\"og:image:type\" content=\"image\/webp\" \/>\n<meta name=\"twitter:card\" content=\"summary_large_image\" \/>\n<meta name=\"twitter:label1\" content=\"Est. reading time\" \/>\n\t<meta name=\"twitter:data1\" content=\"1 minute\" \/>\n<script type=\"application\/ld+json\" class=\"yoast-schema-graph\">{\"@context\":\"https:\/\/schema.org\",\"@graph\":[{\"@type\":\"WebPage\",\"@id\":\"https:\/\/www.miomiorun.com\/de\/produkt\/canopy-packable-jacket-herren\/\",\"url\":\"https:\/\/www.miomiorun.com\/de\/produkt\/canopy-packable-jacket-herren\/\",\"name\":\"Brooks Canopy Packable Jacket herren - Laufjacke - MioMioRun.com\",\"isPartOf\":{\"@id\":\"https:\/\/www.miomiorun.com\/de\/#website\"},\"primaryImageOfPage\":{\"@id\":\"https:\/\/www.miomiorun.com\/de\/produkt\/canopy-packable-jacket-herren\/#primaryimage\"},\"image\":{\"@id\":\"https:\/\/www.miomiorun.com\/de\/produkt\/canopy-packable-jacket-herren\/#primaryimage\"},\"thumbnailUrl\":\"https:\/\/www.miomiorun.com\/app\/uploads\/2025\/10\/brooks-Canopy-packable-jacket-neo-blue-smoke-211564420.webp\",\"datePublished\":\"2025-09-10T14:08:13+00:00\",\"dateModified\":\"2026-04-17T09:03:43+00:00\",\"description\":\"Brooks Canopy Jacket: faltbare, wind- und wasserabweisende Laufjacke mit verbesserter Kapuze, UPF 50+ und Rei\u00dfverschlusstaschen.\",\"breadcrumb\":{\"@id\":\"https:\/\/www.miomiorun.com\/de\/produkt\/canopy-packable-jacket-herren\/#breadcrumb\"},\"inLanguage\":\"de-DE\",\"potentialAction\":[{\"@type\":\"ReadAction\",\"target\":[\"https:\/\/www.miomiorun.com\/de\/produkt\/canopy-packable-jacket-herren\/\"]}]},{\"@type\":\"ImageObject\",\"inLanguage\":\"de-DE\",\"@id\":\"https:\/\/www.miomiorun.com\/de\/produkt\/canopy-packable-jacket-herren\/#primaryimage\",\"url\":\"https:\/\/www.miomiorun.com\/app\/uploads\/2025\/10\/brooks-Canopy-packable-jacket-neo-blue-smoke-211564420.webp\",\"contentUrl\":\"https:\/\/www.miomiorun.com\/app\/uploads\/2025\/10\/brooks-Canopy-packable-jacket-neo-blue-smoke-211564420.webp\",\"width\":720,\"height\":720,\"caption\":\"brooks Canopy packable jacket neo blue smoke 211564420\"},{\"@type\":\"BreadcrumbList\",\"@id\":\"https:\/\/www.miomiorun.com\/de\/produkt\/canopy-packable-jacket-herren\/#breadcrumb\",\"itemListElement\":[{\"@type\":\"ListItem\",\"position\":1,\"name\":\"Home\",\"item\":\"https:\/\/www.miomiorun.com\/de\/\"},{\"@type\":\"ListItem\",\"position\":2,\"name\":\"Shop\",\"item\":\"https:\/\/www.miomiorun.com\/shop\/\"},{\"@type\":\"ListItem\",\"position\":3,\"name\":\"Canopy Packable Jacket herren\"}]},{\"@type\":\"WebSite\",\"@id\":\"https:\/\/www.miomiorun.com\/de\/#website\",\"url\":\"https:\/\/www.miomiorun.com\/de\/\",\"name\":\"MioMioRun\",\"description\":\"100% Lauf- und Trailshop\",\"publisher\":{\"@id\":\"https:\/\/www.miomiorun.com\/de\/#organization\"},\"potentialAction\":[{\"@type\":\"SearchAction\",\"target\":{\"@type\":\"EntryPoint\",\"urlTemplate\":\"https:\/\/www.miomiorun.com\/de\/?s={search_term_string}\"},\"query-input\":{\"@type\":\"PropertyValueSpecification\",\"valueRequired\":true,\"valueName\":\"search_term_string\"}}],\"inLanguage\":\"de-DE\"},{\"@type\":\"Organization\",\"@id\":\"https:\/\/www.miomiorun.com\/de\/#organization\",\"name\":\"MioMio Run\",\"url\":\"https:\/\/www.miomiorun.com\/de\/\",\"logo\":{\"@type\":\"ImageObject\",\"inLanguage\":\"de-DE\",\"@id\":\"https:\/\/www.miomiorun.com\/de\/#\/schema\/logo\/image\/\",\"url\":\"https:\/\/www.miomiorun.com\/app\/uploads\/2019\/12\/logomio.png\",\"contentUrl\":\"https:\/\/www.miomiorun.com\/app\/uploads\/2019\/12\/logomio.png\",\"width\":115,\"height\":82,\"caption\":\"MioMio Run\"},\"image\":{\"@id\":\"https:\/\/www.miomiorun.com\/de\/#\/schema\/logo\/image\/\"},\"sameAs\":[\"https:\/\/www.facebook.com\/miomiorun\/\",\"https:\/\/www.instagram.com\/miomiorun\/\"]}]}<\/script>\n<!-- \/ Yoast SEO plugin. -->","yoast_head_json":{"title":"Brooks Canopy Packable Jacket herren - Laufjacke - MioMioRun.com","description":"Brooks Canopy Jacket: faltbare, wind- und wasserabweisende Laufjacke mit verbesserter Kapuze, UPF 50+ und Rei\u00dfverschlusstaschen.","robots":{"index":"index","follow":"follow","max-snippet":"max-snippet:-1","max-image-preview":"max-image-preview:large","max-video-preview":"max-video-preview:-1"},"canonical":"https:\/\/www.miomiorun.com\/de\/produkt\/canopy-packable-jacket-herren\/","og_locale":"de_DE","og_type":"article","og_title":"Brooks Canopy Packable Jacket herren - Laufjacke - MioMioRun.com","og_description":"Brooks Canopy Jacket: faltbare, wind- und wasserabweisende Laufjacke mit verbesserter Kapuze, UPF 50+ und Rei\u00dfverschlusstaschen.","og_url":"https:\/\/www.miomiorun.com\/de\/produkt\/canopy-packable-jacket-herren\/","og_site_name":"MioMioRun","article_publisher":"https:\/\/www.facebook.com\/miomiorun\/","article_modified_time":"2026-04-17T09:03:43+00:00","og_image":[{"width":720,"height":720,"url":"https:\/\/www.miomiorun.com\/app\/uploads\/2025\/10\/brooks-Canopy-packable-jacket-neo-blue-smoke-211564420.webp","type":"image\/webp"}],"twitter_card":"summary_large_image","twitter_misc":{"Est. reading time":"1 minute"},"schema":{"@context":"https:\/\/schema.org","@graph":[{"@type":"WebPage","@id":"https:\/\/www.miomiorun.com\/de\/produkt\/canopy-packable-jacket-herren\/","url":"https:\/\/www.miomiorun.com\/de\/produkt\/canopy-packable-jacket-herren\/","name":"Brooks Canopy Packable Jacket herren - Laufjacke - MioMioRun.com","isPartOf":{"@id":"https:\/\/www.miomiorun.com\/de\/#website"},"primaryImageOfPage":{"@id":"https:\/\/www.miomiorun.com\/de\/produkt\/canopy-packable-jacket-herren\/#primaryimage"},"image":{"@id":"https:\/\/www.miomiorun.com\/de\/produkt\/canopy-packable-jacket-herren\/#primaryimage"},"thumbnailUrl":"https:\/\/www.miomiorun.com\/app\/uploads\/2025\/10\/brooks-Canopy-packable-jacket-neo-blue-smoke-211564420.webp","datePublished":"2025-09-10T14:08:13+00:00","dateModified":"2026-04-17T09:03:43+00:00","description":"Brooks Canopy Jacket: faltbare, wind- und wasserabweisende Laufjacke mit verbesserter Kapuze, UPF 50+ und Rei\u00dfverschlusstaschen.","breadcrumb":{"@id":"https:\/\/www.miomiorun.com\/de\/produkt\/canopy-packable-jacket-herren\/#breadcrumb"},"inLanguage":"de-DE","potentialAction":[{"@type":"ReadAction","target":["https:\/\/www.miomiorun.com\/de\/produkt\/canopy-packable-jacket-herren\/"]}]},{"@type":"ImageObject","inLanguage":"de-DE","@id":"https:\/\/www.miomiorun.com\/de\/produkt\/canopy-packable-jacket-herren\/#primaryimage","url":"https:\/\/www.miomiorun.com\/app\/uploads\/2025\/10\/brooks-Canopy-packable-jacket-neo-blue-smoke-211564420.webp","contentUrl":"https:\/\/www.miomiorun.com\/app\/uploads\/2025\/10\/brooks-Canopy-packable-jacket-neo-blue-smoke-211564420.webp","width":720,"height":720,"caption":"brooks Canopy packable jacket neo blue smoke 211564420"},{"@type":"BreadcrumbList","@id":"https:\/\/www.miomiorun.com\/de\/produkt\/canopy-packable-jacket-herren\/#breadcrumb","itemListElement":[{"@type":"ListItem","position":1,"name":"Home","item":"https:\/\/www.miomiorun.com\/de\/"},{"@type":"ListItem","position":2,"name":"Shop","item":"https:\/\/www.miomiorun.com\/shop\/"},{"@type":"ListItem","position":3,"name":"Canopy Packable Jacket herren"}]},{"@type":"WebSite","@id":"https:\/\/www.miomiorun.com\/de\/#website","url":"https:\/\/www.miomiorun.com\/de\/","name":"MioMioRun","description":"100% Lauf- und Trailshop","publisher":{"@id":"https:\/\/www.miomiorun.com\/de\/#organization"},"potentialAction":[{"@type":"SearchAction","target":{"@type":"EntryPoint","urlTemplate":"https:\/\/www.miomiorun.com\/de\/?s={search_term_string}"},"query-input":{"@type":"PropertyValueSpecification","valueRequired":true,"valueName":"search_term_string"}}],"inLanguage":"de-DE"},{"@type":"Organization","@id":"https:\/\/www.miomiorun.com\/de\/#organization","name":"MioMio Run","url":"https:\/\/www.miomiorun.com\/de\/","logo":{"@type":"ImageObject","inLanguage":"de-DE","@id":"https:\/\/www.miomiorun.com\/de\/#\/schema\/logo\/image\/","url":"https:\/\/www.miomiorun.com\/app\/uploads\/2019\/12\/logomio.png","contentUrl":"https:\/\/www.miomiorun.com\/app\/uploads\/2019\/12\/logomio.png","width":115,"height":82,"caption":"MioMio Run"},"image":{"@id":"https:\/\/www.miomiorun.com\/de\/#\/schema\/logo\/image\/"},"sameAs":["https:\/\/www.facebook.com\/miomiorun\/","https:\/\/www.instagram.com\/miomiorun\/"]}]}},"_links":{"self":[{"href":"https:\/\/www.miomiorun.com\/de\/wp-json\/wp\/v2\/product\/346153","targetHints":{"allow":["GET"]}}],"collection":[{"href":"https:\/\/www.miomiorun.com\/de\/wp-json\/wp\/v2\/product"}],"about":[{"href":"https:\/\/www.miomiorun.com\/de\/wp-json\/wp\/v2\/types\/product"}],"wp:featuredmedia":[{"embeddable":true,"href":"https:\/\/www.miomiorun.com\/de\/wp-json\/wp\/v2\/media\/358303"}],"wp:attachment":[{"href":"https:\/\/www.miomiorun.com\/de\/wp-json\/wp\/v2\/media?parent=346153"}],"wp:term":[{"taxonomy":"product_brand","embeddable":true,"href":"https:\/\/www.miomiorun.com\/de\/wp-json\/wp\/v2\/product_brand?post=346153"},{"taxonomy":"product_cat","embeddable":true,"href":"https:\/\/www.miomiorun.com\/de\/wp-json\/wp\/v2\/product_cat?post=346153"},{"taxonomy":"product_tag","embeddable":true,"href":"https:\/\/www.miomiorun.com\/de\/wp-json\/wp\/v2\/product_tag?post=346153"}],"curies":[{"name":"wp","href":"https:\/\/api.w.org\/{rel}","templated":true}]}}