{"id":345514,"date":"2025-09-10T11:53:17","date_gmt":"2025-09-10T09:53:17","guid":{"rendered":"https:\/\/www.miomiorun.com\/?post_type=product&#038;p=345514"},"modified":"2026-04-17T11:04:07","modified_gmt":"2026-04-17T09:04:07","slug":"gel-cumulus-27-gs","status":"publish","type":"product","link":"https:\/\/www.miomiorun.com\/de\/produkt\/gel-cumulus-27-gs\/","title":{"rendered":"Gel-Cumulus 27 GS"},"content":{"rendered":"<table style=\"border-collapse: collapse;width: 100%\">\n<tbody>\n<tr>\n<td style=\"width: 33.3333%;vertical-align: top\">\n<h4>Technische Daten<\/h4>\n<p>Kategorie: Strukturierte D\u00e4mpfung<br \/>\nOffset: 8,5 mm<br \/>\nGewicht: 215 g<\/p>\n<p>Ideal f\u00fcr: Kinder und Jugendliche, entwickelt f\u00fcr Komfort, Leichtigkeit und Atmungsaktivit\u00e4t bei allen t\u00e4glichen Aktivit\u00e4ten.<br \/>\nGewicht des Sportlers: 25-30 kg<br \/>\nLaufgeschwindigkeit: 5 min\/km<br \/>\n<a href=\"https:\/\/miomiorun.com\/guida-alle-specifiche-tecniche\/\">Leitfaden zu den technischen Daten<\/a><\/td>\n<td style=\"width: 66.6666%;vertical-align: top\">\n<p data-start=\"204\" data-end=\"513\">Der <strong data-start=\"207\" data-end=\"228\">GEL-CUMULUS 27 GS<\/strong> ist der perfekte Laufschuh f\u00fcr Kinder und Jugendliche, der Komfort, Leichtigkeit und Atmungsaktivit\u00e4t bei allen t\u00e4glichen Aktivit\u00e4ten garantiert. Das Obermaterial aus <strong data-start=\"393\" data-end=\"412\">verst\u00e4rktem Mesh<\/strong> h\u00e4lt die F\u00fc\u00dfe k\u00fchl, reduziert den Bedarf an zus\u00e4tzlichen Schichten und verbessert die Haltbarkeit. <\/p>\n<p data-start=\"515\" data-end=\"715\">Die Zwischensohle kombiniert <strong data-start=\"536\" data-end=\"565\">AMPLIFOAM-D\u00e4mpfung<\/strong> und <strong data-start=\"568\" data-end=\"586\">GEL-Technologie<\/strong>, die strategisch platziert sind, um weichen Halt und Sto\u00dfd\u00e4mpfung zu bieten und so ein fl\u00fcssiges und komfortables Laufen zu erm\u00f6glichen.<\/p>\n<p data-start=\"717\" data-end=\"965\">Dar\u00fcber hinaus ist der Schuh <strong data-start=\"738\" data-end=\"756\">veganfreundlich<\/strong> (es werden keine tierischen Materialien verwendet) und wird mit nachhaltigen Verfahren hergestellt, wie z. B. der <strong data-start=\"842\" data-end=\"876\">Pastenf\u00e4rbung der Einlegesohle<\/strong>, die den Wasserverbrauch und die CO2-Emissionen im Vergleich zu herk\u00f6mmlichen Verfahren reduziert.<\/p>\n<ul>\n<li data-start=\"967\" data-end=\"1231\">&nbsp;Idealer Komfort und D\u00e4mpfung f\u00fcr junge und aktive F\u00fc\u00dfe<\/li>\n<li data-start=\"967\" data-end=\"1231\">GEL-Technologie zur Sto\u00dfd\u00e4mpfung und zum Schutz der Gelenke<\/li>\n<li data-start=\"967\" data-end=\"1231\">Atmungsaktives und strapazierf\u00e4higes Obermaterial aus verst\u00e4rktem Mesh<\/li>\n<\/ul>\n<\/td>\n<\/tr>\n<\/tbody>\n<\/table>\n<p>&nbsp;<\/p>\n","protected":false},"excerpt":{"rendered":"<ul>\n<li>Ein vielseitiger Alltags-Sneaker f\u00fcr junge, aktive F\u00fc\u00dfe.<\/li>\n<li>Au\u00dfergew\u00f6hnlicher Komfort.<\/li>\n<\/ul>\n","protected":false},"featured_media":351543,"template":"","meta":{"_acf_changed":false,"inline_featured_image":false},"product_brand":[],"product_cat":[19446,19445,6399],"product_tag":[3404,20504,20506],"class_list":{"0":"post-345514","1":"product","2":"type-product","3":"status-publish","4":"has-post-thumbnail","6":"product_cat-kinderschuhe","7":"product_cat-schuhe-fur-madchen","8":"product_cat-kind-de","9":"product_tag-asics-de","10":"product_tag-asics-kind","11":"product_tag-asics-madchen","12":"pa_attivita-fitness-de","13":"pa_attivita-gehen","14":"pa_attivita-lifestyle-de","15":"pa_attivita-running-de","16":"pa_colore-cumulus-27-gs-dark-pink-clay-cream-de","17":"pa_colore-cumulus-27-gs-indigo-fog-lucid-yellow-de","18":"pa_marca-asics-de","19":"pa_sesso-damen","20":"pa_sesso-herren","21":"pa_size-32-5-de","22":"pa_size-33-de","23":"pa_size-33-5-de","24":"pa_size-34-5-de","25":"pa_size-35-de","26":"pa_size-35-5-de","27":"pa_size-36-de","29":"first","30":"instock","31":"sale","32":"taxable","33":"shipping-taxable","34":"purchasable","35":"product-type-variable","36":"wvs-archive-product-wrapper"},"acf":[],"yoast_head":"<!-- This site is optimized with the Yoast SEO plugin v26.8 - https:\/\/yoast.com\/product\/yoast-seo-wordpress\/ -->\n<title>Asics Gel-Cumulus 27 GS - Laufschuhe f\u00fcr Kinder - MioMioRun<\/title>\n<meta name=\"description\" content=\"ASICS GEL-CUMULUS 27 GS: Laufschuh f\u00fcr Kinder mit GEL- und AMPLIFOAM-D\u00e4mpfung, atmungsaktivem Obermaterial und umweltfreundlichem Design. Komfort f\u00fcr jeden Tag.\" \/>\n<meta name=\"robots\" content=\"index, follow, max-snippet:-1, max-image-preview:large, max-video-preview:-1\" \/>\n<link rel=\"canonical\" href=\"https:\/\/www.miomiorun.com\/de\/produkt\/gel-cumulus-27-gs\/\" \/>\n<meta property=\"og:locale\" content=\"de_DE\" \/>\n<meta property=\"og:type\" content=\"article\" \/>\n<meta property=\"og:title\" content=\"Asics Gel-Cumulus 27 GS - Laufschuhe f\u00fcr Kinder - MioMioRun\" \/>\n<meta property=\"og:description\" content=\"ASICS GEL-CUMULUS 27 GS: Laufschuh f\u00fcr Kinder mit GEL- und AMPLIFOAM-D\u00e4mpfung, atmungsaktivem Obermaterial und umweltfreundlichem Design. Komfort f\u00fcr jeden Tag.\" \/>\n<meta property=\"og:url\" content=\"https:\/\/www.miomiorun.com\/de\/produkt\/gel-cumulus-27-gs\/\" \/>\n<meta property=\"og:site_name\" content=\"MioMioRun\" \/>\n<meta property=\"article:publisher\" content=\"https:\/\/www.facebook.com\/miomiorun\/\" \/>\n<meta property=\"article:modified_time\" content=\"2026-04-17T09:04:07+00:00\" \/>\n<meta property=\"og:image\" content=\"https:\/\/www.miomiorun.com\/app\/uploads\/2025\/09\/asics-Cumulus-27-GS-indigo-fog-lucid-yellow-1014A366-500.webp\" \/>\n\t<meta property=\"og:image:width\" content=\"600\" \/>\n\t<meta property=\"og:image:height\" content=\"600\" \/>\n\t<meta property=\"og:image:type\" content=\"image\/webp\" \/>\n<meta name=\"twitter:card\" content=\"summary_large_image\" \/>\n<meta name=\"twitter:label1\" content=\"Est. reading time\" \/>\n\t<meta name=\"twitter:data1\" content=\"2 minutes\" \/>\n<script type=\"application\/ld+json\" class=\"yoast-schema-graph\">{\"@context\":\"https:\/\/schema.org\",\"@graph\":[{\"@type\":\"WebPage\",\"@id\":\"https:\/\/www.miomiorun.com\/de\/produkt\/gel-cumulus-27-gs\/\",\"url\":\"https:\/\/www.miomiorun.com\/de\/produkt\/gel-cumulus-27-gs\/\",\"name\":\"Asics Gel-Cumulus 27 GS - Laufschuhe f\u00fcr Kinder - MioMioRun\",\"isPartOf\":{\"@id\":\"https:\/\/www.miomiorun.com\/de\/#website\"},\"primaryImageOfPage\":{\"@id\":\"https:\/\/www.miomiorun.com\/de\/produkt\/gel-cumulus-27-gs\/#primaryimage\"},\"image\":{\"@id\":\"https:\/\/www.miomiorun.com\/de\/produkt\/gel-cumulus-27-gs\/#primaryimage\"},\"thumbnailUrl\":\"https:\/\/www.miomiorun.com\/app\/uploads\/2025\/09\/asics-Cumulus-27-GS-indigo-fog-lucid-yellow-1014A366-500.webp\",\"datePublished\":\"2025-09-10T09:53:17+00:00\",\"dateModified\":\"2026-04-17T09:04:07+00:00\",\"description\":\"ASICS GEL-CUMULUS 27 GS: Laufschuh f\u00fcr Kinder mit GEL- und AMPLIFOAM-D\u00e4mpfung, atmungsaktivem Obermaterial und umweltfreundlichem Design. Komfort f\u00fcr jeden Tag.\",\"breadcrumb\":{\"@id\":\"https:\/\/www.miomiorun.com\/de\/produkt\/gel-cumulus-27-gs\/#breadcrumb\"},\"inLanguage\":\"de-DE\",\"potentialAction\":[{\"@type\":\"ReadAction\",\"target\":[\"https:\/\/www.miomiorun.com\/de\/produkt\/gel-cumulus-27-gs\/\"]}]},{\"@type\":\"ImageObject\",\"inLanguage\":\"de-DE\",\"@id\":\"https:\/\/www.miomiorun.com\/de\/produkt\/gel-cumulus-27-gs\/#primaryimage\",\"url\":\"https:\/\/www.miomiorun.com\/app\/uploads\/2025\/09\/asics-Cumulus-27-GS-indigo-fog-lucid-yellow-1014A366-500.webp\",\"contentUrl\":\"https:\/\/www.miomiorun.com\/app\/uploads\/2025\/09\/asics-Cumulus-27-GS-indigo-fog-lucid-yellow-1014A366-500.webp\",\"width\":600,\"height\":600,\"caption\":\"asics Cumulus 27 GS indigo fog lucid yellow 1014A366 500\"},{\"@type\":\"BreadcrumbList\",\"@id\":\"https:\/\/www.miomiorun.com\/de\/produkt\/gel-cumulus-27-gs\/#breadcrumb\",\"itemListElement\":[{\"@type\":\"ListItem\",\"position\":1,\"name\":\"Home\",\"item\":\"https:\/\/www.miomiorun.com\/de\/\"},{\"@type\":\"ListItem\",\"position\":2,\"name\":\"Shop\",\"item\":\"https:\/\/www.miomiorun.com\/shop\/\"},{\"@type\":\"ListItem\",\"position\":3,\"name\":\"Gel-Cumulus 27 GS\"}]},{\"@type\":\"WebSite\",\"@id\":\"https:\/\/www.miomiorun.com\/de\/#website\",\"url\":\"https:\/\/www.miomiorun.com\/de\/\",\"name\":\"MioMioRun\",\"description\":\"100% Lauf- und Trailshop\",\"publisher\":{\"@id\":\"https:\/\/www.miomiorun.com\/de\/#organization\"},\"potentialAction\":[{\"@type\":\"SearchAction\",\"target\":{\"@type\":\"EntryPoint\",\"urlTemplate\":\"https:\/\/www.miomiorun.com\/de\/?s={search_term_string}\"},\"query-input\":{\"@type\":\"PropertyValueSpecification\",\"valueRequired\":true,\"valueName\":\"search_term_string\"}}],\"inLanguage\":\"de-DE\"},{\"@type\":\"Organization\",\"@id\":\"https:\/\/www.miomiorun.com\/de\/#organization\",\"name\":\"MioMio Run\",\"url\":\"https:\/\/www.miomiorun.com\/de\/\",\"logo\":{\"@type\":\"ImageObject\",\"inLanguage\":\"de-DE\",\"@id\":\"https:\/\/www.miomiorun.com\/de\/#\/schema\/logo\/image\/\",\"url\":\"https:\/\/www.miomiorun.com\/app\/uploads\/2019\/12\/logomio.png\",\"contentUrl\":\"https:\/\/www.miomiorun.com\/app\/uploads\/2019\/12\/logomio.png\",\"width\":115,\"height\":82,\"caption\":\"MioMio Run\"},\"image\":{\"@id\":\"https:\/\/www.miomiorun.com\/de\/#\/schema\/logo\/image\/\"},\"sameAs\":[\"https:\/\/www.facebook.com\/miomiorun\/\",\"https:\/\/www.instagram.com\/miomiorun\/\"]}]}<\/script>\n<!-- \/ Yoast SEO plugin. -->","yoast_head_json":{"title":"Asics Gel-Cumulus 27 GS - Laufschuhe f\u00fcr Kinder - MioMioRun","description":"ASICS GEL-CUMULUS 27 GS: Laufschuh f\u00fcr Kinder mit GEL- und AMPLIFOAM-D\u00e4mpfung, atmungsaktivem Obermaterial und umweltfreundlichem Design. Komfort f\u00fcr jeden Tag.","robots":{"index":"index","follow":"follow","max-snippet":"max-snippet:-1","max-image-preview":"max-image-preview:large","max-video-preview":"max-video-preview:-1"},"canonical":"https:\/\/www.miomiorun.com\/de\/produkt\/gel-cumulus-27-gs\/","og_locale":"de_DE","og_type":"article","og_title":"Asics Gel-Cumulus 27 GS - Laufschuhe f\u00fcr Kinder - MioMioRun","og_description":"ASICS GEL-CUMULUS 27 GS: Laufschuh f\u00fcr Kinder mit GEL- und AMPLIFOAM-D\u00e4mpfung, atmungsaktivem Obermaterial und umweltfreundlichem Design. Komfort f\u00fcr jeden Tag.","og_url":"https:\/\/www.miomiorun.com\/de\/produkt\/gel-cumulus-27-gs\/","og_site_name":"MioMioRun","article_publisher":"https:\/\/www.facebook.com\/miomiorun\/","article_modified_time":"2026-04-17T09:04:07+00:00","og_image":[{"width":600,"height":600,"url":"https:\/\/www.miomiorun.com\/app\/uploads\/2025\/09\/asics-Cumulus-27-GS-indigo-fog-lucid-yellow-1014A366-500.webp","type":"image\/webp"}],"twitter_card":"summary_large_image","twitter_misc":{"Est. reading time":"2 minutes"},"schema":{"@context":"https:\/\/schema.org","@graph":[{"@type":"WebPage","@id":"https:\/\/www.miomiorun.com\/de\/produkt\/gel-cumulus-27-gs\/","url":"https:\/\/www.miomiorun.com\/de\/produkt\/gel-cumulus-27-gs\/","name":"Asics Gel-Cumulus 27 GS - Laufschuhe f\u00fcr Kinder - MioMioRun","isPartOf":{"@id":"https:\/\/www.miomiorun.com\/de\/#website"},"primaryImageOfPage":{"@id":"https:\/\/www.miomiorun.com\/de\/produkt\/gel-cumulus-27-gs\/#primaryimage"},"image":{"@id":"https:\/\/www.miomiorun.com\/de\/produkt\/gel-cumulus-27-gs\/#primaryimage"},"thumbnailUrl":"https:\/\/www.miomiorun.com\/app\/uploads\/2025\/09\/asics-Cumulus-27-GS-indigo-fog-lucid-yellow-1014A366-500.webp","datePublished":"2025-09-10T09:53:17+00:00","dateModified":"2026-04-17T09:04:07+00:00","description":"ASICS GEL-CUMULUS 27 GS: Laufschuh f\u00fcr Kinder mit GEL- und AMPLIFOAM-D\u00e4mpfung, atmungsaktivem Obermaterial und umweltfreundlichem Design. Komfort f\u00fcr jeden Tag.","breadcrumb":{"@id":"https:\/\/www.miomiorun.com\/de\/produkt\/gel-cumulus-27-gs\/#breadcrumb"},"inLanguage":"de-DE","potentialAction":[{"@type":"ReadAction","target":["https:\/\/www.miomiorun.com\/de\/produkt\/gel-cumulus-27-gs\/"]}]},{"@type":"ImageObject","inLanguage":"de-DE","@id":"https:\/\/www.miomiorun.com\/de\/produkt\/gel-cumulus-27-gs\/#primaryimage","url":"https:\/\/www.miomiorun.com\/app\/uploads\/2025\/09\/asics-Cumulus-27-GS-indigo-fog-lucid-yellow-1014A366-500.webp","contentUrl":"https:\/\/www.miomiorun.com\/app\/uploads\/2025\/09\/asics-Cumulus-27-GS-indigo-fog-lucid-yellow-1014A366-500.webp","width":600,"height":600,"caption":"asics Cumulus 27 GS indigo fog lucid yellow 1014A366 500"},{"@type":"BreadcrumbList","@id":"https:\/\/www.miomiorun.com\/de\/produkt\/gel-cumulus-27-gs\/#breadcrumb","itemListElement":[{"@type":"ListItem","position":1,"name":"Home","item":"https:\/\/www.miomiorun.com\/de\/"},{"@type":"ListItem","position":2,"name":"Shop","item":"https:\/\/www.miomiorun.com\/shop\/"},{"@type":"ListItem","position":3,"name":"Gel-Cumulus 27 GS"}]},{"@type":"WebSite","@id":"https:\/\/www.miomiorun.com\/de\/#website","url":"https:\/\/www.miomiorun.com\/de\/","name":"MioMioRun","description":"100% Lauf- und Trailshop","publisher":{"@id":"https:\/\/www.miomiorun.com\/de\/#organization"},"potentialAction":[{"@type":"SearchAction","target":{"@type":"EntryPoint","urlTemplate":"https:\/\/www.miomiorun.com\/de\/?s={search_term_string}"},"query-input":{"@type":"PropertyValueSpecification","valueRequired":true,"valueName":"search_term_string"}}],"inLanguage":"de-DE"},{"@type":"Organization","@id":"https:\/\/www.miomiorun.com\/de\/#organization","name":"MioMio Run","url":"https:\/\/www.miomiorun.com\/de\/","logo":{"@type":"ImageObject","inLanguage":"de-DE","@id":"https:\/\/www.miomiorun.com\/de\/#\/schema\/logo\/image\/","url":"https:\/\/www.miomiorun.com\/app\/uploads\/2019\/12\/logomio.png","contentUrl":"https:\/\/www.miomiorun.com\/app\/uploads\/2019\/12\/logomio.png","width":115,"height":82,"caption":"MioMio Run"},"image":{"@id":"https:\/\/www.miomiorun.com\/de\/#\/schema\/logo\/image\/"},"sameAs":["https:\/\/www.facebook.com\/miomiorun\/","https:\/\/www.instagram.com\/miomiorun\/"]}]}},"_links":{"self":[{"href":"https:\/\/www.miomiorun.com\/de\/wp-json\/wp\/v2\/product\/345514","targetHints":{"allow":["GET"]}}],"collection":[{"href":"https:\/\/www.miomiorun.com\/de\/wp-json\/wp\/v2\/product"}],"about":[{"href":"https:\/\/www.miomiorun.com\/de\/wp-json\/wp\/v2\/types\/product"}],"wp:featuredmedia":[{"embeddable":true,"href":"https:\/\/www.miomiorun.com\/de\/wp-json\/wp\/v2\/media\/351543"}],"wp:attachment":[{"href":"https:\/\/www.miomiorun.com\/de\/wp-json\/wp\/v2\/media?parent=345514"}],"wp:term":[{"taxonomy":"product_brand","embeddable":true,"href":"https:\/\/www.miomiorun.com\/de\/wp-json\/wp\/v2\/product_brand?post=345514"},{"taxonomy":"product_cat","embeddable":true,"href":"https:\/\/www.miomiorun.com\/de\/wp-json\/wp\/v2\/product_cat?post=345514"},{"taxonomy":"product_tag","embeddable":true,"href":"https:\/\/www.miomiorun.com\/de\/wp-json\/wp\/v2\/product_tag?post=345514"}],"curies":[{"name":"wp","href":"https:\/\/api.w.org\/{rel}","templated":true}]}}