{"id":344254,"date":"2025-09-09T10:44:32","date_gmt":"2025-09-09T08:44:32","guid":{"rendered":"https:\/\/www.miomiorun.com\/?post_type=product&#038;p=344254"},"modified":"2026-04-17T11:04:47","modified_gmt":"2026-04-17T09:04:47","slug":"sonicblast-herren","status":"publish","type":"product","link":"https:\/\/www.miomiorun.com\/de\/produkt\/sonicblast-herren\/","title":{"rendered":"Sonicblast herren"},"content":{"rendered":"<table style=\"border-collapse: collapse;width: 100%\">\n<tbody>\n<tr>\n<td style=\"width: 33.3333%;vertical-align: top;text-align: center\">\n<h4>Technische Daten<\/h4>\n<p>Kategorie: Maximale D\u00e4mpfung<br \/>\nOffset: 8 mm<br \/>\nGewicht: 256 g<br \/>\nIdeal f\u00fcr: Fortgeschrittene L\u00e4ufer, die sowohl Leistung als auch Laufkomfort suchen, um gute Ergebnisse im Wettkampf oder beim Training zu erzielen.<br \/>\nGewicht des Athleten: 55-75 kg<br \/>\nLaufstil: schnell (&gt;4,30 min\/km)<br \/>\n<a href=\"https:\/\/miomiorun.com\/guida-alle-specifiche-tecniche\/\">Leitfaden zu den technischen Spezifikationen<\/a><\/td>\n<td style=\"width: 66.6666%;vertical-align: top;text-align: center\">\n<p data-start=\"286\" data-end=\"555\">Der <strong data-start=\"289\" data-end=\"308\">SONICBLAST Herren<\/strong> ist der ideale Schuh f\u00fcr alle, die Geschwindigkeit, Reaktionsf\u00e4higkeit und Elastizit\u00e4t bei intensivem Training auf der Stra\u00dfe suchen. Er wurde entwickelt, um Ihre Energie freizusetzen, kombiniert Leichtigkeit und Komfort und hilft Ihnen, schneller zu laufen, ohne dabei an Stabilit\u00e4t einzub\u00fc\u00dfen.<\/p>\n<p data-start=\"557\" data-end=\"861\">Die innovative <strong data-start=\"570\" data-end=\"591\">FF TURBO SQUARED\u00b2<\/strong> in Kombination mit der <strong data-start=\"620\" data-end=\"636\">FF BLAST MAX<\/strong> D\u00e4mpfung sorgt f\u00fcr einen weichen und elastischen Auftritt, w\u00e4hrend die <strong data-start=\"697\" data-end=\"711\">ASTROPLATE<\/strong> Technologie jedem Schritt Fl\u00fcssigkeit und Vorw\u00e4rtsdrang verleiht. Die <strong data-start=\"763\" data-end=\"782\">ASICSGRIP-Sohle<\/strong> sorgt f\u00fcr Grip und Kontrolle und erm\u00f6glicht fl\u00fcssige und effiziente Beschleunigungen.<\/p>\n<p data-start=\"863\" data-end=\"1115\">Das Obermaterial aus <strong data-start=\"876\" data-end=\"904\">verst\u00e4rktem Jacquard-Mesh<\/strong> sorgt f\u00fcr Atmungsaktivit\u00e4t und Komfort, w\u00e4hrend das Faltenbalg-Zungensystem den Fu\u00df stabilisiert. Dar\u00fcber hinaus wurde der Schuh aus recycelten Materialien und mit umweltfreundlicheren Produktionsverfahren hergestellt.<\/p>\n<ul>\n<li data-start=\"1117\" data-end=\"1354\">&nbsp;Entwickelt f\u00fcr intensives Training und schnelles Laufen<\/li>\n<li data-start=\"1117\" data-end=\"1354\">Reaktionsfreudige D\u00e4mpfung mit FF TURBO SQUARED\u00b2 und FF BLAST MAX<\/li>\n<li data-start=\"1117\" data-end=\"1354\">Stabilit\u00e4t und Vorw\u00e4rtsantrieb dank ASTROPLATE-Technologie<\/li>\n<li data-start=\"1117\" data-end=\"1354\">ASICSGRIP-Sohle f\u00fcr optimale Traktion und Kontrolle<\/li>\n<\/ul>\n<p>&nbsp;<\/p>\n<\/p>\n<\/td>\n<\/tr>\n<\/tbody>\n<\/table>\n<p>&nbsp;<\/p>\n","protected":false},"excerpt":{"rendered":"<ul>\n<li data-start=\"1821\" data-end=\"1891\">\n<p data-start=\"1823\" data-end=\"1891\">FF TURBO SQUARED\u00b2 + FF BLAST MAX Schaumstoff f\u00fcr Geschwindigkeit und Reaktionsf\u00e4higkeit<\/p>\n<\/li>\n<li data-start=\"1892\" data-end=\"1946\">\n<p data-start=\"1894\" data-end=\"1946\">ASTROPLATE-Technologie: Fl\u00fcssigkeit und Vorw\u00e4rtsdrang<\/p>\n<\/li>\n<li data-start=\"1947\" data-end=\"2000\">\n<p data-start=\"1949\" data-end=\"2000\">ASICSGRIP-Sohle f\u00fcr optimale Traktion und Kontrolle<\/p>\n<\/li>\n<li data-start=\"2001\" data-end=\"2067\">\n<p data-start=\"2003\" data-end=\"2067\">Obermaterial aus recyceltem Mesh: atmungsaktiv, leicht und umweltfreundlich<\/p>\n<\/li>\n<\/ul>\n","protected":false},"featured_media":352271,"template":"","meta":{"_acf_changed":false,"inline_featured_image":false},"product_brand":[],"product_cat":[6507,6506],"product_tag":[3404,6202],"class_list":{"0":"post-344254","1":"product","2":"type-product","3":"status-publish","4":"has-post-thumbnail","6":"product_cat-herren-schuhe-de","7":"product_cat-neutrale-herren-schuhe-de","8":"product_tag-asics-de","9":"product_tag-asics-herren-de","10":"pa_attivita-running-de","11":"pa_colore-sonicblast-arctic-blue-grey-blue-de","12":"pa_colore-sonicblast-citron-tranquil-teal-de","13":"pa_colore-sonicblast-cream-blue-fade-de","14":"pa_colore-sonicblast-vital-green-black","15":"pa_marca-asics-de","16":"pa_sesso-herren","17":"pa_size-41-5-de","18":"pa_size-42-de","19":"pa_size-42-5-de","20":"pa_size-43-5-de","21":"pa_size-44-de","22":"pa_size-44-5-de","23":"pa_size-46-de","25":"first","26":"instock","27":"sale","28":"taxable","29":"shipping-taxable","30":"purchasable","31":"product-type-variable","32":"wvs-archive-product-wrapper"},"acf":[],"yoast_head":"<!-- This site is optimized with the Yoast SEO plugin v26.8 - https:\/\/yoast.com\/product\/yoast-seo-wordpress\/ -->\n<title>Asics Sonicblast herren - Laufschuhe f\u00fcr Herren - MioMioRun<\/title>\n<meta name=\"description\" content=\"ASICS SONICBLAST Herren: leichter und reaktionsfreudiger Laufschuh f\u00fcr intensives Training. Elastische D\u00e4mpfung, hervorragender Grip und atmungsaktiver Komfort.\" \/>\n<meta name=\"robots\" content=\"index, follow, max-snippet:-1, max-image-preview:large, max-video-preview:-1\" \/>\n<link rel=\"canonical\" href=\"https:\/\/www.miomiorun.com\/de\/produkt\/sonicblast-herren\/\" \/>\n<meta property=\"og:locale\" content=\"de_DE\" \/>\n<meta property=\"og:type\" content=\"article\" \/>\n<meta property=\"og:title\" content=\"Asics Sonicblast herren - Laufschuhe f\u00fcr Herren - MioMioRun\" \/>\n<meta property=\"og:description\" content=\"ASICS SONICBLAST Herren: leichter und reaktionsfreudiger Laufschuh f\u00fcr intensives Training. Elastische D\u00e4mpfung, hervorragender Grip und atmungsaktiver Komfort.\" \/>\n<meta property=\"og:url\" content=\"https:\/\/www.miomiorun.com\/de\/produkt\/sonicblast-herren\/\" \/>\n<meta property=\"og:site_name\" content=\"MioMioRun\" \/>\n<meta property=\"article:publisher\" content=\"https:\/\/www.facebook.com\/miomiorun\/\" \/>\n<meta property=\"article:modified_time\" content=\"2026-04-17T09:04:47+00:00\" \/>\n<meta property=\"og:image\" content=\"https:\/\/www.miomiorun.com\/app\/uploads\/2025\/09\/asics-Sonicblast-citron-tranquil-teal-1011C083-750.webp\" \/>\n\t<meta property=\"og:image:width\" content=\"720\" \/>\n\t<meta property=\"og:image:height\" content=\"720\" \/>\n\t<meta property=\"og:image:type\" content=\"image\/webp\" \/>\n<meta name=\"twitter:card\" content=\"summary_large_image\" \/>\n<meta name=\"twitter:label1\" content=\"Est. reading time\" \/>\n\t<meta name=\"twitter:data1\" content=\"2 minutes\" \/>\n<script type=\"application\/ld+json\" class=\"yoast-schema-graph\">{\"@context\":\"https:\/\/schema.org\",\"@graph\":[{\"@type\":\"WebPage\",\"@id\":\"https:\/\/www.miomiorun.com\/de\/produkt\/sonicblast-herren\/\",\"url\":\"https:\/\/www.miomiorun.com\/de\/produkt\/sonicblast-herren\/\",\"name\":\"Asics Sonicblast herren - Laufschuhe f\u00fcr Herren - MioMioRun\",\"isPartOf\":{\"@id\":\"https:\/\/www.miomiorun.com\/de\/#website\"},\"primaryImageOfPage\":{\"@id\":\"https:\/\/www.miomiorun.com\/de\/produkt\/sonicblast-herren\/#primaryimage\"},\"image\":{\"@id\":\"https:\/\/www.miomiorun.com\/de\/produkt\/sonicblast-herren\/#primaryimage\"},\"thumbnailUrl\":\"https:\/\/www.miomiorun.com\/app\/uploads\/2025\/09\/asics-Sonicblast-citron-tranquil-teal-1011C083-750.webp\",\"datePublished\":\"2025-09-09T08:44:32+00:00\",\"dateModified\":\"2026-04-17T09:04:47+00:00\",\"description\":\"ASICS SONICBLAST Herren: leichter und reaktionsfreudiger Laufschuh f\u00fcr intensives Training. Elastische D\u00e4mpfung, hervorragender Grip und atmungsaktiver Komfort.\",\"breadcrumb\":{\"@id\":\"https:\/\/www.miomiorun.com\/de\/produkt\/sonicblast-herren\/#breadcrumb\"},\"inLanguage\":\"de-DE\",\"potentialAction\":[{\"@type\":\"ReadAction\",\"target\":[\"https:\/\/www.miomiorun.com\/de\/produkt\/sonicblast-herren\/\"]}]},{\"@type\":\"ImageObject\",\"inLanguage\":\"de-DE\",\"@id\":\"https:\/\/www.miomiorun.com\/de\/produkt\/sonicblast-herren\/#primaryimage\",\"url\":\"https:\/\/www.miomiorun.com\/app\/uploads\/2025\/09\/asics-Sonicblast-citron-tranquil-teal-1011C083-750.webp\",\"contentUrl\":\"https:\/\/www.miomiorun.com\/app\/uploads\/2025\/09\/asics-Sonicblast-citron-tranquil-teal-1011C083-750.webp\",\"width\":720,\"height\":720,\"caption\":\"asics Sonicblast citron tranquil teal 1011C083 750\"},{\"@type\":\"BreadcrumbList\",\"@id\":\"https:\/\/www.miomiorun.com\/de\/produkt\/sonicblast-herren\/#breadcrumb\",\"itemListElement\":[{\"@type\":\"ListItem\",\"position\":1,\"name\":\"Home\",\"item\":\"https:\/\/www.miomiorun.com\/de\/\"},{\"@type\":\"ListItem\",\"position\":2,\"name\":\"Shop\",\"item\":\"https:\/\/www.miomiorun.com\/shop\/\"},{\"@type\":\"ListItem\",\"position\":3,\"name\":\"Sonicblast herren\"}]},{\"@type\":\"WebSite\",\"@id\":\"https:\/\/www.miomiorun.com\/de\/#website\",\"url\":\"https:\/\/www.miomiorun.com\/de\/\",\"name\":\"MioMioRun\",\"description\":\"100% Lauf- und Trailshop\",\"publisher\":{\"@id\":\"https:\/\/www.miomiorun.com\/de\/#organization\"},\"potentialAction\":[{\"@type\":\"SearchAction\",\"target\":{\"@type\":\"EntryPoint\",\"urlTemplate\":\"https:\/\/www.miomiorun.com\/de\/?s={search_term_string}\"},\"query-input\":{\"@type\":\"PropertyValueSpecification\",\"valueRequired\":true,\"valueName\":\"search_term_string\"}}],\"inLanguage\":\"de-DE\"},{\"@type\":\"Organization\",\"@id\":\"https:\/\/www.miomiorun.com\/de\/#organization\",\"name\":\"MioMio Run\",\"url\":\"https:\/\/www.miomiorun.com\/de\/\",\"logo\":{\"@type\":\"ImageObject\",\"inLanguage\":\"de-DE\",\"@id\":\"https:\/\/www.miomiorun.com\/de\/#\/schema\/logo\/image\/\",\"url\":\"https:\/\/www.miomiorun.com\/app\/uploads\/2019\/12\/logomio.png\",\"contentUrl\":\"https:\/\/www.miomiorun.com\/app\/uploads\/2019\/12\/logomio.png\",\"width\":115,\"height\":82,\"caption\":\"MioMio Run\"},\"image\":{\"@id\":\"https:\/\/www.miomiorun.com\/de\/#\/schema\/logo\/image\/\"},\"sameAs\":[\"https:\/\/www.facebook.com\/miomiorun\/\",\"https:\/\/www.instagram.com\/miomiorun\/\"]}]}<\/script>\n<!-- \/ Yoast SEO plugin. -->","yoast_head_json":{"title":"Asics Sonicblast herren - Laufschuhe f\u00fcr Herren - MioMioRun","description":"ASICS SONICBLAST Herren: leichter und reaktionsfreudiger Laufschuh f\u00fcr intensives Training. Elastische D\u00e4mpfung, hervorragender Grip und atmungsaktiver Komfort.","robots":{"index":"index","follow":"follow","max-snippet":"max-snippet:-1","max-image-preview":"max-image-preview:large","max-video-preview":"max-video-preview:-1"},"canonical":"https:\/\/www.miomiorun.com\/de\/produkt\/sonicblast-herren\/","og_locale":"de_DE","og_type":"article","og_title":"Asics Sonicblast herren - Laufschuhe f\u00fcr Herren - MioMioRun","og_description":"ASICS SONICBLAST Herren: leichter und reaktionsfreudiger Laufschuh f\u00fcr intensives Training. Elastische D\u00e4mpfung, hervorragender Grip und atmungsaktiver Komfort.","og_url":"https:\/\/www.miomiorun.com\/de\/produkt\/sonicblast-herren\/","og_site_name":"MioMioRun","article_publisher":"https:\/\/www.facebook.com\/miomiorun\/","article_modified_time":"2026-04-17T09:04:47+00:00","og_image":[{"width":720,"height":720,"url":"https:\/\/www.miomiorun.com\/app\/uploads\/2025\/09\/asics-Sonicblast-citron-tranquil-teal-1011C083-750.webp","type":"image\/webp"}],"twitter_card":"summary_large_image","twitter_misc":{"Est. reading time":"2 minutes"},"schema":{"@context":"https:\/\/schema.org","@graph":[{"@type":"WebPage","@id":"https:\/\/www.miomiorun.com\/de\/produkt\/sonicblast-herren\/","url":"https:\/\/www.miomiorun.com\/de\/produkt\/sonicblast-herren\/","name":"Asics Sonicblast herren - Laufschuhe f\u00fcr Herren - MioMioRun","isPartOf":{"@id":"https:\/\/www.miomiorun.com\/de\/#website"},"primaryImageOfPage":{"@id":"https:\/\/www.miomiorun.com\/de\/produkt\/sonicblast-herren\/#primaryimage"},"image":{"@id":"https:\/\/www.miomiorun.com\/de\/produkt\/sonicblast-herren\/#primaryimage"},"thumbnailUrl":"https:\/\/www.miomiorun.com\/app\/uploads\/2025\/09\/asics-Sonicblast-citron-tranquil-teal-1011C083-750.webp","datePublished":"2025-09-09T08:44:32+00:00","dateModified":"2026-04-17T09:04:47+00:00","description":"ASICS SONICBLAST Herren: leichter und reaktionsfreudiger Laufschuh f\u00fcr intensives Training. Elastische D\u00e4mpfung, hervorragender Grip und atmungsaktiver Komfort.","breadcrumb":{"@id":"https:\/\/www.miomiorun.com\/de\/produkt\/sonicblast-herren\/#breadcrumb"},"inLanguage":"de-DE","potentialAction":[{"@type":"ReadAction","target":["https:\/\/www.miomiorun.com\/de\/produkt\/sonicblast-herren\/"]}]},{"@type":"ImageObject","inLanguage":"de-DE","@id":"https:\/\/www.miomiorun.com\/de\/produkt\/sonicblast-herren\/#primaryimage","url":"https:\/\/www.miomiorun.com\/app\/uploads\/2025\/09\/asics-Sonicblast-citron-tranquil-teal-1011C083-750.webp","contentUrl":"https:\/\/www.miomiorun.com\/app\/uploads\/2025\/09\/asics-Sonicblast-citron-tranquil-teal-1011C083-750.webp","width":720,"height":720,"caption":"asics Sonicblast citron tranquil teal 1011C083 750"},{"@type":"BreadcrumbList","@id":"https:\/\/www.miomiorun.com\/de\/produkt\/sonicblast-herren\/#breadcrumb","itemListElement":[{"@type":"ListItem","position":1,"name":"Home","item":"https:\/\/www.miomiorun.com\/de\/"},{"@type":"ListItem","position":2,"name":"Shop","item":"https:\/\/www.miomiorun.com\/shop\/"},{"@type":"ListItem","position":3,"name":"Sonicblast herren"}]},{"@type":"WebSite","@id":"https:\/\/www.miomiorun.com\/de\/#website","url":"https:\/\/www.miomiorun.com\/de\/","name":"MioMioRun","description":"100% Lauf- und Trailshop","publisher":{"@id":"https:\/\/www.miomiorun.com\/de\/#organization"},"potentialAction":[{"@type":"SearchAction","target":{"@type":"EntryPoint","urlTemplate":"https:\/\/www.miomiorun.com\/de\/?s={search_term_string}"},"query-input":{"@type":"PropertyValueSpecification","valueRequired":true,"valueName":"search_term_string"}}],"inLanguage":"de-DE"},{"@type":"Organization","@id":"https:\/\/www.miomiorun.com\/de\/#organization","name":"MioMio Run","url":"https:\/\/www.miomiorun.com\/de\/","logo":{"@type":"ImageObject","inLanguage":"de-DE","@id":"https:\/\/www.miomiorun.com\/de\/#\/schema\/logo\/image\/","url":"https:\/\/www.miomiorun.com\/app\/uploads\/2019\/12\/logomio.png","contentUrl":"https:\/\/www.miomiorun.com\/app\/uploads\/2019\/12\/logomio.png","width":115,"height":82,"caption":"MioMio Run"},"image":{"@id":"https:\/\/www.miomiorun.com\/de\/#\/schema\/logo\/image\/"},"sameAs":["https:\/\/www.facebook.com\/miomiorun\/","https:\/\/www.instagram.com\/miomiorun\/"]}]}},"_links":{"self":[{"href":"https:\/\/www.miomiorun.com\/de\/wp-json\/wp\/v2\/product\/344254","targetHints":{"allow":["GET"]}}],"collection":[{"href":"https:\/\/www.miomiorun.com\/de\/wp-json\/wp\/v2\/product"}],"about":[{"href":"https:\/\/www.miomiorun.com\/de\/wp-json\/wp\/v2\/types\/product"}],"wp:featuredmedia":[{"embeddable":true,"href":"https:\/\/www.miomiorun.com\/de\/wp-json\/wp\/v2\/media\/352271"}],"wp:attachment":[{"href":"https:\/\/www.miomiorun.com\/de\/wp-json\/wp\/v2\/media?parent=344254"}],"wp:term":[{"taxonomy":"product_brand","embeddable":true,"href":"https:\/\/www.miomiorun.com\/de\/wp-json\/wp\/v2\/product_brand?post=344254"},{"taxonomy":"product_cat","embeddable":true,"href":"https:\/\/www.miomiorun.com\/de\/wp-json\/wp\/v2\/product_cat?post=344254"},{"taxonomy":"product_tag","embeddable":true,"href":"https:\/\/www.miomiorun.com\/de\/wp-json\/wp\/v2\/product_tag?post=344254"}],"curies":[{"name":"wp","href":"https:\/\/api.w.org\/{rel}","templated":true}]}}