{"id":344070,"date":"2025-09-09T10:21:00","date_gmt":"2025-09-09T08:21:00","guid":{"rendered":"https:\/\/www.miomiorun.com\/?post_type=product&#038;p=344070"},"modified":"2026-04-17T11:05:00","modified_gmt":"2026-04-17T09:05:00","slug":"torin-8-gtx-damen","status":"publish","type":"product","link":"https:\/\/www.miomiorun.com\/de\/produkt\/torin-8-gtx-damen\/","title":{"rendered":"Torin 8 GTX damen"},"content":{"rendered":"<div class=\"vc-row container\"><div class=\"vc-column\"><div class=\"vc-column-text\"><\/p>\n<p><strong>Technische Daten<\/strong><\/p>\n<p>Kategorie: hohe D\u00e4mpfung<br \/>\nStackh\u00f6he: 30 mm<br \/>\nOffset: 0 mm<br \/>\nGewicht: 260,8 g<br \/>\nIdeal f\u00fcr: L\u00e4ufer, die gerne auf jedem Terrain laufen und ein gut ged\u00e4mpftes Modell suchen, das sich f\u00fcr lange und mittlere Distanzen eignet und jetzt auch mit Regenschutz ausgestattet ist.<br \/>\nGewicht des Athleten: 50-70 kg<br \/>\nLaufschritt: mittel (5,00 min\/km)<br \/>\n<a href=\"https:\/\/miomiorun.com\/guida-alle-specifiche-tecniche\/\">Leitfaden zu den technischen Spezifikationen<\/a><\/p>\n<p><\/div><\/div><div class=\"vc-column\"><div class=\"vc-column-text\"><\/p>\n<div class=\"content\">\n<div class=\"techspec-bars col-12 col-md-6 text-center\">\n<div id=\"cushion-info\" class=\"tech-cushion mb-4\">\n<div class=\"tech-info\">\n<div class=\"tech-indicator\">\n<p data-start=\"237\" data-end=\"545\">Mit den <strong data-start=\"294\" data-end=\"319\">Torin 8 Gore-Tex Damen<\/strong> meistern Sie jeden Lauf, auch an regnerischen Tagen. Eines der beliebtesten Modelle von Altra ist jetzt mit einem <strong data-start=\"383\" data-end=\"432\">wasserdichten Obermaterial aus GORE-TEX Invisible Fit<\/strong> erh\u00e4ltlich, das leicht und strapazierf\u00e4hig ist und Ihre F\u00fc\u00dfe trocken h\u00e4lt, ohne den Komfort und die Atmungsaktivit\u00e4t zu beeintr\u00e4chtigen.<\/p>\n<p data-start=\"547\" data-end=\"818\">Dank der <strong data-start=\"558\" data-end=\"587\">Altra EGO\u2122 MAX-Zwischensohle<\/strong> bietet der Schuh eine weiche und reaktionsfreudige D\u00e4mpfung, ideal f\u00fcr lange Strecken auf der Stra\u00dfe. Der <strong data-start=\"685\" data-end=\"698\">0-mm-Drop<\/strong> und der gro\u00dfz\u00fcgige Zehenraum respektieren die nat\u00fcrliche Biomechanik des Fu\u00dfes und f\u00f6rdern eine freiere und stabilere Bewegung.<\/p>\n<p data-start=\"820\" data-end=\"1075\">Die <strong data-start=\"834\" data-end=\"846\">FOOTPOD\u2122-Technologie<\/strong> passt sich der Form der Knochen und Sehnen an und unterst\u00fctzt den nat\u00fcrlichen Schritt, w\u00e4hrend die <strong data-start=\"931\" data-end=\"949\">Gummisohle<\/strong> f\u00fcr Traktion und Langlebigkeit sorgt. Mit einem Gewicht von nur <strong>260,8 g<\/strong> verbinden diese Schuhe Leichtigkeit, Halt und Schutz. <\/p>\n<ul>\n<li data-start=\"1077\" data-end=\"1282\">&nbsp;Ideal f\u00fcr <strong data-start=\"1090\" data-end=\"1104\">t\u00e4gliche L\u00e4ufe<\/strong> und Spazierg\u00e4nge<\/li>\n<li data-start=\"1077\" data-end=\"1282\"><strong data-start=\"1121\" data-end=\"1151\">Wasserdicht und atmungsaktiv<\/strong> dank GORE-TEX<\/li>\n<li data-start=\"1077\" data-end=\"1282\">Hohe D\u00e4mpfung f\u00fcr \u00fcberragenden Komfort<\/li>\n<li data-start=\"1077\" data-end=\"1282\">Nat\u00fcrliches Design mit <strong data-start=\"1244\" data-end=\"1257\">Zero Drop<\/strong> und <strong data-start=\"1260\" data-end=\"1280\">ger\u00e4umiger Zehenbox<\/strong><\/li>\n<\/ul>\n<p>&nbsp;<\/p>\n<\/div>\n<\/div>\n<\/div>\n<\/div>\n<\/div>\n<p><\/div><\/div><\/div>\n","protected":false},"excerpt":{"rendered":"<ul>\n<li data-start=\"1742\" data-end=\"1803\">\n<p data-start=\"1744\" data-end=\"1803\">GORE-TEX Invisible Fit-Obermaterial: wasserdicht und atmungsaktiv<\/p>\n<\/li>\n<li data-start=\"1804\" data-end=\"1872\">\n<p data-start=\"1806\" data-end=\"1872\">Altra EGO\u2122 MAX-Zwischensohle f\u00fcr weiche und reaktionsfreudige D\u00e4mpfung<\/p>\n<\/li>\n<li data-start=\"1873\" data-end=\"1931\">\n<p data-start=\"1875\" data-end=\"1931\">0 mm Sprengung und ger\u00e4umige Zehenbox f\u00fcr nat\u00fcrliche Bewegungsfreiheit<\/p>\n<\/li>\n<li data-start=\"1932\" data-end=\"1991\">\n<p data-start=\"1934\" data-end=\"1991\">FOOTPOD\u2122-Technologie, die der Biomechanik des Fu\u00dfes folgt<\/p>\n<\/li>\n<\/ul>\n","protected":false},"featured_media":357806,"template":"","meta":{"_acf_changed":false,"inline_featured_image":false},"product_brand":[],"product_cat":[6474,6475],"product_tag":[13805,13807],"class_list":{"0":"post-344070","1":"product","2":"type-product","3":"status-publish","4":"has-post-thumbnail","6":"product_cat-damenschuhe","7":"product_cat-neutral","8":"product_tag-altra-de","9":"product_tag-altra-damen","10":"pa_attivita-gehen","11":"pa_attivita-running-de","12":"pa_colore-torin-8-gtx-w-black-mint-de","13":"pa_marca-altra-de","14":"pa_sesso-damen","15":"pa_size-38-de","16":"pa_size-40-de","18":"first","19":"instock","20":"sale","21":"taxable","22":"shipping-taxable","23":"purchasable","24":"product-type-variable","25":"wvs-archive-product-wrapper"},"acf":[],"yoast_head":"<!-- This site is optimized with the Yoast SEO plugin v26.8 - https:\/\/yoast.com\/product\/yoast-seo-wordpress\/ -->\n<title>Altra Torin 8 GTX damen - Laufschuhe f\u00fcr Damen - MioMioRun<\/title>\n<meta name=\"description\" content=\"Alta Torin 8 Gore-Tex Damen-Laufschuhe: wasserdicht, ged\u00e4mpft und nat\u00fcrlich. Komfort und Schutz f\u00fcr deine Stra\u00dfenl\u00e4ufe.\" \/>\n<meta name=\"robots\" content=\"index, follow, max-snippet:-1, max-image-preview:large, max-video-preview:-1\" \/>\n<link rel=\"canonical\" href=\"https:\/\/www.miomiorun.com\/de\/produkt\/torin-8-gtx-damen\/\" \/>\n<meta property=\"og:locale\" content=\"de_DE\" \/>\n<meta property=\"og:type\" content=\"article\" \/>\n<meta property=\"og:title\" content=\"Altra Torin 8 GTX damen - Laufschuhe f\u00fcr Damen - MioMioRun\" \/>\n<meta property=\"og:description\" content=\"Alta Torin 8 Gore-Tex Damen-Laufschuhe: wasserdicht, ged\u00e4mpft und nat\u00fcrlich. Komfort und Schutz f\u00fcr deine Stra\u00dfenl\u00e4ufe.\" \/>\n<meta property=\"og:url\" content=\"https:\/\/www.miomiorun.com\/de\/produkt\/torin-8-gtx-damen\/\" \/>\n<meta property=\"og:site_name\" content=\"MioMioRun\" \/>\n<meta property=\"article:publisher\" content=\"https:\/\/www.facebook.com\/miomiorun\/\" \/>\n<meta property=\"article:modified_time\" content=\"2026-04-17T09:05:00+00:00\" \/>\n<meta property=\"og:image\" content=\"https:\/\/www.miomiorun.com\/app\/uploads\/2025\/10\/altra-Torin-8-GTX-W-black-mint-AL0A85QH0321.webp\" \/>\n\t<meta property=\"og:image:width\" content=\"720\" \/>\n\t<meta property=\"og:image:height\" content=\"720\" \/>\n\t<meta property=\"og:image:type\" content=\"image\/webp\" \/>\n<meta name=\"twitter:card\" content=\"summary_large_image\" \/>\n<meta name=\"twitter:label1\" content=\"Est. reading time\" \/>\n\t<meta name=\"twitter:data1\" content=\"1 minute\" \/>\n<script type=\"application\/ld+json\" class=\"yoast-schema-graph\">{\"@context\":\"https:\/\/schema.org\",\"@graph\":[{\"@type\":\"WebPage\",\"@id\":\"https:\/\/www.miomiorun.com\/de\/produkt\/torin-8-gtx-damen\/\",\"url\":\"https:\/\/www.miomiorun.com\/de\/produkt\/torin-8-gtx-damen\/\",\"name\":\"Altra Torin 8 GTX damen - Laufschuhe f\u00fcr Damen - MioMioRun\",\"isPartOf\":{\"@id\":\"https:\/\/www.miomiorun.com\/de\/#website\"},\"primaryImageOfPage\":{\"@id\":\"https:\/\/www.miomiorun.com\/de\/produkt\/torin-8-gtx-damen\/#primaryimage\"},\"image\":{\"@id\":\"https:\/\/www.miomiorun.com\/de\/produkt\/torin-8-gtx-damen\/#primaryimage\"},\"thumbnailUrl\":\"https:\/\/www.miomiorun.com\/app\/uploads\/2025\/10\/altra-Torin-8-GTX-W-black-mint-AL0A85QH0321.webp\",\"datePublished\":\"2025-09-09T08:21:00+00:00\",\"dateModified\":\"2026-04-17T09:05:00+00:00\",\"description\":\"Alta Torin 8 Gore-Tex Damen-Laufschuhe: wasserdicht, ged\u00e4mpft und nat\u00fcrlich. Komfort und Schutz f\u00fcr deine Stra\u00dfenl\u00e4ufe.\",\"breadcrumb\":{\"@id\":\"https:\/\/www.miomiorun.com\/de\/produkt\/torin-8-gtx-damen\/#breadcrumb\"},\"inLanguage\":\"de-DE\",\"potentialAction\":[{\"@type\":\"ReadAction\",\"target\":[\"https:\/\/www.miomiorun.com\/de\/produkt\/torin-8-gtx-damen\/\"]}]},{\"@type\":\"ImageObject\",\"inLanguage\":\"de-DE\",\"@id\":\"https:\/\/www.miomiorun.com\/de\/produkt\/torin-8-gtx-damen\/#primaryimage\",\"url\":\"https:\/\/www.miomiorun.com\/app\/uploads\/2025\/10\/altra-Torin-8-GTX-W-black-mint-AL0A85QH0321.webp\",\"contentUrl\":\"https:\/\/www.miomiorun.com\/app\/uploads\/2025\/10\/altra-Torin-8-GTX-W-black-mint-AL0A85QH0321.webp\",\"width\":720,\"height\":720,\"caption\":\"altra Torin 8 GTX W black mint AL0A85QH0321\"},{\"@type\":\"BreadcrumbList\",\"@id\":\"https:\/\/www.miomiorun.com\/de\/produkt\/torin-8-gtx-damen\/#breadcrumb\",\"itemListElement\":[{\"@type\":\"ListItem\",\"position\":1,\"name\":\"Home\",\"item\":\"https:\/\/www.miomiorun.com\/de\/\"},{\"@type\":\"ListItem\",\"position\":2,\"name\":\"Shop\",\"item\":\"https:\/\/www.miomiorun.com\/shop\/\"},{\"@type\":\"ListItem\",\"position\":3,\"name\":\"Torin 8 GTX damen\"}]},{\"@type\":\"WebSite\",\"@id\":\"https:\/\/www.miomiorun.com\/de\/#website\",\"url\":\"https:\/\/www.miomiorun.com\/de\/\",\"name\":\"MioMioRun\",\"description\":\"100% Lauf- und Trailshop\",\"publisher\":{\"@id\":\"https:\/\/www.miomiorun.com\/de\/#organization\"},\"potentialAction\":[{\"@type\":\"SearchAction\",\"target\":{\"@type\":\"EntryPoint\",\"urlTemplate\":\"https:\/\/www.miomiorun.com\/de\/?s={search_term_string}\"},\"query-input\":{\"@type\":\"PropertyValueSpecification\",\"valueRequired\":true,\"valueName\":\"search_term_string\"}}],\"inLanguage\":\"de-DE\"},{\"@type\":\"Organization\",\"@id\":\"https:\/\/www.miomiorun.com\/de\/#organization\",\"name\":\"MioMio Run\",\"url\":\"https:\/\/www.miomiorun.com\/de\/\",\"logo\":{\"@type\":\"ImageObject\",\"inLanguage\":\"de-DE\",\"@id\":\"https:\/\/www.miomiorun.com\/de\/#\/schema\/logo\/image\/\",\"url\":\"https:\/\/www.miomiorun.com\/app\/uploads\/2019\/12\/logomio.png\",\"contentUrl\":\"https:\/\/www.miomiorun.com\/app\/uploads\/2019\/12\/logomio.png\",\"width\":115,\"height\":82,\"caption\":\"MioMio Run\"},\"image\":{\"@id\":\"https:\/\/www.miomiorun.com\/de\/#\/schema\/logo\/image\/\"},\"sameAs\":[\"https:\/\/www.facebook.com\/miomiorun\/\",\"https:\/\/www.instagram.com\/miomiorun\/\"]}]}<\/script>\n<!-- \/ Yoast SEO plugin. -->","yoast_head_json":{"title":"Altra Torin 8 GTX damen - Laufschuhe f\u00fcr Damen - MioMioRun","description":"Alta Torin 8 Gore-Tex Damen-Laufschuhe: wasserdicht, ged\u00e4mpft und nat\u00fcrlich. Komfort und Schutz f\u00fcr deine Stra\u00dfenl\u00e4ufe.","robots":{"index":"index","follow":"follow","max-snippet":"max-snippet:-1","max-image-preview":"max-image-preview:large","max-video-preview":"max-video-preview:-1"},"canonical":"https:\/\/www.miomiorun.com\/de\/produkt\/torin-8-gtx-damen\/","og_locale":"de_DE","og_type":"article","og_title":"Altra Torin 8 GTX damen - Laufschuhe f\u00fcr Damen - MioMioRun","og_description":"Alta Torin 8 Gore-Tex Damen-Laufschuhe: wasserdicht, ged\u00e4mpft und nat\u00fcrlich. Komfort und Schutz f\u00fcr deine Stra\u00dfenl\u00e4ufe.","og_url":"https:\/\/www.miomiorun.com\/de\/produkt\/torin-8-gtx-damen\/","og_site_name":"MioMioRun","article_publisher":"https:\/\/www.facebook.com\/miomiorun\/","article_modified_time":"2026-04-17T09:05:00+00:00","og_image":[{"width":720,"height":720,"url":"https:\/\/www.miomiorun.com\/app\/uploads\/2025\/10\/altra-Torin-8-GTX-W-black-mint-AL0A85QH0321.webp","type":"image\/webp"}],"twitter_card":"summary_large_image","twitter_misc":{"Est. reading time":"1 minute"},"schema":{"@context":"https:\/\/schema.org","@graph":[{"@type":"WebPage","@id":"https:\/\/www.miomiorun.com\/de\/produkt\/torin-8-gtx-damen\/","url":"https:\/\/www.miomiorun.com\/de\/produkt\/torin-8-gtx-damen\/","name":"Altra Torin 8 GTX damen - Laufschuhe f\u00fcr Damen - MioMioRun","isPartOf":{"@id":"https:\/\/www.miomiorun.com\/de\/#website"},"primaryImageOfPage":{"@id":"https:\/\/www.miomiorun.com\/de\/produkt\/torin-8-gtx-damen\/#primaryimage"},"image":{"@id":"https:\/\/www.miomiorun.com\/de\/produkt\/torin-8-gtx-damen\/#primaryimage"},"thumbnailUrl":"https:\/\/www.miomiorun.com\/app\/uploads\/2025\/10\/altra-Torin-8-GTX-W-black-mint-AL0A85QH0321.webp","datePublished":"2025-09-09T08:21:00+00:00","dateModified":"2026-04-17T09:05:00+00:00","description":"Alta Torin 8 Gore-Tex Damen-Laufschuhe: wasserdicht, ged\u00e4mpft und nat\u00fcrlich. Komfort und Schutz f\u00fcr deine Stra\u00dfenl\u00e4ufe.","breadcrumb":{"@id":"https:\/\/www.miomiorun.com\/de\/produkt\/torin-8-gtx-damen\/#breadcrumb"},"inLanguage":"de-DE","potentialAction":[{"@type":"ReadAction","target":["https:\/\/www.miomiorun.com\/de\/produkt\/torin-8-gtx-damen\/"]}]},{"@type":"ImageObject","inLanguage":"de-DE","@id":"https:\/\/www.miomiorun.com\/de\/produkt\/torin-8-gtx-damen\/#primaryimage","url":"https:\/\/www.miomiorun.com\/app\/uploads\/2025\/10\/altra-Torin-8-GTX-W-black-mint-AL0A85QH0321.webp","contentUrl":"https:\/\/www.miomiorun.com\/app\/uploads\/2025\/10\/altra-Torin-8-GTX-W-black-mint-AL0A85QH0321.webp","width":720,"height":720,"caption":"altra Torin 8 GTX W black mint AL0A85QH0321"},{"@type":"BreadcrumbList","@id":"https:\/\/www.miomiorun.com\/de\/produkt\/torin-8-gtx-damen\/#breadcrumb","itemListElement":[{"@type":"ListItem","position":1,"name":"Home","item":"https:\/\/www.miomiorun.com\/de\/"},{"@type":"ListItem","position":2,"name":"Shop","item":"https:\/\/www.miomiorun.com\/shop\/"},{"@type":"ListItem","position":3,"name":"Torin 8 GTX damen"}]},{"@type":"WebSite","@id":"https:\/\/www.miomiorun.com\/de\/#website","url":"https:\/\/www.miomiorun.com\/de\/","name":"MioMioRun","description":"100% Lauf- und Trailshop","publisher":{"@id":"https:\/\/www.miomiorun.com\/de\/#organization"},"potentialAction":[{"@type":"SearchAction","target":{"@type":"EntryPoint","urlTemplate":"https:\/\/www.miomiorun.com\/de\/?s={search_term_string}"},"query-input":{"@type":"PropertyValueSpecification","valueRequired":true,"valueName":"search_term_string"}}],"inLanguage":"de-DE"},{"@type":"Organization","@id":"https:\/\/www.miomiorun.com\/de\/#organization","name":"MioMio Run","url":"https:\/\/www.miomiorun.com\/de\/","logo":{"@type":"ImageObject","inLanguage":"de-DE","@id":"https:\/\/www.miomiorun.com\/de\/#\/schema\/logo\/image\/","url":"https:\/\/www.miomiorun.com\/app\/uploads\/2019\/12\/logomio.png","contentUrl":"https:\/\/www.miomiorun.com\/app\/uploads\/2019\/12\/logomio.png","width":115,"height":82,"caption":"MioMio Run"},"image":{"@id":"https:\/\/www.miomiorun.com\/de\/#\/schema\/logo\/image\/"},"sameAs":["https:\/\/www.facebook.com\/miomiorun\/","https:\/\/www.instagram.com\/miomiorun\/"]}]}},"_links":{"self":[{"href":"https:\/\/www.miomiorun.com\/de\/wp-json\/wp\/v2\/product\/344070","targetHints":{"allow":["GET"]}}],"collection":[{"href":"https:\/\/www.miomiorun.com\/de\/wp-json\/wp\/v2\/product"}],"about":[{"href":"https:\/\/www.miomiorun.com\/de\/wp-json\/wp\/v2\/types\/product"}],"wp:featuredmedia":[{"embeddable":true,"href":"https:\/\/www.miomiorun.com\/de\/wp-json\/wp\/v2\/media\/357806"}],"wp:attachment":[{"href":"https:\/\/www.miomiorun.com\/de\/wp-json\/wp\/v2\/media?parent=344070"}],"wp:term":[{"taxonomy":"product_brand","embeddable":true,"href":"https:\/\/www.miomiorun.com\/de\/wp-json\/wp\/v2\/product_brand?post=344070"},{"taxonomy":"product_cat","embeddable":true,"href":"https:\/\/www.miomiorun.com\/de\/wp-json\/wp\/v2\/product_cat?post=344070"},{"taxonomy":"product_tag","embeddable":true,"href":"https:\/\/www.miomiorun.com\/de\/wp-json\/wp\/v2\/product_tag?post=344070"}],"curies":[{"name":"wp","href":"https:\/\/api.w.org\/{rel}","templated":true}]}}