{"id":341547,"date":"2025-08-30T18:06:25","date_gmt":"2025-08-30T16:06:25","guid":{"rendered":"https:\/\/www.miomiorun.com\/?post_type=product&#038;p=341547"},"modified":"2026-04-17T11:05:38","modified_gmt":"2026-04-17T09:05:38","slug":"mach-x-3-damen","status":"publish","type":"product","link":"https:\/\/www.miomiorun.com\/de\/produkt\/mach-x-3-damen\/","title":{"rendered":"Mach X 3 damen"},"content":{"rendered":"<p><div class=\"vc-row container\"><div class=\"vc-column\"><div class=\"vc-column-text\"><\/p>\n<h4>Technische Daten<\/h4>\n<p>Kategorie: reaktive D\u00e4mpfung<br \/>\nOffset: 5 mm<br \/>\nGewicht: 242 g<br \/>\nIdeal f\u00fcr: L\u00e4ufer, die einen leichten und reaktionsfreudigen Schuh f\u00fcr Mittelstreckenl\u00e4ufe mit hohem Tempo suchen.<br \/>\nGewicht des Athleten: &lt;50 kg<br \/>\nLaufgeschwindigkeit: &lt;4,30 min\/km<br \/>\n<a href=\"https:\/\/miomiorun.com\/guida-alle-specifiche-tecniche\/\">Leitfaden zu den technischen Daten<\/a><\/p>\n<p> <\/div><\/div><div class=\"vc-column\"><div class=\"vc-column-text\"><strong>Antrieb f\u00fcr das Schnelligkeitstraining.<\/p>\n<p data-start=\"75\" data-end=\"630\">Training mit hohem Tempo ohne Verzicht auf Komfort: Der HOKA Mach X 3 ist der Daily Trainer mit Platte, der f\u00fcr Antrieb bei Wiederholungsl\u00e4ufen, Mittelstreckenl\u00e4ufen und progressiven L\u00e4ufen entwickelt wurde. Die Zwischensohle mit doppelter Dichte und einer oberen Schicht aus PEBA sorgt zusammen mit der Pebax-Platte f\u00fcr einen schnellen und fl\u00fcssigen Absto\u00df, w\u00e4hrend das MetaRocker-Profil einen schnellen \u00dcbergang erm\u00f6glicht. Das Obermaterial aus atmungsaktiverem, nicht vermaschbarem Gewebe, die neue weiche Zunge und der \u00fcberarbeitete Kragen sorgen f\u00fcr eine stabile und frische Passform, auch wenn Sie das Tempo erh\u00f6hen. <span class=\"\" data-state=\"closed\"><span class=\"ms-1 inline-flex max-w-full items-center relative top-&#091;-0.094rem&#093; animate-&#091;show_150ms_ease-in&#093;\" data-testid=\"webpage-citation-pill\"><\/span><\/span><\/p>\n<p data-start=\"632\" data-end=\"967\">Moderate \u201eintrinsische\u201d Stabilit\u00e4t dank breiter Basis, Active Foot Frame und J-Frame-Unterst\u00fctzung: ideal f\u00fcr neutrale L\u00e4ufer und alle, die eine kleine Hilfe bei der Kontrolle \u00fcberm\u00e4\u00dfiger Pronation suchen, ohne den Lauf zu versteifen. Sprengung 5 mm; ungef\u00e4hres Gewicht 242 g (Damen; das Gewicht kann je nach Gr\u00f6\u00dfe variieren). <span class=\"\" data-state=\"closed\"><span class=\"ms-1 inline-flex max-w-full items-center relative top-&#091;-0.094rem&#093; animate-&#091;show_150ms_ease-in&#093;\" data-testid=\"webpage-citation-pill\"><\/span><\/span><\/p>\n<p data-start=\"969\" data-end=\"999\"><strong data-start=\"969\" data-end=\"999\">Hauptmerkmale<\/strong><\/p>\n<ul data-start=\"1000\" data-end=\"1493\">\n<li data-start=\"1000\" data-end=\"1147\">\n<p data-start=\"1002\" data-end=\"1147\">Pebax\u00ae-Platte mit Fl\u00fcgeln f\u00fcr reaktiven Antrieb + Zwischensohle mit doppelter Dichte und PEBA-Oberfl\u00e4che. <span class=\"\" data-state=\"closed\"><span class=\"ms-1 inline-flex max-w-full items-center relative top-&#091;-0.094rem&#093; animate-&#091;show_150ms_ease-in&#093;\" data-testid=\"webpage-citation-pill\"><\/span><\/span><\/p>\n<\/li>\n<li data-start=\"1148\" data-end=\"1237\">\n<p data-start=\"1150\" data-end=\"1237\">Geschwindigkeitsorientierte MetaRocker\u2122-Geometrie. <span class=\"\" data-state=\"closed\"><span class=\"ms-1 inline-flex max-w-full items-center relative top-&#091;-0.094rem&#093; animate-&#091;show_150ms_ease-in&#093;\" data-testid=\"webpage-citation-pill\"><\/span><\/span><\/p>\n<\/li>\n<li data-start=\"1238\" data-end=\"1364\">\n<p data-start=\"1240\" data-end=\"1364\">Atmungsaktiveres, nahtloses Obermaterial; weichere Zunge und \u00fcberarbeiteter Kragen. <span class=\"\" data-state=\"closed\"><span class=\"ms-1 inline-flex max-w-full items-center relative top-&#091;-0.094rem&#093; animate-&#091;show_150ms_ease-in&#093;\" data-testid=\"webpage-citation-pill\"><\/span><\/span><\/p>\n<\/li>\n<li data-start=\"1365\" data-end=\"1493\">\n<p data-start=\"1367\" data-end=\"1493\">Geformte Gummisohle f\u00fcr Grip und Langlebigkeit; Sprengung 5 mm; Gewicht 242 g (Damen).<\/p>\n<\/li>\n<\/ul>\n<p><\/div><div style=\"height:32px\" class=\"vc-empty-space\"><\/div><\/div><\/div><\/strong><\/p>\n","protected":false},"excerpt":{"rendered":"<ul class=\"features-container\">\n<li data-start=\"1691\" data-end=\"1823\">\n<p data-start=\"1694\" data-end=\"1823\"><strong data-start=\"1694\" data-end=\"1719\">Sofortiger Antrieb<\/strong> \u2013 Pebax-Platte + PEBA-Schicht f\u00fcr einen schnellen und reaktionsfreudigen Absto\u00df. <span class=\"\" data-state=\"closed\"><span class=\"ms-1 inline-flex max-w-full items-center relative top-[-0.094rem] animate-[show_150ms_ease-in]\" data-testid=\"webpage-citation-pill\"><\/span><\/span><\/p>\n<\/li>\n<li data-start=\"1824\" data-end=\"1988\">\n<p data-start=\"1827\" data-end=\"1988\"><strong data-start=\"1827\" data-end=\"1850\">Atmungsaktiver Komfort<\/strong> \u2013 Nahtloses Obermaterial, weichere Zunge und \u00fcberarbeiteter Kragen f\u00fcr Stabilit\u00e4t und Frische. <span class=\"\" data-state=\"closed\"><span class=\"ms-1 inline-flex max-w-full items-center relative top-[-0.094rem] animate-[show_150ms_ease-in]\" data-testid=\"webpage-citation-pill\"><\/span><\/span><\/p>\n<\/li>\n<li data-start=\"1989\" data-end=\"2157\">\n<p data-start=\"1992\" data-end=\"2157\"><strong data-start=\"1992\" data-end=\"2014\">Moderate Stabilit\u00e4t<\/strong> \u2013 J-Frame, breite Basis und Active Foot Frame helfen, die Pronation zu kontrollieren, ohne den Lauf zu versteifen. <\/p>\n<\/li>\n<\/ul>\n","protected":false},"featured_media":341526,"template":"","meta":{"_acf_changed":false,"inline_featured_image":false},"product_brand":[],"product_cat":[6474,6475],"product_tag":[3373,6228],"class_list":{"0":"post-341547","1":"product","2":"type-product","3":"status-publish","4":"has-post-thumbnail","6":"product_cat-damenschuhe","7":"product_cat-neutral","8":"product_tag-hoka-one-one-de","9":"product_tag-hoka-one-one-damen-de","10":"pa_attivita-running-de","11":"pa_colore-mach-x3-w-neon-rose-neon-tangerine-de","12":"pa_colore-mach-x3-w-neon-yuzu-squik-ink","13":"pa_colore-mach-x3-w-white-alabaster","14":"pa_marca-hoka-de","15":"pa_sesso-damen","16":"pa_size-38-de","18":"pa_size-39-de","19":"pa_size-40-de","20":"pa_size-41-de","22":"first","23":"instock","24":"sale","25":"taxable","26":"shipping-taxable","27":"purchasable","28":"product-type-variable","29":"wvs-archive-product-wrapper"},"acf":[],"yoast_head":"<!-- This site is optimized with the Yoast SEO plugin v26.8 - https:\/\/yoast.com\/product\/yoast-seo-wordpress\/ -->\n<title>Hoka Mach X 3 damen - Laufschuhe - MioMioRun.com<\/title>\n<meta name=\"description\" content=\"HOKA Mach X 3: Stra\u00dfenlaufschuh mit Pebax-Platte und PEBA-Schicht. Reaktionsfreudig, leicht und stabil (J-Frame). Sprengung 5 mm. Perfekt f\u00fcr Mittelstrecken, Intervalll\u00e4ufe und Steigerungsl\u00e4ufe.\" \/>\n<meta name=\"robots\" content=\"index, follow, max-snippet:-1, max-image-preview:large, max-video-preview:-1\" \/>\n<link rel=\"canonical\" href=\"https:\/\/www.miomiorun.com\/de\/produkt\/mach-x-3-damen\/\" \/>\n<meta property=\"og:locale\" content=\"de_DE\" \/>\n<meta property=\"og:type\" content=\"article\" \/>\n<meta property=\"og:title\" content=\"Hoka Mach X 3 damen - Laufschuhe - MioMioRun.com\" \/>\n<meta property=\"og:description\" content=\"HOKA Mach X 3: Stra\u00dfenlaufschuh mit Pebax-Platte und PEBA-Schicht. Reaktionsfreudig, leicht und stabil (J-Frame). Sprengung 5 mm. Perfekt f\u00fcr Mittelstrecken, Intervalll\u00e4ufe und Steigerungsl\u00e4ufe.\" \/>\n<meta property=\"og:url\" content=\"https:\/\/www.miomiorun.com\/de\/produkt\/mach-x-3-damen\/\" \/>\n<meta property=\"og:site_name\" content=\"MioMioRun\" \/>\n<meta property=\"article:publisher\" content=\"https:\/\/www.facebook.com\/miomiorun\/\" \/>\n<meta property=\"article:modified_time\" content=\"2026-04-17T09:05:38+00:00\" \/>\n<meta property=\"og:image\" content=\"https:\/\/www.miomiorun.com\/app\/uploads\/2025\/08\/hoka-Mach-X3-W-neon-rose-neon-tangerine-1168721-NNRS.webp\" \/>\n\t<meta property=\"og:image:width\" content=\"720\" \/>\n\t<meta property=\"og:image:height\" content=\"720\" \/>\n\t<meta property=\"og:image:type\" content=\"image\/webp\" \/>\n<meta name=\"twitter:card\" content=\"summary_large_image\" \/>\n<meta name=\"twitter:label1\" content=\"Est. reading time\" \/>\n\t<meta name=\"twitter:data1\" content=\"1 minute\" \/>\n<script type=\"application\/ld+json\" class=\"yoast-schema-graph\">{\"@context\":\"https:\/\/schema.org\",\"@graph\":[{\"@type\":\"WebPage\",\"@id\":\"https:\/\/www.miomiorun.com\/de\/produkt\/mach-x-3-damen\/\",\"url\":\"https:\/\/www.miomiorun.com\/de\/produkt\/mach-x-3-damen\/\",\"name\":\"Hoka Mach X 3 damen - Laufschuhe - MioMioRun.com\",\"isPartOf\":{\"@id\":\"https:\/\/www.miomiorun.com\/de\/#website\"},\"primaryImageOfPage\":{\"@id\":\"https:\/\/www.miomiorun.com\/de\/produkt\/mach-x-3-damen\/#primaryimage\"},\"image\":{\"@id\":\"https:\/\/www.miomiorun.com\/de\/produkt\/mach-x-3-damen\/#primaryimage\"},\"thumbnailUrl\":\"https:\/\/www.miomiorun.com\/app\/uploads\/2025\/08\/hoka-Mach-X3-W-neon-rose-neon-tangerine-1168721-NNRS.webp\",\"datePublished\":\"2025-08-30T16:06:25+00:00\",\"dateModified\":\"2026-04-17T09:05:38+00:00\",\"description\":\"HOKA Mach X 3: Stra\u00dfenlaufschuh mit Pebax-Platte und PEBA-Schicht. Reaktionsfreudig, leicht und stabil (J-Frame). Sprengung 5 mm. Perfekt f\u00fcr Mittelstrecken, Intervalll\u00e4ufe und Steigerungsl\u00e4ufe.\",\"breadcrumb\":{\"@id\":\"https:\/\/www.miomiorun.com\/de\/produkt\/mach-x-3-damen\/#breadcrumb\"},\"inLanguage\":\"de-DE\",\"potentialAction\":[{\"@type\":\"ReadAction\",\"target\":[\"https:\/\/www.miomiorun.com\/de\/produkt\/mach-x-3-damen\/\"]}]},{\"@type\":\"ImageObject\",\"inLanguage\":\"de-DE\",\"@id\":\"https:\/\/www.miomiorun.com\/de\/produkt\/mach-x-3-damen\/#primaryimage\",\"url\":\"https:\/\/www.miomiorun.com\/app\/uploads\/2025\/08\/hoka-Mach-X3-W-neon-rose-neon-tangerine-1168721-NNRS.webp\",\"contentUrl\":\"https:\/\/www.miomiorun.com\/app\/uploads\/2025\/08\/hoka-Mach-X3-W-neon-rose-neon-tangerine-1168721-NNRS.webp\",\"width\":720,\"height\":720,\"caption\":\"hoka Mach X3 W neon rose neon tangerine 1168721 NNRS\"},{\"@type\":\"BreadcrumbList\",\"@id\":\"https:\/\/www.miomiorun.com\/de\/produkt\/mach-x-3-damen\/#breadcrumb\",\"itemListElement\":[{\"@type\":\"ListItem\",\"position\":1,\"name\":\"Home\",\"item\":\"https:\/\/www.miomiorun.com\/de\/\"},{\"@type\":\"ListItem\",\"position\":2,\"name\":\"Shop\",\"item\":\"https:\/\/www.miomiorun.com\/shop\/\"},{\"@type\":\"ListItem\",\"position\":3,\"name\":\"Mach X 3 damen\"}]},{\"@type\":\"WebSite\",\"@id\":\"https:\/\/www.miomiorun.com\/de\/#website\",\"url\":\"https:\/\/www.miomiorun.com\/de\/\",\"name\":\"MioMioRun\",\"description\":\"100% Lauf- und Trailshop\",\"publisher\":{\"@id\":\"https:\/\/www.miomiorun.com\/de\/#organization\"},\"potentialAction\":[{\"@type\":\"SearchAction\",\"target\":{\"@type\":\"EntryPoint\",\"urlTemplate\":\"https:\/\/www.miomiorun.com\/de\/?s={search_term_string}\"},\"query-input\":{\"@type\":\"PropertyValueSpecification\",\"valueRequired\":true,\"valueName\":\"search_term_string\"}}],\"inLanguage\":\"de-DE\"},{\"@type\":\"Organization\",\"@id\":\"https:\/\/www.miomiorun.com\/de\/#organization\",\"name\":\"MioMio Run\",\"url\":\"https:\/\/www.miomiorun.com\/de\/\",\"logo\":{\"@type\":\"ImageObject\",\"inLanguage\":\"de-DE\",\"@id\":\"https:\/\/www.miomiorun.com\/de\/#\/schema\/logo\/image\/\",\"url\":\"https:\/\/www.miomiorun.com\/app\/uploads\/2019\/12\/logomio.png\",\"contentUrl\":\"https:\/\/www.miomiorun.com\/app\/uploads\/2019\/12\/logomio.png\",\"width\":115,\"height\":82,\"caption\":\"MioMio Run\"},\"image\":{\"@id\":\"https:\/\/www.miomiorun.com\/de\/#\/schema\/logo\/image\/\"},\"sameAs\":[\"https:\/\/www.facebook.com\/miomiorun\/\",\"https:\/\/www.instagram.com\/miomiorun\/\"]}]}<\/script>\n<!-- \/ Yoast SEO plugin. -->","yoast_head_json":{"title":"Hoka Mach X 3 damen - Laufschuhe - MioMioRun.com","description":"HOKA Mach X 3: Stra\u00dfenlaufschuh mit Pebax-Platte und PEBA-Schicht. Reaktionsfreudig, leicht und stabil (J-Frame). Sprengung 5 mm. Perfekt f\u00fcr Mittelstrecken, Intervalll\u00e4ufe und Steigerungsl\u00e4ufe.","robots":{"index":"index","follow":"follow","max-snippet":"max-snippet:-1","max-image-preview":"max-image-preview:large","max-video-preview":"max-video-preview:-1"},"canonical":"https:\/\/www.miomiorun.com\/de\/produkt\/mach-x-3-damen\/","og_locale":"de_DE","og_type":"article","og_title":"Hoka Mach X 3 damen - Laufschuhe - MioMioRun.com","og_description":"HOKA Mach X 3: Stra\u00dfenlaufschuh mit Pebax-Platte und PEBA-Schicht. Reaktionsfreudig, leicht und stabil (J-Frame). Sprengung 5 mm. Perfekt f\u00fcr Mittelstrecken, Intervalll\u00e4ufe und Steigerungsl\u00e4ufe.","og_url":"https:\/\/www.miomiorun.com\/de\/produkt\/mach-x-3-damen\/","og_site_name":"MioMioRun","article_publisher":"https:\/\/www.facebook.com\/miomiorun\/","article_modified_time":"2026-04-17T09:05:38+00:00","og_image":[{"width":720,"height":720,"url":"https:\/\/www.miomiorun.com\/app\/uploads\/2025\/08\/hoka-Mach-X3-W-neon-rose-neon-tangerine-1168721-NNRS.webp","type":"image\/webp"}],"twitter_card":"summary_large_image","twitter_misc":{"Est. reading time":"1 minute"},"schema":{"@context":"https:\/\/schema.org","@graph":[{"@type":"WebPage","@id":"https:\/\/www.miomiorun.com\/de\/produkt\/mach-x-3-damen\/","url":"https:\/\/www.miomiorun.com\/de\/produkt\/mach-x-3-damen\/","name":"Hoka Mach X 3 damen - Laufschuhe - MioMioRun.com","isPartOf":{"@id":"https:\/\/www.miomiorun.com\/de\/#website"},"primaryImageOfPage":{"@id":"https:\/\/www.miomiorun.com\/de\/produkt\/mach-x-3-damen\/#primaryimage"},"image":{"@id":"https:\/\/www.miomiorun.com\/de\/produkt\/mach-x-3-damen\/#primaryimage"},"thumbnailUrl":"https:\/\/www.miomiorun.com\/app\/uploads\/2025\/08\/hoka-Mach-X3-W-neon-rose-neon-tangerine-1168721-NNRS.webp","datePublished":"2025-08-30T16:06:25+00:00","dateModified":"2026-04-17T09:05:38+00:00","description":"HOKA Mach X 3: Stra\u00dfenlaufschuh mit Pebax-Platte und PEBA-Schicht. Reaktionsfreudig, leicht und stabil (J-Frame). Sprengung 5 mm. Perfekt f\u00fcr Mittelstrecken, Intervalll\u00e4ufe und Steigerungsl\u00e4ufe.","breadcrumb":{"@id":"https:\/\/www.miomiorun.com\/de\/produkt\/mach-x-3-damen\/#breadcrumb"},"inLanguage":"de-DE","potentialAction":[{"@type":"ReadAction","target":["https:\/\/www.miomiorun.com\/de\/produkt\/mach-x-3-damen\/"]}]},{"@type":"ImageObject","inLanguage":"de-DE","@id":"https:\/\/www.miomiorun.com\/de\/produkt\/mach-x-3-damen\/#primaryimage","url":"https:\/\/www.miomiorun.com\/app\/uploads\/2025\/08\/hoka-Mach-X3-W-neon-rose-neon-tangerine-1168721-NNRS.webp","contentUrl":"https:\/\/www.miomiorun.com\/app\/uploads\/2025\/08\/hoka-Mach-X3-W-neon-rose-neon-tangerine-1168721-NNRS.webp","width":720,"height":720,"caption":"hoka Mach X3 W neon rose neon tangerine 1168721 NNRS"},{"@type":"BreadcrumbList","@id":"https:\/\/www.miomiorun.com\/de\/produkt\/mach-x-3-damen\/#breadcrumb","itemListElement":[{"@type":"ListItem","position":1,"name":"Home","item":"https:\/\/www.miomiorun.com\/de\/"},{"@type":"ListItem","position":2,"name":"Shop","item":"https:\/\/www.miomiorun.com\/shop\/"},{"@type":"ListItem","position":3,"name":"Mach X 3 damen"}]},{"@type":"WebSite","@id":"https:\/\/www.miomiorun.com\/de\/#website","url":"https:\/\/www.miomiorun.com\/de\/","name":"MioMioRun","description":"100% Lauf- und Trailshop","publisher":{"@id":"https:\/\/www.miomiorun.com\/de\/#organization"},"potentialAction":[{"@type":"SearchAction","target":{"@type":"EntryPoint","urlTemplate":"https:\/\/www.miomiorun.com\/de\/?s={search_term_string}"},"query-input":{"@type":"PropertyValueSpecification","valueRequired":true,"valueName":"search_term_string"}}],"inLanguage":"de-DE"},{"@type":"Organization","@id":"https:\/\/www.miomiorun.com\/de\/#organization","name":"MioMio Run","url":"https:\/\/www.miomiorun.com\/de\/","logo":{"@type":"ImageObject","inLanguage":"de-DE","@id":"https:\/\/www.miomiorun.com\/de\/#\/schema\/logo\/image\/","url":"https:\/\/www.miomiorun.com\/app\/uploads\/2019\/12\/logomio.png","contentUrl":"https:\/\/www.miomiorun.com\/app\/uploads\/2019\/12\/logomio.png","width":115,"height":82,"caption":"MioMio Run"},"image":{"@id":"https:\/\/www.miomiorun.com\/de\/#\/schema\/logo\/image\/"},"sameAs":["https:\/\/www.facebook.com\/miomiorun\/","https:\/\/www.instagram.com\/miomiorun\/"]}]}},"_links":{"self":[{"href":"https:\/\/www.miomiorun.com\/de\/wp-json\/wp\/v2\/product\/341547","targetHints":{"allow":["GET"]}}],"collection":[{"href":"https:\/\/www.miomiorun.com\/de\/wp-json\/wp\/v2\/product"}],"about":[{"href":"https:\/\/www.miomiorun.com\/de\/wp-json\/wp\/v2\/types\/product"}],"wp:featuredmedia":[{"embeddable":true,"href":"https:\/\/www.miomiorun.com\/de\/wp-json\/wp\/v2\/media\/341526"}],"wp:attachment":[{"href":"https:\/\/www.miomiorun.com\/de\/wp-json\/wp\/v2\/media?parent=341547"}],"wp:term":[{"taxonomy":"product_brand","embeddable":true,"href":"https:\/\/www.miomiorun.com\/de\/wp-json\/wp\/v2\/product_brand?post=341547"},{"taxonomy":"product_cat","embeddable":true,"href":"https:\/\/www.miomiorun.com\/de\/wp-json\/wp\/v2\/product_cat?post=341547"},{"taxonomy":"product_tag","embeddable":true,"href":"https:\/\/www.miomiorun.com\/de\/wp-json\/wp\/v2\/product_tag?post=341547"}],"curies":[{"name":"wp","href":"https:\/\/api.w.org\/{rel}","templated":true}]}}