{"id":339256,"date":"2025-08-23T15:37:28","date_gmt":"2025-08-23T13:37:28","guid":{"rendered":"https:\/\/www.miomiorun.com\/?post_type=product&#038;p=339256"},"modified":"2025-11-06T12:24:23","modified_gmt":"2025-11-06T11:24:23","slug":"aero-glide-3-grvl-damen","status":"publish","type":"product","link":"https:\/\/www.miomiorun.com\/de\/produkt\/aero-glide-3-grvl-damen\/","title":{"rendered":"Aero Glide 3 GRVL damen"},"content":{"rendered":"<div class=\"vc-row container\"><div class=\"vc-column\"><div class=\"vc-column-text\"><\/p>\n<h4>Technische Daten<\/h4>\n<p>Kategorie: Top-D\u00e4mpfung<\/p>\n<p>Gewicht: 235 g<\/p>\n<p>Sprengung: 8 mm<\/p>\n<p>Ideal f\u00fcr: L\u00e4ufer, die eine Kombination aus reaktionsfreudiger D\u00e4mpfung, Fu\u00dfschutz und au\u00dfergew\u00f6hnlichem Komfort suchen<br \/>\n<a href=\"https:\/\/miomiorun.com\/guida-alle-specifiche-tecniche\/\">Leitfaden zu den technischen Daten<\/a><\/p>\n<p><\/div><\/div><div class=\"vc-column\"><div class=\"vc-column-text\"><\/p>\n<p data-start=\"177\" data-end=\"794\">Der Aero Glide 3 GRVL hebt dein Lauftraining auf der Stra\u00dfe und im Gel\u00e4nde auf ein neues Niveau \u2013 dank <strong data-start=\"272\" data-end=\"299\">maximaler D\u00e4mpfung<\/strong>, radikalem Komfort und einer pr\u00e4zisen, passgenauen Passform. Dieser Trainingsschuh f\u00fcr den t\u00e4glichen Gebrauch wurde f\u00fcr dynamische, federnde Schritte entwickelt und basiert auf einer hohen <strong data-start=\"493\" data-end=\"512\">Energy Foam evo<\/strong>-Schaumstoffsohle, die Leichtigkeit, Reaktionsf\u00e4higkeit und erstklassige D\u00e4mpfung vereint. Das nahtlose Obermaterial sorgt zusammen mit dem <strong data-start=\"651\" data-end=\"663\">EndoFit\u2122<\/strong>-Innenfutter und dem <strong data-start=\"677\" data-end=\"690\">SensiFit\u2122<\/strong>-System daf\u00fcr, dass der Fu\u00df von der Zwischensohle bis zum Spann stabil, sicher und perfekt ausgerichtet bleibt.<\/p>\n<p data-start=\"796\" data-end=\"1195\">Die <strong data-start=\"805\" data-end=\"834\">Gravel Running Contagrip\u00ae<\/strong>-Sohle mit Chevron-Profil sorgt f\u00fcr optimale Traktion und multidirektionalen Grip auf weichem Untergrund wie Schlamm, Kies oder losem Boden, ohne dabei die Sicherheit auf harten Oberfl\u00e4chen zu beeintr\u00e4chtigen. Die von der Skitechnologie inspirierte <strong data-start=\"1034\" data-end=\"1052\">Reverse Camber<\/strong>-Geometrie vermittelt das Gef\u00fchl, \u00fcber den Boden zu \u201eschweben\u201c, und sorgt f\u00fcr fl\u00fcssige, nat\u00fcrliche \u00dcberg\u00e4nge bei jedem Schritt.<\/p>\n<p data-start=\"1197\" data-end=\"1548\">Der Komfort wird durch das <strong data-start=\"1241\" data-end=\"1274\">atmungsaktive 3D-Mesh-Obermaterial<\/strong> und reflektierende Details noch weiter verbessert, w\u00e4hrend die <strong data-start=\"1313\" data-end=\"1347\">geformte OrthoLite\u00ae-Einlegesohle<\/strong> f\u00fcr D\u00e4mpfung, Atmungsaktivit\u00e4t und Langlebigkeit sorgt. Der leichte und vielseitige Schuh wiegt <strong data-start=\"1435\" data-end=\"1444\">235 g<\/strong> und hat eine Sprengung von <strong data-start=\"1460\" data-end=\"1468\">8 mm<\/strong>, wodurch er sich ideal f\u00fcr regelm\u00e4\u00dfiges Training und 2-3 L\u00e4ufe pro Woche eignet.<\/p>\n<p data-start=\"1550\" data-end=\"1765\">Der Aero Glide 3 GRVL wird aus <strong data-start=\"1565\" data-end=\"1588\">recycelten Materialien<\/strong> hergestellt und verbindet hohe Leistung mit Nachhaltigkeit. Damit ist er die perfekte Wahl f\u00fcr alle, die sich auf Schotter trauen wollen, ohne auf Sicherheit und Komfort zu verzichten.<br \/>\n&nbsp;<\/p>\n<p><\/div><\/div><\/div>\n<\/p><\/p>\n","protected":false},"excerpt":{"rendered":"<ul>\n<li data-start=\"316\" data-end=\"405\">\n<p data-start=\"318\" data-end=\"405\">Maximale D\u00e4mpfung mit Energy Foam evo f\u00fcr dynamische und reaktionsfreudige Schritte.<\/p>\n<\/li>\n<li data-start=\"406\" data-end=\"491\">\n<p data-start=\"408\" data-end=\"491\"><strong data-start=\"408\" data-end=\"426\">Reverse Camber<\/strong>: fl\u00fcssige \u00dcberg\u00e4nge und das Gef\u00fchl, \u00fcber den Boden zu \u201eschweben\u201d.<\/p>\n<\/li>\n<li data-start=\"492\" data-end=\"618\">\n<p data-start=\"494\" data-end=\"618\"><strong data-start=\"494\" data-end=\"529\">Gravel Running Contagrip\u00ae-Sohle<\/strong> mit Chevron-Stollen f\u00fcr Grip und multidirektionale Traktion auf weichem Untergrund und Kies.<\/p>\n<\/li>\n<\/ul>\n","protected":false},"featured_media":350958,"template":"","meta":{"_acf_changed":false,"inline_featured_image":false},"product_brand":[],"product_cat":[6501,6536],"product_tag":[20480,20485],"class_list":{"0":"post-339256","1":"product","2":"type-product","3":"status-publish","4":"has-post-thumbnail","6":"product_cat-sale-damen-schuhe-de","7":"product_cat-sale-damen-trail-de","8":"product_tag-salomon-de","9":"product_tag-salomon-damen","10":"pa_attivita-gehen","11":"pa_attivita-running-de","12":"pa_attivita-trail-de","13":"pa_colore-aero-glide-3-grvl-w-burnt-ochre-vanilla-de","14":"pa_colore-aero-glide-3-grvl-w-sea-foam-vanilla-nir-de","15":"pa_marca-salomon-de","16":"pa_sesso-damen","17":"pa_size-37-de","18":"pa_size-38-de","20":"pa_size-39-de","21":"pa_size-40-de","24":"first","25":"instock","26":"sale","27":"taxable","28":"shipping-taxable","29":"purchasable","30":"product-type-variable","31":"wvs-archive-product-wrapper"},"acf":[],"yoast_head":"<!-- This site is optimized with the Yoast SEO plugin v26.8 - https:\/\/yoast.com\/product\/yoast-seo-wordpress\/ -->\n<title>Salomon Aero Glide 3 GRVL damen - Laufschuhe f\u00fcr Damen - MioMioRun<\/title>\n<meta name=\"description\" content=\"Salomon Aero Glide 3 GRVL: maximale D\u00e4mpfung und hervorragender Grip f\u00fcr Stra\u00dfen- und Gel\u00e4ndel\u00e4ufe, Komfort und Leichtigkeit f\u00fcr das t\u00e4gliche Training\" \/>\n<meta name=\"robots\" content=\"index, follow, max-snippet:-1, max-image-preview:large, max-video-preview:-1\" \/>\n<link rel=\"canonical\" href=\"https:\/\/www.miomiorun.com\/de\/produkt\/aero-glide-3-grvl-damen\/\" \/>\n<meta property=\"og:locale\" content=\"de_DE\" \/>\n<meta property=\"og:type\" content=\"article\" \/>\n<meta property=\"og:title\" content=\"Salomon Aero Glide 3 GRVL damen - Laufschuhe f\u00fcr Damen - MioMioRun\" \/>\n<meta property=\"og:description\" content=\"Salomon Aero Glide 3 GRVL: maximale D\u00e4mpfung und hervorragender Grip f\u00fcr Stra\u00dfen- und Gel\u00e4ndel\u00e4ufe, Komfort und Leichtigkeit f\u00fcr das t\u00e4gliche Training\" \/>\n<meta property=\"og:url\" content=\"https:\/\/www.miomiorun.com\/de\/produkt\/aero-glide-3-grvl-damen\/\" \/>\n<meta property=\"og:site_name\" content=\"MioMioRun\" \/>\n<meta property=\"article:publisher\" content=\"https:\/\/www.facebook.com\/miomiorun\/\" \/>\n<meta property=\"article:modified_time\" content=\"2025-11-06T11:24:23+00:00\" \/>\n<meta property=\"og:image\" content=\"https:\/\/www.miomiorun.com\/app\/uploads\/2025\/09\/salomon-Aero-Glide-3-GRVL-W-sea-foam-vanilla-nir-L47812600.webp\" \/>\n\t<meta property=\"og:image:width\" content=\"720\" \/>\n\t<meta property=\"og:image:height\" content=\"720\" \/>\n\t<meta property=\"og:image:type\" content=\"image\/webp\" \/>\n<meta name=\"twitter:card\" content=\"summary_large_image\" \/>\n<meta name=\"twitter:label1\" content=\"Est. reading time\" \/>\n\t<meta name=\"twitter:data1\" content=\"1 minute\" \/>\n<script type=\"application\/ld+json\" class=\"yoast-schema-graph\">{\"@context\":\"https:\/\/schema.org\",\"@graph\":[{\"@type\":\"WebPage\",\"@id\":\"https:\/\/www.miomiorun.com\/de\/produkt\/aero-glide-3-grvl-damen\/\",\"url\":\"https:\/\/www.miomiorun.com\/de\/produkt\/aero-glide-3-grvl-damen\/\",\"name\":\"Salomon Aero Glide 3 GRVL damen - Laufschuhe f\u00fcr Damen - MioMioRun\",\"isPartOf\":{\"@id\":\"https:\/\/www.miomiorun.com\/de\/#website\"},\"primaryImageOfPage\":{\"@id\":\"https:\/\/www.miomiorun.com\/de\/produkt\/aero-glide-3-grvl-damen\/#primaryimage\"},\"image\":{\"@id\":\"https:\/\/www.miomiorun.com\/de\/produkt\/aero-glide-3-grvl-damen\/#primaryimage\"},\"thumbnailUrl\":\"https:\/\/www.miomiorun.com\/app\/uploads\/2025\/09\/salomon-Aero-Glide-3-GRVL-W-sea-foam-vanilla-nir-L47812600.webp\",\"datePublished\":\"2025-08-23T13:37:28+00:00\",\"dateModified\":\"2025-11-06T11:24:23+00:00\",\"description\":\"Salomon Aero Glide 3 GRVL: maximale D\u00e4mpfung und hervorragender Grip f\u00fcr Stra\u00dfen- und Gel\u00e4ndel\u00e4ufe, Komfort und Leichtigkeit f\u00fcr das t\u00e4gliche Training\",\"breadcrumb\":{\"@id\":\"https:\/\/www.miomiorun.com\/de\/produkt\/aero-glide-3-grvl-damen\/#breadcrumb\"},\"inLanguage\":\"de-DE\",\"potentialAction\":[{\"@type\":\"ReadAction\",\"target\":[\"https:\/\/www.miomiorun.com\/de\/produkt\/aero-glide-3-grvl-damen\/\"]}]},{\"@type\":\"ImageObject\",\"inLanguage\":\"de-DE\",\"@id\":\"https:\/\/www.miomiorun.com\/de\/produkt\/aero-glide-3-grvl-damen\/#primaryimage\",\"url\":\"https:\/\/www.miomiorun.com\/app\/uploads\/2025\/09\/salomon-Aero-Glide-3-GRVL-W-sea-foam-vanilla-nir-L47812600.webp\",\"contentUrl\":\"https:\/\/www.miomiorun.com\/app\/uploads\/2025\/09\/salomon-Aero-Glide-3-GRVL-W-sea-foam-vanilla-nir-L47812600.webp\",\"width\":720,\"height\":720,\"caption\":\"salomon Aero Glide 3 GRVL W sea foam vanilla nir L47812600\"},{\"@type\":\"BreadcrumbList\",\"@id\":\"https:\/\/www.miomiorun.com\/de\/produkt\/aero-glide-3-grvl-damen\/#breadcrumb\",\"itemListElement\":[{\"@type\":\"ListItem\",\"position\":1,\"name\":\"Home\",\"item\":\"https:\/\/www.miomiorun.com\/de\/\"},{\"@type\":\"ListItem\",\"position\":2,\"name\":\"Shop\",\"item\":\"https:\/\/www.miomiorun.com\/shop\/\"},{\"@type\":\"ListItem\",\"position\":3,\"name\":\"Aero Glide 3 GRVL damen\"}]},{\"@type\":\"WebSite\",\"@id\":\"https:\/\/www.miomiorun.com\/de\/#website\",\"url\":\"https:\/\/www.miomiorun.com\/de\/\",\"name\":\"MioMioRun\",\"description\":\"100% Lauf- und Trailshop\",\"publisher\":{\"@id\":\"https:\/\/www.miomiorun.com\/de\/#organization\"},\"potentialAction\":[{\"@type\":\"SearchAction\",\"target\":{\"@type\":\"EntryPoint\",\"urlTemplate\":\"https:\/\/www.miomiorun.com\/de\/?s={search_term_string}\"},\"query-input\":{\"@type\":\"PropertyValueSpecification\",\"valueRequired\":true,\"valueName\":\"search_term_string\"}}],\"inLanguage\":\"de-DE\"},{\"@type\":\"Organization\",\"@id\":\"https:\/\/www.miomiorun.com\/de\/#organization\",\"name\":\"MioMio Run\",\"url\":\"https:\/\/www.miomiorun.com\/de\/\",\"logo\":{\"@type\":\"ImageObject\",\"inLanguage\":\"de-DE\",\"@id\":\"https:\/\/www.miomiorun.com\/de\/#\/schema\/logo\/image\/\",\"url\":\"https:\/\/www.miomiorun.com\/app\/uploads\/2019\/12\/logomio.png\",\"contentUrl\":\"https:\/\/www.miomiorun.com\/app\/uploads\/2019\/12\/logomio.png\",\"width\":115,\"height\":82,\"caption\":\"MioMio Run\"},\"image\":{\"@id\":\"https:\/\/www.miomiorun.com\/de\/#\/schema\/logo\/image\/\"},\"sameAs\":[\"https:\/\/www.facebook.com\/miomiorun\/\",\"https:\/\/www.instagram.com\/miomiorun\/\"]}]}<\/script>\n<!-- \/ Yoast SEO plugin. -->","yoast_head_json":{"title":"Salomon Aero Glide 3 GRVL damen - Laufschuhe f\u00fcr Damen - MioMioRun","description":"Salomon Aero Glide 3 GRVL: maximale D\u00e4mpfung und hervorragender Grip f\u00fcr Stra\u00dfen- und Gel\u00e4ndel\u00e4ufe, Komfort und Leichtigkeit f\u00fcr das t\u00e4gliche Training","robots":{"index":"index","follow":"follow","max-snippet":"max-snippet:-1","max-image-preview":"max-image-preview:large","max-video-preview":"max-video-preview:-1"},"canonical":"https:\/\/www.miomiorun.com\/de\/produkt\/aero-glide-3-grvl-damen\/","og_locale":"de_DE","og_type":"article","og_title":"Salomon Aero Glide 3 GRVL damen - Laufschuhe f\u00fcr Damen - MioMioRun","og_description":"Salomon Aero Glide 3 GRVL: maximale D\u00e4mpfung und hervorragender Grip f\u00fcr Stra\u00dfen- und Gel\u00e4ndel\u00e4ufe, Komfort und Leichtigkeit f\u00fcr das t\u00e4gliche Training","og_url":"https:\/\/www.miomiorun.com\/de\/produkt\/aero-glide-3-grvl-damen\/","og_site_name":"MioMioRun","article_publisher":"https:\/\/www.facebook.com\/miomiorun\/","article_modified_time":"2025-11-06T11:24:23+00:00","og_image":[{"width":720,"height":720,"url":"https:\/\/www.miomiorun.com\/app\/uploads\/2025\/09\/salomon-Aero-Glide-3-GRVL-W-sea-foam-vanilla-nir-L47812600.webp","type":"image\/webp"}],"twitter_card":"summary_large_image","twitter_misc":{"Est. reading time":"1 minute"},"schema":{"@context":"https:\/\/schema.org","@graph":[{"@type":"WebPage","@id":"https:\/\/www.miomiorun.com\/de\/produkt\/aero-glide-3-grvl-damen\/","url":"https:\/\/www.miomiorun.com\/de\/produkt\/aero-glide-3-grvl-damen\/","name":"Salomon Aero Glide 3 GRVL damen - Laufschuhe f\u00fcr Damen - MioMioRun","isPartOf":{"@id":"https:\/\/www.miomiorun.com\/de\/#website"},"primaryImageOfPage":{"@id":"https:\/\/www.miomiorun.com\/de\/produkt\/aero-glide-3-grvl-damen\/#primaryimage"},"image":{"@id":"https:\/\/www.miomiorun.com\/de\/produkt\/aero-glide-3-grvl-damen\/#primaryimage"},"thumbnailUrl":"https:\/\/www.miomiorun.com\/app\/uploads\/2025\/09\/salomon-Aero-Glide-3-GRVL-W-sea-foam-vanilla-nir-L47812600.webp","datePublished":"2025-08-23T13:37:28+00:00","dateModified":"2025-11-06T11:24:23+00:00","description":"Salomon Aero Glide 3 GRVL: maximale D\u00e4mpfung und hervorragender Grip f\u00fcr Stra\u00dfen- und Gel\u00e4ndel\u00e4ufe, Komfort und Leichtigkeit f\u00fcr das t\u00e4gliche Training","breadcrumb":{"@id":"https:\/\/www.miomiorun.com\/de\/produkt\/aero-glide-3-grvl-damen\/#breadcrumb"},"inLanguage":"de-DE","potentialAction":[{"@type":"ReadAction","target":["https:\/\/www.miomiorun.com\/de\/produkt\/aero-glide-3-grvl-damen\/"]}]},{"@type":"ImageObject","inLanguage":"de-DE","@id":"https:\/\/www.miomiorun.com\/de\/produkt\/aero-glide-3-grvl-damen\/#primaryimage","url":"https:\/\/www.miomiorun.com\/app\/uploads\/2025\/09\/salomon-Aero-Glide-3-GRVL-W-sea-foam-vanilla-nir-L47812600.webp","contentUrl":"https:\/\/www.miomiorun.com\/app\/uploads\/2025\/09\/salomon-Aero-Glide-3-GRVL-W-sea-foam-vanilla-nir-L47812600.webp","width":720,"height":720,"caption":"salomon Aero Glide 3 GRVL W sea foam vanilla nir L47812600"},{"@type":"BreadcrumbList","@id":"https:\/\/www.miomiorun.com\/de\/produkt\/aero-glide-3-grvl-damen\/#breadcrumb","itemListElement":[{"@type":"ListItem","position":1,"name":"Home","item":"https:\/\/www.miomiorun.com\/de\/"},{"@type":"ListItem","position":2,"name":"Shop","item":"https:\/\/www.miomiorun.com\/shop\/"},{"@type":"ListItem","position":3,"name":"Aero Glide 3 GRVL damen"}]},{"@type":"WebSite","@id":"https:\/\/www.miomiorun.com\/de\/#website","url":"https:\/\/www.miomiorun.com\/de\/","name":"MioMioRun","description":"100% Lauf- und Trailshop","publisher":{"@id":"https:\/\/www.miomiorun.com\/de\/#organization"},"potentialAction":[{"@type":"SearchAction","target":{"@type":"EntryPoint","urlTemplate":"https:\/\/www.miomiorun.com\/de\/?s={search_term_string}"},"query-input":{"@type":"PropertyValueSpecification","valueRequired":true,"valueName":"search_term_string"}}],"inLanguage":"de-DE"},{"@type":"Organization","@id":"https:\/\/www.miomiorun.com\/de\/#organization","name":"MioMio Run","url":"https:\/\/www.miomiorun.com\/de\/","logo":{"@type":"ImageObject","inLanguage":"de-DE","@id":"https:\/\/www.miomiorun.com\/de\/#\/schema\/logo\/image\/","url":"https:\/\/www.miomiorun.com\/app\/uploads\/2019\/12\/logomio.png","contentUrl":"https:\/\/www.miomiorun.com\/app\/uploads\/2019\/12\/logomio.png","width":115,"height":82,"caption":"MioMio Run"},"image":{"@id":"https:\/\/www.miomiorun.com\/de\/#\/schema\/logo\/image\/"},"sameAs":["https:\/\/www.facebook.com\/miomiorun\/","https:\/\/www.instagram.com\/miomiorun\/"]}]}},"_links":{"self":[{"href":"https:\/\/www.miomiorun.com\/de\/wp-json\/wp\/v2\/product\/339256","targetHints":{"allow":["GET"]}}],"collection":[{"href":"https:\/\/www.miomiorun.com\/de\/wp-json\/wp\/v2\/product"}],"about":[{"href":"https:\/\/www.miomiorun.com\/de\/wp-json\/wp\/v2\/types\/product"}],"wp:featuredmedia":[{"embeddable":true,"href":"https:\/\/www.miomiorun.com\/de\/wp-json\/wp\/v2\/media\/350958"}],"wp:attachment":[{"href":"https:\/\/www.miomiorun.com\/de\/wp-json\/wp\/v2\/media?parent=339256"}],"wp:term":[{"taxonomy":"product_brand","embeddable":true,"href":"https:\/\/www.miomiorun.com\/de\/wp-json\/wp\/v2\/product_brand?post=339256"},{"taxonomy":"product_cat","embeddable":true,"href":"https:\/\/www.miomiorun.com\/de\/wp-json\/wp\/v2\/product_cat?post=339256"},{"taxonomy":"product_tag","embeddable":true,"href":"https:\/\/www.miomiorun.com\/de\/wp-json\/wp\/v2\/product_tag?post=339256"}],"curies":[{"name":"wp","href":"https:\/\/api.w.org\/{rel}","templated":true}]}}