{"id":339017,"date":"2025-08-23T12:07:28","date_gmt":"2025-08-23T10:07:28","guid":{"rendered":"https:\/\/www.miomiorun.com\/?post_type=product&#038;p=339017"},"modified":"2025-11-06T18:01:51","modified_gmt":"2025-11-06T17:01:51","slug":"aero-glide-3-damen","status":"publish","type":"product","link":"https:\/\/www.miomiorun.com\/de\/produkt\/aero-glide-3-damen\/","title":{"rendered":"Aero Glide 3 damen"},"content":{"rendered":"<div class=\"vc-row container\"><div class=\"vc-column\"><div class=\"vc-column-text\"><\/p>\n<h4>Technische Daten<\/h4>\n<p>Kategorie: Top-D\u00e4mpfung<\/p>\n<p>Gewicht: 205 g<\/p>\n<p>Sprengung: 8 mm<\/p>\n<p>Ideal f\u00fcr: L\u00e4ufer, die eine Kombination aus reaktionsfreudiger D\u00e4mpfung, Fu\u00dfschutz und au\u00dfergew\u00f6hnlichem Komfort suchen<br \/>\n<a href=\"https:\/\/miomiorun.com\/guida-alle-specifiche-tecniche\/\">Leitfaden zu den technischen Daten<\/a><\/p>\n<p><\/div><\/div><div class=\"vc-column\"><div class=\"vc-column-text\"><\/p>\n<p data-start=\"232\" data-end=\"729\">Der Aero Glide 3 ist der Laufschuh, der das Konzept von D\u00e4mpfung und Komfort f\u00fcr deine t\u00e4glichen L\u00e4ufe neu definiert. Dieser Trainingsschuh wurde f\u00fcr alle entwickelt, die einen fl\u00fcssigen und dynamischen Laufstil suchen, und bietet maximale D\u00e4mpfung dank einer dicken Schicht aus leichtem, reaktionsfreudigem Schaumstoff, der bei jedem Schritt Energie zur\u00fcckgibt. Mit einem Gewicht von nur 205 Gramm und einer Sprengung von 8 mm ist er der ideale Begleiter f\u00fcr 2-3 L\u00e4ufe pro Woche, wobei Schutz und Leichtigkeit stets gew\u00e4hrleistet sind.<\/p>\n<p data-start=\"731\" data-end=\"1140\">Die Road Contagrip\u00ae-Au\u00dfensohle sorgt dank einer Kombination aus breiten Stollen und einer hochfesten Mischung f\u00fcr au\u00dfergew\u00f6hnlichen Grip und Langlebigkeit auf harten und ebenen Oberfl\u00e4chen. In der Zwischensohle sorgt die von der Welt des Skisports inspirierte Reverse Camber-Technologie f\u00fcr ein Gef\u00fchl, als w\u00fcrde man \u00fcber den Boden \u201eschweben\u201c, w\u00e4hrend der neue Energy Foam evo f\u00fcr eine hervorragende Sto\u00dfd\u00e4mpfung mit einem energiegeladenen R\u00fcckpralleffekt sorgt.<\/p>\n<p data-start=\"1142\" data-end=\"1478\">Das nahtlose Obermaterial aus 3D-Mesh umschlie\u00dft den Fu\u00df wie eine Handschuh und sorgt vom ersten bis zum letzten Kilometer f\u00fcr Atmungsaktivit\u00e4t und Komfort. Im Inneren sorgen das weiche Textilfutter und die geformte OrthoLite\u00ae-Einlegesohle f\u00fcr zus\u00e4tzlichen Komfort, passen sich der Form des Fu\u00dfes an und garantieren Frische und dauerhafte D\u00e4mpfung.<\/p>\n<p data-start=\"1480\" data-end=\"1675\">Das traditionelle Schn\u00fcrsystem sorgt f\u00fcr einen sicheren und pr\u00e4zisen Sitz, w\u00e4hrend die bei der Herstellung verwendeten recycelten Materialien das Engagement von Salomon f\u00fcr Nachhaltigkeit unterstreichen.<\/p>\n<p data-start=\"1677\" data-end=\"1788\">Mit dem Aero Glide 3 erh\u00e4ltst du Energie, Schutz und revolution\u00e4ren Komfort, um jeden Lauf mit Leichtigkeit zu meistern.<\/p>\n<p><\/div><\/div><\/div><\/p>\n","protected":false},"excerpt":{"rendered":"<ul>\n<li data-start=\"114\" data-end=\"178\">\n<p data-start=\"116\" data-end=\"178\">Maximale D\u00e4mpfung mit Energy Foam evo-Schaumstoff.<\/p>\n<\/li>\n<li data-start=\"179\" data-end=\"239\">\n<p data-start=\"181\" data-end=\"239\">Road Contagrip\u00ae-Sohle: Grip und Widerstandsf\u00e4higkeit auf Asphalt.<\/p>\n<\/li>\n<li data-start=\"240\" data-end=\"305\">\n<p data-start=\"242\" data-end=\"305\">Reverse Camber-Zwischensohle: fl\u00fcssige und nat\u00fcrliche \u00dcberg\u00e4nge.<\/p>\n<\/li>\n<\/ul>\n","protected":false},"featured_media":350863,"template":"","meta":{"_acf_changed":false,"inline_featured_image":false},"product_brand":[],"product_cat":[6501,6536],"product_tag":[20480,20485],"class_list":{"0":"post-339017","1":"product","2":"type-product","3":"status-publish","4":"has-post-thumbnail","6":"product_cat-sale-damen-schuhe-de","7":"product_cat-sale-damen-trail-de","8":"product_tag-salomon-de","9":"product_tag-salomon-damen","10":"pa_attivita-gehen","11":"pa_attivita-lifestyle-de","12":"pa_attivita-running-de","13":"pa_colore-aero-glide-3-w-sedsa-vanilla-cyclam-de","14":"pa_marca-salomon-de","15":"pa_sesso-damen","16":"pa_size-37-de","17":"pa_size-38-de","19":"pa_size-39-de","20":"pa_size-40-de","22":"first","23":"instock","24":"sale","25":"taxable","26":"shipping-taxable","27":"purchasable","28":"product-type-variable","29":"wvs-archive-product-wrapper"},"acf":[],"yoast_head":"<!-- This site is optimized with the Yoast SEO plugin v26.8 - https:\/\/yoast.com\/product\/yoast-seo-wordpress\/ -->\n<title>Salomon Aero Glide 3 damen - Laufschuhe f\u00fcr Damen - MioMioRun<\/title>\n<meta name=\"description\" content=\"Entdecken Sie den Salomon Aero Glide 3: ein leichter und reaktionsfreudiger Laufschuh mit maximaler D\u00e4mpfung und h\u00f6chstem Komfort f\u00fcr Ihr t\u00e4gliches Lauftraining.\" \/>\n<meta name=\"robots\" content=\"index, follow, max-snippet:-1, max-image-preview:large, max-video-preview:-1\" \/>\n<link rel=\"canonical\" href=\"https:\/\/www.miomiorun.com\/de\/produkt\/aero-glide-3-damen\/\" \/>\n<meta property=\"og:locale\" content=\"de_DE\" \/>\n<meta property=\"og:type\" content=\"article\" \/>\n<meta property=\"og:title\" content=\"Salomon Aero Glide 3 damen - Laufschuhe f\u00fcr Damen - MioMioRun\" \/>\n<meta property=\"og:description\" content=\"Entdecken Sie den Salomon Aero Glide 3: ein leichter und reaktionsfreudiger Laufschuh mit maximaler D\u00e4mpfung und h\u00f6chstem Komfort f\u00fcr Ihr t\u00e4gliches Lauftraining.\" \/>\n<meta property=\"og:url\" content=\"https:\/\/www.miomiorun.com\/de\/produkt\/aero-glide-3-damen\/\" \/>\n<meta property=\"og:site_name\" content=\"MioMioRun\" \/>\n<meta property=\"article:publisher\" content=\"https:\/\/www.facebook.com\/miomiorun\/\" \/>\n<meta property=\"article:modified_time\" content=\"2025-11-06T17:01:51+00:00\" \/>\n<meta property=\"og:image\" content=\"https:\/\/www.miomiorun.com\/app\/uploads\/2025\/09\/salomon-Aero-Glide-3-W-sedsa-vanilla-cyclam-L47975800.webp\" \/>\n\t<meta property=\"og:image:width\" content=\"720\" \/>\n\t<meta property=\"og:image:height\" content=\"720\" \/>\n\t<meta property=\"og:image:type\" content=\"image\/webp\" \/>\n<meta name=\"twitter:card\" content=\"summary_large_image\" \/>\n<meta name=\"twitter:label1\" content=\"Est. reading time\" \/>\n\t<meta name=\"twitter:data1\" content=\"1 minute\" \/>\n<script type=\"application\/ld+json\" class=\"yoast-schema-graph\">{\"@context\":\"https:\/\/schema.org\",\"@graph\":[{\"@type\":\"WebPage\",\"@id\":\"https:\/\/www.miomiorun.com\/de\/produkt\/aero-glide-3-damen\/\",\"url\":\"https:\/\/www.miomiorun.com\/de\/produkt\/aero-glide-3-damen\/\",\"name\":\"Salomon Aero Glide 3 damen - Laufschuhe f\u00fcr Damen - MioMioRun\",\"isPartOf\":{\"@id\":\"https:\/\/www.miomiorun.com\/de\/#website\"},\"primaryImageOfPage\":{\"@id\":\"https:\/\/www.miomiorun.com\/de\/produkt\/aero-glide-3-damen\/#primaryimage\"},\"image\":{\"@id\":\"https:\/\/www.miomiorun.com\/de\/produkt\/aero-glide-3-damen\/#primaryimage\"},\"thumbnailUrl\":\"https:\/\/www.miomiorun.com\/app\/uploads\/2025\/09\/salomon-Aero-Glide-3-W-sedsa-vanilla-cyclam-L47975800.webp\",\"datePublished\":\"2025-08-23T10:07:28+00:00\",\"dateModified\":\"2025-11-06T17:01:51+00:00\",\"description\":\"Entdecken Sie den Salomon Aero Glide 3: ein leichter und reaktionsfreudiger Laufschuh mit maximaler D\u00e4mpfung und h\u00f6chstem Komfort f\u00fcr Ihr t\u00e4gliches Lauftraining.\",\"breadcrumb\":{\"@id\":\"https:\/\/www.miomiorun.com\/de\/produkt\/aero-glide-3-damen\/#breadcrumb\"},\"inLanguage\":\"de-DE\",\"potentialAction\":[{\"@type\":\"ReadAction\",\"target\":[\"https:\/\/www.miomiorun.com\/de\/produkt\/aero-glide-3-damen\/\"]}]},{\"@type\":\"ImageObject\",\"inLanguage\":\"de-DE\",\"@id\":\"https:\/\/www.miomiorun.com\/de\/produkt\/aero-glide-3-damen\/#primaryimage\",\"url\":\"https:\/\/www.miomiorun.com\/app\/uploads\/2025\/09\/salomon-Aero-Glide-3-W-sedsa-vanilla-cyclam-L47975800.webp\",\"contentUrl\":\"https:\/\/www.miomiorun.com\/app\/uploads\/2025\/09\/salomon-Aero-Glide-3-W-sedsa-vanilla-cyclam-L47975800.webp\",\"width\":720,\"height\":720,\"caption\":\"salomon Aero Glide 3 W sedsa vanilla cyclam L47975800\"},{\"@type\":\"BreadcrumbList\",\"@id\":\"https:\/\/www.miomiorun.com\/de\/produkt\/aero-glide-3-damen\/#breadcrumb\",\"itemListElement\":[{\"@type\":\"ListItem\",\"position\":1,\"name\":\"Home\",\"item\":\"https:\/\/www.miomiorun.com\/de\/\"},{\"@type\":\"ListItem\",\"position\":2,\"name\":\"Shop\",\"item\":\"https:\/\/www.miomiorun.com\/shop\/\"},{\"@type\":\"ListItem\",\"position\":3,\"name\":\"Aero Glide 3 damen\"}]},{\"@type\":\"WebSite\",\"@id\":\"https:\/\/www.miomiorun.com\/de\/#website\",\"url\":\"https:\/\/www.miomiorun.com\/de\/\",\"name\":\"MioMioRun\",\"description\":\"100% Lauf- und Trailshop\",\"publisher\":{\"@id\":\"https:\/\/www.miomiorun.com\/de\/#organization\"},\"potentialAction\":[{\"@type\":\"SearchAction\",\"target\":{\"@type\":\"EntryPoint\",\"urlTemplate\":\"https:\/\/www.miomiorun.com\/de\/?s={search_term_string}\"},\"query-input\":{\"@type\":\"PropertyValueSpecification\",\"valueRequired\":true,\"valueName\":\"search_term_string\"}}],\"inLanguage\":\"de-DE\"},{\"@type\":\"Organization\",\"@id\":\"https:\/\/www.miomiorun.com\/de\/#organization\",\"name\":\"MioMio Run\",\"url\":\"https:\/\/www.miomiorun.com\/de\/\",\"logo\":{\"@type\":\"ImageObject\",\"inLanguage\":\"de-DE\",\"@id\":\"https:\/\/www.miomiorun.com\/de\/#\/schema\/logo\/image\/\",\"url\":\"https:\/\/www.miomiorun.com\/app\/uploads\/2019\/12\/logomio.png\",\"contentUrl\":\"https:\/\/www.miomiorun.com\/app\/uploads\/2019\/12\/logomio.png\",\"width\":115,\"height\":82,\"caption\":\"MioMio Run\"},\"image\":{\"@id\":\"https:\/\/www.miomiorun.com\/de\/#\/schema\/logo\/image\/\"},\"sameAs\":[\"https:\/\/www.facebook.com\/miomiorun\/\",\"https:\/\/www.instagram.com\/miomiorun\/\"]}]}<\/script>\n<!-- \/ Yoast SEO plugin. -->","yoast_head_json":{"title":"Salomon Aero Glide 3 damen - Laufschuhe f\u00fcr Damen - MioMioRun","description":"Entdecken Sie den Salomon Aero Glide 3: ein leichter und reaktionsfreudiger Laufschuh mit maximaler D\u00e4mpfung und h\u00f6chstem Komfort f\u00fcr Ihr t\u00e4gliches Lauftraining.","robots":{"index":"index","follow":"follow","max-snippet":"max-snippet:-1","max-image-preview":"max-image-preview:large","max-video-preview":"max-video-preview:-1"},"canonical":"https:\/\/www.miomiorun.com\/de\/produkt\/aero-glide-3-damen\/","og_locale":"de_DE","og_type":"article","og_title":"Salomon Aero Glide 3 damen - Laufschuhe f\u00fcr Damen - MioMioRun","og_description":"Entdecken Sie den Salomon Aero Glide 3: ein leichter und reaktionsfreudiger Laufschuh mit maximaler D\u00e4mpfung und h\u00f6chstem Komfort f\u00fcr Ihr t\u00e4gliches Lauftraining.","og_url":"https:\/\/www.miomiorun.com\/de\/produkt\/aero-glide-3-damen\/","og_site_name":"MioMioRun","article_publisher":"https:\/\/www.facebook.com\/miomiorun\/","article_modified_time":"2025-11-06T17:01:51+00:00","og_image":[{"width":720,"height":720,"url":"https:\/\/www.miomiorun.com\/app\/uploads\/2025\/09\/salomon-Aero-Glide-3-W-sedsa-vanilla-cyclam-L47975800.webp","type":"image\/webp"}],"twitter_card":"summary_large_image","twitter_misc":{"Est. reading time":"1 minute"},"schema":{"@context":"https:\/\/schema.org","@graph":[{"@type":"WebPage","@id":"https:\/\/www.miomiorun.com\/de\/produkt\/aero-glide-3-damen\/","url":"https:\/\/www.miomiorun.com\/de\/produkt\/aero-glide-3-damen\/","name":"Salomon Aero Glide 3 damen - Laufschuhe f\u00fcr Damen - MioMioRun","isPartOf":{"@id":"https:\/\/www.miomiorun.com\/de\/#website"},"primaryImageOfPage":{"@id":"https:\/\/www.miomiorun.com\/de\/produkt\/aero-glide-3-damen\/#primaryimage"},"image":{"@id":"https:\/\/www.miomiorun.com\/de\/produkt\/aero-glide-3-damen\/#primaryimage"},"thumbnailUrl":"https:\/\/www.miomiorun.com\/app\/uploads\/2025\/09\/salomon-Aero-Glide-3-W-sedsa-vanilla-cyclam-L47975800.webp","datePublished":"2025-08-23T10:07:28+00:00","dateModified":"2025-11-06T17:01:51+00:00","description":"Entdecken Sie den Salomon Aero Glide 3: ein leichter und reaktionsfreudiger Laufschuh mit maximaler D\u00e4mpfung und h\u00f6chstem Komfort f\u00fcr Ihr t\u00e4gliches Lauftraining.","breadcrumb":{"@id":"https:\/\/www.miomiorun.com\/de\/produkt\/aero-glide-3-damen\/#breadcrumb"},"inLanguage":"de-DE","potentialAction":[{"@type":"ReadAction","target":["https:\/\/www.miomiorun.com\/de\/produkt\/aero-glide-3-damen\/"]}]},{"@type":"ImageObject","inLanguage":"de-DE","@id":"https:\/\/www.miomiorun.com\/de\/produkt\/aero-glide-3-damen\/#primaryimage","url":"https:\/\/www.miomiorun.com\/app\/uploads\/2025\/09\/salomon-Aero-Glide-3-W-sedsa-vanilla-cyclam-L47975800.webp","contentUrl":"https:\/\/www.miomiorun.com\/app\/uploads\/2025\/09\/salomon-Aero-Glide-3-W-sedsa-vanilla-cyclam-L47975800.webp","width":720,"height":720,"caption":"salomon Aero Glide 3 W sedsa vanilla cyclam L47975800"},{"@type":"BreadcrumbList","@id":"https:\/\/www.miomiorun.com\/de\/produkt\/aero-glide-3-damen\/#breadcrumb","itemListElement":[{"@type":"ListItem","position":1,"name":"Home","item":"https:\/\/www.miomiorun.com\/de\/"},{"@type":"ListItem","position":2,"name":"Shop","item":"https:\/\/www.miomiorun.com\/shop\/"},{"@type":"ListItem","position":3,"name":"Aero Glide 3 damen"}]},{"@type":"WebSite","@id":"https:\/\/www.miomiorun.com\/de\/#website","url":"https:\/\/www.miomiorun.com\/de\/","name":"MioMioRun","description":"100% Lauf- und Trailshop","publisher":{"@id":"https:\/\/www.miomiorun.com\/de\/#organization"},"potentialAction":[{"@type":"SearchAction","target":{"@type":"EntryPoint","urlTemplate":"https:\/\/www.miomiorun.com\/de\/?s={search_term_string}"},"query-input":{"@type":"PropertyValueSpecification","valueRequired":true,"valueName":"search_term_string"}}],"inLanguage":"de-DE"},{"@type":"Organization","@id":"https:\/\/www.miomiorun.com\/de\/#organization","name":"MioMio Run","url":"https:\/\/www.miomiorun.com\/de\/","logo":{"@type":"ImageObject","inLanguage":"de-DE","@id":"https:\/\/www.miomiorun.com\/de\/#\/schema\/logo\/image\/","url":"https:\/\/www.miomiorun.com\/app\/uploads\/2019\/12\/logomio.png","contentUrl":"https:\/\/www.miomiorun.com\/app\/uploads\/2019\/12\/logomio.png","width":115,"height":82,"caption":"MioMio Run"},"image":{"@id":"https:\/\/www.miomiorun.com\/de\/#\/schema\/logo\/image\/"},"sameAs":["https:\/\/www.facebook.com\/miomiorun\/","https:\/\/www.instagram.com\/miomiorun\/"]}]}},"_links":{"self":[{"href":"https:\/\/www.miomiorun.com\/de\/wp-json\/wp\/v2\/product\/339017","targetHints":{"allow":["GET"]}}],"collection":[{"href":"https:\/\/www.miomiorun.com\/de\/wp-json\/wp\/v2\/product"}],"about":[{"href":"https:\/\/www.miomiorun.com\/de\/wp-json\/wp\/v2\/types\/product"}],"wp:featuredmedia":[{"embeddable":true,"href":"https:\/\/www.miomiorun.com\/de\/wp-json\/wp\/v2\/media\/350863"}],"wp:attachment":[{"href":"https:\/\/www.miomiorun.com\/de\/wp-json\/wp\/v2\/media?parent=339017"}],"wp:term":[{"taxonomy":"product_brand","embeddable":true,"href":"https:\/\/www.miomiorun.com\/de\/wp-json\/wp\/v2\/product_brand?post=339017"},{"taxonomy":"product_cat","embeddable":true,"href":"https:\/\/www.miomiorun.com\/de\/wp-json\/wp\/v2\/product_cat?post=339017"},{"taxonomy":"product_tag","embeddable":true,"href":"https:\/\/www.miomiorun.com\/de\/wp-json\/wp\/v2\/product_tag?post=339017"}],"curies":[{"name":"wp","href":"https:\/\/api.w.org\/{rel}","templated":true}]}}