{"id":338985,"date":"2025-08-23T11:48:21","date_gmt":"2025-08-23T09:48:21","guid":{"rendered":"https:\/\/www.miomiorun.com\/?post_type=product&#038;p=338985"},"modified":"2026-02-13T10:20:52","modified_gmt":"2026-02-13T09:20:52","slug":"soft-flask-250-ml","status":"publish","type":"product","link":"https:\/\/www.miomiorun.com\/de\/produkt\/soft-flask-250-ml\/","title":{"rendered":"Soft Flask 250 ml"},"content":{"rendered":"<p>Mit seinem 28 mm breiten Verschluss und dem Hochleistungsventil hilft dir der <strong>SOFT FLASK <\/strong>250 ml\/8 oz 28 von Salomon dabei, schneller und einfacher hydriert zu bleiben, damit du dich ganz auf die Strecke konzentrieren kannst. Diese Flasche schrumpft beim Trinken, um das unangenehme Schwappen des Wassers zu reduzieren, und zeigt dir genau an, wie viel Fl\u00fcssigkeit noch \u00fcbrig ist. Kompatibel mit allen Salomon-Verschl\u00fcssen mit 28-mm-\u00d6ffnung.<\/p>\n<h3>Eigenschaften:<\/h3>\n<div class=\"pdp-gap-m\">\n<p class=\"pdp-sidebar-popin-details_subtitle\">FL\u00dcSSIGKEITSZUFUHR<\/p>\n<ul>\n<li>Hochleistungsventil<\/li>\n<li>28-mm-\u00d6ffnung<\/li>\n<li>TPU- und hochfrequenzverschwei\u00dfte N\u00e4hte<\/li>\n<li>Breiter Temperaturbereich<\/li>\n<\/ul>\n<\/div>\n<div class=\"pdp-gap-m\">\n<p class=\"pdp-sidebar-popin-details_subtitle\">NACHHALTIGKEIT<\/p>\n<ul>\n<li>100 % BPA- und PVC-frei<\/li>\n<li>PFC-frei<\/li>\n<\/ul>\n<\/div>\n<p>&nbsp;<\/p>\n<p>&nbsp;<\/p>\n<p>&nbsp;<\/p>\n","protected":false},"excerpt":{"rendered":"<ul>\n<li>Zusammenklappbare Trinkflasche mit einem Fassungsverm\u00f6gen von bis zu 250 ml Fl\u00fcssigkeit.<\/li>\n<li>Ideal, um sich w\u00e4hrend des Trailrunnings mit Fl\u00fcssigkeit zu versorgen.<\/li>\n<\/ul>\n","protected":false},"featured_media":365223,"template":"","meta":{"_acf_changed":false,"inline_featured_image":false},"product_brand":[],"product_cat":[6342,6361,6363],"product_tag":[20480],"class_list":{"0":"post-338985","1":"product","2":"type-product","3":"status-publish","4":"has-post-thumbnail","6":"product_cat-zubehoer","7":"product_cat-hydratation-de","8":"product_cat-flaschen-de","9":"product_tag-salomon-de","10":"pa_attivita-outdoor-de","11":"pa_attivita-trail-de","12":"pa_marca-salomon-de","13":"pa_sesso-damen","14":"pa_sesso-herren","16":"first","17":"instock","18":"sale","19":"taxable","20":"shipping-taxable","21":"purchasable","22":"product-type-simple"},"acf":[],"yoast_head":"<!-- This site is optimized with the Yoast SEO plugin v26.8 - https:\/\/yoast.com\/product\/yoast-seo-wordpress\/ -->\n<title>SalomonSoft Flask 250 ml - Lauf-Trinkflasche - MioMioRun<\/title>\n<meta name=\"description\" content=\"Die SOFT FLASK 250 ml von Salomon hilft Ihnen, schneller und einfacher hydriert zu bleiben, damit Sie sich ganz auf die Strecke konzentrieren k\u00f6nnen.\" \/>\n<meta name=\"robots\" content=\"index, follow, max-snippet:-1, max-image-preview:large, max-video-preview:-1\" \/>\n<link rel=\"canonical\" href=\"https:\/\/www.miomiorun.com\/de\/produkt\/soft-flask-250-ml\/\" \/>\n<meta property=\"og:locale\" content=\"de_DE\" \/>\n<meta property=\"og:type\" content=\"article\" \/>\n<meta property=\"og:title\" content=\"SalomonSoft Flask 250 ml - Lauf-Trinkflasche - MioMioRun\" \/>\n<meta property=\"og:description\" content=\"Die SOFT FLASK 250 ml von Salomon hilft Ihnen, schneller und einfacher hydriert zu bleiben, damit Sie sich ganz auf die Strecke konzentrieren k\u00f6nnen.\" \/>\n<meta property=\"og:url\" content=\"https:\/\/www.miomiorun.com\/de\/produkt\/soft-flask-250-ml\/\" \/>\n<meta property=\"og:site_name\" content=\"MioMioRun\" \/>\n<meta property=\"article:publisher\" content=\"https:\/\/www.facebook.com\/miomiorun\/\" \/>\n<meta property=\"article:modified_time\" content=\"2026-02-13T09:20:52+00:00\" \/>\n<meta property=\"og:image\" content=\"https:\/\/www.miomiorun.com\/app\/uploads\/2025\/08\/salomon-Soft-flask-250ml-clear-blue-LC1986400.webp\" \/>\n\t<meta property=\"og:image:width\" content=\"720\" \/>\n\t<meta property=\"og:image:height\" content=\"720\" \/>\n\t<meta property=\"og:image:type\" content=\"image\/webp\" \/>\n<meta name=\"twitter:card\" content=\"summary_large_image\" \/>\n<script type=\"application\/ld+json\" class=\"yoast-schema-graph\">{\"@context\":\"https:\/\/schema.org\",\"@graph\":[{\"@type\":\"WebPage\",\"@id\":\"https:\/\/www.miomiorun.com\/de\/produkt\/soft-flask-250-ml\/\",\"url\":\"https:\/\/www.miomiorun.com\/de\/produkt\/soft-flask-250-ml\/\",\"name\":\"SalomonSoft Flask 250 ml - Lauf-Trinkflasche - MioMioRun\",\"isPartOf\":{\"@id\":\"https:\/\/www.miomiorun.com\/de\/#website\"},\"primaryImageOfPage\":{\"@id\":\"https:\/\/www.miomiorun.com\/de\/produkt\/soft-flask-250-ml\/#primaryimage\"},\"image\":{\"@id\":\"https:\/\/www.miomiorun.com\/de\/produkt\/soft-flask-250-ml\/#primaryimage\"},\"thumbnailUrl\":\"https:\/\/www.miomiorun.com\/app\/uploads\/2025\/08\/salomon-Soft-flask-250ml-clear-blue-LC1986400.webp\",\"datePublished\":\"2025-08-23T09:48:21+00:00\",\"dateModified\":\"2026-02-13T09:20:52+00:00\",\"description\":\"Die SOFT FLASK 250 ml von Salomon hilft Ihnen, schneller und einfacher hydriert zu bleiben, damit Sie sich ganz auf die Strecke konzentrieren k\u00f6nnen.\",\"breadcrumb\":{\"@id\":\"https:\/\/www.miomiorun.com\/de\/produkt\/soft-flask-250-ml\/#breadcrumb\"},\"inLanguage\":\"de-DE\",\"potentialAction\":[{\"@type\":\"ReadAction\",\"target\":[\"https:\/\/www.miomiorun.com\/de\/produkt\/soft-flask-250-ml\/\"]}]},{\"@type\":\"ImageObject\",\"inLanguage\":\"de-DE\",\"@id\":\"https:\/\/www.miomiorun.com\/de\/produkt\/soft-flask-250-ml\/#primaryimage\",\"url\":\"https:\/\/www.miomiorun.com\/app\/uploads\/2025\/08\/salomon-Soft-flask-250ml-clear-blue-LC1986400.webp\",\"contentUrl\":\"https:\/\/www.miomiorun.com\/app\/uploads\/2025\/08\/salomon-Soft-flask-250ml-clear-blue-LC1986400.webp\",\"width\":720,\"height\":720,\"caption\":\"salomon Soft flask 250ml clear blue LC1986400\"},{\"@type\":\"BreadcrumbList\",\"@id\":\"https:\/\/www.miomiorun.com\/de\/produkt\/soft-flask-250-ml\/#breadcrumb\",\"itemListElement\":[{\"@type\":\"ListItem\",\"position\":1,\"name\":\"Home\",\"item\":\"https:\/\/www.miomiorun.com\/de\/\"},{\"@type\":\"ListItem\",\"position\":2,\"name\":\"Shop\",\"item\":\"https:\/\/www.miomiorun.com\/shop\/\"},{\"@type\":\"ListItem\",\"position\":3,\"name\":\"Soft Flask 250 ml\"}]},{\"@type\":\"WebSite\",\"@id\":\"https:\/\/www.miomiorun.com\/de\/#website\",\"url\":\"https:\/\/www.miomiorun.com\/de\/\",\"name\":\"MioMioRun\",\"description\":\"100% Lauf- und Trailshop\",\"publisher\":{\"@id\":\"https:\/\/www.miomiorun.com\/de\/#organization\"},\"potentialAction\":[{\"@type\":\"SearchAction\",\"target\":{\"@type\":\"EntryPoint\",\"urlTemplate\":\"https:\/\/www.miomiorun.com\/de\/?s={search_term_string}\"},\"query-input\":{\"@type\":\"PropertyValueSpecification\",\"valueRequired\":true,\"valueName\":\"search_term_string\"}}],\"inLanguage\":\"de-DE\"},{\"@type\":\"Organization\",\"@id\":\"https:\/\/www.miomiorun.com\/de\/#organization\",\"name\":\"MioMio Run\",\"url\":\"https:\/\/www.miomiorun.com\/de\/\",\"logo\":{\"@type\":\"ImageObject\",\"inLanguage\":\"de-DE\",\"@id\":\"https:\/\/www.miomiorun.com\/de\/#\/schema\/logo\/image\/\",\"url\":\"https:\/\/www.miomiorun.com\/app\/uploads\/2019\/12\/logomio.png\",\"contentUrl\":\"https:\/\/www.miomiorun.com\/app\/uploads\/2019\/12\/logomio.png\",\"width\":115,\"height\":82,\"caption\":\"MioMio Run\"},\"image\":{\"@id\":\"https:\/\/www.miomiorun.com\/de\/#\/schema\/logo\/image\/\"},\"sameAs\":[\"https:\/\/www.facebook.com\/miomiorun\/\",\"https:\/\/www.instagram.com\/miomiorun\/\"]}]}<\/script>\n<!-- \/ Yoast SEO plugin. -->","yoast_head_json":{"title":"SalomonSoft Flask 250 ml - Lauf-Trinkflasche - MioMioRun","description":"Die SOFT FLASK 250 ml von Salomon hilft Ihnen, schneller und einfacher hydriert zu bleiben, damit Sie sich ganz auf die Strecke konzentrieren k\u00f6nnen.","robots":{"index":"index","follow":"follow","max-snippet":"max-snippet:-1","max-image-preview":"max-image-preview:large","max-video-preview":"max-video-preview:-1"},"canonical":"https:\/\/www.miomiorun.com\/de\/produkt\/soft-flask-250-ml\/","og_locale":"de_DE","og_type":"article","og_title":"SalomonSoft Flask 250 ml - Lauf-Trinkflasche - MioMioRun","og_description":"Die SOFT FLASK 250 ml von Salomon hilft Ihnen, schneller und einfacher hydriert zu bleiben, damit Sie sich ganz auf die Strecke konzentrieren k\u00f6nnen.","og_url":"https:\/\/www.miomiorun.com\/de\/produkt\/soft-flask-250-ml\/","og_site_name":"MioMioRun","article_publisher":"https:\/\/www.facebook.com\/miomiorun\/","article_modified_time":"2026-02-13T09:20:52+00:00","og_image":[{"width":720,"height":720,"url":"https:\/\/www.miomiorun.com\/app\/uploads\/2025\/08\/salomon-Soft-flask-250ml-clear-blue-LC1986400.webp","type":"image\/webp"}],"twitter_card":"summary_large_image","schema":{"@context":"https:\/\/schema.org","@graph":[{"@type":"WebPage","@id":"https:\/\/www.miomiorun.com\/de\/produkt\/soft-flask-250-ml\/","url":"https:\/\/www.miomiorun.com\/de\/produkt\/soft-flask-250-ml\/","name":"SalomonSoft Flask 250 ml - Lauf-Trinkflasche - MioMioRun","isPartOf":{"@id":"https:\/\/www.miomiorun.com\/de\/#website"},"primaryImageOfPage":{"@id":"https:\/\/www.miomiorun.com\/de\/produkt\/soft-flask-250-ml\/#primaryimage"},"image":{"@id":"https:\/\/www.miomiorun.com\/de\/produkt\/soft-flask-250-ml\/#primaryimage"},"thumbnailUrl":"https:\/\/www.miomiorun.com\/app\/uploads\/2025\/08\/salomon-Soft-flask-250ml-clear-blue-LC1986400.webp","datePublished":"2025-08-23T09:48:21+00:00","dateModified":"2026-02-13T09:20:52+00:00","description":"Die SOFT FLASK 250 ml von Salomon hilft Ihnen, schneller und einfacher hydriert zu bleiben, damit Sie sich ganz auf die Strecke konzentrieren k\u00f6nnen.","breadcrumb":{"@id":"https:\/\/www.miomiorun.com\/de\/produkt\/soft-flask-250-ml\/#breadcrumb"},"inLanguage":"de-DE","potentialAction":[{"@type":"ReadAction","target":["https:\/\/www.miomiorun.com\/de\/produkt\/soft-flask-250-ml\/"]}]},{"@type":"ImageObject","inLanguage":"de-DE","@id":"https:\/\/www.miomiorun.com\/de\/produkt\/soft-flask-250-ml\/#primaryimage","url":"https:\/\/www.miomiorun.com\/app\/uploads\/2025\/08\/salomon-Soft-flask-250ml-clear-blue-LC1986400.webp","contentUrl":"https:\/\/www.miomiorun.com\/app\/uploads\/2025\/08\/salomon-Soft-flask-250ml-clear-blue-LC1986400.webp","width":720,"height":720,"caption":"salomon Soft flask 250ml clear blue LC1986400"},{"@type":"BreadcrumbList","@id":"https:\/\/www.miomiorun.com\/de\/produkt\/soft-flask-250-ml\/#breadcrumb","itemListElement":[{"@type":"ListItem","position":1,"name":"Home","item":"https:\/\/www.miomiorun.com\/de\/"},{"@type":"ListItem","position":2,"name":"Shop","item":"https:\/\/www.miomiorun.com\/shop\/"},{"@type":"ListItem","position":3,"name":"Soft Flask 250 ml"}]},{"@type":"WebSite","@id":"https:\/\/www.miomiorun.com\/de\/#website","url":"https:\/\/www.miomiorun.com\/de\/","name":"MioMioRun","description":"100% Lauf- und Trailshop","publisher":{"@id":"https:\/\/www.miomiorun.com\/de\/#organization"},"potentialAction":[{"@type":"SearchAction","target":{"@type":"EntryPoint","urlTemplate":"https:\/\/www.miomiorun.com\/de\/?s={search_term_string}"},"query-input":{"@type":"PropertyValueSpecification","valueRequired":true,"valueName":"search_term_string"}}],"inLanguage":"de-DE"},{"@type":"Organization","@id":"https:\/\/www.miomiorun.com\/de\/#organization","name":"MioMio Run","url":"https:\/\/www.miomiorun.com\/de\/","logo":{"@type":"ImageObject","inLanguage":"de-DE","@id":"https:\/\/www.miomiorun.com\/de\/#\/schema\/logo\/image\/","url":"https:\/\/www.miomiorun.com\/app\/uploads\/2019\/12\/logomio.png","contentUrl":"https:\/\/www.miomiorun.com\/app\/uploads\/2019\/12\/logomio.png","width":115,"height":82,"caption":"MioMio Run"},"image":{"@id":"https:\/\/www.miomiorun.com\/de\/#\/schema\/logo\/image\/"},"sameAs":["https:\/\/www.facebook.com\/miomiorun\/","https:\/\/www.instagram.com\/miomiorun\/"]}]}},"_links":{"self":[{"href":"https:\/\/www.miomiorun.com\/de\/wp-json\/wp\/v2\/product\/338985","targetHints":{"allow":["GET"]}}],"collection":[{"href":"https:\/\/www.miomiorun.com\/de\/wp-json\/wp\/v2\/product"}],"about":[{"href":"https:\/\/www.miomiorun.com\/de\/wp-json\/wp\/v2\/types\/product"}],"wp:featuredmedia":[{"embeddable":true,"href":"https:\/\/www.miomiorun.com\/de\/wp-json\/wp\/v2\/media\/365223"}],"wp:attachment":[{"href":"https:\/\/www.miomiorun.com\/de\/wp-json\/wp\/v2\/media?parent=338985"}],"wp:term":[{"taxonomy":"product_brand","embeddable":true,"href":"https:\/\/www.miomiorun.com\/de\/wp-json\/wp\/v2\/product_brand?post=338985"},{"taxonomy":"product_cat","embeddable":true,"href":"https:\/\/www.miomiorun.com\/de\/wp-json\/wp\/v2\/product_cat?post=338985"},{"taxonomy":"product_tag","embeddable":true,"href":"https:\/\/www.miomiorun.com\/de\/wp-json\/wp\/v2\/product_tag?post=338985"}],"curies":[{"name":"wp","href":"https:\/\/api.w.org\/{rel}","templated":true}]}}