{"id":338925,"date":"2025-08-23T11:40:57","date_gmt":"2025-08-23T09:40:57","guid":{"rendered":"https:\/\/www.miomiorun.com\/?post_type=product&#038;p=338925"},"modified":"2025-11-07T16:58:14","modified_gmt":"2025-11-07T15:58:14","slug":"s-lab-pulsar-3","status":"publish","type":"product","link":"https:\/\/www.miomiorun.com\/de\/produkt\/s-lab-pulsar-3\/","title":{"rendered":"S\/LAB PULSAR 3"},"content":{"rendered":"<p data-start=\"162\" data-end=\"467\">Der leichte, minimalistische und extrem stabile <strong data-start=\"203\" data-end=\"221\">S\/LAB Pulsar 3<\/strong> ist ein von Salomon entwickelter Weste-Rucksack f\u00fcr alle, die bei kurzen L\u00e4ufen und Trail-Wettk\u00e4mpfen maximale Effizienz suchen. Mit einem Gewicht von nur <strong data-start=\"344\" data-end=\"360\">90 g<\/strong> bietet er gut organisierten Stauraum und schnellen Zugriff auf Trinkvorr\u00e4te, sodass du dich ganz auf den Lauf konzentrieren kannst.<\/p>\n<p data-start=\"469\" data-end=\"780\">Dank der <strong data-start=\"492\" data-end=\"505\">SensiFit\u2122<\/strong>-Technologie schmiegt sich die Weste perfekt an den K\u00f6rper an und garantiert Bewegungsfreiheit und Komfort ohne zu verrutschen. Mit dem <strong data-start=\"618\" data-end=\"632\">Quick Link<\/strong>-System kannst du den Rucksack auch w\u00e4hrend des Laufens anpassen und befestigen, w\u00e4hrend die beiden <strong data-start=\"709\" data-end=\"744\">mitgelieferten 250-ml-Softflaschen<\/strong> f\u00fcr sofortige Fl\u00fcssigkeitszufuhr sorgen. <\/p>\n<h3 data-start=\"787\" data-end=\"823\"><strong data-start=\"791\" data-end=\"821\">Hauptmerkmale<\/strong><\/h3>\n<ul data-start=\"824\" data-end=\"1790\">\n<li data-start=\"824\" data-end=\"901\">\n<p data-start=\"826\" data-end=\"901\"><strong data-start=\"826\" data-end=\"853\">Ultraleicht und kompakt<\/strong>: nur <strong data-start=\"860\" data-end=\"868\">90 g<\/strong> Gewicht (140 g mit Zubeh\u00f6r).<\/p>\n<\/li>\n<li data-start=\"902\" data-end=\"980\">\n<p data-start=\"904\" data-end=\"980\"><strong data-start=\"904\" data-end=\"917\">Volumen 3 l<\/strong>: ausreichend Platz f\u00fcr Trinkflaschen, Riegel und eine leichte Jacke.<\/p>\n<\/li>\n<li data-start=\"981\" data-end=\"1099\">\n<p data-start=\"983\" data-end=\"1099\"><strong data-start=\"983\" data-end=\"1023\">Fl\u00fcssigkeitsversorgung immer griffbereit<\/strong>: Mit <strong data-start=\"1033\" data-end=\"1054\">2 Trinkflaschen \u00e0 250 ml<\/strong> + R\u00fcckentasche f\u00fcr eine 500-ml-Trinkflasche.<\/p>\n<\/li>\n<li data-start=\"1100\" data-end=\"1205\">\n<p data-start=\"1102\" data-end=\"1205\"><strong data-start=\"1102\" data-end=\"1125\">Stabilit\u00e4t und Komfort<\/strong>: <strong data-start=\"1137\" data-end=\"1150\">SensiFit\u2122<\/strong>-Konstruktion aus atmungsaktivem Stretchmaterial, das sich dem K\u00f6rper anpasst.\n<\/p>\n<\/li>\n<li data-start=\"1206\" data-end=\"1291\">\n<p data-start=\"1208\" data-end=\"1291\"><strong data-start=\"1208\" data-end=\"1230\">Schnelle Anpassung<\/strong>: <strong data-start=\"1240\" data-end=\"1254\">Quick Link<\/strong>-System mit elastischem Riemen am Brustbein.\n<\/p>\n<\/li>\n<li data-start=\"1292\" data-end=\"1501\">\n<p data-start=\"1294\" data-end=\"1324\"><strong data-start=\"1294\" data-end=\"1321\">Optimale Organisation<\/strong>:<\/p>\n<ul data-start=\"1327\" data-end=\"1501\">\n<li data-start=\"1327\" data-end=\"1384\">\n<p data-start=\"1329\" data-end=\"1384\">2 erweiterbare Fronttaschen f\u00fcr wichtige Gegenst\u00e4nde<\/p>\n<\/li>\n<li data-start=\"1387\" data-end=\"1418\">\n<p data-start=\"1389\" data-end=\"1418\">2 Fronttaschen f\u00fcr Trinkflaschen<\/p>\n<\/li>\n<li data-start=\"1421\" data-end=\"1449\">\n<p data-start=\"1423\" data-end=\"1449\">1 Fronttasche mit Rei\u00dfverschluss<\/p>\n<\/li>\n<li data-start=\"1452\" data-end=\"1501\">\n<p data-start=\"1454\" data-end=\"1501\">1 R\u00fcckfach mit beidseitigem Zugriff<\/p>\n<\/li>\n<\/ul>\n<\/li>\n<li data-start=\"1502\" data-end=\"1633\">\n<p data-start=\"1504\" data-end=\"1633\"><strong data-start=\"1504\" data-end=\"1524\">Technische Details<\/strong>: Zuverl\u00e4ssiger <strong data-start=\"1530\" data-end=\"1537\">YKK<\/strong>-Rei\u00dfverschluss, integrierte Pfeife, kompatibel mit dem <strong data-start=\"1598\" data-end=\"1615\">Custom Quiver<\/strong>-System f\u00fcr Wanderst\u00f6cke.\n<\/p>\n<\/li>\n<li data-start=\"1634\" data-end=\"1740\">\n<p data-start=\"1636\" data-end=\"1740\"><strong data-start=\"1636\" data-end=\"1657\">Hochwertige Materialien<\/strong>: Leichtes Power Mesh, 4-Wege-Stretchmaterial, weiche, elastische Verarbeitungen.\n<\/p>\n<\/li>\n<li data-start=\"1741\" data-end=\"1790\">\n<p data-start=\"1743\" data-end=\"1790\"><strong data-start=\"1743\" data-end=\"1760\">Nachhaltigkeit<\/strong>: <strong data-start=\"1774\" data-end=\"1787\">PFC-freie<\/strong> Behandlung. <\/p>\n<\/li>\n<\/ul>\n","protected":false},"excerpt":{"rendered":"<ul>\n<li data-start=\"69\" data-end=\"150\">\n<p data-start=\"71\" data-end=\"150\"><strong data-start=\"71\" data-end=\"97\">Ultraleicht und minimalistisch<\/strong>: nur 90 g Gewicht, ideal f\u00fcr Wettk\u00e4mpfe und kurze L\u00e4ufe.<\/p>\n<\/li>\n<li data-start=\"151\" data-end=\"227\">\n<p data-start=\"153\" data-end=\"227\"><strong data-start=\"153\" data-end=\"171\">Volumen 3 Liter<\/strong>: ausreichend Platz f\u00fcr Getr\u00e4nke und kleine Gegenst\u00e4nde.<\/p>\n<\/li>\n<li data-start=\"228\" data-end=\"331\">\n<p data-start=\"230\" data-end=\"331\"><strong data-start=\"230\" data-end=\"253\">Trinkvorrichtung inklusive<\/strong>: 2 weiche 250-ml-Trinkflaschen + R\u00fcckentasche f\u00fcr 500-ml-Trinkflasche oder Jacke.<\/p>\n<\/li>\n<li data-start=\"332\" data-end=\"419\">\n<p data-start=\"334\" data-end=\"419\"><strong data-start=\"334\" data-end=\"362\">Stabile und anschmiegsame Passform<\/strong>: <strong data-start=\"375\" data-end=\"388\">SensiFit\u2122<\/strong>-Technologie f\u00fcr Komfort und kein Auf- und Abh\u00fcpfen. <\/p>\n<\/li>\n<\/ul>\n","protected":false},"featured_media":365234,"template":"","meta":{"_acf_changed":false,"inline_featured_image":false},"product_brand":[],"product_cat":[6342,6396,6398],"product_tag":[20480,20485,20489],"class_list":{"0":"post-338925","1":"product","2":"type-product","3":"status-publish","4":"has-post-thumbnail","6":"product_cat-zubehoer","7":"product_cat-taschen-und-guertel-de","8":"product_cat-taschen-de","9":"product_tag-salomon-de","10":"product_tag-salomon-damen","11":"product_tag-salomon-herren","12":"pa_attivita-outdoor-de","13":"pa_attivita-trail-de","14":"pa_colore-s-lab-pulsar-3-set-fiery-red-andorra-de","15":"pa_marca-salomon-de","16":"pa_sesso-damen","17":"pa_sesso-herren","18":"pa_size-small-de","19":"pa_size-medium-de","20":"pa_size-large-de","22":"first","23":"instock","24":"sale","25":"taxable","26":"shipping-taxable","27":"purchasable","28":"product-type-variable","29":"wvs-archive-product-wrapper"},"acf":[],"yoast_head":"<!-- This site is optimized with the Yoast SEO plugin v26.8 - https:\/\/yoast.com\/product\/yoast-seo-wordpress\/ -->\n<title>Salomon S\/LAB PULSAR 3 - Laufrucksack - MioMioRun<\/title>\n<meta name=\"description\" content=\"Salomon S\/LAB Pulsar 3, der ultraleichte Trailrunning-Weste-Rucksack mit integrierter Trinkflasche, stabiler und atmungsaktiver SensiFit\u2122-Konstruktion. Volumen 3 l f\u00fcr kurze L\u00e4ufe.\" \/>\n<meta name=\"robots\" content=\"index, follow, max-snippet:-1, max-image-preview:large, max-video-preview:-1\" \/>\n<link rel=\"canonical\" href=\"https:\/\/www.miomiorun.com\/de\/produkt\/s-lab-pulsar-3\/\" \/>\n<meta property=\"og:locale\" content=\"de_DE\" \/>\n<meta property=\"og:type\" content=\"article\" \/>\n<meta property=\"og:title\" content=\"Salomon S\/LAB PULSAR 3 - Laufrucksack - MioMioRun\" \/>\n<meta property=\"og:description\" content=\"Salomon S\/LAB Pulsar 3, der ultraleichte Trailrunning-Weste-Rucksack mit integrierter Trinkflasche, stabiler und atmungsaktiver SensiFit\u2122-Konstruktion. Volumen 3 l f\u00fcr kurze L\u00e4ufe.\" \/>\n<meta property=\"og:url\" content=\"https:\/\/www.miomiorun.com\/de\/produkt\/s-lab-pulsar-3\/\" \/>\n<meta property=\"og:site_name\" content=\"MioMioRun\" \/>\n<meta property=\"article:publisher\" content=\"https:\/\/www.facebook.com\/miomiorun\/\" \/>\n<meta property=\"article:modified_time\" content=\"2025-11-07T15:58:14+00:00\" \/>\n<meta property=\"og:image\" content=\"https:\/\/www.miomiorun.com\/app\/uploads\/2025\/10\/salomon-S-LAB-Pulsar-3-set-fiery-red-andorra-LC2461500.webp\" \/>\n\t<meta property=\"og:image:width\" content=\"720\" \/>\n\t<meta property=\"og:image:height\" content=\"720\" \/>\n\t<meta property=\"og:image:type\" content=\"image\/webp\" \/>\n<meta name=\"twitter:card\" content=\"summary_large_image\" \/>\n<meta name=\"twitter:label1\" content=\"Est. reading time\" \/>\n\t<meta name=\"twitter:data1\" content=\"1 minute\" \/>\n<script type=\"application\/ld+json\" class=\"yoast-schema-graph\">{\"@context\":\"https:\/\/schema.org\",\"@graph\":[{\"@type\":\"WebPage\",\"@id\":\"https:\/\/www.miomiorun.com\/de\/produkt\/s-lab-pulsar-3\/\",\"url\":\"https:\/\/www.miomiorun.com\/de\/produkt\/s-lab-pulsar-3\/\",\"name\":\"Salomon S\/LAB PULSAR 3 - Laufrucksack - MioMioRun\",\"isPartOf\":{\"@id\":\"https:\/\/www.miomiorun.com\/de\/#website\"},\"primaryImageOfPage\":{\"@id\":\"https:\/\/www.miomiorun.com\/de\/produkt\/s-lab-pulsar-3\/#primaryimage\"},\"image\":{\"@id\":\"https:\/\/www.miomiorun.com\/de\/produkt\/s-lab-pulsar-3\/#primaryimage\"},\"thumbnailUrl\":\"https:\/\/www.miomiorun.com\/app\/uploads\/2025\/10\/salomon-S-LAB-Pulsar-3-set-fiery-red-andorra-LC2461500.webp\",\"datePublished\":\"2025-08-23T09:40:57+00:00\",\"dateModified\":\"2025-11-07T15:58:14+00:00\",\"description\":\"Salomon S\/LAB Pulsar 3, der ultraleichte Trailrunning-Weste-Rucksack mit integrierter Trinkflasche, stabiler und atmungsaktiver SensiFit\u2122-Konstruktion. Volumen 3 l f\u00fcr kurze L\u00e4ufe.\",\"breadcrumb\":{\"@id\":\"https:\/\/www.miomiorun.com\/de\/produkt\/s-lab-pulsar-3\/#breadcrumb\"},\"inLanguage\":\"de-DE\",\"potentialAction\":[{\"@type\":\"ReadAction\",\"target\":[\"https:\/\/www.miomiorun.com\/de\/produkt\/s-lab-pulsar-3\/\"]}]},{\"@type\":\"ImageObject\",\"inLanguage\":\"de-DE\",\"@id\":\"https:\/\/www.miomiorun.com\/de\/produkt\/s-lab-pulsar-3\/#primaryimage\",\"url\":\"https:\/\/www.miomiorun.com\/app\/uploads\/2025\/10\/salomon-S-LAB-Pulsar-3-set-fiery-red-andorra-LC2461500.webp\",\"contentUrl\":\"https:\/\/www.miomiorun.com\/app\/uploads\/2025\/10\/salomon-S-LAB-Pulsar-3-set-fiery-red-andorra-LC2461500.webp\",\"width\":720,\"height\":720,\"caption\":\"salomon S LAB Pulsar 3 set fiery red andorra LC2461500\"},{\"@type\":\"BreadcrumbList\",\"@id\":\"https:\/\/www.miomiorun.com\/de\/produkt\/s-lab-pulsar-3\/#breadcrumb\",\"itemListElement\":[{\"@type\":\"ListItem\",\"position\":1,\"name\":\"Home\",\"item\":\"https:\/\/www.miomiorun.com\/de\/\"},{\"@type\":\"ListItem\",\"position\":2,\"name\":\"Shop\",\"item\":\"https:\/\/www.miomiorun.com\/shop\/\"},{\"@type\":\"ListItem\",\"position\":3,\"name\":\"S\/LAB PULSAR 3\"}]},{\"@type\":\"WebSite\",\"@id\":\"https:\/\/www.miomiorun.com\/de\/#website\",\"url\":\"https:\/\/www.miomiorun.com\/de\/\",\"name\":\"MioMioRun\",\"description\":\"100% Lauf- und Trailshop\",\"publisher\":{\"@id\":\"https:\/\/www.miomiorun.com\/de\/#organization\"},\"potentialAction\":[{\"@type\":\"SearchAction\",\"target\":{\"@type\":\"EntryPoint\",\"urlTemplate\":\"https:\/\/www.miomiorun.com\/de\/?s={search_term_string}\"},\"query-input\":{\"@type\":\"PropertyValueSpecification\",\"valueRequired\":true,\"valueName\":\"search_term_string\"}}],\"inLanguage\":\"de-DE\"},{\"@type\":\"Organization\",\"@id\":\"https:\/\/www.miomiorun.com\/de\/#organization\",\"name\":\"MioMio Run\",\"url\":\"https:\/\/www.miomiorun.com\/de\/\",\"logo\":{\"@type\":\"ImageObject\",\"inLanguage\":\"de-DE\",\"@id\":\"https:\/\/www.miomiorun.com\/de\/#\/schema\/logo\/image\/\",\"url\":\"https:\/\/www.miomiorun.com\/app\/uploads\/2019\/12\/logomio.png\",\"contentUrl\":\"https:\/\/www.miomiorun.com\/app\/uploads\/2019\/12\/logomio.png\",\"width\":115,\"height\":82,\"caption\":\"MioMio Run\"},\"image\":{\"@id\":\"https:\/\/www.miomiorun.com\/de\/#\/schema\/logo\/image\/\"},\"sameAs\":[\"https:\/\/www.facebook.com\/miomiorun\/\",\"https:\/\/www.instagram.com\/miomiorun\/\"]}]}<\/script>\n<!-- \/ Yoast SEO plugin. -->","yoast_head_json":{"title":"Salomon S\/LAB PULSAR 3 - Laufrucksack - MioMioRun","description":"Salomon S\/LAB Pulsar 3, der ultraleichte Trailrunning-Weste-Rucksack mit integrierter Trinkflasche, stabiler und atmungsaktiver SensiFit\u2122-Konstruktion. Volumen 3 l f\u00fcr kurze L\u00e4ufe.","robots":{"index":"index","follow":"follow","max-snippet":"max-snippet:-1","max-image-preview":"max-image-preview:large","max-video-preview":"max-video-preview:-1"},"canonical":"https:\/\/www.miomiorun.com\/de\/produkt\/s-lab-pulsar-3\/","og_locale":"de_DE","og_type":"article","og_title":"Salomon S\/LAB PULSAR 3 - Laufrucksack - MioMioRun","og_description":"Salomon S\/LAB Pulsar 3, der ultraleichte Trailrunning-Weste-Rucksack mit integrierter Trinkflasche, stabiler und atmungsaktiver SensiFit\u2122-Konstruktion. Volumen 3 l f\u00fcr kurze L\u00e4ufe.","og_url":"https:\/\/www.miomiorun.com\/de\/produkt\/s-lab-pulsar-3\/","og_site_name":"MioMioRun","article_publisher":"https:\/\/www.facebook.com\/miomiorun\/","article_modified_time":"2025-11-07T15:58:14+00:00","og_image":[{"width":720,"height":720,"url":"https:\/\/www.miomiorun.com\/app\/uploads\/2025\/10\/salomon-S-LAB-Pulsar-3-set-fiery-red-andorra-LC2461500.webp","type":"image\/webp"}],"twitter_card":"summary_large_image","twitter_misc":{"Est. reading time":"1 minute"},"schema":{"@context":"https:\/\/schema.org","@graph":[{"@type":"WebPage","@id":"https:\/\/www.miomiorun.com\/de\/produkt\/s-lab-pulsar-3\/","url":"https:\/\/www.miomiorun.com\/de\/produkt\/s-lab-pulsar-3\/","name":"Salomon S\/LAB PULSAR 3 - Laufrucksack - MioMioRun","isPartOf":{"@id":"https:\/\/www.miomiorun.com\/de\/#website"},"primaryImageOfPage":{"@id":"https:\/\/www.miomiorun.com\/de\/produkt\/s-lab-pulsar-3\/#primaryimage"},"image":{"@id":"https:\/\/www.miomiorun.com\/de\/produkt\/s-lab-pulsar-3\/#primaryimage"},"thumbnailUrl":"https:\/\/www.miomiorun.com\/app\/uploads\/2025\/10\/salomon-S-LAB-Pulsar-3-set-fiery-red-andorra-LC2461500.webp","datePublished":"2025-08-23T09:40:57+00:00","dateModified":"2025-11-07T15:58:14+00:00","description":"Salomon S\/LAB Pulsar 3, der ultraleichte Trailrunning-Weste-Rucksack mit integrierter Trinkflasche, stabiler und atmungsaktiver SensiFit\u2122-Konstruktion. Volumen 3 l f\u00fcr kurze L\u00e4ufe.","breadcrumb":{"@id":"https:\/\/www.miomiorun.com\/de\/produkt\/s-lab-pulsar-3\/#breadcrumb"},"inLanguage":"de-DE","potentialAction":[{"@type":"ReadAction","target":["https:\/\/www.miomiorun.com\/de\/produkt\/s-lab-pulsar-3\/"]}]},{"@type":"ImageObject","inLanguage":"de-DE","@id":"https:\/\/www.miomiorun.com\/de\/produkt\/s-lab-pulsar-3\/#primaryimage","url":"https:\/\/www.miomiorun.com\/app\/uploads\/2025\/10\/salomon-S-LAB-Pulsar-3-set-fiery-red-andorra-LC2461500.webp","contentUrl":"https:\/\/www.miomiorun.com\/app\/uploads\/2025\/10\/salomon-S-LAB-Pulsar-3-set-fiery-red-andorra-LC2461500.webp","width":720,"height":720,"caption":"salomon S LAB Pulsar 3 set fiery red andorra LC2461500"},{"@type":"BreadcrumbList","@id":"https:\/\/www.miomiorun.com\/de\/produkt\/s-lab-pulsar-3\/#breadcrumb","itemListElement":[{"@type":"ListItem","position":1,"name":"Home","item":"https:\/\/www.miomiorun.com\/de\/"},{"@type":"ListItem","position":2,"name":"Shop","item":"https:\/\/www.miomiorun.com\/shop\/"},{"@type":"ListItem","position":3,"name":"S\/LAB PULSAR 3"}]},{"@type":"WebSite","@id":"https:\/\/www.miomiorun.com\/de\/#website","url":"https:\/\/www.miomiorun.com\/de\/","name":"MioMioRun","description":"100% Lauf- und Trailshop","publisher":{"@id":"https:\/\/www.miomiorun.com\/de\/#organization"},"potentialAction":[{"@type":"SearchAction","target":{"@type":"EntryPoint","urlTemplate":"https:\/\/www.miomiorun.com\/de\/?s={search_term_string}"},"query-input":{"@type":"PropertyValueSpecification","valueRequired":true,"valueName":"search_term_string"}}],"inLanguage":"de-DE"},{"@type":"Organization","@id":"https:\/\/www.miomiorun.com\/de\/#organization","name":"MioMio Run","url":"https:\/\/www.miomiorun.com\/de\/","logo":{"@type":"ImageObject","inLanguage":"de-DE","@id":"https:\/\/www.miomiorun.com\/de\/#\/schema\/logo\/image\/","url":"https:\/\/www.miomiorun.com\/app\/uploads\/2019\/12\/logomio.png","contentUrl":"https:\/\/www.miomiorun.com\/app\/uploads\/2019\/12\/logomio.png","width":115,"height":82,"caption":"MioMio Run"},"image":{"@id":"https:\/\/www.miomiorun.com\/de\/#\/schema\/logo\/image\/"},"sameAs":["https:\/\/www.facebook.com\/miomiorun\/","https:\/\/www.instagram.com\/miomiorun\/"]}]}},"_links":{"self":[{"href":"https:\/\/www.miomiorun.com\/de\/wp-json\/wp\/v2\/product\/338925","targetHints":{"allow":["GET"]}}],"collection":[{"href":"https:\/\/www.miomiorun.com\/de\/wp-json\/wp\/v2\/product"}],"about":[{"href":"https:\/\/www.miomiorun.com\/de\/wp-json\/wp\/v2\/types\/product"}],"wp:featuredmedia":[{"embeddable":true,"href":"https:\/\/www.miomiorun.com\/de\/wp-json\/wp\/v2\/media\/365234"}],"wp:attachment":[{"href":"https:\/\/www.miomiorun.com\/de\/wp-json\/wp\/v2\/media?parent=338925"}],"wp:term":[{"taxonomy":"product_brand","embeddable":true,"href":"https:\/\/www.miomiorun.com\/de\/wp-json\/wp\/v2\/product_brand?post=338925"},{"taxonomy":"product_cat","embeddable":true,"href":"https:\/\/www.miomiorun.com\/de\/wp-json\/wp\/v2\/product_cat?post=338925"},{"taxonomy":"product_tag","embeddable":true,"href":"https:\/\/www.miomiorun.com\/de\/wp-json\/wp\/v2\/product_tag?post=338925"}],"curies":[{"name":"wp","href":"https:\/\/api.w.org\/{rel}","templated":true}]}}