{"id":337786,"date":"2025-08-20T19:04:28","date_gmt":"2025-08-20T17:04:28","guid":{"rendered":"https:\/\/www.miomiorun.com\/?post_type=product&#038;p=337786"},"modified":"2026-01-28T12:30:53","modified_gmt":"2026-01-28T11:30:53","slug":"quest-4-gtx-damen","status":"publish","type":"product","link":"https:\/\/www.miomiorun.com\/de\/produkt\/quest-4-gtx-damen\/","title":{"rendered":"Quest 4 GTX damen"},"content":{"rendered":"<div class=\"vc-row container\"><div class=\"vc-column\"><div class=\"vc-column-text\"><\/p>\n<p><strong>Technische Daten<\/strong><\/p>\n<p>Kategorie: Top-D\u00e4mpfung<br \/>\nGewicht: 535 g<br \/>\nIdeal f\u00fcr: Mehrt\u00e4gige Wanderungen, Backpacking, alpines Gel\u00e4nde, gemischtes Gel\u00e4nde<br \/>\nGewicht des Sportlers: 55-75 kg<br \/>\nLaufgeschwindigkeit: mittel-langsam (&gt;5,30 min\/km)<br \/>\n<a href=\"https:\/\/miomiorun.com\/guida-alle-specifiche-tecniche\/\">Leitfaden zu den technischen Daten<\/a><\/p>\n<p><\/div><\/div><div class=\"vc-column\"><div class=\"vc-column-text\"><\/p>\n<p>Der <strong data-start=\"186\" data-end=\"214\">Salomon QUEST 4 GORE-TEX<\/strong> wurde f\u00fcr l\u00e4ngere und anspruchsvollere Wanderungen entwickelt und bietet auch mit schweren Rucks\u00e4cken Stabilit\u00e4t, Schutz und Komfort. Das neue <strong data-start=\"347\" data-end=\"371\">4D Advanced Chassis\u2122<\/strong> st\u00fctzt den Fu\u00df und reduziert die Belastung der Gelenke, wodurch ein fl\u00fcssiger Abrollvorgang auf technischem und alpinem Gel\u00e4nde gew\u00e4hrleistet wird. Dank der <strong data-start=\"516\" data-end=\"556\">wasserdichten und atmungsaktiven GORE-TEX\u00ae-Membran<\/strong> bleiben deine F\u00fc\u00dfe unter allen Bedingungen trocken, w\u00e4hrend hochwertige Materialien wie Nubukleder und verst\u00e4rktes Mesh f\u00fcr Strapazierf\u00e4higkeit und Langlebigkeit sorgen. Mit sicherem Grip, zus\u00e4tzlichem Halt und einer pr\u00e4zisen Passform begleitet dich dieser Schuh sicher auf jedem Terrain, auch bei mehrt\u00e4gigen Abenteuern.<\/p>\n<h3 data-start=\"887\" data-end=\"902\">Highlights<\/h3>\n<ul data-start=\"903\" data-end=\"1696\">\n<li data-start=\"903\" data-end=\"1053\">\n<p data-start=\"905\" data-end=\"1053\"><strong data-start=\"905\" data-end=\"927\">Fortschrittliche Stabilit\u00e4t<\/strong>: Das 4D Advanced Chassis\u2122 sch\u00fctzt deine Gelenke und h\u00e4lt deinen Fu\u00df auch auf unebenem Gel\u00e4nde stabil.\n<\/p>\n<\/li>\n<li data-start=\"1054\" data-end=\"1177\">\n<p data-start=\"1056\" data-end=\"1177\"><strong data-start=\"1056\" data-end=\"1084\">Wasserdichtigkeit und Komfort<\/strong>: Die <strong data-start=\"1098\" data-end=\"1111\">GORE-TEX\u00ae<\/strong>-Membran h\u00e4lt Ihre F\u00fc\u00dfe trocken, ohne die Atmungsaktivit\u00e4t zu beeintr\u00e4chtigen.\n<\/p>\n<\/li>\n<li data-start=\"1178\" data-end=\"1322\">\n<p data-start=\"1180\" data-end=\"1322\"><strong data-start=\"1180\" data-end=\"1207\">Grip auf jedem Untergrund<\/strong>: Die <strong data-start=\"1218\" data-end=\"1244\">All Terrain Contagrip\u00ae<\/strong>-Sohle sorgt f\u00fcr sicheren Halt auf nassen, trockenen, harten oder weichen Untergr\u00fcnden.\n<\/p>\n<\/li>\n<li data-start=\"1323\" data-end=\"1447\">\n<p data-start=\"1325\" data-end=\"1447\"><strong data-start=\"1325\" data-end=\"1346\">Hochwertige Materialien<\/strong>: Obermaterial aus wasserabweisendem <strong data-start=\"1358\" data-end=\"1373\">Nubukleder<\/strong> und Schutzverst\u00e4rkungen f\u00fcr \u00fcberlegene Strapazierf\u00e4higkeit und Langlebigkeit.\n<\/p>\n<\/li>\n<li data-start=\"1448\" data-end=\"1551\">\n<p data-start=\"1450\" data-end=\"1551\"><strong data-start=\"1450\" data-end=\"1469\">Pr\u00e4zise Passform<\/strong>: Die <strong data-start=\"1485\" data-end=\"1498\">SensiFit\u2122-Technologie<\/strong> umschlie\u00dft den Fu\u00df und sorgt f\u00fcr eine sichere und bequeme Passform.\n<\/p>\n<\/li>\n<li data-start=\"1552\" data-end=\"1696\">\n<p data-start=\"1554\" data-end=\"1696\"><strong data-start=\"1554\" data-end=\"1576\">Lang anhaltender Komfort<\/strong>: Geformte <strong data-start=\"1595\" data-end=\"1609\">OrthoLite\u00ae<\/strong>-Einlegesohle und <strong data-start=\"1626\" data-end=\"1645\">EnergyCell\u2122 EVA<\/strong>-Zwischensohle f\u00fcr lang anhaltende D\u00e4mpfung und Frische.\n<\/p>\n<\/li>\n<\/ul>\n<p><\/div><\/div><\/div>\n","protected":false},"excerpt":{"rendered":"<ul>\n<li data-start=\"83\" data-end=\"229\">\n<p data-start=\"85\" data-end=\"229\">\u00dcberlegene Stabilit\u00e4t<\/p>\n<\/li>\n<li data-start=\"230\" data-end=\"336\">\n<p data-start=\"232\" data-end=\"336\">Wasserdichtigkeit und Atmungsaktivit\u00e4t<\/p>\n<\/li>\n<li data-start=\"337\" data-end=\"433\">\n<p data-start=\"339\" data-end=\"433\">Sicherer Grip<\/p>\n<\/li>\n<\/ul>\n","protected":false},"featured_media":350609,"template":"","meta":{"_acf_changed":false,"inline_featured_image":false},"product_brand":[],"product_cat":[6501,6536],"product_tag":[20480,20485],"class_list":{"0":"post-337786","1":"product","2":"type-product","3":"status-publish","4":"has-post-thumbnail","6":"product_cat-sale-damen-schuhe-de","7":"product_cat-sale-damen-trail-de","8":"product_tag-salomon-de","9":"product_tag-salomon-damen","10":"pa_attivita-outdoor-de","11":"pa_colore-quest-4-gtx-w-shopping-bag-black-cork-de","12":"pa_marca-salomon-de","13":"pa_sesso-damen","14":"pa_size-37-de","15":"pa_size-38-de","17":"pa_size-41-de","19":"first","20":"instock","21":"sale","22":"taxable","23":"shipping-taxable","24":"purchasable","25":"product-type-variable","26":"wvs-archive-product-wrapper"},"acf":[],"yoast_head":"<!-- This site is optimized with the Yoast SEO plugin v26.8 - https:\/\/yoast.com\/product\/yoast-seo-wordpress\/ -->\n<title>Salomon Quest 4 GTX damen - Trailschuhe f\u00fcr Damen - MioMioRun<\/title>\n<meta name=\"description\" content=\"Salomon X ULTRA 4 GTX W: Wanderschuh f\u00fcr Damen, GORE-TEX-Schutz, Stabilit\u00e4t und hoher Grip f\u00fcr Wanderungen in jedem Gel\u00e4nde.\" \/>\n<meta name=\"robots\" content=\"index, follow, max-snippet:-1, max-image-preview:large, max-video-preview:-1\" \/>\n<link rel=\"canonical\" href=\"https:\/\/www.miomiorun.com\/de\/produkt\/quest-4-gtx-damen\/\" \/>\n<meta property=\"og:locale\" content=\"de_DE\" \/>\n<meta property=\"og:type\" content=\"article\" \/>\n<meta property=\"og:title\" content=\"Salomon Quest 4 GTX damen - Trailschuhe f\u00fcr Damen - MioMioRun\" \/>\n<meta property=\"og:description\" content=\"Salomon X ULTRA 4 GTX W: Wanderschuh f\u00fcr Damen, GORE-TEX-Schutz, Stabilit\u00e4t und hoher Grip f\u00fcr Wanderungen in jedem Gel\u00e4nde.\" \/>\n<meta property=\"og:url\" content=\"https:\/\/www.miomiorun.com\/de\/produkt\/quest-4-gtx-damen\/\" \/>\n<meta property=\"og:site_name\" content=\"MioMioRun\" \/>\n<meta property=\"article:publisher\" content=\"https:\/\/www.facebook.com\/miomiorun\/\" \/>\n<meta property=\"article:modified_time\" content=\"2026-01-28T11:30:53+00:00\" \/>\n<meta property=\"og:image\" content=\"https:\/\/www.miomiorun.com\/app\/uploads\/2025\/09\/salomon-Quest-4-GTX-W-shopping-bag-black-cork-L47453300.webp\" \/>\n\t<meta property=\"og:image:width\" content=\"720\" \/>\n\t<meta property=\"og:image:height\" content=\"720\" \/>\n\t<meta property=\"og:image:type\" content=\"image\/webp\" \/>\n<meta name=\"twitter:card\" content=\"summary_large_image\" \/>\n<meta name=\"twitter:label1\" content=\"Est. reading time\" \/>\n\t<meta name=\"twitter:data1\" content=\"2 minutes\" \/>\n<script type=\"application\/ld+json\" class=\"yoast-schema-graph\">{\"@context\":\"https:\/\/schema.org\",\"@graph\":[{\"@type\":\"WebPage\",\"@id\":\"https:\/\/www.miomiorun.com\/de\/produkt\/quest-4-gtx-damen\/\",\"url\":\"https:\/\/www.miomiorun.com\/de\/produkt\/quest-4-gtx-damen\/\",\"name\":\"Salomon Quest 4 GTX damen - Trailschuhe f\u00fcr Damen - MioMioRun\",\"isPartOf\":{\"@id\":\"https:\/\/www.miomiorun.com\/de\/#website\"},\"primaryImageOfPage\":{\"@id\":\"https:\/\/www.miomiorun.com\/de\/produkt\/quest-4-gtx-damen\/#primaryimage\"},\"image\":{\"@id\":\"https:\/\/www.miomiorun.com\/de\/produkt\/quest-4-gtx-damen\/#primaryimage\"},\"thumbnailUrl\":\"https:\/\/www.miomiorun.com\/app\/uploads\/2025\/09\/salomon-Quest-4-GTX-W-shopping-bag-black-cork-L47453300.webp\",\"datePublished\":\"2025-08-20T17:04:28+00:00\",\"dateModified\":\"2026-01-28T11:30:53+00:00\",\"description\":\"Salomon X ULTRA 4 GTX W: Wanderschuh f\u00fcr Damen, GORE-TEX-Schutz, Stabilit\u00e4t und hoher Grip f\u00fcr Wanderungen in jedem Gel\u00e4nde.\",\"breadcrumb\":{\"@id\":\"https:\/\/www.miomiorun.com\/de\/produkt\/quest-4-gtx-damen\/#breadcrumb\"},\"inLanguage\":\"de-DE\",\"potentialAction\":[{\"@type\":\"ReadAction\",\"target\":[\"https:\/\/www.miomiorun.com\/de\/produkt\/quest-4-gtx-damen\/\"]}]},{\"@type\":\"ImageObject\",\"inLanguage\":\"de-DE\",\"@id\":\"https:\/\/www.miomiorun.com\/de\/produkt\/quest-4-gtx-damen\/#primaryimage\",\"url\":\"https:\/\/www.miomiorun.com\/app\/uploads\/2025\/09\/salomon-Quest-4-GTX-W-shopping-bag-black-cork-L47453300.webp\",\"contentUrl\":\"https:\/\/www.miomiorun.com\/app\/uploads\/2025\/09\/salomon-Quest-4-GTX-W-shopping-bag-black-cork-L47453300.webp\",\"width\":720,\"height\":720,\"caption\":\"salomon Quest 4 GTX W shopping bag black cork L47453300\"},{\"@type\":\"BreadcrumbList\",\"@id\":\"https:\/\/www.miomiorun.com\/de\/produkt\/quest-4-gtx-damen\/#breadcrumb\",\"itemListElement\":[{\"@type\":\"ListItem\",\"position\":1,\"name\":\"Home\",\"item\":\"https:\/\/www.miomiorun.com\/de\/\"},{\"@type\":\"ListItem\",\"position\":2,\"name\":\"Shop\",\"item\":\"https:\/\/www.miomiorun.com\/shop\/\"},{\"@type\":\"ListItem\",\"position\":3,\"name\":\"Quest 4 GTX damen\"}]},{\"@type\":\"WebSite\",\"@id\":\"https:\/\/www.miomiorun.com\/de\/#website\",\"url\":\"https:\/\/www.miomiorun.com\/de\/\",\"name\":\"MioMioRun\",\"description\":\"100% Lauf- und Trailshop\",\"publisher\":{\"@id\":\"https:\/\/www.miomiorun.com\/de\/#organization\"},\"potentialAction\":[{\"@type\":\"SearchAction\",\"target\":{\"@type\":\"EntryPoint\",\"urlTemplate\":\"https:\/\/www.miomiorun.com\/de\/?s={search_term_string}\"},\"query-input\":{\"@type\":\"PropertyValueSpecification\",\"valueRequired\":true,\"valueName\":\"search_term_string\"}}],\"inLanguage\":\"de-DE\"},{\"@type\":\"Organization\",\"@id\":\"https:\/\/www.miomiorun.com\/de\/#organization\",\"name\":\"MioMio Run\",\"url\":\"https:\/\/www.miomiorun.com\/de\/\",\"logo\":{\"@type\":\"ImageObject\",\"inLanguage\":\"de-DE\",\"@id\":\"https:\/\/www.miomiorun.com\/de\/#\/schema\/logo\/image\/\",\"url\":\"https:\/\/www.miomiorun.com\/app\/uploads\/2019\/12\/logomio.png\",\"contentUrl\":\"https:\/\/www.miomiorun.com\/app\/uploads\/2019\/12\/logomio.png\",\"width\":115,\"height\":82,\"caption\":\"MioMio Run\"},\"image\":{\"@id\":\"https:\/\/www.miomiorun.com\/de\/#\/schema\/logo\/image\/\"},\"sameAs\":[\"https:\/\/www.facebook.com\/miomiorun\/\",\"https:\/\/www.instagram.com\/miomiorun\/\"]}]}<\/script>\n<!-- \/ Yoast SEO plugin. -->","yoast_head_json":{"title":"Salomon Quest 4 GTX damen - Trailschuhe f\u00fcr Damen - MioMioRun","description":"Salomon X ULTRA 4 GTX W: Wanderschuh f\u00fcr Damen, GORE-TEX-Schutz, Stabilit\u00e4t und hoher Grip f\u00fcr Wanderungen in jedem Gel\u00e4nde.","robots":{"index":"index","follow":"follow","max-snippet":"max-snippet:-1","max-image-preview":"max-image-preview:large","max-video-preview":"max-video-preview:-1"},"canonical":"https:\/\/www.miomiorun.com\/de\/produkt\/quest-4-gtx-damen\/","og_locale":"de_DE","og_type":"article","og_title":"Salomon Quest 4 GTX damen - Trailschuhe f\u00fcr Damen - MioMioRun","og_description":"Salomon X ULTRA 4 GTX W: Wanderschuh f\u00fcr Damen, GORE-TEX-Schutz, Stabilit\u00e4t und hoher Grip f\u00fcr Wanderungen in jedem Gel\u00e4nde.","og_url":"https:\/\/www.miomiorun.com\/de\/produkt\/quest-4-gtx-damen\/","og_site_name":"MioMioRun","article_publisher":"https:\/\/www.facebook.com\/miomiorun\/","article_modified_time":"2026-01-28T11:30:53+00:00","og_image":[{"width":720,"height":720,"url":"https:\/\/www.miomiorun.com\/app\/uploads\/2025\/09\/salomon-Quest-4-GTX-W-shopping-bag-black-cork-L47453300.webp","type":"image\/webp"}],"twitter_card":"summary_large_image","twitter_misc":{"Est. reading time":"2 minutes"},"schema":{"@context":"https:\/\/schema.org","@graph":[{"@type":"WebPage","@id":"https:\/\/www.miomiorun.com\/de\/produkt\/quest-4-gtx-damen\/","url":"https:\/\/www.miomiorun.com\/de\/produkt\/quest-4-gtx-damen\/","name":"Salomon Quest 4 GTX damen - Trailschuhe f\u00fcr Damen - MioMioRun","isPartOf":{"@id":"https:\/\/www.miomiorun.com\/de\/#website"},"primaryImageOfPage":{"@id":"https:\/\/www.miomiorun.com\/de\/produkt\/quest-4-gtx-damen\/#primaryimage"},"image":{"@id":"https:\/\/www.miomiorun.com\/de\/produkt\/quest-4-gtx-damen\/#primaryimage"},"thumbnailUrl":"https:\/\/www.miomiorun.com\/app\/uploads\/2025\/09\/salomon-Quest-4-GTX-W-shopping-bag-black-cork-L47453300.webp","datePublished":"2025-08-20T17:04:28+00:00","dateModified":"2026-01-28T11:30:53+00:00","description":"Salomon X ULTRA 4 GTX W: Wanderschuh f\u00fcr Damen, GORE-TEX-Schutz, Stabilit\u00e4t und hoher Grip f\u00fcr Wanderungen in jedem Gel\u00e4nde.","breadcrumb":{"@id":"https:\/\/www.miomiorun.com\/de\/produkt\/quest-4-gtx-damen\/#breadcrumb"},"inLanguage":"de-DE","potentialAction":[{"@type":"ReadAction","target":["https:\/\/www.miomiorun.com\/de\/produkt\/quest-4-gtx-damen\/"]}]},{"@type":"ImageObject","inLanguage":"de-DE","@id":"https:\/\/www.miomiorun.com\/de\/produkt\/quest-4-gtx-damen\/#primaryimage","url":"https:\/\/www.miomiorun.com\/app\/uploads\/2025\/09\/salomon-Quest-4-GTX-W-shopping-bag-black-cork-L47453300.webp","contentUrl":"https:\/\/www.miomiorun.com\/app\/uploads\/2025\/09\/salomon-Quest-4-GTX-W-shopping-bag-black-cork-L47453300.webp","width":720,"height":720,"caption":"salomon Quest 4 GTX W shopping bag black cork L47453300"},{"@type":"BreadcrumbList","@id":"https:\/\/www.miomiorun.com\/de\/produkt\/quest-4-gtx-damen\/#breadcrumb","itemListElement":[{"@type":"ListItem","position":1,"name":"Home","item":"https:\/\/www.miomiorun.com\/de\/"},{"@type":"ListItem","position":2,"name":"Shop","item":"https:\/\/www.miomiorun.com\/shop\/"},{"@type":"ListItem","position":3,"name":"Quest 4 GTX damen"}]},{"@type":"WebSite","@id":"https:\/\/www.miomiorun.com\/de\/#website","url":"https:\/\/www.miomiorun.com\/de\/","name":"MioMioRun","description":"100% Lauf- und Trailshop","publisher":{"@id":"https:\/\/www.miomiorun.com\/de\/#organization"},"potentialAction":[{"@type":"SearchAction","target":{"@type":"EntryPoint","urlTemplate":"https:\/\/www.miomiorun.com\/de\/?s={search_term_string}"},"query-input":{"@type":"PropertyValueSpecification","valueRequired":true,"valueName":"search_term_string"}}],"inLanguage":"de-DE"},{"@type":"Organization","@id":"https:\/\/www.miomiorun.com\/de\/#organization","name":"MioMio Run","url":"https:\/\/www.miomiorun.com\/de\/","logo":{"@type":"ImageObject","inLanguage":"de-DE","@id":"https:\/\/www.miomiorun.com\/de\/#\/schema\/logo\/image\/","url":"https:\/\/www.miomiorun.com\/app\/uploads\/2019\/12\/logomio.png","contentUrl":"https:\/\/www.miomiorun.com\/app\/uploads\/2019\/12\/logomio.png","width":115,"height":82,"caption":"MioMio Run"},"image":{"@id":"https:\/\/www.miomiorun.com\/de\/#\/schema\/logo\/image\/"},"sameAs":["https:\/\/www.facebook.com\/miomiorun\/","https:\/\/www.instagram.com\/miomiorun\/"]}]}},"_links":{"self":[{"href":"https:\/\/www.miomiorun.com\/de\/wp-json\/wp\/v2\/product\/337786","targetHints":{"allow":["GET"]}}],"collection":[{"href":"https:\/\/www.miomiorun.com\/de\/wp-json\/wp\/v2\/product"}],"about":[{"href":"https:\/\/www.miomiorun.com\/de\/wp-json\/wp\/v2\/types\/product"}],"wp:featuredmedia":[{"embeddable":true,"href":"https:\/\/www.miomiorun.com\/de\/wp-json\/wp\/v2\/media\/350609"}],"wp:attachment":[{"href":"https:\/\/www.miomiorun.com\/de\/wp-json\/wp\/v2\/media?parent=337786"}],"wp:term":[{"taxonomy":"product_brand","embeddable":true,"href":"https:\/\/www.miomiorun.com\/de\/wp-json\/wp\/v2\/product_brand?post=337786"},{"taxonomy":"product_cat","embeddable":true,"href":"https:\/\/www.miomiorun.com\/de\/wp-json\/wp\/v2\/product_cat?post=337786"},{"taxonomy":"product_tag","embeddable":true,"href":"https:\/\/www.miomiorun.com\/de\/wp-json\/wp\/v2\/product_tag?post=337786"}],"curies":[{"name":"wp","href":"https:\/\/api.w.org\/{rel}","templated":true}]}}