{"id":336688,"date":"2025-08-14T19:24:51","date_gmt":"2025-08-14T17:24:51","guid":{"rendered":"https:\/\/www.miomiorun.com\/?post_type=product&#038;p=336688"},"modified":"2026-04-19T15:47:51","modified_gmt":"2026-04-19T13:47:51","slug":"hurricane-25-damen","status":"publish","type":"product","link":"https:\/\/www.miomiorun.com\/de\/produkt\/hurricane-25-damen\/","title":{"rendered":"Hurricane 25 damen"},"content":{"rendered":"<div class=\"vc-row container\"><div class=\"vc-column\"><div class=\"vc-column-text\"><\/p>\n<p><strong>Technische Daten<\/strong><\/p>\n<p>Kategorie: Strukturierte D\u00e4mpfung<br \/>\nOffset: 6 mm (38\/32 mm)<br \/>\nGewicht: 256 g<br \/>\nIdeal f\u00fcr: t\u00e4gliches Laufen, lange Trainingseinheiten und maximale Unterst\u00fctzung.<br \/>\nGewicht des Athleten: &lt;80 kg<br \/>\nLaufgeschwindigkeit: mittel (6 min\/km)<br \/>\n<a href=\"https:\/\/miomiorun.com\/guida-alle-specifiche-tecniche\/\">Leitfaden zu den technischen Daten<\/a><\/p>\n<p><\/div><\/div><div class=\"vc-column\"><div class=\"vc-column-text\"><\/p>\n<p>Die <strong data-start=\"149\" data-end=\"173\">Saucony Hurricane 25<\/strong> wurden entwickelt, um dich bei jedem t\u00e4glichen Lauf mit einem Gef\u00fchl von Schutz, Kraft und absolutem Komfort zu begleiten. Dank maximaler D\u00e4mpfung und aktualisierter Geometrie bieten diese Schuhe Stabilit\u00e4t und Geschmeidigkeit bei jedem Schritt, sodass du unabh\u00e4ngig von deinem Tempo mit Zuversicht laufen kannst. Die Kombination aus weichem, reaktionsfreudigem <strong data-start=\"518\" data-end=\"531\">PWRRUN PB<\/strong> Superfoam und einer dicken Schicht <strong data-start=\"575\" data-end=\"585\">PWRRUN<\/strong> sorgt f\u00fcr ein perfektes Gleichgewicht zwischen Weichheit und Halt, w\u00e4hrend die <strong data-start=\"667\" data-end=\"682\">CenterPath\u2122<\/strong>-Technologie den \u00dcbergang begleitet und die Ausrichtung des Fu\u00dfes beibeh\u00e4lt. Das Ergebnis ist ein sichereres, fl\u00fcssigeres und nat\u00fcrlicheres Laufgef\u00fchl. Das technische, atmungsaktive Mesh umh\u00fcllt den Fu\u00df mit einer stabilen und bequemen Passform, ideal sowohl f\u00fcr anspruchsvolle L\u00e4ufer als auch f\u00fcr diejenigen, die einen zuverl\u00e4ssigen Schuh f\u00fcr das t\u00e4gliche Lauftraining suchen. Mit dem Hurricane 25 steht jeder Schritt f\u00fcr Schutz und Komfort.<\/p>\n<p><\/div><\/div><\/div>\n","protected":false},"excerpt":{"rendered":"<ul>\n<li>Ideal f\u00fcr&nbsp;das t\u00e4gliche Lauftraining, lange Trainingseinheiten und maximale Unterst\u00fctzung<\/li>\n<li>Reibungslose \u00dcberg\u00e4nge<\/li>\n<li>Maximale D\u00e4mpfung<\/li>\n<\/ul>\n","protected":false},"featured_media":342242,"template":"","meta":{"_acf_changed":false,"inline_featured_image":false},"product_brand":[],"product_cat":[6474,6490],"product_tag":[3391,33804],"class_list":{"0":"post-336688","1":"product","2":"type-product","3":"status-publish","4":"has-post-thumbnail","6":"product_cat-damenschuhe","7":"product_cat-stabilitaet","8":"product_tag-saucony-de","9":"product_tag-saucony-donna-de","10":"pa_attivita-gehen","11":"pa_attivita-lifestyle-de","12":"pa_attivita-running-de","13":"pa_colore-hurricane-25-w-arctic-white-de","14":"pa_colore-hurricane-25-w-mist-cameo","15":"pa_colore-hurricane-25-w-thistle-aster-de","16":"pa_colore-hurricane-25-w-white-cameo-de","17":"pa_colore-hurricane-25-w-white-navy","18":"pa_marca-saucony-de","19":"pa_sesso-damen","20":"pa_size-38-de","21":"pa_size-38-5-de","22":"pa_size-39-de","23":"pa_size-40-de","24":"pa_size-40-5-de","25":"pa_size-41-de","26":"pa_size-42-de","28":"first","29":"instock","30":"sale","31":"taxable","32":"shipping-taxable","33":"purchasable","34":"product-type-variable","35":"wvs-archive-product-wrapper"},"acf":[],"yoast_head":"<!-- This site is optimized with the Yoast SEO plugin v26.8 - https:\/\/yoast.com\/product\/yoast-seo-wordpress\/ -->\n<title>Saucony Hurricane 25 damen - stabile Schuhe - MioMioRun.com<\/title>\n<meta name=\"description\" content=\"Saucony Hurricane 25: Laufschuhe mit maximaler D\u00e4mpfung PWRRUN PB + PWRRUN, CenterPath\u2122-Geometrie und \u00fcberragendem Komfort f\u00fcr das t\u00e4gliche Lauftraining.\" \/>\n<meta name=\"robots\" content=\"index, follow, max-snippet:-1, max-image-preview:large, max-video-preview:-1\" \/>\n<link rel=\"canonical\" href=\"https:\/\/www.miomiorun.com\/de\/produkt\/hurricane-25-damen\/\" \/>\n<meta property=\"og:locale\" content=\"de_DE\" \/>\n<meta property=\"og:type\" content=\"article\" \/>\n<meta property=\"og:title\" content=\"Saucony Hurricane 25 damen - stabile Schuhe - MioMioRun.com\" \/>\n<meta property=\"og:description\" content=\"Saucony Hurricane 25: Laufschuhe mit maximaler D\u00e4mpfung PWRRUN PB + PWRRUN, CenterPath\u2122-Geometrie und \u00fcberragendem Komfort f\u00fcr das t\u00e4gliche Lauftraining.\" \/>\n<meta property=\"og:url\" content=\"https:\/\/www.miomiorun.com\/de\/produkt\/hurricane-25-damen\/\" \/>\n<meta property=\"og:site_name\" content=\"MioMioRun\" \/>\n<meta property=\"article:publisher\" content=\"https:\/\/www.facebook.com\/miomiorun\/\" \/>\n<meta property=\"article:modified_time\" content=\"2026-04-19T13:47:51+00:00\" \/>\n<meta property=\"og:image\" content=\"https:\/\/www.miomiorun.com\/app\/uploads\/2025\/09\/saucony-Hurricane-25-W-white-cameo-S11026-224.webp\" \/>\n\t<meta property=\"og:image:width\" content=\"720\" \/>\n\t<meta property=\"og:image:height\" content=\"720\" \/>\n\t<meta property=\"og:image:type\" content=\"image\/webp\" \/>\n<meta name=\"twitter:card\" content=\"summary_large_image\" \/>\n<meta name=\"twitter:label1\" content=\"Est. reading time\" \/>\n\t<meta name=\"twitter:data1\" content=\"1 minute\" \/>\n<script type=\"application\/ld+json\" class=\"yoast-schema-graph\">{\"@context\":\"https:\/\/schema.org\",\"@graph\":[{\"@type\":\"WebPage\",\"@id\":\"https:\/\/www.miomiorun.com\/de\/produkt\/hurricane-25-damen\/\",\"url\":\"https:\/\/www.miomiorun.com\/de\/produkt\/hurricane-25-damen\/\",\"name\":\"Saucony Hurricane 25 damen - stabile Schuhe - MioMioRun.com\",\"isPartOf\":{\"@id\":\"https:\/\/www.miomiorun.com\/de\/#website\"},\"primaryImageOfPage\":{\"@id\":\"https:\/\/www.miomiorun.com\/de\/produkt\/hurricane-25-damen\/#primaryimage\"},\"image\":{\"@id\":\"https:\/\/www.miomiorun.com\/de\/produkt\/hurricane-25-damen\/#primaryimage\"},\"thumbnailUrl\":\"https:\/\/www.miomiorun.com\/app\/uploads\/2025\/09\/saucony-Hurricane-25-W-white-cameo-S11026-224.webp\",\"datePublished\":\"2025-08-14T17:24:51+00:00\",\"dateModified\":\"2026-04-19T13:47:51+00:00\",\"description\":\"Saucony Hurricane 25: Laufschuhe mit maximaler D\u00e4mpfung PWRRUN PB + PWRRUN, CenterPath\u2122-Geometrie und \u00fcberragendem Komfort f\u00fcr das t\u00e4gliche Lauftraining.\",\"breadcrumb\":{\"@id\":\"https:\/\/www.miomiorun.com\/de\/produkt\/hurricane-25-damen\/#breadcrumb\"},\"inLanguage\":\"de-DE\",\"potentialAction\":[{\"@type\":\"ReadAction\",\"target\":[\"https:\/\/www.miomiorun.com\/de\/produkt\/hurricane-25-damen\/\"]}]},{\"@type\":\"ImageObject\",\"inLanguage\":\"de-DE\",\"@id\":\"https:\/\/www.miomiorun.com\/de\/produkt\/hurricane-25-damen\/#primaryimage\",\"url\":\"https:\/\/www.miomiorun.com\/app\/uploads\/2025\/09\/saucony-Hurricane-25-W-white-cameo-S11026-224.webp\",\"contentUrl\":\"https:\/\/www.miomiorun.com\/app\/uploads\/2025\/09\/saucony-Hurricane-25-W-white-cameo-S11026-224.webp\",\"width\":720,\"height\":720,\"caption\":\"saucony Hurricane 25 W white cameo S11026-224\"},{\"@type\":\"BreadcrumbList\",\"@id\":\"https:\/\/www.miomiorun.com\/de\/produkt\/hurricane-25-damen\/#breadcrumb\",\"itemListElement\":[{\"@type\":\"ListItem\",\"position\":1,\"name\":\"Home\",\"item\":\"https:\/\/www.miomiorun.com\/de\/\"},{\"@type\":\"ListItem\",\"position\":2,\"name\":\"Shop\",\"item\":\"https:\/\/www.miomiorun.com\/shop\/\"},{\"@type\":\"ListItem\",\"position\":3,\"name\":\"Hurricane 25 damen\"}]},{\"@type\":\"WebSite\",\"@id\":\"https:\/\/www.miomiorun.com\/de\/#website\",\"url\":\"https:\/\/www.miomiorun.com\/de\/\",\"name\":\"MioMioRun\",\"description\":\"100% Lauf- und Trailshop\",\"publisher\":{\"@id\":\"https:\/\/www.miomiorun.com\/de\/#organization\"},\"potentialAction\":[{\"@type\":\"SearchAction\",\"target\":{\"@type\":\"EntryPoint\",\"urlTemplate\":\"https:\/\/www.miomiorun.com\/de\/?s={search_term_string}\"},\"query-input\":{\"@type\":\"PropertyValueSpecification\",\"valueRequired\":true,\"valueName\":\"search_term_string\"}}],\"inLanguage\":\"de-DE\"},{\"@type\":\"Organization\",\"@id\":\"https:\/\/www.miomiorun.com\/de\/#organization\",\"name\":\"MioMio Run\",\"url\":\"https:\/\/www.miomiorun.com\/de\/\",\"logo\":{\"@type\":\"ImageObject\",\"inLanguage\":\"de-DE\",\"@id\":\"https:\/\/www.miomiorun.com\/de\/#\/schema\/logo\/image\/\",\"url\":\"https:\/\/www.miomiorun.com\/app\/uploads\/2019\/12\/logomio.png\",\"contentUrl\":\"https:\/\/www.miomiorun.com\/app\/uploads\/2019\/12\/logomio.png\",\"width\":115,\"height\":82,\"caption\":\"MioMio Run\"},\"image\":{\"@id\":\"https:\/\/www.miomiorun.com\/de\/#\/schema\/logo\/image\/\"},\"sameAs\":[\"https:\/\/www.facebook.com\/miomiorun\/\",\"https:\/\/www.instagram.com\/miomiorun\/\"]}]}<\/script>\n<!-- \/ Yoast SEO plugin. -->","yoast_head_json":{"title":"Saucony Hurricane 25 damen - stabile Schuhe - MioMioRun.com","description":"Saucony Hurricane 25: Laufschuhe mit maximaler D\u00e4mpfung PWRRUN PB + PWRRUN, CenterPath\u2122-Geometrie und \u00fcberragendem Komfort f\u00fcr das t\u00e4gliche Lauftraining.","robots":{"index":"index","follow":"follow","max-snippet":"max-snippet:-1","max-image-preview":"max-image-preview:large","max-video-preview":"max-video-preview:-1"},"canonical":"https:\/\/www.miomiorun.com\/de\/produkt\/hurricane-25-damen\/","og_locale":"de_DE","og_type":"article","og_title":"Saucony Hurricane 25 damen - stabile Schuhe - MioMioRun.com","og_description":"Saucony Hurricane 25: Laufschuhe mit maximaler D\u00e4mpfung PWRRUN PB + PWRRUN, CenterPath\u2122-Geometrie und \u00fcberragendem Komfort f\u00fcr das t\u00e4gliche Lauftraining.","og_url":"https:\/\/www.miomiorun.com\/de\/produkt\/hurricane-25-damen\/","og_site_name":"MioMioRun","article_publisher":"https:\/\/www.facebook.com\/miomiorun\/","article_modified_time":"2026-04-19T13:47:51+00:00","og_image":[{"width":720,"height":720,"url":"https:\/\/www.miomiorun.com\/app\/uploads\/2025\/09\/saucony-Hurricane-25-W-white-cameo-S11026-224.webp","type":"image\/webp"}],"twitter_card":"summary_large_image","twitter_misc":{"Est. reading time":"1 minute"},"schema":{"@context":"https:\/\/schema.org","@graph":[{"@type":"WebPage","@id":"https:\/\/www.miomiorun.com\/de\/produkt\/hurricane-25-damen\/","url":"https:\/\/www.miomiorun.com\/de\/produkt\/hurricane-25-damen\/","name":"Saucony Hurricane 25 damen - stabile Schuhe - MioMioRun.com","isPartOf":{"@id":"https:\/\/www.miomiorun.com\/de\/#website"},"primaryImageOfPage":{"@id":"https:\/\/www.miomiorun.com\/de\/produkt\/hurricane-25-damen\/#primaryimage"},"image":{"@id":"https:\/\/www.miomiorun.com\/de\/produkt\/hurricane-25-damen\/#primaryimage"},"thumbnailUrl":"https:\/\/www.miomiorun.com\/app\/uploads\/2025\/09\/saucony-Hurricane-25-W-white-cameo-S11026-224.webp","datePublished":"2025-08-14T17:24:51+00:00","dateModified":"2026-04-19T13:47:51+00:00","description":"Saucony Hurricane 25: Laufschuhe mit maximaler D\u00e4mpfung PWRRUN PB + PWRRUN, CenterPath\u2122-Geometrie und \u00fcberragendem Komfort f\u00fcr das t\u00e4gliche Lauftraining.","breadcrumb":{"@id":"https:\/\/www.miomiorun.com\/de\/produkt\/hurricane-25-damen\/#breadcrumb"},"inLanguage":"de-DE","potentialAction":[{"@type":"ReadAction","target":["https:\/\/www.miomiorun.com\/de\/produkt\/hurricane-25-damen\/"]}]},{"@type":"ImageObject","inLanguage":"de-DE","@id":"https:\/\/www.miomiorun.com\/de\/produkt\/hurricane-25-damen\/#primaryimage","url":"https:\/\/www.miomiorun.com\/app\/uploads\/2025\/09\/saucony-Hurricane-25-W-white-cameo-S11026-224.webp","contentUrl":"https:\/\/www.miomiorun.com\/app\/uploads\/2025\/09\/saucony-Hurricane-25-W-white-cameo-S11026-224.webp","width":720,"height":720,"caption":"saucony Hurricane 25 W white cameo S11026-224"},{"@type":"BreadcrumbList","@id":"https:\/\/www.miomiorun.com\/de\/produkt\/hurricane-25-damen\/#breadcrumb","itemListElement":[{"@type":"ListItem","position":1,"name":"Home","item":"https:\/\/www.miomiorun.com\/de\/"},{"@type":"ListItem","position":2,"name":"Shop","item":"https:\/\/www.miomiorun.com\/shop\/"},{"@type":"ListItem","position":3,"name":"Hurricane 25 damen"}]},{"@type":"WebSite","@id":"https:\/\/www.miomiorun.com\/de\/#website","url":"https:\/\/www.miomiorun.com\/de\/","name":"MioMioRun","description":"100% Lauf- und Trailshop","publisher":{"@id":"https:\/\/www.miomiorun.com\/de\/#organization"},"potentialAction":[{"@type":"SearchAction","target":{"@type":"EntryPoint","urlTemplate":"https:\/\/www.miomiorun.com\/de\/?s={search_term_string}"},"query-input":{"@type":"PropertyValueSpecification","valueRequired":true,"valueName":"search_term_string"}}],"inLanguage":"de-DE"},{"@type":"Organization","@id":"https:\/\/www.miomiorun.com\/de\/#organization","name":"MioMio Run","url":"https:\/\/www.miomiorun.com\/de\/","logo":{"@type":"ImageObject","inLanguage":"de-DE","@id":"https:\/\/www.miomiorun.com\/de\/#\/schema\/logo\/image\/","url":"https:\/\/www.miomiorun.com\/app\/uploads\/2019\/12\/logomio.png","contentUrl":"https:\/\/www.miomiorun.com\/app\/uploads\/2019\/12\/logomio.png","width":115,"height":82,"caption":"MioMio Run"},"image":{"@id":"https:\/\/www.miomiorun.com\/de\/#\/schema\/logo\/image\/"},"sameAs":["https:\/\/www.facebook.com\/miomiorun\/","https:\/\/www.instagram.com\/miomiorun\/"]}]}},"_links":{"self":[{"href":"https:\/\/www.miomiorun.com\/de\/wp-json\/wp\/v2\/product\/336688","targetHints":{"allow":["GET"]}}],"collection":[{"href":"https:\/\/www.miomiorun.com\/de\/wp-json\/wp\/v2\/product"}],"about":[{"href":"https:\/\/www.miomiorun.com\/de\/wp-json\/wp\/v2\/types\/product"}],"wp:featuredmedia":[{"embeddable":true,"href":"https:\/\/www.miomiorun.com\/de\/wp-json\/wp\/v2\/media\/342242"}],"wp:attachment":[{"href":"https:\/\/www.miomiorun.com\/de\/wp-json\/wp\/v2\/media?parent=336688"}],"wp:term":[{"taxonomy":"product_brand","embeddable":true,"href":"https:\/\/www.miomiorun.com\/de\/wp-json\/wp\/v2\/product_brand?post=336688"},{"taxonomy":"product_cat","embeddable":true,"href":"https:\/\/www.miomiorun.com\/de\/wp-json\/wp\/v2\/product_cat?post=336688"},{"taxonomy":"product_tag","embeddable":true,"href":"https:\/\/www.miomiorun.com\/de\/wp-json\/wp\/v2\/product_tag?post=336688"}],"curies":[{"name":"wp","href":"https:\/\/api.w.org\/{rel}","templated":true}]}}