{"id":336286,"date":"2025-08-14T18:29:33","date_gmt":"2025-08-14T16:29:33","guid":{"rendered":"https:\/\/www.miomiorun.com\/?post_type=product&#038;p=336286"},"modified":"2025-11-06T09:35:10","modified_gmt":"2025-11-06T08:35:10","slug":"offtrail-tr-gtx-herren","status":"publish","type":"product","link":"https:\/\/www.miomiorun.com\/de\/produkt\/offtrail-tr-gtx-herren\/","title":{"rendered":"Offtrail TR GTX herren"},"content":{"rendered":"<div class=\"vc-row container\"><div class=\"vc-column\"><div class=\"vc-column-text\"><\/p>\n<p><strong>Technische Daten<\/strong><\/p>\n<p>Kategorie: Top-D\u00e4mpfung<br \/>\nOffset: 6 mm<br \/>\nGewicht: 358 g<br \/>\nIdeal f\u00fcr: Trailrunner und Bergwanderer, die ein leichtes, gut ged\u00e4mpftes und sch\u00fctzendes Modell suchen, das auch auf langen Strecken h\u00f6chsten Komfort bietet.<br \/>\nGewicht des Sportlers: 60-70 kg<br \/>\nLaufgeschwindigkeit: mittel-schnell (4,30-6,00 min\/km)<br \/>\n<a href=\"https:\/\/miomiorun.com\/guida-alle-specifiche-tecniche\/\">Leitfaden zu den technischen Daten<\/a><\/p>\n<p><\/div><\/div><div class=\"vc-column\"><div class=\"vc-column-text\"><\/p>\n<p data-start=\"183\" data-end=\"521\">Bew\u00e4ltigen Sie die anspruchsvollsten Trails mit den <strong data-start=\"226\" data-end=\"259\">Offtrail TR GORE-TEX\u00ae f\u00fcr Herren<\/strong>, die f\u00fcr Stabilit\u00e4t, Schutz und Widerstandsf\u00e4higkeit unter allen Bedingungen entwickelt wurden. Die regul\u00e4re Passform bietet einen pr\u00e4zisen und bequemen Sitz, w\u00e4hrend die <strong data-start=\"413\" data-end=\"453\">wasserdichte GORE-TEX\u00ae-Membran<\/strong> dich auch auf nassem Untergrund oder bei Regen trocken h\u00e4lt. Der strapazierf\u00e4hige, mit Kevlar\u00ae verst\u00e4rkte <strong data-start=\"547\" data-end=\"581\">Matryx\u00ae-Vorderfu\u00df<\/strong> sch\u00fctzt vor Steinen und Abrieb, ohne die Flexibilit\u00e4t zu beeintr\u00e4chtigen, w\u00e4hrend die verst\u00e4rkte Zehenkappe einen zus\u00e4tzlichen Schutz vor St\u00f6\u00dfen bietet. Die hochfedernde EVA-Zwischensohle mit <strong data-start=\"786\" data-end=\"849\">24 mm D\u00e4mpfung an der Ferse und 18 mm im Vorfu\u00dfbereich<\/strong> bietet Komfort und Reaktionsf\u00e4higkeit auch auf langen Strecken. Die <strong data-start=\"919\" data-end=\"936\">Surface CTRL\u2122<\/strong>-Sohle mit 5-mm-Stollen und durchgehender Abdeckung sorgt f\u00fcr hervorragenden Grip auf technischem und unebenem Gel\u00e4nde und kombiniert Haftung und Haltbarkeit mit teilweise nat\u00fcrlichen Materialien. Diese Schuhe sind f\u00fcr alle gedacht, die sich auch auf den schwierigsten Strecken schnell, sicher und leicht bewegen wollen.<\/p>\n<ul>\n<li>\n<div class=\"group flex items-start gap-4\">\n<p><img loading=\"lazy\" decoding=\"async\" class=\"contain\" src=\"https:\/\/assets.thenorthface.eu\/image\/upload\/v1728567347\/benefit-icon-stability.webp\" alt=\"Stabili\" width=\"52\" height=\"52\"><\/p>\n<div class=\"grow space-y-1\">\n<p class=\"fw-bold title-5\">Stabil<\/p>\n<p class=\"ws-pre-wrap subtitle-4\">Die Fersenpositionierungstechnologie verbessert die Stabilit\u00e4t auf unebenem Gel\u00e4nde.<\/p>\n<\/div>\n<\/div>\n<\/li>\n<li>\n<div class=\"group flex items-start gap-4\">\n<p><img loading=\"lazy\" decoding=\"async\" class=\"contain\" src=\"https:\/\/assets.thenorthface.eu\/image\/upload\/v1728567351\/benefit-icon-waterproof.webp\" alt=\"Impermeabile\" width=\"52\" height=\"52\"><\/p>\n<div class=\"grow space-y-1\">\n<p class=\"fw-bold title-5\">Wasserdicht<\/p>\n<p class=\"ws-pre-wrap subtitle-4\">Das Gewebe bildet eine wasserdichte Barriere gegen Regen und Schnee und sorgt so f\u00fcr trockene F\u00fc\u00dfe. <\/p>\n<\/div>\n<\/div>\n<\/li>\n<li>\n<div class=\"group flex items-start gap-4\">\n<p><img loading=\"lazy\" decoding=\"async\" class=\"contain\" src=\"https:\/\/assets.thenorthface.eu\/image\/upload\/v1728567352\/benefit-icon-wind_resistant.webp\" alt=\"Antivento\" width=\"52\" height=\"52\"><\/p>\n<div class=\"grow space-y-1\">\n<p class=\"fw-bold title-5\">Winddicht<\/p>\n<p class=\"ws-pre-wrap subtitle-4\">Das Gewebe des Kleidungsst\u00fccks reduziert das Eindringen von Wind und kalter Luft. <\/p>\n<\/div>\n<\/div>\n<\/li>\n<li>\n<div class=\"group flex items-start gap-4\">\n<p><img loading=\"lazy\" decoding=\"async\" class=\"contain\" src=\"https:\/\/assets.thenorthface.eu\/image\/upload\/v1728567340\/benefit-icon-grip_sole.webp\" alt=\"Suola antiscivolo\" width=\"52\" height=\"52\"><\/p>\n<div class=\"grow space-y-1\">\n<p class=\"fw-bold title-5\">Rutschfeste Sohle<\/p>\n<p class=\"ws-pre-wrap subtitle-4\">Die Gummimischungen garantieren Halt, Griffigkeit und Widerstandsf\u00e4higkeit auf trockenen und nassen Oberfl\u00e4chen.<\/p>\n<\/div>\n<\/div>\n<\/li>\n<\/ul>\n<p><\/div><\/div><\/div>\n","protected":false},"excerpt":{"rendered":"<ul>\n<li data-start=\"1499\" data-end=\"1594\">\n<p data-start=\"1501\" data-end=\"1594\">Membran <strong data-start=\"1510\" data-end=\"1550\">GORE-TEX\u00ae wasserdicht<\/strong>.<\/p>\n<\/li>\n<li data-start=\"1595\" data-end=\"1690\">\n<p data-start=\"1597\" data-end=\"1690\">Vorderfu\u00df <strong data-start=\"1607\" data-end=\"1642\">Matryx\u00ae mit Kevlar\u00ae-Verst\u00e4rkungen<\/strong><\/p>\n<\/li>\n<li data-start=\"1691\" data-end=\"1753\">\n<p data-start=\"1693\" data-end=\"1753\">Verst\u00e4rkte Zehenkappe zum Schutz vor Steinen und St\u00f6\u00dfen.<\/p>\n<\/li>\n<\/ul>\n","protected":false},"featured_media":350482,"template":"","meta":{"_acf_changed":false,"inline_featured_image":false},"product_brand":[],"product_cat":[6507,6504],"product_tag":[32390,32398],"class_list":{"0":"post-336286","1":"product","2":"type-product","3":"status-publish","4":"has-post-thumbnail","6":"product_cat-herren-schuhe-de","7":"product_cat-trail","8":"product_tag-the-north-face-de","9":"product_tag-the-north-face-herren","10":"pa_attivita-outdoor-de","11":"pa_attivita-trail-de","12":"pa_colore-offtrail-tr-gtx-nwtaupgn-aspltg-de","13":"pa_marca-the-north-face-de","14":"pa_sesso-herren","15":"pa_size-40-5-de","16":"pa_size-41-de","18":"first","19":"instock","20":"sale","21":"taxable","22":"shipping-taxable","23":"purchasable","24":"product-type-variable","25":"wvs-archive-product-wrapper"},"acf":[],"yoast_head":"<!-- This site is optimized with the Yoast SEO plugin v26.8 - https:\/\/yoast.com\/product\/yoast-seo-wordpress\/ -->\n<title>The North Face Offtrail TR GTX herren - Trailschuhe f\u00fcr Herren - MioMioRun.com<\/title>\n<meta name=\"description\" content=\"Offtrail TR GORE-TEX\u00ae Herren \u2013 Wasserdichte, stabile und sch\u00fctzende Trailrunning-Schuhe mit Matryx\u00ae und Surface CTRL\u2122-Sohle f\u00fcr \u00fcberragenden Grip und Widerstandsf\u00e4higkeit.\" \/>\n<meta name=\"robots\" content=\"index, follow, max-snippet:-1, max-image-preview:large, max-video-preview:-1\" \/>\n<link rel=\"canonical\" href=\"https:\/\/www.miomiorun.com\/de\/produkt\/offtrail-tr-gtx-herren\/\" \/>\n<meta property=\"og:locale\" content=\"de_DE\" \/>\n<meta property=\"og:type\" content=\"article\" \/>\n<meta property=\"og:title\" content=\"The North Face Offtrail TR GTX herren - Trailschuhe f\u00fcr Herren - MioMioRun.com\" \/>\n<meta property=\"og:description\" content=\"Offtrail TR GORE-TEX\u00ae Herren \u2013 Wasserdichte, stabile und sch\u00fctzende Trailrunning-Schuhe mit Matryx\u00ae und Surface CTRL\u2122-Sohle f\u00fcr \u00fcberragenden Grip und Widerstandsf\u00e4higkeit.\" \/>\n<meta property=\"og:url\" content=\"https:\/\/www.miomiorun.com\/de\/produkt\/offtrail-tr-gtx-herren\/\" \/>\n<meta property=\"og:site_name\" content=\"MioMioRun\" \/>\n<meta property=\"article:publisher\" content=\"https:\/\/www.facebook.com\/miomiorun\/\" \/>\n<meta property=\"article:modified_time\" content=\"2025-11-06T08:35:10+00:00\" \/>\n<meta property=\"og:image\" content=\"https:\/\/www.miomiorun.com\/app\/uploads\/2025\/09\/north-face-Offtrail-TR-GTX-nwtaupgn-aspltg-NF0A8A9X79K1.webp\" \/>\n\t<meta property=\"og:image:width\" content=\"720\" \/>\n\t<meta property=\"og:image:height\" content=\"720\" \/>\n\t<meta property=\"og:image:type\" content=\"image\/webp\" \/>\n<meta name=\"twitter:card\" content=\"summary_large_image\" \/>\n<meta name=\"twitter:label1\" content=\"Est. reading time\" \/>\n\t<meta name=\"twitter:data1\" content=\"2 minutes\" \/>\n<script type=\"application\/ld+json\" class=\"yoast-schema-graph\">{\"@context\":\"https:\/\/schema.org\",\"@graph\":[{\"@type\":\"WebPage\",\"@id\":\"https:\/\/www.miomiorun.com\/de\/produkt\/offtrail-tr-gtx-herren\/\",\"url\":\"https:\/\/www.miomiorun.com\/de\/produkt\/offtrail-tr-gtx-herren\/\",\"name\":\"The North Face Offtrail TR GTX herren - Trailschuhe f\u00fcr Herren - MioMioRun.com\",\"isPartOf\":{\"@id\":\"https:\/\/www.miomiorun.com\/de\/#website\"},\"primaryImageOfPage\":{\"@id\":\"https:\/\/www.miomiorun.com\/de\/produkt\/offtrail-tr-gtx-herren\/#primaryimage\"},\"image\":{\"@id\":\"https:\/\/www.miomiorun.com\/de\/produkt\/offtrail-tr-gtx-herren\/#primaryimage\"},\"thumbnailUrl\":\"https:\/\/www.miomiorun.com\/app\/uploads\/2025\/09\/north-face-Offtrail-TR-GTX-nwtaupgn-aspltg-NF0A8A9X79K1.webp\",\"datePublished\":\"2025-08-14T16:29:33+00:00\",\"dateModified\":\"2025-11-06T08:35:10+00:00\",\"description\":\"Offtrail TR GORE-TEX\u00ae Herren \u2013 Wasserdichte, stabile und sch\u00fctzende Trailrunning-Schuhe mit Matryx\u00ae und Surface CTRL\u2122-Sohle f\u00fcr \u00fcberragenden Grip und Widerstandsf\u00e4higkeit.\",\"breadcrumb\":{\"@id\":\"https:\/\/www.miomiorun.com\/de\/produkt\/offtrail-tr-gtx-herren\/#breadcrumb\"},\"inLanguage\":\"de-DE\",\"potentialAction\":[{\"@type\":\"ReadAction\",\"target\":[\"https:\/\/www.miomiorun.com\/de\/produkt\/offtrail-tr-gtx-herren\/\"]}]},{\"@type\":\"ImageObject\",\"inLanguage\":\"de-DE\",\"@id\":\"https:\/\/www.miomiorun.com\/de\/produkt\/offtrail-tr-gtx-herren\/#primaryimage\",\"url\":\"https:\/\/www.miomiorun.com\/app\/uploads\/2025\/09\/north-face-Offtrail-TR-GTX-nwtaupgn-aspltg-NF0A8A9X79K1.webp\",\"contentUrl\":\"https:\/\/www.miomiorun.com\/app\/uploads\/2025\/09\/north-face-Offtrail-TR-GTX-nwtaupgn-aspltg-NF0A8A9X79K1.webp\",\"width\":720,\"height\":720,\"caption\":\"north face Offtrail TR GTX nwtaupgn aspltg NF0A8A9X79K1\"},{\"@type\":\"BreadcrumbList\",\"@id\":\"https:\/\/www.miomiorun.com\/de\/produkt\/offtrail-tr-gtx-herren\/#breadcrumb\",\"itemListElement\":[{\"@type\":\"ListItem\",\"position\":1,\"name\":\"Home\",\"item\":\"https:\/\/www.miomiorun.com\/de\/\"},{\"@type\":\"ListItem\",\"position\":2,\"name\":\"Shop\",\"item\":\"https:\/\/www.miomiorun.com\/shop\/\"},{\"@type\":\"ListItem\",\"position\":3,\"name\":\"Offtrail TR GTX herren\"}]},{\"@type\":\"WebSite\",\"@id\":\"https:\/\/www.miomiorun.com\/de\/#website\",\"url\":\"https:\/\/www.miomiorun.com\/de\/\",\"name\":\"MioMioRun\",\"description\":\"100% Lauf- und Trailshop\",\"publisher\":{\"@id\":\"https:\/\/www.miomiorun.com\/de\/#organization\"},\"potentialAction\":[{\"@type\":\"SearchAction\",\"target\":{\"@type\":\"EntryPoint\",\"urlTemplate\":\"https:\/\/www.miomiorun.com\/de\/?s={search_term_string}\"},\"query-input\":{\"@type\":\"PropertyValueSpecification\",\"valueRequired\":true,\"valueName\":\"search_term_string\"}}],\"inLanguage\":\"de-DE\"},{\"@type\":\"Organization\",\"@id\":\"https:\/\/www.miomiorun.com\/de\/#organization\",\"name\":\"MioMio Run\",\"url\":\"https:\/\/www.miomiorun.com\/de\/\",\"logo\":{\"@type\":\"ImageObject\",\"inLanguage\":\"de-DE\",\"@id\":\"https:\/\/www.miomiorun.com\/de\/#\/schema\/logo\/image\/\",\"url\":\"https:\/\/www.miomiorun.com\/app\/uploads\/2019\/12\/logomio.png\",\"contentUrl\":\"https:\/\/www.miomiorun.com\/app\/uploads\/2019\/12\/logomio.png\",\"width\":115,\"height\":82,\"caption\":\"MioMio Run\"},\"image\":{\"@id\":\"https:\/\/www.miomiorun.com\/de\/#\/schema\/logo\/image\/\"},\"sameAs\":[\"https:\/\/www.facebook.com\/miomiorun\/\",\"https:\/\/www.instagram.com\/miomiorun\/\"]}]}<\/script>\n<!-- \/ Yoast SEO plugin. -->","yoast_head_json":{"title":"The North Face Offtrail TR GTX herren - Trailschuhe f\u00fcr Herren - MioMioRun.com","description":"Offtrail TR GORE-TEX\u00ae Herren \u2013 Wasserdichte, stabile und sch\u00fctzende Trailrunning-Schuhe mit Matryx\u00ae und Surface CTRL\u2122-Sohle f\u00fcr \u00fcberragenden Grip und Widerstandsf\u00e4higkeit.","robots":{"index":"index","follow":"follow","max-snippet":"max-snippet:-1","max-image-preview":"max-image-preview:large","max-video-preview":"max-video-preview:-1"},"canonical":"https:\/\/www.miomiorun.com\/de\/produkt\/offtrail-tr-gtx-herren\/","og_locale":"de_DE","og_type":"article","og_title":"The North Face Offtrail TR GTX herren - Trailschuhe f\u00fcr Herren - MioMioRun.com","og_description":"Offtrail TR GORE-TEX\u00ae Herren \u2013 Wasserdichte, stabile und sch\u00fctzende Trailrunning-Schuhe mit Matryx\u00ae und Surface CTRL\u2122-Sohle f\u00fcr \u00fcberragenden Grip und Widerstandsf\u00e4higkeit.","og_url":"https:\/\/www.miomiorun.com\/de\/produkt\/offtrail-tr-gtx-herren\/","og_site_name":"MioMioRun","article_publisher":"https:\/\/www.facebook.com\/miomiorun\/","article_modified_time":"2025-11-06T08:35:10+00:00","og_image":[{"width":720,"height":720,"url":"https:\/\/www.miomiorun.com\/app\/uploads\/2025\/09\/north-face-Offtrail-TR-GTX-nwtaupgn-aspltg-NF0A8A9X79K1.webp","type":"image\/webp"}],"twitter_card":"summary_large_image","twitter_misc":{"Est. reading time":"2 minutes"},"schema":{"@context":"https:\/\/schema.org","@graph":[{"@type":"WebPage","@id":"https:\/\/www.miomiorun.com\/de\/produkt\/offtrail-tr-gtx-herren\/","url":"https:\/\/www.miomiorun.com\/de\/produkt\/offtrail-tr-gtx-herren\/","name":"The North Face Offtrail TR GTX herren - Trailschuhe f\u00fcr Herren - MioMioRun.com","isPartOf":{"@id":"https:\/\/www.miomiorun.com\/de\/#website"},"primaryImageOfPage":{"@id":"https:\/\/www.miomiorun.com\/de\/produkt\/offtrail-tr-gtx-herren\/#primaryimage"},"image":{"@id":"https:\/\/www.miomiorun.com\/de\/produkt\/offtrail-tr-gtx-herren\/#primaryimage"},"thumbnailUrl":"https:\/\/www.miomiorun.com\/app\/uploads\/2025\/09\/north-face-Offtrail-TR-GTX-nwtaupgn-aspltg-NF0A8A9X79K1.webp","datePublished":"2025-08-14T16:29:33+00:00","dateModified":"2025-11-06T08:35:10+00:00","description":"Offtrail TR GORE-TEX\u00ae Herren \u2013 Wasserdichte, stabile und sch\u00fctzende Trailrunning-Schuhe mit Matryx\u00ae und Surface CTRL\u2122-Sohle f\u00fcr \u00fcberragenden Grip und Widerstandsf\u00e4higkeit.","breadcrumb":{"@id":"https:\/\/www.miomiorun.com\/de\/produkt\/offtrail-tr-gtx-herren\/#breadcrumb"},"inLanguage":"de-DE","potentialAction":[{"@type":"ReadAction","target":["https:\/\/www.miomiorun.com\/de\/produkt\/offtrail-tr-gtx-herren\/"]}]},{"@type":"ImageObject","inLanguage":"de-DE","@id":"https:\/\/www.miomiorun.com\/de\/produkt\/offtrail-tr-gtx-herren\/#primaryimage","url":"https:\/\/www.miomiorun.com\/app\/uploads\/2025\/09\/north-face-Offtrail-TR-GTX-nwtaupgn-aspltg-NF0A8A9X79K1.webp","contentUrl":"https:\/\/www.miomiorun.com\/app\/uploads\/2025\/09\/north-face-Offtrail-TR-GTX-nwtaupgn-aspltg-NF0A8A9X79K1.webp","width":720,"height":720,"caption":"north face Offtrail TR GTX nwtaupgn aspltg NF0A8A9X79K1"},{"@type":"BreadcrumbList","@id":"https:\/\/www.miomiorun.com\/de\/produkt\/offtrail-tr-gtx-herren\/#breadcrumb","itemListElement":[{"@type":"ListItem","position":1,"name":"Home","item":"https:\/\/www.miomiorun.com\/de\/"},{"@type":"ListItem","position":2,"name":"Shop","item":"https:\/\/www.miomiorun.com\/shop\/"},{"@type":"ListItem","position":3,"name":"Offtrail TR GTX herren"}]},{"@type":"WebSite","@id":"https:\/\/www.miomiorun.com\/de\/#website","url":"https:\/\/www.miomiorun.com\/de\/","name":"MioMioRun","description":"100% Lauf- und Trailshop","publisher":{"@id":"https:\/\/www.miomiorun.com\/de\/#organization"},"potentialAction":[{"@type":"SearchAction","target":{"@type":"EntryPoint","urlTemplate":"https:\/\/www.miomiorun.com\/de\/?s={search_term_string}"},"query-input":{"@type":"PropertyValueSpecification","valueRequired":true,"valueName":"search_term_string"}}],"inLanguage":"de-DE"},{"@type":"Organization","@id":"https:\/\/www.miomiorun.com\/de\/#organization","name":"MioMio Run","url":"https:\/\/www.miomiorun.com\/de\/","logo":{"@type":"ImageObject","inLanguage":"de-DE","@id":"https:\/\/www.miomiorun.com\/de\/#\/schema\/logo\/image\/","url":"https:\/\/www.miomiorun.com\/app\/uploads\/2019\/12\/logomio.png","contentUrl":"https:\/\/www.miomiorun.com\/app\/uploads\/2019\/12\/logomio.png","width":115,"height":82,"caption":"MioMio Run"},"image":{"@id":"https:\/\/www.miomiorun.com\/de\/#\/schema\/logo\/image\/"},"sameAs":["https:\/\/www.facebook.com\/miomiorun\/","https:\/\/www.instagram.com\/miomiorun\/"]}]}},"_links":{"self":[{"href":"https:\/\/www.miomiorun.com\/de\/wp-json\/wp\/v2\/product\/336286","targetHints":{"allow":["GET"]}}],"collection":[{"href":"https:\/\/www.miomiorun.com\/de\/wp-json\/wp\/v2\/product"}],"about":[{"href":"https:\/\/www.miomiorun.com\/de\/wp-json\/wp\/v2\/types\/product"}],"wp:featuredmedia":[{"embeddable":true,"href":"https:\/\/www.miomiorun.com\/de\/wp-json\/wp\/v2\/media\/350482"}],"wp:attachment":[{"href":"https:\/\/www.miomiorun.com\/de\/wp-json\/wp\/v2\/media?parent=336286"}],"wp:term":[{"taxonomy":"product_brand","embeddable":true,"href":"https:\/\/www.miomiorun.com\/de\/wp-json\/wp\/v2\/product_brand?post=336286"},{"taxonomy":"product_cat","embeddable":true,"href":"https:\/\/www.miomiorun.com\/de\/wp-json\/wp\/v2\/product_cat?post=336286"},{"taxonomy":"product_tag","embeddable":true,"href":"https:\/\/www.miomiorun.com\/de\/wp-json\/wp\/v2\/product_tag?post=336286"}],"curies":[{"name":"wp","href":"https:\/\/api.w.org\/{rel}","templated":true}]}}