{"id":335875,"date":"2025-08-14T12:18:22","date_gmt":"2025-08-14T10:18:22","guid":{"rendered":"https:\/\/www.miomiorun.com\/?post_type=product&#038;p=335875"},"modified":"2025-11-22T15:16:09","modified_gmt":"2025-11-22T14:16:09","slug":"ghost-max-3-damen","status":"publish","type":"product","link":"https:\/\/www.miomiorun.com\/de\/produkt\/ghost-max-3-damen\/","title":{"rendered":"Ghost Max 3 damen"},"content":{"rendered":"<div class=\"vc-row container\"><div class=\"vc-column\"><div class=\"vc-column-text\"><\/p>\n<h4>Technische Daten<\/h4>\n<p>Kategorie: Strukturierte D\u00e4mpfung<br \/>\nOffset: 6 mm<br \/>\nGewicht: 283,5 g<br \/>\nIdeal f\u00fcr: L\u00e4ufer mit neutralem Fu\u00dfabdruck, die ein Modell suchen, das eine gute sch\u00fctzende D\u00e4mpfung und optimale Vielseitigkeit f\u00fcr L\u00e4ufe und Wanderungen \u00fcber lange oder mittlere Distanzen bietet.<br \/>\nGewicht des Athleten: 60 kg<br \/>\nLaufgeschwindigkeit: mittel (5 min\/km)<br \/>\n<a href=\"https:\/\/miomiorun.com\/guida-alle-specifiche-tecniche\/\">Leitfaden zu den technischen Daten<\/a><\/p>\n<p><\/div><\/div><div class=\"vc-column\"><div class=\"vc-column-text\"><\/p>\n<p>Der <strong>Ghost Max 3 von Brooks<\/strong> ist die neue Dimension des t\u00e4glichen Komforts und wurde entwickelt, um eine noch gro\u00dfz\u00fcgigere D\u00e4mpfung als der legend\u00e4re Ghost zu bieten, ohne dabei die Fl\u00fcssigkeit und Nat\u00fcrlichkeit des Laufs zu beeintr\u00e4chtigen. Diese verbesserte Version zeichnet sich durch eine etwas breitere Auflagefl\u00e4che aus, die die Stabilit\u00e4t erh\u00f6ht und Schritt f\u00fcr Schritt Sicherheit garantiert. Der Ghost Max 3 ist perfekt f\u00fcr alle, die Einlagen verwenden, f\u00fcr L\u00e4ufer, die Schutz beim t\u00e4glichen Laufen suchen, f\u00fcr lange Spazierg\u00e4nge oder einfach f\u00fcr die Herausforderungen des Alltags. Er passt sich vielseitig an jedes Tempo und jedes st\u00e4dtische Gel\u00e4nde an. Sein Design sorgt f\u00fcr ein ausgewogenes Verh\u00e4ltnis zwischen D\u00e4mpfung und Reaktionsf\u00e4higkeit, sch\u00fctzt die Gelenke und sorgt f\u00fcr einen fl\u00fcssigen und nat\u00fcrlichen \u00dcbergang des Fu\u00dfes. Wenn Sie einen zuverl\u00e4ssigen, vielseitigen und bequemen Schuh suchen, der Sie vom ersten Lauf am Morgen bis zum Abendspaziergang begleitet, ist der <strong>Ghost Max 3<\/strong> bereit, Ihr neuer Begleiter f\u00fcr jeden Tag zu werden.<\/p>\n<p><\/div><\/div><\/div>\n","protected":false},"excerpt":{"rendered":"<ul>\n<li data-start=\"1558\" data-end=\"1636\">\n<p data-start=\"1560\" data-end=\"1636\">Etwas breitere Auflagefl\u00e4che f\u00fcr mehr Stabilit\u00e4t und Sicherheit.<\/p>\n<\/li>\n<li data-start=\"1637\" data-end=\"1703\">\n<p data-start=\"1639\" data-end=\"1703\">Fl\u00fcssige und nat\u00fcrliche \u00dcberg\u00e4nge f\u00fcr einen weichen und reaktionsfreudigen Schritt.<\/p>\n<\/li>\n<li data-start=\"1704\" data-end=\"1794\">\n<p data-start=\"1706\" data-end=\"1794\">Vielseitig: perfekt f\u00fcr Einlagen, t\u00e4gliches Laufen, Gehen und den t\u00e4glichen Gebrauch.<\/p>\n<\/li>\n<\/ul>\n","protected":false},"featured_media":346375,"template":"","meta":{"_acf_changed":false,"inline_featured_image":false},"product_brand":[],"product_cat":[6474,6475],"product_tag":[3362,6205],"class_list":{"0":"post-335875","1":"product","2":"type-product","3":"status-publish","4":"has-post-thumbnail","6":"product_cat-damenschuhe","7":"product_cat-neutral","8":"product_tag-brooks-de","9":"product_tag-brooks-damen-de","10":"pa_attivita-gehen","11":"pa_attivita-running-de","12":"pa_colore-ghost-max-3-w-black-black-rose-gold-de","13":"pa_colore-ghost-max-3-w-coconut-blue-heron-orange-de","14":"pa_colore-ghost-max-3-w-coconut-yucca-gray-mist-de","15":"pa_marca-brooks-de","16":"pa_sesso-damen","17":"pa_size-37-5-de","18":"pa_size-38-de","19":"pa_size-38-5-de","20":"pa_size-39-de","21":"pa_size-40-de","22":"pa_size-40-5-de","23":"pa_size-41-de","25":"first","26":"instock","27":"sale","28":"taxable","29":"shipping-taxable","30":"purchasable","31":"product-type-variable","32":"wvs-archive-product-wrapper"},"acf":[],"yoast_head":"<!-- This site is optimized with the Yoast SEO plugin v26.8 - https:\/\/yoast.com\/product\/yoast-seo-wordpress\/ -->\n<title>Brooks Ghost Max 3 damen - Laufschuhe - MioMioRun.com<\/title>\n<meta name=\"description\" content=\"Ghost Max 3 Brooks \u2013 Maximale D\u00e4mpfung, Stabilit\u00e4t und fl\u00fcssige \u00dcberg\u00e4nge. Ideal f\u00fcr Einlagen, t\u00e4gliches Laufen, Gehen und den t\u00e4glichen Gebrauch.\" \/>\n<meta name=\"robots\" content=\"index, follow, max-snippet:-1, max-image-preview:large, max-video-preview:-1\" \/>\n<link rel=\"canonical\" href=\"https:\/\/www.miomiorun.com\/de\/produkt\/ghost-max-3-damen\/\" \/>\n<meta property=\"og:locale\" content=\"de_DE\" \/>\n<meta property=\"og:type\" content=\"article\" \/>\n<meta property=\"og:title\" content=\"Brooks Ghost Max 3 damen - Laufschuhe - MioMioRun.com\" \/>\n<meta property=\"og:description\" content=\"Ghost Max 3 Brooks \u2013 Maximale D\u00e4mpfung, Stabilit\u00e4t und fl\u00fcssige \u00dcberg\u00e4nge. Ideal f\u00fcr Einlagen, t\u00e4gliches Laufen, Gehen und den t\u00e4glichen Gebrauch.\" \/>\n<meta property=\"og:url\" content=\"https:\/\/www.miomiorun.com\/de\/produkt\/ghost-max-3-damen\/\" \/>\n<meta property=\"og:site_name\" content=\"MioMioRun\" \/>\n<meta property=\"article:publisher\" content=\"https:\/\/www.facebook.com\/miomiorun\/\" \/>\n<meta property=\"article:modified_time\" content=\"2025-11-22T14:16:09+00:00\" \/>\n<meta property=\"og:image\" content=\"https:\/\/www.miomiorun.com\/app\/uploads\/2025\/09\/brooks-Ghost-Max-3-W-coconut-blue-heron-orange-1204571B151.webp\" \/>\n\t<meta property=\"og:image:width\" content=\"720\" \/>\n\t<meta property=\"og:image:height\" content=\"720\" \/>\n\t<meta property=\"og:image:type\" content=\"image\/webp\" \/>\n<meta name=\"twitter:card\" content=\"summary_large_image\" \/>\n<meta name=\"twitter:label1\" content=\"Est. reading time\" \/>\n\t<meta name=\"twitter:data1\" content=\"2 minutes\" \/>\n<script type=\"application\/ld+json\" class=\"yoast-schema-graph\">{\"@context\":\"https:\/\/schema.org\",\"@graph\":[{\"@type\":\"WebPage\",\"@id\":\"https:\/\/www.miomiorun.com\/de\/produkt\/ghost-max-3-damen\/\",\"url\":\"https:\/\/www.miomiorun.com\/de\/produkt\/ghost-max-3-damen\/\",\"name\":\"Brooks Ghost Max 3 damen - Laufschuhe - MioMioRun.com\",\"isPartOf\":{\"@id\":\"https:\/\/www.miomiorun.com\/de\/#website\"},\"primaryImageOfPage\":{\"@id\":\"https:\/\/www.miomiorun.com\/de\/produkt\/ghost-max-3-damen\/#primaryimage\"},\"image\":{\"@id\":\"https:\/\/www.miomiorun.com\/de\/produkt\/ghost-max-3-damen\/#primaryimage\"},\"thumbnailUrl\":\"https:\/\/www.miomiorun.com\/app\/uploads\/2025\/09\/brooks-Ghost-Max-3-W-coconut-blue-heron-orange-1204571B151.webp\",\"datePublished\":\"2025-08-14T10:18:22+00:00\",\"dateModified\":\"2025-11-22T14:16:09+00:00\",\"description\":\"Ghost Max 3 Brooks \u2013 Maximale D\u00e4mpfung, Stabilit\u00e4t und fl\u00fcssige \u00dcberg\u00e4nge. Ideal f\u00fcr Einlagen, t\u00e4gliches Laufen, Gehen und den t\u00e4glichen Gebrauch.\",\"breadcrumb\":{\"@id\":\"https:\/\/www.miomiorun.com\/de\/produkt\/ghost-max-3-damen\/#breadcrumb\"},\"inLanguage\":\"de-DE\",\"potentialAction\":[{\"@type\":\"ReadAction\",\"target\":[\"https:\/\/www.miomiorun.com\/de\/produkt\/ghost-max-3-damen\/\"]}]},{\"@type\":\"ImageObject\",\"inLanguage\":\"de-DE\",\"@id\":\"https:\/\/www.miomiorun.com\/de\/produkt\/ghost-max-3-damen\/#primaryimage\",\"url\":\"https:\/\/www.miomiorun.com\/app\/uploads\/2025\/09\/brooks-Ghost-Max-3-W-coconut-blue-heron-orange-1204571B151.webp\",\"contentUrl\":\"https:\/\/www.miomiorun.com\/app\/uploads\/2025\/09\/brooks-Ghost-Max-3-W-coconut-blue-heron-orange-1204571B151.webp\",\"width\":720,\"height\":720,\"caption\":\"brooks Ghost Max 3 W coconut blue heron orange 1204571B151\"},{\"@type\":\"BreadcrumbList\",\"@id\":\"https:\/\/www.miomiorun.com\/de\/produkt\/ghost-max-3-damen\/#breadcrumb\",\"itemListElement\":[{\"@type\":\"ListItem\",\"position\":1,\"name\":\"Home\",\"item\":\"https:\/\/www.miomiorun.com\/de\/\"},{\"@type\":\"ListItem\",\"position\":2,\"name\":\"Shop\",\"item\":\"https:\/\/www.miomiorun.com\/shop\/\"},{\"@type\":\"ListItem\",\"position\":3,\"name\":\"Ghost Max 3 damen\"}]},{\"@type\":\"WebSite\",\"@id\":\"https:\/\/www.miomiorun.com\/de\/#website\",\"url\":\"https:\/\/www.miomiorun.com\/de\/\",\"name\":\"MioMioRun\",\"description\":\"100% Lauf- und Trailshop\",\"publisher\":{\"@id\":\"https:\/\/www.miomiorun.com\/de\/#organization\"},\"potentialAction\":[{\"@type\":\"SearchAction\",\"target\":{\"@type\":\"EntryPoint\",\"urlTemplate\":\"https:\/\/www.miomiorun.com\/de\/?s={search_term_string}\"},\"query-input\":{\"@type\":\"PropertyValueSpecification\",\"valueRequired\":true,\"valueName\":\"search_term_string\"}}],\"inLanguage\":\"de-DE\"},{\"@type\":\"Organization\",\"@id\":\"https:\/\/www.miomiorun.com\/de\/#organization\",\"name\":\"MioMio Run\",\"url\":\"https:\/\/www.miomiorun.com\/de\/\",\"logo\":{\"@type\":\"ImageObject\",\"inLanguage\":\"de-DE\",\"@id\":\"https:\/\/www.miomiorun.com\/de\/#\/schema\/logo\/image\/\",\"url\":\"https:\/\/www.miomiorun.com\/app\/uploads\/2019\/12\/logomio.png\",\"contentUrl\":\"https:\/\/www.miomiorun.com\/app\/uploads\/2019\/12\/logomio.png\",\"width\":115,\"height\":82,\"caption\":\"MioMio Run\"},\"image\":{\"@id\":\"https:\/\/www.miomiorun.com\/de\/#\/schema\/logo\/image\/\"},\"sameAs\":[\"https:\/\/www.facebook.com\/miomiorun\/\",\"https:\/\/www.instagram.com\/miomiorun\/\"]}]}<\/script>\n<!-- \/ Yoast SEO plugin. -->","yoast_head_json":{"title":"Brooks Ghost Max 3 damen - Laufschuhe - MioMioRun.com","description":"Ghost Max 3 Brooks \u2013 Maximale D\u00e4mpfung, Stabilit\u00e4t und fl\u00fcssige \u00dcberg\u00e4nge. Ideal f\u00fcr Einlagen, t\u00e4gliches Laufen, Gehen und den t\u00e4glichen Gebrauch.","robots":{"index":"index","follow":"follow","max-snippet":"max-snippet:-1","max-image-preview":"max-image-preview:large","max-video-preview":"max-video-preview:-1"},"canonical":"https:\/\/www.miomiorun.com\/de\/produkt\/ghost-max-3-damen\/","og_locale":"de_DE","og_type":"article","og_title":"Brooks Ghost Max 3 damen - Laufschuhe - MioMioRun.com","og_description":"Ghost Max 3 Brooks \u2013 Maximale D\u00e4mpfung, Stabilit\u00e4t und fl\u00fcssige \u00dcberg\u00e4nge. Ideal f\u00fcr Einlagen, t\u00e4gliches Laufen, Gehen und den t\u00e4glichen Gebrauch.","og_url":"https:\/\/www.miomiorun.com\/de\/produkt\/ghost-max-3-damen\/","og_site_name":"MioMioRun","article_publisher":"https:\/\/www.facebook.com\/miomiorun\/","article_modified_time":"2025-11-22T14:16:09+00:00","og_image":[{"width":720,"height":720,"url":"https:\/\/www.miomiorun.com\/app\/uploads\/2025\/09\/brooks-Ghost-Max-3-W-coconut-blue-heron-orange-1204571B151.webp","type":"image\/webp"}],"twitter_card":"summary_large_image","twitter_misc":{"Est. reading time":"2 minutes"},"schema":{"@context":"https:\/\/schema.org","@graph":[{"@type":"WebPage","@id":"https:\/\/www.miomiorun.com\/de\/produkt\/ghost-max-3-damen\/","url":"https:\/\/www.miomiorun.com\/de\/produkt\/ghost-max-3-damen\/","name":"Brooks Ghost Max 3 damen - Laufschuhe - MioMioRun.com","isPartOf":{"@id":"https:\/\/www.miomiorun.com\/de\/#website"},"primaryImageOfPage":{"@id":"https:\/\/www.miomiorun.com\/de\/produkt\/ghost-max-3-damen\/#primaryimage"},"image":{"@id":"https:\/\/www.miomiorun.com\/de\/produkt\/ghost-max-3-damen\/#primaryimage"},"thumbnailUrl":"https:\/\/www.miomiorun.com\/app\/uploads\/2025\/09\/brooks-Ghost-Max-3-W-coconut-blue-heron-orange-1204571B151.webp","datePublished":"2025-08-14T10:18:22+00:00","dateModified":"2025-11-22T14:16:09+00:00","description":"Ghost Max 3 Brooks \u2013 Maximale D\u00e4mpfung, Stabilit\u00e4t und fl\u00fcssige \u00dcberg\u00e4nge. Ideal f\u00fcr Einlagen, t\u00e4gliches Laufen, Gehen und den t\u00e4glichen Gebrauch.","breadcrumb":{"@id":"https:\/\/www.miomiorun.com\/de\/produkt\/ghost-max-3-damen\/#breadcrumb"},"inLanguage":"de-DE","potentialAction":[{"@type":"ReadAction","target":["https:\/\/www.miomiorun.com\/de\/produkt\/ghost-max-3-damen\/"]}]},{"@type":"ImageObject","inLanguage":"de-DE","@id":"https:\/\/www.miomiorun.com\/de\/produkt\/ghost-max-3-damen\/#primaryimage","url":"https:\/\/www.miomiorun.com\/app\/uploads\/2025\/09\/brooks-Ghost-Max-3-W-coconut-blue-heron-orange-1204571B151.webp","contentUrl":"https:\/\/www.miomiorun.com\/app\/uploads\/2025\/09\/brooks-Ghost-Max-3-W-coconut-blue-heron-orange-1204571B151.webp","width":720,"height":720,"caption":"brooks Ghost Max 3 W coconut blue heron orange 1204571B151"},{"@type":"BreadcrumbList","@id":"https:\/\/www.miomiorun.com\/de\/produkt\/ghost-max-3-damen\/#breadcrumb","itemListElement":[{"@type":"ListItem","position":1,"name":"Home","item":"https:\/\/www.miomiorun.com\/de\/"},{"@type":"ListItem","position":2,"name":"Shop","item":"https:\/\/www.miomiorun.com\/shop\/"},{"@type":"ListItem","position":3,"name":"Ghost Max 3 damen"}]},{"@type":"WebSite","@id":"https:\/\/www.miomiorun.com\/de\/#website","url":"https:\/\/www.miomiorun.com\/de\/","name":"MioMioRun","description":"100% Lauf- und Trailshop","publisher":{"@id":"https:\/\/www.miomiorun.com\/de\/#organization"},"potentialAction":[{"@type":"SearchAction","target":{"@type":"EntryPoint","urlTemplate":"https:\/\/www.miomiorun.com\/de\/?s={search_term_string}"},"query-input":{"@type":"PropertyValueSpecification","valueRequired":true,"valueName":"search_term_string"}}],"inLanguage":"de-DE"},{"@type":"Organization","@id":"https:\/\/www.miomiorun.com\/de\/#organization","name":"MioMio Run","url":"https:\/\/www.miomiorun.com\/de\/","logo":{"@type":"ImageObject","inLanguage":"de-DE","@id":"https:\/\/www.miomiorun.com\/de\/#\/schema\/logo\/image\/","url":"https:\/\/www.miomiorun.com\/app\/uploads\/2019\/12\/logomio.png","contentUrl":"https:\/\/www.miomiorun.com\/app\/uploads\/2019\/12\/logomio.png","width":115,"height":82,"caption":"MioMio Run"},"image":{"@id":"https:\/\/www.miomiorun.com\/de\/#\/schema\/logo\/image\/"},"sameAs":["https:\/\/www.facebook.com\/miomiorun\/","https:\/\/www.instagram.com\/miomiorun\/"]}]}},"_links":{"self":[{"href":"https:\/\/www.miomiorun.com\/de\/wp-json\/wp\/v2\/product\/335875","targetHints":{"allow":["GET"]}}],"collection":[{"href":"https:\/\/www.miomiorun.com\/de\/wp-json\/wp\/v2\/product"}],"about":[{"href":"https:\/\/www.miomiorun.com\/de\/wp-json\/wp\/v2\/types\/product"}],"wp:featuredmedia":[{"embeddable":true,"href":"https:\/\/www.miomiorun.com\/de\/wp-json\/wp\/v2\/media\/346375"}],"wp:attachment":[{"href":"https:\/\/www.miomiorun.com\/de\/wp-json\/wp\/v2\/media?parent=335875"}],"wp:term":[{"taxonomy":"product_brand","embeddable":true,"href":"https:\/\/www.miomiorun.com\/de\/wp-json\/wp\/v2\/product_brand?post=335875"},{"taxonomy":"product_cat","embeddable":true,"href":"https:\/\/www.miomiorun.com\/de\/wp-json\/wp\/v2\/product_cat?post=335875"},{"taxonomy":"product_tag","embeddable":true,"href":"https:\/\/www.miomiorun.com\/de\/wp-json\/wp\/v2\/product_tag?post=335875"}],"curies":[{"name":"wp","href":"https:\/\/api.w.org\/{rel}","templated":true}]}}