{"id":335327,"date":"2025-08-14T10:40:52","date_gmt":"2025-08-14T08:40:52","guid":{"rendered":"https:\/\/www.miomiorun.com\/?post_type=product&#038;p=335327"},"modified":"2026-04-28T08:08:57","modified_gmt":"2026-04-28T06:08:57","slug":"fuji-lite-6-herren","status":"publish","type":"product","link":"https:\/\/www.miomiorun.com\/de\/produkt\/fuji-lite-6-herren\/","title":{"rendered":"Fuji Lite 6 herren"},"content":{"rendered":"<div class=\"vc-row container\"><div class=\"vc-column\"><div class=\"vc-column-text\"><\/p>\n<p><strong>Technische Daten<\/strong><\/p>\n<p>Kategorie: Top-D\u00e4mpfung<br \/>\nOffset: 4 mm<br \/>\nGewicht: 250 g<br \/>\nIdeal f\u00fcr: Offroad-L\u00e4ufer, die ein gut ged\u00e4mpftes Modell suchen, das sich f\u00fcr lange und mittlere Distanzen sowohl in den Bergen als auch auf unbefestigten Stra\u00dfen und gelegentlich auf Asphalt eignet.<br \/>\nGewicht des Athleten: 60-80 kg<br \/>\nLaufschritt: mittel (5,00 min\/km)<br \/>\n<a href=\"https:\/\/miomiorun.com\/guida-alle-specifiche-tecniche\/\">Leitfaden zu den technischen Spezifikationen<\/a><\/p>\n<p><\/div><\/div><div class=\"vc-column\"><div class=\"vc-column-text\"><\/p>\n<p data-start=\"176\" data-end=\"446\">Der ASICS FUJI LITE 6 ist der ideale Begleiter f\u00fcr alle, die gerne mit Kontrolle, Leichtigkeit und Sicherheit auf Trails laufen. Er wurde entwickelt, damit du dich mit dem Untergrund verbunden f\u00fchlst, und kombiniert zuverl\u00e4ssigen Grip und Stabilit\u00e4t, damit du auch technisch anspruchsvolle Strecken sicher bew\u00e4ltigen kannst. Die Zwischensohle mit <strong data-start=\"465\" data-end=\"498\">FF BLAST PLUS-D\u00e4mpfung<\/strong> bietet eine unschlagbare Kombination aus Leichtigkeit, Reaktionsf\u00e4higkeit und Komfort, reduziert St\u00f6\u00dfe und gibt bei jedem Schritt Energie zur\u00fcck. Die neue Konfiguration umschlie\u00dft den Mittelfu\u00df bis zur Seite des Vorfu\u00dfes und verbessert so die Passform und Stabilit\u00e4t, w\u00e4hrend Verst\u00e4rkungen in den \u00d6sen den Fu\u00df auch auf anspruchsvollen Strecken sicher halten. Das Obermaterial aus <strong data-start=\"863\" data-end=\"882\">verst\u00e4rktem Mesh<\/strong> ist leicht, atmungsaktiv und nachhaltig: \u00dcber 50 % des Hauptmaterials bestehen aus recycelten Fasern, wodurch die Umweltbelastung reduziert wird, ohne die Leistung zu beeintr\u00e4chtigen. Reflektierende Details erh\u00f6hen die Sichtbarkeit bei schlechten Lichtverh\u00e4ltnissen, und der Schn\u00fcrsenkelhalter an der Zunge sorgt f\u00fcr Ordnung und verhindert ein Verheddern. Die <strong data-start=\"1254\" data-end=\"1267\">ASICSGRIP<\/strong>-Sohle sorgt f\u00fcr hervorragenden Grip auf verschiedenen Untergr\u00fcnden, w\u00e4hrend die <strong data-start=\"1330\" data-end=\"1348\">4-mm-Stollen<\/strong> optimale Traktion und Kontrolle bei technischen Passagen gew\u00e4hrleisten. Dar\u00fcber hinaus ist dieses Modell <strong data-start=\"1435\" data-end=\"1453\">veganfreundlich<\/strong> und ohne tierische Materialien hergestellt.<br \/>\n<\/div><\/div><\/div>\n","protected":false},"excerpt":{"rendered":"<ul>\n<li>Schuh, der f\u00fcr lange Trails auf gemischten Wegen geeignet ist<\/li>\n<li>ged\u00e4mpft und leicht<\/li>\n<\/ul>\n","protected":false},"featured_media":338321,"template":"","meta":{"_acf_changed":false,"inline_featured_image":false},"product_brand":[],"product_cat":[6507,6504],"product_tag":[3404,6202],"class_list":{"0":"post-335327","1":"product","2":"type-product","3":"status-publish","4":"has-post-thumbnail","6":"product_cat-herren-schuhe-de","7":"product_cat-trail","8":"product_tag-asics-de","9":"product_tag-asics-herren-de","10":"pa_attivita-outdoor-de","11":"pa_attivita-trail-de","12":"pa_colore-fuji-lite-6-khaki-cream-de","13":"pa_colore-fuji-lite-6-red-clay-black-de","14":"pa_marca-asics-de","15":"pa_sesso-herren","16":"pa_size-42-de","17":"pa_size-42-5-de","18":"pa_size-43-5-de","19":"pa_size-44-de","20":"pa_size-45-de","21":"pa_size-46-de","23":"first","24":"instock","25":"sale","26":"taxable","27":"shipping-taxable","28":"purchasable","29":"product-type-variable","30":"wvs-archive-product-wrapper"},"acf":[],"yoast_head":"<!-- This site is optimized with the Yoast SEO plugin v26.8 - https:\/\/yoast.com\/product\/yoast-seo-wordpress\/ -->\n<title>Asics Fuji Lite 6 herren - Trailschuhe f\u00fcr Herren - MioMioRun.com<\/title>\n<meta name=\"description\" content=\"ASICS FUJI LITE 6: leichter und reaktionsfreudiger Trail-Laufschuh mit FF BLAST PLUS, ASICSGRIP-Sohle und nachhaltigem Obermaterial. Grip und Kontrolle auf jedem Terrain.\" \/>\n<meta name=\"robots\" content=\"index, follow, max-snippet:-1, max-image-preview:large, max-video-preview:-1\" \/>\n<link rel=\"canonical\" href=\"https:\/\/www.miomiorun.com\/de\/produkt\/fuji-lite-6-herren\/\" \/>\n<meta property=\"og:locale\" content=\"de_DE\" \/>\n<meta property=\"og:type\" content=\"article\" \/>\n<meta property=\"og:title\" content=\"Asics Fuji Lite 6 herren - Trailschuhe f\u00fcr Herren - MioMioRun.com\" \/>\n<meta property=\"og:description\" content=\"ASICS FUJI LITE 6: leichter und reaktionsfreudiger Trail-Laufschuh mit FF BLAST PLUS, ASICSGRIP-Sohle und nachhaltigem Obermaterial. Grip und Kontrolle auf jedem Terrain.\" \/>\n<meta property=\"og:url\" content=\"https:\/\/www.miomiorun.com\/de\/produkt\/fuji-lite-6-herren\/\" \/>\n<meta property=\"og:site_name\" content=\"MioMioRun\" \/>\n<meta property=\"article:publisher\" content=\"https:\/\/www.facebook.com\/miomiorun\/\" \/>\n<meta property=\"article:modified_time\" content=\"2026-04-28T06:08:57+00:00\" \/>\n<meta property=\"og:image\" content=\"https:\/\/www.miomiorun.com\/app\/uploads\/2025\/08\/asics-Fuji-Lite-6-red-clay-black-1011C086-600.webp\" \/>\n\t<meta property=\"og:image:width\" content=\"720\" \/>\n\t<meta property=\"og:image:height\" content=\"720\" \/>\n\t<meta property=\"og:image:type\" content=\"image\/webp\" \/>\n<meta name=\"twitter:card\" content=\"summary_large_image\" \/>\n<meta name=\"twitter:label1\" content=\"Est. reading time\" \/>\n\t<meta name=\"twitter:data1\" content=\"3 minutes\" \/>\n<script type=\"application\/ld+json\" class=\"yoast-schema-graph\">{\"@context\":\"https:\/\/schema.org\",\"@graph\":[{\"@type\":\"WebPage\",\"@id\":\"https:\/\/www.miomiorun.com\/de\/produkt\/fuji-lite-6-herren\/\",\"url\":\"https:\/\/www.miomiorun.com\/de\/produkt\/fuji-lite-6-herren\/\",\"name\":\"Asics Fuji Lite 6 herren - Trailschuhe f\u00fcr Herren - MioMioRun.com\",\"isPartOf\":{\"@id\":\"https:\/\/www.miomiorun.com\/de\/#website\"},\"primaryImageOfPage\":{\"@id\":\"https:\/\/www.miomiorun.com\/de\/produkt\/fuji-lite-6-herren\/#primaryimage\"},\"image\":{\"@id\":\"https:\/\/www.miomiorun.com\/de\/produkt\/fuji-lite-6-herren\/#primaryimage\"},\"thumbnailUrl\":\"https:\/\/www.miomiorun.com\/app\/uploads\/2025\/08\/asics-Fuji-Lite-6-red-clay-black-1011C086-600.webp\",\"datePublished\":\"2025-08-14T08:40:52+00:00\",\"dateModified\":\"2026-04-28T06:08:57+00:00\",\"description\":\"ASICS FUJI LITE 6: leichter und reaktionsfreudiger Trail-Laufschuh mit FF BLAST PLUS, ASICSGRIP-Sohle und nachhaltigem Obermaterial. Grip und Kontrolle auf jedem Terrain.\",\"breadcrumb\":{\"@id\":\"https:\/\/www.miomiorun.com\/de\/produkt\/fuji-lite-6-herren\/#breadcrumb\"},\"inLanguage\":\"de-DE\",\"potentialAction\":[{\"@type\":\"ReadAction\",\"target\":[\"https:\/\/www.miomiorun.com\/de\/produkt\/fuji-lite-6-herren\/\"]}]},{\"@type\":\"ImageObject\",\"inLanguage\":\"de-DE\",\"@id\":\"https:\/\/www.miomiorun.com\/de\/produkt\/fuji-lite-6-herren\/#primaryimage\",\"url\":\"https:\/\/www.miomiorun.com\/app\/uploads\/2025\/08\/asics-Fuji-Lite-6-red-clay-black-1011C086-600.webp\",\"contentUrl\":\"https:\/\/www.miomiorun.com\/app\/uploads\/2025\/08\/asics-Fuji-Lite-6-red-clay-black-1011C086-600.webp\",\"width\":720,\"height\":720,\"caption\":\"asics Fuji Lite 6 red clay black 1011C086 600\"},{\"@type\":\"BreadcrumbList\",\"@id\":\"https:\/\/www.miomiorun.com\/de\/produkt\/fuji-lite-6-herren\/#breadcrumb\",\"itemListElement\":[{\"@type\":\"ListItem\",\"position\":1,\"name\":\"Home\",\"item\":\"https:\/\/www.miomiorun.com\/de\/\"},{\"@type\":\"ListItem\",\"position\":2,\"name\":\"Shop\",\"item\":\"https:\/\/www.miomiorun.com\/shop\/\"},{\"@type\":\"ListItem\",\"position\":3,\"name\":\"Fuji Lite 6 herren\"}]},{\"@type\":\"WebSite\",\"@id\":\"https:\/\/www.miomiorun.com\/de\/#website\",\"url\":\"https:\/\/www.miomiorun.com\/de\/\",\"name\":\"MioMioRun\",\"description\":\"100% Lauf- und Trailshop\",\"publisher\":{\"@id\":\"https:\/\/www.miomiorun.com\/de\/#organization\"},\"potentialAction\":[{\"@type\":\"SearchAction\",\"target\":{\"@type\":\"EntryPoint\",\"urlTemplate\":\"https:\/\/www.miomiorun.com\/de\/?s={search_term_string}\"},\"query-input\":{\"@type\":\"PropertyValueSpecification\",\"valueRequired\":true,\"valueName\":\"search_term_string\"}}],\"inLanguage\":\"de-DE\"},{\"@type\":\"Organization\",\"@id\":\"https:\/\/www.miomiorun.com\/de\/#organization\",\"name\":\"MioMio Run\",\"url\":\"https:\/\/www.miomiorun.com\/de\/\",\"logo\":{\"@type\":\"ImageObject\",\"inLanguage\":\"de-DE\",\"@id\":\"https:\/\/www.miomiorun.com\/de\/#\/schema\/logo\/image\/\",\"url\":\"https:\/\/www.miomiorun.com\/app\/uploads\/2019\/12\/logomio.png\",\"contentUrl\":\"https:\/\/www.miomiorun.com\/app\/uploads\/2019\/12\/logomio.png\",\"width\":115,\"height\":82,\"caption\":\"MioMio Run\"},\"image\":{\"@id\":\"https:\/\/www.miomiorun.com\/de\/#\/schema\/logo\/image\/\"},\"sameAs\":[\"https:\/\/www.facebook.com\/miomiorun\/\",\"https:\/\/www.instagram.com\/miomiorun\/\"]}]}<\/script>\n<!-- \/ Yoast SEO plugin. -->","yoast_head_json":{"title":"Asics Fuji Lite 6 herren - Trailschuhe f\u00fcr Herren - MioMioRun.com","description":"ASICS FUJI LITE 6: leichter und reaktionsfreudiger Trail-Laufschuh mit FF BLAST PLUS, ASICSGRIP-Sohle und nachhaltigem Obermaterial. Grip und Kontrolle auf jedem Terrain.","robots":{"index":"index","follow":"follow","max-snippet":"max-snippet:-1","max-image-preview":"max-image-preview:large","max-video-preview":"max-video-preview:-1"},"canonical":"https:\/\/www.miomiorun.com\/de\/produkt\/fuji-lite-6-herren\/","og_locale":"de_DE","og_type":"article","og_title":"Asics Fuji Lite 6 herren - Trailschuhe f\u00fcr Herren - MioMioRun.com","og_description":"ASICS FUJI LITE 6: leichter und reaktionsfreudiger Trail-Laufschuh mit FF BLAST PLUS, ASICSGRIP-Sohle und nachhaltigem Obermaterial. Grip und Kontrolle auf jedem Terrain.","og_url":"https:\/\/www.miomiorun.com\/de\/produkt\/fuji-lite-6-herren\/","og_site_name":"MioMioRun","article_publisher":"https:\/\/www.facebook.com\/miomiorun\/","article_modified_time":"2026-04-28T06:08:57+00:00","og_image":[{"width":720,"height":720,"url":"https:\/\/www.miomiorun.com\/app\/uploads\/2025\/08\/asics-Fuji-Lite-6-red-clay-black-1011C086-600.webp","type":"image\/webp"}],"twitter_card":"summary_large_image","twitter_misc":{"Est. reading time":"3 minutes"},"schema":{"@context":"https:\/\/schema.org","@graph":[{"@type":"WebPage","@id":"https:\/\/www.miomiorun.com\/de\/produkt\/fuji-lite-6-herren\/","url":"https:\/\/www.miomiorun.com\/de\/produkt\/fuji-lite-6-herren\/","name":"Asics Fuji Lite 6 herren - Trailschuhe f\u00fcr Herren - MioMioRun.com","isPartOf":{"@id":"https:\/\/www.miomiorun.com\/de\/#website"},"primaryImageOfPage":{"@id":"https:\/\/www.miomiorun.com\/de\/produkt\/fuji-lite-6-herren\/#primaryimage"},"image":{"@id":"https:\/\/www.miomiorun.com\/de\/produkt\/fuji-lite-6-herren\/#primaryimage"},"thumbnailUrl":"https:\/\/www.miomiorun.com\/app\/uploads\/2025\/08\/asics-Fuji-Lite-6-red-clay-black-1011C086-600.webp","datePublished":"2025-08-14T08:40:52+00:00","dateModified":"2026-04-28T06:08:57+00:00","description":"ASICS FUJI LITE 6: leichter und reaktionsfreudiger Trail-Laufschuh mit FF BLAST PLUS, ASICSGRIP-Sohle und nachhaltigem Obermaterial. Grip und Kontrolle auf jedem Terrain.","breadcrumb":{"@id":"https:\/\/www.miomiorun.com\/de\/produkt\/fuji-lite-6-herren\/#breadcrumb"},"inLanguage":"de-DE","potentialAction":[{"@type":"ReadAction","target":["https:\/\/www.miomiorun.com\/de\/produkt\/fuji-lite-6-herren\/"]}]},{"@type":"ImageObject","inLanguage":"de-DE","@id":"https:\/\/www.miomiorun.com\/de\/produkt\/fuji-lite-6-herren\/#primaryimage","url":"https:\/\/www.miomiorun.com\/app\/uploads\/2025\/08\/asics-Fuji-Lite-6-red-clay-black-1011C086-600.webp","contentUrl":"https:\/\/www.miomiorun.com\/app\/uploads\/2025\/08\/asics-Fuji-Lite-6-red-clay-black-1011C086-600.webp","width":720,"height":720,"caption":"asics Fuji Lite 6 red clay black 1011C086 600"},{"@type":"BreadcrumbList","@id":"https:\/\/www.miomiorun.com\/de\/produkt\/fuji-lite-6-herren\/#breadcrumb","itemListElement":[{"@type":"ListItem","position":1,"name":"Home","item":"https:\/\/www.miomiorun.com\/de\/"},{"@type":"ListItem","position":2,"name":"Shop","item":"https:\/\/www.miomiorun.com\/shop\/"},{"@type":"ListItem","position":3,"name":"Fuji Lite 6 herren"}]},{"@type":"WebSite","@id":"https:\/\/www.miomiorun.com\/de\/#website","url":"https:\/\/www.miomiorun.com\/de\/","name":"MioMioRun","description":"100% Lauf- und Trailshop","publisher":{"@id":"https:\/\/www.miomiorun.com\/de\/#organization"},"potentialAction":[{"@type":"SearchAction","target":{"@type":"EntryPoint","urlTemplate":"https:\/\/www.miomiorun.com\/de\/?s={search_term_string}"},"query-input":{"@type":"PropertyValueSpecification","valueRequired":true,"valueName":"search_term_string"}}],"inLanguage":"de-DE"},{"@type":"Organization","@id":"https:\/\/www.miomiorun.com\/de\/#organization","name":"MioMio Run","url":"https:\/\/www.miomiorun.com\/de\/","logo":{"@type":"ImageObject","inLanguage":"de-DE","@id":"https:\/\/www.miomiorun.com\/de\/#\/schema\/logo\/image\/","url":"https:\/\/www.miomiorun.com\/app\/uploads\/2019\/12\/logomio.png","contentUrl":"https:\/\/www.miomiorun.com\/app\/uploads\/2019\/12\/logomio.png","width":115,"height":82,"caption":"MioMio Run"},"image":{"@id":"https:\/\/www.miomiorun.com\/de\/#\/schema\/logo\/image\/"},"sameAs":["https:\/\/www.facebook.com\/miomiorun\/","https:\/\/www.instagram.com\/miomiorun\/"]}]}},"_links":{"self":[{"href":"https:\/\/www.miomiorun.com\/de\/wp-json\/wp\/v2\/product\/335327","targetHints":{"allow":["GET"]}}],"collection":[{"href":"https:\/\/www.miomiorun.com\/de\/wp-json\/wp\/v2\/product"}],"about":[{"href":"https:\/\/www.miomiorun.com\/de\/wp-json\/wp\/v2\/types\/product"}],"wp:featuredmedia":[{"embeddable":true,"href":"https:\/\/www.miomiorun.com\/de\/wp-json\/wp\/v2\/media\/338321"}],"wp:attachment":[{"href":"https:\/\/www.miomiorun.com\/de\/wp-json\/wp\/v2\/media?parent=335327"}],"wp:term":[{"taxonomy":"product_brand","embeddable":true,"href":"https:\/\/www.miomiorun.com\/de\/wp-json\/wp\/v2\/product_brand?post=335327"},{"taxonomy":"product_cat","embeddable":true,"href":"https:\/\/www.miomiorun.com\/de\/wp-json\/wp\/v2\/product_cat?post=335327"},{"taxonomy":"product_tag","embeddable":true,"href":"https:\/\/www.miomiorun.com\/de\/wp-json\/wp\/v2\/product_tag?post=335327"}],"curies":[{"name":"wp","href":"https:\/\/api.w.org\/{rel}","templated":true}]}}