{"id":334747,"date":"2025-08-13T16:06:38","date_gmt":"2025-08-13T14:06:38","guid":{"rendered":"https:\/\/www.miomiorun.com\/?post_type=product&#038;p=334747"},"modified":"2026-04-18T22:41:05","modified_gmt":"2026-04-18T20:41:05","slug":"gel-kayano-32-damen","status":"publish","type":"product","link":"https:\/\/www.miomiorun.com\/de\/produkt\/gel-kayano-32-damen\/","title":{"rendered":"Gel Kayano 32 damen"},"content":{"rendered":"<table style=\"border-collapse: collapse;width: 100%\">\n<tbody>\n<tr>\n<td style=\"width: 33.3333%;vertical-align: top;text-align: center\">\n<h4>Technische Daten<\/h4>\n<p>Kategorie: Superd\u00e4mpfung<br \/>\nOffset: 8 mm<br \/>\nGewicht: 260 g<br \/>\nIdeal f\u00fcr: alle L\u00e4uferinnen, die einen stabilen Schuh mit Superd\u00e4mpfung suchen, der auf langen Strecken den n\u00f6tigen Halt bietet.<br \/>\nGewicht der L\u00e4uferin: &gt; 70 kg<br \/>\nLaufgeschwindigkeit: &gt; 5,30 min\/km<br \/>\n<a href=\"https:\/\/miomiorun.com\/guida-alle-specifiche-tecniche\/\">Leitfaden zu den technischen Daten<\/a><\/td>\n<td style=\"width: 66.6666%;vertical-align: top;text-align: center\">Der neue ASICS GEL-KAYANO 32 ist der absolute Ma\u00dfstab f\u00fcr alle, die Stabilit\u00e4t, Komfort und Schutz auf langen Strecken suchen. Er ist der fortschrittlichste Schuh, den ASICS jemals in Sachen Halt entwickelt hat, und wurde konzipiert, um dich weiter und l\u00e4nger zu begleiten, ohne dabei den Komfort zu beeintr\u00e4chtigen. Das Herzst\u00fcck dieses Modells ist die <strong data-start=\"532\" data-end=\"554\">4D GUIDANCE SYSTEM<\/strong> Technologie, ein adaptives Stabilit\u00e4tssystem, das aus vier verschiedenen Elementen besteht, die zusammenwirken, um den Fu\u00df in jeder Phase des Laufs zu st\u00fctzen. Diese Innovation kommt genau dann zum Einsatz, wenn der K\u00f6rper am meisten Kontrolle ben\u00f6tigt, und sorgt f\u00fcr einen fl\u00fcssigen und sicheren Lauf, auch wenn die Erm\u00fcdung zunimmt. F\u00fcr den Komfort kombiniert der GEL-KAYANO 32 das <strong data-start=\"926\" data-end=\"937\">PureGEL<\/strong>-System, das St\u00f6\u00dfe absorbiert und die Belastung der Gelenke reduziert, mit dem weichen und reaktionsfreudigen <strong data-start=\"1015\" data-end=\"1032\">FF BLAST PLUS<\/strong>-Schaumstoff, der auch auf harten Oberfl\u00e4chen f\u00fcr ein weiches Laufgef\u00fchl und verbesserte D\u00e4mpfung sorgt. Das Ergebnis ist ein kontinuierliches Gef\u00fchl von Halt und Leichtigkeit, das dich dazu einl\u00e4dt, Schritt f\u00fcr Schritt weiterzulaufen. Das Obermaterial aus <strong data-start=\"1270\" data-end=\"1289\">verst\u00e4rktem Mesh<\/strong> sorgt f\u00fcr hervorragende Atmungsaktivit\u00e4t und h\u00e4lt deine F\u00fc\u00dfe k\u00fchl, w\u00e4hrend die <strong data-start=\"1368\" data-end=\"1394\">ASICSGRIP-Hybridsohle<\/strong> Traktion und Widerstandsf\u00e4higkeit auf verschiedenen Untergr\u00fcnden gew\u00e4hrleistet. Im Inneren verbessert die <strong data-start=\"1478\" data-end=\"1496\">OrthoLite X-55-Einlegesohle<\/strong> den Komfort und hilft bei der Feuchtigkeitsregulierung, w\u00e4hrend <strong data-start=\"1550\" data-end=\"1574\">reflektierende Details<\/strong> dich auch bei schlechten Lichtverh\u00e4ltnissen sichtbar machen. Mit den praktischen Fersenlaschen ist das An- und Ausziehen des Schuhs einfacher denn je. Der GEL-KAYANO 32 ist nicht nur ein Laufschuh, sondern ein Trainingspartner, der sich Ihrem Laufstil anpasst, Sie sch\u00fctzt und Ihnen die Sicherheit gibt, immer Ihr Bestes geben zu k\u00f6nnen.\n<\/td>\n<\/tr>\n<\/tbody>\n<\/table>\n<p>&nbsp;<\/p>\n","protected":false},"excerpt":{"rendered":"<ul>\n<li>Super ged\u00e4mpfter und stabiler Schuh.<\/li>\n<li>Idealer Schuh f\u00fcr Pronierer.<\/li>\n<li>Geeignet f\u00fcr lange Strecken.<\/li>\n<\/ul>\n","protected":false},"featured_media":338573,"template":"","meta":{"_acf_changed":false,"inline_featured_image":false},"product_brand":[],"product_cat":[6474,6490],"product_tag":[3404,6201],"class_list":{"0":"post-334747","1":"product","2":"type-product","3":"status-publish","4":"has-post-thumbnail","6":"product_cat-damenschuhe","7":"product_cat-stabilitaet","8":"product_tag-asics-de","9":"product_tag-asics-damen-de","10":"pa_attivita-gehen","11":"pa_attivita-running-de","12":"pa_colore-kayano-32-w-blue-fade-indigo-fog-de","13":"pa_colore-kayano-32-w-sky-digital-sakura","14":"pa_colore-kayano-32-w-tokyo-cream-edo-purple","15":"pa_marca-asics-de","16":"pa_sesso-damen","17":"pa_size-38-de","18":"pa_size-39-de","19":"pa_size-39-5-de","20":"pa_size-40-de","21":"pa_size-40-5-de","22":"pa_size-41-5-de","23":"pa_size-42-de","25":"first","26":"instock","27":"sale","28":"taxable","29":"shipping-taxable","30":"purchasable","31":"product-type-variable","32":"wvs-archive-product-wrapper"},"acf":[],"yoast_head":"<!-- This site is optimized with the Yoast SEO plugin v26.8 - https:\/\/yoast.com\/product\/yoast-seo-wordpress\/ -->\n<title>Asics Gel Kayano 32 damen - Laufschuhe - MioMioRun.com<\/title>\n<meta name=\"description\" content=\"ASICS GEL-KAYANO 32: Stabiler und bequemer Laufschuh mit 4D GUIDANCE SYSTEM, PureGEL und FF BLAST PLUS. Perfekt f\u00fcr lange Strecken.\" \/>\n<meta name=\"robots\" content=\"index, follow, max-snippet:-1, max-image-preview:large, max-video-preview:-1\" \/>\n<link rel=\"canonical\" href=\"https:\/\/www.miomiorun.com\/de\/produkt\/gel-kayano-32-damen\/\" \/>\n<meta property=\"og:locale\" content=\"de_DE\" \/>\n<meta property=\"og:type\" content=\"article\" \/>\n<meta property=\"og:title\" content=\"Asics Gel Kayano 32 damen - Laufschuhe - MioMioRun.com\" \/>\n<meta property=\"og:description\" content=\"ASICS GEL-KAYANO 32: Stabiler und bequemer Laufschuh mit 4D GUIDANCE SYSTEM, PureGEL und FF BLAST PLUS. Perfekt f\u00fcr lange Strecken.\" \/>\n<meta property=\"og:url\" content=\"https:\/\/www.miomiorun.com\/de\/produkt\/gel-kayano-32-damen\/\" \/>\n<meta property=\"og:site_name\" content=\"MioMioRun\" \/>\n<meta property=\"article:publisher\" content=\"https:\/\/www.facebook.com\/miomiorun\/\" \/>\n<meta property=\"article:modified_time\" content=\"2026-04-18T20:41:05+00:00\" \/>\n<meta property=\"og:image\" content=\"https:\/\/www.miomiorun.com\/app\/uploads\/2025\/08\/asics-Kayano-32-W-blue-fade-indigo-fog-1012B838-401.webp\" \/>\n\t<meta property=\"og:image:width\" content=\"720\" \/>\n\t<meta property=\"og:image:height\" content=\"720\" \/>\n\t<meta property=\"og:image:type\" content=\"image\/webp\" \/>\n<meta name=\"twitter:card\" content=\"summary_large_image\" \/>\n<meta name=\"twitter:label1\" content=\"Est. reading time\" \/>\n\t<meta name=\"twitter:data1\" content=\"3 minutes\" \/>\n<script type=\"application\/ld+json\" class=\"yoast-schema-graph\">{\"@context\":\"https:\/\/schema.org\",\"@graph\":[{\"@type\":\"WebPage\",\"@id\":\"https:\/\/www.miomiorun.com\/de\/produkt\/gel-kayano-32-damen\/\",\"url\":\"https:\/\/www.miomiorun.com\/de\/produkt\/gel-kayano-32-damen\/\",\"name\":\"Asics Gel Kayano 32 damen - Laufschuhe - MioMioRun.com\",\"isPartOf\":{\"@id\":\"https:\/\/www.miomiorun.com\/de\/#website\"},\"primaryImageOfPage\":{\"@id\":\"https:\/\/www.miomiorun.com\/de\/produkt\/gel-kayano-32-damen\/#primaryimage\"},\"image\":{\"@id\":\"https:\/\/www.miomiorun.com\/de\/produkt\/gel-kayano-32-damen\/#primaryimage\"},\"thumbnailUrl\":\"https:\/\/www.miomiorun.com\/app\/uploads\/2025\/08\/asics-Kayano-32-W-blue-fade-indigo-fog-1012B838-401.webp\",\"datePublished\":\"2025-08-13T14:06:38+00:00\",\"dateModified\":\"2026-04-18T20:41:05+00:00\",\"description\":\"ASICS GEL-KAYANO 32: Stabiler und bequemer Laufschuh mit 4D GUIDANCE SYSTEM, PureGEL und FF BLAST PLUS. Perfekt f\u00fcr lange Strecken.\",\"breadcrumb\":{\"@id\":\"https:\/\/www.miomiorun.com\/de\/produkt\/gel-kayano-32-damen\/#breadcrumb\"},\"inLanguage\":\"de-DE\",\"potentialAction\":[{\"@type\":\"ReadAction\",\"target\":[\"https:\/\/www.miomiorun.com\/de\/produkt\/gel-kayano-32-damen\/\"]}]},{\"@type\":\"ImageObject\",\"inLanguage\":\"de-DE\",\"@id\":\"https:\/\/www.miomiorun.com\/de\/produkt\/gel-kayano-32-damen\/#primaryimage\",\"url\":\"https:\/\/www.miomiorun.com\/app\/uploads\/2025\/08\/asics-Kayano-32-W-blue-fade-indigo-fog-1012B838-401.webp\",\"contentUrl\":\"https:\/\/www.miomiorun.com\/app\/uploads\/2025\/08\/asics-Kayano-32-W-blue-fade-indigo-fog-1012B838-401.webp\",\"width\":720,\"height\":720,\"caption\":\"asics Kayano 32 W blue fade indigo fog 1012B838 401\"},{\"@type\":\"BreadcrumbList\",\"@id\":\"https:\/\/www.miomiorun.com\/de\/produkt\/gel-kayano-32-damen\/#breadcrumb\",\"itemListElement\":[{\"@type\":\"ListItem\",\"position\":1,\"name\":\"Home\",\"item\":\"https:\/\/www.miomiorun.com\/de\/\"},{\"@type\":\"ListItem\",\"position\":2,\"name\":\"Shop\",\"item\":\"https:\/\/www.miomiorun.com\/shop\/\"},{\"@type\":\"ListItem\",\"position\":3,\"name\":\"Gel Kayano 32 damen\"}]},{\"@type\":\"WebSite\",\"@id\":\"https:\/\/www.miomiorun.com\/de\/#website\",\"url\":\"https:\/\/www.miomiorun.com\/de\/\",\"name\":\"MioMioRun\",\"description\":\"100% Lauf- und Trailshop\",\"publisher\":{\"@id\":\"https:\/\/www.miomiorun.com\/de\/#organization\"},\"potentialAction\":[{\"@type\":\"SearchAction\",\"target\":{\"@type\":\"EntryPoint\",\"urlTemplate\":\"https:\/\/www.miomiorun.com\/de\/?s={search_term_string}\"},\"query-input\":{\"@type\":\"PropertyValueSpecification\",\"valueRequired\":true,\"valueName\":\"search_term_string\"}}],\"inLanguage\":\"de-DE\"},{\"@type\":\"Organization\",\"@id\":\"https:\/\/www.miomiorun.com\/de\/#organization\",\"name\":\"MioMio Run\",\"url\":\"https:\/\/www.miomiorun.com\/de\/\",\"logo\":{\"@type\":\"ImageObject\",\"inLanguage\":\"de-DE\",\"@id\":\"https:\/\/www.miomiorun.com\/de\/#\/schema\/logo\/image\/\",\"url\":\"https:\/\/www.miomiorun.com\/app\/uploads\/2019\/12\/logomio.png\",\"contentUrl\":\"https:\/\/www.miomiorun.com\/app\/uploads\/2019\/12\/logomio.png\",\"width\":115,\"height\":82,\"caption\":\"MioMio Run\"},\"image\":{\"@id\":\"https:\/\/www.miomiorun.com\/de\/#\/schema\/logo\/image\/\"},\"sameAs\":[\"https:\/\/www.facebook.com\/miomiorun\/\",\"https:\/\/www.instagram.com\/miomiorun\/\"]}]}<\/script>\n<!-- \/ Yoast SEO plugin. -->","yoast_head_json":{"title":"Asics Gel Kayano 32 damen - Laufschuhe - MioMioRun.com","description":"ASICS GEL-KAYANO 32: Stabiler und bequemer Laufschuh mit 4D GUIDANCE SYSTEM, PureGEL und FF BLAST PLUS. Perfekt f\u00fcr lange Strecken.","robots":{"index":"index","follow":"follow","max-snippet":"max-snippet:-1","max-image-preview":"max-image-preview:large","max-video-preview":"max-video-preview:-1"},"canonical":"https:\/\/www.miomiorun.com\/de\/produkt\/gel-kayano-32-damen\/","og_locale":"de_DE","og_type":"article","og_title":"Asics Gel Kayano 32 damen - Laufschuhe - MioMioRun.com","og_description":"ASICS GEL-KAYANO 32: Stabiler und bequemer Laufschuh mit 4D GUIDANCE SYSTEM, PureGEL und FF BLAST PLUS. Perfekt f\u00fcr lange Strecken.","og_url":"https:\/\/www.miomiorun.com\/de\/produkt\/gel-kayano-32-damen\/","og_site_name":"MioMioRun","article_publisher":"https:\/\/www.facebook.com\/miomiorun\/","article_modified_time":"2026-04-18T20:41:05+00:00","og_image":[{"width":720,"height":720,"url":"https:\/\/www.miomiorun.com\/app\/uploads\/2025\/08\/asics-Kayano-32-W-blue-fade-indigo-fog-1012B838-401.webp","type":"image\/webp"}],"twitter_card":"summary_large_image","twitter_misc":{"Est. reading time":"3 minutes"},"schema":{"@context":"https:\/\/schema.org","@graph":[{"@type":"WebPage","@id":"https:\/\/www.miomiorun.com\/de\/produkt\/gel-kayano-32-damen\/","url":"https:\/\/www.miomiorun.com\/de\/produkt\/gel-kayano-32-damen\/","name":"Asics Gel Kayano 32 damen - Laufschuhe - MioMioRun.com","isPartOf":{"@id":"https:\/\/www.miomiorun.com\/de\/#website"},"primaryImageOfPage":{"@id":"https:\/\/www.miomiorun.com\/de\/produkt\/gel-kayano-32-damen\/#primaryimage"},"image":{"@id":"https:\/\/www.miomiorun.com\/de\/produkt\/gel-kayano-32-damen\/#primaryimage"},"thumbnailUrl":"https:\/\/www.miomiorun.com\/app\/uploads\/2025\/08\/asics-Kayano-32-W-blue-fade-indigo-fog-1012B838-401.webp","datePublished":"2025-08-13T14:06:38+00:00","dateModified":"2026-04-18T20:41:05+00:00","description":"ASICS GEL-KAYANO 32: Stabiler und bequemer Laufschuh mit 4D GUIDANCE SYSTEM, PureGEL und FF BLAST PLUS. Perfekt f\u00fcr lange Strecken.","breadcrumb":{"@id":"https:\/\/www.miomiorun.com\/de\/produkt\/gel-kayano-32-damen\/#breadcrumb"},"inLanguage":"de-DE","potentialAction":[{"@type":"ReadAction","target":["https:\/\/www.miomiorun.com\/de\/produkt\/gel-kayano-32-damen\/"]}]},{"@type":"ImageObject","inLanguage":"de-DE","@id":"https:\/\/www.miomiorun.com\/de\/produkt\/gel-kayano-32-damen\/#primaryimage","url":"https:\/\/www.miomiorun.com\/app\/uploads\/2025\/08\/asics-Kayano-32-W-blue-fade-indigo-fog-1012B838-401.webp","contentUrl":"https:\/\/www.miomiorun.com\/app\/uploads\/2025\/08\/asics-Kayano-32-W-blue-fade-indigo-fog-1012B838-401.webp","width":720,"height":720,"caption":"asics Kayano 32 W blue fade indigo fog 1012B838 401"},{"@type":"BreadcrumbList","@id":"https:\/\/www.miomiorun.com\/de\/produkt\/gel-kayano-32-damen\/#breadcrumb","itemListElement":[{"@type":"ListItem","position":1,"name":"Home","item":"https:\/\/www.miomiorun.com\/de\/"},{"@type":"ListItem","position":2,"name":"Shop","item":"https:\/\/www.miomiorun.com\/shop\/"},{"@type":"ListItem","position":3,"name":"Gel Kayano 32 damen"}]},{"@type":"WebSite","@id":"https:\/\/www.miomiorun.com\/de\/#website","url":"https:\/\/www.miomiorun.com\/de\/","name":"MioMioRun","description":"100% Lauf- und Trailshop","publisher":{"@id":"https:\/\/www.miomiorun.com\/de\/#organization"},"potentialAction":[{"@type":"SearchAction","target":{"@type":"EntryPoint","urlTemplate":"https:\/\/www.miomiorun.com\/de\/?s={search_term_string}"},"query-input":{"@type":"PropertyValueSpecification","valueRequired":true,"valueName":"search_term_string"}}],"inLanguage":"de-DE"},{"@type":"Organization","@id":"https:\/\/www.miomiorun.com\/de\/#organization","name":"MioMio Run","url":"https:\/\/www.miomiorun.com\/de\/","logo":{"@type":"ImageObject","inLanguage":"de-DE","@id":"https:\/\/www.miomiorun.com\/de\/#\/schema\/logo\/image\/","url":"https:\/\/www.miomiorun.com\/app\/uploads\/2019\/12\/logomio.png","contentUrl":"https:\/\/www.miomiorun.com\/app\/uploads\/2019\/12\/logomio.png","width":115,"height":82,"caption":"MioMio Run"},"image":{"@id":"https:\/\/www.miomiorun.com\/de\/#\/schema\/logo\/image\/"},"sameAs":["https:\/\/www.facebook.com\/miomiorun\/","https:\/\/www.instagram.com\/miomiorun\/"]}]}},"_links":{"self":[{"href":"https:\/\/www.miomiorun.com\/de\/wp-json\/wp\/v2\/product\/334747","targetHints":{"allow":["GET"]}}],"collection":[{"href":"https:\/\/www.miomiorun.com\/de\/wp-json\/wp\/v2\/product"}],"about":[{"href":"https:\/\/www.miomiorun.com\/de\/wp-json\/wp\/v2\/types\/product"}],"wp:featuredmedia":[{"embeddable":true,"href":"https:\/\/www.miomiorun.com\/de\/wp-json\/wp\/v2\/media\/338573"}],"wp:attachment":[{"href":"https:\/\/www.miomiorun.com\/de\/wp-json\/wp\/v2\/media?parent=334747"}],"wp:term":[{"taxonomy":"product_brand","embeddable":true,"href":"https:\/\/www.miomiorun.com\/de\/wp-json\/wp\/v2\/product_brand?post=334747"},{"taxonomy":"product_cat","embeddable":true,"href":"https:\/\/www.miomiorun.com\/de\/wp-json\/wp\/v2\/product_cat?post=334747"},{"taxonomy":"product_tag","embeddable":true,"href":"https:\/\/www.miomiorun.com\/de\/wp-json\/wp\/v2\/product_tag?post=334747"}],"curies":[{"name":"wp","href":"https:\/\/api.w.org\/{rel}","templated":true}]}}