{"id":334388,"date":"2025-08-13T12:09:24","date_gmt":"2025-08-13T10:09:24","guid":{"rendered":"https:\/\/www.miomiorun.com\/?post_type=product&#038;p=334388"},"modified":"2025-11-06T10:37:09","modified_gmt":"2025-11-06T09:37:09","slug":"metaspeed-sky-tokyo","status":"publish","type":"product","link":"https:\/\/www.miomiorun.com\/de\/produkt\/metaspeed-sky-tokyo\/","title":{"rendered":"Metaspeed Sky Tokyo"},"content":{"rendered":"<div class=\"vc-row container\"><div class=\"vc-column\"><div class=\"vc-column-text\"><\/p>\n<h4>Technische Daten<\/h4>\n<p>Kategorie: Maximale D\u00e4mpfung<br \/>\nOffset: 5 mm<br \/>\nGewicht: 170 g<\/p>\n<p>Ideal f\u00fcr: Fortgeschrittene L\u00e4ufer, die sowohl Leistung als auch Laufkomfort suchen, um gute Ergebnisse im Wettkampf oder beim Training zu erzielen.<br \/>\nGewicht des Athleten: 55-75 kg<br \/>\nLaufgeschwindigkeit: schnell (&gt;4,30 min\/km)<br \/>\n<a href=\"https:\/\/miomiorun.com\/guida-alle-specifiche-tecniche\/\">Leitfaden zu den technischen Daten<\/a><\/p>\n<p><\/div><\/div><div class=\"vc-column\"><div class=\"vc-column-text\"><\/p>\n<p>Wenn es Ihr Ziel ist, schneller und l\u00e4nger zu laufen, ist der ASICS METASPEED SKY TOKYO der richtige Schuh, um Ihre Grenzen zu \u00fcberschreiten. Er wurde f\u00fcr L\u00e4ufer entwickelt, die alles auf ihren Schritt setzen, und hilft Ihnen, Ihre Geschwindigkeit zu steigern, indem er Ihren Schritt verl\u00e4ngert und bei jedem Aufsetzen Energie spart. Das Geheimnis liegt in der neuen Kombination von D\u00e4mpfungstechnologien. In der unteren Schicht der Zwischensohle sorgt der <strong data-start=\"572\" data-end=\"591\">FF LEAP-Schaumstoff<\/strong> f\u00fcr extreme Leichtigkeit, Elastizit\u00e4t und eine \u00fcberragende Energier\u00fcckgabe. Dar\u00fcber sorgt der <strong data-start=\"682\" data-end=\"699\">FF TURBO PLUS<\/strong> f\u00fcr eine noch reaktionsfreudigere und stabilere D\u00e4mpfung beim Aufsetzen und verwandelt jeden Schritt in einen explosiven Schub in Richtung Ziellinie. Im Vergleich zum METASPEED EDGE TOKYO hat dieses Modell eine h\u00f6her positionierte Platte und mehr Schaumstoff in der Zehenkappe, eine Designentscheidung, die die Energier\u00fcckgabe erh\u00f6ht und es dir erm\u00f6glicht, auch nach 30 km einen langen und kraftvollen Schritt beizubehalten. Das leichte, aber verst\u00e4rkte Obermaterial aus <strong data-start=\"1117\" data-end=\"1136\">MOTION WRAP 3.0<\/strong> h\u00e4lt den Fu\u00df stabil, w\u00e4hrend die <strong data-start=\"1202\" data-end=\"1215\">ASICSGRIP<\/strong>-Sohle f\u00fcr verbesserten Grip auf unterschiedlichem Terrain sorgt, sodass du dich ganz auf deine Leistung konzentrieren kannst. Mit dem METASPEED SKY TOKYO an den F\u00fc\u00dfen ist jeder Schritt darauf ausgelegt, dich schneller, l\u00e4nger und mit weniger Anstrengung laufen zu lassen. Es ist der ideale Schuh f\u00fcr alle, die sich nicht mit der Teilnahme zufrieden geben, sondern die Herausforderung gegen die Stoppuhr gewinnen wollen.<\/p>\n<p><\/div><\/div><\/div>\n","protected":false},"excerpt":{"rendered":"<ul>\n<li>Hohe D\u00e4mpfung<\/li>\n<li>Ideal f\u00fcr dein Training und deine Wettk\u00e4mpfe<\/li>\n<li>Maximaler Komfort<\/li>\n<\/ul>\n","protected":false},"featured_media":338129,"template":"","meta":{"_acf_changed":false,"inline_featured_image":false},"product_brand":[],"product_cat":[6507,6506,6474,6475],"product_tag":[3404,6201,6202],"class_list":{"0":"post-334388","1":"product","2":"type-product","3":"status-publish","4":"has-post-thumbnail","6":"product_cat-herren-schuhe-de","7":"product_cat-neutrale-herren-schuhe-de","8":"product_cat-damenschuhe","9":"product_cat-neutral","10":"product_tag-asics-de","11":"product_tag-asics-damen-de","12":"product_tag-asics-herren-de","13":"pa_attivita-running-de","14":"pa_colore-metaspeed-sky-tokyo-flash-red-black-de","15":"pa_colore-metaspeed-sky-tokyo-green-gecko-black-de","16":"pa_marca-asics-de","17":"pa_sesso-damen","18":"pa_sesso-herren","19":"pa_size-41-5-de","20":"pa_size-42-de","21":"pa_size-44-5-de","23":"first","24":"instock","25":"sale","26":"taxable","27":"shipping-taxable","28":"purchasable","29":"product-type-variable","30":"wvs-archive-product-wrapper"},"acf":[],"yoast_head":"<!-- This site is optimized with the Yoast SEO plugin v26.8 - https:\/\/yoast.com\/product\/yoast-seo-wordpress\/ -->\n<title>Asics Metaspeed Sky Tokyo - Laufschuhe - MioMioRun.com<\/title>\n<meta name=\"description\" content=\"ASICS METASPEED SKY TOKYO: Wettkampfschuh f\u00fcr L\u00e4ufer mit gro\u00dfem Schritt. FF LEAP und FF TURBO PLUS f\u00fcr mehr Energier\u00fcckgabe und Geschwindigkeit.\" \/>\n<meta name=\"robots\" content=\"index, follow, max-snippet:-1, max-image-preview:large, max-video-preview:-1\" \/>\n<link rel=\"canonical\" href=\"https:\/\/www.miomiorun.com\/de\/produkt\/metaspeed-sky-tokyo\/\" \/>\n<meta property=\"og:locale\" content=\"de_DE\" \/>\n<meta property=\"og:type\" content=\"article\" \/>\n<meta property=\"og:title\" content=\"Asics Metaspeed Sky Tokyo - Laufschuhe - MioMioRun.com\" \/>\n<meta property=\"og:description\" content=\"ASICS METASPEED SKY TOKYO: Wettkampfschuh f\u00fcr L\u00e4ufer mit gro\u00dfem Schritt. FF LEAP und FF TURBO PLUS f\u00fcr mehr Energier\u00fcckgabe und Geschwindigkeit.\" \/>\n<meta property=\"og:url\" content=\"https:\/\/www.miomiorun.com\/de\/produkt\/metaspeed-sky-tokyo\/\" \/>\n<meta property=\"og:site_name\" content=\"MioMioRun\" \/>\n<meta property=\"article:publisher\" content=\"https:\/\/www.facebook.com\/miomiorun\/\" \/>\n<meta property=\"article:modified_time\" content=\"2025-11-06T09:37:09+00:00\" \/>\n<meta property=\"og:image\" content=\"https:\/\/www.miomiorun.com\/app\/uploads\/2025\/08\/asics-Metaspeed-sky-tokyo-flash-red-black-1013A162-600.webp\" \/>\n\t<meta property=\"og:image:width\" content=\"720\" \/>\n\t<meta property=\"og:image:height\" content=\"720\" \/>\n\t<meta property=\"og:image:type\" content=\"image\/webp\" \/>\n<meta name=\"twitter:card\" content=\"summary_large_image\" \/>\n<meta name=\"twitter:label1\" content=\"Est. reading time\" \/>\n\t<meta name=\"twitter:data1\" content=\"2 minutes\" \/>\n<script type=\"application\/ld+json\" class=\"yoast-schema-graph\">{\"@context\":\"https:\/\/schema.org\",\"@graph\":[{\"@type\":\"WebPage\",\"@id\":\"https:\/\/www.miomiorun.com\/de\/produkt\/metaspeed-sky-tokyo\/\",\"url\":\"https:\/\/www.miomiorun.com\/de\/produkt\/metaspeed-sky-tokyo\/\",\"name\":\"Asics Metaspeed Sky Tokyo - Laufschuhe - MioMioRun.com\",\"isPartOf\":{\"@id\":\"https:\/\/www.miomiorun.com\/de\/#website\"},\"primaryImageOfPage\":{\"@id\":\"https:\/\/www.miomiorun.com\/de\/produkt\/metaspeed-sky-tokyo\/#primaryimage\"},\"image\":{\"@id\":\"https:\/\/www.miomiorun.com\/de\/produkt\/metaspeed-sky-tokyo\/#primaryimage\"},\"thumbnailUrl\":\"https:\/\/www.miomiorun.com\/app\/uploads\/2025\/08\/asics-Metaspeed-sky-tokyo-flash-red-black-1013A162-600.webp\",\"datePublished\":\"2025-08-13T10:09:24+00:00\",\"dateModified\":\"2025-11-06T09:37:09+00:00\",\"description\":\"ASICS METASPEED SKY TOKYO: Wettkampfschuh f\u00fcr L\u00e4ufer mit gro\u00dfem Schritt. FF LEAP und FF TURBO PLUS f\u00fcr mehr Energier\u00fcckgabe und Geschwindigkeit.\",\"breadcrumb\":{\"@id\":\"https:\/\/www.miomiorun.com\/de\/produkt\/metaspeed-sky-tokyo\/#breadcrumb\"},\"inLanguage\":\"de-DE\",\"potentialAction\":[{\"@type\":\"ReadAction\",\"target\":[\"https:\/\/www.miomiorun.com\/de\/produkt\/metaspeed-sky-tokyo\/\"]}]},{\"@type\":\"ImageObject\",\"inLanguage\":\"de-DE\",\"@id\":\"https:\/\/www.miomiorun.com\/de\/produkt\/metaspeed-sky-tokyo\/#primaryimage\",\"url\":\"https:\/\/www.miomiorun.com\/app\/uploads\/2025\/08\/asics-Metaspeed-sky-tokyo-flash-red-black-1013A162-600.webp\",\"contentUrl\":\"https:\/\/www.miomiorun.com\/app\/uploads\/2025\/08\/asics-Metaspeed-sky-tokyo-flash-red-black-1013A162-600.webp\",\"width\":720,\"height\":720,\"caption\":\"asics Metaspeed sky tokyo flash red black 1013A162 600\"},{\"@type\":\"BreadcrumbList\",\"@id\":\"https:\/\/www.miomiorun.com\/de\/produkt\/metaspeed-sky-tokyo\/#breadcrumb\",\"itemListElement\":[{\"@type\":\"ListItem\",\"position\":1,\"name\":\"Home\",\"item\":\"https:\/\/www.miomiorun.com\/de\/\"},{\"@type\":\"ListItem\",\"position\":2,\"name\":\"Shop\",\"item\":\"https:\/\/www.miomiorun.com\/shop\/\"},{\"@type\":\"ListItem\",\"position\":3,\"name\":\"Metaspeed Sky Tokyo\"}]},{\"@type\":\"WebSite\",\"@id\":\"https:\/\/www.miomiorun.com\/de\/#website\",\"url\":\"https:\/\/www.miomiorun.com\/de\/\",\"name\":\"MioMioRun\",\"description\":\"100% Lauf- und Trailshop\",\"publisher\":{\"@id\":\"https:\/\/www.miomiorun.com\/de\/#organization\"},\"potentialAction\":[{\"@type\":\"SearchAction\",\"target\":{\"@type\":\"EntryPoint\",\"urlTemplate\":\"https:\/\/www.miomiorun.com\/de\/?s={search_term_string}\"},\"query-input\":{\"@type\":\"PropertyValueSpecification\",\"valueRequired\":true,\"valueName\":\"search_term_string\"}}],\"inLanguage\":\"de-DE\"},{\"@type\":\"Organization\",\"@id\":\"https:\/\/www.miomiorun.com\/de\/#organization\",\"name\":\"MioMio Run\",\"url\":\"https:\/\/www.miomiorun.com\/de\/\",\"logo\":{\"@type\":\"ImageObject\",\"inLanguage\":\"de-DE\",\"@id\":\"https:\/\/www.miomiorun.com\/de\/#\/schema\/logo\/image\/\",\"url\":\"https:\/\/www.miomiorun.com\/app\/uploads\/2019\/12\/logomio.png\",\"contentUrl\":\"https:\/\/www.miomiorun.com\/app\/uploads\/2019\/12\/logomio.png\",\"width\":115,\"height\":82,\"caption\":\"MioMio Run\"},\"image\":{\"@id\":\"https:\/\/www.miomiorun.com\/de\/#\/schema\/logo\/image\/\"},\"sameAs\":[\"https:\/\/www.facebook.com\/miomiorun\/\",\"https:\/\/www.instagram.com\/miomiorun\/\"]}]}<\/script>\n<!-- \/ Yoast SEO plugin. -->","yoast_head_json":{"title":"Asics Metaspeed Sky Tokyo - Laufschuhe - MioMioRun.com","description":"ASICS METASPEED SKY TOKYO: Wettkampfschuh f\u00fcr L\u00e4ufer mit gro\u00dfem Schritt. FF LEAP und FF TURBO PLUS f\u00fcr mehr Energier\u00fcckgabe und Geschwindigkeit.","robots":{"index":"index","follow":"follow","max-snippet":"max-snippet:-1","max-image-preview":"max-image-preview:large","max-video-preview":"max-video-preview:-1"},"canonical":"https:\/\/www.miomiorun.com\/de\/produkt\/metaspeed-sky-tokyo\/","og_locale":"de_DE","og_type":"article","og_title":"Asics Metaspeed Sky Tokyo - Laufschuhe - MioMioRun.com","og_description":"ASICS METASPEED SKY TOKYO: Wettkampfschuh f\u00fcr L\u00e4ufer mit gro\u00dfem Schritt. FF LEAP und FF TURBO PLUS f\u00fcr mehr Energier\u00fcckgabe und Geschwindigkeit.","og_url":"https:\/\/www.miomiorun.com\/de\/produkt\/metaspeed-sky-tokyo\/","og_site_name":"MioMioRun","article_publisher":"https:\/\/www.facebook.com\/miomiorun\/","article_modified_time":"2025-11-06T09:37:09+00:00","og_image":[{"width":720,"height":720,"url":"https:\/\/www.miomiorun.com\/app\/uploads\/2025\/08\/asics-Metaspeed-sky-tokyo-flash-red-black-1013A162-600.webp","type":"image\/webp"}],"twitter_card":"summary_large_image","twitter_misc":{"Est. reading time":"2 minutes"},"schema":{"@context":"https:\/\/schema.org","@graph":[{"@type":"WebPage","@id":"https:\/\/www.miomiorun.com\/de\/produkt\/metaspeed-sky-tokyo\/","url":"https:\/\/www.miomiorun.com\/de\/produkt\/metaspeed-sky-tokyo\/","name":"Asics Metaspeed Sky Tokyo - Laufschuhe - MioMioRun.com","isPartOf":{"@id":"https:\/\/www.miomiorun.com\/de\/#website"},"primaryImageOfPage":{"@id":"https:\/\/www.miomiorun.com\/de\/produkt\/metaspeed-sky-tokyo\/#primaryimage"},"image":{"@id":"https:\/\/www.miomiorun.com\/de\/produkt\/metaspeed-sky-tokyo\/#primaryimage"},"thumbnailUrl":"https:\/\/www.miomiorun.com\/app\/uploads\/2025\/08\/asics-Metaspeed-sky-tokyo-flash-red-black-1013A162-600.webp","datePublished":"2025-08-13T10:09:24+00:00","dateModified":"2025-11-06T09:37:09+00:00","description":"ASICS METASPEED SKY TOKYO: Wettkampfschuh f\u00fcr L\u00e4ufer mit gro\u00dfem Schritt. FF LEAP und FF TURBO PLUS f\u00fcr mehr Energier\u00fcckgabe und Geschwindigkeit.","breadcrumb":{"@id":"https:\/\/www.miomiorun.com\/de\/produkt\/metaspeed-sky-tokyo\/#breadcrumb"},"inLanguage":"de-DE","potentialAction":[{"@type":"ReadAction","target":["https:\/\/www.miomiorun.com\/de\/produkt\/metaspeed-sky-tokyo\/"]}]},{"@type":"ImageObject","inLanguage":"de-DE","@id":"https:\/\/www.miomiorun.com\/de\/produkt\/metaspeed-sky-tokyo\/#primaryimage","url":"https:\/\/www.miomiorun.com\/app\/uploads\/2025\/08\/asics-Metaspeed-sky-tokyo-flash-red-black-1013A162-600.webp","contentUrl":"https:\/\/www.miomiorun.com\/app\/uploads\/2025\/08\/asics-Metaspeed-sky-tokyo-flash-red-black-1013A162-600.webp","width":720,"height":720,"caption":"asics Metaspeed sky tokyo flash red black 1013A162 600"},{"@type":"BreadcrumbList","@id":"https:\/\/www.miomiorun.com\/de\/produkt\/metaspeed-sky-tokyo\/#breadcrumb","itemListElement":[{"@type":"ListItem","position":1,"name":"Home","item":"https:\/\/www.miomiorun.com\/de\/"},{"@type":"ListItem","position":2,"name":"Shop","item":"https:\/\/www.miomiorun.com\/shop\/"},{"@type":"ListItem","position":3,"name":"Metaspeed Sky Tokyo"}]},{"@type":"WebSite","@id":"https:\/\/www.miomiorun.com\/de\/#website","url":"https:\/\/www.miomiorun.com\/de\/","name":"MioMioRun","description":"100% Lauf- und Trailshop","publisher":{"@id":"https:\/\/www.miomiorun.com\/de\/#organization"},"potentialAction":[{"@type":"SearchAction","target":{"@type":"EntryPoint","urlTemplate":"https:\/\/www.miomiorun.com\/de\/?s={search_term_string}"},"query-input":{"@type":"PropertyValueSpecification","valueRequired":true,"valueName":"search_term_string"}}],"inLanguage":"de-DE"},{"@type":"Organization","@id":"https:\/\/www.miomiorun.com\/de\/#organization","name":"MioMio Run","url":"https:\/\/www.miomiorun.com\/de\/","logo":{"@type":"ImageObject","inLanguage":"de-DE","@id":"https:\/\/www.miomiorun.com\/de\/#\/schema\/logo\/image\/","url":"https:\/\/www.miomiorun.com\/app\/uploads\/2019\/12\/logomio.png","contentUrl":"https:\/\/www.miomiorun.com\/app\/uploads\/2019\/12\/logomio.png","width":115,"height":82,"caption":"MioMio Run"},"image":{"@id":"https:\/\/www.miomiorun.com\/de\/#\/schema\/logo\/image\/"},"sameAs":["https:\/\/www.facebook.com\/miomiorun\/","https:\/\/www.instagram.com\/miomiorun\/"]}]}},"_links":{"self":[{"href":"https:\/\/www.miomiorun.com\/de\/wp-json\/wp\/v2\/product\/334388","targetHints":{"allow":["GET"]}}],"collection":[{"href":"https:\/\/www.miomiorun.com\/de\/wp-json\/wp\/v2\/product"}],"about":[{"href":"https:\/\/www.miomiorun.com\/de\/wp-json\/wp\/v2\/types\/product"}],"wp:featuredmedia":[{"embeddable":true,"href":"https:\/\/www.miomiorun.com\/de\/wp-json\/wp\/v2\/media\/338129"}],"wp:attachment":[{"href":"https:\/\/www.miomiorun.com\/de\/wp-json\/wp\/v2\/media?parent=334388"}],"wp:term":[{"taxonomy":"product_brand","embeddable":true,"href":"https:\/\/www.miomiorun.com\/de\/wp-json\/wp\/v2\/product_brand?post=334388"},{"taxonomy":"product_cat","embeddable":true,"href":"https:\/\/www.miomiorun.com\/de\/wp-json\/wp\/v2\/product_cat?post=334388"},{"taxonomy":"product_tag","embeddable":true,"href":"https:\/\/www.miomiorun.com\/de\/wp-json\/wp\/v2\/product_tag?post=334388"}],"curies":[{"name":"wp","href":"https:\/\/api.w.org\/{rel}","templated":true}]}}