{"id":334016,"date":"2025-08-13T09:41:49","date_gmt":"2025-08-13T07:41:49","guid":{"rendered":"https:\/\/www.miomiorun.com\/?post_type=product&#038;p=334016"},"modified":"2026-05-09T09:58:41","modified_gmt":"2026-05-09T07:58:41","slug":"adistar-4-herren","status":"publish","type":"product","link":"https:\/\/www.miomiorun.com\/de\/produkt\/adistar-4-herren\/","title":{"rendered":"Adistar 4 herren"},"content":{"rendered":"<table style=\"border-collapse: collapse;width: 100%\">\n<tbody>\n<tr>\n<td style=\"width: 33.3333%;vertical-align: top;text-align: center\">\n<h4>Technische Daten<\/h4>\n<p>Kategorie: Super-D\u00e4mpfung<br \/>\nOffset: 5 mm (Ferse: 40 mm\/Vorderfu\u00df: 35 mm)<br \/>\nGewicht: 265 g (Gr\u00f6\u00dfe 42 2\/3)<br \/>\nIdeal f\u00fcr: L\u00e4ufer, die ein leichtes, vielseitiges und schnelles Modell suchen, das Reaktionsf\u00e4higkeit mit Laufkomfort und weichem Auftreten kombiniert, f\u00fcr Mittel- und Langstreckenl\u00e4ufe sowie Spazierg\u00e4nge.<br \/>\nGewicht des Sportlers: &gt;50 kg<br \/>\nLaufgeschwindigkeit: &gt; 4,30 min\/km<br \/>\n<a href=\"https:\/\/miomiorun.com\/guida-alle-specifiche-tecniche\/\">Leitfaden zu den technischen Daten<\/a><\/td>\n<td style=\"width: 66.6666%;vertical-align: top;text-align: center\">\n<h3 data-start=\"194\" data-end=\"273\"><strong data-start=\"198\" data-end=\"273\">D\u00e4mpfung und Komfort f\u00fcr deine langen L\u00e4ufe<\/strong><\/h3>\n<p data-start=\"275\" data-end=\"648\">Bew\u00e4ltige jeden Kilometer mit einem Schuh, der f\u00fcr lange Distanzen ausgelegt ist. Der <strong data-start=\"358\" data-end=\"387\">adidas Adistar 4 f\u00fcr Herren<\/strong> wurde f\u00fcr lange und konstante Trainingseinheiten entwickelt, bei denen Komfort, Stabilit\u00e4t und D\u00e4mpfung entscheidend sind. Die <strong data-start=\"507\" data-end=\"520\">REPETITOR<\/strong>-Zwischensohle bietet gro\u00dfz\u00fcgige und reaktionsfreudige D\u00e4mpfung und hilft dir, auch nach vielen Kilometern einen fl\u00fcssigen und nat\u00fcrlichen Laufstil beizubehalten.<\/p>\n<p data-start=\"650\" data-end=\"1066\">Das geschwungene Design der Zwischensohle f\u00fchrt den Fu\u00df von der Ferse bis zur Spitze f\u00fcr einen harmonischen \u00dcbergang, w\u00e4hrend die Struktur des Schuhs f\u00fcr einen sicheren Sitz sorgt: <strong data-start=\"815\" data-end=\"830\">breite Zehenkappe<\/strong>, <strong data-start=\"832\" data-end=\"861\">adaptive Innenst\u00fctze<\/strong> und <strong data-start=\"864\" data-end=\"886\">umschlie\u00dfende Ferse<\/strong> sorgen gemeinsam f\u00fcr eine stabile und bequeme Passform. Mit einer strapazierf\u00e4higen Gummisohle und einem geringen Gewicht ist der Adistar 4 bereit, dich auf deinen l\u00e4ngsten L\u00e4ufen zu begleiten.<\/p>\n<p data-start=\"1068\" data-end=\"1198\">Egal, ob du dich auf einen Halbmarathon vorbereitest oder einfach gerne lange l\u00e4ufst, dieser Schuh hilft dir dabei, dies mit maximalem Komfort zu tun.\n<\/p>\n<\/p>\n<\/td>\n<\/tr>\n<\/tbody>\n<\/table>\n<p>&nbsp;<\/p>\n","protected":false},"excerpt":{"rendered":"<ul>\n<li data-start=\"1765\" data-end=\"1838\">\n<p data-start=\"1767\" data-end=\"1838\">Breite Spitze und anpassungsf\u00e4higes Innenfutter<\/p>\n<\/li>\n<li data-start=\"1765\" data-end=\"1838\">\n<p data-start=\"1767\" data-end=\"1838\">Mehrschichtige Struktur an der Ferse<\/p>\n<\/li>\n<li data-start=\"1915\" data-end=\"1961\">\n<p data-start=\"1917\" data-end=\"1961\">Obermaterial und Futter aus atmungsaktivem Gewebe<\/p>\n<\/li>\n<\/ul>\n","protected":false},"featured_media":334351,"template":"","meta":{"_acf_changed":false,"inline_featured_image":false},"product_brand":[],"product_cat":[6507,6506],"product_tag":[3403,6307],"class_list":{"0":"post-334016","1":"product","2":"type-product","3":"status-publish","4":"has-post-thumbnail","6":"product_cat-herren-schuhe-de","7":"product_cat-neutrale-herren-schuhe-de","8":"product_tag-adidas-de","9":"product_tag-adidas-herren-de","10":"pa_attivita-gehen","11":"pa_attivita-running-de","12":"pa_colore-adistar-4-aurink-prloin-limbur-de","13":"pa_colore-adistar-4-ftwwht-tecind-limbur","14":"pa_colore-adistar-4-m-cwhite-purbur-limbur-de","15":"pa_colore-adistar-4-onix-cblack-luor","16":"pa_marca-adidas-de","17":"pa_sesso-herren","18":"pa_size-41-de","19":"pa_size-42-de","21":"pa_size-44-de","22":"pa_size-45-de","23":"pa_size-46-de","26":"first","27":"instock","28":"sale","29":"taxable","30":"shipping-taxable","31":"purchasable","32":"product-type-variable","33":"wvs-archive-product-wrapper"},"acf":[],"yoast_head":"<!-- This site is optimized with the Yoast SEO plugin v26.8 - https:\/\/yoast.com\/product\/yoast-seo-wordpress\/ -->\n<title>Adidas Adistar 4 herren - Laufschuhe - MioMioRun.com<\/title>\n<meta name=\"description\" content=\"Adistar 4 f\u00fcr Herren: idealer Laufschuh f\u00fcr lange Strecken. REPETITOR-D\u00e4mpfung, Energier\u00fcckgabe und stabiler Komfort Kilometer f\u00fcr Kilometer.\" \/>\n<meta name=\"robots\" content=\"index, follow, max-snippet:-1, max-image-preview:large, max-video-preview:-1\" \/>\n<link rel=\"canonical\" href=\"https:\/\/www.miomiorun.com\/de\/produkt\/adistar-4-herren\/\" \/>\n<meta property=\"og:locale\" content=\"de_DE\" \/>\n<meta property=\"og:type\" content=\"article\" \/>\n<meta property=\"og:title\" content=\"Adidas Adistar 4 herren - Laufschuhe - MioMioRun.com\" \/>\n<meta property=\"og:description\" content=\"Adistar 4 f\u00fcr Herren: idealer Laufschuh f\u00fcr lange Strecken. REPETITOR-D\u00e4mpfung, Energier\u00fcckgabe und stabiler Komfort Kilometer f\u00fcr Kilometer.\" \/>\n<meta property=\"og:url\" content=\"https:\/\/www.miomiorun.com\/de\/produkt\/adistar-4-herren\/\" \/>\n<meta property=\"og:site_name\" content=\"MioMioRun\" \/>\n<meta property=\"article:publisher\" content=\"https:\/\/www.facebook.com\/miomiorun\/\" \/>\n<meta property=\"article:modified_time\" content=\"2026-05-09T07:58:41+00:00\" \/>\n<meta property=\"og:image\" content=\"https:\/\/www.miomiorun.com\/app\/uploads\/2025\/08\/adidas-Adistar-4-aurink-prloin-limbur-JR0310.webp\" \/>\n\t<meta property=\"og:image:width\" content=\"720\" \/>\n\t<meta property=\"og:image:height\" content=\"720\" \/>\n\t<meta property=\"og:image:type\" content=\"image\/webp\" \/>\n<meta name=\"twitter:card\" content=\"summary_large_image\" \/>\n<meta name=\"twitter:label1\" content=\"Est. reading time\" \/>\n\t<meta name=\"twitter:data1\" content=\"1 minute\" \/>\n<script type=\"application\/ld+json\" class=\"yoast-schema-graph\">{\"@context\":\"https:\/\/schema.org\",\"@graph\":[{\"@type\":\"WebPage\",\"@id\":\"https:\/\/www.miomiorun.com\/de\/produkt\/adistar-4-herren\/\",\"url\":\"https:\/\/www.miomiorun.com\/de\/produkt\/adistar-4-herren\/\",\"name\":\"Adidas Adistar 4 herren - Laufschuhe - MioMioRun.com\",\"isPartOf\":{\"@id\":\"https:\/\/www.miomiorun.com\/de\/#website\"},\"primaryImageOfPage\":{\"@id\":\"https:\/\/www.miomiorun.com\/de\/produkt\/adistar-4-herren\/#primaryimage\"},\"image\":{\"@id\":\"https:\/\/www.miomiorun.com\/de\/produkt\/adistar-4-herren\/#primaryimage\"},\"thumbnailUrl\":\"https:\/\/www.miomiorun.com\/app\/uploads\/2025\/08\/adidas-Adistar-4-aurink-prloin-limbur-JR0310.webp\",\"datePublished\":\"2025-08-13T07:41:49+00:00\",\"dateModified\":\"2026-05-09T07:58:41+00:00\",\"description\":\"Adistar 4 f\u00fcr Herren: idealer Laufschuh f\u00fcr lange Strecken. REPETITOR-D\u00e4mpfung, Energier\u00fcckgabe und stabiler Komfort Kilometer f\u00fcr Kilometer.\",\"breadcrumb\":{\"@id\":\"https:\/\/www.miomiorun.com\/de\/produkt\/adistar-4-herren\/#breadcrumb\"},\"inLanguage\":\"de-DE\",\"potentialAction\":[{\"@type\":\"ReadAction\",\"target\":[\"https:\/\/www.miomiorun.com\/de\/produkt\/adistar-4-herren\/\"]}]},{\"@type\":\"ImageObject\",\"inLanguage\":\"de-DE\",\"@id\":\"https:\/\/www.miomiorun.com\/de\/produkt\/adistar-4-herren\/#primaryimage\",\"url\":\"https:\/\/www.miomiorun.com\/app\/uploads\/2025\/08\/adidas-Adistar-4-aurink-prloin-limbur-JR0310.webp\",\"contentUrl\":\"https:\/\/www.miomiorun.com\/app\/uploads\/2025\/08\/adidas-Adistar-4-aurink-prloin-limbur-JR0310.webp\",\"width\":720,\"height\":720,\"caption\":\"adidas Adistar 4 aurink prloin limbur JR0310\"},{\"@type\":\"BreadcrumbList\",\"@id\":\"https:\/\/www.miomiorun.com\/de\/produkt\/adistar-4-herren\/#breadcrumb\",\"itemListElement\":[{\"@type\":\"ListItem\",\"position\":1,\"name\":\"Home\",\"item\":\"https:\/\/www.miomiorun.com\/de\/home-page\/\"},{\"@type\":\"ListItem\",\"position\":2,\"name\":\"Shop\",\"item\":\"https:\/\/www.miomiorun.com\/shop\/\"},{\"@type\":\"ListItem\",\"position\":3,\"name\":\"Adistar 4 herren\"}]},{\"@type\":\"WebSite\",\"@id\":\"https:\/\/www.miomiorun.com\/de\/#website\",\"url\":\"https:\/\/www.miomiorun.com\/de\/\",\"name\":\"MioMioRun\",\"description\":\"100% Lauf- und Trailshop\",\"publisher\":{\"@id\":\"https:\/\/www.miomiorun.com\/de\/#organization\"},\"potentialAction\":[{\"@type\":\"SearchAction\",\"target\":{\"@type\":\"EntryPoint\",\"urlTemplate\":\"https:\/\/www.miomiorun.com\/de\/?s={search_term_string}\"},\"query-input\":{\"@type\":\"PropertyValueSpecification\",\"valueRequired\":true,\"valueName\":\"search_term_string\"}}],\"inLanguage\":\"de-DE\"},{\"@type\":\"Organization\",\"@id\":\"https:\/\/www.miomiorun.com\/de\/#organization\",\"name\":\"MioMio Run\",\"url\":\"https:\/\/www.miomiorun.com\/de\/\",\"logo\":{\"@type\":\"ImageObject\",\"inLanguage\":\"de-DE\",\"@id\":\"https:\/\/www.miomiorun.com\/de\/#\/schema\/logo\/image\/\",\"url\":\"https:\/\/www.miomiorun.com\/app\/uploads\/2019\/12\/logomio.png\",\"contentUrl\":\"https:\/\/www.miomiorun.com\/app\/uploads\/2019\/12\/logomio.png\",\"width\":115,\"height\":82,\"caption\":\"MioMio Run\"},\"image\":{\"@id\":\"https:\/\/www.miomiorun.com\/de\/#\/schema\/logo\/image\/\"},\"sameAs\":[\"https:\/\/www.facebook.com\/miomiorun\/\",\"https:\/\/www.instagram.com\/miomiorun\/\"]}]}<\/script>\n<!-- \/ Yoast SEO plugin. -->","yoast_head_json":{"title":"Adidas Adistar 4 herren - Laufschuhe - MioMioRun.com","description":"Adistar 4 f\u00fcr Herren: idealer Laufschuh f\u00fcr lange Strecken. REPETITOR-D\u00e4mpfung, Energier\u00fcckgabe und stabiler Komfort Kilometer f\u00fcr Kilometer.","robots":{"index":"index","follow":"follow","max-snippet":"max-snippet:-1","max-image-preview":"max-image-preview:large","max-video-preview":"max-video-preview:-1"},"canonical":"https:\/\/www.miomiorun.com\/de\/produkt\/adistar-4-herren\/","og_locale":"de_DE","og_type":"article","og_title":"Adidas Adistar 4 herren - Laufschuhe - MioMioRun.com","og_description":"Adistar 4 f\u00fcr Herren: idealer Laufschuh f\u00fcr lange Strecken. REPETITOR-D\u00e4mpfung, Energier\u00fcckgabe und stabiler Komfort Kilometer f\u00fcr Kilometer.","og_url":"https:\/\/www.miomiorun.com\/de\/produkt\/adistar-4-herren\/","og_site_name":"MioMioRun","article_publisher":"https:\/\/www.facebook.com\/miomiorun\/","article_modified_time":"2026-05-09T07:58:41+00:00","og_image":[{"width":720,"height":720,"url":"https:\/\/www.miomiorun.com\/app\/uploads\/2025\/08\/adidas-Adistar-4-aurink-prloin-limbur-JR0310.webp","type":"image\/webp"}],"twitter_card":"summary_large_image","twitter_misc":{"Est. reading time":"1 minute"},"schema":{"@context":"https:\/\/schema.org","@graph":[{"@type":"WebPage","@id":"https:\/\/www.miomiorun.com\/de\/produkt\/adistar-4-herren\/","url":"https:\/\/www.miomiorun.com\/de\/produkt\/adistar-4-herren\/","name":"Adidas Adistar 4 herren - Laufschuhe - MioMioRun.com","isPartOf":{"@id":"https:\/\/www.miomiorun.com\/de\/#website"},"primaryImageOfPage":{"@id":"https:\/\/www.miomiorun.com\/de\/produkt\/adistar-4-herren\/#primaryimage"},"image":{"@id":"https:\/\/www.miomiorun.com\/de\/produkt\/adistar-4-herren\/#primaryimage"},"thumbnailUrl":"https:\/\/www.miomiorun.com\/app\/uploads\/2025\/08\/adidas-Adistar-4-aurink-prloin-limbur-JR0310.webp","datePublished":"2025-08-13T07:41:49+00:00","dateModified":"2026-05-09T07:58:41+00:00","description":"Adistar 4 f\u00fcr Herren: idealer Laufschuh f\u00fcr lange Strecken. REPETITOR-D\u00e4mpfung, Energier\u00fcckgabe und stabiler Komfort Kilometer f\u00fcr Kilometer.","breadcrumb":{"@id":"https:\/\/www.miomiorun.com\/de\/produkt\/adistar-4-herren\/#breadcrumb"},"inLanguage":"de-DE","potentialAction":[{"@type":"ReadAction","target":["https:\/\/www.miomiorun.com\/de\/produkt\/adistar-4-herren\/"]}]},{"@type":"ImageObject","inLanguage":"de-DE","@id":"https:\/\/www.miomiorun.com\/de\/produkt\/adistar-4-herren\/#primaryimage","url":"https:\/\/www.miomiorun.com\/app\/uploads\/2025\/08\/adidas-Adistar-4-aurink-prloin-limbur-JR0310.webp","contentUrl":"https:\/\/www.miomiorun.com\/app\/uploads\/2025\/08\/adidas-Adistar-4-aurink-prloin-limbur-JR0310.webp","width":720,"height":720,"caption":"adidas Adistar 4 aurink prloin limbur JR0310"},{"@type":"BreadcrumbList","@id":"https:\/\/www.miomiorun.com\/de\/produkt\/adistar-4-herren\/#breadcrumb","itemListElement":[{"@type":"ListItem","position":1,"name":"Home","item":"https:\/\/www.miomiorun.com\/de\/home-page\/"},{"@type":"ListItem","position":2,"name":"Shop","item":"https:\/\/www.miomiorun.com\/shop\/"},{"@type":"ListItem","position":3,"name":"Adistar 4 herren"}]},{"@type":"WebSite","@id":"https:\/\/www.miomiorun.com\/de\/#website","url":"https:\/\/www.miomiorun.com\/de\/","name":"MioMioRun","description":"100% Lauf- und Trailshop","publisher":{"@id":"https:\/\/www.miomiorun.com\/de\/#organization"},"potentialAction":[{"@type":"SearchAction","target":{"@type":"EntryPoint","urlTemplate":"https:\/\/www.miomiorun.com\/de\/?s={search_term_string}"},"query-input":{"@type":"PropertyValueSpecification","valueRequired":true,"valueName":"search_term_string"}}],"inLanguage":"de-DE"},{"@type":"Organization","@id":"https:\/\/www.miomiorun.com\/de\/#organization","name":"MioMio Run","url":"https:\/\/www.miomiorun.com\/de\/","logo":{"@type":"ImageObject","inLanguage":"de-DE","@id":"https:\/\/www.miomiorun.com\/de\/#\/schema\/logo\/image\/","url":"https:\/\/www.miomiorun.com\/app\/uploads\/2019\/12\/logomio.png","contentUrl":"https:\/\/www.miomiorun.com\/app\/uploads\/2019\/12\/logomio.png","width":115,"height":82,"caption":"MioMio Run"},"image":{"@id":"https:\/\/www.miomiorun.com\/de\/#\/schema\/logo\/image\/"},"sameAs":["https:\/\/www.facebook.com\/miomiorun\/","https:\/\/www.instagram.com\/miomiorun\/"]}]}},"_links":{"self":[{"href":"https:\/\/www.miomiorun.com\/de\/wp-json\/wp\/v2\/product\/334016","targetHints":{"allow":["GET"]}}],"collection":[{"href":"https:\/\/www.miomiorun.com\/de\/wp-json\/wp\/v2\/product"}],"about":[{"href":"https:\/\/www.miomiorun.com\/de\/wp-json\/wp\/v2\/types\/product"}],"wp:featuredmedia":[{"embeddable":true,"href":"https:\/\/www.miomiorun.com\/de\/wp-json\/wp\/v2\/media\/334351"}],"wp:attachment":[{"href":"https:\/\/www.miomiorun.com\/de\/wp-json\/wp\/v2\/media?parent=334016"}],"wp:term":[{"taxonomy":"product_brand","embeddable":true,"href":"https:\/\/www.miomiorun.com\/de\/wp-json\/wp\/v2\/product_brand?post=334016"},{"taxonomy":"product_cat","embeddable":true,"href":"https:\/\/www.miomiorun.com\/de\/wp-json\/wp\/v2\/product_cat?post=334016"},{"taxonomy":"product_tag","embeddable":true,"href":"https:\/\/www.miomiorun.com\/de\/wp-json\/wp\/v2\/product_tag?post=334016"}],"curies":[{"name":"wp","href":"https:\/\/api.w.org\/{rel}","templated":true}]}}