{"id":329498,"date":"2025-07-19T15:35:20","date_gmt":"2025-07-19T13:35:20","guid":{"rendered":"https:\/\/miomiorun.com\/?post_type=product&#038;p=329498"},"modified":"2026-05-09T09:58:14","modified_gmt":"2026-05-09T07:58:14","slug":"transport-gtx-damen","status":"publish","type":"product","link":"https:\/\/www.miomiorun.com\/de\/produkt\/transport-gtx-damen\/","title":{"rendered":"Transport GTX damen"},"content":{"rendered":"<div class=\"vc-row container\"><div class=\"vc-column\"><div class=\"vc-column-text\"><\/p>\n<p><strong>Technische Daten<\/strong><\/p>\n<p>Kategorie: Top-D\u00e4mpfung<br \/>\nOffset: 5 mm<br \/>\nGewicht: 284 g<br \/>\nIdeal f\u00fcr: Ideal f\u00fcr alle, die einen Schuh f\u00fcr den Alltag suchen, und f\u00fcr Liebhaber von Stadtrundg\u00e4ngen, die ein leichtes, gut ged\u00e4mpftes und sch\u00fctzendes Modell suchen, das auch auf l\u00e4ngeren Strecken h\u00f6chsten Komfort bietet.<br \/>\nGewicht des Sportlers: 70-80 kg<\/p>\n<p><a href=\"https:\/\/miomiorun.com\/guida-alle-specifiche-tecniche\/\">Leitfaden zu den technischen Spezifikationen<\/a><\/p>\n<p><\/div><\/div><div class=\"vc-column\"><div class=\"vc-column-text\"><\/p>\n<p data-start=\"162\" data-end=\"421\">Suchst du einen vielseitigen, bequemen und wasserdichten Schuh, der f\u00fcr alles bereit ist, vom Weg zur Arbeit bis zum Spaziergang im Regen? Wir pr\u00e4sentieren dir den HOKA Transport GORE-TEX: ein Modell, das dich jeden Tag und bei jedem Wetter begleitet. <\/p>\n<p data-start=\"423\" data-end=\"755\">Dieser Schuh ist nicht nur leistungsstark, sondern auch umweltfreundlich: Die Zwischensohle besteht zu 35 % aus EVA aus Zuckerrohr, w\u00e4hrend die Vibram\u00ae EcoStep Recycle EVO-Sohle 30 % recycelten Gummi enth\u00e4lt. Und dank der <strong data-start=\"659\" data-end=\"685\">GORE-TEX Invisible Fit<\/strong>-Membran bleiben Ihre F\u00fc\u00dfe trocken, ohne dass Sie auf Atmungsaktivit\u00e4t und Leichtigkeit verzichten m\u00fcssen.<\/p>\n<p data-start=\"757\" data-end=\"978\">Urbanes Design trifft auf Outdoor-Funktionalit\u00e4t: Schnellschn\u00fcrung mit \u00d6sen, 360\u00b0-Reflexdetails f\u00fcr Sichtbarkeit zu jeder Tageszeit und Obermaterial aus <strong data-start=\"928\" data-end=\"950\">recyceltem Cordura\u00ae<\/strong> f\u00fcr au\u00dfergew\u00f6hnliche Langlebigkeit.<\/p>\n<p data-start=\"980\" data-end=\"1169\">Dar\u00fcber hinaus ist dieses Modell vollst\u00e4ndig <strong data-start=\"1015\" data-end=\"1025\">vegan<\/strong>, mit recycelten Materialien auch im Futter und in der Einlegesohle, perfekt f\u00fcr alle, die ein ethisches Produkt suchen, ohne Kompromisse beim Komfort einzugehen.<\/p>\n<p data-start=\"1171\" data-end=\"1365\">Ob Sie spazieren gehen, auf Entdeckungstour sind oder einfach nur einen anstrengenden Tag in der Stadt vor sich haben, der Transport GORE-TEX ist der ideale Begleiter: ged\u00e4mpft, stabil, wasserdicht und f\u00fcr alles bereit<\/p>\n<p><\/div><\/div><\/div>\n<\/p><\/p>\n","protected":false},"excerpt":{"rendered":"<ul>\n<li data-start=\"153\" data-end=\"271\">\n<p data-start=\"155\" data-end=\"271\">&nbsp;Vollst\u00e4ndig wasserdicht<\/p>\n<\/li>\n<li data-start=\"272\" data-end=\"391\">\n<p data-start=\"274\" data-end=\"391\">&nbsp;Nachhaltige Materialien<\/p>\n<\/li>\n<li data-start=\"392\" data-end=\"482\">\n<p data-start=\"394\" data-end=\"482\">&nbsp;Obermaterial aus recyceltem Cordura\u00ae (100 %)<\/p>\n<\/li>\n<li data-start=\"483\" data-end=\"551\">\n<p data-start=\"485\" data-end=\"551\">Schnellverschluss mit \u00d6se<\/p>\n<\/li>\n<\/ul>\n","protected":false},"featured_media":367273,"template":"","meta":{"_acf_changed":false,"inline_featured_image":false},"product_brand":[],"product_cat":[6474,6475],"product_tag":[3373,6228],"class_list":{"0":"post-329498","1":"product","2":"type-product","3":"status-publish","4":"has-post-thumbnail","6":"product_cat-damenschuhe","7":"product_cat-neutral","8":"product_tag-hoka-one-one-de","9":"product_tag-hoka-one-one-damen-de","10":"pa_attivita-gehen","11":"pa_colore-transport-gtx-w-blush-rose-cream-de","12":"pa_marca-hoka-de","13":"pa_sesso-damen","14":"pa_size-38-de","15":"pa_size-42-de","17":"first","18":"instock","19":"sale","20":"taxable","21":"shipping-taxable","22":"purchasable","23":"product-type-variable","24":"wvs-archive-product-wrapper"},"acf":[],"yoast_head":"<!-- This site is optimized with the Yoast SEO plugin v26.8 - https:\/\/yoast.com\/product\/yoast-seo-wordpress\/ -->\n<title>Hoka Transport GTX damen - Trailschuhe - MioMioRun.com<\/title>\n<meta name=\"description\" content=\"HOKA Transport GORE-TEX: wasserdichter, nachhaltiger und bequemer Schuh f\u00fcr die Stadt und Outdoor-Aktivit\u00e4ten. Mit GORE-TEX Invisible Fit und recycelter Vibram\u00ae-Sohle.\" \/>\n<meta name=\"robots\" content=\"index, follow, max-snippet:-1, max-image-preview:large, max-video-preview:-1\" \/>\n<link rel=\"canonical\" href=\"https:\/\/www.miomiorun.com\/de\/produkt\/transport-gtx-damen\/\" \/>\n<meta property=\"og:locale\" content=\"de_DE\" \/>\n<meta property=\"og:type\" content=\"article\" \/>\n<meta property=\"og:title\" content=\"Hoka Transport GTX damen - Trailschuhe - MioMioRun.com\" \/>\n<meta property=\"og:description\" content=\"HOKA Transport GORE-TEX: wasserdichter, nachhaltiger und bequemer Schuh f\u00fcr die Stadt und Outdoor-Aktivit\u00e4ten. Mit GORE-TEX Invisible Fit und recycelter Vibram\u00ae-Sohle.\" \/>\n<meta property=\"og:url\" content=\"https:\/\/www.miomiorun.com\/de\/produkt\/transport-gtx-damen\/\" \/>\n<meta property=\"og:site_name\" content=\"MioMioRun\" \/>\n<meta property=\"article:publisher\" content=\"https:\/\/www.facebook.com\/miomiorun\/\" \/>\n<meta property=\"article:modified_time\" content=\"2026-05-09T07:58:14+00:00\" \/>\n<meta property=\"og:image\" content=\"https:\/\/www.miomiorun.com\/app\/uploads\/2025\/11\/hoka-Transport-GTX-W-blush-rose-cream-1133958F-BLSHR.webp\" \/>\n\t<meta property=\"og:image:width\" content=\"720\" \/>\n\t<meta property=\"og:image:height\" content=\"720\" \/>\n\t<meta property=\"og:image:type\" content=\"image\/webp\" \/>\n<meta name=\"twitter:card\" content=\"summary_large_image\" \/>\n<meta name=\"twitter:label1\" content=\"Est. reading time\" \/>\n\t<meta name=\"twitter:data1\" content=\"1 minute\" \/>\n<script type=\"application\/ld+json\" class=\"yoast-schema-graph\">{\"@context\":\"https:\/\/schema.org\",\"@graph\":[{\"@type\":\"WebPage\",\"@id\":\"https:\/\/www.miomiorun.com\/de\/produkt\/transport-gtx-damen\/\",\"url\":\"https:\/\/www.miomiorun.com\/de\/produkt\/transport-gtx-damen\/\",\"name\":\"Hoka Transport GTX damen - Trailschuhe - MioMioRun.com\",\"isPartOf\":{\"@id\":\"https:\/\/www.miomiorun.com\/de\/#website\"},\"primaryImageOfPage\":{\"@id\":\"https:\/\/www.miomiorun.com\/de\/produkt\/transport-gtx-damen\/#primaryimage\"},\"image\":{\"@id\":\"https:\/\/www.miomiorun.com\/de\/produkt\/transport-gtx-damen\/#primaryimage\"},\"thumbnailUrl\":\"https:\/\/www.miomiorun.com\/app\/uploads\/2025\/11\/hoka-Transport-GTX-W-blush-rose-cream-1133958F-BLSHR.webp\",\"datePublished\":\"2025-07-19T13:35:20+00:00\",\"dateModified\":\"2026-05-09T07:58:14+00:00\",\"description\":\"HOKA Transport GORE-TEX: wasserdichter, nachhaltiger und bequemer Schuh f\u00fcr die Stadt und Outdoor-Aktivit\u00e4ten. Mit GORE-TEX Invisible Fit und recycelter Vibram\u00ae-Sohle.\",\"breadcrumb\":{\"@id\":\"https:\/\/www.miomiorun.com\/de\/produkt\/transport-gtx-damen\/#breadcrumb\"},\"inLanguage\":\"de-DE\",\"potentialAction\":[{\"@type\":\"ReadAction\",\"target\":[\"https:\/\/www.miomiorun.com\/de\/produkt\/transport-gtx-damen\/\"]}]},{\"@type\":\"ImageObject\",\"inLanguage\":\"de-DE\",\"@id\":\"https:\/\/www.miomiorun.com\/de\/produkt\/transport-gtx-damen\/#primaryimage\",\"url\":\"https:\/\/www.miomiorun.com\/app\/uploads\/2025\/11\/hoka-Transport-GTX-W-blush-rose-cream-1133958F-BLSHR.webp\",\"contentUrl\":\"https:\/\/www.miomiorun.com\/app\/uploads\/2025\/11\/hoka-Transport-GTX-W-blush-rose-cream-1133958F-BLSHR.webp\",\"width\":720,\"height\":720,\"caption\":\"hoka Transport GTX W blush rose cream 1133958F BLSHR\"},{\"@type\":\"BreadcrumbList\",\"@id\":\"https:\/\/www.miomiorun.com\/de\/produkt\/transport-gtx-damen\/#breadcrumb\",\"itemListElement\":[{\"@type\":\"ListItem\",\"position\":1,\"name\":\"Home\",\"item\":\"https:\/\/www.miomiorun.com\/de\/\"},{\"@type\":\"ListItem\",\"position\":2,\"name\":\"Shop\",\"item\":\"https:\/\/www.miomiorun.com\/shop\/\"},{\"@type\":\"ListItem\",\"position\":3,\"name\":\"Transport GTX damen\"}]},{\"@type\":\"WebSite\",\"@id\":\"https:\/\/www.miomiorun.com\/de\/#website\",\"url\":\"https:\/\/www.miomiorun.com\/de\/\",\"name\":\"MioMioRun\",\"description\":\"100% Lauf- und Trailshop\",\"publisher\":{\"@id\":\"https:\/\/www.miomiorun.com\/de\/#organization\"},\"potentialAction\":[{\"@type\":\"SearchAction\",\"target\":{\"@type\":\"EntryPoint\",\"urlTemplate\":\"https:\/\/www.miomiorun.com\/de\/?s={search_term_string}\"},\"query-input\":{\"@type\":\"PropertyValueSpecification\",\"valueRequired\":true,\"valueName\":\"search_term_string\"}}],\"inLanguage\":\"de-DE\"},{\"@type\":\"Organization\",\"@id\":\"https:\/\/www.miomiorun.com\/de\/#organization\",\"name\":\"MioMio Run\",\"url\":\"https:\/\/www.miomiorun.com\/de\/\",\"logo\":{\"@type\":\"ImageObject\",\"inLanguage\":\"de-DE\",\"@id\":\"https:\/\/www.miomiorun.com\/de\/#\/schema\/logo\/image\/\",\"url\":\"https:\/\/www.miomiorun.com\/app\/uploads\/2019\/12\/logomio.png\",\"contentUrl\":\"https:\/\/www.miomiorun.com\/app\/uploads\/2019\/12\/logomio.png\",\"width\":115,\"height\":82,\"caption\":\"MioMio Run\"},\"image\":{\"@id\":\"https:\/\/www.miomiorun.com\/de\/#\/schema\/logo\/image\/\"},\"sameAs\":[\"https:\/\/www.facebook.com\/miomiorun\/\",\"https:\/\/www.instagram.com\/miomiorun\/\"]}]}<\/script>\n<!-- \/ Yoast SEO plugin. -->","yoast_head_json":{"title":"Hoka Transport GTX damen - Trailschuhe - MioMioRun.com","description":"HOKA Transport GORE-TEX: wasserdichter, nachhaltiger und bequemer Schuh f\u00fcr die Stadt und Outdoor-Aktivit\u00e4ten. Mit GORE-TEX Invisible Fit und recycelter Vibram\u00ae-Sohle.","robots":{"index":"index","follow":"follow","max-snippet":"max-snippet:-1","max-image-preview":"max-image-preview:large","max-video-preview":"max-video-preview:-1"},"canonical":"https:\/\/www.miomiorun.com\/de\/produkt\/transport-gtx-damen\/","og_locale":"de_DE","og_type":"article","og_title":"Hoka Transport GTX damen - Trailschuhe - MioMioRun.com","og_description":"HOKA Transport GORE-TEX: wasserdichter, nachhaltiger und bequemer Schuh f\u00fcr die Stadt und Outdoor-Aktivit\u00e4ten. Mit GORE-TEX Invisible Fit und recycelter Vibram\u00ae-Sohle.","og_url":"https:\/\/www.miomiorun.com\/de\/produkt\/transport-gtx-damen\/","og_site_name":"MioMioRun","article_publisher":"https:\/\/www.facebook.com\/miomiorun\/","article_modified_time":"2026-05-09T07:58:14+00:00","og_image":[{"width":720,"height":720,"url":"https:\/\/www.miomiorun.com\/app\/uploads\/2025\/11\/hoka-Transport-GTX-W-blush-rose-cream-1133958F-BLSHR.webp","type":"image\/webp"}],"twitter_card":"summary_large_image","twitter_misc":{"Est. reading time":"1 minute"},"schema":{"@context":"https:\/\/schema.org","@graph":[{"@type":"WebPage","@id":"https:\/\/www.miomiorun.com\/de\/produkt\/transport-gtx-damen\/","url":"https:\/\/www.miomiorun.com\/de\/produkt\/transport-gtx-damen\/","name":"Hoka Transport GTX damen - Trailschuhe - MioMioRun.com","isPartOf":{"@id":"https:\/\/www.miomiorun.com\/de\/#website"},"primaryImageOfPage":{"@id":"https:\/\/www.miomiorun.com\/de\/produkt\/transport-gtx-damen\/#primaryimage"},"image":{"@id":"https:\/\/www.miomiorun.com\/de\/produkt\/transport-gtx-damen\/#primaryimage"},"thumbnailUrl":"https:\/\/www.miomiorun.com\/app\/uploads\/2025\/11\/hoka-Transport-GTX-W-blush-rose-cream-1133958F-BLSHR.webp","datePublished":"2025-07-19T13:35:20+00:00","dateModified":"2026-05-09T07:58:14+00:00","description":"HOKA Transport GORE-TEX: wasserdichter, nachhaltiger und bequemer Schuh f\u00fcr die Stadt und Outdoor-Aktivit\u00e4ten. Mit GORE-TEX Invisible Fit und recycelter Vibram\u00ae-Sohle.","breadcrumb":{"@id":"https:\/\/www.miomiorun.com\/de\/produkt\/transport-gtx-damen\/#breadcrumb"},"inLanguage":"de-DE","potentialAction":[{"@type":"ReadAction","target":["https:\/\/www.miomiorun.com\/de\/produkt\/transport-gtx-damen\/"]}]},{"@type":"ImageObject","inLanguage":"de-DE","@id":"https:\/\/www.miomiorun.com\/de\/produkt\/transport-gtx-damen\/#primaryimage","url":"https:\/\/www.miomiorun.com\/app\/uploads\/2025\/11\/hoka-Transport-GTX-W-blush-rose-cream-1133958F-BLSHR.webp","contentUrl":"https:\/\/www.miomiorun.com\/app\/uploads\/2025\/11\/hoka-Transport-GTX-W-blush-rose-cream-1133958F-BLSHR.webp","width":720,"height":720,"caption":"hoka Transport GTX W blush rose cream 1133958F BLSHR"},{"@type":"BreadcrumbList","@id":"https:\/\/www.miomiorun.com\/de\/produkt\/transport-gtx-damen\/#breadcrumb","itemListElement":[{"@type":"ListItem","position":1,"name":"Home","item":"https:\/\/www.miomiorun.com\/de\/"},{"@type":"ListItem","position":2,"name":"Shop","item":"https:\/\/www.miomiorun.com\/shop\/"},{"@type":"ListItem","position":3,"name":"Transport GTX damen"}]},{"@type":"WebSite","@id":"https:\/\/www.miomiorun.com\/de\/#website","url":"https:\/\/www.miomiorun.com\/de\/","name":"MioMioRun","description":"100% Lauf- und Trailshop","publisher":{"@id":"https:\/\/www.miomiorun.com\/de\/#organization"},"potentialAction":[{"@type":"SearchAction","target":{"@type":"EntryPoint","urlTemplate":"https:\/\/www.miomiorun.com\/de\/?s={search_term_string}"},"query-input":{"@type":"PropertyValueSpecification","valueRequired":true,"valueName":"search_term_string"}}],"inLanguage":"de-DE"},{"@type":"Organization","@id":"https:\/\/www.miomiorun.com\/de\/#organization","name":"MioMio Run","url":"https:\/\/www.miomiorun.com\/de\/","logo":{"@type":"ImageObject","inLanguage":"de-DE","@id":"https:\/\/www.miomiorun.com\/de\/#\/schema\/logo\/image\/","url":"https:\/\/www.miomiorun.com\/app\/uploads\/2019\/12\/logomio.png","contentUrl":"https:\/\/www.miomiorun.com\/app\/uploads\/2019\/12\/logomio.png","width":115,"height":82,"caption":"MioMio Run"},"image":{"@id":"https:\/\/www.miomiorun.com\/de\/#\/schema\/logo\/image\/"},"sameAs":["https:\/\/www.facebook.com\/miomiorun\/","https:\/\/www.instagram.com\/miomiorun\/"]}]}},"_links":{"self":[{"href":"https:\/\/www.miomiorun.com\/de\/wp-json\/wp\/v2\/product\/329498","targetHints":{"allow":["GET"]}}],"collection":[{"href":"https:\/\/www.miomiorun.com\/de\/wp-json\/wp\/v2\/product"}],"about":[{"href":"https:\/\/www.miomiorun.com\/de\/wp-json\/wp\/v2\/types\/product"}],"wp:featuredmedia":[{"embeddable":true,"href":"https:\/\/www.miomiorun.com\/de\/wp-json\/wp\/v2\/media\/367273"}],"wp:attachment":[{"href":"https:\/\/www.miomiorun.com\/de\/wp-json\/wp\/v2\/media?parent=329498"}],"wp:term":[{"taxonomy":"product_brand","embeddable":true,"href":"https:\/\/www.miomiorun.com\/de\/wp-json\/wp\/v2\/product_brand?post=329498"},{"taxonomy":"product_cat","embeddable":true,"href":"https:\/\/www.miomiorun.com\/de\/wp-json\/wp\/v2\/product_cat?post=329498"},{"taxonomy":"product_tag","embeddable":true,"href":"https:\/\/www.miomiorun.com\/de\/wp-json\/wp\/v2\/product_tag?post=329498"}],"curies":[{"name":"wp","href":"https:\/\/api.w.org\/{rel}","templated":true}]}}