{"id":329061,"date":"2025-07-18T16:07:13","date_gmt":"2025-07-18T14:07:13","guid":{"rendered":"https:\/\/miomiorun.com\/?post_type=product&#038;p=329061"},"modified":"2025-08-27T16:02:37","modified_gmt":"2025-08-27T14:02:37","slug":"mafate-5-damen","status":"publish","type":"product","link":"https:\/\/www.miomiorun.com\/de\/produkt\/mafate-5-damen\/","title":{"rendered":"Mafate 5 damen"},"content":{"rendered":"<div class=\"vc-row container\"><div class=\"vc-column\"><div class=\"vc-column-text\"><\/p>\n<p><strong>Technische Daten<\/strong><\/p>\n<p>Kategorie: Top-D\u00e4mpfung<br \/>\nOffset: 8,00 <sup class=\"pl-1\">mm<\/sup><br \/>\nGewicht: 286,00 <sup class=\"pl-1\">g<\/sup><br \/>\nIdeal f\u00fcr : Trailrunner und Bergwanderer, die ein gut ged\u00e4mpftes und sch\u00fctzendes Modell suchen, das auch auf langen Strecken h\u00f6chsten Komfort bietet.<br \/>\nGewicht des Sportlers: 70-90 kg<br \/>\nLaufgeschwindigkeit: mittel (5,00-6,00 min\/km)<br \/>\n<a href=\"https:\/\/miomiorun.com\/guida-alle-specifiche-tecniche\/\">Leitfaden zu den technischen Spezifikationen<\/a><\/p>\n<p><\/div><\/div><div class=\"vc-column\"><div class=\"vc-column-text\"><\/p>\n<p data-start=\"473\" data-end=\"885\">Dieser Schuh wurde entwickelt, um dich auch unter extremsten Bedingungen zu unterst\u00fctzen: Dank der neuen <strong data-start=\"570\" data-end=\"601\">Rocker Integrity Technology<\/strong> ist der Abrollvorgang des Fu\u00dfes fl\u00fcssig und nat\u00fcrlich, wodurch die Belastung auch nach vielen Kilometern reduziert wird. Die Zwischensohle mit <strong data-start=\"709\" data-end=\"727\">doppelter Dichte<\/strong>, mit einem reaktionsfreudigen Schaumstoff direkt unter der Fu\u00dfsohle und einer zweiten Schicht, die St\u00f6\u00dfe in der N\u00e4he der Sohle absorbiert, bietet dir eine perfekte Mischung aus Komfort und Reaktionsf\u00e4higkeit.<\/p>\n<p data-start=\"887\" data-end=\"1328\">Aber es geht nicht nur um D\u00e4mpfung. Der Mafate 5 verf\u00fcgt \u00fcber eine <strong data-start=\"950\" data-end=\"1004\">Vibram\u00ae Megagrip-Sohle mit Traction Lug-Technologie<\/strong>, die unglaublichen Halt auf Felsen, Schlamm, nassem Untergrund &#8230; kurz gesagt, \u00fcberall dort, wo Sie hingehen m\u00f6chten, garantiert. Und um dich vor Steinen und Ger\u00f6ll auf dem Weg zu sch\u00fctzen, verf\u00fcgt er \u00fcber ein verst\u00e4rktes Obermaterial mit <strong data-start=\"1182\" data-end=\"1216\">Anti-Fray-Behandlung<\/strong>, einen <strong data-start=\"1222\" data-end=\"1239\">TPU-K\u00e4fig<\/strong> und die M\u00f6glichkeit, dank spezieller Befestigungspunkte Gamaschen anzubringen.<\/p>\n<p data-start=\"1330\" data-end=\"1547\">Dar\u00fcber hinaus verf\u00fcgt er \u00fcber eine neue, zum Patent angemeldete <strong data-start=\"1351\" data-end=\"1379\">elastische Manschette<\/strong>, die den Fu\u00df umschlie\u00dft und ein Gef\u00fchl von Stabilit\u00e4t ohne Einschr\u00e4nkungen vermittelt, sowie \u00fcber <strong data-start=\"1479\" data-end=\"1507\">reflektierende Details<\/strong> f\u00fcr L\u00e4ufe nach Sonnenuntergang.<\/p>\n<p data-start=\"1549\" data-end=\"1782\">Kurz gesagt: Der Mafate 5 ist f\u00fcr alle gedacht, die jeden Trail kompromisslos bezwingen wollen. Er ist ein robuster, reaktionsfreudiger und zuverl\u00e4ssiger Schuh. Wenn es dein Ziel ist, immer weiter zu kommen, hast du mit ihm an den F\u00fc\u00dfen wirklich nichts zu bef\u00fcrchten.<\/p>\n<p><\/div><\/div><\/div>\n","protected":false},"excerpt":{"rendered":"<ul>\n<li data-start=\"169\" data-end=\"242\">\n<p data-start=\"171\" data-end=\"242\">&nbsp;Rocker Integrity Technology\u2122<\/p>\n<\/li>\n<li data-start=\"243\" data-end=\"324\">\n<p data-start=\"245\" data-end=\"324\">&nbsp;Zwischensohle mit doppelter Dichte<\/p>\n<\/li>\n<li data-start=\"325\" data-end=\"400\">\n<p data-start=\"327\" data-end=\"400\">&nbsp;Ausfranssicheres Obermaterial<\/p>\n<\/li>\n<\/ul>\n","protected":false},"featured_media":395324,"template":"","meta":{"_acf_changed":false,"inline_featured_image":false},"product_brand":[],"product_cat":[6474,6491],"product_tag":[3373,6228],"class_list":{"0":"post-329061","1":"product","2":"type-product","3":"status-publish","4":"has-post-thumbnail","6":"product_cat-damenschuhe","7":"product_cat-damentrailschuhe","8":"product_tag-hoka-one-one-de","9":"product_tag-hoka-one-one-damen-de","10":"pa_attivita-outdoor-de","11":"pa_attivita-trail-de","12":"pa_colore-mafate-5-w-ambient-blue-rosemary","13":"pa_colore-mafate-5-w-midnight-blue-starlight-glow","14":"pa_colore-mafate-5-w-skyward-blue-black-de","15":"pa_marca-hoka-de","16":"pa_sesso-damen","17":"pa_size-38-de","19":"pa_size-39-de","20":"pa_size-40-de","22":"pa_size-41-de","23":"pa_size-42-de","25":"first","26":"instock","27":"sale","28":"taxable","29":"shipping-taxable","30":"purchasable","31":"product-type-variable","32":"wvs-archive-product-wrapper"},"acf":[],"yoast_head":"<!-- This site is optimized with the Yoast SEO plugin v26.8 - https:\/\/yoast.com\/product\/yoast-seo-wordpress\/ -->\n<title>Hoka One One Mafate 5 damen - Trailschuhe - MioMioRun<\/title>\n<meta name=\"description\" content=\"Entdecken Sie den HOKA Mafate 5 f\u00fcr Damen: ein extrem widerstandsf\u00e4higer Trail-Laufschuh mit fortschrittlicher D\u00e4mpfung, Vibram\u00ae-Sohle und umfassendem Schutz f\u00fcr technische Strecken.\" \/>\n<meta name=\"robots\" content=\"index, follow, max-snippet:-1, max-image-preview:large, max-video-preview:-1\" \/>\n<link rel=\"canonical\" href=\"https:\/\/www.miomiorun.com\/de\/produkt\/mafate-5-damen\/\" \/>\n<meta property=\"og:locale\" content=\"de_DE\" \/>\n<meta property=\"og:type\" content=\"article\" \/>\n<meta property=\"og:title\" content=\"Hoka One One Mafate 5 damen - Trailschuhe - MioMioRun\" \/>\n<meta property=\"og:description\" content=\"Entdecken Sie den HOKA Mafate 5 f\u00fcr Damen: ein extrem widerstandsf\u00e4higer Trail-Laufschuh mit fortschrittlicher D\u00e4mpfung, Vibram\u00ae-Sohle und umfassendem Schutz f\u00fcr technische Strecken.\" \/>\n<meta property=\"og:url\" content=\"https:\/\/www.miomiorun.com\/de\/produkt\/mafate-5-damen\/\" \/>\n<meta property=\"og:site_name\" content=\"MioMioRun\" \/>\n<meta property=\"article:publisher\" content=\"https:\/\/www.facebook.com\/miomiorun\/\" \/>\n<meta property=\"article:modified_time\" content=\"2025-08-27T14:02:37+00:00\" \/>\n<meta property=\"og:image\" content=\"https:\/\/www.miomiorun.com\/app\/uploads\/2025\/08\/hoka-Mafate-5-W-skyward-blue-black-1168723-SWRD.webp\" \/>\n\t<meta property=\"og:image:width\" content=\"720\" \/>\n\t<meta property=\"og:image:height\" content=\"720\" \/>\n\t<meta property=\"og:image:type\" content=\"image\/webp\" \/>\n<meta name=\"twitter:card\" content=\"summary_large_image\" \/>\n<meta name=\"twitter:label1\" content=\"Est. reading time\" \/>\n\t<meta name=\"twitter:data1\" content=\"2 minutes\" \/>\n<script type=\"application\/ld+json\" class=\"yoast-schema-graph\">{\"@context\":\"https:\/\/schema.org\",\"@graph\":[{\"@type\":\"WebPage\",\"@id\":\"https:\/\/www.miomiorun.com\/de\/produkt\/mafate-5-damen\/\",\"url\":\"https:\/\/www.miomiorun.com\/de\/produkt\/mafate-5-damen\/\",\"name\":\"Hoka One One Mafate 5 damen - Trailschuhe - MioMioRun\",\"isPartOf\":{\"@id\":\"https:\/\/www.miomiorun.com\/de\/#website\"},\"primaryImageOfPage\":{\"@id\":\"https:\/\/www.miomiorun.com\/de\/produkt\/mafate-5-damen\/#primaryimage\"},\"image\":{\"@id\":\"https:\/\/www.miomiorun.com\/de\/produkt\/mafate-5-damen\/#primaryimage\"},\"thumbnailUrl\":\"https:\/\/www.miomiorun.com\/app\/uploads\/2026\/02\/hoka-Mafate-5-W-ambient-blue-rosemary-1168723-ABNT.webp\",\"datePublished\":\"2025-07-18T14:07:13+00:00\",\"dateModified\":\"2025-08-27T14:02:37+00:00\",\"description\":\"Entdecken Sie den HOKA Mafate 5 f\u00fcr Damen: ein extrem widerstandsf\u00e4higer Trail-Laufschuh mit fortschrittlicher D\u00e4mpfung, Vibram\u00ae-Sohle und umfassendem Schutz f\u00fcr technische Strecken.\",\"breadcrumb\":{\"@id\":\"https:\/\/www.miomiorun.com\/de\/produkt\/mafate-5-damen\/#breadcrumb\"},\"inLanguage\":\"de-DE\",\"potentialAction\":[{\"@type\":\"ReadAction\",\"target\":[\"https:\/\/www.miomiorun.com\/de\/produkt\/mafate-5-damen\/\"]}]},{\"@type\":\"ImageObject\",\"inLanguage\":\"de-DE\",\"@id\":\"https:\/\/www.miomiorun.com\/de\/produkt\/mafate-5-damen\/#primaryimage\",\"url\":\"https:\/\/www.miomiorun.com\/app\/uploads\/2026\/02\/hoka-Mafate-5-W-ambient-blue-rosemary-1168723-ABNT.webp\",\"contentUrl\":\"https:\/\/www.miomiorun.com\/app\/uploads\/2026\/02\/hoka-Mafate-5-W-ambient-blue-rosemary-1168723-ABNT.webp\",\"width\":720,\"height\":720,\"caption\":\"hoka Mafate 5 W ambient blue rosemary 1168723 ABNT\"},{\"@type\":\"BreadcrumbList\",\"@id\":\"https:\/\/www.miomiorun.com\/de\/produkt\/mafate-5-damen\/#breadcrumb\",\"itemListElement\":[{\"@type\":\"ListItem\",\"position\":1,\"name\":\"Home\",\"item\":\"https:\/\/www.miomiorun.com\/de\/\"},{\"@type\":\"ListItem\",\"position\":2,\"name\":\"Shop\",\"item\":\"https:\/\/www.miomiorun.com\/shop\/\"},{\"@type\":\"ListItem\",\"position\":3,\"name\":\"Mafate 5 damen\"}]},{\"@type\":\"WebSite\",\"@id\":\"https:\/\/www.miomiorun.com\/de\/#website\",\"url\":\"https:\/\/www.miomiorun.com\/de\/\",\"name\":\"MioMioRun\",\"description\":\"100% Lauf- und Trailshop\",\"publisher\":{\"@id\":\"https:\/\/www.miomiorun.com\/de\/#organization\"},\"potentialAction\":[{\"@type\":\"SearchAction\",\"target\":{\"@type\":\"EntryPoint\",\"urlTemplate\":\"https:\/\/www.miomiorun.com\/de\/?s={search_term_string}\"},\"query-input\":{\"@type\":\"PropertyValueSpecification\",\"valueRequired\":true,\"valueName\":\"search_term_string\"}}],\"inLanguage\":\"de-DE\"},{\"@type\":\"Organization\",\"@id\":\"https:\/\/www.miomiorun.com\/de\/#organization\",\"name\":\"MioMio Run\",\"url\":\"https:\/\/www.miomiorun.com\/de\/\",\"logo\":{\"@type\":\"ImageObject\",\"inLanguage\":\"de-DE\",\"@id\":\"https:\/\/www.miomiorun.com\/de\/#\/schema\/logo\/image\/\",\"url\":\"https:\/\/www.miomiorun.com\/app\/uploads\/2019\/12\/logomio.png\",\"contentUrl\":\"https:\/\/www.miomiorun.com\/app\/uploads\/2019\/12\/logomio.png\",\"width\":115,\"height\":82,\"caption\":\"MioMio Run\"},\"image\":{\"@id\":\"https:\/\/www.miomiorun.com\/de\/#\/schema\/logo\/image\/\"},\"sameAs\":[\"https:\/\/www.facebook.com\/miomiorun\/\",\"https:\/\/www.instagram.com\/miomiorun\/\"]}]}<\/script>\n<!-- \/ Yoast SEO plugin. -->","yoast_head_json":{"title":"Hoka One One Mafate 5 damen - Trailschuhe - MioMioRun","description":"Entdecken Sie den HOKA Mafate 5 f\u00fcr Damen: ein extrem widerstandsf\u00e4higer Trail-Laufschuh mit fortschrittlicher D\u00e4mpfung, Vibram\u00ae-Sohle und umfassendem Schutz f\u00fcr technische Strecken.","robots":{"index":"index","follow":"follow","max-snippet":"max-snippet:-1","max-image-preview":"max-image-preview:large","max-video-preview":"max-video-preview:-1"},"canonical":"https:\/\/www.miomiorun.com\/de\/produkt\/mafate-5-damen\/","og_locale":"de_DE","og_type":"article","og_title":"Hoka One One Mafate 5 damen - Trailschuhe - MioMioRun","og_description":"Entdecken Sie den HOKA Mafate 5 f\u00fcr Damen: ein extrem widerstandsf\u00e4higer Trail-Laufschuh mit fortschrittlicher D\u00e4mpfung, Vibram\u00ae-Sohle und umfassendem Schutz f\u00fcr technische Strecken.","og_url":"https:\/\/www.miomiorun.com\/de\/produkt\/mafate-5-damen\/","og_site_name":"MioMioRun","article_publisher":"https:\/\/www.facebook.com\/miomiorun\/","article_modified_time":"2025-08-27T14:02:37+00:00","og_image":[{"width":720,"height":720,"url":"https:\/\/www.miomiorun.com\/app\/uploads\/2025\/08\/hoka-Mafate-5-W-skyward-blue-black-1168723-SWRD.webp","type":"image\/webp"}],"twitter_card":"summary_large_image","twitter_misc":{"Est. reading time":"2 minutes"},"schema":{"@context":"https:\/\/schema.org","@graph":[{"@type":"WebPage","@id":"https:\/\/www.miomiorun.com\/de\/produkt\/mafate-5-damen\/","url":"https:\/\/www.miomiorun.com\/de\/produkt\/mafate-5-damen\/","name":"Hoka One One Mafate 5 damen - Trailschuhe - MioMioRun","isPartOf":{"@id":"https:\/\/www.miomiorun.com\/de\/#website"},"primaryImageOfPage":{"@id":"https:\/\/www.miomiorun.com\/de\/produkt\/mafate-5-damen\/#primaryimage"},"image":{"@id":"https:\/\/www.miomiorun.com\/de\/produkt\/mafate-5-damen\/#primaryimage"},"thumbnailUrl":"https:\/\/www.miomiorun.com\/app\/uploads\/2026\/02\/hoka-Mafate-5-W-ambient-blue-rosemary-1168723-ABNT.webp","datePublished":"2025-07-18T14:07:13+00:00","dateModified":"2025-08-27T14:02:37+00:00","description":"Entdecken Sie den HOKA Mafate 5 f\u00fcr Damen: ein extrem widerstandsf\u00e4higer Trail-Laufschuh mit fortschrittlicher D\u00e4mpfung, Vibram\u00ae-Sohle und umfassendem Schutz f\u00fcr technische Strecken.","breadcrumb":{"@id":"https:\/\/www.miomiorun.com\/de\/produkt\/mafate-5-damen\/#breadcrumb"},"inLanguage":"de-DE","potentialAction":[{"@type":"ReadAction","target":["https:\/\/www.miomiorun.com\/de\/produkt\/mafate-5-damen\/"]}]},{"@type":"ImageObject","inLanguage":"de-DE","@id":"https:\/\/www.miomiorun.com\/de\/produkt\/mafate-5-damen\/#primaryimage","url":"https:\/\/www.miomiorun.com\/app\/uploads\/2026\/02\/hoka-Mafate-5-W-ambient-blue-rosemary-1168723-ABNT.webp","contentUrl":"https:\/\/www.miomiorun.com\/app\/uploads\/2026\/02\/hoka-Mafate-5-W-ambient-blue-rosemary-1168723-ABNT.webp","width":720,"height":720,"caption":"hoka Mafate 5 W ambient blue rosemary 1168723 ABNT"},{"@type":"BreadcrumbList","@id":"https:\/\/www.miomiorun.com\/de\/produkt\/mafate-5-damen\/#breadcrumb","itemListElement":[{"@type":"ListItem","position":1,"name":"Home","item":"https:\/\/www.miomiorun.com\/de\/"},{"@type":"ListItem","position":2,"name":"Shop","item":"https:\/\/www.miomiorun.com\/shop\/"},{"@type":"ListItem","position":3,"name":"Mafate 5 damen"}]},{"@type":"WebSite","@id":"https:\/\/www.miomiorun.com\/de\/#website","url":"https:\/\/www.miomiorun.com\/de\/","name":"MioMioRun","description":"100% Lauf- und Trailshop","publisher":{"@id":"https:\/\/www.miomiorun.com\/de\/#organization"},"potentialAction":[{"@type":"SearchAction","target":{"@type":"EntryPoint","urlTemplate":"https:\/\/www.miomiorun.com\/de\/?s={search_term_string}"},"query-input":{"@type":"PropertyValueSpecification","valueRequired":true,"valueName":"search_term_string"}}],"inLanguage":"de-DE"},{"@type":"Organization","@id":"https:\/\/www.miomiorun.com\/de\/#organization","name":"MioMio Run","url":"https:\/\/www.miomiorun.com\/de\/","logo":{"@type":"ImageObject","inLanguage":"de-DE","@id":"https:\/\/www.miomiorun.com\/de\/#\/schema\/logo\/image\/","url":"https:\/\/www.miomiorun.com\/app\/uploads\/2019\/12\/logomio.png","contentUrl":"https:\/\/www.miomiorun.com\/app\/uploads\/2019\/12\/logomio.png","width":115,"height":82,"caption":"MioMio Run"},"image":{"@id":"https:\/\/www.miomiorun.com\/de\/#\/schema\/logo\/image\/"},"sameAs":["https:\/\/www.facebook.com\/miomiorun\/","https:\/\/www.instagram.com\/miomiorun\/"]}]}},"_links":{"self":[{"href":"https:\/\/www.miomiorun.com\/de\/wp-json\/wp\/v2\/product\/329061","targetHints":{"allow":["GET"]}}],"collection":[{"href":"https:\/\/www.miomiorun.com\/de\/wp-json\/wp\/v2\/product"}],"about":[{"href":"https:\/\/www.miomiorun.com\/de\/wp-json\/wp\/v2\/types\/product"}],"wp:featuredmedia":[{"embeddable":true,"href":"https:\/\/www.miomiorun.com\/de\/wp-json\/wp\/v2\/media\/395324"}],"wp:attachment":[{"href":"https:\/\/www.miomiorun.com\/de\/wp-json\/wp\/v2\/media?parent=329061"}],"wp:term":[{"taxonomy":"product_brand","embeddable":true,"href":"https:\/\/www.miomiorun.com\/de\/wp-json\/wp\/v2\/product_brand?post=329061"},{"taxonomy":"product_cat","embeddable":true,"href":"https:\/\/www.miomiorun.com\/de\/wp-json\/wp\/v2\/product_cat?post=329061"},{"taxonomy":"product_tag","embeddable":true,"href":"https:\/\/www.miomiorun.com\/de\/wp-json\/wp\/v2\/product_tag?post=329061"}],"curies":[{"name":"wp","href":"https:\/\/api.w.org\/{rel}","templated":true}]}}