{"id":328523,"date":"2025-07-17T17:18:57","date_gmt":"2025-07-17T15:18:57","guid":{"rendered":"https:\/\/miomiorun.com\/?post_type=product&#038;p=328523"},"modified":"2025-11-06T10:54:08","modified_gmt":"2025-11-06T09:54:08","slug":"paradigm-8-herren","status":"publish","type":"product","link":"https:\/\/www.miomiorun.com\/de\/produkt\/paradigm-8-herren\/","title":{"rendered":"Paradigm 8 herren"},"content":{"rendered":"<div class=\"vc-row container\"><div class=\"vc-column\"><div class=\"vc-column-text\"><\/p>\n<h4>Technische Daten<\/h4>\n<p>Kategorie: St\u00fctze<br \/>\nStapelh\u00f6he: 30 mm<br \/>\nOffset: 0 mm<br \/>\nGewicht: 307,6 g<br \/>\nIdeal f\u00fcr: Dieses Modell wurde entwickelt, um maximale D\u00e4mpfung und Stabilit\u00e4t zu gew\u00e4hrleisten. Es wurde f\u00fcr Langstreckenl\u00e4ufe und w\u00f6chentliche Trainingseinheiten mit maximalem Komfort und Halt konzipiert.<br \/>\nGewicht des Athleten: &gt; 80 kg<br \/>\nLaufgeschwindigkeit: &gt; 5,30 min\/km<br \/>\n<a href=\"https:\/\/miomiorun.com\/guida-alle-specifiche-tecniche\/\">Leitfaden zu den technischen Spezifikationen<\/a><\/p>\n<p><\/div><\/div><div class=\"vc-column\"><div class=\"vc-column-text\"><\/p>\n<p data-start=\"204\" data-end=\"505\">Der <strong data-start=\"207\" data-end=\"221\">Paradigm 8<\/strong> von Altra ist der perfekte Schuh f\u00fcr alle, die Halt und D\u00e4mpfung suchen, ohne auf Leichtigkeit und Komfort zu verzichten. Dieser Schuh wurde entwickelt, um deine F\u00fc\u00dfe auf einer nat\u00fcrlichen, geraden Linie zu begleiten, und hilft dir dabei, Lauf f\u00fcr Lauf einen effizienten, leichten und reaktionsschnellen Schritt zu bewahren.<\/p>\n<p data-start=\"507\" data-end=\"868\">Die Zwischensohle wurde mit der leichteren und weicheren <strong data-start=\"546\" data-end=\"572\">Altra EGO\u2122 MAX-Mischung<\/strong> aktualisiert, die f\u00fcr eine hervorragende D\u00e4mpfung und ein luxuri\u00f6ses Gef\u00fchl unter den F\u00fc\u00dfen sorgt. Die <strong data-start=\"697\" data-end=\"711\">GuideRail\u2122-Technologie<\/strong> kommt nur zum Einsatz, wenn sie ben\u00f6tigt wird, und bietet eine sanfte seitliche F\u00fchrung, um L\u00e4ufern mit \u00dcberpronation zu helfen, ohne jemals die nat\u00fcrliche Bewegung zu behindern.<\/p>\n<p data-start=\"870\" data-end=\"1139\">Das Obermaterial aus <strong data-start=\"883\" data-end=\"912\">neu gestaltetem technischem Mesh<\/strong> verbessert in Kombination mit dem Schn\u00fcrsystem die Atmungsaktivit\u00e4t und sorgt f\u00fcr eine bequeme und stabile Passform. Der <strong data-start=\"1031\" data-end=\"1064\">geformte Fersenkragen<\/strong> mit weichen Details sorgt f\u00fcr sofortigen Komfort vom ersten Tragen an.<\/p>\n<p data-start=\"1141\" data-end=\"1365\">Die klassische <strong data-start=\"1161\" data-end=\"1175\">FootShape\u2122<\/strong>-Passform von Altra bietet eine <strong data-start=\"1200\" data-end=\"1215\">breite Zehenkappe<\/strong>, die den Zehen Bewegungsfreiheit l\u00e4sst, w\u00e4hrend der <strong data-start=\"1272\" data-end=\"1293\">stabile Mittelfu\u00df<\/strong> und der <strong data-start=\"1299\" data-end=\"1319\">Null-Drop<\/strong> einen nat\u00fcrlichen und ausgewogenen Auftritt erm\u00f6glichen.<\/p>\n<h3 data-start=\"1967\" data-end=\"1994\"><strong data-start=\"1971\" data-end=\"1992\">F\u00fcr wen ist er gedacht?<\/strong><\/h3>\n<p data-start=\"1995\" data-end=\"2247\">Ideal f\u00fcr L\u00e4ufer, die <strong data-start=\"2025\" data-end=\"2085\">einen ged\u00e4mpften, st\u00fctzenden und nat\u00fcrlichen Laufschuh<\/strong> suchen, der nicht nur die F\u00fc\u00dfe, sondern auch die K\u00f6rperhaltung und den R\u00fccken st\u00fctzt. Wenn Sie einen Schuh suchen, der mit Ihnen zusammenarbeitet, ist der <strong data-start=\"2218\" data-end=\"2232\">Paradigm 8<\/strong> die richtige Wahl.<br \/>\n<\/div><\/div><\/div><\/p>\n","protected":false},"excerpt":{"rendered":"<ul>\n<li>Der ideale Schuh f\u00fcr Pronierer<\/li>\n<li>Super ged\u00e4mpft und leicht<\/li>\n<li>Ein Schuh, der dich beim Laufen begleitet<\/li>\n<\/ul>\n","protected":false},"featured_media":404710,"template":"","meta":{"_acf_changed":false,"inline_featured_image":false},"product_brand":[],"product_cat":[6507,6505],"product_tag":[13805,17997],"class_list":{"0":"post-328523","1":"product","2":"type-product","3":"status-publish","4":"has-post-thumbnail","6":"product_cat-herren-schuhe-de","7":"product_cat-stabilitaet-herren-schuhe-de","8":"product_tag-altra-de","9":"product_tag-altra-herren-de","10":"pa_attivita-gehen","11":"pa_attivita-running-de","12":"pa_colore-paradigm-8-blue-gray","13":"pa_marca-altra-de","14":"pa_sesso-herren","15":"pa_size-42-de","16":"pa_size-42-5-de","17":"pa_size-44-5-de","18":"pa_size-46-5-de","20":"first","21":"instock","22":"sale","23":"taxable","24":"shipping-taxable","25":"purchasable","26":"product-type-variable","27":"wvs-archive-product-wrapper"},"acf":[],"yoast_head":"<!-- This site is optimized with the Yoast SEO plugin v26.8 - https:\/\/yoast.com\/product\/yoast-seo-wordpress\/ -->\n<title>Altra Paradigm 8 herren - Stabile Laufschuhe - MioMioRun .com<\/title>\n<meta name=\"description\" content=\"Laufschuh Altra Paradigm 8: maximale Unterst\u00fctzung, D\u00e4mpfung und nat\u00fcrlicher Komfort dank GuideRail\u2122, EGO\u2122 MAX und FootShape\u2122-Passform.\" \/>\n<meta name=\"robots\" content=\"index, follow, max-snippet:-1, max-image-preview:large, max-video-preview:-1\" \/>\n<link rel=\"canonical\" href=\"https:\/\/www.miomiorun.com\/de\/produkt\/paradigm-8-herren\/\" \/>\n<meta property=\"og:locale\" content=\"de_DE\" \/>\n<meta property=\"og:type\" content=\"article\" \/>\n<meta property=\"og:title\" content=\"Altra Paradigm 8 herren - Stabile Laufschuhe - MioMioRun .com\" \/>\n<meta property=\"og:description\" content=\"Laufschuh Altra Paradigm 8: maximale Unterst\u00fctzung, D\u00e4mpfung und nat\u00fcrlicher Komfort dank GuideRail\u2122, EGO\u2122 MAX und FootShape\u2122-Passform.\" \/>\n<meta property=\"og:url\" content=\"https:\/\/www.miomiorun.com\/de\/produkt\/paradigm-8-herren\/\" \/>\n<meta property=\"og:site_name\" content=\"MioMioRun\" \/>\n<meta property=\"article:publisher\" content=\"https:\/\/www.facebook.com\/miomiorun\/\" \/>\n<meta property=\"article:modified_time\" content=\"2025-11-06T09:54:08+00:00\" \/>\n<meta property=\"og:image\" content=\"https:\/\/www.miomiorun.com\/app\/uploads\/2023\/06\/altra-paradigm-7-blue-AL0A82C54401.jpg\" \/>\n\t<meta property=\"og:image:width\" content=\"600\" \/>\n\t<meta property=\"og:image:height\" content=\"600\" \/>\n\t<meta property=\"og:image:type\" content=\"image\/jpeg\" \/>\n<meta name=\"twitter:card\" content=\"summary_large_image\" \/>\n<meta name=\"twitter:label1\" content=\"Est. reading time\" \/>\n\t<meta name=\"twitter:data1\" content=\"3 minutes\" \/>\n<script type=\"application\/ld+json\" class=\"yoast-schema-graph\">{\"@context\":\"https:\/\/schema.org\",\"@graph\":[{\"@type\":\"WebPage\",\"@id\":\"https:\/\/www.miomiorun.com\/de\/produkt\/paradigm-8-herren\/\",\"url\":\"https:\/\/www.miomiorun.com\/de\/produkt\/paradigm-8-herren\/\",\"name\":\"Altra Paradigm 8 herren - Stabile Laufschuhe - MioMioRun .com\",\"isPartOf\":{\"@id\":\"https:\/\/www.miomiorun.com\/de\/#website\"},\"primaryImageOfPage\":{\"@id\":\"https:\/\/www.miomiorun.com\/de\/produkt\/paradigm-8-herren\/#primaryimage\"},\"image\":{\"@id\":\"https:\/\/www.miomiorun.com\/de\/produkt\/paradigm-8-herren\/#primaryimage\"},\"thumbnailUrl\":\"https:\/\/www.miomiorun.com\/app\/uploads\/2026\/02\/Altra-Paradigm-8-blue-gray-AL0A85RM4201.webp\",\"datePublished\":\"2025-07-17T15:18:57+00:00\",\"dateModified\":\"2025-11-06T09:54:08+00:00\",\"description\":\"Laufschuh Altra Paradigm 8: maximale Unterst\u00fctzung, D\u00e4mpfung und nat\u00fcrlicher Komfort dank GuideRail\u2122, EGO\u2122 MAX und FootShape\u2122-Passform.\",\"breadcrumb\":{\"@id\":\"https:\/\/www.miomiorun.com\/de\/produkt\/paradigm-8-herren\/#breadcrumb\"},\"inLanguage\":\"de-DE\",\"potentialAction\":[{\"@type\":\"ReadAction\",\"target\":[\"https:\/\/www.miomiorun.com\/de\/produkt\/paradigm-8-herren\/\"]}]},{\"@type\":\"ImageObject\",\"inLanguage\":\"de-DE\",\"@id\":\"https:\/\/www.miomiorun.com\/de\/produkt\/paradigm-8-herren\/#primaryimage\",\"url\":\"https:\/\/www.miomiorun.com\/app\/uploads\/2026\/02\/Altra-Paradigm-8-blue-gray-AL0A85RM4201.webp\",\"contentUrl\":\"https:\/\/www.miomiorun.com\/app\/uploads\/2026\/02\/Altra-Paradigm-8-blue-gray-AL0A85RM4201.webp\",\"width\":720,\"height\":720,\"caption\":\"Altra Paradigm 8 blue gray AL0A85RM4201\"},{\"@type\":\"BreadcrumbList\",\"@id\":\"https:\/\/www.miomiorun.com\/de\/produkt\/paradigm-8-herren\/#breadcrumb\",\"itemListElement\":[{\"@type\":\"ListItem\",\"position\":1,\"name\":\"Home\",\"item\":\"https:\/\/www.miomiorun.com\/de\/\"},{\"@type\":\"ListItem\",\"position\":2,\"name\":\"Shop\",\"item\":\"https:\/\/www.miomiorun.com\/shop\/\"},{\"@type\":\"ListItem\",\"position\":3,\"name\":\"Paradigm 8 herren\"}]},{\"@type\":\"WebSite\",\"@id\":\"https:\/\/www.miomiorun.com\/de\/#website\",\"url\":\"https:\/\/www.miomiorun.com\/de\/\",\"name\":\"MioMioRun\",\"description\":\"100% Lauf- und Trailshop\",\"publisher\":{\"@id\":\"https:\/\/www.miomiorun.com\/de\/#organization\"},\"potentialAction\":[{\"@type\":\"SearchAction\",\"target\":{\"@type\":\"EntryPoint\",\"urlTemplate\":\"https:\/\/www.miomiorun.com\/de\/?s={search_term_string}\"},\"query-input\":{\"@type\":\"PropertyValueSpecification\",\"valueRequired\":true,\"valueName\":\"search_term_string\"}}],\"inLanguage\":\"de-DE\"},{\"@type\":\"Organization\",\"@id\":\"https:\/\/www.miomiorun.com\/de\/#organization\",\"name\":\"MioMio Run\",\"url\":\"https:\/\/www.miomiorun.com\/de\/\",\"logo\":{\"@type\":\"ImageObject\",\"inLanguage\":\"de-DE\",\"@id\":\"https:\/\/www.miomiorun.com\/de\/#\/schema\/logo\/image\/\",\"url\":\"https:\/\/www.miomiorun.com\/app\/uploads\/2019\/12\/logomio.png\",\"contentUrl\":\"https:\/\/www.miomiorun.com\/app\/uploads\/2019\/12\/logomio.png\",\"width\":115,\"height\":82,\"caption\":\"MioMio Run\"},\"image\":{\"@id\":\"https:\/\/www.miomiorun.com\/de\/#\/schema\/logo\/image\/\"},\"sameAs\":[\"https:\/\/www.facebook.com\/miomiorun\/\",\"https:\/\/www.instagram.com\/miomiorun\/\"]}]}<\/script>\n<!-- \/ Yoast SEO plugin. -->","yoast_head_json":{"title":"Altra Paradigm 8 herren - Stabile Laufschuhe - MioMioRun .com","description":"Laufschuh Altra Paradigm 8: maximale Unterst\u00fctzung, D\u00e4mpfung und nat\u00fcrlicher Komfort dank GuideRail\u2122, EGO\u2122 MAX und FootShape\u2122-Passform.","robots":{"index":"index","follow":"follow","max-snippet":"max-snippet:-1","max-image-preview":"max-image-preview:large","max-video-preview":"max-video-preview:-1"},"canonical":"https:\/\/www.miomiorun.com\/de\/produkt\/paradigm-8-herren\/","og_locale":"de_DE","og_type":"article","og_title":"Altra Paradigm 8 herren - Stabile Laufschuhe - MioMioRun .com","og_description":"Laufschuh Altra Paradigm 8: maximale Unterst\u00fctzung, D\u00e4mpfung und nat\u00fcrlicher Komfort dank GuideRail\u2122, EGO\u2122 MAX und FootShape\u2122-Passform.","og_url":"https:\/\/www.miomiorun.com\/de\/produkt\/paradigm-8-herren\/","og_site_name":"MioMioRun","article_publisher":"https:\/\/www.facebook.com\/miomiorun\/","article_modified_time":"2025-11-06T09:54:08+00:00","og_image":[{"width":600,"height":600,"url":"https:\/\/www.miomiorun.com\/app\/uploads\/2023\/06\/altra-paradigm-7-blue-AL0A82C54401.jpg","type":"image\/jpeg"}],"twitter_card":"summary_large_image","twitter_misc":{"Est. reading time":"3 minutes"},"schema":{"@context":"https:\/\/schema.org","@graph":[{"@type":"WebPage","@id":"https:\/\/www.miomiorun.com\/de\/produkt\/paradigm-8-herren\/","url":"https:\/\/www.miomiorun.com\/de\/produkt\/paradigm-8-herren\/","name":"Altra Paradigm 8 herren - Stabile Laufschuhe - MioMioRun .com","isPartOf":{"@id":"https:\/\/www.miomiorun.com\/de\/#website"},"primaryImageOfPage":{"@id":"https:\/\/www.miomiorun.com\/de\/produkt\/paradigm-8-herren\/#primaryimage"},"image":{"@id":"https:\/\/www.miomiorun.com\/de\/produkt\/paradigm-8-herren\/#primaryimage"},"thumbnailUrl":"https:\/\/www.miomiorun.com\/app\/uploads\/2026\/02\/Altra-Paradigm-8-blue-gray-AL0A85RM4201.webp","datePublished":"2025-07-17T15:18:57+00:00","dateModified":"2025-11-06T09:54:08+00:00","description":"Laufschuh Altra Paradigm 8: maximale Unterst\u00fctzung, D\u00e4mpfung und nat\u00fcrlicher Komfort dank GuideRail\u2122, EGO\u2122 MAX und FootShape\u2122-Passform.","breadcrumb":{"@id":"https:\/\/www.miomiorun.com\/de\/produkt\/paradigm-8-herren\/#breadcrumb"},"inLanguage":"de-DE","potentialAction":[{"@type":"ReadAction","target":["https:\/\/www.miomiorun.com\/de\/produkt\/paradigm-8-herren\/"]}]},{"@type":"ImageObject","inLanguage":"de-DE","@id":"https:\/\/www.miomiorun.com\/de\/produkt\/paradigm-8-herren\/#primaryimage","url":"https:\/\/www.miomiorun.com\/app\/uploads\/2026\/02\/Altra-Paradigm-8-blue-gray-AL0A85RM4201.webp","contentUrl":"https:\/\/www.miomiorun.com\/app\/uploads\/2026\/02\/Altra-Paradigm-8-blue-gray-AL0A85RM4201.webp","width":720,"height":720,"caption":"Altra Paradigm 8 blue gray AL0A85RM4201"},{"@type":"BreadcrumbList","@id":"https:\/\/www.miomiorun.com\/de\/produkt\/paradigm-8-herren\/#breadcrumb","itemListElement":[{"@type":"ListItem","position":1,"name":"Home","item":"https:\/\/www.miomiorun.com\/de\/"},{"@type":"ListItem","position":2,"name":"Shop","item":"https:\/\/www.miomiorun.com\/shop\/"},{"@type":"ListItem","position":3,"name":"Paradigm 8 herren"}]},{"@type":"WebSite","@id":"https:\/\/www.miomiorun.com\/de\/#website","url":"https:\/\/www.miomiorun.com\/de\/","name":"MioMioRun","description":"100% Lauf- und Trailshop","publisher":{"@id":"https:\/\/www.miomiorun.com\/de\/#organization"},"potentialAction":[{"@type":"SearchAction","target":{"@type":"EntryPoint","urlTemplate":"https:\/\/www.miomiorun.com\/de\/?s={search_term_string}"},"query-input":{"@type":"PropertyValueSpecification","valueRequired":true,"valueName":"search_term_string"}}],"inLanguage":"de-DE"},{"@type":"Organization","@id":"https:\/\/www.miomiorun.com\/de\/#organization","name":"MioMio Run","url":"https:\/\/www.miomiorun.com\/de\/","logo":{"@type":"ImageObject","inLanguage":"de-DE","@id":"https:\/\/www.miomiorun.com\/de\/#\/schema\/logo\/image\/","url":"https:\/\/www.miomiorun.com\/app\/uploads\/2019\/12\/logomio.png","contentUrl":"https:\/\/www.miomiorun.com\/app\/uploads\/2019\/12\/logomio.png","width":115,"height":82,"caption":"MioMio Run"},"image":{"@id":"https:\/\/www.miomiorun.com\/de\/#\/schema\/logo\/image\/"},"sameAs":["https:\/\/www.facebook.com\/miomiorun\/","https:\/\/www.instagram.com\/miomiorun\/"]}]}},"_links":{"self":[{"href":"https:\/\/www.miomiorun.com\/de\/wp-json\/wp\/v2\/product\/328523","targetHints":{"allow":["GET"]}}],"collection":[{"href":"https:\/\/www.miomiorun.com\/de\/wp-json\/wp\/v2\/product"}],"about":[{"href":"https:\/\/www.miomiorun.com\/de\/wp-json\/wp\/v2\/types\/product"}],"wp:featuredmedia":[{"embeddable":true,"href":"https:\/\/www.miomiorun.com\/de\/wp-json\/wp\/v2\/media\/404710"}],"wp:attachment":[{"href":"https:\/\/www.miomiorun.com\/de\/wp-json\/wp\/v2\/media?parent=328523"}],"wp:term":[{"taxonomy":"product_brand","embeddable":true,"href":"https:\/\/www.miomiorun.com\/de\/wp-json\/wp\/v2\/product_brand?post=328523"},{"taxonomy":"product_cat","embeddable":true,"href":"https:\/\/www.miomiorun.com\/de\/wp-json\/wp\/v2\/product_cat?post=328523"},{"taxonomy":"product_tag","embeddable":true,"href":"https:\/\/www.miomiorun.com\/de\/wp-json\/wp\/v2\/product_tag?post=328523"}],"curies":[{"name":"wp","href":"https:\/\/api.w.org\/{rel}","templated":true}]}}