{"id":328299,"date":"2025-07-17T15:32:42","date_gmt":"2025-07-17T13:32:42","guid":{"rendered":"https:\/\/miomiorun.com\/?post_type=product&#038;p=328299"},"modified":"2025-11-06T11:08:29","modified_gmt":"2025-11-06T10:08:29","slug":"olympus-275-damen","status":"publish","type":"product","link":"https:\/\/www.miomiorun.com\/de\/produkt\/olympus-275-damen\/","title":{"rendered":"Olympus 275 damen"},"content":{"rendered":"<div class=\"vc-row container\"><div class=\"vc-column\"><div class=\"vc-column-text\"><\/p>\n<p><strong>Technische Daten<\/strong><\/p>\n<p>Kategorie: Top-D\u00e4mpfung<br \/>\nOffset: o mm<br \/>\nStack-H\u00f6he: 33 mm<br \/>\nGewicht: 273,6 g<br \/>\nIdeal f\u00fcr: Offroad-L\u00e4ufer, die ein gut ged\u00e4mpftes Modell suchen, das sich f\u00fcr lange und mittlere Distanzen sowohl in den Bergen als auch auf unbefestigten Stra\u00dfen und gelegentlich auf Asphalt eignet.<br \/>\nGewicht des Athleten: 70-90 kg<br \/>\nLaufgeschwindigkeit: mittel (5,00 min\/km)<br \/>\n<a href=\"https:\/\/miomiorun.com\/guida-alle-specifiche-tecniche\/\">Leitfaden zu den technischen Daten<\/a><\/p>\n<p><\/div><\/div><div class=\"vc-column\"><div class=\"vc-column-text\"><\/p>\n<p class=\"ds-markdown-paragraph\">Bist du bereit, technisch anspruchsvolles Gel\u00e4nde mit einem Schuh zu bew\u00e4ltigen, der Leichtigkeit, Schutz und extreme Griffigkeit vereint? Der <strong>ALTRA Olympus 275<\/strong> wurde f\u00fcr alle entwickelt, die un\u00fcbertroffene Leistung auf Trails suchen, ohne Kompromisse beim Komfort einzugehen.<\/p>\n<p class=\"ds-markdown-paragraph\">Dank der <strong>Vibram\u00ae Megagrip-Sohle<\/strong> haben Sie au\u00dfergew\u00f6hnlichen Grip auf Felsen, Schlamm und nassen Oberfl\u00e4chen, w\u00e4hrend das <strong>mit Kevlar\u00ae verst\u00e4rkte MATRYX\u00ae-Obermaterial<\/strong> Sie vor Abrieb und St\u00f6\u00dfen sch\u00fctzt, ohne zus\u00e4tzliches Gewicht zu verursachen. Die <strong>integrierte Gamasche<\/strong> h\u00e4lt Steine und Schmutz fern, und das <strong>zonenweise Verstellsystem<\/strong> umschlie\u00dft den Fu\u00df wie eine zweite Haut.<\/p>\n<p class=\"ds-markdown-paragraph\">Die <strong>komprimierte EVA-Zwischensohle<\/strong> bietet reaktive D\u00e4mpfung f\u00fcr lange Strecken, und die <strong>breite Zehenkappe mit Null-Sprengung<\/strong> sorgt f\u00fcr einen nat\u00fcrlichen und stabilen Laufstil.<\/p>\n<p class=\"ds-markdown-paragraph\">Ob Sie ein erfahrener Trailrunner oder ein Wanderer sind, <strong>der Olympus 275 ist Ihre Geheimwaffe<\/strong>. Jeder Schritt wird sicher sein, jeder Kilometer ein Vergn\u00fcgen.<br \/>\n<\/div><\/div><\/div><\/p>\n","protected":false},"excerpt":{"rendered":"<ul>\n<li>Obermaterial MATRYX\u00ae + Kevlar\u00ae<\/li>\n<li>Integrierte Gamasche<\/li>\n<li>Zwischensohle aus komprimiertem EVA<\/li>\n<\/ul>\n","protected":false},"featured_media":404907,"template":"","meta":{"_acf_changed":false,"inline_featured_image":false},"product_brand":[],"product_cat":[6474,6491],"product_tag":[13805,13807],"class_list":{"0":"post-328299","1":"product","2":"type-product","3":"status-publish","4":"has-post-thumbnail","6":"product_cat-damenschuhe","7":"product_cat-damentrailschuhe","8":"product_tag-altra-de","9":"product_tag-altra-damen","10":"pa_attivita-outdoor-de","11":"pa_attivita-trail-de","12":"pa_colore-olympus-275-w-coral-black-de","13":"pa_colore-olympus-275-w-white","14":"pa_marca-altra-de","15":"pa_sesso-damen","16":"pa_size-38-de","17":"pa_size-38-5-de","18":"pa_size-39-de","19":"pa_size-40-de","20":"pa_size-40-5-de","21":"pa_size-41-de","23":"first","24":"instock","25":"sale","26":"taxable","27":"shipping-taxable","28":"purchasable","29":"product-type-variable","30":"wvs-archive-product-wrapper"},"acf":[],"yoast_head":"<!-- This site is optimized with the Yoast SEO plugin v26.8 - https:\/\/yoast.com\/product\/yoast-seo-wordpress\/ -->\n<title>Altra Olympus 275 damen - Trailschuhe f\u00fcr Damen - MioMioRun.com<\/title>\n<meta name=\"description\" content=\"ALTRA Olympus 275: Vibram\u00ae Megagrip-Sohle, mit Kevlar\u00ae verst\u00e4rktes Obermaterial und Zero Drop f\u00fcr maximale Stabilit\u00e4t und Grip auf technischem Gel\u00e4nde. Entdecken Sie sie mit uns!\" \/>\n<meta name=\"robots\" content=\"index, follow, max-snippet:-1, max-image-preview:large, max-video-preview:-1\" \/>\n<link rel=\"canonical\" href=\"https:\/\/www.miomiorun.com\/de\/produkt\/olympus-275-damen\/\" \/>\n<meta property=\"og:locale\" content=\"de_DE\" \/>\n<meta property=\"og:type\" content=\"article\" \/>\n<meta property=\"og:title\" content=\"Altra Olympus 275 damen - Trailschuhe f\u00fcr Damen - MioMioRun.com\" \/>\n<meta property=\"og:description\" content=\"ALTRA Olympus 275: Vibram\u00ae Megagrip-Sohle, mit Kevlar\u00ae verst\u00e4rktes Obermaterial und Zero Drop f\u00fcr maximale Stabilit\u00e4t und Grip auf technischem Gel\u00e4nde. Entdecken Sie sie mit uns!\" \/>\n<meta property=\"og:url\" content=\"https:\/\/www.miomiorun.com\/de\/produkt\/olympus-275-damen\/\" \/>\n<meta property=\"og:site_name\" content=\"MioMioRun\" \/>\n<meta property=\"article:publisher\" content=\"https:\/\/www.facebook.com\/miomiorun\/\" \/>\n<meta property=\"article:modified_time\" content=\"2025-11-06T10:08:29+00:00\" \/>\n<meta property=\"og:image\" content=\"https:\/\/www.miomiorun.com\/app\/uploads\/2025\/08\/altra-Olympus-275-W-coral-black-AL0A85RU602.webp\" \/>\n\t<meta property=\"og:image:width\" content=\"720\" \/>\n\t<meta property=\"og:image:height\" content=\"720\" \/>\n\t<meta property=\"og:image:type\" content=\"image\/webp\" \/>\n<meta name=\"twitter:card\" content=\"summary_large_image\" \/>\n<meta name=\"twitter:label1\" content=\"Est. reading time\" \/>\n\t<meta name=\"twitter:data1\" content=\"3 minutes\" \/>\n<script type=\"application\/ld+json\" class=\"yoast-schema-graph\">{\"@context\":\"https:\/\/schema.org\",\"@graph\":[{\"@type\":\"WebPage\",\"@id\":\"https:\/\/www.miomiorun.com\/de\/produkt\/olympus-275-damen\/\",\"url\":\"https:\/\/www.miomiorun.com\/de\/produkt\/olympus-275-damen\/\",\"name\":\"Altra Olympus 275 damen - Trailschuhe f\u00fcr Damen - MioMioRun.com\",\"isPartOf\":{\"@id\":\"https:\/\/www.miomiorun.com\/de\/#website\"},\"primaryImageOfPage\":{\"@id\":\"https:\/\/www.miomiorun.com\/de\/produkt\/olympus-275-damen\/#primaryimage\"},\"image\":{\"@id\":\"https:\/\/www.miomiorun.com\/de\/produkt\/olympus-275-damen\/#primaryimage\"},\"thumbnailUrl\":\"https:\/\/www.miomiorun.com\/app\/uploads\/2026\/02\/Altra-Olympus-275-W-white-AL0A85RU1101.webp\",\"datePublished\":\"2025-07-17T13:32:42+00:00\",\"dateModified\":\"2025-11-06T10:08:29+00:00\",\"description\":\"ALTRA Olympus 275: Vibram\u00ae Megagrip-Sohle, mit Kevlar\u00ae verst\u00e4rktes Obermaterial und Zero Drop f\u00fcr maximale Stabilit\u00e4t und Grip auf technischem Gel\u00e4nde. Entdecken Sie sie mit uns!\",\"breadcrumb\":{\"@id\":\"https:\/\/www.miomiorun.com\/de\/produkt\/olympus-275-damen\/#breadcrumb\"},\"inLanguage\":\"de-DE\",\"potentialAction\":[{\"@type\":\"ReadAction\",\"target\":[\"https:\/\/www.miomiorun.com\/de\/produkt\/olympus-275-damen\/\"]}]},{\"@type\":\"ImageObject\",\"inLanguage\":\"de-DE\",\"@id\":\"https:\/\/www.miomiorun.com\/de\/produkt\/olympus-275-damen\/#primaryimage\",\"url\":\"https:\/\/www.miomiorun.com\/app\/uploads\/2026\/02\/Altra-Olympus-275-W-white-AL0A85RU1101.webp\",\"contentUrl\":\"https:\/\/www.miomiorun.com\/app\/uploads\/2026\/02\/Altra-Olympus-275-W-white-AL0A85RU1101.webp\",\"width\":720,\"height\":720,\"caption\":\"Altra Olympus 275 W white AL0A85RU1101\"},{\"@type\":\"BreadcrumbList\",\"@id\":\"https:\/\/www.miomiorun.com\/de\/produkt\/olympus-275-damen\/#breadcrumb\",\"itemListElement\":[{\"@type\":\"ListItem\",\"position\":1,\"name\":\"Home\",\"item\":\"https:\/\/www.miomiorun.com\/de\/\"},{\"@type\":\"ListItem\",\"position\":2,\"name\":\"Shop\",\"item\":\"https:\/\/www.miomiorun.com\/shop\/\"},{\"@type\":\"ListItem\",\"position\":3,\"name\":\"Olympus 275 damen\"}]},{\"@type\":\"WebSite\",\"@id\":\"https:\/\/www.miomiorun.com\/de\/#website\",\"url\":\"https:\/\/www.miomiorun.com\/de\/\",\"name\":\"MioMioRun\",\"description\":\"100% Lauf- und Trailshop\",\"publisher\":{\"@id\":\"https:\/\/www.miomiorun.com\/de\/#organization\"},\"potentialAction\":[{\"@type\":\"SearchAction\",\"target\":{\"@type\":\"EntryPoint\",\"urlTemplate\":\"https:\/\/www.miomiorun.com\/de\/?s={search_term_string}\"},\"query-input\":{\"@type\":\"PropertyValueSpecification\",\"valueRequired\":true,\"valueName\":\"search_term_string\"}}],\"inLanguage\":\"de-DE\"},{\"@type\":\"Organization\",\"@id\":\"https:\/\/www.miomiorun.com\/de\/#organization\",\"name\":\"MioMio Run\",\"url\":\"https:\/\/www.miomiorun.com\/de\/\",\"logo\":{\"@type\":\"ImageObject\",\"inLanguage\":\"de-DE\",\"@id\":\"https:\/\/www.miomiorun.com\/de\/#\/schema\/logo\/image\/\",\"url\":\"https:\/\/www.miomiorun.com\/app\/uploads\/2019\/12\/logomio.png\",\"contentUrl\":\"https:\/\/www.miomiorun.com\/app\/uploads\/2019\/12\/logomio.png\",\"width\":115,\"height\":82,\"caption\":\"MioMio Run\"},\"image\":{\"@id\":\"https:\/\/www.miomiorun.com\/de\/#\/schema\/logo\/image\/\"},\"sameAs\":[\"https:\/\/www.facebook.com\/miomiorun\/\",\"https:\/\/www.instagram.com\/miomiorun\/\"]}]}<\/script>\n<!-- \/ Yoast SEO plugin. -->","yoast_head_json":{"title":"Altra Olympus 275 damen - Trailschuhe f\u00fcr Damen - MioMioRun.com","description":"ALTRA Olympus 275: Vibram\u00ae Megagrip-Sohle, mit Kevlar\u00ae verst\u00e4rktes Obermaterial und Zero Drop f\u00fcr maximale Stabilit\u00e4t und Grip auf technischem Gel\u00e4nde. Entdecken Sie sie mit uns!","robots":{"index":"index","follow":"follow","max-snippet":"max-snippet:-1","max-image-preview":"max-image-preview:large","max-video-preview":"max-video-preview:-1"},"canonical":"https:\/\/www.miomiorun.com\/de\/produkt\/olympus-275-damen\/","og_locale":"de_DE","og_type":"article","og_title":"Altra Olympus 275 damen - Trailschuhe f\u00fcr Damen - MioMioRun.com","og_description":"ALTRA Olympus 275: Vibram\u00ae Megagrip-Sohle, mit Kevlar\u00ae verst\u00e4rktes Obermaterial und Zero Drop f\u00fcr maximale Stabilit\u00e4t und Grip auf technischem Gel\u00e4nde. Entdecken Sie sie mit uns!","og_url":"https:\/\/www.miomiorun.com\/de\/produkt\/olympus-275-damen\/","og_site_name":"MioMioRun","article_publisher":"https:\/\/www.facebook.com\/miomiorun\/","article_modified_time":"2025-11-06T10:08:29+00:00","og_image":[{"width":720,"height":720,"url":"https:\/\/www.miomiorun.com\/app\/uploads\/2025\/08\/altra-Olympus-275-W-coral-black-AL0A85RU602.webp","type":"image\/webp"}],"twitter_card":"summary_large_image","twitter_misc":{"Est. reading time":"3 minutes"},"schema":{"@context":"https:\/\/schema.org","@graph":[{"@type":"WebPage","@id":"https:\/\/www.miomiorun.com\/de\/produkt\/olympus-275-damen\/","url":"https:\/\/www.miomiorun.com\/de\/produkt\/olympus-275-damen\/","name":"Altra Olympus 275 damen - Trailschuhe f\u00fcr Damen - MioMioRun.com","isPartOf":{"@id":"https:\/\/www.miomiorun.com\/de\/#website"},"primaryImageOfPage":{"@id":"https:\/\/www.miomiorun.com\/de\/produkt\/olympus-275-damen\/#primaryimage"},"image":{"@id":"https:\/\/www.miomiorun.com\/de\/produkt\/olympus-275-damen\/#primaryimage"},"thumbnailUrl":"https:\/\/www.miomiorun.com\/app\/uploads\/2026\/02\/Altra-Olympus-275-W-white-AL0A85RU1101.webp","datePublished":"2025-07-17T13:32:42+00:00","dateModified":"2025-11-06T10:08:29+00:00","description":"ALTRA Olympus 275: Vibram\u00ae Megagrip-Sohle, mit Kevlar\u00ae verst\u00e4rktes Obermaterial und Zero Drop f\u00fcr maximale Stabilit\u00e4t und Grip auf technischem Gel\u00e4nde. Entdecken Sie sie mit uns!","breadcrumb":{"@id":"https:\/\/www.miomiorun.com\/de\/produkt\/olympus-275-damen\/#breadcrumb"},"inLanguage":"de-DE","potentialAction":[{"@type":"ReadAction","target":["https:\/\/www.miomiorun.com\/de\/produkt\/olympus-275-damen\/"]}]},{"@type":"ImageObject","inLanguage":"de-DE","@id":"https:\/\/www.miomiorun.com\/de\/produkt\/olympus-275-damen\/#primaryimage","url":"https:\/\/www.miomiorun.com\/app\/uploads\/2026\/02\/Altra-Olympus-275-W-white-AL0A85RU1101.webp","contentUrl":"https:\/\/www.miomiorun.com\/app\/uploads\/2026\/02\/Altra-Olympus-275-W-white-AL0A85RU1101.webp","width":720,"height":720,"caption":"Altra Olympus 275 W white AL0A85RU1101"},{"@type":"BreadcrumbList","@id":"https:\/\/www.miomiorun.com\/de\/produkt\/olympus-275-damen\/#breadcrumb","itemListElement":[{"@type":"ListItem","position":1,"name":"Home","item":"https:\/\/www.miomiorun.com\/de\/"},{"@type":"ListItem","position":2,"name":"Shop","item":"https:\/\/www.miomiorun.com\/shop\/"},{"@type":"ListItem","position":3,"name":"Olympus 275 damen"}]},{"@type":"WebSite","@id":"https:\/\/www.miomiorun.com\/de\/#website","url":"https:\/\/www.miomiorun.com\/de\/","name":"MioMioRun","description":"100% Lauf- und Trailshop","publisher":{"@id":"https:\/\/www.miomiorun.com\/de\/#organization"},"potentialAction":[{"@type":"SearchAction","target":{"@type":"EntryPoint","urlTemplate":"https:\/\/www.miomiorun.com\/de\/?s={search_term_string}"},"query-input":{"@type":"PropertyValueSpecification","valueRequired":true,"valueName":"search_term_string"}}],"inLanguage":"de-DE"},{"@type":"Organization","@id":"https:\/\/www.miomiorun.com\/de\/#organization","name":"MioMio Run","url":"https:\/\/www.miomiorun.com\/de\/","logo":{"@type":"ImageObject","inLanguage":"de-DE","@id":"https:\/\/www.miomiorun.com\/de\/#\/schema\/logo\/image\/","url":"https:\/\/www.miomiorun.com\/app\/uploads\/2019\/12\/logomio.png","contentUrl":"https:\/\/www.miomiorun.com\/app\/uploads\/2019\/12\/logomio.png","width":115,"height":82,"caption":"MioMio Run"},"image":{"@id":"https:\/\/www.miomiorun.com\/de\/#\/schema\/logo\/image\/"},"sameAs":["https:\/\/www.facebook.com\/miomiorun\/","https:\/\/www.instagram.com\/miomiorun\/"]}]}},"_links":{"self":[{"href":"https:\/\/www.miomiorun.com\/de\/wp-json\/wp\/v2\/product\/328299","targetHints":{"allow":["GET"]}}],"collection":[{"href":"https:\/\/www.miomiorun.com\/de\/wp-json\/wp\/v2\/product"}],"about":[{"href":"https:\/\/www.miomiorun.com\/de\/wp-json\/wp\/v2\/types\/product"}],"wp:featuredmedia":[{"embeddable":true,"href":"https:\/\/www.miomiorun.com\/de\/wp-json\/wp\/v2\/media\/404907"}],"wp:attachment":[{"href":"https:\/\/www.miomiorun.com\/de\/wp-json\/wp\/v2\/media?parent=328299"}],"wp:term":[{"taxonomy":"product_brand","embeddable":true,"href":"https:\/\/www.miomiorun.com\/de\/wp-json\/wp\/v2\/product_brand?post=328299"},{"taxonomy":"product_cat","embeddable":true,"href":"https:\/\/www.miomiorun.com\/de\/wp-json\/wp\/v2\/product_cat?post=328299"},{"taxonomy":"product_tag","embeddable":true,"href":"https:\/\/www.miomiorun.com\/de\/wp-json\/wp\/v2\/product_tag?post=328299"}],"curies":[{"name":"wp","href":"https:\/\/api.w.org\/{rel}","templated":true}]}}