{"id":327992,"date":"2025-07-17T11:45:43","date_gmt":"2025-07-17T09:45:43","guid":{"rendered":"https:\/\/miomiorun.com\/?post_type=product&#038;p=327992"},"modified":"2025-11-05T19:15:05","modified_gmt":"2025-11-05T18:15:05","slug":"experience-wild-2-herren","status":"publish","type":"product","link":"https:\/\/www.miomiorun.com\/de\/produkt\/experience-wild-2-herren\/","title":{"rendered":"Experience Wild 2 herren"},"content":{"rendered":"<div class=\"vc-row container\"><div class=\"vc-column\"><div class=\"vc-column-text\"><\/p>\n<p><strong>Technische Daten<\/strong><\/p>\n<p>Kategorie: Top-D\u00e4mpfung<br \/>\nStack-H\u00f6he: 28 mm\/32 mm<br \/>\nOffset: 4 mm<br \/>\nGewicht: 293,4 g<br \/>\nIdeal f\u00fcr: Trailrunner und Bergwanderer, die ein leichtes, gut ged\u00e4mpftes und sch\u00fctzendes Modell suchen, das auch auf langen Strecken maximalen Komfort bietet.<br \/>\nGewicht des Sportlers: 60-70 kg<br \/>\nLaufgeschwindigkeit: mittel-schnell (4,30-6,00 min\/km)<br \/>\n<a href=\"https:\/\/miomiorun.com\/guida-alle-specifiche-tecniche\/\">Leitfaden zu den technischen Daten<\/a><\/p>\n<p><\/div><\/div><div class=\"vc-column\"><div class=\"vc-column-text\"><\/p>\n<p data-start=\"344\" data-end=\"803\">Mit dem neuen <strong data-start=\"416\" data-end=\"445\">Experience Wild 2 f\u00fcr Herren<\/strong>, dem <strong data-start=\"460\" data-end=\"477\">Trailrunning-Schuh<\/strong>, der f\u00fcr <strong data-start=\"503\" data-end=\"567\">hohe Leistung, unschlagbaren Grip und eine nat\u00fcrliche Passform<\/strong> unter allen Bedingungen entwickelt wurde, meistern Sie jeden Trail mit Entschlossenheit und Kontrolle. Dieser Schuh wurde f\u00fcr L\u00e4ufer entwickelt, die keine Kompromisse eingehen, und vereint <strong data-start=\"665\" data-end=\"702\">Innovation, Schutz und Komfort<\/strong> in einem leichten und dynamischen Design, das sich perfekt f\u00fcr anspruchsvolle Abenteuer in den Bergen oder im Wald eignet.<\/p>\n<p data-start=\"805\" data-end=\"1356\">Das <strong data-start=\"808\" data-end=\"834\">Obermaterial aus technischem Mesh<\/strong> wurde \u00fcberarbeitet und sorgt nun f\u00fcr eine <strong data-start=\"865\" data-end=\"891\">bessere Bel\u00fcftung<\/strong> und ein optimales W\u00e4rmemanagement bei intensiven Trainingseinheiten. Das <strong data-start=\"960\" data-end=\"993\">neue Schn\u00fcrsystem<\/strong> mit verst\u00e4rkter \u00d6se verbessert die <strong data-start=\"1047\" data-end=\"1075\">Passgenauigkeit<\/strong> zus\u00e4tzlich und sorgt f\u00fcr einen festen und stabilen Sitz, selbst in technisch anspruchsvollen Abschnitten. Bei steilen Abfahrten oder auf felsigem Untergrund sch\u00fctzt die <strong data-start=\"1191\" data-end=\"1210\">TPU-Verst\u00e4rkung<\/strong> an der Spitze wirksam vor St\u00f6\u00dfen, Kratzern und Abrieb und bietet eine ideale Widerstandsf\u00e4higkeit f\u00fcr anspruchsvollstes Gel\u00e4nde.<\/p>\n<p data-start=\"1358\" data-end=\"1607\">Eines der von Trailrunnern am meisten gesch\u00e4tzten Details ist das integrierte <strong data-start=\"1412\" data-end=\"1435\">GaiterTrap\u2122-System<\/strong>, mit dem sich <strong data-start=\"1463\" data-end=\"1498\">Gamaschen leicht befestigen lassen<\/strong> und das das Eindringen von Sand, Steinen oder Schmutz verhindert, sodass der Fu\u00df in jeder Situation sauber und gesch\u00fctzt bleibt.<\/p>\n<p data-start=\"1609\" data-end=\"1969\">Unter der Fu\u00dfsohle sorgt die Zwischensohle aus <strong data-start=\"1652\" data-end=\"1669\">komprimiertem EVA<\/strong> f\u00fcr ein reaktionsfreudiges, fl\u00fcssiges und nat\u00fcrliches Laufgef\u00fchl. Dank der Kombination mit der <strong data-start=\"1748\" data-end=\"1768\">Rocker-Geometrie<\/strong> und einem <strong data-start=\"1774\" data-end=\"1798\">reduzierten Drop von 4 mm<\/strong> f\u00f6rdert der Experience Wild 2 einen harmonischen \u00dcbergang beim Schritt und einen <strong data-start=\"1870\" data-end=\"1904\">effektiven Vorfu\u00dfauftritt<\/strong>, wobei die Biomechanik des Fu\u00dfes so nat\u00fcrlich wie m\u00f6glich bleibt.<\/p>\n<p data-start=\"1971\" data-end=\"2336\">Die <strong data-start=\"1974\" data-end=\"1992\">MaxTrac\u2122-Sohle<\/strong>, die f\u00fcr jede Art von Untergrund entwickelt wurde, bietet eine <strong data-start=\"2049\" data-end=\"2082\">aggressive, aber fl\u00fcssige Traktion<\/strong> und sorgt f\u00fcr maximalen Grip auf Schlamm, nassen Felsen, rutschigen Wegen und anspruchsvollen Anstiegen. Die <strong data-start=\"2180\" data-end=\"2197\">breite Zehenkappe<\/strong> erm\u00f6glicht auch bei langen Strecken eine freie Bewegung der Zehen, w\u00e4hrend der eng anliegende Mittelfu\u00dfbereich f\u00fcr Stabilit\u00e4t und Reaktionsf\u00e4higkeit sorgt.<br \/>\n<\/div><\/div><\/div>\n<\/p><\/p>\n","protected":false},"excerpt":{"rendered":"<ul>\n<li data-start=\"2658\" data-end=\"2745\">\n<p data-start=\"2660\" data-end=\"2745\">Obermaterial aus technischem Mesh<\/p>\n<\/li>\n<li data-start=\"2746\" data-end=\"2815\">\n<p data-start=\"2748\" data-end=\"2815\">Verst\u00e4rkte \u00d6se<\/p>\n<\/li>\n<li data-start=\"2816\" data-end=\"2890\">\n<p data-start=\"2818\" data-end=\"2890\">TPU-Verst\u00e4rkung an der Spitze<\/p>\n<\/li>\n<li data-start=\"2891\" data-end=\"2992\">\n<p data-start=\"2893\" data-end=\"2992\">Integriertes GaiterTrap\u2122-System<\/p>\n<\/li>\n<\/ul>\n","protected":false},"featured_media":335000,"template":"","meta":{"_acf_changed":false,"inline_featured_image":false},"product_brand":[],"product_cat":[6519,6516],"product_tag":[13805,17997],"class_list":{"0":"post-327992","1":"product","2":"type-product","3":"status-publish","4":"has-post-thumbnail","6":"product_cat-herrenschuhe-outlet-de","7":"product_cat-herren-sale-trail-de","8":"product_tag-altra-de","9":"product_tag-altra-herren-de","10":"pa_attivita-gehen","11":"pa_attivita-running-de","12":"pa_attivita-trail-de","13":"pa_colore-experience-wild-2-coral-black-de","14":"pa_colore-experience-wild-2-dusty-olive-de","15":"pa_marca-altra-de","16":"pa_sesso-herren","17":"pa_size-42-de","18":"pa_size-42-5-de","19":"pa_size-43-de","20":"pa_size-44-de","21":"pa_size-44-5-de","22":"pa_size-46-de","23":"pa_size-46-5-de","25":"first","26":"instock","27":"sale","28":"taxable","29":"shipping-taxable","30":"purchasable","31":"product-type-variable","32":"wvs-archive-product-wrapper"},"acf":[],"yoast_head":"<!-- This site is optimized with the Yoast SEO plugin v26.8 - https:\/\/yoast.com\/product\/yoast-seo-wordpress\/ -->\n<title>AltraExperience Wild 2 herren - Trailschuhe - MioMioRun.com<\/title>\n<meta name=\"description\" content=\"Experience Wild 2 Herren: leichter und sch\u00fctzender Trailrunning-Schuh mit MaxTrac\u2122-Sohle, reaktionsfreudiger Zwischensohle und atmungsaktivem Obermaterial. Grip und Komfort.\" \/>\n<meta name=\"robots\" content=\"index, follow, max-snippet:-1, max-image-preview:large, max-video-preview:-1\" \/>\n<link rel=\"canonical\" href=\"https:\/\/www.miomiorun.com\/de\/produkt\/experience-wild-2-herren\/\" \/>\n<meta property=\"og:locale\" content=\"de_DE\" \/>\n<meta property=\"og:type\" content=\"article\" \/>\n<meta property=\"og:title\" content=\"AltraExperience Wild 2 herren - Trailschuhe - MioMioRun.com\" \/>\n<meta property=\"og:description\" content=\"Experience Wild 2 Herren: leichter und sch\u00fctzender Trailrunning-Schuh mit MaxTrac\u2122-Sohle, reaktionsfreudiger Zwischensohle und atmungsaktivem Obermaterial. Grip und Komfort.\" \/>\n<meta property=\"og:url\" content=\"https:\/\/www.miomiorun.com\/de\/produkt\/experience-wild-2-herren\/\" \/>\n<meta property=\"og:site_name\" content=\"MioMioRun\" \/>\n<meta property=\"article:publisher\" content=\"https:\/\/www.facebook.com\/miomiorun\/\" \/>\n<meta property=\"article:modified_time\" content=\"2025-11-05T18:15:05+00:00\" \/>\n<meta property=\"og:image\" content=\"https:\/\/www.miomiorun.com\/app\/uploads\/2025\/08\/altra-Experience-Wild-2-coral-black-AL0A85RX602.webp\" \/>\n\t<meta property=\"og:image:width\" content=\"720\" \/>\n\t<meta property=\"og:image:height\" content=\"720\" \/>\n\t<meta property=\"og:image:type\" content=\"image\/webp\" \/>\n<meta name=\"twitter:card\" content=\"summary_large_image\" \/>\n<meta name=\"twitter:label1\" content=\"Est. reading time\" \/>\n\t<meta name=\"twitter:data1\" content=\"2 minutes\" \/>\n<script type=\"application\/ld+json\" class=\"yoast-schema-graph\">{\"@context\":\"https:\/\/schema.org\",\"@graph\":[{\"@type\":\"WebPage\",\"@id\":\"https:\/\/www.miomiorun.com\/de\/produkt\/experience-wild-2-herren\/\",\"url\":\"https:\/\/www.miomiorun.com\/de\/produkt\/experience-wild-2-herren\/\",\"name\":\"AltraExperience Wild 2 herren - Trailschuhe - MioMioRun.com\",\"isPartOf\":{\"@id\":\"https:\/\/www.miomiorun.com\/de\/#website\"},\"primaryImageOfPage\":{\"@id\":\"https:\/\/www.miomiorun.com\/de\/produkt\/experience-wild-2-herren\/#primaryimage\"},\"image\":{\"@id\":\"https:\/\/www.miomiorun.com\/de\/produkt\/experience-wild-2-herren\/#primaryimage\"},\"thumbnailUrl\":\"https:\/\/www.miomiorun.com\/app\/uploads\/2025\/08\/altra-Experience-Wild-2-coral-black-AL0A85RX602.webp\",\"datePublished\":\"2025-07-17T09:45:43+00:00\",\"dateModified\":\"2025-11-05T18:15:05+00:00\",\"description\":\"Experience Wild 2 Herren: leichter und sch\u00fctzender Trailrunning-Schuh mit MaxTrac\u2122-Sohle, reaktionsfreudiger Zwischensohle und atmungsaktivem Obermaterial. Grip und Komfort.\",\"breadcrumb\":{\"@id\":\"https:\/\/www.miomiorun.com\/de\/produkt\/experience-wild-2-herren\/#breadcrumb\"},\"inLanguage\":\"de-DE\",\"potentialAction\":[{\"@type\":\"ReadAction\",\"target\":[\"https:\/\/www.miomiorun.com\/de\/produkt\/experience-wild-2-herren\/\"]}]},{\"@type\":\"ImageObject\",\"inLanguage\":\"de-DE\",\"@id\":\"https:\/\/www.miomiorun.com\/de\/produkt\/experience-wild-2-herren\/#primaryimage\",\"url\":\"https:\/\/www.miomiorun.com\/app\/uploads\/2025\/08\/altra-Experience-Wild-2-coral-black-AL0A85RX602.webp\",\"contentUrl\":\"https:\/\/www.miomiorun.com\/app\/uploads\/2025\/08\/altra-Experience-Wild-2-coral-black-AL0A85RX602.webp\",\"width\":720,\"height\":720,\"caption\":\"altra Experience Wild 2 coral black AL0A85RX602\"},{\"@type\":\"BreadcrumbList\",\"@id\":\"https:\/\/www.miomiorun.com\/de\/produkt\/experience-wild-2-herren\/#breadcrumb\",\"itemListElement\":[{\"@type\":\"ListItem\",\"position\":1,\"name\":\"Home\",\"item\":\"https:\/\/www.miomiorun.com\/de\/\"},{\"@type\":\"ListItem\",\"position\":2,\"name\":\"Shop\",\"item\":\"https:\/\/www.miomiorun.com\/shop\/\"},{\"@type\":\"ListItem\",\"position\":3,\"name\":\"Experience Wild 2 herren\"}]},{\"@type\":\"WebSite\",\"@id\":\"https:\/\/www.miomiorun.com\/de\/#website\",\"url\":\"https:\/\/www.miomiorun.com\/de\/\",\"name\":\"MioMioRun\",\"description\":\"100% Lauf- und Trailshop\",\"publisher\":{\"@id\":\"https:\/\/www.miomiorun.com\/de\/#organization\"},\"potentialAction\":[{\"@type\":\"SearchAction\",\"target\":{\"@type\":\"EntryPoint\",\"urlTemplate\":\"https:\/\/www.miomiorun.com\/de\/?s={search_term_string}\"},\"query-input\":{\"@type\":\"PropertyValueSpecification\",\"valueRequired\":true,\"valueName\":\"search_term_string\"}}],\"inLanguage\":\"de-DE\"},{\"@type\":\"Organization\",\"@id\":\"https:\/\/www.miomiorun.com\/de\/#organization\",\"name\":\"MioMio Run\",\"url\":\"https:\/\/www.miomiorun.com\/de\/\",\"logo\":{\"@type\":\"ImageObject\",\"inLanguage\":\"de-DE\",\"@id\":\"https:\/\/www.miomiorun.com\/de\/#\/schema\/logo\/image\/\",\"url\":\"https:\/\/www.miomiorun.com\/app\/uploads\/2019\/12\/logomio.png\",\"contentUrl\":\"https:\/\/www.miomiorun.com\/app\/uploads\/2019\/12\/logomio.png\",\"width\":115,\"height\":82,\"caption\":\"MioMio Run\"},\"image\":{\"@id\":\"https:\/\/www.miomiorun.com\/de\/#\/schema\/logo\/image\/\"},\"sameAs\":[\"https:\/\/www.facebook.com\/miomiorun\/\",\"https:\/\/www.instagram.com\/miomiorun\/\"]}]}<\/script>\n<!-- \/ Yoast SEO plugin. -->","yoast_head_json":{"title":"AltraExperience Wild 2 herren - Trailschuhe - MioMioRun.com","description":"Experience Wild 2 Herren: leichter und sch\u00fctzender Trailrunning-Schuh mit MaxTrac\u2122-Sohle, reaktionsfreudiger Zwischensohle und atmungsaktivem Obermaterial. Grip und Komfort.","robots":{"index":"index","follow":"follow","max-snippet":"max-snippet:-1","max-image-preview":"max-image-preview:large","max-video-preview":"max-video-preview:-1"},"canonical":"https:\/\/www.miomiorun.com\/de\/produkt\/experience-wild-2-herren\/","og_locale":"de_DE","og_type":"article","og_title":"AltraExperience Wild 2 herren - Trailschuhe - MioMioRun.com","og_description":"Experience Wild 2 Herren: leichter und sch\u00fctzender Trailrunning-Schuh mit MaxTrac\u2122-Sohle, reaktionsfreudiger Zwischensohle und atmungsaktivem Obermaterial. Grip und Komfort.","og_url":"https:\/\/www.miomiorun.com\/de\/produkt\/experience-wild-2-herren\/","og_site_name":"MioMioRun","article_publisher":"https:\/\/www.facebook.com\/miomiorun\/","article_modified_time":"2025-11-05T18:15:05+00:00","og_image":[{"width":720,"height":720,"url":"https:\/\/www.miomiorun.com\/app\/uploads\/2025\/08\/altra-Experience-Wild-2-coral-black-AL0A85RX602.webp","type":"image\/webp"}],"twitter_card":"summary_large_image","twitter_misc":{"Est. reading time":"2 minutes"},"schema":{"@context":"https:\/\/schema.org","@graph":[{"@type":"WebPage","@id":"https:\/\/www.miomiorun.com\/de\/produkt\/experience-wild-2-herren\/","url":"https:\/\/www.miomiorun.com\/de\/produkt\/experience-wild-2-herren\/","name":"AltraExperience Wild 2 herren - Trailschuhe - MioMioRun.com","isPartOf":{"@id":"https:\/\/www.miomiorun.com\/de\/#website"},"primaryImageOfPage":{"@id":"https:\/\/www.miomiorun.com\/de\/produkt\/experience-wild-2-herren\/#primaryimage"},"image":{"@id":"https:\/\/www.miomiorun.com\/de\/produkt\/experience-wild-2-herren\/#primaryimage"},"thumbnailUrl":"https:\/\/www.miomiorun.com\/app\/uploads\/2025\/08\/altra-Experience-Wild-2-coral-black-AL0A85RX602.webp","datePublished":"2025-07-17T09:45:43+00:00","dateModified":"2025-11-05T18:15:05+00:00","description":"Experience Wild 2 Herren: leichter und sch\u00fctzender Trailrunning-Schuh mit MaxTrac\u2122-Sohle, reaktionsfreudiger Zwischensohle und atmungsaktivem Obermaterial. Grip und Komfort.","breadcrumb":{"@id":"https:\/\/www.miomiorun.com\/de\/produkt\/experience-wild-2-herren\/#breadcrumb"},"inLanguage":"de-DE","potentialAction":[{"@type":"ReadAction","target":["https:\/\/www.miomiorun.com\/de\/produkt\/experience-wild-2-herren\/"]}]},{"@type":"ImageObject","inLanguage":"de-DE","@id":"https:\/\/www.miomiorun.com\/de\/produkt\/experience-wild-2-herren\/#primaryimage","url":"https:\/\/www.miomiorun.com\/app\/uploads\/2025\/08\/altra-Experience-Wild-2-coral-black-AL0A85RX602.webp","contentUrl":"https:\/\/www.miomiorun.com\/app\/uploads\/2025\/08\/altra-Experience-Wild-2-coral-black-AL0A85RX602.webp","width":720,"height":720,"caption":"altra Experience Wild 2 coral black AL0A85RX602"},{"@type":"BreadcrumbList","@id":"https:\/\/www.miomiorun.com\/de\/produkt\/experience-wild-2-herren\/#breadcrumb","itemListElement":[{"@type":"ListItem","position":1,"name":"Home","item":"https:\/\/www.miomiorun.com\/de\/"},{"@type":"ListItem","position":2,"name":"Shop","item":"https:\/\/www.miomiorun.com\/shop\/"},{"@type":"ListItem","position":3,"name":"Experience Wild 2 herren"}]},{"@type":"WebSite","@id":"https:\/\/www.miomiorun.com\/de\/#website","url":"https:\/\/www.miomiorun.com\/de\/","name":"MioMioRun","description":"100% Lauf- und Trailshop","publisher":{"@id":"https:\/\/www.miomiorun.com\/de\/#organization"},"potentialAction":[{"@type":"SearchAction","target":{"@type":"EntryPoint","urlTemplate":"https:\/\/www.miomiorun.com\/de\/?s={search_term_string}"},"query-input":{"@type":"PropertyValueSpecification","valueRequired":true,"valueName":"search_term_string"}}],"inLanguage":"de-DE"},{"@type":"Organization","@id":"https:\/\/www.miomiorun.com\/de\/#organization","name":"MioMio Run","url":"https:\/\/www.miomiorun.com\/de\/","logo":{"@type":"ImageObject","inLanguage":"de-DE","@id":"https:\/\/www.miomiorun.com\/de\/#\/schema\/logo\/image\/","url":"https:\/\/www.miomiorun.com\/app\/uploads\/2019\/12\/logomio.png","contentUrl":"https:\/\/www.miomiorun.com\/app\/uploads\/2019\/12\/logomio.png","width":115,"height":82,"caption":"MioMio Run"},"image":{"@id":"https:\/\/www.miomiorun.com\/de\/#\/schema\/logo\/image\/"},"sameAs":["https:\/\/www.facebook.com\/miomiorun\/","https:\/\/www.instagram.com\/miomiorun\/"]}]}},"_links":{"self":[{"href":"https:\/\/www.miomiorun.com\/de\/wp-json\/wp\/v2\/product\/327992","targetHints":{"allow":["GET"]}}],"collection":[{"href":"https:\/\/www.miomiorun.com\/de\/wp-json\/wp\/v2\/product"}],"about":[{"href":"https:\/\/www.miomiorun.com\/de\/wp-json\/wp\/v2\/types\/product"}],"wp:featuredmedia":[{"embeddable":true,"href":"https:\/\/www.miomiorun.com\/de\/wp-json\/wp\/v2\/media\/335000"}],"wp:attachment":[{"href":"https:\/\/www.miomiorun.com\/de\/wp-json\/wp\/v2\/media?parent=327992"}],"wp:term":[{"taxonomy":"product_brand","embeddable":true,"href":"https:\/\/www.miomiorun.com\/de\/wp-json\/wp\/v2\/product_brand?post=327992"},{"taxonomy":"product_cat","embeddable":true,"href":"https:\/\/www.miomiorun.com\/de\/wp-json\/wp\/v2\/product_cat?post=327992"},{"taxonomy":"product_tag","embeddable":true,"href":"https:\/\/www.miomiorun.com\/de\/wp-json\/wp\/v2\/product_tag?post=327992"}],"curies":[{"name":"wp","href":"https:\/\/api.w.org\/{rel}","templated":true}]}}