{"id":327965,"date":"2025-07-17T11:45:46","date_gmt":"2025-07-17T09:45:46","guid":{"rendered":"https:\/\/miomiorun.com\/?post_type=product&#038;p=327965"},"modified":"2026-02-10T23:29:28","modified_gmt":"2026-02-10T22:29:28","slug":"experience-wild-2-damen","status":"publish","type":"product","link":"https:\/\/www.miomiorun.com\/de\/produkt\/experience-wild-2-damen\/","title":{"rendered":"Experience Wild 2 damen"},"content":{"rendered":"<div class=\"vc-row container\"><div class=\"vc-column\"><div class=\"vc-column-text\"><\/p>\n<p><strong>Technische Daten<\/strong><\/p>\n<p>Kategorie: moderate D\u00e4mpfung<br \/>\nStack-H\u00f6he: 26 mm\/30 mm<\/p>\n<p>Offset: 4 mm<br \/>\nGewicht: 249,5 g<br \/>\nIdeal f\u00fcr: Trailrunner und Bergwanderer, die ein leichtes, gut ged\u00e4mpftes und sch\u00fctzendes Modell suchen, das auch auf langen Strecken h\u00f6chsten Komfort bietet.<br \/>\nGewicht des Sportlers: 50-70 kg<br \/>\nLaufgeschwindigkeit: mittel-schnell (4,30-6,00 min\/km)<br \/>\n<a href=\"https:\/\/miomiorun.com\/guida-alle-specifiche-tecniche\/\">Leitfaden zu den technischen Spezifikationen<\/a><\/p>\n<p><\/div><\/div><div class=\"vc-column\"><div class=\"vc-column-text\"><\/p>\n<p data-start=\"240\" data-end=\"531\">Entdecken Sie den neuen <strong data-start=\"256\" data-end=\"277\">Experience Wild 2<\/strong>, den <strong data-start=\"292\" data-end=\"309\">Trailrunning-Schuh<\/strong> f\u00fcr alle, die <strong data-start=\"335\" data-end=\"380\">Leichtigkeit, Schutz und au\u00dfergew\u00f6hnlichen Grip<\/strong> auf jedem Terrain suchen. Jedes Detail wurde optimiert, um Ihnen einen nat\u00fcrlichen Laufstil und eine ma\u00dfgeschneiderte Passform zu bieten, selbst auf technisch anspruchsvollen Trails.<\/p>\n<p data-start=\"533\" data-end=\"880\">Das \u00fcberarbeitete Mesh-Obermaterial verbessert die <strong data-start=\"574\" data-end=\"592\">Atmungsaktivit\u00e4t<\/strong>, w\u00e4hrend das neue Schn\u00fcrsystem eine <strong data-start=\"649\" data-end=\"676\">pr\u00e4zisere Passform<\/strong> gew\u00e4hrleistet. Die <strong data-start=\"681\" data-end=\"700\">TPU-Verst\u00e4rkung<\/strong> an der Spitze sch\u00fctzt die Zehen vor St\u00f6\u00dfen und Absch\u00fcrfungen durch Felsen und Wurzeln. Dank des <strong data-start=\"779\" data-end=\"802\">GaiterTrap\u2122-Systems<\/strong> kannst du deine Trail-Gamaschen einfach befestigen und das Eindringen von Schmutz verhindern.<\/p>\n<p data-start=\"882\" data-end=\"1285\">Die reaktionsfreudige Schaumstoff-Zwischensohle sorgt f\u00fcr <strong data-start=\"924\" data-end=\"956\">Komfort und Energier\u00fcckgabe<\/strong>, w\u00e4hrend die <strong data-start=\"974\" data-end=\"986\">MaxTrac\u2122-Sohle<\/strong> f\u00fcr <strong data-start=\"1001\" data-end=\"1023\">hervorragende Traktion<\/strong> beim Auf- und Abstieg sorgt. Der <strong data-start=\"1051\" data-end=\"1067\">4-mm-Drop<\/strong> und die <strong data-start=\"1073\" data-end=\"1093\">Rocker-Geometrie<\/strong> sorgen f\u00fcr einen fl\u00fcssigen, nat\u00fcrlichen Abrollvorgang mit mehr Antrieb im Vorfu\u00dfbereich. Und dank der breiten Zehenkappe und der passgenauen Passform im Mittelfu\u00dfbereich hast du alle Freiheiten, die du brauchst, um dein volles Potenzial auszusch\u00f6pfen.<br \/>\n<\/div><\/div><\/div><\/p>\n","protected":false},"excerpt":{"rendered":"<ul>\n<li data-start=\"1474\" data-end=\"1570\">\n<p data-start=\"1476\" data-end=\"1570\">Obermaterial aus atmungsaktivem Mesh<\/p>\n<\/li>\n<li data-start=\"1571\" data-end=\"1658\">\n<p data-start=\"1573\" data-end=\"1658\">TPU-Verst\u00e4rkung<\/p>\n<\/li>\n<li data-start=\"1659\" data-end=\"1761\">\n<p data-start=\"1661\" data-end=\"1761\">GaiterTrap\u2122-System<\/p>\n<\/li>\n<li data-start=\"1762\" data-end=\"1830\">\n<p data-start=\"1764\" data-end=\"1830\">Neue \u00d6se<\/p>\n<\/li>\n<\/ul>\n","protected":false},"featured_media":336210,"template":"","meta":{"_acf_changed":false,"inline_featured_image":false},"product_brand":[],"product_cat":[6501,6536],"product_tag":[13805,13807],"class_list":{"0":"post-327965","1":"product","2":"type-product","3":"status-publish","4":"has-post-thumbnail","6":"product_cat-sale-damen-schuhe-de","7":"product_cat-sale-damen-trail-de","8":"product_tag-altra-de","9":"product_tag-altra-damen","10":"pa_attivita-gehen","11":"pa_attivita-running-de","12":"pa_attivita-trail-de","13":"pa_colore-experience-wild-2-w-maroon-de","14":"pa_colore-experience-wild-2-w-navy-black-de","15":"pa_marca-altra-de","16":"pa_sesso-damen","17":"pa_size-38-de","18":"pa_size-38-5-de","19":"pa_size-40-5-de","21":"first","22":"instock","23":"sale","24":"taxable","25":"shipping-taxable","26":"purchasable","27":"product-type-variable","28":"wvs-archive-product-wrapper"},"acf":[],"yoast_head":"<!-- This site is optimized with the Yoast SEO plugin v26.8 - https:\/\/yoast.com\/product\/yoast-seo-wordpress\/ -->\n<title>Altra Experience Wild 2 damen - Trailschuhe - MioMioRun.com<\/title>\n<meta name=\"description\" content=\"Experience Wild 2: leichter, atmungsaktiver und sch\u00fctzender Trailrunning-Schuh mit MaxTrac\u2122-Sohle, reaktionsfreudiger Zwischensohle und Rocker-Geometrie. Hervorragender Grip und nat\u00fcrliche Passform.\" \/>\n<meta name=\"robots\" content=\"index, follow, max-snippet:-1, max-image-preview:large, max-video-preview:-1\" \/>\n<link rel=\"canonical\" href=\"https:\/\/www.miomiorun.com\/de\/produkt\/experience-wild-2-damen\/\" \/>\n<meta property=\"og:locale\" content=\"de_DE\" \/>\n<meta property=\"og:type\" content=\"article\" \/>\n<meta property=\"og:title\" content=\"Altra Experience Wild 2 damen - Trailschuhe - MioMioRun.com\" \/>\n<meta property=\"og:description\" content=\"Experience Wild 2: leichter, atmungsaktiver und sch\u00fctzender Trailrunning-Schuh mit MaxTrac\u2122-Sohle, reaktionsfreudiger Zwischensohle und Rocker-Geometrie. Hervorragender Grip und nat\u00fcrliche Passform.\" \/>\n<meta property=\"og:url\" content=\"https:\/\/www.miomiorun.com\/de\/produkt\/experience-wild-2-damen\/\" \/>\n<meta property=\"og:site_name\" content=\"MioMioRun\" \/>\n<meta property=\"article:publisher\" content=\"https:\/\/www.facebook.com\/miomiorun\/\" \/>\n<meta property=\"article:modified_time\" content=\"2026-02-10T22:29:28+00:00\" \/>\n<meta property=\"og:image\" content=\"https:\/\/www.miomiorun.com\/app\/uploads\/2025\/08\/altra-Experience-Wild-2-W-maroon-AL0A85RY666.webp\" \/>\n\t<meta property=\"og:image:width\" content=\"720\" \/>\n\t<meta property=\"og:image:height\" content=\"720\" \/>\n\t<meta property=\"og:image:type\" content=\"image\/webp\" \/>\n<meta name=\"twitter:card\" content=\"summary_large_image\" \/>\n<meta name=\"twitter:label1\" content=\"Est. reading time\" \/>\n\t<meta name=\"twitter:data1\" content=\"1 minute\" \/>\n<script type=\"application\/ld+json\" class=\"yoast-schema-graph\">{\"@context\":\"https:\/\/schema.org\",\"@graph\":[{\"@type\":\"WebPage\",\"@id\":\"https:\/\/www.miomiorun.com\/de\/produkt\/experience-wild-2-damen\/\",\"url\":\"https:\/\/www.miomiorun.com\/de\/produkt\/experience-wild-2-damen\/\",\"name\":\"Altra Experience Wild 2 damen - Trailschuhe - MioMioRun.com\",\"isPartOf\":{\"@id\":\"https:\/\/www.miomiorun.com\/de\/#website\"},\"primaryImageOfPage\":{\"@id\":\"https:\/\/www.miomiorun.com\/de\/produkt\/experience-wild-2-damen\/#primaryimage\"},\"image\":{\"@id\":\"https:\/\/www.miomiorun.com\/de\/produkt\/experience-wild-2-damen\/#primaryimage\"},\"thumbnailUrl\":\"https:\/\/www.miomiorun.com\/app\/uploads\/2025\/08\/altra-Experience-Wild-2-W-maroon-AL0A85RY666.webp\",\"datePublished\":\"2025-07-17T09:45:46+00:00\",\"dateModified\":\"2026-02-10T22:29:28+00:00\",\"description\":\"Experience Wild 2: leichter, atmungsaktiver und sch\u00fctzender Trailrunning-Schuh mit MaxTrac\u2122-Sohle, reaktionsfreudiger Zwischensohle und Rocker-Geometrie. Hervorragender Grip und nat\u00fcrliche Passform.\",\"breadcrumb\":{\"@id\":\"https:\/\/www.miomiorun.com\/de\/produkt\/experience-wild-2-damen\/#breadcrumb\"},\"inLanguage\":\"de-DE\",\"potentialAction\":[{\"@type\":\"ReadAction\",\"target\":[\"https:\/\/www.miomiorun.com\/de\/produkt\/experience-wild-2-damen\/\"]}]},{\"@type\":\"ImageObject\",\"inLanguage\":\"de-DE\",\"@id\":\"https:\/\/www.miomiorun.com\/de\/produkt\/experience-wild-2-damen\/#primaryimage\",\"url\":\"https:\/\/www.miomiorun.com\/app\/uploads\/2025\/08\/altra-Experience-Wild-2-W-maroon-AL0A85RY666.webp\",\"contentUrl\":\"https:\/\/www.miomiorun.com\/app\/uploads\/2025\/08\/altra-Experience-Wild-2-W-maroon-AL0A85RY666.webp\",\"width\":720,\"height\":720,\"caption\":\"altra Experience Wild 2 W maroon AL0A85RY666\"},{\"@type\":\"BreadcrumbList\",\"@id\":\"https:\/\/www.miomiorun.com\/de\/produkt\/experience-wild-2-damen\/#breadcrumb\",\"itemListElement\":[{\"@type\":\"ListItem\",\"position\":1,\"name\":\"Home\",\"item\":\"https:\/\/www.miomiorun.com\/de\/\"},{\"@type\":\"ListItem\",\"position\":2,\"name\":\"Shop\",\"item\":\"https:\/\/www.miomiorun.com\/shop\/\"},{\"@type\":\"ListItem\",\"position\":3,\"name\":\"Experience Wild 2 damen\"}]},{\"@type\":\"WebSite\",\"@id\":\"https:\/\/www.miomiorun.com\/de\/#website\",\"url\":\"https:\/\/www.miomiorun.com\/de\/\",\"name\":\"MioMioRun\",\"description\":\"100% Lauf- und Trailshop\",\"publisher\":{\"@id\":\"https:\/\/www.miomiorun.com\/de\/#organization\"},\"potentialAction\":[{\"@type\":\"SearchAction\",\"target\":{\"@type\":\"EntryPoint\",\"urlTemplate\":\"https:\/\/www.miomiorun.com\/de\/?s={search_term_string}\"},\"query-input\":{\"@type\":\"PropertyValueSpecification\",\"valueRequired\":true,\"valueName\":\"search_term_string\"}}],\"inLanguage\":\"de-DE\"},{\"@type\":\"Organization\",\"@id\":\"https:\/\/www.miomiorun.com\/de\/#organization\",\"name\":\"MioMio Run\",\"url\":\"https:\/\/www.miomiorun.com\/de\/\",\"logo\":{\"@type\":\"ImageObject\",\"inLanguage\":\"de-DE\",\"@id\":\"https:\/\/www.miomiorun.com\/de\/#\/schema\/logo\/image\/\",\"url\":\"https:\/\/www.miomiorun.com\/app\/uploads\/2019\/12\/logomio.png\",\"contentUrl\":\"https:\/\/www.miomiorun.com\/app\/uploads\/2019\/12\/logomio.png\",\"width\":115,\"height\":82,\"caption\":\"MioMio Run\"},\"image\":{\"@id\":\"https:\/\/www.miomiorun.com\/de\/#\/schema\/logo\/image\/\"},\"sameAs\":[\"https:\/\/www.facebook.com\/miomiorun\/\",\"https:\/\/www.instagram.com\/miomiorun\/\"]}]}<\/script>\n<!-- \/ Yoast SEO plugin. -->","yoast_head_json":{"title":"Altra Experience Wild 2 damen - Trailschuhe - MioMioRun.com","description":"Experience Wild 2: leichter, atmungsaktiver und sch\u00fctzender Trailrunning-Schuh mit MaxTrac\u2122-Sohle, reaktionsfreudiger Zwischensohle und Rocker-Geometrie. Hervorragender Grip und nat\u00fcrliche Passform.","robots":{"index":"index","follow":"follow","max-snippet":"max-snippet:-1","max-image-preview":"max-image-preview:large","max-video-preview":"max-video-preview:-1"},"canonical":"https:\/\/www.miomiorun.com\/de\/produkt\/experience-wild-2-damen\/","og_locale":"de_DE","og_type":"article","og_title":"Altra Experience Wild 2 damen - Trailschuhe - MioMioRun.com","og_description":"Experience Wild 2: leichter, atmungsaktiver und sch\u00fctzender Trailrunning-Schuh mit MaxTrac\u2122-Sohle, reaktionsfreudiger Zwischensohle und Rocker-Geometrie. Hervorragender Grip und nat\u00fcrliche Passform.","og_url":"https:\/\/www.miomiorun.com\/de\/produkt\/experience-wild-2-damen\/","og_site_name":"MioMioRun","article_publisher":"https:\/\/www.facebook.com\/miomiorun\/","article_modified_time":"2026-02-10T22:29:28+00:00","og_image":[{"width":720,"height":720,"url":"https:\/\/www.miomiorun.com\/app\/uploads\/2025\/08\/altra-Experience-Wild-2-W-maroon-AL0A85RY666.webp","type":"image\/webp"}],"twitter_card":"summary_large_image","twitter_misc":{"Est. reading time":"1 minute"},"schema":{"@context":"https:\/\/schema.org","@graph":[{"@type":"WebPage","@id":"https:\/\/www.miomiorun.com\/de\/produkt\/experience-wild-2-damen\/","url":"https:\/\/www.miomiorun.com\/de\/produkt\/experience-wild-2-damen\/","name":"Altra Experience Wild 2 damen - Trailschuhe - MioMioRun.com","isPartOf":{"@id":"https:\/\/www.miomiorun.com\/de\/#website"},"primaryImageOfPage":{"@id":"https:\/\/www.miomiorun.com\/de\/produkt\/experience-wild-2-damen\/#primaryimage"},"image":{"@id":"https:\/\/www.miomiorun.com\/de\/produkt\/experience-wild-2-damen\/#primaryimage"},"thumbnailUrl":"https:\/\/www.miomiorun.com\/app\/uploads\/2025\/08\/altra-Experience-Wild-2-W-maroon-AL0A85RY666.webp","datePublished":"2025-07-17T09:45:46+00:00","dateModified":"2026-02-10T22:29:28+00:00","description":"Experience Wild 2: leichter, atmungsaktiver und sch\u00fctzender Trailrunning-Schuh mit MaxTrac\u2122-Sohle, reaktionsfreudiger Zwischensohle und Rocker-Geometrie. Hervorragender Grip und nat\u00fcrliche Passform.","breadcrumb":{"@id":"https:\/\/www.miomiorun.com\/de\/produkt\/experience-wild-2-damen\/#breadcrumb"},"inLanguage":"de-DE","potentialAction":[{"@type":"ReadAction","target":["https:\/\/www.miomiorun.com\/de\/produkt\/experience-wild-2-damen\/"]}]},{"@type":"ImageObject","inLanguage":"de-DE","@id":"https:\/\/www.miomiorun.com\/de\/produkt\/experience-wild-2-damen\/#primaryimage","url":"https:\/\/www.miomiorun.com\/app\/uploads\/2025\/08\/altra-Experience-Wild-2-W-maroon-AL0A85RY666.webp","contentUrl":"https:\/\/www.miomiorun.com\/app\/uploads\/2025\/08\/altra-Experience-Wild-2-W-maroon-AL0A85RY666.webp","width":720,"height":720,"caption":"altra Experience Wild 2 W maroon AL0A85RY666"},{"@type":"BreadcrumbList","@id":"https:\/\/www.miomiorun.com\/de\/produkt\/experience-wild-2-damen\/#breadcrumb","itemListElement":[{"@type":"ListItem","position":1,"name":"Home","item":"https:\/\/www.miomiorun.com\/de\/"},{"@type":"ListItem","position":2,"name":"Shop","item":"https:\/\/www.miomiorun.com\/shop\/"},{"@type":"ListItem","position":3,"name":"Experience Wild 2 damen"}]},{"@type":"WebSite","@id":"https:\/\/www.miomiorun.com\/de\/#website","url":"https:\/\/www.miomiorun.com\/de\/","name":"MioMioRun","description":"100% Lauf- und Trailshop","publisher":{"@id":"https:\/\/www.miomiorun.com\/de\/#organization"},"potentialAction":[{"@type":"SearchAction","target":{"@type":"EntryPoint","urlTemplate":"https:\/\/www.miomiorun.com\/de\/?s={search_term_string}"},"query-input":{"@type":"PropertyValueSpecification","valueRequired":true,"valueName":"search_term_string"}}],"inLanguage":"de-DE"},{"@type":"Organization","@id":"https:\/\/www.miomiorun.com\/de\/#organization","name":"MioMio Run","url":"https:\/\/www.miomiorun.com\/de\/","logo":{"@type":"ImageObject","inLanguage":"de-DE","@id":"https:\/\/www.miomiorun.com\/de\/#\/schema\/logo\/image\/","url":"https:\/\/www.miomiorun.com\/app\/uploads\/2019\/12\/logomio.png","contentUrl":"https:\/\/www.miomiorun.com\/app\/uploads\/2019\/12\/logomio.png","width":115,"height":82,"caption":"MioMio Run"},"image":{"@id":"https:\/\/www.miomiorun.com\/de\/#\/schema\/logo\/image\/"},"sameAs":["https:\/\/www.facebook.com\/miomiorun\/","https:\/\/www.instagram.com\/miomiorun\/"]}]}},"_links":{"self":[{"href":"https:\/\/www.miomiorun.com\/de\/wp-json\/wp\/v2\/product\/327965","targetHints":{"allow":["GET"]}}],"collection":[{"href":"https:\/\/www.miomiorun.com\/de\/wp-json\/wp\/v2\/product"}],"about":[{"href":"https:\/\/www.miomiorun.com\/de\/wp-json\/wp\/v2\/types\/product"}],"wp:featuredmedia":[{"embeddable":true,"href":"https:\/\/www.miomiorun.com\/de\/wp-json\/wp\/v2\/media\/336210"}],"wp:attachment":[{"href":"https:\/\/www.miomiorun.com\/de\/wp-json\/wp\/v2\/media?parent=327965"}],"wp:term":[{"taxonomy":"product_brand","embeddable":true,"href":"https:\/\/www.miomiorun.com\/de\/wp-json\/wp\/v2\/product_brand?post=327965"},{"taxonomy":"product_cat","embeddable":true,"href":"https:\/\/www.miomiorun.com\/de\/wp-json\/wp\/v2\/product_cat?post=327965"},{"taxonomy":"product_tag","embeddable":true,"href":"https:\/\/www.miomiorun.com\/de\/wp-json\/wp\/v2\/product_tag?post=327965"}],"curies":[{"name":"wp","href":"https:\/\/api.w.org\/{rel}","templated":true}]}}