{"id":327524,"date":"2025-07-17T09:52:28","date_gmt":"2025-07-17T07:52:28","guid":{"rendered":"https:\/\/miomiorun.com\/?post_type=product&#038;p=327524"},"modified":"2026-03-03T19:30:03","modified_gmt":"2026-03-03T18:30:03","slug":"experience-flow-2-damen","status":"publish","type":"product","link":"https:\/\/www.miomiorun.com\/de\/produkt\/experience-flow-2-damen\/","title":{"rendered":"Experience Flow 2 damen"},"content":{"rendered":"<div class=\"vc-row container\"><div class=\"vc-column\"><div class=\"vc-column-text\"><\/p>\n<p><strong>Technische Daten<\/strong><\/p>\n<p>Kategorie: moderate D\u00e4mpfung<br \/>\nSohlenh\u00f6he: 26 mm\/30 mm<br \/>\nOffset: 4 mm<br \/>\nGewicht: 199,8 g<br \/>\nIdeal f\u00fcr: L\u00e4ufer, die gerne auf der Stra\u00dfe laufen und einen Schuh mit moderater D\u00e4mpfung f\u00fcr ein noch agileres und effektiveres Laufen suchen, ideal f\u00fcr lange und mittlere Distanzen.<br \/>\nGewicht des Athleten: 50-70 kg<br \/>\nLaufgeschwindigkeit: mittel (4,50 min\/km)<br \/>\n<a href=\"https:\/\/miomiorun.com\/guida-alle-specifiche-tecniche\/\">Leitfaden zu den technischen Daten<\/a><\/p>\n<p><\/div><\/div><div class=\"vc-column\"><div class=\"vc-column-text\"><\/p>\n<p class=\"ds-markdown-paragraph\">Sind Sie bereit, jeden Lauf zu einem Erlebnis purer Leichtigkeit zu machen? Der neue <strong>ALTRA Experience Flow 2<\/strong> bietet Ihnen <strong>Reaktionsf\u00e4higkeit, Komfort und Bewegungsfreiheit<\/strong>, Kilometer f\u00fcr Kilometer.<\/p>\n<p class=\"ds-markdown-paragraph\">Dank der exklusiven <strong>EGO\u2122 P35-Schaumstoffzwischensohle<\/strong> \u2013 leicht, aber extrem reaktionsfreudig \u2013 begleitet dich dieser Schuh mit einem nat\u00fcrlichen Rhythmus und d\u00e4mpft St\u00f6\u00dfe, ohne den Antrieb zu beeintr\u00e4chtigen. Der <strong>4-mm-Drop<\/strong> und die <strong>Rocker-Geometrie<\/strong> sorgen gemeinsam f\u00fcr einen fl\u00fcssigen Abrollvorgang und einen effizienten Absto\u00df, w\u00e4hrend die ger\u00e4umige Zehenkappe den Zehen Bewegungsfreiheit l\u00e4sst. Das <strong>Obermaterial aus Engineered Mesh<\/strong> und die <strong>neu gestaltete Fersenpassform<\/strong> sorgen f\u00fcr Atmungsaktivit\u00e4t und perfekten Halt, sodass du vom ersten bis zum letzten Schritt Komfort genie\u00dft.<\/p>\n<p class=\"ds-markdown-paragraph\">Egal, ob Sie auf der Suche nach Leistung oder dem Vergn\u00fcgen eines erholsamen Laufs sind, der Experience Flow 2 ist der Schuh, den Sie gesucht haben.<\/p>\n<p><\/div><\/div><\/div><\/p>\n","protected":false},"excerpt":{"rendered":"<ul>\n<li>&nbsp;EGO\u2122 P35-Zwischensohle<\/li>\n<li>Rocker-Geometrie<\/li>\n<li>Engineered Mesh-Obermaterial<\/li>\n<\/ul>\n","protected":false},"featured_media":336160,"template":"","meta":{"_acf_changed":false,"inline_featured_image":false},"product_brand":[],"product_cat":[6501,6538],"product_tag":[13805,13807],"class_list":{"0":"post-327524","1":"product","2":"type-product","3":"status-publish","4":"has-post-thumbnail","6":"product_cat-sale-damen-schuhe-de","7":"product_cat-neutral-damen-sale-de","8":"product_tag-altra-de","9":"product_tag-altra-damen","10":"pa_attivita-gehen","11":"pa_attivita-running-de","12":"pa_colore-experience-flow-2-w-black-lt-de","13":"pa_colore-experience-flow-2-w-white-orange-de","14":"pa_marca-altra-de","15":"pa_sesso-damen","16":"pa_size-38-de","17":"pa_size-38-5-de","18":"pa_size-40-de","20":"first","21":"instock","22":"sale","23":"taxable","24":"shipping-taxable","25":"purchasable","26":"product-type-variable","27":"wvs-archive-product-wrapper"},"acf":[],"yoast_head":"<!-- This site is optimized with the Yoast SEO plugin v26.8 - https:\/\/yoast.com\/product\/yoast-seo-wordpress\/ -->\n<title>Altra Experience Flow 2 damen - Laufschuhe - MioMioRun.com<\/title>\n<meta name=\"description\" content=\"ALTRA Experience Flow 2 Damen: EGO\u2122 P35-Zwischensohle, 4 mm Sprengung und atmungsaktives Obermaterial f\u00fcr maximale Reaktionsf\u00e4higkeit und Komfort. Ideal f\u00fcr Stra\u00dfenlauf und Walking.\" \/>\n<meta name=\"robots\" content=\"index, follow, max-snippet:-1, max-image-preview:large, max-video-preview:-1\" \/>\n<link rel=\"canonical\" href=\"https:\/\/www.miomiorun.com\/de\/produkt\/experience-flow-2-damen\/\" \/>\n<meta property=\"og:locale\" content=\"de_DE\" \/>\n<meta property=\"og:type\" content=\"article\" \/>\n<meta property=\"og:title\" content=\"Altra Experience Flow 2 damen - Laufschuhe - MioMioRun.com\" \/>\n<meta property=\"og:description\" content=\"ALTRA Experience Flow 2 Damen: EGO\u2122 P35-Zwischensohle, 4 mm Sprengung und atmungsaktives Obermaterial f\u00fcr maximale Reaktionsf\u00e4higkeit und Komfort. Ideal f\u00fcr Stra\u00dfenlauf und Walking.\" \/>\n<meta property=\"og:url\" content=\"https:\/\/www.miomiorun.com\/de\/produkt\/experience-flow-2-damen\/\" \/>\n<meta property=\"og:site_name\" content=\"MioMioRun\" \/>\n<meta property=\"article:publisher\" content=\"https:\/\/www.facebook.com\/miomiorun\/\" \/>\n<meta property=\"article:modified_time\" content=\"2026-03-03T18:30:03+00:00\" \/>\n<meta property=\"og:image\" content=\"https:\/\/www.miomiorun.com\/app\/uploads\/2025\/08\/altra-Experience-Flow-2-W-black-lt-AL0A85RF036.webp\" \/>\n\t<meta property=\"og:image:width\" content=\"720\" \/>\n\t<meta property=\"og:image:height\" content=\"720\" \/>\n\t<meta property=\"og:image:type\" content=\"image\/webp\" \/>\n<meta name=\"twitter:card\" content=\"summary_large_image\" \/>\n<meta name=\"twitter:label1\" content=\"Est. reading time\" \/>\n\t<meta name=\"twitter:data1\" content=\"1 minute\" \/>\n<script type=\"application\/ld+json\" class=\"yoast-schema-graph\">{\"@context\":\"https:\/\/schema.org\",\"@graph\":[{\"@type\":\"WebPage\",\"@id\":\"https:\/\/www.miomiorun.com\/de\/produkt\/experience-flow-2-damen\/\",\"url\":\"https:\/\/www.miomiorun.com\/de\/produkt\/experience-flow-2-damen\/\",\"name\":\"Altra Experience Flow 2 damen - Laufschuhe - MioMioRun.com\",\"isPartOf\":{\"@id\":\"https:\/\/www.miomiorun.com\/de\/#website\"},\"primaryImageOfPage\":{\"@id\":\"https:\/\/www.miomiorun.com\/de\/produkt\/experience-flow-2-damen\/#primaryimage\"},\"image\":{\"@id\":\"https:\/\/www.miomiorun.com\/de\/produkt\/experience-flow-2-damen\/#primaryimage\"},\"thumbnailUrl\":\"https:\/\/www.miomiorun.com\/app\/uploads\/2025\/08\/altra-Experience-Flow-2-W-black-lt-AL0A85RF036.webp\",\"datePublished\":\"2025-07-17T07:52:28+00:00\",\"dateModified\":\"2026-03-03T18:30:03+00:00\",\"description\":\"ALTRA Experience Flow 2 Damen: EGO\u2122 P35-Zwischensohle, 4 mm Sprengung und atmungsaktives Obermaterial f\u00fcr maximale Reaktionsf\u00e4higkeit und Komfort. Ideal f\u00fcr Stra\u00dfenlauf und Walking.\",\"breadcrumb\":{\"@id\":\"https:\/\/www.miomiorun.com\/de\/produkt\/experience-flow-2-damen\/#breadcrumb\"},\"inLanguage\":\"de-DE\",\"potentialAction\":[{\"@type\":\"ReadAction\",\"target\":[\"https:\/\/www.miomiorun.com\/de\/produkt\/experience-flow-2-damen\/\"]}]},{\"@type\":\"ImageObject\",\"inLanguage\":\"de-DE\",\"@id\":\"https:\/\/www.miomiorun.com\/de\/produkt\/experience-flow-2-damen\/#primaryimage\",\"url\":\"https:\/\/www.miomiorun.com\/app\/uploads\/2025\/08\/altra-Experience-Flow-2-W-black-lt-AL0A85RF036.webp\",\"contentUrl\":\"https:\/\/www.miomiorun.com\/app\/uploads\/2025\/08\/altra-Experience-Flow-2-W-black-lt-AL0A85RF036.webp\",\"width\":720,\"height\":720,\"caption\":\"altra Experience Flow 2 W black lt AL0A85RF036\"},{\"@type\":\"BreadcrumbList\",\"@id\":\"https:\/\/www.miomiorun.com\/de\/produkt\/experience-flow-2-damen\/#breadcrumb\",\"itemListElement\":[{\"@type\":\"ListItem\",\"position\":1,\"name\":\"Home\",\"item\":\"https:\/\/www.miomiorun.com\/de\/\"},{\"@type\":\"ListItem\",\"position\":2,\"name\":\"Shop\",\"item\":\"https:\/\/www.miomiorun.com\/shop\/\"},{\"@type\":\"ListItem\",\"position\":3,\"name\":\"Experience Flow 2 damen\"}]},{\"@type\":\"WebSite\",\"@id\":\"https:\/\/www.miomiorun.com\/de\/#website\",\"url\":\"https:\/\/www.miomiorun.com\/de\/\",\"name\":\"MioMioRun\",\"description\":\"100% Lauf- und Trailshop\",\"publisher\":{\"@id\":\"https:\/\/www.miomiorun.com\/de\/#organization\"},\"potentialAction\":[{\"@type\":\"SearchAction\",\"target\":{\"@type\":\"EntryPoint\",\"urlTemplate\":\"https:\/\/www.miomiorun.com\/de\/?s={search_term_string}\"},\"query-input\":{\"@type\":\"PropertyValueSpecification\",\"valueRequired\":true,\"valueName\":\"search_term_string\"}}],\"inLanguage\":\"de-DE\"},{\"@type\":\"Organization\",\"@id\":\"https:\/\/www.miomiorun.com\/de\/#organization\",\"name\":\"MioMio Run\",\"url\":\"https:\/\/www.miomiorun.com\/de\/\",\"logo\":{\"@type\":\"ImageObject\",\"inLanguage\":\"de-DE\",\"@id\":\"https:\/\/www.miomiorun.com\/de\/#\/schema\/logo\/image\/\",\"url\":\"https:\/\/www.miomiorun.com\/app\/uploads\/2019\/12\/logomio.png\",\"contentUrl\":\"https:\/\/www.miomiorun.com\/app\/uploads\/2019\/12\/logomio.png\",\"width\":115,\"height\":82,\"caption\":\"MioMio Run\"},\"image\":{\"@id\":\"https:\/\/www.miomiorun.com\/de\/#\/schema\/logo\/image\/\"},\"sameAs\":[\"https:\/\/www.facebook.com\/miomiorun\/\",\"https:\/\/www.instagram.com\/miomiorun\/\"]}]}<\/script>\n<!-- \/ Yoast SEO plugin. -->","yoast_head_json":{"title":"Altra Experience Flow 2 damen - Laufschuhe - MioMioRun.com","description":"ALTRA Experience Flow 2 Damen: EGO\u2122 P35-Zwischensohle, 4 mm Sprengung und atmungsaktives Obermaterial f\u00fcr maximale Reaktionsf\u00e4higkeit und Komfort. Ideal f\u00fcr Stra\u00dfenlauf und Walking.","robots":{"index":"index","follow":"follow","max-snippet":"max-snippet:-1","max-image-preview":"max-image-preview:large","max-video-preview":"max-video-preview:-1"},"canonical":"https:\/\/www.miomiorun.com\/de\/produkt\/experience-flow-2-damen\/","og_locale":"de_DE","og_type":"article","og_title":"Altra Experience Flow 2 damen - Laufschuhe - MioMioRun.com","og_description":"ALTRA Experience Flow 2 Damen: EGO\u2122 P35-Zwischensohle, 4 mm Sprengung und atmungsaktives Obermaterial f\u00fcr maximale Reaktionsf\u00e4higkeit und Komfort. Ideal f\u00fcr Stra\u00dfenlauf und Walking.","og_url":"https:\/\/www.miomiorun.com\/de\/produkt\/experience-flow-2-damen\/","og_site_name":"MioMioRun","article_publisher":"https:\/\/www.facebook.com\/miomiorun\/","article_modified_time":"2026-03-03T18:30:03+00:00","og_image":[{"width":720,"height":720,"url":"https:\/\/www.miomiorun.com\/app\/uploads\/2025\/08\/altra-Experience-Flow-2-W-black-lt-AL0A85RF036.webp","type":"image\/webp"}],"twitter_card":"summary_large_image","twitter_misc":{"Est. reading time":"1 minute"},"schema":{"@context":"https:\/\/schema.org","@graph":[{"@type":"WebPage","@id":"https:\/\/www.miomiorun.com\/de\/produkt\/experience-flow-2-damen\/","url":"https:\/\/www.miomiorun.com\/de\/produkt\/experience-flow-2-damen\/","name":"Altra Experience Flow 2 damen - Laufschuhe - MioMioRun.com","isPartOf":{"@id":"https:\/\/www.miomiorun.com\/de\/#website"},"primaryImageOfPage":{"@id":"https:\/\/www.miomiorun.com\/de\/produkt\/experience-flow-2-damen\/#primaryimage"},"image":{"@id":"https:\/\/www.miomiorun.com\/de\/produkt\/experience-flow-2-damen\/#primaryimage"},"thumbnailUrl":"https:\/\/www.miomiorun.com\/app\/uploads\/2025\/08\/altra-Experience-Flow-2-W-black-lt-AL0A85RF036.webp","datePublished":"2025-07-17T07:52:28+00:00","dateModified":"2026-03-03T18:30:03+00:00","description":"ALTRA Experience Flow 2 Damen: EGO\u2122 P35-Zwischensohle, 4 mm Sprengung und atmungsaktives Obermaterial f\u00fcr maximale Reaktionsf\u00e4higkeit und Komfort. Ideal f\u00fcr Stra\u00dfenlauf und Walking.","breadcrumb":{"@id":"https:\/\/www.miomiorun.com\/de\/produkt\/experience-flow-2-damen\/#breadcrumb"},"inLanguage":"de-DE","potentialAction":[{"@type":"ReadAction","target":["https:\/\/www.miomiorun.com\/de\/produkt\/experience-flow-2-damen\/"]}]},{"@type":"ImageObject","inLanguage":"de-DE","@id":"https:\/\/www.miomiorun.com\/de\/produkt\/experience-flow-2-damen\/#primaryimage","url":"https:\/\/www.miomiorun.com\/app\/uploads\/2025\/08\/altra-Experience-Flow-2-W-black-lt-AL0A85RF036.webp","contentUrl":"https:\/\/www.miomiorun.com\/app\/uploads\/2025\/08\/altra-Experience-Flow-2-W-black-lt-AL0A85RF036.webp","width":720,"height":720,"caption":"altra Experience Flow 2 W black lt AL0A85RF036"},{"@type":"BreadcrumbList","@id":"https:\/\/www.miomiorun.com\/de\/produkt\/experience-flow-2-damen\/#breadcrumb","itemListElement":[{"@type":"ListItem","position":1,"name":"Home","item":"https:\/\/www.miomiorun.com\/de\/"},{"@type":"ListItem","position":2,"name":"Shop","item":"https:\/\/www.miomiorun.com\/shop\/"},{"@type":"ListItem","position":3,"name":"Experience Flow 2 damen"}]},{"@type":"WebSite","@id":"https:\/\/www.miomiorun.com\/de\/#website","url":"https:\/\/www.miomiorun.com\/de\/","name":"MioMioRun","description":"100% Lauf- und Trailshop","publisher":{"@id":"https:\/\/www.miomiorun.com\/de\/#organization"},"potentialAction":[{"@type":"SearchAction","target":{"@type":"EntryPoint","urlTemplate":"https:\/\/www.miomiorun.com\/de\/?s={search_term_string}"},"query-input":{"@type":"PropertyValueSpecification","valueRequired":true,"valueName":"search_term_string"}}],"inLanguage":"de-DE"},{"@type":"Organization","@id":"https:\/\/www.miomiorun.com\/de\/#organization","name":"MioMio Run","url":"https:\/\/www.miomiorun.com\/de\/","logo":{"@type":"ImageObject","inLanguage":"de-DE","@id":"https:\/\/www.miomiorun.com\/de\/#\/schema\/logo\/image\/","url":"https:\/\/www.miomiorun.com\/app\/uploads\/2019\/12\/logomio.png","contentUrl":"https:\/\/www.miomiorun.com\/app\/uploads\/2019\/12\/logomio.png","width":115,"height":82,"caption":"MioMio Run"},"image":{"@id":"https:\/\/www.miomiorun.com\/de\/#\/schema\/logo\/image\/"},"sameAs":["https:\/\/www.facebook.com\/miomiorun\/","https:\/\/www.instagram.com\/miomiorun\/"]}]}},"_links":{"self":[{"href":"https:\/\/www.miomiorun.com\/de\/wp-json\/wp\/v2\/product\/327524","targetHints":{"allow":["GET"]}}],"collection":[{"href":"https:\/\/www.miomiorun.com\/de\/wp-json\/wp\/v2\/product"}],"about":[{"href":"https:\/\/www.miomiorun.com\/de\/wp-json\/wp\/v2\/types\/product"}],"wp:featuredmedia":[{"embeddable":true,"href":"https:\/\/www.miomiorun.com\/de\/wp-json\/wp\/v2\/media\/336160"}],"wp:attachment":[{"href":"https:\/\/www.miomiorun.com\/de\/wp-json\/wp\/v2\/media?parent=327524"}],"wp:term":[{"taxonomy":"product_brand","embeddable":true,"href":"https:\/\/www.miomiorun.com\/de\/wp-json\/wp\/v2\/product_brand?post=327524"},{"taxonomy":"product_cat","embeddable":true,"href":"https:\/\/www.miomiorun.com\/de\/wp-json\/wp\/v2\/product_cat?post=327524"},{"taxonomy":"product_tag","embeddable":true,"href":"https:\/\/www.miomiorun.com\/de\/wp-json\/wp\/v2\/product_tag?post=327524"}],"curies":[{"name":"wp","href":"https:\/\/api.w.org\/{rel}","templated":true}]}}