{"id":325033,"date":"2025-07-11T12:27:40","date_gmt":"2025-07-11T10:27:40","guid":{"rendered":"https:\/\/miomiorun.com\/?post_type=product&#038;p=325033"},"modified":"2026-04-27T21:45:56","modified_gmt":"2026-04-27T19:45:56","slug":"supernova-rise-atr-damen","status":"publish","type":"product","link":"https:\/\/www.miomiorun.com\/de\/produkt\/supernova-rise-atr-damen\/","title":{"rendered":"Supernova Rise ATR damen"},"content":{"rendered":"<div class=\"vc-row container\"><div class=\"vc-column\"><div class=\"vc-column-text\"><\/p>\n<h4>Technische Daten<\/h4>\n<p>Kategorie: Mittlere D\u00e4mpfung<br \/>\nOffset: 9 mm<br \/>\nGewicht: <span class=\"spec\">278 g<\/span><br \/>\nIdeal f\u00fcr: L\u00e4ufer mit Neigung zur Pronation, die ein Modell mit guter Unterst\u00fctzung und Schutz suchen, ohne dabei aufgrund des geringen Gewichts des Schuhs auf Leistung verzichten zu m\u00fcssen.<br \/>\nGewicht des Athleten: &gt;65 kg<br \/>\nLaufgeschwindigkeit: mittel (5-6 min\/km)<br \/>\n<a href=\"https:\/\/miomiorun.com\/guida-alle-specifiche-tecniche\/\">Leitfaden zu den technischen Daten<\/a><\/p>\n<p><\/div><\/div><div class=\"vc-column\"><div class=\"vc-column-text\"><\/p>\n<p data-start=\"262\" data-end=\"605\">Egal, ob du auf der Stra\u00dfe trainierst oder auf leichten Trails unterwegs bist, der <strong data-start=\"347\" data-end=\"376\">adidas Supernova Rise ATR<\/strong> bietet dir kontinuierlichen Halt und Komfort. Diese Laufschuhe wurden f\u00fcr vielseitige L\u00e4ufer entwickelt und sorgen f\u00fcr einen reibungslosen \u00dcbergang zwischen verschiedenen Untergr\u00fcnden, sodass du sicher vom Asphalt auf den Trail und wieder zur\u00fcck kommst.<\/p>\n<p data-start=\"607\" data-end=\"970\">Die <strong data-start=\"620\" data-end=\"636\">Dreamstrike+<\/strong>-Zwischensohle mit <strong data-start=\"652\" data-end=\"668\">Support Rods<\/strong> sorgt f\u00fcr eine stabile und reaktionsfreudige D\u00e4mpfung und hilft dir dabei, einen nat\u00fcrlichen und kontrollierten Laufstil beizubehalten. Das Obermaterial aus Textil umh\u00fcllt den Fu\u00df leicht und atmungsaktiv, w\u00e4hrend die <strong data-start=\"858\" data-end=\"907\">durchgehende Continental\u2122-Gummisohle<\/strong> zuverl\u00e4ssigen Grip auf trockenen und nassen Oberfl\u00e4chen bietet.<\/p>\n<p data-start=\"972\" data-end=\"1127\">Der Supernova Rise ATR ist ideal f\u00fcr alle, die einen Allround-Schuh suchen, und kombiniert <strong data-start=\"1047\" data-end=\"1100\">lang anhaltenden Komfort, gezielte Unterst\u00fctzung und sicheren Grip<\/strong> auf jedem Untergrund.<br \/>\n<\/div><\/div><\/div><\/p>\n","protected":false},"excerpt":{"rendered":"<ul>\n<li data-start=\"1541\" data-end=\"1613\">\n<p data-start=\"1543\" data-end=\"1613\"><strong data-start=\"1543\" data-end=\"1571\">Dreamstrike+ Zwischensohle<\/strong><\/p>\n<\/li>\n<li data-start=\"1614\" data-end=\"1689\">\n<p data-start=\"1616\" data-end=\"1689\"><strong data-start=\"1616\" data-end=\"1645\">Support Rods System<\/strong><\/p>\n<\/li>\n<li data-start=\"1745\" data-end=\"1832\">\n<p data-start=\"1747\" data-end=\"1832\"><strong data-start=\"1747\" data-end=\"1779\">Continental\u2122-Gummisohle<\/strong><\/p>\n<\/li>\n<\/ul>\n","protected":false},"featured_media":326862,"template":"","meta":{"_acf_changed":false,"inline_featured_image":false},"product_brand":[],"product_cat":[6474,6491],"product_tag":[3403,6309],"class_list":{"0":"post-325033","1":"product","2":"type-product","3":"status-publish","4":"has-post-thumbnail","6":"product_cat-damenschuhe","7":"product_cat-damentrailschuhe","8":"product_tag-adidas-de","9":"product_tag-adidas-damen-de","10":"pa_attivita-gehen","11":"pa_attivita-running-de","12":"pa_attivita-trail-de","13":"pa_colore-supernova-rise-w-atr-icelav-blspme-blili-de","14":"pa_marca-adidas-de","15":"pa_sesso-damen","16":"pa_size-38-de","18":"pa_size-39-de","19":"pa_size-40-de","21":"first","22":"instock","23":"sale","24":"taxable","25":"shipping-taxable","26":"purchasable","27":"product-type-variable","28":"wvs-archive-product-wrapper"},"acf":[],"yoast_head":"<!-- This site is optimized with the Yoast SEO plugin v26.8 - https:\/\/yoast.com\/product\/yoast-seo-wordpress\/ -->\n<title>Adidas Supernova Rise ATR damen - Trailrunning-Schuhe - MioMioRun.com<\/title>\n<meta name=\"description\" content=\"adidas Supernova Rise ATR: Vielseitige Laufschuhe f\u00fcr Stra\u00dfe und Trail. Dreamstrike+-Komfort, stabiler Halt und rutschfeste Continental\u2122-Sohle.\" \/>\n<meta name=\"robots\" content=\"index, follow, max-snippet:-1, max-image-preview:large, max-video-preview:-1\" \/>\n<link rel=\"canonical\" href=\"https:\/\/www.miomiorun.com\/de\/produkt\/supernova-rise-atr-damen\/\" \/>\n<meta property=\"og:locale\" content=\"de_DE\" \/>\n<meta property=\"og:type\" content=\"article\" \/>\n<meta property=\"og:title\" content=\"Adidas Supernova Rise ATR damen - Trailrunning-Schuhe - MioMioRun.com\" \/>\n<meta property=\"og:description\" content=\"adidas Supernova Rise ATR: Vielseitige Laufschuhe f\u00fcr Stra\u00dfe und Trail. Dreamstrike+-Komfort, stabiler Halt und rutschfeste Continental\u2122-Sohle.\" \/>\n<meta property=\"og:url\" content=\"https:\/\/www.miomiorun.com\/de\/produkt\/supernova-rise-atr-damen\/\" \/>\n<meta property=\"og:site_name\" content=\"MioMioRun\" \/>\n<meta property=\"article:publisher\" content=\"https:\/\/www.facebook.com\/miomiorun\/\" \/>\n<meta property=\"article:modified_time\" content=\"2026-04-27T19:45:56+00:00\" \/>\n<meta property=\"og:image\" content=\"https:\/\/www.miomiorun.com\/app\/uploads\/2025\/07\/adidas-Supernova-Rise-W-ATR-icelav-blspme-blili-JP7761.webp\" \/>\n\t<meta property=\"og:image:width\" content=\"600\" \/>\n\t<meta property=\"og:image:height\" content=\"600\" \/>\n\t<meta property=\"og:image:type\" content=\"image\/webp\" \/>\n<meta name=\"twitter:card\" content=\"summary_large_image\" \/>\n<meta name=\"twitter:label1\" content=\"Est. reading time\" \/>\n\t<meta name=\"twitter:data1\" content=\"2 minutes\" \/>\n<script type=\"application\/ld+json\" class=\"yoast-schema-graph\">{\"@context\":\"https:\/\/schema.org\",\"@graph\":[{\"@type\":\"WebPage\",\"@id\":\"https:\/\/www.miomiorun.com\/de\/produkt\/supernova-rise-atr-damen\/\",\"url\":\"https:\/\/www.miomiorun.com\/de\/produkt\/supernova-rise-atr-damen\/\",\"name\":\"Adidas Supernova Rise ATR damen - Trailrunning-Schuhe - MioMioRun.com\",\"isPartOf\":{\"@id\":\"https:\/\/www.miomiorun.com\/de\/#website\"},\"primaryImageOfPage\":{\"@id\":\"https:\/\/www.miomiorun.com\/de\/produkt\/supernova-rise-atr-damen\/#primaryimage\"},\"image\":{\"@id\":\"https:\/\/www.miomiorun.com\/de\/produkt\/supernova-rise-atr-damen\/#primaryimage\"},\"thumbnailUrl\":\"https:\/\/www.miomiorun.com\/app\/uploads\/2025\/07\/adidas-Supernova-Rise-W-ATR-icelav-blspme-blili-JP7761.webp\",\"datePublished\":\"2025-07-11T10:27:40+00:00\",\"dateModified\":\"2026-04-27T19:45:56+00:00\",\"description\":\"adidas Supernova Rise ATR: Vielseitige Laufschuhe f\u00fcr Stra\u00dfe und Trail. Dreamstrike+-Komfort, stabiler Halt und rutschfeste Continental\u2122-Sohle.\",\"breadcrumb\":{\"@id\":\"https:\/\/www.miomiorun.com\/de\/produkt\/supernova-rise-atr-damen\/#breadcrumb\"},\"inLanguage\":\"de-DE\",\"potentialAction\":[{\"@type\":\"ReadAction\",\"target\":[\"https:\/\/www.miomiorun.com\/de\/produkt\/supernova-rise-atr-damen\/\"]}]},{\"@type\":\"ImageObject\",\"inLanguage\":\"de-DE\",\"@id\":\"https:\/\/www.miomiorun.com\/de\/produkt\/supernova-rise-atr-damen\/#primaryimage\",\"url\":\"https:\/\/www.miomiorun.com\/app\/uploads\/2025\/07\/adidas-Supernova-Rise-W-ATR-icelav-blspme-blili-JP7761.webp\",\"contentUrl\":\"https:\/\/www.miomiorun.com\/app\/uploads\/2025\/07\/adidas-Supernova-Rise-W-ATR-icelav-blspme-blili-JP7761.webp\",\"width\":600,\"height\":600,\"caption\":\"adidas Supernova Rise W ATR icelav blspme blili JP7761\"},{\"@type\":\"BreadcrumbList\",\"@id\":\"https:\/\/www.miomiorun.com\/de\/produkt\/supernova-rise-atr-damen\/#breadcrumb\",\"itemListElement\":[{\"@type\":\"ListItem\",\"position\":1,\"name\":\"Home\",\"item\":\"https:\/\/www.miomiorun.com\/de\/\"},{\"@type\":\"ListItem\",\"position\":2,\"name\":\"Shop\",\"item\":\"https:\/\/www.miomiorun.com\/shop\/\"},{\"@type\":\"ListItem\",\"position\":3,\"name\":\"Supernova Rise ATR damen\"}]},{\"@type\":\"WebSite\",\"@id\":\"https:\/\/www.miomiorun.com\/de\/#website\",\"url\":\"https:\/\/www.miomiorun.com\/de\/\",\"name\":\"MioMioRun\",\"description\":\"100% Lauf- und Trailshop\",\"publisher\":{\"@id\":\"https:\/\/www.miomiorun.com\/de\/#organization\"},\"potentialAction\":[{\"@type\":\"SearchAction\",\"target\":{\"@type\":\"EntryPoint\",\"urlTemplate\":\"https:\/\/www.miomiorun.com\/de\/?s={search_term_string}\"},\"query-input\":{\"@type\":\"PropertyValueSpecification\",\"valueRequired\":true,\"valueName\":\"search_term_string\"}}],\"inLanguage\":\"de-DE\"},{\"@type\":\"Organization\",\"@id\":\"https:\/\/www.miomiorun.com\/de\/#organization\",\"name\":\"MioMio Run\",\"url\":\"https:\/\/www.miomiorun.com\/de\/\",\"logo\":{\"@type\":\"ImageObject\",\"inLanguage\":\"de-DE\",\"@id\":\"https:\/\/www.miomiorun.com\/de\/#\/schema\/logo\/image\/\",\"url\":\"https:\/\/www.miomiorun.com\/app\/uploads\/2019\/12\/logomio.png\",\"contentUrl\":\"https:\/\/www.miomiorun.com\/app\/uploads\/2019\/12\/logomio.png\",\"width\":115,\"height\":82,\"caption\":\"MioMio Run\"},\"image\":{\"@id\":\"https:\/\/www.miomiorun.com\/de\/#\/schema\/logo\/image\/\"},\"sameAs\":[\"https:\/\/www.facebook.com\/miomiorun\/\",\"https:\/\/www.instagram.com\/miomiorun\/\"]}]}<\/script>\n<!-- \/ Yoast SEO plugin. -->","yoast_head_json":{"title":"Adidas Supernova Rise ATR damen - Trailrunning-Schuhe - MioMioRun.com","description":"adidas Supernova Rise ATR: Vielseitige Laufschuhe f\u00fcr Stra\u00dfe und Trail. Dreamstrike+-Komfort, stabiler Halt und rutschfeste Continental\u2122-Sohle.","robots":{"index":"index","follow":"follow","max-snippet":"max-snippet:-1","max-image-preview":"max-image-preview:large","max-video-preview":"max-video-preview:-1"},"canonical":"https:\/\/www.miomiorun.com\/de\/produkt\/supernova-rise-atr-damen\/","og_locale":"de_DE","og_type":"article","og_title":"Adidas Supernova Rise ATR damen - Trailrunning-Schuhe - MioMioRun.com","og_description":"adidas Supernova Rise ATR: Vielseitige Laufschuhe f\u00fcr Stra\u00dfe und Trail. Dreamstrike+-Komfort, stabiler Halt und rutschfeste Continental\u2122-Sohle.","og_url":"https:\/\/www.miomiorun.com\/de\/produkt\/supernova-rise-atr-damen\/","og_site_name":"MioMioRun","article_publisher":"https:\/\/www.facebook.com\/miomiorun\/","article_modified_time":"2026-04-27T19:45:56+00:00","og_image":[{"width":600,"height":600,"url":"https:\/\/www.miomiorun.com\/app\/uploads\/2025\/07\/adidas-Supernova-Rise-W-ATR-icelav-blspme-blili-JP7761.webp","type":"image\/webp"}],"twitter_card":"summary_large_image","twitter_misc":{"Est. reading time":"2 minutes"},"schema":{"@context":"https:\/\/schema.org","@graph":[{"@type":"WebPage","@id":"https:\/\/www.miomiorun.com\/de\/produkt\/supernova-rise-atr-damen\/","url":"https:\/\/www.miomiorun.com\/de\/produkt\/supernova-rise-atr-damen\/","name":"Adidas Supernova Rise ATR damen - Trailrunning-Schuhe - MioMioRun.com","isPartOf":{"@id":"https:\/\/www.miomiorun.com\/de\/#website"},"primaryImageOfPage":{"@id":"https:\/\/www.miomiorun.com\/de\/produkt\/supernova-rise-atr-damen\/#primaryimage"},"image":{"@id":"https:\/\/www.miomiorun.com\/de\/produkt\/supernova-rise-atr-damen\/#primaryimage"},"thumbnailUrl":"https:\/\/www.miomiorun.com\/app\/uploads\/2025\/07\/adidas-Supernova-Rise-W-ATR-icelav-blspme-blili-JP7761.webp","datePublished":"2025-07-11T10:27:40+00:00","dateModified":"2026-04-27T19:45:56+00:00","description":"adidas Supernova Rise ATR: Vielseitige Laufschuhe f\u00fcr Stra\u00dfe und Trail. Dreamstrike+-Komfort, stabiler Halt und rutschfeste Continental\u2122-Sohle.","breadcrumb":{"@id":"https:\/\/www.miomiorun.com\/de\/produkt\/supernova-rise-atr-damen\/#breadcrumb"},"inLanguage":"de-DE","potentialAction":[{"@type":"ReadAction","target":["https:\/\/www.miomiorun.com\/de\/produkt\/supernova-rise-atr-damen\/"]}]},{"@type":"ImageObject","inLanguage":"de-DE","@id":"https:\/\/www.miomiorun.com\/de\/produkt\/supernova-rise-atr-damen\/#primaryimage","url":"https:\/\/www.miomiorun.com\/app\/uploads\/2025\/07\/adidas-Supernova-Rise-W-ATR-icelav-blspme-blili-JP7761.webp","contentUrl":"https:\/\/www.miomiorun.com\/app\/uploads\/2025\/07\/adidas-Supernova-Rise-W-ATR-icelav-blspme-blili-JP7761.webp","width":600,"height":600,"caption":"adidas Supernova Rise W ATR icelav blspme blili JP7761"},{"@type":"BreadcrumbList","@id":"https:\/\/www.miomiorun.com\/de\/produkt\/supernova-rise-atr-damen\/#breadcrumb","itemListElement":[{"@type":"ListItem","position":1,"name":"Home","item":"https:\/\/www.miomiorun.com\/de\/"},{"@type":"ListItem","position":2,"name":"Shop","item":"https:\/\/www.miomiorun.com\/shop\/"},{"@type":"ListItem","position":3,"name":"Supernova Rise ATR damen"}]},{"@type":"WebSite","@id":"https:\/\/www.miomiorun.com\/de\/#website","url":"https:\/\/www.miomiorun.com\/de\/","name":"MioMioRun","description":"100% Lauf- und Trailshop","publisher":{"@id":"https:\/\/www.miomiorun.com\/de\/#organization"},"potentialAction":[{"@type":"SearchAction","target":{"@type":"EntryPoint","urlTemplate":"https:\/\/www.miomiorun.com\/de\/?s={search_term_string}"},"query-input":{"@type":"PropertyValueSpecification","valueRequired":true,"valueName":"search_term_string"}}],"inLanguage":"de-DE"},{"@type":"Organization","@id":"https:\/\/www.miomiorun.com\/de\/#organization","name":"MioMio Run","url":"https:\/\/www.miomiorun.com\/de\/","logo":{"@type":"ImageObject","inLanguage":"de-DE","@id":"https:\/\/www.miomiorun.com\/de\/#\/schema\/logo\/image\/","url":"https:\/\/www.miomiorun.com\/app\/uploads\/2019\/12\/logomio.png","contentUrl":"https:\/\/www.miomiorun.com\/app\/uploads\/2019\/12\/logomio.png","width":115,"height":82,"caption":"MioMio Run"},"image":{"@id":"https:\/\/www.miomiorun.com\/de\/#\/schema\/logo\/image\/"},"sameAs":["https:\/\/www.facebook.com\/miomiorun\/","https:\/\/www.instagram.com\/miomiorun\/"]}]}},"_links":{"self":[{"href":"https:\/\/www.miomiorun.com\/de\/wp-json\/wp\/v2\/product\/325033","targetHints":{"allow":["GET"]}}],"collection":[{"href":"https:\/\/www.miomiorun.com\/de\/wp-json\/wp\/v2\/product"}],"about":[{"href":"https:\/\/www.miomiorun.com\/de\/wp-json\/wp\/v2\/types\/product"}],"wp:featuredmedia":[{"embeddable":true,"href":"https:\/\/www.miomiorun.com\/de\/wp-json\/wp\/v2\/media\/326862"}],"wp:attachment":[{"href":"https:\/\/www.miomiorun.com\/de\/wp-json\/wp\/v2\/media?parent=325033"}],"wp:term":[{"taxonomy":"product_brand","embeddable":true,"href":"https:\/\/www.miomiorun.com\/de\/wp-json\/wp\/v2\/product_brand?post=325033"},{"taxonomy":"product_cat","embeddable":true,"href":"https:\/\/www.miomiorun.com\/de\/wp-json\/wp\/v2\/product_cat?post=325033"},{"taxonomy":"product_tag","embeddable":true,"href":"https:\/\/www.miomiorun.com\/de\/wp-json\/wp\/v2\/product_tag?post=325033"}],"curies":[{"name":"wp","href":"https:\/\/api.w.org\/{rel}","templated":true}]}}