{"id":324362,"date":"2025-07-10T17:56:39","date_gmt":"2025-07-10T15:56:39","guid":{"rendered":"https:\/\/miomiorun.com\/?post_type=product&#038;p=324362"},"modified":"2025-11-07T12:14:52","modified_gmt":"2025-11-07T11:14:52","slug":"dead-and-alive","status":"publish","type":"product","link":"https:\/\/www.miomiorun.com\/de\/produkt\/dead-and-alive\/","title":{"rendered":"Dead and alive"},"content":{"rendered":"<p data-start=\"156\" data-end=\"568\">Die halbhohen Socken <strong>Dead and Alive von American Socks<\/strong> mit ihrem markanten Design sind die perfekte Wahl f\u00fcr alle, die ihren urbanen Look auf ein neues Level heben m\u00f6chten. Dank der zwei verf\u00fcgbaren Gr\u00f6\u00dfen (S\/M und L\/XL) bieten sie eine pr\u00e4zise Passform und umh\u00fcllen den Fu\u00df mit ganzt\u00e4gigem Komfort, w\u00e4hrend die halbe Wadenl\u00e4nge den Stil unterstreicht und sie perfekt zu Sneakers oder hohen Schuhen macht.<\/p>\n<p data-start=\"570\" data-end=\"931\">Die atmungsaktive Coolmax\u00ae-Technologie h\u00e4lt die F\u00fc\u00dfe auch an den intensivsten Tagen frisch und trocken und sorgt f\u00fcr ein konstantes Gef\u00fchl von Komfort. Die hochwertige Zusammensetzung aus Coolmax\u00ae, Polyamid, Baumwolle, Elastodien und Elasthan sorgt f\u00fcr Weichheit, Elastizit\u00e4t und Widerstandsf\u00e4higkeit, damit Sie \u00fcberallhin mitnehmen k\u00f6nnen, ohne auf einen unverwechselbaren Stil zu verzichten. <\/p>\n<p data-start=\"933\" data-end=\"1285\">American Socks sind pflegeleicht und k\u00f6nnen bequem bei 30 \u00b0C in der Waschmaschine gewaschen werden. Um ihre Qualit\u00e4t zu erhalten, sollten sie jedoch nicht im W\u00e4schetrockner getrocknet, gebleicht oder geb\u00fcgelt werden.<\/p>\n<p>&nbsp;<\/p>\n<p>&nbsp;<\/p>\n","protected":false},"excerpt":{"rendered":"<p>Die halbhohen Socken Dead and Alive von American Socks mit ihrem markanten Design sind die perfekte Wahl f\u00fcr alle, die ihren urbanen Look auf ein neues Level heben m\u00f6chten. Dank der zwei verf\u00fcgbaren Gr\u00f6\u00dfen (S\/M und L\/XL) bieten sie eine pr\u00e4zise Passform und umh\u00fcllen den Fu\u00df mit ganzt\u00e4gigem Komfort, w\u00e4hrend die halbe Wadenl\u00e4nge den Stil &hellip; <a href=\"https:\/\/www.miomiorun.com\/de\/produkt\/dead-and-alive\/\">Continued<\/a><\/p>\n","protected":false},"featured_media":330631,"template":"","meta":{"_acf_changed":false,"inline_featured_image":false},"product_brand":[],"product_cat":[6540,6514,6401,6402],"product_tag":[35497,35498,35499],"class_list":{"0":"post-324362","1":"product","2":"type-product","3":"status-publish","4":"has-post-thumbnail","6":"product_cat-herrenbekleidung","7":"product_cat-socken","8":"product_cat-damenbekleidung","9":"product_cat-damensocken-de","10":"product_tag-american-socks-de","11":"product_tag-american-socks-donna-de","12":"product_tag-american-socks-uomo-de","13":"pa_attivita-fitness-de","14":"pa_attivita-gehen","15":"pa_attivita-running-de","16":"pa_marca-american-socks-de","17":"pa_sesso-damen","18":"pa_sesso-herren","19":"pa_size-42-46-de","21":"first","22":"instock","23":"sale","24":"taxable","25":"shipping-taxable","26":"purchasable","27":"product-type-variable","28":"wvs-archive-product-wrapper"},"acf":[],"yoast_head":"<!-- This site is optimized with the Yoast SEO plugin v26.8 - https:\/\/yoast.com\/product\/yoast-seo-wordpress\/ -->\n<title>American Socks Dead and alive - Socken- MioMioRun<\/title>\n<meta name=\"description\" content=\"Entdecken Sie Dead and Alive von American Socks: Streetwear-Socken in Wadenl\u00e4nge mit atmungsaktiver Coolmax\u00ae-Technologie, erstklassigem Tragekomfort und einzigartigem Design.\" \/>\n<meta name=\"robots\" content=\"index, follow, max-snippet:-1, max-image-preview:large, max-video-preview:-1\" \/>\n<link rel=\"canonical\" href=\"https:\/\/www.miomiorun.com\/de\/produkt\/dead-and-alive\/\" \/>\n<meta property=\"og:locale\" content=\"de_DE\" \/>\n<meta property=\"og:type\" content=\"article\" \/>\n<meta property=\"og:title\" content=\"American Socks Dead and alive - Socken- MioMioRun\" \/>\n<meta property=\"og:description\" content=\"Entdecken Sie Dead and Alive von American Socks: Streetwear-Socken in Wadenl\u00e4nge mit atmungsaktiver Coolmax\u00ae-Technologie, erstklassigem Tragekomfort und einzigartigem Design.\" \/>\n<meta property=\"og:url\" content=\"https:\/\/www.miomiorun.com\/de\/produkt\/dead-and-alive\/\" \/>\n<meta property=\"og:site_name\" content=\"MioMioRun\" \/>\n<meta property=\"article:publisher\" content=\"https:\/\/www.facebook.com\/miomiorun\/\" \/>\n<meta property=\"article:modified_time\" content=\"2025-11-07T11:14:52+00:00\" \/>\n<meta property=\"og:image\" content=\"https:\/\/www.miomiorun.com\/app\/uploads\/2025\/07\/american-socks-Dead-and-alive-AS467.webp\" \/>\n\t<meta property=\"og:image:width\" content=\"600\" \/>\n\t<meta property=\"og:image:height\" content=\"600\" \/>\n\t<meta property=\"og:image:type\" content=\"image\/webp\" \/>\n<meta name=\"twitter:card\" content=\"summary_large_image\" \/>\n<meta name=\"twitter:label1\" content=\"Est. reading time\" \/>\n\t<meta name=\"twitter:data1\" content=\"1 minute\" \/>\n<script type=\"application\/ld+json\" class=\"yoast-schema-graph\">{\"@context\":\"https:\/\/schema.org\",\"@graph\":[{\"@type\":\"WebPage\",\"@id\":\"https:\/\/www.miomiorun.com\/de\/produkt\/dead-and-alive\/\",\"url\":\"https:\/\/www.miomiorun.com\/de\/produkt\/dead-and-alive\/\",\"name\":\"American Socks Dead and alive - Socken- MioMioRun\",\"isPartOf\":{\"@id\":\"https:\/\/www.miomiorun.com\/de\/#website\"},\"primaryImageOfPage\":{\"@id\":\"https:\/\/www.miomiorun.com\/de\/produkt\/dead-and-alive\/#primaryimage\"},\"image\":{\"@id\":\"https:\/\/www.miomiorun.com\/de\/produkt\/dead-and-alive\/#primaryimage\"},\"thumbnailUrl\":\"https:\/\/www.miomiorun.com\/app\/uploads\/2025\/07\/american-socks-Dead-and-alive-AS467.webp\",\"datePublished\":\"2025-07-10T15:56:39+00:00\",\"dateModified\":\"2025-11-07T11:14:52+00:00\",\"description\":\"Entdecken Sie Dead and Alive von American Socks: Streetwear-Socken in Wadenl\u00e4nge mit atmungsaktiver Coolmax\u00ae-Technologie, erstklassigem Tragekomfort und einzigartigem Design.\",\"breadcrumb\":{\"@id\":\"https:\/\/www.miomiorun.com\/de\/produkt\/dead-and-alive\/#breadcrumb\"},\"inLanguage\":\"de-DE\",\"potentialAction\":[{\"@type\":\"ReadAction\",\"target\":[\"https:\/\/www.miomiorun.com\/de\/produkt\/dead-and-alive\/\"]}]},{\"@type\":\"ImageObject\",\"inLanguage\":\"de-DE\",\"@id\":\"https:\/\/www.miomiorun.com\/de\/produkt\/dead-and-alive\/#primaryimage\",\"url\":\"https:\/\/www.miomiorun.com\/app\/uploads\/2025\/07\/american-socks-Dead-and-alive-AS467.webp\",\"contentUrl\":\"https:\/\/www.miomiorun.com\/app\/uploads\/2025\/07\/american-socks-Dead-and-alive-AS467.webp\",\"width\":600,\"height\":600,\"caption\":\"american socks Dead and alive AS467\"},{\"@type\":\"BreadcrumbList\",\"@id\":\"https:\/\/www.miomiorun.com\/de\/produkt\/dead-and-alive\/#breadcrumb\",\"itemListElement\":[{\"@type\":\"ListItem\",\"position\":1,\"name\":\"Home\",\"item\":\"https:\/\/www.miomiorun.com\/de\/\"},{\"@type\":\"ListItem\",\"position\":2,\"name\":\"Shop\",\"item\":\"https:\/\/www.miomiorun.com\/shop\/\"},{\"@type\":\"ListItem\",\"position\":3,\"name\":\"Dead and alive\"}]},{\"@type\":\"WebSite\",\"@id\":\"https:\/\/www.miomiorun.com\/de\/#website\",\"url\":\"https:\/\/www.miomiorun.com\/de\/\",\"name\":\"MioMioRun\",\"description\":\"100% Lauf- und Trailshop\",\"publisher\":{\"@id\":\"https:\/\/www.miomiorun.com\/de\/#organization\"},\"potentialAction\":[{\"@type\":\"SearchAction\",\"target\":{\"@type\":\"EntryPoint\",\"urlTemplate\":\"https:\/\/www.miomiorun.com\/de\/?s={search_term_string}\"},\"query-input\":{\"@type\":\"PropertyValueSpecification\",\"valueRequired\":true,\"valueName\":\"search_term_string\"}}],\"inLanguage\":\"de-DE\"},{\"@type\":\"Organization\",\"@id\":\"https:\/\/www.miomiorun.com\/de\/#organization\",\"name\":\"MioMio Run\",\"url\":\"https:\/\/www.miomiorun.com\/de\/\",\"logo\":{\"@type\":\"ImageObject\",\"inLanguage\":\"de-DE\",\"@id\":\"https:\/\/www.miomiorun.com\/de\/#\/schema\/logo\/image\/\",\"url\":\"https:\/\/www.miomiorun.com\/app\/uploads\/2019\/12\/logomio.png\",\"contentUrl\":\"https:\/\/www.miomiorun.com\/app\/uploads\/2019\/12\/logomio.png\",\"width\":115,\"height\":82,\"caption\":\"MioMio Run\"},\"image\":{\"@id\":\"https:\/\/www.miomiorun.com\/de\/#\/schema\/logo\/image\/\"},\"sameAs\":[\"https:\/\/www.facebook.com\/miomiorun\/\",\"https:\/\/www.instagram.com\/miomiorun\/\"]}]}<\/script>\n<!-- \/ Yoast SEO plugin. -->","yoast_head_json":{"title":"American Socks Dead and alive - Socken- MioMioRun","description":"Entdecken Sie Dead and Alive von American Socks: Streetwear-Socken in Wadenl\u00e4nge mit atmungsaktiver Coolmax\u00ae-Technologie, erstklassigem Tragekomfort und einzigartigem Design.","robots":{"index":"index","follow":"follow","max-snippet":"max-snippet:-1","max-image-preview":"max-image-preview:large","max-video-preview":"max-video-preview:-1"},"canonical":"https:\/\/www.miomiorun.com\/de\/produkt\/dead-and-alive\/","og_locale":"de_DE","og_type":"article","og_title":"American Socks Dead and alive - Socken- MioMioRun","og_description":"Entdecken Sie Dead and Alive von American Socks: Streetwear-Socken in Wadenl\u00e4nge mit atmungsaktiver Coolmax\u00ae-Technologie, erstklassigem Tragekomfort und einzigartigem Design.","og_url":"https:\/\/www.miomiorun.com\/de\/produkt\/dead-and-alive\/","og_site_name":"MioMioRun","article_publisher":"https:\/\/www.facebook.com\/miomiorun\/","article_modified_time":"2025-11-07T11:14:52+00:00","og_image":[{"width":600,"height":600,"url":"https:\/\/www.miomiorun.com\/app\/uploads\/2025\/07\/american-socks-Dead-and-alive-AS467.webp","type":"image\/webp"}],"twitter_card":"summary_large_image","twitter_misc":{"Est. reading time":"1 minute"},"schema":{"@context":"https:\/\/schema.org","@graph":[{"@type":"WebPage","@id":"https:\/\/www.miomiorun.com\/de\/produkt\/dead-and-alive\/","url":"https:\/\/www.miomiorun.com\/de\/produkt\/dead-and-alive\/","name":"American Socks Dead and alive - Socken- MioMioRun","isPartOf":{"@id":"https:\/\/www.miomiorun.com\/de\/#website"},"primaryImageOfPage":{"@id":"https:\/\/www.miomiorun.com\/de\/produkt\/dead-and-alive\/#primaryimage"},"image":{"@id":"https:\/\/www.miomiorun.com\/de\/produkt\/dead-and-alive\/#primaryimage"},"thumbnailUrl":"https:\/\/www.miomiorun.com\/app\/uploads\/2025\/07\/american-socks-Dead-and-alive-AS467.webp","datePublished":"2025-07-10T15:56:39+00:00","dateModified":"2025-11-07T11:14:52+00:00","description":"Entdecken Sie Dead and Alive von American Socks: Streetwear-Socken in Wadenl\u00e4nge mit atmungsaktiver Coolmax\u00ae-Technologie, erstklassigem Tragekomfort und einzigartigem Design.","breadcrumb":{"@id":"https:\/\/www.miomiorun.com\/de\/produkt\/dead-and-alive\/#breadcrumb"},"inLanguage":"de-DE","potentialAction":[{"@type":"ReadAction","target":["https:\/\/www.miomiorun.com\/de\/produkt\/dead-and-alive\/"]}]},{"@type":"ImageObject","inLanguage":"de-DE","@id":"https:\/\/www.miomiorun.com\/de\/produkt\/dead-and-alive\/#primaryimage","url":"https:\/\/www.miomiorun.com\/app\/uploads\/2025\/07\/american-socks-Dead-and-alive-AS467.webp","contentUrl":"https:\/\/www.miomiorun.com\/app\/uploads\/2025\/07\/american-socks-Dead-and-alive-AS467.webp","width":600,"height":600,"caption":"american socks Dead and alive AS467"},{"@type":"BreadcrumbList","@id":"https:\/\/www.miomiorun.com\/de\/produkt\/dead-and-alive\/#breadcrumb","itemListElement":[{"@type":"ListItem","position":1,"name":"Home","item":"https:\/\/www.miomiorun.com\/de\/"},{"@type":"ListItem","position":2,"name":"Shop","item":"https:\/\/www.miomiorun.com\/shop\/"},{"@type":"ListItem","position":3,"name":"Dead and alive"}]},{"@type":"WebSite","@id":"https:\/\/www.miomiorun.com\/de\/#website","url":"https:\/\/www.miomiorun.com\/de\/","name":"MioMioRun","description":"100% Lauf- und Trailshop","publisher":{"@id":"https:\/\/www.miomiorun.com\/de\/#organization"},"potentialAction":[{"@type":"SearchAction","target":{"@type":"EntryPoint","urlTemplate":"https:\/\/www.miomiorun.com\/de\/?s={search_term_string}"},"query-input":{"@type":"PropertyValueSpecification","valueRequired":true,"valueName":"search_term_string"}}],"inLanguage":"de-DE"},{"@type":"Organization","@id":"https:\/\/www.miomiorun.com\/de\/#organization","name":"MioMio Run","url":"https:\/\/www.miomiorun.com\/de\/","logo":{"@type":"ImageObject","inLanguage":"de-DE","@id":"https:\/\/www.miomiorun.com\/de\/#\/schema\/logo\/image\/","url":"https:\/\/www.miomiorun.com\/app\/uploads\/2019\/12\/logomio.png","contentUrl":"https:\/\/www.miomiorun.com\/app\/uploads\/2019\/12\/logomio.png","width":115,"height":82,"caption":"MioMio Run"},"image":{"@id":"https:\/\/www.miomiorun.com\/de\/#\/schema\/logo\/image\/"},"sameAs":["https:\/\/www.facebook.com\/miomiorun\/","https:\/\/www.instagram.com\/miomiorun\/"]}]}},"_links":{"self":[{"href":"https:\/\/www.miomiorun.com\/de\/wp-json\/wp\/v2\/product\/324362","targetHints":{"allow":["GET"]}}],"collection":[{"href":"https:\/\/www.miomiorun.com\/de\/wp-json\/wp\/v2\/product"}],"about":[{"href":"https:\/\/www.miomiorun.com\/de\/wp-json\/wp\/v2\/types\/product"}],"wp:featuredmedia":[{"embeddable":true,"href":"https:\/\/www.miomiorun.com\/de\/wp-json\/wp\/v2\/media\/330631"}],"wp:attachment":[{"href":"https:\/\/www.miomiorun.com\/de\/wp-json\/wp\/v2\/media?parent=324362"}],"wp:term":[{"taxonomy":"product_brand","embeddable":true,"href":"https:\/\/www.miomiorun.com\/de\/wp-json\/wp\/v2\/product_brand?post=324362"},{"taxonomy":"product_cat","embeddable":true,"href":"https:\/\/www.miomiorun.com\/de\/wp-json\/wp\/v2\/product_cat?post=324362"},{"taxonomy":"product_tag","embeddable":true,"href":"https:\/\/www.miomiorun.com\/de\/wp-json\/wp\/v2\/product_tag?post=324362"}],"curies":[{"name":"wp","href":"https:\/\/api.w.org\/{rel}","templated":true}]}}