{"id":323720,"date":"2025-07-10T10:33:04","date_gmt":"2025-07-10T08:33:04","guid":{"rendered":"https:\/\/miomiorun.com\/?post_type=product&#038;p=323720"},"modified":"2026-04-16T20:57:16","modified_gmt":"2026-04-16T18:57:16","slug":"cascadia-19-herren","status":"publish","type":"product","link":"https:\/\/www.miomiorun.com\/de\/produkt\/cascadia-19-herren\/","title":{"rendered":"Cascadia 19 herren"},"content":{"rendered":"<div class=\"vc-row container\"><div class=\"vc-column\"><div class=\"vc-column-text\"><\/p>\n<p><strong>Technische Daten<\/strong><\/p>\n<p>Kategorie: Top-D\u00e4mpfung<br \/>\nOffset: 6 mm<br \/>\nGewicht: 303,3 g<br \/>\nIdeal f\u00fcr: Trailrunner und Trekking-Fans, die ein ged\u00e4mpftes, sch\u00fctzendes und robustes Modell suchen, das f\u00fcr lange und mittlere Strecken in den Bergen und auf unbefestigten Stra\u00dfen geeignet ist.<br \/>\nGewicht des Athleten: 70-90 kg<br \/>\nLaufgeschwindigkeit: mittel-langsam (&gt;5,00 min\/km)<br \/>\n<a href=\"https:\/\/miomiorun.com\/guida-alle-specifiche-tecniche\/\">Leitfaden zu den technischen Daten<\/a><\/p>\n<p><\/div><\/div><div class=\"vc-column\"><div class=\"vc-column-text\"><\/p>\n<p data-start=\"164\" data-end=\"607\">Mit dem Brooks Cascadia 19 f\u00fcr Herren bist du f\u00fcr jede Strecke ger\u00fcstet. Dieser Trailrunning-Schuh wurde entwickelt, um Stabilit\u00e4t, Anpassungsf\u00e4higkeit und Komfort auf jedem Terrain zu gew\u00e4hrleisten. Dank des neuen Trail Adapt Systems, das eine flexible Rock Plate mit DNA LOFT v3-D\u00e4mpfung kombiniert, passt sich der Schuh dynamisch an Unebenheiten des Bodens an und bietet auch auf technisch anspruchsvollen Strecken konstanten Schutz. <\/p>\n<p data-start=\"609\" data-end=\"979\">Die Sohle besteht zu 25 % aus recyceltem Material und sorgt f\u00fcr hervorragenden Grip auf trockenem und nassem Untergrund und bietet sicheren und stabilen Halt unter allen Bedingungen. Die Nitro-D\u00e4mpfung sorgt f\u00fcr zus\u00e4tzliche Weichheit, mit 2 mm mehr in der Ferse und 4 mm im Vorfu\u00dfbereich, um St\u00f6\u00dfe bei Abfahrten oder unebenen Passagen besser zu absorbieren.<\/p>\n<p data-start=\"981\" data-end=\"1332\">Das leichte und atmungsaktive Obermaterial aus technischem Mesh umschlie\u00dft den Fu\u00df mit einer verst\u00e4rkten Struktur, die die Passform und Stabilit\u00e4t auch bei seitlichen Bewegungen verbessert. Mit dem Cascadia 19 an den F\u00fc\u00dfen kannst du dich ganz auf deinen Schritt konzentrieren: Er k\u00fcmmert sich um den Rest. Er ist der ideale Begleiter f\u00fcr lange Abenteuer in den Bergen und begleitet dich \u00fcberall hin. <\/p>\n<p><\/div><\/div><\/div>\n","protected":false},"excerpt":{"rendered":"<ul class=\"m-long-description__features\">\n<li class=\"m-long-description__feature\">\n<div class=\"m-long-description__feature-text\">Anpassungsf\u00e4hige Federung<\/div>\n<\/li>\n<li class=\"m-long-description__feature\">\n<div class=\"m-long-description__feature-text\">F\u00fcr jedes Gel\u00e4nde geeignet<\/div>\n<\/li>\n<li class=\"m-long-description__feature\">\n<div class=\"m-long-description__feature-text\">Traktion auf nassen und trockenen Oberfl\u00e4chen<\/div>\n<\/li>\n<\/ul>\n","protected":false},"featured_media":401258,"template":"","meta":{"_acf_changed":false,"inline_featured_image":false},"product_brand":[],"product_cat":[6507,6504],"product_tag":[3362,6207],"class_list":{"0":"post-323720","1":"product","2":"type-product","3":"status-publish","4":"has-post-thumbnail","6":"product_cat-herren-schuhe-de","7":"product_cat-trail","8":"product_tag-brooks-de","9":"product_tag-brooks-herren-de","10":"pa_attivita-outdoor-de","11":"pa_attivita-trail-de","12":"pa_colore-cascadia-19-beacon-blue-starfish-coconut","13":"pa_colore-cascadia-19-black-yellow-chateau","14":"pa_marca-brooks-de","15":"pa_sesso-herren","16":"pa_size-41-de","17":"pa_size-42-de","18":"pa_size-42-5-de","19":"pa_size-43-de","20":"pa_size-44-de","21":"pa_size-44-5-de","22":"pa_size-45-5-de","23":"pa_size-46-5-de","25":"first","26":"instock","27":"sale","28":"taxable","29":"shipping-taxable","30":"purchasable","31":"product-type-variable","32":"wvs-archive-product-wrapper"},"acf":[],"yoast_head":"<!-- This site is optimized with the Yoast SEO plugin v26.8 - https:\/\/yoast.com\/product\/yoast-seo-wordpress\/ -->\n<title>Brooks Cascadia 19 herren - Trailschuhe f\u00fcr Herren - MioMioRun.com<\/title>\n<meta name=\"description\" content=\"Entdecken Sie den Brooks Cascadia 19 f\u00fcr Herren: ein stabiler, ged\u00e4mpfter Trail-Laufschuh, der f\u00fcr jedes Gel\u00e4nde geeignet ist. Komfort, Traktion und Schutz f\u00fcr Abenteuer in den Bergen.\" \/>\n<meta name=\"robots\" content=\"index, follow, max-snippet:-1, max-image-preview:large, max-video-preview:-1\" \/>\n<link rel=\"canonical\" href=\"https:\/\/www.miomiorun.com\/de\/produkt\/cascadia-19-herren\/\" \/>\n<meta property=\"og:locale\" content=\"de_DE\" \/>\n<meta property=\"og:type\" content=\"article\" \/>\n<meta property=\"og:title\" content=\"Brooks Cascadia 19 herren - Trailschuhe f\u00fcr Herren - MioMioRun.com\" \/>\n<meta property=\"og:description\" content=\"Entdecken Sie den Brooks Cascadia 19 f\u00fcr Herren: ein stabiler, ged\u00e4mpfter Trail-Laufschuh, der f\u00fcr jedes Gel\u00e4nde geeignet ist. Komfort, Traktion und Schutz f\u00fcr Abenteuer in den Bergen.\" \/>\n<meta property=\"og:url\" content=\"https:\/\/www.miomiorun.com\/de\/produkt\/cascadia-19-herren\/\" \/>\n<meta property=\"og:site_name\" content=\"MioMioRun\" \/>\n<meta property=\"article:publisher\" content=\"https:\/\/www.facebook.com\/miomiorun\/\" \/>\n<meta property=\"article:modified_time\" content=\"2026-04-16T18:57:16+00:00\" \/>\n<meta property=\"og:image\" content=\"https:\/\/www.miomiorun.com\/app\/uploads\/2026\/02\/brooks-Cascadia-19-beacon-blue-starfish-coconut-1104571D455.webp\" \/>\n\t<meta property=\"og:image:width\" content=\"720\" \/>\n\t<meta property=\"og:image:height\" content=\"720\" \/>\n\t<meta property=\"og:image:type\" content=\"image\/webp\" \/>\n<meta name=\"twitter:card\" content=\"summary_large_image\" \/>\n<meta name=\"twitter:label1\" content=\"Est. reading time\" \/>\n\t<meta name=\"twitter:data1\" content=\"2 minutes\" \/>\n<script type=\"application\/ld+json\" class=\"yoast-schema-graph\">{\"@context\":\"https:\/\/schema.org\",\"@graph\":[{\"@type\":\"WebPage\",\"@id\":\"https:\/\/www.miomiorun.com\/de\/produkt\/cascadia-19-herren\/\",\"url\":\"https:\/\/www.miomiorun.com\/de\/produkt\/cascadia-19-herren\/\",\"name\":\"Brooks Cascadia 19 herren - Trailschuhe f\u00fcr Herren - MioMioRun.com\",\"isPartOf\":{\"@id\":\"https:\/\/www.miomiorun.com\/de\/#website\"},\"primaryImageOfPage\":{\"@id\":\"https:\/\/www.miomiorun.com\/de\/produkt\/cascadia-19-herren\/#primaryimage\"},\"image\":{\"@id\":\"https:\/\/www.miomiorun.com\/de\/produkt\/cascadia-19-herren\/#primaryimage\"},\"thumbnailUrl\":\"https:\/\/www.miomiorun.com\/app\/uploads\/2026\/02\/brooks-Cascadia-19-beacon-blue-starfish-coconut-1104571D455.webp\",\"datePublished\":\"2025-07-10T08:33:04+00:00\",\"dateModified\":\"2026-04-16T18:57:16+00:00\",\"description\":\"Entdecken Sie den Brooks Cascadia 19 f\u00fcr Herren: ein stabiler, ged\u00e4mpfter Trail-Laufschuh, der f\u00fcr jedes Gel\u00e4nde geeignet ist. Komfort, Traktion und Schutz f\u00fcr Abenteuer in den Bergen.\",\"breadcrumb\":{\"@id\":\"https:\/\/www.miomiorun.com\/de\/produkt\/cascadia-19-herren\/#breadcrumb\"},\"inLanguage\":\"de-DE\",\"potentialAction\":[{\"@type\":\"ReadAction\",\"target\":[\"https:\/\/www.miomiorun.com\/de\/produkt\/cascadia-19-herren\/\"]}]},{\"@type\":\"ImageObject\",\"inLanguage\":\"de-DE\",\"@id\":\"https:\/\/www.miomiorun.com\/de\/produkt\/cascadia-19-herren\/#primaryimage\",\"url\":\"https:\/\/www.miomiorun.com\/app\/uploads\/2026\/02\/brooks-Cascadia-19-beacon-blue-starfish-coconut-1104571D455.webp\",\"contentUrl\":\"https:\/\/www.miomiorun.com\/app\/uploads\/2026\/02\/brooks-Cascadia-19-beacon-blue-starfish-coconut-1104571D455.webp\",\"width\":720,\"height\":720,\"caption\":\"brooks Cascadia 19 beacon blue starfish coconut 1104571D455\"},{\"@type\":\"BreadcrumbList\",\"@id\":\"https:\/\/www.miomiorun.com\/de\/produkt\/cascadia-19-herren\/#breadcrumb\",\"itemListElement\":[{\"@type\":\"ListItem\",\"position\":1,\"name\":\"Home\",\"item\":\"https:\/\/www.miomiorun.com\/de\/\"},{\"@type\":\"ListItem\",\"position\":2,\"name\":\"Shop\",\"item\":\"https:\/\/www.miomiorun.com\/shop\/\"},{\"@type\":\"ListItem\",\"position\":3,\"name\":\"Cascadia 19 herren\"}]},{\"@type\":\"WebSite\",\"@id\":\"https:\/\/www.miomiorun.com\/de\/#website\",\"url\":\"https:\/\/www.miomiorun.com\/de\/\",\"name\":\"MioMioRun\",\"description\":\"100% Lauf- und Trailshop\",\"publisher\":{\"@id\":\"https:\/\/www.miomiorun.com\/de\/#organization\"},\"potentialAction\":[{\"@type\":\"SearchAction\",\"target\":{\"@type\":\"EntryPoint\",\"urlTemplate\":\"https:\/\/www.miomiorun.com\/de\/?s={search_term_string}\"},\"query-input\":{\"@type\":\"PropertyValueSpecification\",\"valueRequired\":true,\"valueName\":\"search_term_string\"}}],\"inLanguage\":\"de-DE\"},{\"@type\":\"Organization\",\"@id\":\"https:\/\/www.miomiorun.com\/de\/#organization\",\"name\":\"MioMio Run\",\"url\":\"https:\/\/www.miomiorun.com\/de\/\",\"logo\":{\"@type\":\"ImageObject\",\"inLanguage\":\"de-DE\",\"@id\":\"https:\/\/www.miomiorun.com\/de\/#\/schema\/logo\/image\/\",\"url\":\"https:\/\/www.miomiorun.com\/app\/uploads\/2019\/12\/logomio.png\",\"contentUrl\":\"https:\/\/www.miomiorun.com\/app\/uploads\/2019\/12\/logomio.png\",\"width\":115,\"height\":82,\"caption\":\"MioMio Run\"},\"image\":{\"@id\":\"https:\/\/www.miomiorun.com\/de\/#\/schema\/logo\/image\/\"},\"sameAs\":[\"https:\/\/www.facebook.com\/miomiorun\/\",\"https:\/\/www.instagram.com\/miomiorun\/\"]}]}<\/script>\n<!-- \/ Yoast SEO plugin. -->","yoast_head_json":{"title":"Brooks Cascadia 19 herren - Trailschuhe f\u00fcr Herren - MioMioRun.com","description":"Entdecken Sie den Brooks Cascadia 19 f\u00fcr Herren: ein stabiler, ged\u00e4mpfter Trail-Laufschuh, der f\u00fcr jedes Gel\u00e4nde geeignet ist. Komfort, Traktion und Schutz f\u00fcr Abenteuer in den Bergen.","robots":{"index":"index","follow":"follow","max-snippet":"max-snippet:-1","max-image-preview":"max-image-preview:large","max-video-preview":"max-video-preview:-1"},"canonical":"https:\/\/www.miomiorun.com\/de\/produkt\/cascadia-19-herren\/","og_locale":"de_DE","og_type":"article","og_title":"Brooks Cascadia 19 herren - Trailschuhe f\u00fcr Herren - MioMioRun.com","og_description":"Entdecken Sie den Brooks Cascadia 19 f\u00fcr Herren: ein stabiler, ged\u00e4mpfter Trail-Laufschuh, der f\u00fcr jedes Gel\u00e4nde geeignet ist. Komfort, Traktion und Schutz f\u00fcr Abenteuer in den Bergen.","og_url":"https:\/\/www.miomiorun.com\/de\/produkt\/cascadia-19-herren\/","og_site_name":"MioMioRun","article_publisher":"https:\/\/www.facebook.com\/miomiorun\/","article_modified_time":"2026-04-16T18:57:16+00:00","og_image":[{"width":720,"height":720,"url":"https:\/\/www.miomiorun.com\/app\/uploads\/2026\/02\/brooks-Cascadia-19-beacon-blue-starfish-coconut-1104571D455.webp","type":"image\/webp"}],"twitter_card":"summary_large_image","twitter_misc":{"Est. reading time":"2 minutes"},"schema":{"@context":"https:\/\/schema.org","@graph":[{"@type":"WebPage","@id":"https:\/\/www.miomiorun.com\/de\/produkt\/cascadia-19-herren\/","url":"https:\/\/www.miomiorun.com\/de\/produkt\/cascadia-19-herren\/","name":"Brooks Cascadia 19 herren - Trailschuhe f\u00fcr Herren - MioMioRun.com","isPartOf":{"@id":"https:\/\/www.miomiorun.com\/de\/#website"},"primaryImageOfPage":{"@id":"https:\/\/www.miomiorun.com\/de\/produkt\/cascadia-19-herren\/#primaryimage"},"image":{"@id":"https:\/\/www.miomiorun.com\/de\/produkt\/cascadia-19-herren\/#primaryimage"},"thumbnailUrl":"https:\/\/www.miomiorun.com\/app\/uploads\/2026\/02\/brooks-Cascadia-19-beacon-blue-starfish-coconut-1104571D455.webp","datePublished":"2025-07-10T08:33:04+00:00","dateModified":"2026-04-16T18:57:16+00:00","description":"Entdecken Sie den Brooks Cascadia 19 f\u00fcr Herren: ein stabiler, ged\u00e4mpfter Trail-Laufschuh, der f\u00fcr jedes Gel\u00e4nde geeignet ist. Komfort, Traktion und Schutz f\u00fcr Abenteuer in den Bergen.","breadcrumb":{"@id":"https:\/\/www.miomiorun.com\/de\/produkt\/cascadia-19-herren\/#breadcrumb"},"inLanguage":"de-DE","potentialAction":[{"@type":"ReadAction","target":["https:\/\/www.miomiorun.com\/de\/produkt\/cascadia-19-herren\/"]}]},{"@type":"ImageObject","inLanguage":"de-DE","@id":"https:\/\/www.miomiorun.com\/de\/produkt\/cascadia-19-herren\/#primaryimage","url":"https:\/\/www.miomiorun.com\/app\/uploads\/2026\/02\/brooks-Cascadia-19-beacon-blue-starfish-coconut-1104571D455.webp","contentUrl":"https:\/\/www.miomiorun.com\/app\/uploads\/2026\/02\/brooks-Cascadia-19-beacon-blue-starfish-coconut-1104571D455.webp","width":720,"height":720,"caption":"brooks Cascadia 19 beacon blue starfish coconut 1104571D455"},{"@type":"BreadcrumbList","@id":"https:\/\/www.miomiorun.com\/de\/produkt\/cascadia-19-herren\/#breadcrumb","itemListElement":[{"@type":"ListItem","position":1,"name":"Home","item":"https:\/\/www.miomiorun.com\/de\/"},{"@type":"ListItem","position":2,"name":"Shop","item":"https:\/\/www.miomiorun.com\/shop\/"},{"@type":"ListItem","position":3,"name":"Cascadia 19 herren"}]},{"@type":"WebSite","@id":"https:\/\/www.miomiorun.com\/de\/#website","url":"https:\/\/www.miomiorun.com\/de\/","name":"MioMioRun","description":"100% Lauf- und Trailshop","publisher":{"@id":"https:\/\/www.miomiorun.com\/de\/#organization"},"potentialAction":[{"@type":"SearchAction","target":{"@type":"EntryPoint","urlTemplate":"https:\/\/www.miomiorun.com\/de\/?s={search_term_string}"},"query-input":{"@type":"PropertyValueSpecification","valueRequired":true,"valueName":"search_term_string"}}],"inLanguage":"de-DE"},{"@type":"Organization","@id":"https:\/\/www.miomiorun.com\/de\/#organization","name":"MioMio Run","url":"https:\/\/www.miomiorun.com\/de\/","logo":{"@type":"ImageObject","inLanguage":"de-DE","@id":"https:\/\/www.miomiorun.com\/de\/#\/schema\/logo\/image\/","url":"https:\/\/www.miomiorun.com\/app\/uploads\/2019\/12\/logomio.png","contentUrl":"https:\/\/www.miomiorun.com\/app\/uploads\/2019\/12\/logomio.png","width":115,"height":82,"caption":"MioMio Run"},"image":{"@id":"https:\/\/www.miomiorun.com\/de\/#\/schema\/logo\/image\/"},"sameAs":["https:\/\/www.facebook.com\/miomiorun\/","https:\/\/www.instagram.com\/miomiorun\/"]}]}},"_links":{"self":[{"href":"https:\/\/www.miomiorun.com\/de\/wp-json\/wp\/v2\/product\/323720","targetHints":{"allow":["GET"]}}],"collection":[{"href":"https:\/\/www.miomiorun.com\/de\/wp-json\/wp\/v2\/product"}],"about":[{"href":"https:\/\/www.miomiorun.com\/de\/wp-json\/wp\/v2\/types\/product"}],"wp:featuredmedia":[{"embeddable":true,"href":"https:\/\/www.miomiorun.com\/de\/wp-json\/wp\/v2\/media\/401258"}],"wp:attachment":[{"href":"https:\/\/www.miomiorun.com\/de\/wp-json\/wp\/v2\/media?parent=323720"}],"wp:term":[{"taxonomy":"product_brand","embeddable":true,"href":"https:\/\/www.miomiorun.com\/de\/wp-json\/wp\/v2\/product_brand?post=323720"},{"taxonomy":"product_cat","embeddable":true,"href":"https:\/\/www.miomiorun.com\/de\/wp-json\/wp\/v2\/product_cat?post=323720"},{"taxonomy":"product_tag","embeddable":true,"href":"https:\/\/www.miomiorun.com\/de\/wp-json\/wp\/v2\/product_tag?post=323720"}],"curies":[{"name":"wp","href":"https:\/\/api.w.org\/{rel}","templated":true}]}}