{"id":323717,"date":"2025-07-10T10:33:02","date_gmt":"2025-07-10T08:33:02","guid":{"rendered":"https:\/\/miomiorun.com\/?post_type=product&#038;p=323717"},"modified":"2026-04-03T13:03:35","modified_gmt":"2026-04-03T11:03:35","slug":"cascadia-19-damen","status":"publish","type":"product","link":"https:\/\/www.miomiorun.com\/de\/produkt\/cascadia-19-damen\/","title":{"rendered":"Cascadia 19 damen"},"content":{"rendered":"<div class=\"vc-row container\"><div class=\"vc-column\"><div class=\"vc-column-text\"><\/p>\n<p><strong>Technische Daten<\/strong><\/p>\n<p>Kategorie: Top-D\u00e4mpfung<br \/>\nOffset: 6 mm<br \/>\nGewicht: 277,8 g<br \/>\nIdeal f\u00fcr: Trailrunner und Trekking-Fans, die ein ged\u00e4mpftes, sch\u00fctzendes und robustes Modell suchen, das f\u00fcr lange und mittlere Strecken in den Bergen und auf unbefestigten Stra\u00dfen geeignet ist.<br \/>\nGewicht des Athleten: 70-90 kg<br \/>\nLaufgeschwindigkeit: mittel-langsam (&gt;5,00 min\/km)<br \/>\n<a href=\"https:\/\/miomiorun.com\/guida-alle-specifiche-tecniche\/\">Leitfaden zu den technischen Spezifikationen<\/a><\/p>\n<p><\/div><\/div><div class=\"vc-column\"><div class=\"vc-column-text\"><\/p>\n<p data-start=\"191\" data-end=\"246\"><strong data-start=\"191\" data-end=\"246\">Stabilit\u00e4t und Schutz f\u00fcr jedes Offroad-Abenteuer.<\/strong><\/p>\n<p data-start=\"248\" data-end=\"598\">Mit dem <strong data-start=\"302\" data-end=\"326\">Cascadia 19 f\u00fcr Damen<\/strong>, einem Schuh, der Stabilit\u00e4t, Komfort und Anpassungsf\u00e4higkeit auf jedem Terrain bietet, meistern Sie jeden Trail mit Sicherheit. Das Trail Adapt-System kombiniert eine flexible Rock Plate mit DNA LOFT v3-D\u00e4mpfung, um auch auf technisch anspruchsvollen Strecken ein fl\u00fcssiges, sicheres und reaktionsfreudiges Laufen zu gew\u00e4hrleisten.<\/p>\n<p data-start=\"600\" data-end=\"857\">Die Sohle aus 25 % recyceltem Material sorgt f\u00fcr effektive Traktion sowohl auf nassem als auch auf trockenem Untergrund, w\u00e4hrend die neue Nitro-D\u00e4mpfung 2 mm mehr Weichheit an der Ferse und 4 mm mehr Weichheit im Vorfu\u00dfbereich f\u00fcr ein noch komfortableres Laufgef\u00fchl sorgt.<\/p>\n<p data-start=\"859\" data-end=\"1086\">Das Obermaterial aus technischem Mesh umh\u00fcllt den Fu\u00df und bietet <strong data-start=\"911\" data-end=\"964\">Halt, Atmungsaktivit\u00e4t und eine sichere Passform<\/strong>, selbst an den intensivsten Tagen.<br data-start=\"999\" data-end=\"1002\"><strong data-start=\"1002\" data-end=\"1086\">Perfekt f\u00fcr Trailrunner und Wanderer, die Zuverl\u00e4ssigkeit und Leistung suchen.<\/strong><\/p>\n<p><\/div><\/div><\/div>\n","protected":false},"excerpt":{"rendered":"<ul>\n<li class=\"m-long-description__feature\">\n<div class=\"m-long-description__feature-text\">Anpassungsf\u00e4hige Federung<\/div>\n<\/li>\n<li class=\"m-long-description__feature\">\n<div class=\"m-long-description__feature-text\">F\u00fcr jedes Gel\u00e4nde geeignet<\/div>\n<\/li>\n<li class=\"m-long-description__feature\">\n<div class=\"m-long-description__feature-text\">Traktion auf nassen und trockenen Oberfl\u00e4chen<\/div>\n<\/li>\n<\/ul>\n","protected":false},"featured_media":402837,"template":"","meta":{"_acf_changed":false,"inline_featured_image":false},"product_brand":[],"product_cat":[6474,6491],"product_tag":[3362,6205],"class_list":{"0":"post-323717","1":"product","2":"type-product","3":"status-publish","4":"has-post-thumbnail","6":"product_cat-damenschuhe","7":"product_cat-damentrailschuhe","8":"product_tag-brooks-de","9":"product_tag-brooks-damen-de","10":"pa_attivita-outdoor-de","11":"pa_attivita-trail-de","12":"pa_colore-cascadia-19-w-peach-echo-chateau-white","13":"pa_colore-cascadia-19-w-rabbit-black-bluefish","14":"pa_marca-brooks-de","15":"pa_sesso-damen","16":"pa_size-38-de","17":"pa_size-38-5-de","18":"pa_size-39-de","19":"pa_size-40-de","20":"pa_size-40-5-de","21":"pa_size-41-de","23":"first","24":"instock","25":"sale","26":"taxable","27":"shipping-taxable","28":"purchasable","29":"product-type-variable","30":"wvs-archive-product-wrapper"},"acf":[],"yoast_head":"<!-- This site is optimized with the Yoast SEO plugin v26.8 - https:\/\/yoast.com\/product\/yoast-seo-wordpress\/ -->\n<title>Brooks Cascadia 19 damen - Trailschuhe f\u00fcr Damen - MioMioRun.com<\/title>\n<meta name=\"description\" content=\"Entdecken Sie den Brooks Cascadia 19 f\u00fcr Damen: ein stabiler, ged\u00e4mpfter Trail-Laufschuh, der f\u00fcr jedes Gel\u00e4nde geeignet ist. Komfort, Traktion und Schutz f\u00fcr Abenteuer in den Bergen.\" \/>\n<meta name=\"robots\" content=\"index, follow, max-snippet:-1, max-image-preview:large, max-video-preview:-1\" \/>\n<link rel=\"canonical\" href=\"https:\/\/www.miomiorun.com\/de\/produkt\/cascadia-19-damen\/\" \/>\n<meta property=\"og:locale\" content=\"de_DE\" \/>\n<meta property=\"og:type\" content=\"article\" \/>\n<meta property=\"og:title\" content=\"Brooks Cascadia 19 damen - Trailschuhe f\u00fcr Damen - MioMioRun.com\" \/>\n<meta property=\"og:description\" content=\"Entdecken Sie den Brooks Cascadia 19 f\u00fcr Damen: ein stabiler, ged\u00e4mpfter Trail-Laufschuh, der f\u00fcr jedes Gel\u00e4nde geeignet ist. Komfort, Traktion und Schutz f\u00fcr Abenteuer in den Bergen.\" \/>\n<meta property=\"og:url\" content=\"https:\/\/www.miomiorun.com\/de\/produkt\/cascadia-19-damen\/\" \/>\n<meta property=\"og:site_name\" content=\"MioMioRun\" \/>\n<meta property=\"article:publisher\" content=\"https:\/\/www.facebook.com\/miomiorun\/\" \/>\n<meta property=\"article:modified_time\" content=\"2026-04-03T11:03:35+00:00\" \/>\n<meta property=\"og:image\" content=\"https:\/\/www.miomiorun.com\/app\/uploads\/2026\/02\/brooks-Cascadia-19-W-peach-echo-chateau-white-1204461B812.webp\" \/>\n\t<meta property=\"og:image:width\" content=\"720\" \/>\n\t<meta property=\"og:image:height\" content=\"720\" \/>\n\t<meta property=\"og:image:type\" content=\"image\/webp\" \/>\n<meta name=\"twitter:card\" content=\"summary_large_image\" \/>\n<meta name=\"twitter:label1\" content=\"Est. reading time\" \/>\n\t<meta name=\"twitter:data1\" content=\"2 minutes\" \/>\n<script type=\"application\/ld+json\" class=\"yoast-schema-graph\">{\"@context\":\"https:\/\/schema.org\",\"@graph\":[{\"@type\":\"WebPage\",\"@id\":\"https:\/\/www.miomiorun.com\/de\/produkt\/cascadia-19-damen\/\",\"url\":\"https:\/\/www.miomiorun.com\/de\/produkt\/cascadia-19-damen\/\",\"name\":\"Brooks Cascadia 19 damen - Trailschuhe f\u00fcr Damen - MioMioRun.com\",\"isPartOf\":{\"@id\":\"https:\/\/www.miomiorun.com\/de\/#website\"},\"primaryImageOfPage\":{\"@id\":\"https:\/\/www.miomiorun.com\/de\/produkt\/cascadia-19-damen\/#primaryimage\"},\"image\":{\"@id\":\"https:\/\/www.miomiorun.com\/de\/produkt\/cascadia-19-damen\/#primaryimage\"},\"thumbnailUrl\":\"https:\/\/www.miomiorun.com\/app\/uploads\/2026\/02\/brooks-Cascadia-19-W-peach-echo-chateau-white-1204461B812.webp\",\"datePublished\":\"2025-07-10T08:33:02+00:00\",\"dateModified\":\"2026-04-03T11:03:35+00:00\",\"description\":\"Entdecken Sie den Brooks Cascadia 19 f\u00fcr Damen: ein stabiler, ged\u00e4mpfter Trail-Laufschuh, der f\u00fcr jedes Gel\u00e4nde geeignet ist. Komfort, Traktion und Schutz f\u00fcr Abenteuer in den Bergen.\",\"breadcrumb\":{\"@id\":\"https:\/\/www.miomiorun.com\/de\/produkt\/cascadia-19-damen\/#breadcrumb\"},\"inLanguage\":\"de-DE\",\"potentialAction\":[{\"@type\":\"ReadAction\",\"target\":[\"https:\/\/www.miomiorun.com\/de\/produkt\/cascadia-19-damen\/\"]}]},{\"@type\":\"ImageObject\",\"inLanguage\":\"de-DE\",\"@id\":\"https:\/\/www.miomiorun.com\/de\/produkt\/cascadia-19-damen\/#primaryimage\",\"url\":\"https:\/\/www.miomiorun.com\/app\/uploads\/2026\/02\/brooks-Cascadia-19-W-peach-echo-chateau-white-1204461B812.webp\",\"contentUrl\":\"https:\/\/www.miomiorun.com\/app\/uploads\/2026\/02\/brooks-Cascadia-19-W-peach-echo-chateau-white-1204461B812.webp\",\"width\":720,\"height\":720,\"caption\":\"brooks Cascadia 19 W peach echo chateau white 1204461B812\"},{\"@type\":\"BreadcrumbList\",\"@id\":\"https:\/\/www.miomiorun.com\/de\/produkt\/cascadia-19-damen\/#breadcrumb\",\"itemListElement\":[{\"@type\":\"ListItem\",\"position\":1,\"name\":\"Home\",\"item\":\"https:\/\/www.miomiorun.com\/de\/\"},{\"@type\":\"ListItem\",\"position\":2,\"name\":\"Shop\",\"item\":\"https:\/\/www.miomiorun.com\/shop\/\"},{\"@type\":\"ListItem\",\"position\":3,\"name\":\"Cascadia 19 damen\"}]},{\"@type\":\"WebSite\",\"@id\":\"https:\/\/www.miomiorun.com\/de\/#website\",\"url\":\"https:\/\/www.miomiorun.com\/de\/\",\"name\":\"MioMioRun\",\"description\":\"100% Lauf- und Trailshop\",\"publisher\":{\"@id\":\"https:\/\/www.miomiorun.com\/de\/#organization\"},\"potentialAction\":[{\"@type\":\"SearchAction\",\"target\":{\"@type\":\"EntryPoint\",\"urlTemplate\":\"https:\/\/www.miomiorun.com\/de\/?s={search_term_string}\"},\"query-input\":{\"@type\":\"PropertyValueSpecification\",\"valueRequired\":true,\"valueName\":\"search_term_string\"}}],\"inLanguage\":\"de-DE\"},{\"@type\":\"Organization\",\"@id\":\"https:\/\/www.miomiorun.com\/de\/#organization\",\"name\":\"MioMio Run\",\"url\":\"https:\/\/www.miomiorun.com\/de\/\",\"logo\":{\"@type\":\"ImageObject\",\"inLanguage\":\"de-DE\",\"@id\":\"https:\/\/www.miomiorun.com\/de\/#\/schema\/logo\/image\/\",\"url\":\"https:\/\/www.miomiorun.com\/app\/uploads\/2019\/12\/logomio.png\",\"contentUrl\":\"https:\/\/www.miomiorun.com\/app\/uploads\/2019\/12\/logomio.png\",\"width\":115,\"height\":82,\"caption\":\"MioMio Run\"},\"image\":{\"@id\":\"https:\/\/www.miomiorun.com\/de\/#\/schema\/logo\/image\/\"},\"sameAs\":[\"https:\/\/www.facebook.com\/miomiorun\/\",\"https:\/\/www.instagram.com\/miomiorun\/\"]}]}<\/script>\n<!-- \/ Yoast SEO plugin. -->","yoast_head_json":{"title":"Brooks Cascadia 19 damen - Trailschuhe f\u00fcr Damen - MioMioRun.com","description":"Entdecken Sie den Brooks Cascadia 19 f\u00fcr Damen: ein stabiler, ged\u00e4mpfter Trail-Laufschuh, der f\u00fcr jedes Gel\u00e4nde geeignet ist. Komfort, Traktion und Schutz f\u00fcr Abenteuer in den Bergen.","robots":{"index":"index","follow":"follow","max-snippet":"max-snippet:-1","max-image-preview":"max-image-preview:large","max-video-preview":"max-video-preview:-1"},"canonical":"https:\/\/www.miomiorun.com\/de\/produkt\/cascadia-19-damen\/","og_locale":"de_DE","og_type":"article","og_title":"Brooks Cascadia 19 damen - Trailschuhe f\u00fcr Damen - MioMioRun.com","og_description":"Entdecken Sie den Brooks Cascadia 19 f\u00fcr Damen: ein stabiler, ged\u00e4mpfter Trail-Laufschuh, der f\u00fcr jedes Gel\u00e4nde geeignet ist. Komfort, Traktion und Schutz f\u00fcr Abenteuer in den Bergen.","og_url":"https:\/\/www.miomiorun.com\/de\/produkt\/cascadia-19-damen\/","og_site_name":"MioMioRun","article_publisher":"https:\/\/www.facebook.com\/miomiorun\/","article_modified_time":"2026-04-03T11:03:35+00:00","og_image":[{"width":720,"height":720,"url":"https:\/\/www.miomiorun.com\/app\/uploads\/2026\/02\/brooks-Cascadia-19-W-peach-echo-chateau-white-1204461B812.webp","type":"image\/webp"}],"twitter_card":"summary_large_image","twitter_misc":{"Est. reading time":"2 minutes"},"schema":{"@context":"https:\/\/schema.org","@graph":[{"@type":"WebPage","@id":"https:\/\/www.miomiorun.com\/de\/produkt\/cascadia-19-damen\/","url":"https:\/\/www.miomiorun.com\/de\/produkt\/cascadia-19-damen\/","name":"Brooks Cascadia 19 damen - Trailschuhe f\u00fcr Damen - MioMioRun.com","isPartOf":{"@id":"https:\/\/www.miomiorun.com\/de\/#website"},"primaryImageOfPage":{"@id":"https:\/\/www.miomiorun.com\/de\/produkt\/cascadia-19-damen\/#primaryimage"},"image":{"@id":"https:\/\/www.miomiorun.com\/de\/produkt\/cascadia-19-damen\/#primaryimage"},"thumbnailUrl":"https:\/\/www.miomiorun.com\/app\/uploads\/2026\/02\/brooks-Cascadia-19-W-peach-echo-chateau-white-1204461B812.webp","datePublished":"2025-07-10T08:33:02+00:00","dateModified":"2026-04-03T11:03:35+00:00","description":"Entdecken Sie den Brooks Cascadia 19 f\u00fcr Damen: ein stabiler, ged\u00e4mpfter Trail-Laufschuh, der f\u00fcr jedes Gel\u00e4nde geeignet ist. Komfort, Traktion und Schutz f\u00fcr Abenteuer in den Bergen.","breadcrumb":{"@id":"https:\/\/www.miomiorun.com\/de\/produkt\/cascadia-19-damen\/#breadcrumb"},"inLanguage":"de-DE","potentialAction":[{"@type":"ReadAction","target":["https:\/\/www.miomiorun.com\/de\/produkt\/cascadia-19-damen\/"]}]},{"@type":"ImageObject","inLanguage":"de-DE","@id":"https:\/\/www.miomiorun.com\/de\/produkt\/cascadia-19-damen\/#primaryimage","url":"https:\/\/www.miomiorun.com\/app\/uploads\/2026\/02\/brooks-Cascadia-19-W-peach-echo-chateau-white-1204461B812.webp","contentUrl":"https:\/\/www.miomiorun.com\/app\/uploads\/2026\/02\/brooks-Cascadia-19-W-peach-echo-chateau-white-1204461B812.webp","width":720,"height":720,"caption":"brooks Cascadia 19 W peach echo chateau white 1204461B812"},{"@type":"BreadcrumbList","@id":"https:\/\/www.miomiorun.com\/de\/produkt\/cascadia-19-damen\/#breadcrumb","itemListElement":[{"@type":"ListItem","position":1,"name":"Home","item":"https:\/\/www.miomiorun.com\/de\/"},{"@type":"ListItem","position":2,"name":"Shop","item":"https:\/\/www.miomiorun.com\/shop\/"},{"@type":"ListItem","position":3,"name":"Cascadia 19 damen"}]},{"@type":"WebSite","@id":"https:\/\/www.miomiorun.com\/de\/#website","url":"https:\/\/www.miomiorun.com\/de\/","name":"MioMioRun","description":"100% Lauf- und Trailshop","publisher":{"@id":"https:\/\/www.miomiorun.com\/de\/#organization"},"potentialAction":[{"@type":"SearchAction","target":{"@type":"EntryPoint","urlTemplate":"https:\/\/www.miomiorun.com\/de\/?s={search_term_string}"},"query-input":{"@type":"PropertyValueSpecification","valueRequired":true,"valueName":"search_term_string"}}],"inLanguage":"de-DE"},{"@type":"Organization","@id":"https:\/\/www.miomiorun.com\/de\/#organization","name":"MioMio Run","url":"https:\/\/www.miomiorun.com\/de\/","logo":{"@type":"ImageObject","inLanguage":"de-DE","@id":"https:\/\/www.miomiorun.com\/de\/#\/schema\/logo\/image\/","url":"https:\/\/www.miomiorun.com\/app\/uploads\/2019\/12\/logomio.png","contentUrl":"https:\/\/www.miomiorun.com\/app\/uploads\/2019\/12\/logomio.png","width":115,"height":82,"caption":"MioMio Run"},"image":{"@id":"https:\/\/www.miomiorun.com\/de\/#\/schema\/logo\/image\/"},"sameAs":["https:\/\/www.facebook.com\/miomiorun\/","https:\/\/www.instagram.com\/miomiorun\/"]}]}},"_links":{"self":[{"href":"https:\/\/www.miomiorun.com\/de\/wp-json\/wp\/v2\/product\/323717","targetHints":{"allow":["GET"]}}],"collection":[{"href":"https:\/\/www.miomiorun.com\/de\/wp-json\/wp\/v2\/product"}],"about":[{"href":"https:\/\/www.miomiorun.com\/de\/wp-json\/wp\/v2\/types\/product"}],"wp:featuredmedia":[{"embeddable":true,"href":"https:\/\/www.miomiorun.com\/de\/wp-json\/wp\/v2\/media\/402837"}],"wp:attachment":[{"href":"https:\/\/www.miomiorun.com\/de\/wp-json\/wp\/v2\/media?parent=323717"}],"wp:term":[{"taxonomy":"product_brand","embeddable":true,"href":"https:\/\/www.miomiorun.com\/de\/wp-json\/wp\/v2\/product_brand?post=323717"},{"taxonomy":"product_cat","embeddable":true,"href":"https:\/\/www.miomiorun.com\/de\/wp-json\/wp\/v2\/product_cat?post=323717"},{"taxonomy":"product_tag","embeddable":true,"href":"https:\/\/www.miomiorun.com\/de\/wp-json\/wp\/v2\/product_tag?post=323717"}],"curies":[{"name":"wp","href":"https:\/\/api.w.org\/{rel}","templated":true}]}}