{"id":323641,"date":"2025-07-10T10:20:31","date_gmt":"2025-07-10T08:20:31","guid":{"rendered":"https:\/\/miomiorun.com\/?post_type=product&#038;p=323641"},"modified":"2025-11-05T19:07:40","modified_gmt":"2025-11-05T18:07:40","slug":"revel-8-herren","status":"publish","type":"product","link":"https:\/\/www.miomiorun.com\/de\/produkt\/revel-8-herren\/","title":{"rendered":"Revel 8 herren"},"content":{"rendered":"<div class=\"vc-row container\"><div class=\"vc-column\"><div class=\"vc-column-text\"><\/p>\n<p><strong>Technische Daten<\/strong><\/p>\n<p>Kategorie: reaktive D\u00e4mpfung<br \/>\nOffset: 8 mm<br \/>\nGewicht: 258,0 g<br \/>\nIdeal f\u00fcr: L\u00e4ufer mit neutralem Laufstil und mittlerer Fu\u00dfsohle, die einen vielseitigen und leichten Schuh suchen, um Mittelstrecken und auch anspruchsvolle Trainingseinheiten m\u00fchelos zu bew\u00e4ltigen.<br \/>\nGewicht des Athleten: 60-75 kg<br \/>\nLaufgeschwindigkeit: mittel-schnell (4,00-5,30 min\/km)<br \/>\n<a href=\"https:\/\/miomiorun.com\/guida-alle-specifiche-tecniche\/\">Leitfaden zu den technischen Daten<\/a><\/p>\n<p><\/div><\/div><div class=\"vc-column\"><div class=\"vc-column-text\"><\/p>\n<p data-start=\"232\" data-end=\"513\">Wenn der Tag ein hohes Tempo vorgibt, bieten Ihnen die <strong data-start=\"282\" data-end=\"308\">Brooks Revel 8 f\u00fcr Herren<\/strong> konstante Unterst\u00fctzung und einen makellosen Stil. Diese Schuhe wurden entwickelt, um Sie vom Laufen \u00fcber die Arbeit bis hin zur Freizeit zu begleiten, und verbinden Leistung und Komfort in einem essentiellen Design.<\/p>\n<p data-start=\"515\" data-end=\"796\">Die verbesserte D\u00e4mpfung sorgt f\u00fcr einen fl\u00fcssigen und komfortablen Lauf, w\u00e4hrend das Obermaterial aus <strong data-start=\"608\" data-end=\"636\">atmungsaktivem Funktionsmesh<\/strong> in jeder Situation f\u00fcr Frische und Leichtigkeit sorgt. Perfekt f\u00fcr leichtes Training oder f\u00fcr alle, die sich einfach den ganzen Tag \u00fcber wohlf\u00fchlen m\u00f6chten.<\/p>\n<p data-start=\"798\" data-end=\"1052\">Das klare Design mit modernen Linien und dezenten Details passt sich leicht jedem Outfit an. Der Revel 8 ist nicht nur ein Laufschuh, sondern eine kluge Wahl f\u00fcr alle, die jeden Tag mit Komfort und Sicherheit angehen m\u00f6chten, ohne auf Stil zu verzichten. <\/p>\n<p><\/div><\/div><\/div><\/p>\n","protected":false},"excerpt":{"rendered":"<ul class=\"m-long-description__features\">\n<li class=\"m-long-description__feature\">\u00dcberarbeitetes Obermaterial.<\/li>\n<li class=\"m-long-description__feature\">Reaktionsfreudig und komfortabel.<\/li>\n<li class=\"m-long-description__feature\">Schnelle \u00dcberg\u00e4nge.<\/li>\n<\/ul>\n","protected":false},"featured_media":325714,"template":"","meta":{"_acf_changed":false,"inline_featured_image":false},"product_brand":[],"product_cat":[6507,6506],"product_tag":[3362,6207],"class_list":{"0":"post-323641","1":"product","2":"type-product","3":"status-publish","4":"has-post-thumbnail","6":"product_cat-herren-schuhe-de","7":"product_cat-neutrale-herren-schuhe-de","8":"product_tag-brooks-de","9":"product_tag-brooks-herren-de","10":"pa_attivita-fitness-de","11":"pa_attivita-gehen","12":"pa_attivita-running-de","13":"pa_colore-revel-8-black-grey-white-de","14":"pa_colore-revel-8-white-black-oak-buff-de","15":"pa_marca-brooks-de","16":"pa_sesso-herren","17":"pa_size-45-de","18":"pa_size-45-5-de","20":"first","21":"instock","22":"sale","23":"taxable","24":"shipping-taxable","25":"purchasable","26":"product-type-variable","27":"wvs-archive-product-wrapper"},"acf":[],"yoast_head":"<!-- This site is optimized with the Yoast SEO plugin v26.8 - https:\/\/yoast.com\/product\/yoast-seo-wordpress\/ -->\n<title>Brooks Revel 8 herren -Laufschuhe f\u00fcr Herren- MioMioRun .com<\/title>\n<meta name=\"description\" content=\"Revel 8 Herren: Vielseitiger Schuh mit weicher D\u00e4mpfung und atmungsaktivem Obermaterial. Idealer Komfort f\u00fcr Laufsport, Freizeit und Alltag.\" \/>\n<meta name=\"robots\" content=\"index, follow, max-snippet:-1, max-image-preview:large, max-video-preview:-1\" \/>\n<link rel=\"canonical\" href=\"https:\/\/www.miomiorun.com\/de\/produkt\/revel-8-herren\/\" \/>\n<meta property=\"og:locale\" content=\"de_DE\" \/>\n<meta property=\"og:type\" content=\"article\" \/>\n<meta property=\"og:title\" content=\"Brooks Revel 8 herren -Laufschuhe f\u00fcr Herren- MioMioRun .com\" \/>\n<meta property=\"og:description\" content=\"Revel 8 Herren: Vielseitiger Schuh mit weicher D\u00e4mpfung und atmungsaktivem Obermaterial. Idealer Komfort f\u00fcr Laufsport, Freizeit und Alltag.\" \/>\n<meta property=\"og:url\" content=\"https:\/\/www.miomiorun.com\/de\/produkt\/revel-8-herren\/\" \/>\n<meta property=\"og:site_name\" content=\"MioMioRun\" \/>\n<meta property=\"article:publisher\" content=\"https:\/\/www.facebook.com\/miomiorun\/\" \/>\n<meta property=\"article:modified_time\" content=\"2025-11-05T18:07:40+00:00\" \/>\n<meta property=\"og:image\" content=\"https:\/\/www.miomiorun.com\/app\/uploads\/2025\/07\/brooks-Revel-8-white-black-oak-buff-1104681D107.webp\" \/>\n\t<meta property=\"og:image:width\" content=\"600\" \/>\n\t<meta property=\"og:image:height\" content=\"600\" \/>\n\t<meta property=\"og:image:type\" content=\"image\/webp\" \/>\n<meta name=\"twitter:card\" content=\"summary_large_image\" \/>\n<meta name=\"twitter:label1\" content=\"Est. reading time\" \/>\n\t<meta name=\"twitter:data1\" content=\"2 minutes\" \/>\n<script type=\"application\/ld+json\" class=\"yoast-schema-graph\">{\"@context\":\"https:\/\/schema.org\",\"@graph\":[{\"@type\":\"WebPage\",\"@id\":\"https:\/\/www.miomiorun.com\/de\/produkt\/revel-8-herren\/\",\"url\":\"https:\/\/www.miomiorun.com\/de\/produkt\/revel-8-herren\/\",\"name\":\"Brooks Revel 8 herren -Laufschuhe f\u00fcr Herren- MioMioRun .com\",\"isPartOf\":{\"@id\":\"https:\/\/www.miomiorun.com\/de\/#website\"},\"primaryImageOfPage\":{\"@id\":\"https:\/\/www.miomiorun.com\/de\/produkt\/revel-8-herren\/#primaryimage\"},\"image\":{\"@id\":\"https:\/\/www.miomiorun.com\/de\/produkt\/revel-8-herren\/#primaryimage\"},\"thumbnailUrl\":\"https:\/\/www.miomiorun.com\/app\/uploads\/2025\/07\/brooks-Revel-8-white-black-oak-buff-1104681D107.webp\",\"datePublished\":\"2025-07-10T08:20:31+00:00\",\"dateModified\":\"2025-11-05T18:07:40+00:00\",\"description\":\"Revel 8 Herren: Vielseitiger Schuh mit weicher D\u00e4mpfung und atmungsaktivem Obermaterial. Idealer Komfort f\u00fcr Laufsport, Freizeit und Alltag.\",\"breadcrumb\":{\"@id\":\"https:\/\/www.miomiorun.com\/de\/produkt\/revel-8-herren\/#breadcrumb\"},\"inLanguage\":\"de-DE\",\"potentialAction\":[{\"@type\":\"ReadAction\",\"target\":[\"https:\/\/www.miomiorun.com\/de\/produkt\/revel-8-herren\/\"]}]},{\"@type\":\"ImageObject\",\"inLanguage\":\"de-DE\",\"@id\":\"https:\/\/www.miomiorun.com\/de\/produkt\/revel-8-herren\/#primaryimage\",\"url\":\"https:\/\/www.miomiorun.com\/app\/uploads\/2025\/07\/brooks-Revel-8-white-black-oak-buff-1104681D107.webp\",\"contentUrl\":\"https:\/\/www.miomiorun.com\/app\/uploads\/2025\/07\/brooks-Revel-8-white-black-oak-buff-1104681D107.webp\",\"width\":600,\"height\":600,\"caption\":\"brooks Revel 8 white black oak buff 1104681D107\"},{\"@type\":\"BreadcrumbList\",\"@id\":\"https:\/\/www.miomiorun.com\/de\/produkt\/revel-8-herren\/#breadcrumb\",\"itemListElement\":[{\"@type\":\"ListItem\",\"position\":1,\"name\":\"Home\",\"item\":\"https:\/\/www.miomiorun.com\/de\/\"},{\"@type\":\"ListItem\",\"position\":2,\"name\":\"Shop\",\"item\":\"https:\/\/www.miomiorun.com\/shop\/\"},{\"@type\":\"ListItem\",\"position\":3,\"name\":\"Revel 8 herren\"}]},{\"@type\":\"WebSite\",\"@id\":\"https:\/\/www.miomiorun.com\/de\/#website\",\"url\":\"https:\/\/www.miomiorun.com\/de\/\",\"name\":\"MioMioRun\",\"description\":\"100% Lauf- und Trailshop\",\"publisher\":{\"@id\":\"https:\/\/www.miomiorun.com\/de\/#organization\"},\"potentialAction\":[{\"@type\":\"SearchAction\",\"target\":{\"@type\":\"EntryPoint\",\"urlTemplate\":\"https:\/\/www.miomiorun.com\/de\/?s={search_term_string}\"},\"query-input\":{\"@type\":\"PropertyValueSpecification\",\"valueRequired\":true,\"valueName\":\"search_term_string\"}}],\"inLanguage\":\"de-DE\"},{\"@type\":\"Organization\",\"@id\":\"https:\/\/www.miomiorun.com\/de\/#organization\",\"name\":\"MioMio Run\",\"url\":\"https:\/\/www.miomiorun.com\/de\/\",\"logo\":{\"@type\":\"ImageObject\",\"inLanguage\":\"de-DE\",\"@id\":\"https:\/\/www.miomiorun.com\/de\/#\/schema\/logo\/image\/\",\"url\":\"https:\/\/www.miomiorun.com\/app\/uploads\/2019\/12\/logomio.png\",\"contentUrl\":\"https:\/\/www.miomiorun.com\/app\/uploads\/2019\/12\/logomio.png\",\"width\":115,\"height\":82,\"caption\":\"MioMio Run\"},\"image\":{\"@id\":\"https:\/\/www.miomiorun.com\/de\/#\/schema\/logo\/image\/\"},\"sameAs\":[\"https:\/\/www.facebook.com\/miomiorun\/\",\"https:\/\/www.instagram.com\/miomiorun\/\"]}]}<\/script>\n<!-- \/ Yoast SEO plugin. -->","yoast_head_json":{"title":"Brooks Revel 8 herren -Laufschuhe f\u00fcr Herren- MioMioRun .com","description":"Revel 8 Herren: Vielseitiger Schuh mit weicher D\u00e4mpfung und atmungsaktivem Obermaterial. Idealer Komfort f\u00fcr Laufsport, Freizeit und Alltag.","robots":{"index":"index","follow":"follow","max-snippet":"max-snippet:-1","max-image-preview":"max-image-preview:large","max-video-preview":"max-video-preview:-1"},"canonical":"https:\/\/www.miomiorun.com\/de\/produkt\/revel-8-herren\/","og_locale":"de_DE","og_type":"article","og_title":"Brooks Revel 8 herren -Laufschuhe f\u00fcr Herren- MioMioRun .com","og_description":"Revel 8 Herren: Vielseitiger Schuh mit weicher D\u00e4mpfung und atmungsaktivem Obermaterial. Idealer Komfort f\u00fcr Laufsport, Freizeit und Alltag.","og_url":"https:\/\/www.miomiorun.com\/de\/produkt\/revel-8-herren\/","og_site_name":"MioMioRun","article_publisher":"https:\/\/www.facebook.com\/miomiorun\/","article_modified_time":"2025-11-05T18:07:40+00:00","og_image":[{"width":600,"height":600,"url":"https:\/\/www.miomiorun.com\/app\/uploads\/2025\/07\/brooks-Revel-8-white-black-oak-buff-1104681D107.webp","type":"image\/webp"}],"twitter_card":"summary_large_image","twitter_misc":{"Est. reading time":"2 minutes"},"schema":{"@context":"https:\/\/schema.org","@graph":[{"@type":"WebPage","@id":"https:\/\/www.miomiorun.com\/de\/produkt\/revel-8-herren\/","url":"https:\/\/www.miomiorun.com\/de\/produkt\/revel-8-herren\/","name":"Brooks Revel 8 herren -Laufschuhe f\u00fcr Herren- MioMioRun .com","isPartOf":{"@id":"https:\/\/www.miomiorun.com\/de\/#website"},"primaryImageOfPage":{"@id":"https:\/\/www.miomiorun.com\/de\/produkt\/revel-8-herren\/#primaryimage"},"image":{"@id":"https:\/\/www.miomiorun.com\/de\/produkt\/revel-8-herren\/#primaryimage"},"thumbnailUrl":"https:\/\/www.miomiorun.com\/app\/uploads\/2025\/07\/brooks-Revel-8-white-black-oak-buff-1104681D107.webp","datePublished":"2025-07-10T08:20:31+00:00","dateModified":"2025-11-05T18:07:40+00:00","description":"Revel 8 Herren: Vielseitiger Schuh mit weicher D\u00e4mpfung und atmungsaktivem Obermaterial. Idealer Komfort f\u00fcr Laufsport, Freizeit und Alltag.","breadcrumb":{"@id":"https:\/\/www.miomiorun.com\/de\/produkt\/revel-8-herren\/#breadcrumb"},"inLanguage":"de-DE","potentialAction":[{"@type":"ReadAction","target":["https:\/\/www.miomiorun.com\/de\/produkt\/revel-8-herren\/"]}]},{"@type":"ImageObject","inLanguage":"de-DE","@id":"https:\/\/www.miomiorun.com\/de\/produkt\/revel-8-herren\/#primaryimage","url":"https:\/\/www.miomiorun.com\/app\/uploads\/2025\/07\/brooks-Revel-8-white-black-oak-buff-1104681D107.webp","contentUrl":"https:\/\/www.miomiorun.com\/app\/uploads\/2025\/07\/brooks-Revel-8-white-black-oak-buff-1104681D107.webp","width":600,"height":600,"caption":"brooks Revel 8 white black oak buff 1104681D107"},{"@type":"BreadcrumbList","@id":"https:\/\/www.miomiorun.com\/de\/produkt\/revel-8-herren\/#breadcrumb","itemListElement":[{"@type":"ListItem","position":1,"name":"Home","item":"https:\/\/www.miomiorun.com\/de\/"},{"@type":"ListItem","position":2,"name":"Shop","item":"https:\/\/www.miomiorun.com\/shop\/"},{"@type":"ListItem","position":3,"name":"Revel 8 herren"}]},{"@type":"WebSite","@id":"https:\/\/www.miomiorun.com\/de\/#website","url":"https:\/\/www.miomiorun.com\/de\/","name":"MioMioRun","description":"100% Lauf- und Trailshop","publisher":{"@id":"https:\/\/www.miomiorun.com\/de\/#organization"},"potentialAction":[{"@type":"SearchAction","target":{"@type":"EntryPoint","urlTemplate":"https:\/\/www.miomiorun.com\/de\/?s={search_term_string}"},"query-input":{"@type":"PropertyValueSpecification","valueRequired":true,"valueName":"search_term_string"}}],"inLanguage":"de-DE"},{"@type":"Organization","@id":"https:\/\/www.miomiorun.com\/de\/#organization","name":"MioMio Run","url":"https:\/\/www.miomiorun.com\/de\/","logo":{"@type":"ImageObject","inLanguage":"de-DE","@id":"https:\/\/www.miomiorun.com\/de\/#\/schema\/logo\/image\/","url":"https:\/\/www.miomiorun.com\/app\/uploads\/2019\/12\/logomio.png","contentUrl":"https:\/\/www.miomiorun.com\/app\/uploads\/2019\/12\/logomio.png","width":115,"height":82,"caption":"MioMio Run"},"image":{"@id":"https:\/\/www.miomiorun.com\/de\/#\/schema\/logo\/image\/"},"sameAs":["https:\/\/www.facebook.com\/miomiorun\/","https:\/\/www.instagram.com\/miomiorun\/"]}]}},"_links":{"self":[{"href":"https:\/\/www.miomiorun.com\/de\/wp-json\/wp\/v2\/product\/323641","targetHints":{"allow":["GET"]}}],"collection":[{"href":"https:\/\/www.miomiorun.com\/de\/wp-json\/wp\/v2\/product"}],"about":[{"href":"https:\/\/www.miomiorun.com\/de\/wp-json\/wp\/v2\/types\/product"}],"wp:featuredmedia":[{"embeddable":true,"href":"https:\/\/www.miomiorun.com\/de\/wp-json\/wp\/v2\/media\/325714"}],"wp:attachment":[{"href":"https:\/\/www.miomiorun.com\/de\/wp-json\/wp\/v2\/media?parent=323641"}],"wp:term":[{"taxonomy":"product_brand","embeddable":true,"href":"https:\/\/www.miomiorun.com\/de\/wp-json\/wp\/v2\/product_brand?post=323641"},{"taxonomy":"product_cat","embeddable":true,"href":"https:\/\/www.miomiorun.com\/de\/wp-json\/wp\/v2\/product_cat?post=323641"},{"taxonomy":"product_tag","embeddable":true,"href":"https:\/\/www.miomiorun.com\/de\/wp-json\/wp\/v2\/product_tag?post=323641"}],"curies":[{"name":"wp","href":"https:\/\/api.w.org\/{rel}","templated":true}]}}