{"id":323629,"date":"2025-07-10T10:20:24","date_gmt":"2025-07-10T08:20:24","guid":{"rendered":"https:\/\/miomiorun.com\/?post_type=product&#038;p=323629"},"modified":"2026-05-09T09:50:12","modified_gmt":"2026-05-09T07:50:12","slug":"revel-8-damen","status":"publish","type":"product","link":"https:\/\/www.miomiorun.com\/de\/produkt\/revel-8-damen\/","title":{"rendered":"Revel 8 damen"},"content":{"rendered":"<div class=\"vc-row container\"><div class=\"vc-column\"><div class=\"vc-column-text\"><\/p>\n<p><strong>Technische Daten<\/strong><\/p>\n<p>Kategorie: reaktive D\u00e4mpfung<br \/>\nOffset: 8 mm<br \/>\nGewicht: 224,0 g<br \/>\nIdeal f\u00fcr: L\u00e4ufer mit neutralem Laufstil und mittlerer Fu\u00dfsohle, die einen vielseitigen und leichten Schuh suchen, um Mittelstrecken und auch anspruchsvolle Trainingseinheiten m\u00fchelos zu bew\u00e4ltigen.<br \/>\nGewicht des Athleten: 50-65 kg<br \/>\nLaufgeschwindigkeit: mittel-schnell (4,00-5,30 min\/km)<br \/>\n<a href=\"https:\/\/miomiorun.com\/guida-alle-specifiche-tecniche\/\">Leitfaden zu den technischen Daten<\/a><\/p>\n<p><\/div><\/div><div class=\"vc-column\"><div class=\"vc-column-text\"><\/p>\n<p data-start=\"232\" data-end=\"508\">Wenn der Tag intensiv und unvorhersehbar wird, sind die <strong data-start=\"285\" data-end=\"312\">Brooks Revel 8 f\u00fcr Damen<\/strong> bereit, dich \u00fcberallhin zu begleiten. Diese Schuhe wurden entwickelt, um konstanten Komfort und einen Stil zu bieten, der sich jeder Situation anpasst. Sie sind perfekt f\u00fcr alle, die ein Gleichgewicht zwischen Leistung und Vielseitigkeit suchen.<\/p>\n<p data-start=\"510\" data-end=\"816\">Die \u00fcberarbeitete D\u00e4mpfung sorgt f\u00fcr ein weiches und angenehmes Laufgef\u00fchl und garantiert maximalen Komfort auch bei den dynamischsten Alltagsaktivit\u00e4ten. Das Obermaterial aus <strong data-start=\"670\" data-end=\"693\">technischem Mesh<\/strong> bietet optimale Atmungsaktivit\u00e4t und h\u00e4lt den Fu\u00df auch beim Training oder an besonders aktiven Tagen k\u00fchl.<\/p>\n<p data-start=\"818\" data-end=\"1049\">Aber es ist der essentielle und klare Stil, der wirklich den Unterschied macht: Das minimalistische Design des Revel 8 passt sich leicht jedem Look an und verwandelt sich von einem Laufschuh in einen idealen Begleiter f\u00fcr den Alltag, ohne Kompromisse. <\/p>\n<p data-start=\"1051\" data-end=\"1153\">Elegant, funktional und zuverl\u00e4ssig: Dies ist der Schuh, bei dem Sie sich nicht zwischen Leistung und Stil entscheiden m\u00fcssen. <\/p>\n<p><\/div><\/div><\/div>\n","protected":false},"excerpt":{"rendered":"<ul class=\"m-long-description__features\">\n<li class=\"m-long-description__feature\">\n<div class=\"m-long-description__feature-text\">Komfortables Laufgef\u00fchl<\/div>\n<\/li>\n<li class=\"m-long-description__feature\">\n<div class=\"m-long-description__feature-text\">Atmungsaktives Mesh-Obermaterial<\/div>\n<\/li>\n<li class=\"m-long-description__feature\">\n<div class=\"m-long-description__feature-text\">Vielseitiger Look<\/div>\n<\/li>\n<\/ul>\n","protected":false},"featured_media":326222,"template":"","meta":{"_acf_changed":false,"inline_featured_image":false},"product_brand":[],"product_cat":[6474,6475],"product_tag":[3362,6205],"class_list":{"0":"post-323629","1":"product","2":"type-product","3":"status-publish","4":"has-post-thumbnail","6":"product_cat-damenschuhe","7":"product_cat-neutral","8":"product_tag-brooks-de","9":"product_tag-brooks-damen-de","10":"pa_attivita-fitness-de","11":"pa_attivita-gehen","12":"pa_attivita-running-de","13":"pa_colore-revel-8-w-black-black-rose-gold-de","14":"pa_colore-revel-8-w-coconut-purple-rose-clearwater-de","15":"pa_marca-brooks-de","16":"pa_sesso-damen","17":"pa_size-36-5-de","18":"pa_size-37-5-de","19":"pa_size-38-de","20":"pa_size-38-5-de","21":"pa_size-39-de","22":"pa_size-40-de","23":"pa_size-40-5-de","24":"pa_size-41-de","26":"first","27":"instock","28":"taxable","29":"shipping-taxable","30":"purchasable","31":"product-type-variable","32":"wvs-archive-product-wrapper"},"acf":[],"yoast_head":"<!-- This site is optimized with the Yoast SEO plugin v26.8 - https:\/\/yoast.com\/product\/yoast-seo-wordpress\/ -->\n<title>Brooks Revel 8 damen - Laufschuhe f\u00fcr Damen- MioMioRun.com<\/title>\n<meta name=\"description\" content=\"Revel 8 Damen: vielseitiger und bequemer Laufschuh mit weicher D\u00e4mpfung und atmungsaktivem Mesh-Obermaterial. Ideal f\u00fcr Training und Alltag.\" \/>\n<meta name=\"robots\" content=\"index, follow, max-snippet:-1, max-image-preview:large, max-video-preview:-1\" \/>\n<link rel=\"canonical\" href=\"https:\/\/www.miomiorun.com\/de\/produkt\/revel-8-damen\/\" \/>\n<meta property=\"og:locale\" content=\"de_DE\" \/>\n<meta property=\"og:type\" content=\"article\" \/>\n<meta property=\"og:title\" content=\"Brooks Revel 8 damen - Laufschuhe f\u00fcr Damen- MioMioRun.com\" \/>\n<meta property=\"og:description\" content=\"Revel 8 Damen: vielseitiger und bequemer Laufschuh mit weicher D\u00e4mpfung und atmungsaktivem Mesh-Obermaterial. Ideal f\u00fcr Training und Alltag.\" \/>\n<meta property=\"og:url\" content=\"https:\/\/www.miomiorun.com\/de\/produkt\/revel-8-damen\/\" \/>\n<meta property=\"og:site_name\" content=\"MioMioRun\" \/>\n<meta property=\"article:publisher\" content=\"https:\/\/www.facebook.com\/miomiorun\/\" \/>\n<meta property=\"article:modified_time\" content=\"2026-05-09T07:50:12+00:00\" \/>\n<meta property=\"og:image\" content=\"https:\/\/www.miomiorun.com\/app\/uploads\/2025\/07\/brooks-Revel-8-W-coconut-purple-rose-clearwater-1204561B160.webp\" \/>\n\t<meta property=\"og:image:width\" content=\"600\" \/>\n\t<meta property=\"og:image:height\" content=\"600\" \/>\n\t<meta property=\"og:image:type\" content=\"image\/webp\" \/>\n<meta name=\"twitter:card\" content=\"summary_large_image\" \/>\n<meta name=\"twitter:label1\" content=\"Est. reading time\" \/>\n\t<meta name=\"twitter:data1\" content=\"2 minutes\" \/>\n<script type=\"application\/ld+json\" class=\"yoast-schema-graph\">{\"@context\":\"https:\/\/schema.org\",\"@graph\":[{\"@type\":\"WebPage\",\"@id\":\"https:\/\/www.miomiorun.com\/de\/produkt\/revel-8-damen\/\",\"url\":\"https:\/\/www.miomiorun.com\/de\/produkt\/revel-8-damen\/\",\"name\":\"Brooks Revel 8 damen - Laufschuhe f\u00fcr Damen- MioMioRun.com\",\"isPartOf\":{\"@id\":\"https:\/\/www.miomiorun.com\/de\/#website\"},\"primaryImageOfPage\":{\"@id\":\"https:\/\/www.miomiorun.com\/de\/produkt\/revel-8-damen\/#primaryimage\"},\"image\":{\"@id\":\"https:\/\/www.miomiorun.com\/de\/produkt\/revel-8-damen\/#primaryimage\"},\"thumbnailUrl\":\"https:\/\/www.miomiorun.com\/app\/uploads\/2025\/07\/brooks-Revel-8-W-coconut-purple-rose-clearwater-1204561B160.webp\",\"datePublished\":\"2025-07-10T08:20:24+00:00\",\"dateModified\":\"2026-05-09T07:50:12+00:00\",\"description\":\"Revel 8 Damen: vielseitiger und bequemer Laufschuh mit weicher D\u00e4mpfung und atmungsaktivem Mesh-Obermaterial. Ideal f\u00fcr Training und Alltag.\",\"breadcrumb\":{\"@id\":\"https:\/\/www.miomiorun.com\/de\/produkt\/revel-8-damen\/#breadcrumb\"},\"inLanguage\":\"de-DE\",\"potentialAction\":[{\"@type\":\"ReadAction\",\"target\":[\"https:\/\/www.miomiorun.com\/de\/produkt\/revel-8-damen\/\"]}]},{\"@type\":\"ImageObject\",\"inLanguage\":\"de-DE\",\"@id\":\"https:\/\/www.miomiorun.com\/de\/produkt\/revel-8-damen\/#primaryimage\",\"url\":\"https:\/\/www.miomiorun.com\/app\/uploads\/2025\/07\/brooks-Revel-8-W-coconut-purple-rose-clearwater-1204561B160.webp\",\"contentUrl\":\"https:\/\/www.miomiorun.com\/app\/uploads\/2025\/07\/brooks-Revel-8-W-coconut-purple-rose-clearwater-1204561B160.webp\",\"width\":600,\"height\":600,\"caption\":\"brooks Revel 8 W coconut purple rose clearwater 1204561B160\"},{\"@type\":\"BreadcrumbList\",\"@id\":\"https:\/\/www.miomiorun.com\/de\/produkt\/revel-8-damen\/#breadcrumb\",\"itemListElement\":[{\"@type\":\"ListItem\",\"position\":1,\"name\":\"Home\",\"item\":\"https:\/\/www.miomiorun.com\/de\/\"},{\"@type\":\"ListItem\",\"position\":2,\"name\":\"Shop\",\"item\":\"https:\/\/www.miomiorun.com\/shop\/\"},{\"@type\":\"ListItem\",\"position\":3,\"name\":\"Revel 8 damen\"}]},{\"@type\":\"WebSite\",\"@id\":\"https:\/\/www.miomiorun.com\/de\/#website\",\"url\":\"https:\/\/www.miomiorun.com\/de\/\",\"name\":\"MioMioRun\",\"description\":\"100% Lauf- und Trailshop\",\"publisher\":{\"@id\":\"https:\/\/www.miomiorun.com\/de\/#organization\"},\"potentialAction\":[{\"@type\":\"SearchAction\",\"target\":{\"@type\":\"EntryPoint\",\"urlTemplate\":\"https:\/\/www.miomiorun.com\/de\/?s={search_term_string}\"},\"query-input\":{\"@type\":\"PropertyValueSpecification\",\"valueRequired\":true,\"valueName\":\"search_term_string\"}}],\"inLanguage\":\"de-DE\"},{\"@type\":\"Organization\",\"@id\":\"https:\/\/www.miomiorun.com\/de\/#organization\",\"name\":\"MioMio Run\",\"url\":\"https:\/\/www.miomiorun.com\/de\/\",\"logo\":{\"@type\":\"ImageObject\",\"inLanguage\":\"de-DE\",\"@id\":\"https:\/\/www.miomiorun.com\/de\/#\/schema\/logo\/image\/\",\"url\":\"https:\/\/www.miomiorun.com\/app\/uploads\/2019\/12\/logomio.png\",\"contentUrl\":\"https:\/\/www.miomiorun.com\/app\/uploads\/2019\/12\/logomio.png\",\"width\":115,\"height\":82,\"caption\":\"MioMio Run\"},\"image\":{\"@id\":\"https:\/\/www.miomiorun.com\/de\/#\/schema\/logo\/image\/\"},\"sameAs\":[\"https:\/\/www.facebook.com\/miomiorun\/\",\"https:\/\/www.instagram.com\/miomiorun\/\"]}]}<\/script>\n<!-- \/ Yoast SEO plugin. -->","yoast_head_json":{"title":"Brooks Revel 8 damen - Laufschuhe f\u00fcr Damen- MioMioRun.com","description":"Revel 8 Damen: vielseitiger und bequemer Laufschuh mit weicher D\u00e4mpfung und atmungsaktivem Mesh-Obermaterial. Ideal f\u00fcr Training und Alltag.","robots":{"index":"index","follow":"follow","max-snippet":"max-snippet:-1","max-image-preview":"max-image-preview:large","max-video-preview":"max-video-preview:-1"},"canonical":"https:\/\/www.miomiorun.com\/de\/produkt\/revel-8-damen\/","og_locale":"de_DE","og_type":"article","og_title":"Brooks Revel 8 damen - Laufschuhe f\u00fcr Damen- MioMioRun.com","og_description":"Revel 8 Damen: vielseitiger und bequemer Laufschuh mit weicher D\u00e4mpfung und atmungsaktivem Mesh-Obermaterial. Ideal f\u00fcr Training und Alltag.","og_url":"https:\/\/www.miomiorun.com\/de\/produkt\/revel-8-damen\/","og_site_name":"MioMioRun","article_publisher":"https:\/\/www.facebook.com\/miomiorun\/","article_modified_time":"2026-05-09T07:50:12+00:00","og_image":[{"width":600,"height":600,"url":"https:\/\/www.miomiorun.com\/app\/uploads\/2025\/07\/brooks-Revel-8-W-coconut-purple-rose-clearwater-1204561B160.webp","type":"image\/webp"}],"twitter_card":"summary_large_image","twitter_misc":{"Est. reading time":"2 minutes"},"schema":{"@context":"https:\/\/schema.org","@graph":[{"@type":"WebPage","@id":"https:\/\/www.miomiorun.com\/de\/produkt\/revel-8-damen\/","url":"https:\/\/www.miomiorun.com\/de\/produkt\/revel-8-damen\/","name":"Brooks Revel 8 damen - Laufschuhe f\u00fcr Damen- MioMioRun.com","isPartOf":{"@id":"https:\/\/www.miomiorun.com\/de\/#website"},"primaryImageOfPage":{"@id":"https:\/\/www.miomiorun.com\/de\/produkt\/revel-8-damen\/#primaryimage"},"image":{"@id":"https:\/\/www.miomiorun.com\/de\/produkt\/revel-8-damen\/#primaryimage"},"thumbnailUrl":"https:\/\/www.miomiorun.com\/app\/uploads\/2025\/07\/brooks-Revel-8-W-coconut-purple-rose-clearwater-1204561B160.webp","datePublished":"2025-07-10T08:20:24+00:00","dateModified":"2026-05-09T07:50:12+00:00","description":"Revel 8 Damen: vielseitiger und bequemer Laufschuh mit weicher D\u00e4mpfung und atmungsaktivem Mesh-Obermaterial. Ideal f\u00fcr Training und Alltag.","breadcrumb":{"@id":"https:\/\/www.miomiorun.com\/de\/produkt\/revel-8-damen\/#breadcrumb"},"inLanguage":"de-DE","potentialAction":[{"@type":"ReadAction","target":["https:\/\/www.miomiorun.com\/de\/produkt\/revel-8-damen\/"]}]},{"@type":"ImageObject","inLanguage":"de-DE","@id":"https:\/\/www.miomiorun.com\/de\/produkt\/revel-8-damen\/#primaryimage","url":"https:\/\/www.miomiorun.com\/app\/uploads\/2025\/07\/brooks-Revel-8-W-coconut-purple-rose-clearwater-1204561B160.webp","contentUrl":"https:\/\/www.miomiorun.com\/app\/uploads\/2025\/07\/brooks-Revel-8-W-coconut-purple-rose-clearwater-1204561B160.webp","width":600,"height":600,"caption":"brooks Revel 8 W coconut purple rose clearwater 1204561B160"},{"@type":"BreadcrumbList","@id":"https:\/\/www.miomiorun.com\/de\/produkt\/revel-8-damen\/#breadcrumb","itemListElement":[{"@type":"ListItem","position":1,"name":"Home","item":"https:\/\/www.miomiorun.com\/de\/"},{"@type":"ListItem","position":2,"name":"Shop","item":"https:\/\/www.miomiorun.com\/shop\/"},{"@type":"ListItem","position":3,"name":"Revel 8 damen"}]},{"@type":"WebSite","@id":"https:\/\/www.miomiorun.com\/de\/#website","url":"https:\/\/www.miomiorun.com\/de\/","name":"MioMioRun","description":"100% Lauf- und Trailshop","publisher":{"@id":"https:\/\/www.miomiorun.com\/de\/#organization"},"potentialAction":[{"@type":"SearchAction","target":{"@type":"EntryPoint","urlTemplate":"https:\/\/www.miomiorun.com\/de\/?s={search_term_string}"},"query-input":{"@type":"PropertyValueSpecification","valueRequired":true,"valueName":"search_term_string"}}],"inLanguage":"de-DE"},{"@type":"Organization","@id":"https:\/\/www.miomiorun.com\/de\/#organization","name":"MioMio Run","url":"https:\/\/www.miomiorun.com\/de\/","logo":{"@type":"ImageObject","inLanguage":"de-DE","@id":"https:\/\/www.miomiorun.com\/de\/#\/schema\/logo\/image\/","url":"https:\/\/www.miomiorun.com\/app\/uploads\/2019\/12\/logomio.png","contentUrl":"https:\/\/www.miomiorun.com\/app\/uploads\/2019\/12\/logomio.png","width":115,"height":82,"caption":"MioMio Run"},"image":{"@id":"https:\/\/www.miomiorun.com\/de\/#\/schema\/logo\/image\/"},"sameAs":["https:\/\/www.facebook.com\/miomiorun\/","https:\/\/www.instagram.com\/miomiorun\/"]}]}},"_links":{"self":[{"href":"https:\/\/www.miomiorun.com\/de\/wp-json\/wp\/v2\/product\/323629","targetHints":{"allow":["GET"]}}],"collection":[{"href":"https:\/\/www.miomiorun.com\/de\/wp-json\/wp\/v2\/product"}],"about":[{"href":"https:\/\/www.miomiorun.com\/de\/wp-json\/wp\/v2\/types\/product"}],"wp:featuredmedia":[{"embeddable":true,"href":"https:\/\/www.miomiorun.com\/de\/wp-json\/wp\/v2\/media\/326222"}],"wp:attachment":[{"href":"https:\/\/www.miomiorun.com\/de\/wp-json\/wp\/v2\/media?parent=323629"}],"wp:term":[{"taxonomy":"product_brand","embeddable":true,"href":"https:\/\/www.miomiorun.com\/de\/wp-json\/wp\/v2\/product_brand?post=323629"},{"taxonomy":"product_cat","embeddable":true,"href":"https:\/\/www.miomiorun.com\/de\/wp-json\/wp\/v2\/product_cat?post=323629"},{"taxonomy":"product_tag","embeddable":true,"href":"https:\/\/www.miomiorun.com\/de\/wp-json\/wp\/v2\/product_tag?post=323629"}],"curies":[{"name":"wp","href":"https:\/\/api.w.org\/{rel}","templated":true}]}}