{"id":323552,"date":"2025-07-10T10:14:49","date_gmt":"2025-07-10T08:14:49","guid":{"rendered":"https:\/\/miomiorun.com\/?post_type=product&#038;p=323552"},"modified":"2026-05-09T09:49:49","modified_gmt":"2026-05-09T07:49:49","slug":"hyperion-elite-5","status":"publish","type":"product","link":"https:\/\/www.miomiorun.com\/de\/produkt\/hyperion-elite-5\/","title":{"rendered":"Hyperion Elite 5"},"content":{"rendered":"<div class=\"vc-row container\"><div class=\"vc-column\"><div class=\"vc-column-text\"><\/p>\n<h4>Technische Daten<\/h4>\n<p>Kategorie: Carbonplatte<br \/>\nOffset: 8 mm<br \/>\nGewicht: 195,6 g<br \/>\nIdeal f\u00fcr: Ideal f\u00fcr schnelle und leichte Athleten f\u00fcr mittel- bis lange Wettk\u00e4mpfe, dank seiner DNA Flash V2-D\u00e4mpfung mit Nitro-Infusion und Carbonplatte, die auch \u00fcber lange Distanzen f\u00fcr Energier\u00fcckgabe sorgt.<br \/>\nGewicht des Athleten: &lt; 70 kg<br \/>\nLaufgeschwindigkeit: &lt; 4,30 min\/km<br \/>\n<a href=\"https:\/\/miomiorun.com\/guida-alle-specifiche-tecniche\/\">Leitfaden zu den technischen Daten<\/a><\/p>\n<p><\/div><\/div><div class=\"vc-column\"><div class=\"vc-column-text\"><\/p>\n<p data-start=\"300\" data-end=\"607\">Gehen Sie das Rennen ohne Angst an mit dem neuen <strong data-start=\"342\" data-end=\"369\">Brooks Hyperion Elite 5<\/strong>, dem Schuh, der Sie am wichtigsten Tag zu H\u00f6chstleistungen begleitet. Er wurde gemeinsam mit Profisportlern entwickelt und getestet und vereint Innovation, Leichtigkeit und Reaktionsf\u00e4higkeit in einem leistungsstarken Wettkampfdesign.<\/p>\n<p data-start=\"609\" data-end=\"1087\">Die Mischung <strong data-start=\"620\" data-end=\"642\">DNA GOLD 100 % PEBA<\/strong> ist die leichteste und reaktionsfreudigste, die Brooks je hergestellt hat: Sie bietet ein luftleichtes Gef\u00fchl und eine \u00fcberragende Energier\u00fcckgabe, damit du zum Ziel fliegen kannst. Das Herzst\u00fcck des Schuhs ist die <strong data-start=\"852\" data-end=\"880\">SpeedVault Race+ Platte<\/strong> aus Arris\u00ae-Kohlefaser, die f\u00fcr jeden Schuh individuell kalibriert wird: eine Pr\u00e4zisionstechnologie, die das Gewicht reduziert und Steifigkeit und Flexibilit\u00e4t optimiert, wodurch Schritt f\u00fcr Schritt Tempo und Effizienz verbessert werden.<\/p>\n<p data-start=\"1089\" data-end=\"1381\">Das Obermaterial ist noch leichter und d\u00fcnner und f\u00fchlt sich wie eine zweite Haut an. Die <strong data-start=\"1169\" data-end=\"1201\">Silikonperlen an den Schn\u00fcrsenkeln<\/strong> und die vollst\u00e4ndig aus TPU geformte Struktur sorgen f\u00fcr eine stabile und enge Passform und eine perfekte Verbindung zwischen Fu\u00df und Schuh, was in den entscheidenden Momenten des Laufs von grundlegender Bedeutung ist.<\/p>\n<p data-start=\"1383\" data-end=\"1498\">Der Hyperion Elite 5 ist perfekt f\u00fcr Wettk\u00e4mpfe und dein idealer Verb\u00fcndeter, um dann H\u00f6chstleistungen zu bringen, wenn es wirklich darauf ankommt.<\/p>\n<p><\/div><\/div><\/div><\/p>\n","protected":false},"excerpt":{"rendered":"<ul>\n<li class=\"m-long-description__feature\">\n<div class=\"m-long-description__feature-text\">Ultraleichte PEBA-D\u00e4mpfung<\/div>\n<\/li>\n<li class=\"m-long-description__feature\">\n<div class=\"m-long-description__feature-text\">Kalibrierte Antriebsplatte<\/div>\n<\/li>\n<li class=\"m-long-description__feature\">\n<div class=\"m-long-description__feature-text\">Bereit f\u00fcr den Wettkampf<\/div>\n<\/li>\n<\/ul>\n","protected":false},"featured_media":400726,"template":"","meta":{"_acf_changed":false,"inline_featured_image":false},"product_brand":[],"product_cat":[6507,6506,6474,6475],"product_tag":[3362,6205,6207],"class_list":{"0":"post-323552","1":"product","2":"type-product","3":"status-publish","4":"has-post-thumbnail","6":"product_cat-herren-schuhe-de","7":"product_cat-neutrale-herren-schuhe-de","8":"product_cat-damenschuhe","9":"product_cat-neutral","10":"product_tag-brooks-de","11":"product_tag-brooks-damen-de","12":"product_tag-brooks-herren-de","13":"pa_attivita-running-de","14":"pa_colore-hyperion-elite-5-limpet-black-green-geck","15":"pa_colore-hyperion-elite-5-luminary-yellow-gray","16":"pa_colore-hyperion-elite-5-pink-clay-atomizer-blue-de","17":"pa_marca-brooks-de","18":"pa_sesso-damen","19":"pa_sesso-herren","20":"pa_size-41-de","21":"pa_size-42-de","22":"pa_size-42-5-de","23":"pa_size-43-de","24":"pa_size-44-de","25":"pa_size-44-5-de","26":"pa_size-45-de","27":"pa_size-45-5-de","29":"first","30":"instock","31":"sale","32":"taxable","33":"shipping-taxable","34":"purchasable","35":"product-type-variable","36":"wvs-archive-product-wrapper"},"acf":[],"yoast_head":"<!-- This site is optimized with the Yoast SEO plugin v26.8 - https:\/\/yoast.com\/product\/yoast-seo-wordpress\/ -->\n<title>Brooks Hyperion Elite 5 - scarpe running - MioMioRun.com<\/title>\n<meta name=\"description\" content=\"Hyperion Elite 5: scarpa da gara ultra leggera e reattiva, testata dai professionisti. Ammortizzazione DNA GOLD e piastra in carbonio per prestazioni al top\" \/>\n<meta name=\"robots\" content=\"index, follow, max-snippet:-1, max-image-preview:large, max-video-preview:-1\" \/>\n<link rel=\"canonical\" href=\"https:\/\/www.miomiorun.com\/de\/produkt\/hyperion-elite-5\/\" \/>\n<meta property=\"og:locale\" content=\"de_DE\" \/>\n<meta property=\"og:type\" content=\"article\" \/>\n<meta property=\"og:title\" content=\"Brooks Hyperion Elite 5 - scarpe running - MioMioRun.com\" \/>\n<meta property=\"og:description\" content=\"Hyperion Elite 5: scarpa da gara ultra leggera e reattiva, testata dai professionisti. Ammortizzazione DNA GOLD e piastra in carbonio per prestazioni al top\" \/>\n<meta property=\"og:url\" content=\"https:\/\/www.miomiorun.com\/de\/produkt\/hyperion-elite-5\/\" \/>\n<meta property=\"og:site_name\" content=\"MioMioRun\" \/>\n<meta property=\"article:publisher\" content=\"https:\/\/www.facebook.com\/miomiorun\/\" \/>\n<meta property=\"article:modified_time\" content=\"2026-05-09T07:49:49+00:00\" \/>\n<meta property=\"og:image\" content=\"https:\/\/www.miomiorun.com\/app\/uploads\/2026\/02\/brooks-Hyperion-Elite-5-limpet-black-green-geck-1000491D411.webp\" \/>\n\t<meta property=\"og:image:width\" content=\"720\" \/>\n\t<meta property=\"og:image:height\" content=\"720\" \/>\n\t<meta property=\"og:image:type\" content=\"image\/webp\" \/>\n<meta name=\"twitter:card\" content=\"summary_large_image\" \/>\n<meta name=\"twitter:label1\" content=\"Est. reading time\" \/>\n\t<meta name=\"twitter:data1\" content=\"2 minutes\" \/>\n<script type=\"application\/ld+json\" class=\"yoast-schema-graph\">{\"@context\":\"https:\/\/schema.org\",\"@graph\":[{\"@type\":\"WebPage\",\"@id\":\"https:\/\/www.miomiorun.com\/de\/produkt\/hyperion-elite-5\/\",\"url\":\"https:\/\/www.miomiorun.com\/de\/produkt\/hyperion-elite-5\/\",\"name\":\"Brooks Hyperion Elite 5 - scarpe running - MioMioRun.com\",\"isPartOf\":{\"@id\":\"https:\/\/www.miomiorun.com\/de\/#website\"},\"primaryImageOfPage\":{\"@id\":\"https:\/\/www.miomiorun.com\/de\/produkt\/hyperion-elite-5\/#primaryimage\"},\"image\":{\"@id\":\"https:\/\/www.miomiorun.com\/de\/produkt\/hyperion-elite-5\/#primaryimage\"},\"thumbnailUrl\":\"https:\/\/www.miomiorun.com\/app\/uploads\/2026\/02\/brooks-Hyperion-Elite-5-limpet-black-green-geck-1000491D411.webp\",\"datePublished\":\"2025-07-10T08:14:49+00:00\",\"dateModified\":\"2026-05-09T07:49:49+00:00\",\"description\":\"Hyperion Elite 5: scarpa da gara ultra leggera e reattiva, testata dai professionisti. Ammortizzazione DNA GOLD e piastra in carbonio per prestazioni al top\",\"breadcrumb\":{\"@id\":\"https:\/\/www.miomiorun.com\/de\/produkt\/hyperion-elite-5\/#breadcrumb\"},\"inLanguage\":\"de-DE\",\"potentialAction\":[{\"@type\":\"ReadAction\",\"target\":[\"https:\/\/www.miomiorun.com\/de\/produkt\/hyperion-elite-5\/\"]}]},{\"@type\":\"ImageObject\",\"inLanguage\":\"de-DE\",\"@id\":\"https:\/\/www.miomiorun.com\/de\/produkt\/hyperion-elite-5\/#primaryimage\",\"url\":\"https:\/\/www.miomiorun.com\/app\/uploads\/2026\/02\/brooks-Hyperion-Elite-5-limpet-black-green-geck-1000491D411.webp\",\"contentUrl\":\"https:\/\/www.miomiorun.com\/app\/uploads\/2026\/02\/brooks-Hyperion-Elite-5-limpet-black-green-geck-1000491D411.webp\",\"width\":720,\"height\":720,\"caption\":\"brooks Hyperion Elite 5 limpet black green geck 1000491D411\"},{\"@type\":\"BreadcrumbList\",\"@id\":\"https:\/\/www.miomiorun.com\/de\/produkt\/hyperion-elite-5\/#breadcrumb\",\"itemListElement\":[{\"@type\":\"ListItem\",\"position\":1,\"name\":\"Home\",\"item\":\"https:\/\/www.miomiorun.com\/de\/\"},{\"@type\":\"ListItem\",\"position\":2,\"name\":\"Shop\",\"item\":\"https:\/\/www.miomiorun.com\/shop\/\"},{\"@type\":\"ListItem\",\"position\":3,\"name\":\"Hyperion Elite 5\"}]},{\"@type\":\"WebSite\",\"@id\":\"https:\/\/www.miomiorun.com\/de\/#website\",\"url\":\"https:\/\/www.miomiorun.com\/de\/\",\"name\":\"MioMioRun\",\"description\":\"100% Lauf- und Trailshop\",\"publisher\":{\"@id\":\"https:\/\/www.miomiorun.com\/de\/#organization\"},\"potentialAction\":[{\"@type\":\"SearchAction\",\"target\":{\"@type\":\"EntryPoint\",\"urlTemplate\":\"https:\/\/www.miomiorun.com\/de\/?s={search_term_string}\"},\"query-input\":{\"@type\":\"PropertyValueSpecification\",\"valueRequired\":true,\"valueName\":\"search_term_string\"}}],\"inLanguage\":\"de-DE\"},{\"@type\":\"Organization\",\"@id\":\"https:\/\/www.miomiorun.com\/de\/#organization\",\"name\":\"MioMio Run\",\"url\":\"https:\/\/www.miomiorun.com\/de\/\",\"logo\":{\"@type\":\"ImageObject\",\"inLanguage\":\"de-DE\",\"@id\":\"https:\/\/www.miomiorun.com\/de\/#\/schema\/logo\/image\/\",\"url\":\"https:\/\/www.miomiorun.com\/app\/uploads\/2019\/12\/logomio.png\",\"contentUrl\":\"https:\/\/www.miomiorun.com\/app\/uploads\/2019\/12\/logomio.png\",\"width\":115,\"height\":82,\"caption\":\"MioMio Run\"},\"image\":{\"@id\":\"https:\/\/www.miomiorun.com\/de\/#\/schema\/logo\/image\/\"},\"sameAs\":[\"https:\/\/www.facebook.com\/miomiorun\/\",\"https:\/\/www.instagram.com\/miomiorun\/\"]}]}<\/script>\n<!-- \/ Yoast SEO plugin. -->","yoast_head_json":{"title":"Brooks Hyperion Elite 5 - scarpe running - MioMioRun.com","description":"Hyperion Elite 5: scarpa da gara ultra leggera e reattiva, testata dai professionisti. Ammortizzazione DNA GOLD e piastra in carbonio per prestazioni al top","robots":{"index":"index","follow":"follow","max-snippet":"max-snippet:-1","max-image-preview":"max-image-preview:large","max-video-preview":"max-video-preview:-1"},"canonical":"https:\/\/www.miomiorun.com\/de\/produkt\/hyperion-elite-5\/","og_locale":"de_DE","og_type":"article","og_title":"Brooks Hyperion Elite 5 - scarpe running - MioMioRun.com","og_description":"Hyperion Elite 5: scarpa da gara ultra leggera e reattiva, testata dai professionisti. Ammortizzazione DNA GOLD e piastra in carbonio per prestazioni al top","og_url":"https:\/\/www.miomiorun.com\/de\/produkt\/hyperion-elite-5\/","og_site_name":"MioMioRun","article_publisher":"https:\/\/www.facebook.com\/miomiorun\/","article_modified_time":"2026-05-09T07:49:49+00:00","og_image":[{"width":720,"height":720,"url":"https:\/\/www.miomiorun.com\/app\/uploads\/2026\/02\/brooks-Hyperion-Elite-5-limpet-black-green-geck-1000491D411.webp","type":"image\/webp"}],"twitter_card":"summary_large_image","twitter_misc":{"Est. reading time":"2 minutes"},"schema":{"@context":"https:\/\/schema.org","@graph":[{"@type":"WebPage","@id":"https:\/\/www.miomiorun.com\/de\/produkt\/hyperion-elite-5\/","url":"https:\/\/www.miomiorun.com\/de\/produkt\/hyperion-elite-5\/","name":"Brooks Hyperion Elite 5 - scarpe running - MioMioRun.com","isPartOf":{"@id":"https:\/\/www.miomiorun.com\/de\/#website"},"primaryImageOfPage":{"@id":"https:\/\/www.miomiorun.com\/de\/produkt\/hyperion-elite-5\/#primaryimage"},"image":{"@id":"https:\/\/www.miomiorun.com\/de\/produkt\/hyperion-elite-5\/#primaryimage"},"thumbnailUrl":"https:\/\/www.miomiorun.com\/app\/uploads\/2026\/02\/brooks-Hyperion-Elite-5-limpet-black-green-geck-1000491D411.webp","datePublished":"2025-07-10T08:14:49+00:00","dateModified":"2026-05-09T07:49:49+00:00","description":"Hyperion Elite 5: scarpa da gara ultra leggera e reattiva, testata dai professionisti. Ammortizzazione DNA GOLD e piastra in carbonio per prestazioni al top","breadcrumb":{"@id":"https:\/\/www.miomiorun.com\/de\/produkt\/hyperion-elite-5\/#breadcrumb"},"inLanguage":"de-DE","potentialAction":[{"@type":"ReadAction","target":["https:\/\/www.miomiorun.com\/de\/produkt\/hyperion-elite-5\/"]}]},{"@type":"ImageObject","inLanguage":"de-DE","@id":"https:\/\/www.miomiorun.com\/de\/produkt\/hyperion-elite-5\/#primaryimage","url":"https:\/\/www.miomiorun.com\/app\/uploads\/2026\/02\/brooks-Hyperion-Elite-5-limpet-black-green-geck-1000491D411.webp","contentUrl":"https:\/\/www.miomiorun.com\/app\/uploads\/2026\/02\/brooks-Hyperion-Elite-5-limpet-black-green-geck-1000491D411.webp","width":720,"height":720,"caption":"brooks Hyperion Elite 5 limpet black green geck 1000491D411"},{"@type":"BreadcrumbList","@id":"https:\/\/www.miomiorun.com\/de\/produkt\/hyperion-elite-5\/#breadcrumb","itemListElement":[{"@type":"ListItem","position":1,"name":"Home","item":"https:\/\/www.miomiorun.com\/de\/"},{"@type":"ListItem","position":2,"name":"Shop","item":"https:\/\/www.miomiorun.com\/shop\/"},{"@type":"ListItem","position":3,"name":"Hyperion Elite 5"}]},{"@type":"WebSite","@id":"https:\/\/www.miomiorun.com\/de\/#website","url":"https:\/\/www.miomiorun.com\/de\/","name":"MioMioRun","description":"100% Lauf- und Trailshop","publisher":{"@id":"https:\/\/www.miomiorun.com\/de\/#organization"},"potentialAction":[{"@type":"SearchAction","target":{"@type":"EntryPoint","urlTemplate":"https:\/\/www.miomiorun.com\/de\/?s={search_term_string}"},"query-input":{"@type":"PropertyValueSpecification","valueRequired":true,"valueName":"search_term_string"}}],"inLanguage":"de-DE"},{"@type":"Organization","@id":"https:\/\/www.miomiorun.com\/de\/#organization","name":"MioMio Run","url":"https:\/\/www.miomiorun.com\/de\/","logo":{"@type":"ImageObject","inLanguage":"de-DE","@id":"https:\/\/www.miomiorun.com\/de\/#\/schema\/logo\/image\/","url":"https:\/\/www.miomiorun.com\/app\/uploads\/2019\/12\/logomio.png","contentUrl":"https:\/\/www.miomiorun.com\/app\/uploads\/2019\/12\/logomio.png","width":115,"height":82,"caption":"MioMio Run"},"image":{"@id":"https:\/\/www.miomiorun.com\/de\/#\/schema\/logo\/image\/"},"sameAs":["https:\/\/www.facebook.com\/miomiorun\/","https:\/\/www.instagram.com\/miomiorun\/"]}]}},"_links":{"self":[{"href":"https:\/\/www.miomiorun.com\/de\/wp-json\/wp\/v2\/product\/323552","targetHints":{"allow":["GET"]}}],"collection":[{"href":"https:\/\/www.miomiorun.com\/de\/wp-json\/wp\/v2\/product"}],"about":[{"href":"https:\/\/www.miomiorun.com\/de\/wp-json\/wp\/v2\/types\/product"}],"wp:featuredmedia":[{"embeddable":true,"href":"https:\/\/www.miomiorun.com\/de\/wp-json\/wp\/v2\/media\/400726"}],"wp:attachment":[{"href":"https:\/\/www.miomiorun.com\/de\/wp-json\/wp\/v2\/media?parent=323552"}],"wp:term":[{"taxonomy":"product_brand","embeddable":true,"href":"https:\/\/www.miomiorun.com\/de\/wp-json\/wp\/v2\/product_brand?post=323552"},{"taxonomy":"product_cat","embeddable":true,"href":"https:\/\/www.miomiorun.com\/de\/wp-json\/wp\/v2\/product_cat?post=323552"},{"taxonomy":"product_tag","embeddable":true,"href":"https:\/\/www.miomiorun.com\/de\/wp-json\/wp\/v2\/product_tag?post=323552"}],"curies":[{"name":"wp","href":"https:\/\/api.w.org\/{rel}","templated":true}]}}