{"id":323147,"date":"2025-07-05T16:58:38","date_gmt":"2025-07-05T14:58:38","guid":{"rendered":"https:\/\/miomiorun.com\/?post_type=product&#038;p=323147"},"modified":"2025-11-05T18:55:36","modified_gmt":"2025-11-05T17:55:36","slug":"hyperion-3-herren","status":"publish","type":"product","link":"https:\/\/www.miomiorun.com\/de\/produkt\/hyperion-3-herren\/","title":{"rendered":"Hyperion 3 herren"},"content":{"rendered":"<div class=\"vc-row container\"><div class=\"vc-column\"><div class=\"vc-column-text\"><\/p>\n<p><strong>Technische Daten<\/strong><\/p>\n<p>Kategorie: reaktive D\u00e4mpfung<br \/>\nOffset: 8 mm<br \/>\nGewicht: 232,5 g<br \/>\nIdeal f\u00fcr: L\u00e4ufer mit neutralem Laufstil und mittlerer Fu\u00dfsohle, die einen vielseitigen und leichten Schuh suchen, um Mittelstrecken und auch anspruchsvolle Trainingseinheiten m\u00fchelos zu bew\u00e4ltigen.<br \/>\nGewicht des Athleten: 60-75 kg<br \/>\nLaufgeschwindigkeit: mittel-schnell (4,00-5,30 min\/km)<br \/>\n<a href=\"https:\/\/miomiorun.com\/guida-alle-specifiche-tecniche\/\">Leitfaden zu den technischen Daten<\/a><\/p>\n<p><\/div><\/div><div class=\"vc-column\"><div class=\"vc-column-text\"><\/p>\n<p data-start=\"290\" data-end=\"631\">Der neue <strong data-start=\"343\" data-end=\"365\">Hyperion 3 f\u00fcr Herren<\/strong> von Brooks wurde f\u00fcr alle entwickelt, die gerne an ihre Grenzen gehen. Mit seiner unschlagbaren Kombination aus Leichtigkeit, Reaktionsf\u00e4higkeit und Komfort l\u00e4sst er dich f\u00f6rmlich fliegen. Er eignet sich perfekt f\u00fcr schnelle L\u00e4ufe und intensives Training und bietet eine vielseitige Leistung, die ihn auch zum idealen Begleiter f\u00fcr deine t\u00e4glichen L\u00e4ufe macht.<\/p>\n<p data-start=\"633\" data-end=\"1117\">Seine au\u00dfergew\u00f6hnliche <strong data-start=\"654\" data-end=\"706\">DNA FLASH v2-D\u00e4mpfung mit Nitro-Infusion<\/strong> ist extrem reaktionsfreudig und sprungkr\u00e4ftig: 2 mm mehr Dicke als beim Vorg\u00e4ngermodell sorgen f\u00fcr mehr Weichheit, ohne die Geschwindigkeit zu beeintr\u00e4chtigen, und erm\u00f6glichen so ein Laufgef\u00fchl mit voller Kraft. Dank der Kombination aus Leichtigkeit und D\u00e4mpfung begleitet dich der Hyperion 3 \u00fcberall hin und meistert nicht nur das Laufen, sondern auch die anspruchsvollsten Trainingseinheiten und Herausforderungen des Alltags.<\/p>\n<p data-start=\"1119\" data-end=\"1447\">Das leichte, atmungsaktive Mesh-Obermaterial umh\u00fcllt den Fu\u00df wie eine zweite Haut, sorgt f\u00fcr hervorragende Bel\u00fcftung und h\u00e4lt das Fu\u00dfgew\u00f6lbe dank pr\u00e4ziser und sicherer Unterst\u00fctzung perfekt in Position. Das Ergebnis ist lang anhaltender Komfort, auch wenn Sie das Tempo erh\u00f6hen, f\u00fcr ein nat\u00fcrlicheres und schnelleres Lauferlebnis.<\/p>\n<p data-start=\"1449\" data-end=\"1651\">Mit dem <strong data-start=\"1453\" data-end=\"1467\">Hyperion 3<\/strong> ist jeder Schritt darauf ausgelegt, Ihre Leistung zu maximieren: Dieser schnelle, vielseitige und unglaublich leichte Schuh erm\u00f6glicht es Ihnen, jedes Ihrer Ziele zu verfolgen und zu erreichen.<\/p>\n<p><\/div><\/div><\/div>\n","protected":false},"excerpt":{"rendered":"<ul>\n<li class=\"m-long-description__feature-text\">Das Stichwort lautet: Geschwindigkeit<\/li>\n<li class=\"m-long-description__feature-text\">Vielseitige Leistung<\/li>\n<li class=\"m-long-description__feature-text\">Atmungsaktives und leichtes Obermaterial<\/li>\n<\/ul>\n","protected":false},"featured_media":325580,"template":"","meta":{"_acf_changed":false,"inline_featured_image":false},"product_brand":[],"product_cat":[6507,6506],"product_tag":[3362,6207],"class_list":{"0":"post-323147","1":"product","2":"type-product","3":"status-publish","4":"has-post-thumbnail","6":"product_cat-herren-schuhe-de","7":"product_cat-neutrale-herren-schuhe-de","8":"product_tag-brooks-de","9":"product_tag-brooks-herren-de","10":"pa_attivita-fitness-de","11":"pa_attivita-gehen","12":"pa_attivita-running-de","13":"pa_colore-hyperion-3-atomizer-black-pink-clay-de","14":"pa_colore-hyperion-3-black-grey-white","15":"pa_colore-hyperion-3-bluewash-green-black","16":"pa_colore-hyperion-3-luminary-black-yellow","17":"pa_marca-brooks-de","18":"pa_sesso-herren","19":"pa_size-41-de","20":"pa_size-42-de","21":"pa_size-42-5-de","22":"pa_size-44-de","23":"pa_size-44-5-de","24":"pa_size-45-de","25":"pa_size-45-5-de","26":"pa_size-46-de","28":"first","29":"instock","30":"sale","31":"taxable","32":"shipping-taxable","33":"purchasable","34":"product-type-variable","35":"wvs-archive-product-wrapper"},"acf":[],"yoast_head":"<!-- This site is optimized with the Yoast SEO plugin v26.8 - https:\/\/yoast.com\/product\/yoast-seo-wordpress\/ -->\n<title>Brooks Hyperion 3 herren - Laufschuhe f\u00fcr Herren - MioMioRun.com<\/title>\n<meta name=\"description\" content=\"Brooks Hyperion 3 f\u00fcr Herren: ultraleichter Laufschuh mit reaktionsfreudiger DNA FLASH v2-D\u00e4mpfung, atmungsaktivem Obermaterial und vielseitiger Leistung f\u00fcr Trainingseinheiten und schnelle L\u00e4ufe.\" \/>\n<meta name=\"robots\" content=\"index, follow, max-snippet:-1, max-image-preview:large, max-video-preview:-1\" \/>\n<link rel=\"canonical\" href=\"https:\/\/www.miomiorun.com\/de\/produkt\/hyperion-3-herren\/\" \/>\n<meta property=\"og:locale\" content=\"de_DE\" \/>\n<meta property=\"og:type\" content=\"article\" \/>\n<meta property=\"og:title\" content=\"Brooks Hyperion 3 herren - Laufschuhe f\u00fcr Herren - MioMioRun.com\" \/>\n<meta property=\"og:description\" content=\"Brooks Hyperion 3 f\u00fcr Herren: ultraleichter Laufschuh mit reaktionsfreudiger DNA FLASH v2-D\u00e4mpfung, atmungsaktivem Obermaterial und vielseitiger Leistung f\u00fcr Trainingseinheiten und schnelle L\u00e4ufe.\" \/>\n<meta property=\"og:url\" content=\"https:\/\/www.miomiorun.com\/de\/produkt\/hyperion-3-herren\/\" \/>\n<meta property=\"og:site_name\" content=\"MioMioRun\" \/>\n<meta property=\"article:publisher\" content=\"https:\/\/www.facebook.com\/miomiorun\/\" \/>\n<meta property=\"article:modified_time\" content=\"2025-11-05T17:55:36+00:00\" \/>\n<meta property=\"og:image\" content=\"https:\/\/www.miomiorun.com\/app\/uploads\/2025\/07\/brooks-Hyperion-3-sunny-lime-olive-white-1104651D369.webp\" \/>\n\t<meta property=\"og:image:width\" content=\"600\" \/>\n\t<meta property=\"og:image:height\" content=\"600\" \/>\n\t<meta property=\"og:image:type\" content=\"image\/webp\" \/>\n<meta name=\"twitter:card\" content=\"summary_large_image\" \/>\n<meta name=\"twitter:label1\" content=\"Est. reading time\" \/>\n\t<meta name=\"twitter:data1\" content=\"2 minutes\" \/>\n<script type=\"application\/ld+json\" class=\"yoast-schema-graph\">{\"@context\":\"https:\/\/schema.org\",\"@graph\":[{\"@type\":\"WebPage\",\"@id\":\"https:\/\/www.miomiorun.com\/de\/produkt\/hyperion-3-herren\/\",\"url\":\"https:\/\/www.miomiorun.com\/de\/produkt\/hyperion-3-herren\/\",\"name\":\"Brooks Hyperion 3 herren - Laufschuhe f\u00fcr Herren - MioMioRun.com\",\"isPartOf\":{\"@id\":\"https:\/\/www.miomiorun.com\/de\/#website\"},\"primaryImageOfPage\":{\"@id\":\"https:\/\/www.miomiorun.com\/de\/produkt\/hyperion-3-herren\/#primaryimage\"},\"image\":{\"@id\":\"https:\/\/www.miomiorun.com\/de\/produkt\/hyperion-3-herren\/#primaryimage\"},\"thumbnailUrl\":\"https:\/\/www.miomiorun.com\/app\/uploads\/2025\/07\/brooks-Hyperion-3-sunny-lime-olive-white-1104651D369.webp\",\"datePublished\":\"2025-07-05T14:58:38+00:00\",\"dateModified\":\"2025-11-05T17:55:36+00:00\",\"description\":\"Brooks Hyperion 3 f\u00fcr Herren: ultraleichter Laufschuh mit reaktionsfreudiger DNA FLASH v2-D\u00e4mpfung, atmungsaktivem Obermaterial und vielseitiger Leistung f\u00fcr Trainingseinheiten und schnelle L\u00e4ufe.\",\"breadcrumb\":{\"@id\":\"https:\/\/www.miomiorun.com\/de\/produkt\/hyperion-3-herren\/#breadcrumb\"},\"inLanguage\":\"de-DE\",\"potentialAction\":[{\"@type\":\"ReadAction\",\"target\":[\"https:\/\/www.miomiorun.com\/de\/produkt\/hyperion-3-herren\/\"]}]},{\"@type\":\"ImageObject\",\"inLanguage\":\"de-DE\",\"@id\":\"https:\/\/www.miomiorun.com\/de\/produkt\/hyperion-3-herren\/#primaryimage\",\"url\":\"https:\/\/www.miomiorun.com\/app\/uploads\/2025\/07\/brooks-Hyperion-3-sunny-lime-olive-white-1104651D369.webp\",\"contentUrl\":\"https:\/\/www.miomiorun.com\/app\/uploads\/2025\/07\/brooks-Hyperion-3-sunny-lime-olive-white-1104651D369.webp\",\"width\":600,\"height\":600,\"caption\":\"brooks Hyperion 3 sunny lime olive white 1104651D369\"},{\"@type\":\"BreadcrumbList\",\"@id\":\"https:\/\/www.miomiorun.com\/de\/produkt\/hyperion-3-herren\/#breadcrumb\",\"itemListElement\":[{\"@type\":\"ListItem\",\"position\":1,\"name\":\"Home\",\"item\":\"https:\/\/www.miomiorun.com\/de\/\"},{\"@type\":\"ListItem\",\"position\":2,\"name\":\"Shop\",\"item\":\"https:\/\/www.miomiorun.com\/shop\/\"},{\"@type\":\"ListItem\",\"position\":3,\"name\":\"Hyperion 3 herren\"}]},{\"@type\":\"WebSite\",\"@id\":\"https:\/\/www.miomiorun.com\/de\/#website\",\"url\":\"https:\/\/www.miomiorun.com\/de\/\",\"name\":\"MioMioRun\",\"description\":\"100% Lauf- und Trailshop\",\"publisher\":{\"@id\":\"https:\/\/www.miomiorun.com\/de\/#organization\"},\"potentialAction\":[{\"@type\":\"SearchAction\",\"target\":{\"@type\":\"EntryPoint\",\"urlTemplate\":\"https:\/\/www.miomiorun.com\/de\/?s={search_term_string}\"},\"query-input\":{\"@type\":\"PropertyValueSpecification\",\"valueRequired\":true,\"valueName\":\"search_term_string\"}}],\"inLanguage\":\"de-DE\"},{\"@type\":\"Organization\",\"@id\":\"https:\/\/www.miomiorun.com\/de\/#organization\",\"name\":\"MioMio Run\",\"url\":\"https:\/\/www.miomiorun.com\/de\/\",\"logo\":{\"@type\":\"ImageObject\",\"inLanguage\":\"de-DE\",\"@id\":\"https:\/\/www.miomiorun.com\/de\/#\/schema\/logo\/image\/\",\"url\":\"https:\/\/www.miomiorun.com\/app\/uploads\/2019\/12\/logomio.png\",\"contentUrl\":\"https:\/\/www.miomiorun.com\/app\/uploads\/2019\/12\/logomio.png\",\"width\":115,\"height\":82,\"caption\":\"MioMio Run\"},\"image\":{\"@id\":\"https:\/\/www.miomiorun.com\/de\/#\/schema\/logo\/image\/\"},\"sameAs\":[\"https:\/\/www.facebook.com\/miomiorun\/\",\"https:\/\/www.instagram.com\/miomiorun\/\"]}]}<\/script>\n<!-- \/ Yoast SEO plugin. -->","yoast_head_json":{"title":"Brooks Hyperion 3 herren - Laufschuhe f\u00fcr Herren - MioMioRun.com","description":"Brooks Hyperion 3 f\u00fcr Herren: ultraleichter Laufschuh mit reaktionsfreudiger DNA FLASH v2-D\u00e4mpfung, atmungsaktivem Obermaterial und vielseitiger Leistung f\u00fcr Trainingseinheiten und schnelle L\u00e4ufe.","robots":{"index":"index","follow":"follow","max-snippet":"max-snippet:-1","max-image-preview":"max-image-preview:large","max-video-preview":"max-video-preview:-1"},"canonical":"https:\/\/www.miomiorun.com\/de\/produkt\/hyperion-3-herren\/","og_locale":"de_DE","og_type":"article","og_title":"Brooks Hyperion 3 herren - Laufschuhe f\u00fcr Herren - MioMioRun.com","og_description":"Brooks Hyperion 3 f\u00fcr Herren: ultraleichter Laufschuh mit reaktionsfreudiger DNA FLASH v2-D\u00e4mpfung, atmungsaktivem Obermaterial und vielseitiger Leistung f\u00fcr Trainingseinheiten und schnelle L\u00e4ufe.","og_url":"https:\/\/www.miomiorun.com\/de\/produkt\/hyperion-3-herren\/","og_site_name":"MioMioRun","article_publisher":"https:\/\/www.facebook.com\/miomiorun\/","article_modified_time":"2025-11-05T17:55:36+00:00","og_image":[{"width":600,"height":600,"url":"https:\/\/www.miomiorun.com\/app\/uploads\/2025\/07\/brooks-Hyperion-3-sunny-lime-olive-white-1104651D369.webp","type":"image\/webp"}],"twitter_card":"summary_large_image","twitter_misc":{"Est. reading time":"2 minutes"},"schema":{"@context":"https:\/\/schema.org","@graph":[{"@type":"WebPage","@id":"https:\/\/www.miomiorun.com\/de\/produkt\/hyperion-3-herren\/","url":"https:\/\/www.miomiorun.com\/de\/produkt\/hyperion-3-herren\/","name":"Brooks Hyperion 3 herren - Laufschuhe f\u00fcr Herren - MioMioRun.com","isPartOf":{"@id":"https:\/\/www.miomiorun.com\/de\/#website"},"primaryImageOfPage":{"@id":"https:\/\/www.miomiorun.com\/de\/produkt\/hyperion-3-herren\/#primaryimage"},"image":{"@id":"https:\/\/www.miomiorun.com\/de\/produkt\/hyperion-3-herren\/#primaryimage"},"thumbnailUrl":"https:\/\/www.miomiorun.com\/app\/uploads\/2025\/07\/brooks-Hyperion-3-sunny-lime-olive-white-1104651D369.webp","datePublished":"2025-07-05T14:58:38+00:00","dateModified":"2025-11-05T17:55:36+00:00","description":"Brooks Hyperion 3 f\u00fcr Herren: ultraleichter Laufschuh mit reaktionsfreudiger DNA FLASH v2-D\u00e4mpfung, atmungsaktivem Obermaterial und vielseitiger Leistung f\u00fcr Trainingseinheiten und schnelle L\u00e4ufe.","breadcrumb":{"@id":"https:\/\/www.miomiorun.com\/de\/produkt\/hyperion-3-herren\/#breadcrumb"},"inLanguage":"de-DE","potentialAction":[{"@type":"ReadAction","target":["https:\/\/www.miomiorun.com\/de\/produkt\/hyperion-3-herren\/"]}]},{"@type":"ImageObject","inLanguage":"de-DE","@id":"https:\/\/www.miomiorun.com\/de\/produkt\/hyperion-3-herren\/#primaryimage","url":"https:\/\/www.miomiorun.com\/app\/uploads\/2025\/07\/brooks-Hyperion-3-sunny-lime-olive-white-1104651D369.webp","contentUrl":"https:\/\/www.miomiorun.com\/app\/uploads\/2025\/07\/brooks-Hyperion-3-sunny-lime-olive-white-1104651D369.webp","width":600,"height":600,"caption":"brooks Hyperion 3 sunny lime olive white 1104651D369"},{"@type":"BreadcrumbList","@id":"https:\/\/www.miomiorun.com\/de\/produkt\/hyperion-3-herren\/#breadcrumb","itemListElement":[{"@type":"ListItem","position":1,"name":"Home","item":"https:\/\/www.miomiorun.com\/de\/"},{"@type":"ListItem","position":2,"name":"Shop","item":"https:\/\/www.miomiorun.com\/shop\/"},{"@type":"ListItem","position":3,"name":"Hyperion 3 herren"}]},{"@type":"WebSite","@id":"https:\/\/www.miomiorun.com\/de\/#website","url":"https:\/\/www.miomiorun.com\/de\/","name":"MioMioRun","description":"100% Lauf- und Trailshop","publisher":{"@id":"https:\/\/www.miomiorun.com\/de\/#organization"},"potentialAction":[{"@type":"SearchAction","target":{"@type":"EntryPoint","urlTemplate":"https:\/\/www.miomiorun.com\/de\/?s={search_term_string}"},"query-input":{"@type":"PropertyValueSpecification","valueRequired":true,"valueName":"search_term_string"}}],"inLanguage":"de-DE"},{"@type":"Organization","@id":"https:\/\/www.miomiorun.com\/de\/#organization","name":"MioMio Run","url":"https:\/\/www.miomiorun.com\/de\/","logo":{"@type":"ImageObject","inLanguage":"de-DE","@id":"https:\/\/www.miomiorun.com\/de\/#\/schema\/logo\/image\/","url":"https:\/\/www.miomiorun.com\/app\/uploads\/2019\/12\/logomio.png","contentUrl":"https:\/\/www.miomiorun.com\/app\/uploads\/2019\/12\/logomio.png","width":115,"height":82,"caption":"MioMio Run"},"image":{"@id":"https:\/\/www.miomiorun.com\/de\/#\/schema\/logo\/image\/"},"sameAs":["https:\/\/www.facebook.com\/miomiorun\/","https:\/\/www.instagram.com\/miomiorun\/"]}]}},"_links":{"self":[{"href":"https:\/\/www.miomiorun.com\/de\/wp-json\/wp\/v2\/product\/323147","targetHints":{"allow":["GET"]}}],"collection":[{"href":"https:\/\/www.miomiorun.com\/de\/wp-json\/wp\/v2\/product"}],"about":[{"href":"https:\/\/www.miomiorun.com\/de\/wp-json\/wp\/v2\/types\/product"}],"wp:featuredmedia":[{"embeddable":true,"href":"https:\/\/www.miomiorun.com\/de\/wp-json\/wp\/v2\/media\/325580"}],"wp:attachment":[{"href":"https:\/\/www.miomiorun.com\/de\/wp-json\/wp\/v2\/media?parent=323147"}],"wp:term":[{"taxonomy":"product_brand","embeddable":true,"href":"https:\/\/www.miomiorun.com\/de\/wp-json\/wp\/v2\/product_brand?post=323147"},{"taxonomy":"product_cat","embeddable":true,"href":"https:\/\/www.miomiorun.com\/de\/wp-json\/wp\/v2\/product_cat?post=323147"},{"taxonomy":"product_tag","embeddable":true,"href":"https:\/\/www.miomiorun.com\/de\/wp-json\/wp\/v2\/product_tag?post=323147"}],"curies":[{"name":"wp","href":"https:\/\/api.w.org\/{rel}","templated":true}]}}