{"id":323143,"date":"2025-07-05T16:59:09","date_gmt":"2025-07-05T14:59:09","guid":{"rendered":"https:\/\/miomiorun.com\/?post_type=product&#038;p=323143"},"modified":"2026-05-09T09:49:16","modified_gmt":"2026-05-09T07:49:16","slug":"hyperion-max-3-herren","status":"publish","type":"product","link":"https:\/\/www.miomiorun.com\/de\/produkt\/hyperion-max-3-herren\/","title":{"rendered":"Hyperion Max 3 herren"},"content":{"rendered":"<div class=\"vc-row container\"><div class=\"vc-column\"><div class=\"vc-column-text\"><\/p>\n<h4>Technische Daten<\/h4>\n<p>Kategorie: Superd\u00e4mpfung<br \/>\nOffset: 6 mm<br \/>\nGewicht: 230 g<br \/>\nIdeal f\u00fcr: Dieser Schuh ist dank seiner weichen und reaktionsfreudigen DNA Flash-D\u00e4mpfung ideal f\u00fcr schnelle Athleten und f\u00fcr das Wettkampftraining. Er eignet sich aber auch gut f\u00fcr weniger leistungsstarke Athleten, die einen reaktionsfreudigen Schuh f\u00fcr mittel- bis kurzes Training suchen.<br \/>\nGewicht des Athleten: &gt;50 kg<br \/>\nLaufgeschwindigkeit: &gt; 4,30 min\/km<br \/>\n<a href=\"https:\/\/miomiorun.com\/guida-alle-specifiche-tecniche\/\">Leitfaden zu den technischen Daten<\/a><\/p>\n<p><\/div><\/div><div class=\"vc-column\"><div class=\"vc-column-text\"><\/p>\n<p>Bewegen Sie sich schnell \u00fcber Kilometer um Kilometer. Der neue <strong>Brooks Hyperion Max 3 f\u00fcr Herren<\/strong> wurde f\u00fcr alle entwickelt, die beim Training alles geben wollen, ohne auf Komfort und Schutz zu verzichten. Die hohe D\u00e4mpfung in Kombination mit der <strong data-start=\"443\" data-end=\"489\">SpeedVault-Antriebsplatte aus Nylon<\/strong> sorgt f\u00fcr einen weichen, aber reaktionsfreudigen Auftritt, damit du schneller laufen und dich nach jeder Trainingseinheit besser erholen kannst.<\/p>\n<p>Die innovative Kombination aus <strong>DNA FLASH v2 und DNA GOLD 100 %<\/strong> sorgt f\u00fcr ein leichtes und angenehmes Laufgef\u00fchl bei jedem Schritt, w\u00e4hrend die gekr\u00fcmmte <strong>RapidRoll Rocker<\/strong>-Geometrie schnelle, unterst\u00fctzte \u00dcberg\u00e4nge von der Ferse zur Zehe erm\u00f6glicht und so f\u00fcr einen sofortigen, nat\u00fcrlichen Absto\u00df sorgt.<\/p>\n<p>Das Obermaterial aus leichtem, atmungsaktivem Mesh sitzt fest am Fu\u00df und bietet auch bei hohen Geschwindigkeiten Stabilit\u00e4t. Das Ergebnis ist ein bequemer, schneller und zuverl\u00e4ssiger Schuh, der sich perfekt f\u00fcr lange L\u00e4ufe, intensives Training und hochwertige Trainingseinheiten eignet.<\/p>\n<p>Der Hyperion Max 3 ist der ideale Begleiter f\u00fcr alle, die ihre Leistung verbessern m\u00f6chten, ohne dabei auf Komfort zu verzichten. Trainiere mit maximaler Intensit\u00e4t, erhole dich besser und gehe jeden Tag ein St\u00fcckchen weiter an deine Grenzen.<\/p>\n<p><\/div><\/div><\/div>\n","protected":false},"excerpt":{"rendered":"<ul class=\"m-long-description__features\">\n<li class=\"m-long-description__feature\">\n<div class=\"m-long-description__feature-text\">Auf Geschwindigkeit ausgelegt<\/div>\n<\/li>\n<li class=\"m-long-description__feature\">\n<div class=\"m-long-description__feature-text\">Schnelle \u00dcberg\u00e4nge<\/div>\n<\/li>\n<li class=\"m-long-description__feature\">\n<div class=\"m-long-description__feature-text\">Leichte Passform<\/div>\n<\/li>\n<\/ul>\n","protected":false},"featured_media":401522,"template":"","meta":{"_acf_changed":false,"inline_featured_image":false},"product_brand":[],"product_cat":[6507,6506],"product_tag":[3362,6207],"class_list":{"0":"post-323143","1":"product","2":"type-product","3":"status-publish","4":"has-post-thumbnail","6":"product_cat-herren-schuhe-de","7":"product_cat-neutrale-herren-schuhe-de","8":"product_tag-brooks-de","9":"product_tag-brooks-herren-de","10":"pa_attivita-running-de","11":"pa_colore-hyperion-max-3-coconut-green-gecko-pink-de","12":"pa_colore-hyperion-max-3-green-gecko-black-blue","13":"pa_colore-hyperion-max-3-luminary-cyber-yellow-bla","14":"pa_colore-hyperion-max-3-white-gray-mist-green","15":"pa_marca-brooks-de","16":"pa_sesso-herren","17":"pa_size-41-de","18":"pa_size-42-de","19":"pa_size-42-5-de","20":"pa_size-43-de","21":"pa_size-44-de","22":"pa_size-44-5-de","23":"pa_size-45-de","24":"pa_size-45-5-de","25":"pa_size-46-de","27":"first","28":"instock","29":"sale","30":"taxable","31":"shipping-taxable","32":"purchasable","33":"product-type-variable","34":"wvs-archive-product-wrapper"},"acf":[],"yoast_head":"<!-- This site is optimized with the Yoast SEO plugin v26.8 - https:\/\/yoast.com\/product\/yoast-seo-wordpress\/ -->\n<title>Brooks Hyperion Max 3 herren - Laufschuhe - MioMioRun.com<\/title>\n<meta name=\"description\" content=\"Brooks Hyperion Max 3 Herren: Leichte und reaktionsfreudige Laufschuhe mit hoher D\u00e4mpfung und SpeedVault-Platte. Geschwindigkeit, Komfort und schnelle Erholung.\" \/>\n<meta name=\"robots\" content=\"index, follow, max-snippet:-1, max-image-preview:large, max-video-preview:-1\" \/>\n<link rel=\"canonical\" href=\"https:\/\/www.miomiorun.com\/de\/produkt\/hyperion-max-3-herren\/\" \/>\n<meta property=\"og:locale\" content=\"de_DE\" \/>\n<meta property=\"og:type\" content=\"article\" \/>\n<meta property=\"og:title\" content=\"Brooks Hyperion Max 3 herren - Laufschuhe - MioMioRun.com\" \/>\n<meta property=\"og:description\" content=\"Brooks Hyperion Max 3 Herren: Leichte und reaktionsfreudige Laufschuhe mit hoher D\u00e4mpfung und SpeedVault-Platte. Geschwindigkeit, Komfort und schnelle Erholung.\" \/>\n<meta property=\"og:url\" content=\"https:\/\/www.miomiorun.com\/de\/produkt\/hyperion-max-3-herren\/\" \/>\n<meta property=\"og:site_name\" content=\"MioMioRun\" \/>\n<meta property=\"article:publisher\" content=\"https:\/\/www.facebook.com\/miomiorun\/\" \/>\n<meta property=\"article:modified_time\" content=\"2026-05-09T07:49:16+00:00\" \/>\n<meta property=\"og:image\" content=\"https:\/\/www.miomiorun.com\/app\/uploads\/2026\/02\/brooks-Hyperion-Max-3-green-gecko-black-blue-1104671D318.webp\" \/>\n\t<meta property=\"og:image:width\" content=\"720\" \/>\n\t<meta property=\"og:image:height\" content=\"720\" \/>\n\t<meta property=\"og:image:type\" content=\"image\/webp\" \/>\n<meta name=\"twitter:card\" content=\"summary_large_image\" \/>\n<meta name=\"twitter:label1\" content=\"Est. reading time\" \/>\n\t<meta name=\"twitter:data1\" content=\"2 minutes\" \/>\n<script type=\"application\/ld+json\" class=\"yoast-schema-graph\">{\"@context\":\"https:\/\/schema.org\",\"@graph\":[{\"@type\":\"WebPage\",\"@id\":\"https:\/\/www.miomiorun.com\/de\/produkt\/hyperion-max-3-herren\/\",\"url\":\"https:\/\/www.miomiorun.com\/de\/produkt\/hyperion-max-3-herren\/\",\"name\":\"Brooks Hyperion Max 3 herren - Laufschuhe - MioMioRun.com\",\"isPartOf\":{\"@id\":\"https:\/\/www.miomiorun.com\/de\/#website\"},\"primaryImageOfPage\":{\"@id\":\"https:\/\/www.miomiorun.com\/de\/produkt\/hyperion-max-3-herren\/#primaryimage\"},\"image\":{\"@id\":\"https:\/\/www.miomiorun.com\/de\/produkt\/hyperion-max-3-herren\/#primaryimage\"},\"thumbnailUrl\":\"https:\/\/www.miomiorun.com\/app\/uploads\/2026\/02\/brooks-Hyperion-Max-3-green-gecko-black-blue-1104671D318.webp\",\"datePublished\":\"2025-07-05T14:59:09+00:00\",\"dateModified\":\"2026-05-09T07:49:16+00:00\",\"description\":\"Brooks Hyperion Max 3 Herren: Leichte und reaktionsfreudige Laufschuhe mit hoher D\u00e4mpfung und SpeedVault-Platte. Geschwindigkeit, Komfort und schnelle Erholung.\",\"breadcrumb\":{\"@id\":\"https:\/\/www.miomiorun.com\/de\/produkt\/hyperion-max-3-herren\/#breadcrumb\"},\"inLanguage\":\"de-DE\",\"potentialAction\":[{\"@type\":\"ReadAction\",\"target\":[\"https:\/\/www.miomiorun.com\/de\/produkt\/hyperion-max-3-herren\/\"]}]},{\"@type\":\"ImageObject\",\"inLanguage\":\"de-DE\",\"@id\":\"https:\/\/www.miomiorun.com\/de\/produkt\/hyperion-max-3-herren\/#primaryimage\",\"url\":\"https:\/\/www.miomiorun.com\/app\/uploads\/2026\/02\/brooks-Hyperion-Max-3-green-gecko-black-blue-1104671D318.webp\",\"contentUrl\":\"https:\/\/www.miomiorun.com\/app\/uploads\/2026\/02\/brooks-Hyperion-Max-3-green-gecko-black-blue-1104671D318.webp\",\"width\":720,\"height\":720,\"caption\":\"brooks Hyperion Max 3 green gecko black blue 1104671D318\"},{\"@type\":\"BreadcrumbList\",\"@id\":\"https:\/\/www.miomiorun.com\/de\/produkt\/hyperion-max-3-herren\/#breadcrumb\",\"itemListElement\":[{\"@type\":\"ListItem\",\"position\":1,\"name\":\"Home\",\"item\":\"https:\/\/www.miomiorun.com\/de\/\"},{\"@type\":\"ListItem\",\"position\":2,\"name\":\"Shop\",\"item\":\"https:\/\/www.miomiorun.com\/shop\/\"},{\"@type\":\"ListItem\",\"position\":3,\"name\":\"Hyperion Max 3 herren\"}]},{\"@type\":\"WebSite\",\"@id\":\"https:\/\/www.miomiorun.com\/de\/#website\",\"url\":\"https:\/\/www.miomiorun.com\/de\/\",\"name\":\"MioMioRun\",\"description\":\"100% Lauf- und Trailshop\",\"publisher\":{\"@id\":\"https:\/\/www.miomiorun.com\/de\/#organization\"},\"potentialAction\":[{\"@type\":\"SearchAction\",\"target\":{\"@type\":\"EntryPoint\",\"urlTemplate\":\"https:\/\/www.miomiorun.com\/de\/?s={search_term_string}\"},\"query-input\":{\"@type\":\"PropertyValueSpecification\",\"valueRequired\":true,\"valueName\":\"search_term_string\"}}],\"inLanguage\":\"de-DE\"},{\"@type\":\"Organization\",\"@id\":\"https:\/\/www.miomiorun.com\/de\/#organization\",\"name\":\"MioMio Run\",\"url\":\"https:\/\/www.miomiorun.com\/de\/\",\"logo\":{\"@type\":\"ImageObject\",\"inLanguage\":\"de-DE\",\"@id\":\"https:\/\/www.miomiorun.com\/de\/#\/schema\/logo\/image\/\",\"url\":\"https:\/\/www.miomiorun.com\/app\/uploads\/2019\/12\/logomio.png\",\"contentUrl\":\"https:\/\/www.miomiorun.com\/app\/uploads\/2019\/12\/logomio.png\",\"width\":115,\"height\":82,\"caption\":\"MioMio Run\"},\"image\":{\"@id\":\"https:\/\/www.miomiorun.com\/de\/#\/schema\/logo\/image\/\"},\"sameAs\":[\"https:\/\/www.facebook.com\/miomiorun\/\",\"https:\/\/www.instagram.com\/miomiorun\/\"]}]}<\/script>\n<!-- \/ Yoast SEO plugin. -->","yoast_head_json":{"title":"Brooks Hyperion Max 3 herren - Laufschuhe - MioMioRun.com","description":"Brooks Hyperion Max 3 Herren: Leichte und reaktionsfreudige Laufschuhe mit hoher D\u00e4mpfung und SpeedVault-Platte. Geschwindigkeit, Komfort und schnelle Erholung.","robots":{"index":"index","follow":"follow","max-snippet":"max-snippet:-1","max-image-preview":"max-image-preview:large","max-video-preview":"max-video-preview:-1"},"canonical":"https:\/\/www.miomiorun.com\/de\/produkt\/hyperion-max-3-herren\/","og_locale":"de_DE","og_type":"article","og_title":"Brooks Hyperion Max 3 herren - Laufschuhe - MioMioRun.com","og_description":"Brooks Hyperion Max 3 Herren: Leichte und reaktionsfreudige Laufschuhe mit hoher D\u00e4mpfung und SpeedVault-Platte. Geschwindigkeit, Komfort und schnelle Erholung.","og_url":"https:\/\/www.miomiorun.com\/de\/produkt\/hyperion-max-3-herren\/","og_site_name":"MioMioRun","article_publisher":"https:\/\/www.facebook.com\/miomiorun\/","article_modified_time":"2026-05-09T07:49:16+00:00","og_image":[{"width":720,"height":720,"url":"https:\/\/www.miomiorun.com\/app\/uploads\/2026\/02\/brooks-Hyperion-Max-3-green-gecko-black-blue-1104671D318.webp","type":"image\/webp"}],"twitter_card":"summary_large_image","twitter_misc":{"Est. reading time":"2 minutes"},"schema":{"@context":"https:\/\/schema.org","@graph":[{"@type":"WebPage","@id":"https:\/\/www.miomiorun.com\/de\/produkt\/hyperion-max-3-herren\/","url":"https:\/\/www.miomiorun.com\/de\/produkt\/hyperion-max-3-herren\/","name":"Brooks Hyperion Max 3 herren - Laufschuhe - MioMioRun.com","isPartOf":{"@id":"https:\/\/www.miomiorun.com\/de\/#website"},"primaryImageOfPage":{"@id":"https:\/\/www.miomiorun.com\/de\/produkt\/hyperion-max-3-herren\/#primaryimage"},"image":{"@id":"https:\/\/www.miomiorun.com\/de\/produkt\/hyperion-max-3-herren\/#primaryimage"},"thumbnailUrl":"https:\/\/www.miomiorun.com\/app\/uploads\/2026\/02\/brooks-Hyperion-Max-3-green-gecko-black-blue-1104671D318.webp","datePublished":"2025-07-05T14:59:09+00:00","dateModified":"2026-05-09T07:49:16+00:00","description":"Brooks Hyperion Max 3 Herren: Leichte und reaktionsfreudige Laufschuhe mit hoher D\u00e4mpfung und SpeedVault-Platte. Geschwindigkeit, Komfort und schnelle Erholung.","breadcrumb":{"@id":"https:\/\/www.miomiorun.com\/de\/produkt\/hyperion-max-3-herren\/#breadcrumb"},"inLanguage":"de-DE","potentialAction":[{"@type":"ReadAction","target":["https:\/\/www.miomiorun.com\/de\/produkt\/hyperion-max-3-herren\/"]}]},{"@type":"ImageObject","inLanguage":"de-DE","@id":"https:\/\/www.miomiorun.com\/de\/produkt\/hyperion-max-3-herren\/#primaryimage","url":"https:\/\/www.miomiorun.com\/app\/uploads\/2026\/02\/brooks-Hyperion-Max-3-green-gecko-black-blue-1104671D318.webp","contentUrl":"https:\/\/www.miomiorun.com\/app\/uploads\/2026\/02\/brooks-Hyperion-Max-3-green-gecko-black-blue-1104671D318.webp","width":720,"height":720,"caption":"brooks Hyperion Max 3 green gecko black blue 1104671D318"},{"@type":"BreadcrumbList","@id":"https:\/\/www.miomiorun.com\/de\/produkt\/hyperion-max-3-herren\/#breadcrumb","itemListElement":[{"@type":"ListItem","position":1,"name":"Home","item":"https:\/\/www.miomiorun.com\/de\/"},{"@type":"ListItem","position":2,"name":"Shop","item":"https:\/\/www.miomiorun.com\/shop\/"},{"@type":"ListItem","position":3,"name":"Hyperion Max 3 herren"}]},{"@type":"WebSite","@id":"https:\/\/www.miomiorun.com\/de\/#website","url":"https:\/\/www.miomiorun.com\/de\/","name":"MioMioRun","description":"100% Lauf- und Trailshop","publisher":{"@id":"https:\/\/www.miomiorun.com\/de\/#organization"},"potentialAction":[{"@type":"SearchAction","target":{"@type":"EntryPoint","urlTemplate":"https:\/\/www.miomiorun.com\/de\/?s={search_term_string}"},"query-input":{"@type":"PropertyValueSpecification","valueRequired":true,"valueName":"search_term_string"}}],"inLanguage":"de-DE"},{"@type":"Organization","@id":"https:\/\/www.miomiorun.com\/de\/#organization","name":"MioMio Run","url":"https:\/\/www.miomiorun.com\/de\/","logo":{"@type":"ImageObject","inLanguage":"de-DE","@id":"https:\/\/www.miomiorun.com\/de\/#\/schema\/logo\/image\/","url":"https:\/\/www.miomiorun.com\/app\/uploads\/2019\/12\/logomio.png","contentUrl":"https:\/\/www.miomiorun.com\/app\/uploads\/2019\/12\/logomio.png","width":115,"height":82,"caption":"MioMio Run"},"image":{"@id":"https:\/\/www.miomiorun.com\/de\/#\/schema\/logo\/image\/"},"sameAs":["https:\/\/www.facebook.com\/miomiorun\/","https:\/\/www.instagram.com\/miomiorun\/"]}]}},"_links":{"self":[{"href":"https:\/\/www.miomiorun.com\/de\/wp-json\/wp\/v2\/product\/323143","targetHints":{"allow":["GET"]}}],"collection":[{"href":"https:\/\/www.miomiorun.com\/de\/wp-json\/wp\/v2\/product"}],"about":[{"href":"https:\/\/www.miomiorun.com\/de\/wp-json\/wp\/v2\/types\/product"}],"wp:featuredmedia":[{"embeddable":true,"href":"https:\/\/www.miomiorun.com\/de\/wp-json\/wp\/v2\/media\/401522"}],"wp:attachment":[{"href":"https:\/\/www.miomiorun.com\/de\/wp-json\/wp\/v2\/media?parent=323143"}],"wp:term":[{"taxonomy":"product_brand","embeddable":true,"href":"https:\/\/www.miomiorun.com\/de\/wp-json\/wp\/v2\/product_brand?post=323143"},{"taxonomy":"product_cat","embeddable":true,"href":"https:\/\/www.miomiorun.com\/de\/wp-json\/wp\/v2\/product_cat?post=323143"},{"taxonomy":"product_tag","embeddable":true,"href":"https:\/\/www.miomiorun.com\/de\/wp-json\/wp\/v2\/product_tag?post=323143"}],"curies":[{"name":"wp","href":"https:\/\/api.w.org\/{rel}","templated":true}]}}