{"id":321595,"date":"2025-06-26T19:23:45","date_gmt":"2025-06-26T17:23:45","guid":{"rendered":"https:\/\/miomiorun.com\/?post_type=product&#038;p=321595"},"modified":"2026-05-09T09:58:31","modified_gmt":"2026-05-09T07:58:31","slug":"kinvara-16-damen","status":"publish","type":"product","link":"https:\/\/www.miomiorun.com\/de\/produkt\/kinvara-16-damen\/","title":{"rendered":"Kinvara 16 damen"},"content":{"rendered":"<div class=\"vc-row container\"><div class=\"vc-column\"><div class=\"vc-column-text\"><\/p>\n<p><strong>Technische Daten<\/strong><\/p>\n<p>Kategorie: reaktive D\u00e4mpfung<br \/>\nOffset: 4 mm (29\/25 mm)<br \/>\nGewicht: 117 g<br \/>\nIdeal f\u00fcr: L\u00e4ufer, die ein Zwischenmodell suchen, das sich durch Leichtigkeit und Elastizit\u00e4t auszeichnet, f\u00fcr L\u00e4ufe jeder Distanz geeignet ist und eine gute Reaktivit\u00e4t und eine angemessene D\u00e4mpfung bietet.<br \/>\nGewicht des Athleten: 50-70 kg<br \/>\nLaufgeschwindigkeit: mittel-schnell (3,30-5,00 min\/km)<br \/>\n<a href=\"https:\/\/miomiorun.com\/guida-alle-specifiche-tecniche\/\">Leitfaden zu den technischen Daten<\/a><\/p>\n<p><\/div><\/div><div class=\"vc-column\"><div class=\"vc-column-text\"><\/p>\n<p data-start=\"219\" data-end=\"489\">Der <strong data-start=\"291\" data-end=\"305\">Kinvara 16<\/strong> wurde f\u00fcr L\u00e4ufer entwickelt, die jeden Tag leicht und schnell laufen m\u00f6chten, und bietet eine unschlagbare Mischung aus Reaktionsf\u00e4higkeit, Komfort und Vielseitigkeit. Mit seiner ultraleichten und flexiblen Konstruktion wurde er entwickelt, damit Sie sich vom ersten bis zum letzten Kilometer schnell f\u00fchlen.<\/p>\n<p data-start=\"491\" data-end=\"523\"><strong data-start=\"491\" data-end=\"523\">Warum sollten Sie sich f\u00fcr den Kinvara 16 entscheiden?<\/strong><\/p>\n<ul data-start=\"525\" data-end=\"1264\">\n<li data-start=\"525\" data-end=\"717\">\n<p data-start=\"527\" data-end=\"717\">&nbsp;<strong data-start=\"529\" data-end=\"557\">Reaktionsfreudige D\u00e4mpfung<\/strong>: Die neue <strong data-start=\"579\" data-end=\"589\">PWRRUN<\/strong>-Mischung sorgt f\u00fcr eine h\u00f6here Energier\u00fcckgabe und eine bessere Widerstandsf\u00e4higkeit gegen den t\u00e4glichen Verschlei\u00df, sodass du dein Tempo mit Zuversicht steigern kannst.\n<\/p>\n<\/li>\n<li data-start=\"718\" data-end=\"908\">\n<p data-start=\"720\" data-end=\"908\">&nbsp;<strong data-start=\"722\" data-end=\"744\">Fl\u00fcssiger \u00dcbergang<\/strong>: Die \u00fcberarbeitete Geometrie mit einer niedrigeren Seitenwand und einem geraderen Mittelteil begleitet den Fu\u00df in einem nat\u00fcrlichen und bequemen Abrollverhalten, auch wenn du das Tempo erh\u00f6hst.\n<\/p>\n<\/li>\n<li data-start=\"909\" data-end=\"1071\">\n<p data-start=\"911\" data-end=\"1071\">&nbsp;<strong data-start=\"913\" data-end=\"935\">Sofortiger Komfort<\/strong>: Die <strong data-start=\"948\" data-end=\"955\">SRS<\/strong>-Einlegesohle bietet einen noch nie dagewesenen weichen Halt, reduziert Erm\u00fcdungserscheinungen und verbessert das Gef\u00fchl bei jedem Schritt.\n<\/p>\n<\/li>\n<li data-start=\"1072\" data-end=\"1264\">\n<p data-start=\"1074\" data-end=\"1264\">&nbsp;<strong data-start=\"1076\" data-end=\"1108\">Sicherer und atmungsaktiver Sitz<\/strong>: Das leichte Mesh-Obermaterial h\u00e4lt die F\u00fc\u00dfe k\u00fchl und trocken, w\u00e4hrend die 3D-geformte Fersenkappe f\u00fcr Stabilit\u00e4t und eine pr\u00e4zise Passform sorgt.\n<\/p>\n<\/li>\n<\/ul>\n<p data-start=\"1266\" data-end=\"1323\"><strong data-start=\"1266\" data-end=\"1323\">Entwickelt f\u00fcr alle, die jeden Tag ihr Bestes geben wollen.<\/strong><\/p>\n<p data-start=\"1325\" data-end=\"1536\">Mit einem <strong data-start=\"1332\" data-end=\"1350\">4-mm-Sprengung<\/strong> (29\/25 mm) und einem Gewicht von nur <strong data-start=\"1380\" data-end=\"1389\">206 g<\/strong> ist der <strong data-start=\"1391\" data-end=\"1405\">Kinvara 16<\/strong> der perfekte Begleiter f\u00fcr deine t\u00e4glichen L\u00e4ufe. Er ist leicht und reaktionsfreudig, ohne dabei auf sch\u00fctzende D\u00e4mpfung zu verzichten. <\/p>\n<p data-start=\"1538\" data-end=\"1661\">&nbsp;<strong data-start=\"1541\" data-end=\"1558\">Nachhaltigkeit<\/strong>: Dieses Modell ist vegan und aus recycelten Materialien hergestellt, damit du umweltfreundlich laufen kannst.<\/p>\n<p data-start=\"1663\" data-end=\"1685\">&nbsp;<strong data-start=\"1666\" data-end=\"1682\">Perfekt f\u00fcr<\/strong>:<\/p>\n<ul data-start=\"1686\" data-end=\"1776\">\n<li data-start=\"1686\" data-end=\"1707\">\n<p data-start=\"1688\" data-end=\"1707\">T\u00e4gliche L\u00e4ufe<\/p>\n<\/li>\n<li data-start=\"1708\" data-end=\"1730\">\n<p data-start=\"1710\" data-end=\"1730\">Schnelle Trainingseinheiten<\/p>\n<\/li>\n<li data-start=\"1731\" data-end=\"1776\">\n<p data-start=\"1733\" data-end=\"1776\">L\u00e4ufer, die Leichtigkeit und Geschwindigkeit suchen<\/p>\n<\/li>\n<\/ul>\n<p><\/div><\/div><\/div>\n","protected":false},"excerpt":{"rendered":"<ul>\n<li>Leichter, schneller und reaktionsfreudiger Laufschuh.<\/li>\n<li>Ideal f\u00fcr L\u00e4ufer, die schnell laufen und \u00fcber sich hinauswachsen wollen.<\/li>\n<\/ul>\n","protected":false},"featured_media":333247,"template":"","meta":{"_acf_changed":false,"inline_featured_image":false},"product_brand":[],"product_cat":[6474,6475],"product_tag":[3391,33804],"class_list":{"0":"post-321595","1":"product","2":"type-product","3":"status-publish","4":"has-post-thumbnail","6":"product_cat-damenschuhe","7":"product_cat-neutral","8":"product_tag-saucony-de","9":"product_tag-saucony-donna-de","10":"pa_attivita-fitness-de","11":"pa_attivita-gehen","12":"pa_attivita-running-de","13":"pa_colore-kinvara-16-w-black-white-de","14":"pa_colore-kinvara-16-w-white-aqua","15":"pa_colore-kinvara-16-w-white-black-de","16":"pa_colore-kinvara-16-w-white-navy","17":"pa_marca-saucony-de","18":"pa_sesso-damen","19":"pa_size-38-de","20":"pa_size-38-5-de","21":"pa_size-39-de","22":"pa_size-40-de","23":"pa_size-40-5-de","24":"pa_size-41-de","26":"first","27":"instock","28":"sale","29":"taxable","30":"shipping-taxable","31":"purchasable","32":"product-type-variable","33":"wvs-archive-product-wrapper"},"acf":[],"yoast_head":"<!-- This site is optimized with the Yoast SEO plugin v26.8 - https:\/\/yoast.com\/product\/yoast-seo-wordpress\/ -->\n<title>Saucony Kinvara 16 damen - Laufschuhe f\u00fcr Damen - MioMioRun<\/title>\n<meta name=\"description\" content=\"Kinvara 16: ultraleichter und reaktionsfreudiger Laufschuh mit PWRRUN, aktualisierter Geometrie und SRS-Einlegesohle. Komfort und Geschwindigkeit f\u00fcr deine t\u00e4glichen L\u00e4ufe.\" \/>\n<meta name=\"robots\" content=\"index, follow, max-snippet:-1, max-image-preview:large, max-video-preview:-1\" \/>\n<link rel=\"canonical\" href=\"https:\/\/www.miomiorun.com\/de\/produkt\/kinvara-16-damen\/\" \/>\n<meta property=\"og:locale\" content=\"de_DE\" \/>\n<meta property=\"og:type\" content=\"article\" \/>\n<meta property=\"og:title\" content=\"Saucony Kinvara 16 damen - Laufschuhe f\u00fcr Damen - MioMioRun\" \/>\n<meta property=\"og:description\" content=\"Kinvara 16: ultraleichter und reaktionsfreudiger Laufschuh mit PWRRUN, aktualisierter Geometrie und SRS-Einlegesohle. Komfort und Geschwindigkeit f\u00fcr deine t\u00e4glichen L\u00e4ufe.\" \/>\n<meta property=\"og:url\" content=\"https:\/\/www.miomiorun.com\/de\/produkt\/kinvara-16-damen\/\" \/>\n<meta property=\"og:site_name\" content=\"MioMioRun\" \/>\n<meta property=\"article:publisher\" content=\"https:\/\/www.facebook.com\/miomiorun\/\" \/>\n<meta property=\"article:modified_time\" content=\"2026-05-09T07:58:31+00:00\" \/>\n<meta property=\"og:image\" content=\"https:\/\/www.miomiorun.com\/app\/uploads\/2025\/08\/saucony-Kinvara-16-W-white-black-S11020-02.webp\" \/>\n\t<meta property=\"og:image:width\" content=\"600\" \/>\n\t<meta property=\"og:image:height\" content=\"600\" \/>\n\t<meta property=\"og:image:type\" content=\"image\/webp\" \/>\n<meta name=\"twitter:card\" content=\"summary_large_image\" \/>\n<meta name=\"twitter:label1\" content=\"Est. reading time\" \/>\n\t<meta name=\"twitter:data1\" content=\"2 minutes\" \/>\n<script type=\"application\/ld+json\" class=\"yoast-schema-graph\">{\"@context\":\"https:\/\/schema.org\",\"@graph\":[{\"@type\":\"WebPage\",\"@id\":\"https:\/\/www.miomiorun.com\/de\/produkt\/kinvara-16-damen\/\",\"url\":\"https:\/\/www.miomiorun.com\/de\/produkt\/kinvara-16-damen\/\",\"name\":\"Saucony Kinvara 16 damen - Laufschuhe f\u00fcr Damen - MioMioRun\",\"isPartOf\":{\"@id\":\"https:\/\/www.miomiorun.com\/de\/#website\"},\"primaryImageOfPage\":{\"@id\":\"https:\/\/www.miomiorun.com\/de\/produkt\/kinvara-16-damen\/#primaryimage\"},\"image\":{\"@id\":\"https:\/\/www.miomiorun.com\/de\/produkt\/kinvara-16-damen\/#primaryimage\"},\"thumbnailUrl\":\"https:\/\/www.miomiorun.com\/app\/uploads\/2025\/08\/saucony-Kinvara-16-W-white-black-S11020-02.webp\",\"datePublished\":\"2025-06-26T17:23:45+00:00\",\"dateModified\":\"2026-05-09T07:58:31+00:00\",\"description\":\"Kinvara 16: ultraleichter und reaktionsfreudiger Laufschuh mit PWRRUN, aktualisierter Geometrie und SRS-Einlegesohle. Komfort und Geschwindigkeit f\u00fcr deine t\u00e4glichen L\u00e4ufe.\",\"breadcrumb\":{\"@id\":\"https:\/\/www.miomiorun.com\/de\/produkt\/kinvara-16-damen\/#breadcrumb\"},\"inLanguage\":\"de-DE\",\"potentialAction\":[{\"@type\":\"ReadAction\",\"target\":[\"https:\/\/www.miomiorun.com\/de\/produkt\/kinvara-16-damen\/\"]}]},{\"@type\":\"ImageObject\",\"inLanguage\":\"de-DE\",\"@id\":\"https:\/\/www.miomiorun.com\/de\/produkt\/kinvara-16-damen\/#primaryimage\",\"url\":\"https:\/\/www.miomiorun.com\/app\/uploads\/2025\/08\/saucony-Kinvara-16-W-white-black-S11020-02.webp\",\"contentUrl\":\"https:\/\/www.miomiorun.com\/app\/uploads\/2025\/08\/saucony-Kinvara-16-W-white-black-S11020-02.webp\",\"width\":600,\"height\":600,\"caption\":\"saucony Kinvara 16 W white black S11020-02\"},{\"@type\":\"BreadcrumbList\",\"@id\":\"https:\/\/www.miomiorun.com\/de\/produkt\/kinvara-16-damen\/#breadcrumb\",\"itemListElement\":[{\"@type\":\"ListItem\",\"position\":1,\"name\":\"Home\",\"item\":\"https:\/\/www.miomiorun.com\/de\/\"},{\"@type\":\"ListItem\",\"position\":2,\"name\":\"Shop\",\"item\":\"https:\/\/www.miomiorun.com\/shop\/\"},{\"@type\":\"ListItem\",\"position\":3,\"name\":\"Kinvara 16 damen\"}]},{\"@type\":\"WebSite\",\"@id\":\"https:\/\/www.miomiorun.com\/de\/#website\",\"url\":\"https:\/\/www.miomiorun.com\/de\/\",\"name\":\"MioMioRun\",\"description\":\"100% Lauf- und Trailshop\",\"publisher\":{\"@id\":\"https:\/\/www.miomiorun.com\/de\/#organization\"},\"potentialAction\":[{\"@type\":\"SearchAction\",\"target\":{\"@type\":\"EntryPoint\",\"urlTemplate\":\"https:\/\/www.miomiorun.com\/de\/?s={search_term_string}\"},\"query-input\":{\"@type\":\"PropertyValueSpecification\",\"valueRequired\":true,\"valueName\":\"search_term_string\"}}],\"inLanguage\":\"de-DE\"},{\"@type\":\"Organization\",\"@id\":\"https:\/\/www.miomiorun.com\/de\/#organization\",\"name\":\"MioMio Run\",\"url\":\"https:\/\/www.miomiorun.com\/de\/\",\"logo\":{\"@type\":\"ImageObject\",\"inLanguage\":\"de-DE\",\"@id\":\"https:\/\/www.miomiorun.com\/de\/#\/schema\/logo\/image\/\",\"url\":\"https:\/\/www.miomiorun.com\/app\/uploads\/2019\/12\/logomio.png\",\"contentUrl\":\"https:\/\/www.miomiorun.com\/app\/uploads\/2019\/12\/logomio.png\",\"width\":115,\"height\":82,\"caption\":\"MioMio Run\"},\"image\":{\"@id\":\"https:\/\/www.miomiorun.com\/de\/#\/schema\/logo\/image\/\"},\"sameAs\":[\"https:\/\/www.facebook.com\/miomiorun\/\",\"https:\/\/www.instagram.com\/miomiorun\/\"]}]}<\/script>\n<!-- \/ Yoast SEO plugin. -->","yoast_head_json":{"title":"Saucony Kinvara 16 damen - Laufschuhe f\u00fcr Damen - MioMioRun","description":"Kinvara 16: ultraleichter und reaktionsfreudiger Laufschuh mit PWRRUN, aktualisierter Geometrie und SRS-Einlegesohle. Komfort und Geschwindigkeit f\u00fcr deine t\u00e4glichen L\u00e4ufe.","robots":{"index":"index","follow":"follow","max-snippet":"max-snippet:-1","max-image-preview":"max-image-preview:large","max-video-preview":"max-video-preview:-1"},"canonical":"https:\/\/www.miomiorun.com\/de\/produkt\/kinvara-16-damen\/","og_locale":"de_DE","og_type":"article","og_title":"Saucony Kinvara 16 damen - Laufschuhe f\u00fcr Damen - MioMioRun","og_description":"Kinvara 16: ultraleichter und reaktionsfreudiger Laufschuh mit PWRRUN, aktualisierter Geometrie und SRS-Einlegesohle. Komfort und Geschwindigkeit f\u00fcr deine t\u00e4glichen L\u00e4ufe.","og_url":"https:\/\/www.miomiorun.com\/de\/produkt\/kinvara-16-damen\/","og_site_name":"MioMioRun","article_publisher":"https:\/\/www.facebook.com\/miomiorun\/","article_modified_time":"2026-05-09T07:58:31+00:00","og_image":[{"width":600,"height":600,"url":"https:\/\/www.miomiorun.com\/app\/uploads\/2025\/08\/saucony-Kinvara-16-W-white-black-S11020-02.webp","type":"image\/webp"}],"twitter_card":"summary_large_image","twitter_misc":{"Est. reading time":"2 minutes"},"schema":{"@context":"https:\/\/schema.org","@graph":[{"@type":"WebPage","@id":"https:\/\/www.miomiorun.com\/de\/produkt\/kinvara-16-damen\/","url":"https:\/\/www.miomiorun.com\/de\/produkt\/kinvara-16-damen\/","name":"Saucony Kinvara 16 damen - Laufschuhe f\u00fcr Damen - MioMioRun","isPartOf":{"@id":"https:\/\/www.miomiorun.com\/de\/#website"},"primaryImageOfPage":{"@id":"https:\/\/www.miomiorun.com\/de\/produkt\/kinvara-16-damen\/#primaryimage"},"image":{"@id":"https:\/\/www.miomiorun.com\/de\/produkt\/kinvara-16-damen\/#primaryimage"},"thumbnailUrl":"https:\/\/www.miomiorun.com\/app\/uploads\/2025\/08\/saucony-Kinvara-16-W-white-black-S11020-02.webp","datePublished":"2025-06-26T17:23:45+00:00","dateModified":"2026-05-09T07:58:31+00:00","description":"Kinvara 16: ultraleichter und reaktionsfreudiger Laufschuh mit PWRRUN, aktualisierter Geometrie und SRS-Einlegesohle. Komfort und Geschwindigkeit f\u00fcr deine t\u00e4glichen L\u00e4ufe.","breadcrumb":{"@id":"https:\/\/www.miomiorun.com\/de\/produkt\/kinvara-16-damen\/#breadcrumb"},"inLanguage":"de-DE","potentialAction":[{"@type":"ReadAction","target":["https:\/\/www.miomiorun.com\/de\/produkt\/kinvara-16-damen\/"]}]},{"@type":"ImageObject","inLanguage":"de-DE","@id":"https:\/\/www.miomiorun.com\/de\/produkt\/kinvara-16-damen\/#primaryimage","url":"https:\/\/www.miomiorun.com\/app\/uploads\/2025\/08\/saucony-Kinvara-16-W-white-black-S11020-02.webp","contentUrl":"https:\/\/www.miomiorun.com\/app\/uploads\/2025\/08\/saucony-Kinvara-16-W-white-black-S11020-02.webp","width":600,"height":600,"caption":"saucony Kinvara 16 W white black S11020-02"},{"@type":"BreadcrumbList","@id":"https:\/\/www.miomiorun.com\/de\/produkt\/kinvara-16-damen\/#breadcrumb","itemListElement":[{"@type":"ListItem","position":1,"name":"Home","item":"https:\/\/www.miomiorun.com\/de\/"},{"@type":"ListItem","position":2,"name":"Shop","item":"https:\/\/www.miomiorun.com\/shop\/"},{"@type":"ListItem","position":3,"name":"Kinvara 16 damen"}]},{"@type":"WebSite","@id":"https:\/\/www.miomiorun.com\/de\/#website","url":"https:\/\/www.miomiorun.com\/de\/","name":"MioMioRun","description":"100% Lauf- und Trailshop","publisher":{"@id":"https:\/\/www.miomiorun.com\/de\/#organization"},"potentialAction":[{"@type":"SearchAction","target":{"@type":"EntryPoint","urlTemplate":"https:\/\/www.miomiorun.com\/de\/?s={search_term_string}"},"query-input":{"@type":"PropertyValueSpecification","valueRequired":true,"valueName":"search_term_string"}}],"inLanguage":"de-DE"},{"@type":"Organization","@id":"https:\/\/www.miomiorun.com\/de\/#organization","name":"MioMio Run","url":"https:\/\/www.miomiorun.com\/de\/","logo":{"@type":"ImageObject","inLanguage":"de-DE","@id":"https:\/\/www.miomiorun.com\/de\/#\/schema\/logo\/image\/","url":"https:\/\/www.miomiorun.com\/app\/uploads\/2019\/12\/logomio.png","contentUrl":"https:\/\/www.miomiorun.com\/app\/uploads\/2019\/12\/logomio.png","width":115,"height":82,"caption":"MioMio Run"},"image":{"@id":"https:\/\/www.miomiorun.com\/de\/#\/schema\/logo\/image\/"},"sameAs":["https:\/\/www.facebook.com\/miomiorun\/","https:\/\/www.instagram.com\/miomiorun\/"]}]}},"_links":{"self":[{"href":"https:\/\/www.miomiorun.com\/de\/wp-json\/wp\/v2\/product\/321595","targetHints":{"allow":["GET"]}}],"collection":[{"href":"https:\/\/www.miomiorun.com\/de\/wp-json\/wp\/v2\/product"}],"about":[{"href":"https:\/\/www.miomiorun.com\/de\/wp-json\/wp\/v2\/types\/product"}],"wp:featuredmedia":[{"embeddable":true,"href":"https:\/\/www.miomiorun.com\/de\/wp-json\/wp\/v2\/media\/333247"}],"wp:attachment":[{"href":"https:\/\/www.miomiorun.com\/de\/wp-json\/wp\/v2\/media?parent=321595"}],"wp:term":[{"taxonomy":"product_brand","embeddable":true,"href":"https:\/\/www.miomiorun.com\/de\/wp-json\/wp\/v2\/product_brand?post=321595"},{"taxonomy":"product_cat","embeddable":true,"href":"https:\/\/www.miomiorun.com\/de\/wp-json\/wp\/v2\/product_cat?post=321595"},{"taxonomy":"product_tag","embeddable":true,"href":"https:\/\/www.miomiorun.com\/de\/wp-json\/wp\/v2\/product_tag?post=321595"}],"curies":[{"name":"wp","href":"https:\/\/api.w.org\/{rel}","templated":true}]}}