{"id":320989,"date":"2025-06-26T17:27:24","date_gmt":"2025-06-26T15:27:24","guid":{"rendered":"https:\/\/miomiorun.com\/?post_type=product&#038;p=320989"},"modified":"2026-04-20T18:17:56","modified_gmt":"2026-04-20T16:17:56","slug":"endorphin-speed-5-herren","status":"publish","type":"product","link":"https:\/\/www.miomiorun.com\/de\/produkt\/endorphin-speed-5-herren\/","title":{"rendered":"Endorphin Speed 5 herren"},"content":{"rendered":"<table style=\"border-collapse: collapse;width: 100%\">\n<tbody>\n<tr>\n<td style=\"width: 33.3333%;vertical-align: top;text-align: center\">\n<h4>Technische Daten<\/h4>\n<p>Kategorie: Mittlere D\u00e4mpfung<br \/>\nOffset: 8 mm (36 mm\/28 mm)<br \/>\nGewicht: 237 g<br \/>\nIdeal f\u00fcr: Fortgeschrittene L\u00e4ufer, die sowohl Leistung als auch Laufkomfort suchen, um gute Ergebnisse im Wettkampf oder beim Training zu erzielen.<br \/>\nGewicht des Athleten: 55-75 kg<br \/>\nLaufgeschwindigkeit: schnell (&gt;4,30 min\/km)<br \/>\n<a href=\"https:\/\/miomiorun.com\/guida-alle-specifiche-tecniche\/\">Leitfaden zu den technischen Daten<\/a><\/td>\n<td style=\"width: 66.6666%;vertical-align: top;text-align: center\">\n<p data-start=\"197\" data-end=\"467\">&nbsp;<strong data-start=\"203\" data-end=\"253\">Es ist der Tag des Laufs. \u00dcbertreffe deine Grenzen.<\/strong><br data-start=\"253\" data-end=\"256\">Bist du bereit, dein Bestes zu geben? Unsere neuen Laufschuhe wurden entwickelt, um dir bei jedem Lauf <strong data-start=\"348\" data-end=\"371\">hohe Leistung<\/strong> zu bieten, egal ob du einen neuen Rekord anstrebst oder dein t\u00e4gliches Training absolvierst.<\/p>\n<p data-start=\"469\" data-end=\"682\">&nbsp;<strong data-start=\"472\" data-end=\"496\">SPEEDROLL-Technologie<\/strong><br data-start=\"496\" data-end=\"499\">Jeder Schritt bringt dich voran. Die spezielle SPEEDROLL-Geometrie sorgt f\u00fcr einen fl\u00fcssigen und kontinuierlichen \u00dcbergang und wandelt Energie in nat\u00fcrliche Geschwindigkeit um \u2013 mit weniger Anstrengung und mehr Schubkraft.<\/p>\n<p data-start=\"684\" data-end=\"703\">&nbsp;<strong data-start=\"687\" data-end=\"703\">Highlights:<\/strong><\/p>\n<p data-start=\"705\" data-end=\"930\">&nbsp;<strong data-start=\"707\" data-end=\"736\">F\u00fcr Geschwindigkeit gemacht<\/strong><br data-start=\"736\" data-end=\"739\">Dank des neuen ultraleichten Mesh-Materials bieten diese Schuhe eine bequeme und atmungsaktive Passform. Perfekt f\u00fcr intensive L\u00e4ufe, aber auch f\u00fcr einen leichten Start in den Tag.<br \/>\nOptimierte Sohle f\u00fcr jedes Gel\u00e4nde Die Sohle wurde mit einer verl\u00e4ngerten Fersenabdeckung neu gestaltet, um bei schnellen L\u00e4ufen zus\u00e4tzliche Widerstandsf\u00e4higkeit zu bieten. Der <strong data-start=\"1102\" data-end=\"1132\">durchgehende Grip<\/strong> verbessert die Traktion und den nat\u00fcrlichen Schrittzyklus.<\/p>\n<p data-start=\"1186\" data-end=\"1422\">&nbsp;<strong data-start=\"1188\" data-end=\"1219\">Reaktionsfreudiger Lauf wie nie zuvor<\/strong><br data-start=\"1219\" data-end=\"1222\"><\/p>\n<p data-start=\"1424\" data-end=\"1588\">&nbsp; <strong data-start=\"1426\" data-end=\"1457\">Unterbrechungsfreie Fl\u00fcssigkeit<\/strong><br data-start=\"1457\" data-end=\"1460\">Der integrale Grip begleitet Sie in jeder Phase des Laufs und sorgt f\u00fcr <strong data-start=\"1532\" data-end=\"1558\">fl\u00fcssigere<\/strong> und nat\u00fcrlichere \u00dcberg\u00e4nge, Schritt f\u00fcr Schritt.\n<\/p>\n<\/p>\n<\/p>\n<\/td>\n<\/tr>\n<\/tbody>\n<\/table>\n<p>&nbsp;<\/p>\n","protected":false},"excerpt":{"rendered":"<div>\n<ul>\n<li>Ein Schuh, mit dem du schneller laufen kannst.<\/li>\n<li>Ideal f\u00fcr dein Training und deine Wettk\u00e4mpfe.<\/li>\n<\/ul>\n<\/div>\n","protected":false},"featured_media":387069,"template":"","meta":{"_acf_changed":false,"inline_featured_image":false},"product_brand":[],"product_cat":[6507,6506],"product_tag":[3391,6311],"class_list":{"0":"post-320989","1":"product","2":"type-product","3":"status-publish","4":"has-post-thumbnail","6":"product_cat-herren-schuhe-de","7":"product_cat-neutrale-herren-schuhe-de","8":"product_tag-saucony-de","9":"product_tag-saucony-herren-de","10":"pa_attivita-running-de","11":"pa_colore-endorphin-speed-5-black-white-de","12":"pa_colore-endorphin-speed-5-citron-lapis-de","13":"pa_colore-endorphin-speed-5-shock-black-de","14":"pa_colore-endorphin-speed-5-white-citron-de","15":"pa_colore-endorphin-speed-5-white-nightsky","16":"pa_marca-saucony-de","17":"pa_sesso-herren","18":"pa_size-41-de","19":"pa_size-42-de","20":"pa_size-42-5-de","21":"pa_size-43-de","22":"pa_size-44-de","23":"pa_size-44-5-de","24":"pa_size-45-de","25":"pa_size-46-de","27":"first","28":"instock","29":"sale","30":"taxable","31":"shipping-taxable","32":"purchasable","33":"product-type-variable","34":"wvs-archive-product-wrapper"},"acf":[],"yoast_head":"<!-- This site is optimized with the Yoast SEO plugin v26.8 - https:\/\/yoast.com\/product\/yoast-seo-wordpress\/ -->\n<title>Saucony Endorphin Speed 5 herren - Laufschuhe - MioMioRun<\/title>\n<meta name=\"description\" content=\"Leichte und reaktionsfreudige Laufschuhe mit Nylonplatte und SPEEDROLL-Technologie. Ideal f\u00fcr schnelle L\u00e4ufe und das t\u00e4gliche Training. Maximaler Antrieb und Grip.\" \/>\n<meta name=\"robots\" content=\"index, follow, max-snippet:-1, max-image-preview:large, max-video-preview:-1\" \/>\n<link rel=\"canonical\" href=\"https:\/\/www.miomiorun.com\/de\/produkt\/endorphin-speed-5-herren\/\" \/>\n<meta property=\"og:locale\" content=\"de_DE\" \/>\n<meta property=\"og:type\" content=\"article\" \/>\n<meta property=\"og:title\" content=\"Saucony Endorphin Speed 5 herren - Laufschuhe - MioMioRun\" \/>\n<meta property=\"og:description\" content=\"Leichte und reaktionsfreudige Laufschuhe mit Nylonplatte und SPEEDROLL-Technologie. Ideal f\u00fcr schnelle L\u00e4ufe und das t\u00e4gliche Training. Maximaler Antrieb und Grip.\" \/>\n<meta property=\"og:url\" content=\"https:\/\/www.miomiorun.com\/de\/produkt\/endorphin-speed-5-herren\/\" \/>\n<meta property=\"og:site_name\" content=\"MioMioRun\" \/>\n<meta property=\"article:publisher\" content=\"https:\/\/www.facebook.com\/miomiorun\/\" \/>\n<meta property=\"article:modified_time\" content=\"2026-04-20T16:17:56+00:00\" \/>\n<meta property=\"og:image\" content=\"https:\/\/www.miomiorun.com\/app\/uploads\/2026\/01\/saucony-Endorphin-Speed-5-ivory-fire-S21007-142.webp\" \/>\n\t<meta property=\"og:image:width\" content=\"720\" \/>\n\t<meta property=\"og:image:height\" content=\"720\" \/>\n\t<meta property=\"og:image:type\" content=\"image\/webp\" \/>\n<meta name=\"twitter:card\" content=\"summary_large_image\" \/>\n<meta name=\"twitter:label1\" content=\"Est. reading time\" \/>\n\t<meta name=\"twitter:data1\" content=\"2 minutes\" \/>\n<script type=\"application\/ld+json\" class=\"yoast-schema-graph\">{\"@context\":\"https:\/\/schema.org\",\"@graph\":[{\"@type\":\"WebPage\",\"@id\":\"https:\/\/www.miomiorun.com\/de\/produkt\/endorphin-speed-5-herren\/\",\"url\":\"https:\/\/www.miomiorun.com\/de\/produkt\/endorphin-speed-5-herren\/\",\"name\":\"Saucony Endorphin Speed 5 herren - Laufschuhe - MioMioRun\",\"isPartOf\":{\"@id\":\"https:\/\/www.miomiorun.com\/de\/#website\"},\"primaryImageOfPage\":{\"@id\":\"https:\/\/www.miomiorun.com\/de\/produkt\/endorphin-speed-5-herren\/#primaryimage\"},\"image\":{\"@id\":\"https:\/\/www.miomiorun.com\/de\/produkt\/endorphin-speed-5-herren\/#primaryimage\"},\"thumbnailUrl\":\"https:\/\/www.miomiorun.com\/app\/uploads\/2026\/01\/saucony-Endorphin-Speed-5-ivory-fire-S21007-142.webp\",\"datePublished\":\"2025-06-26T15:27:24+00:00\",\"dateModified\":\"2026-04-20T16:17:56+00:00\",\"description\":\"Leichte und reaktionsfreudige Laufschuhe mit Nylonplatte und SPEEDROLL-Technologie. Ideal f\u00fcr schnelle L\u00e4ufe und das t\u00e4gliche Training. Maximaler Antrieb und Grip.\",\"breadcrumb\":{\"@id\":\"https:\/\/www.miomiorun.com\/de\/produkt\/endorphin-speed-5-herren\/#breadcrumb\"},\"inLanguage\":\"de-DE\",\"potentialAction\":[{\"@type\":\"ReadAction\",\"target\":[\"https:\/\/www.miomiorun.com\/de\/produkt\/endorphin-speed-5-herren\/\"]}]},{\"@type\":\"ImageObject\",\"inLanguage\":\"de-DE\",\"@id\":\"https:\/\/www.miomiorun.com\/de\/produkt\/endorphin-speed-5-herren\/#primaryimage\",\"url\":\"https:\/\/www.miomiorun.com\/app\/uploads\/2026\/01\/saucony-Endorphin-Speed-5-ivory-fire-S21007-142.webp\",\"contentUrl\":\"https:\/\/www.miomiorun.com\/app\/uploads\/2026\/01\/saucony-Endorphin-Speed-5-ivory-fire-S21007-142.webp\",\"width\":720,\"height\":720,\"caption\":\"saucony Endorphin Speed 5 ivory fire S21007-142\"},{\"@type\":\"BreadcrumbList\",\"@id\":\"https:\/\/www.miomiorun.com\/de\/produkt\/endorphin-speed-5-herren\/#breadcrumb\",\"itemListElement\":[{\"@type\":\"ListItem\",\"position\":1,\"name\":\"Home\",\"item\":\"https:\/\/www.miomiorun.com\/de\/\"},{\"@type\":\"ListItem\",\"position\":2,\"name\":\"Shop\",\"item\":\"https:\/\/www.miomiorun.com\/shop\/\"},{\"@type\":\"ListItem\",\"position\":3,\"name\":\"Endorphin Speed 5 herren\"}]},{\"@type\":\"WebSite\",\"@id\":\"https:\/\/www.miomiorun.com\/de\/#website\",\"url\":\"https:\/\/www.miomiorun.com\/de\/\",\"name\":\"MioMioRun\",\"description\":\"100% Lauf- und Trailshop\",\"publisher\":{\"@id\":\"https:\/\/www.miomiorun.com\/de\/#organization\"},\"potentialAction\":[{\"@type\":\"SearchAction\",\"target\":{\"@type\":\"EntryPoint\",\"urlTemplate\":\"https:\/\/www.miomiorun.com\/de\/?s={search_term_string}\"},\"query-input\":{\"@type\":\"PropertyValueSpecification\",\"valueRequired\":true,\"valueName\":\"search_term_string\"}}],\"inLanguage\":\"de-DE\"},{\"@type\":\"Organization\",\"@id\":\"https:\/\/www.miomiorun.com\/de\/#organization\",\"name\":\"MioMio Run\",\"url\":\"https:\/\/www.miomiorun.com\/de\/\",\"logo\":{\"@type\":\"ImageObject\",\"inLanguage\":\"de-DE\",\"@id\":\"https:\/\/www.miomiorun.com\/de\/#\/schema\/logo\/image\/\",\"url\":\"https:\/\/www.miomiorun.com\/app\/uploads\/2019\/12\/logomio.png\",\"contentUrl\":\"https:\/\/www.miomiorun.com\/app\/uploads\/2019\/12\/logomio.png\",\"width\":115,\"height\":82,\"caption\":\"MioMio Run\"},\"image\":{\"@id\":\"https:\/\/www.miomiorun.com\/de\/#\/schema\/logo\/image\/\"},\"sameAs\":[\"https:\/\/www.facebook.com\/miomiorun\/\",\"https:\/\/www.instagram.com\/miomiorun\/\"]}]}<\/script>\n<!-- \/ Yoast SEO plugin. -->","yoast_head_json":{"title":"Saucony Endorphin Speed 5 herren - Laufschuhe - MioMioRun","description":"Leichte und reaktionsfreudige Laufschuhe mit Nylonplatte und SPEEDROLL-Technologie. Ideal f\u00fcr schnelle L\u00e4ufe und das t\u00e4gliche Training. Maximaler Antrieb und Grip.","robots":{"index":"index","follow":"follow","max-snippet":"max-snippet:-1","max-image-preview":"max-image-preview:large","max-video-preview":"max-video-preview:-1"},"canonical":"https:\/\/www.miomiorun.com\/de\/produkt\/endorphin-speed-5-herren\/","og_locale":"de_DE","og_type":"article","og_title":"Saucony Endorphin Speed 5 herren - Laufschuhe - MioMioRun","og_description":"Leichte und reaktionsfreudige Laufschuhe mit Nylonplatte und SPEEDROLL-Technologie. Ideal f\u00fcr schnelle L\u00e4ufe und das t\u00e4gliche Training. Maximaler Antrieb und Grip.","og_url":"https:\/\/www.miomiorun.com\/de\/produkt\/endorphin-speed-5-herren\/","og_site_name":"MioMioRun","article_publisher":"https:\/\/www.facebook.com\/miomiorun\/","article_modified_time":"2026-04-20T16:17:56+00:00","og_image":[{"width":720,"height":720,"url":"https:\/\/www.miomiorun.com\/app\/uploads\/2026\/01\/saucony-Endorphin-Speed-5-ivory-fire-S21007-142.webp","type":"image\/webp"}],"twitter_card":"summary_large_image","twitter_misc":{"Est. reading time":"2 minutes"},"schema":{"@context":"https:\/\/schema.org","@graph":[{"@type":"WebPage","@id":"https:\/\/www.miomiorun.com\/de\/produkt\/endorphin-speed-5-herren\/","url":"https:\/\/www.miomiorun.com\/de\/produkt\/endorphin-speed-5-herren\/","name":"Saucony Endorphin Speed 5 herren - Laufschuhe - MioMioRun","isPartOf":{"@id":"https:\/\/www.miomiorun.com\/de\/#website"},"primaryImageOfPage":{"@id":"https:\/\/www.miomiorun.com\/de\/produkt\/endorphin-speed-5-herren\/#primaryimage"},"image":{"@id":"https:\/\/www.miomiorun.com\/de\/produkt\/endorphin-speed-5-herren\/#primaryimage"},"thumbnailUrl":"https:\/\/www.miomiorun.com\/app\/uploads\/2026\/01\/saucony-Endorphin-Speed-5-ivory-fire-S21007-142.webp","datePublished":"2025-06-26T15:27:24+00:00","dateModified":"2026-04-20T16:17:56+00:00","description":"Leichte und reaktionsfreudige Laufschuhe mit Nylonplatte und SPEEDROLL-Technologie. Ideal f\u00fcr schnelle L\u00e4ufe und das t\u00e4gliche Training. Maximaler Antrieb und Grip.","breadcrumb":{"@id":"https:\/\/www.miomiorun.com\/de\/produkt\/endorphin-speed-5-herren\/#breadcrumb"},"inLanguage":"de-DE","potentialAction":[{"@type":"ReadAction","target":["https:\/\/www.miomiorun.com\/de\/produkt\/endorphin-speed-5-herren\/"]}]},{"@type":"ImageObject","inLanguage":"de-DE","@id":"https:\/\/www.miomiorun.com\/de\/produkt\/endorphin-speed-5-herren\/#primaryimage","url":"https:\/\/www.miomiorun.com\/app\/uploads\/2026\/01\/saucony-Endorphin-Speed-5-ivory-fire-S21007-142.webp","contentUrl":"https:\/\/www.miomiorun.com\/app\/uploads\/2026\/01\/saucony-Endorphin-Speed-5-ivory-fire-S21007-142.webp","width":720,"height":720,"caption":"saucony Endorphin Speed 5 ivory fire S21007-142"},{"@type":"BreadcrumbList","@id":"https:\/\/www.miomiorun.com\/de\/produkt\/endorphin-speed-5-herren\/#breadcrumb","itemListElement":[{"@type":"ListItem","position":1,"name":"Home","item":"https:\/\/www.miomiorun.com\/de\/"},{"@type":"ListItem","position":2,"name":"Shop","item":"https:\/\/www.miomiorun.com\/shop\/"},{"@type":"ListItem","position":3,"name":"Endorphin Speed 5 herren"}]},{"@type":"WebSite","@id":"https:\/\/www.miomiorun.com\/de\/#website","url":"https:\/\/www.miomiorun.com\/de\/","name":"MioMioRun","description":"100% Lauf- und Trailshop","publisher":{"@id":"https:\/\/www.miomiorun.com\/de\/#organization"},"potentialAction":[{"@type":"SearchAction","target":{"@type":"EntryPoint","urlTemplate":"https:\/\/www.miomiorun.com\/de\/?s={search_term_string}"},"query-input":{"@type":"PropertyValueSpecification","valueRequired":true,"valueName":"search_term_string"}}],"inLanguage":"de-DE"},{"@type":"Organization","@id":"https:\/\/www.miomiorun.com\/de\/#organization","name":"MioMio Run","url":"https:\/\/www.miomiorun.com\/de\/","logo":{"@type":"ImageObject","inLanguage":"de-DE","@id":"https:\/\/www.miomiorun.com\/de\/#\/schema\/logo\/image\/","url":"https:\/\/www.miomiorun.com\/app\/uploads\/2019\/12\/logomio.png","contentUrl":"https:\/\/www.miomiorun.com\/app\/uploads\/2019\/12\/logomio.png","width":115,"height":82,"caption":"MioMio Run"},"image":{"@id":"https:\/\/www.miomiorun.com\/de\/#\/schema\/logo\/image\/"},"sameAs":["https:\/\/www.facebook.com\/miomiorun\/","https:\/\/www.instagram.com\/miomiorun\/"]}]}},"_links":{"self":[{"href":"https:\/\/www.miomiorun.com\/de\/wp-json\/wp\/v2\/product\/320989","targetHints":{"allow":["GET"]}}],"collection":[{"href":"https:\/\/www.miomiorun.com\/de\/wp-json\/wp\/v2\/product"}],"about":[{"href":"https:\/\/www.miomiorun.com\/de\/wp-json\/wp\/v2\/types\/product"}],"wp:featuredmedia":[{"embeddable":true,"href":"https:\/\/www.miomiorun.com\/de\/wp-json\/wp\/v2\/media\/387069"}],"wp:attachment":[{"href":"https:\/\/www.miomiorun.com\/de\/wp-json\/wp\/v2\/media?parent=320989"}],"wp:term":[{"taxonomy":"product_brand","embeddable":true,"href":"https:\/\/www.miomiorun.com\/de\/wp-json\/wp\/v2\/product_brand?post=320989"},{"taxonomy":"product_cat","embeddable":true,"href":"https:\/\/www.miomiorun.com\/de\/wp-json\/wp\/v2\/product_cat?post=320989"},{"taxonomy":"product_tag","embeddable":true,"href":"https:\/\/www.miomiorun.com\/de\/wp-json\/wp\/v2\/product_tag?post=320989"}],"curies":[{"name":"wp","href":"https:\/\/api.w.org\/{rel}","templated":true}]}}