{"id":320827,"date":"2025-06-26T11:05:32","date_gmt":"2025-06-26T09:05:32","guid":{"rendered":"https:\/\/miomiorun.com\/?post_type=product&#038;p=320827"},"modified":"2025-11-07T10:12:16","modified_gmt":"2025-11-07T09:12:16","slug":"glaeser-3029-photochrome","status":"publish","type":"product","link":"https:\/\/www.miomiorun.com\/de\/produkt\/glaeser-3029-photochrome\/","title":{"rendered":"Gl\u00e4ser 3029 Photochrome"},"content":{"rendered":"<div class=\"vc-row container\"><div class=\"vc-column\"><div class=\"vc-column-text\"><\/p>\n<div id=\"wdgProdDescrizione\">\n<div id=\"idProdottoCorpo_Catalogo235\" class=\"prodottoCorpo\">\n<h3>Eine Kombination aus Leichtigkeit und Design!<br \/>\nDiese vielseitige und dynamische Maske wertet Ihren Look auf. Die geformten B\u00fcgelenden garantieren h\u00f6chsten Komfort und einen hervorragenden Sitz, w\u00e4hrend der weiche Nasensteg f\u00fcr besseren Halt bei Schwei\u00dfbildung sorgt.<br \/>\nErh\u00e4ltlich in exklusiven, ausgew\u00e4hlten Farben, mit der M\u00f6glichkeit, die von Ihnen bevorzugten photochromen Gl\u00e4ser zu w\u00e4hlen: Gold- oder Blaugl\u00e4ser. Sie k\u00f6nnen die Gl\u00e4ser bei jeder Brille austauschen und sie an Ihre Sehbed\u00fcrfnisse und Ihren Stil anpassen. <\/h3>\n<h3>Inklusive Hartschalenetui.<\/h3>\n<div id=\"wdgCorrelazioni_WdgCode-CorrelazioniTecnologie\" class=\"WdgCode-CorrelazioniTecnologie\">\n<div id=\"CorrelazioniBoxProdottiIcone_SchedaTecnologia\" class=\"CorrelazioniBoxProdottiIcone\">\n<h2 class=\"CorrelazioniBoxProdottiIconeTitle\">Technologien:<\/h2>\n<div id=\"catalogoProdottiIcone_\" class=\"catalogoProdottiElencoIcone catalogoProdottiElencoIconeSiProdotti \">\n<div id=\"idBoxProdotto_widgetCorrelazioni_19\" class=\"catalogoProdottoObject TipoScheda_SchedaTecnologia\" data-id=\"19\" data-prezzo=\"0\">\n<div class=\"catalogoProdottoItem\">\n<div class=\"catalogoProdottoImg\">\n<div class=\"catalogoProdottoImgBox\"><a class=\"paginaProdottoLink catalogoProdottoImgBoxLink\" href=\"https:\/\/www.kayaksport.it\/it\/lenswap.php\"><img loading=\"lazy\" decoding=\"async\" class=\"\" title=\"LENTI INTERCAMBIABILI\" src=\"https:\/\/www.kayaksport.it\/Images\/Thumbnails\/ico_lenti_intercambiabili-235-121-ResponsivoRect.jpg\" alt=\"LENTI INTERCAMBIABILI\" width=\"199\" height=\"199\"><\/a><\/div>\n<\/div>\n<div class=\"ContenitoreDatiTecnologia\">\n<div class=\"catalogoProdottoNomeLink\"><strong>AUSTAUSCHBARE GL\u00c4SER<\/strong><\/div>\n<div class=\"catalogoProdottoDescrizione\">\n<p>Die lenSWAP-Technologie wird bei unseren besten technischen Brillen verwendet: Sie garantiert dank des im Lieferumfang enthaltenen dreifachen Linsensets den Einsatz des gew\u00e4hlten Brillengestells unter einer Vielzahl von Wetterbedingungen. <\/p>\n<p>Mit einfachen Handgriffen lassen sich die Gl\u00e4ser auch w\u00e4hrend des Wettkampfs herausnehmen und einsetzen: Mit lenSWAP ist das Wetter kein Problem mehr f\u00fcr Ihre Augen!<\/p>\n<\/div>\n<\/div>\n<\/div>\n<\/div>\n<div id=\"idBoxProdotto_widgetCorrelazioni_20\" class=\"catalogoProdottoObject TipoScheda_SchedaTecnologia\" data-id=\"20\" data-prezzo=\"0\">\n<div class=\"catalogoProdottoItem\">\n<div class=\"catalogoProdottoImg\">\n<div class=\"catalogoProdottoImgBox\"><a class=\"paginaProdottoLink catalogoProdottoImgBoxLink\" href=\"https:\/\/www.kayaksport.it\/it\/kayacool.php\"><img loading=\"lazy\" decoding=\"async\" class=\"\" title=\"VENTILAZIONE PERMANENTE\" src=\"https:\/\/www.kayaksport.it\/Images\/Thumbnails\/ico_ventilazione_permanente-237-129-ResponsivoRect.jpg\" alt=\"VENTILAZIONE PERMANENTE\" width=\"199\" height=\"199\"><\/a><\/div>\n<\/div>\n<div class=\"ContenitoreDatiTecnologia\">\n<div class=\"catalogoProdottoNomeLink\"><strong>PERMANENTE BEL\u00dcFTUNG<\/strong><\/div>\n<div class=\"catalogoProdottoDescrizione\">\n<p>Die kayaCOOL-Technologie ist in einer \u00e4u\u00dferst ausgew\u00e4hlten Anzahl von Fassungen vorhanden: Sie garantiert eine permanente Bel\u00fcftung, die bei Ausdauersportarten sehr n\u00fctzlich ist und auch das Gewicht der Fassung deutlich reduziert!<\/p>\n<\/div>\n<\/div>\n<\/div>\n<\/div>\n<div id=\"idBoxProdotto_widgetCorrelazioni_21\" class=\"catalogoProdottoObject TipoScheda_SchedaTecnologia\" data-id=\"21\" data-prezzo=\"0\">\n<div class=\"catalogoProdottoItem\">\n<div class=\"catalogoProdottoImg\">\n<div class=\"catalogoProdottoImgBox\"><a class=\"paginaProdottoLink catalogoProdottoImgBoxLink\" href=\"https:\/\/www.kayaksport.it\/it\/aste-regolabili.php\"><img loading=\"lazy\" decoding=\"async\" class=\"\" title=\"Aste regolabili\" src=\"https:\/\/www.kayaksport.it\/Images\/Thumbnails\/ico_aste_regolabili-238-115-ResponsivoRect.jpg\" alt=\"Aste regolabili\" width=\"199\" height=\"199\"><\/a><\/div>\n<\/div>\n<div class=\"ContenitoreDatiTecnologia\">\n<div class=\"catalogoProdottoNomeLink\"><strong>Verstellbare B\u00fcgel<\/strong><\/div>\n<div class=\"catalogoProdottoDescrizione\">\n<p>Die B\u00fcgel lassen sich mit leichtem Druck f\u00fcr eine perfekte Passform und optimalen Halt einstellen. <\/p>\n<\/div>\n<\/div>\n<\/div>\n<\/div>\n<div id=\"idBoxProdotto_widgetCorrelazioni_136\" class=\"catalogoProdottoObject TipoScheda_SchedaTecnologia\" data-id=\"136\" data-prezzo=\"0\">\n<div class=\"catalogoProdottoItem\">\n<div class=\"catalogoProdottoImg\">\n<div class=\"catalogoProdottoImgBox\"><a class=\"paginaProdottoLink catalogoProdottoImgBoxLink\" href=\"https:\/\/www.kayaksport.it\/it\/lenti-fotocromatiche.php\"><img loading=\"lazy\" decoding=\"async\" class=\"\" title=\"LENTI FOTOCROMATICHE\" src=\"https:\/\/www.kayaksport.it\/Images\/Thumbnails\/lente-fotocromatica-483-ResponsivoRect.png\" alt=\"LENTI FOTOCROMATICHE\" width=\"195\" height=\"97\"><\/a><\/div>\n<\/div>\n<div class=\"ContenitoreDatiTecnologia\">\n<div class=\"catalogoProdottoNomeLink\"><strong>PHOTOCHROMATISCHE GL\u00c4SER<\/strong><\/div>\n<div><\/div>\n<div class=\"catalogoProdottoDescrizione\">Die photochrome Linse kann ihre Farbe je nach den \u00e4u\u00dferen Lichtverh\u00e4ltnissen \u00e4ndern.<br \/>\nDer Prozess, durch den sich die Gl\u00e4ser verdunkeln, ist chemisch-physikalischer Natur. Die verwendeten chemischen Pigmente ver\u00e4ndern bei Lichteinfall ihre Struktur, wodurch sie ihre Farbe \u00e4ndern und das Glas somit get\u00f6nt wird. Je intensiver das Licht ist, desto st\u00e4rker verdunkelt sich die Linse. <\/div>\n<\/div>\n<\/div>\n<\/div>\n<\/div>\n<\/div>\n<\/div>\n<\/div>\n<\/div>\n<p><\/div><\/div><\/div>\n","protected":false},"excerpt":{"rendered":"<ul>\n<li>zertifizierte Gl\u00e4ser<\/li>\n<li>UV-Schutz<\/li>\n<li>Design made in Italy<\/li>\n<\/ul>\n","protected":false},"featured_media":338838,"template":"","meta":{"_acf_changed":false,"inline_featured_image":false},"product_brand":[],"product_cat":[6342,6368],"product_tag":[34078],"class_list":{"0":"post-320827","1":"product","2":"type-product","3":"status-publish","4":"has-post-thumbnail","6":"product_cat-zubehoer","7":"product_cat-laufbrille-zubehoer-laufen-de","8":"product_tag-kayak-de","9":"pa_attivita-gehen","10":"pa_attivita-lifestyle-de","11":"pa_attivita-outdoor-de","12":"pa_attivita-running-de","13":"pa_attivita-trail-de","14":"pa_colore-occhiale-3029-fotocromatico-azzurro-de","15":"pa_marca-kayak-de","16":"pa_sesso-damen","17":"pa_sesso-herren","19":"first","20":"instock","21":"sale","22":"taxable","23":"shipping-taxable","24":"purchasable","25":"product-type-variable","26":"wvs-archive-product-wrapper"},"acf":[],"yoast_head":"<!-- This site is optimized with the Yoast SEO plugin v26.8 - https:\/\/yoast.com\/product\/yoast-seo-wordpress\/ -->\n<title>Kayak Gl\u00e4ser 3029 Photochrome -Laufbrillen - MioMioRun.com<\/title>\n<meta name=\"description\" content=\"3029 PHOTOCHROMATISCH: Sportbrille mit photochromatischen Gl\u00e4sern in Gold\/Blau, leichtes Design, optimaler Komfort und inklusive Hartschalenetui\" \/>\n<meta name=\"robots\" content=\"index, follow, max-snippet:-1, max-image-preview:large, max-video-preview:-1\" \/>\n<link rel=\"canonical\" href=\"https:\/\/www.miomiorun.com\/de\/produkt\/glaeser-3029-photochrome\/\" \/>\n<meta property=\"og:locale\" content=\"de_DE\" \/>\n<meta property=\"og:type\" content=\"article\" \/>\n<meta property=\"og:title\" content=\"Kayak Gl\u00e4ser 3029 Photochrome -Laufbrillen - MioMioRun.com\" \/>\n<meta property=\"og:description\" content=\"3029 PHOTOCHROMATISCH: Sportbrille mit photochromatischen Gl\u00e4sern in Gold\/Blau, leichtes Design, optimaler Komfort und inklusive Hartschalenetui\" \/>\n<meta property=\"og:url\" content=\"https:\/\/www.miomiorun.com\/de\/produkt\/glaeser-3029-photochrome\/\" \/>\n<meta property=\"og:site_name\" content=\"MioMioRun\" \/>\n<meta property=\"article:publisher\" content=\"https:\/\/www.facebook.com\/miomiorun\/\" \/>\n<meta property=\"article:modified_time\" content=\"2025-11-07T09:12:16+00:00\" \/>\n<meta property=\"og:image\" content=\"https:\/\/www.miomiorun.com\/app\/uploads\/2025\/08\/kayak-Occhiale-3029-fotocromatico-verde-3029PHVE.webp\" \/>\n\t<meta property=\"og:image:width\" content=\"720\" \/>\n\t<meta property=\"og:image:height\" content=\"720\" \/>\n\t<meta property=\"og:image:type\" content=\"image\/webp\" \/>\n<meta name=\"twitter:card\" content=\"summary_large_image\" \/>\n<meta name=\"twitter:label1\" content=\"Est. reading time\" \/>\n\t<meta name=\"twitter:data1\" content=\"4 minutes\" \/>\n<script type=\"application\/ld+json\" class=\"yoast-schema-graph\">{\"@context\":\"https:\/\/schema.org\",\"@graph\":[{\"@type\":\"WebPage\",\"@id\":\"https:\/\/www.miomiorun.com\/de\/produkt\/glaeser-3029-photochrome\/\",\"url\":\"https:\/\/www.miomiorun.com\/de\/produkt\/glaeser-3029-photochrome\/\",\"name\":\"Kayak Gl\u00e4ser 3029 Photochrome -Laufbrillen - MioMioRun.com\",\"isPartOf\":{\"@id\":\"https:\/\/www.miomiorun.com\/de\/#website\"},\"primaryImageOfPage\":{\"@id\":\"https:\/\/www.miomiorun.com\/de\/produkt\/glaeser-3029-photochrome\/#primaryimage\"},\"image\":{\"@id\":\"https:\/\/www.miomiorun.com\/de\/produkt\/glaeser-3029-photochrome\/#primaryimage\"},\"thumbnailUrl\":\"https:\/\/www.miomiorun.com\/app\/uploads\/2025\/08\/kayak-Occhiale-3029-fotocromatico-verde-3029PHVE.webp\",\"datePublished\":\"2025-06-26T09:05:32+00:00\",\"dateModified\":\"2025-11-07T09:12:16+00:00\",\"description\":\"3029 PHOTOCHROMATISCH: Sportbrille mit photochromatischen Gl\u00e4sern in Gold\/Blau, leichtes Design, optimaler Komfort und inklusive Hartschalenetui\",\"breadcrumb\":{\"@id\":\"https:\/\/www.miomiorun.com\/de\/produkt\/glaeser-3029-photochrome\/#breadcrumb\"},\"inLanguage\":\"de-DE\",\"potentialAction\":[{\"@type\":\"ReadAction\",\"target\":[\"https:\/\/www.miomiorun.com\/de\/produkt\/glaeser-3029-photochrome\/\"]}]},{\"@type\":\"ImageObject\",\"inLanguage\":\"de-DE\",\"@id\":\"https:\/\/www.miomiorun.com\/de\/produkt\/glaeser-3029-photochrome\/#primaryimage\",\"url\":\"https:\/\/www.miomiorun.com\/app\/uploads\/2025\/08\/kayak-Occhiale-3029-fotocromatico-verde-3029PHVE.webp\",\"contentUrl\":\"https:\/\/www.miomiorun.com\/app\/uploads\/2025\/08\/kayak-Occhiale-3029-fotocromatico-verde-3029PHVE.webp\",\"width\":720,\"height\":720,\"caption\":\"kayak Occhiale 3029 fotocromatico verde 3029PHVE\"},{\"@type\":\"BreadcrumbList\",\"@id\":\"https:\/\/www.miomiorun.com\/de\/produkt\/glaeser-3029-photochrome\/#breadcrumb\",\"itemListElement\":[{\"@type\":\"ListItem\",\"position\":1,\"name\":\"Home\",\"item\":\"https:\/\/www.miomiorun.com\/de\/\"},{\"@type\":\"ListItem\",\"position\":2,\"name\":\"Shop\",\"item\":\"https:\/\/www.miomiorun.com\/shop\/\"},{\"@type\":\"ListItem\",\"position\":3,\"name\":\"Gl\u00e4ser 3029 Photochrome\"}]},{\"@type\":\"WebSite\",\"@id\":\"https:\/\/www.miomiorun.com\/de\/#website\",\"url\":\"https:\/\/www.miomiorun.com\/de\/\",\"name\":\"MioMioRun\",\"description\":\"100% Lauf- und Trailshop\",\"publisher\":{\"@id\":\"https:\/\/www.miomiorun.com\/de\/#organization\"},\"potentialAction\":[{\"@type\":\"SearchAction\",\"target\":{\"@type\":\"EntryPoint\",\"urlTemplate\":\"https:\/\/www.miomiorun.com\/de\/?s={search_term_string}\"},\"query-input\":{\"@type\":\"PropertyValueSpecification\",\"valueRequired\":true,\"valueName\":\"search_term_string\"}}],\"inLanguage\":\"de-DE\"},{\"@type\":\"Organization\",\"@id\":\"https:\/\/www.miomiorun.com\/de\/#organization\",\"name\":\"MioMio Run\",\"url\":\"https:\/\/www.miomiorun.com\/de\/\",\"logo\":{\"@type\":\"ImageObject\",\"inLanguage\":\"de-DE\",\"@id\":\"https:\/\/www.miomiorun.com\/de\/#\/schema\/logo\/image\/\",\"url\":\"https:\/\/www.miomiorun.com\/app\/uploads\/2019\/12\/logomio.png\",\"contentUrl\":\"https:\/\/www.miomiorun.com\/app\/uploads\/2019\/12\/logomio.png\",\"width\":115,\"height\":82,\"caption\":\"MioMio Run\"},\"image\":{\"@id\":\"https:\/\/www.miomiorun.com\/de\/#\/schema\/logo\/image\/\"},\"sameAs\":[\"https:\/\/www.facebook.com\/miomiorun\/\",\"https:\/\/www.instagram.com\/miomiorun\/\"]}]}<\/script>\n<!-- \/ Yoast SEO plugin. -->","yoast_head_json":{"title":"Kayak Gl\u00e4ser 3029 Photochrome -Laufbrillen - MioMioRun.com","description":"3029 PHOTOCHROMATISCH: Sportbrille mit photochromatischen Gl\u00e4sern in Gold\/Blau, leichtes Design, optimaler Komfort und inklusive Hartschalenetui","robots":{"index":"index","follow":"follow","max-snippet":"max-snippet:-1","max-image-preview":"max-image-preview:large","max-video-preview":"max-video-preview:-1"},"canonical":"https:\/\/www.miomiorun.com\/de\/produkt\/glaeser-3029-photochrome\/","og_locale":"de_DE","og_type":"article","og_title":"Kayak Gl\u00e4ser 3029 Photochrome -Laufbrillen - MioMioRun.com","og_description":"3029 PHOTOCHROMATISCH: Sportbrille mit photochromatischen Gl\u00e4sern in Gold\/Blau, leichtes Design, optimaler Komfort und inklusive Hartschalenetui","og_url":"https:\/\/www.miomiorun.com\/de\/produkt\/glaeser-3029-photochrome\/","og_site_name":"MioMioRun","article_publisher":"https:\/\/www.facebook.com\/miomiorun\/","article_modified_time":"2025-11-07T09:12:16+00:00","og_image":[{"width":720,"height":720,"url":"https:\/\/www.miomiorun.com\/app\/uploads\/2025\/08\/kayak-Occhiale-3029-fotocromatico-verde-3029PHVE.webp","type":"image\/webp"}],"twitter_card":"summary_large_image","twitter_misc":{"Est. reading time":"4 minutes"},"schema":{"@context":"https:\/\/schema.org","@graph":[{"@type":"WebPage","@id":"https:\/\/www.miomiorun.com\/de\/produkt\/glaeser-3029-photochrome\/","url":"https:\/\/www.miomiorun.com\/de\/produkt\/glaeser-3029-photochrome\/","name":"Kayak Gl\u00e4ser 3029 Photochrome -Laufbrillen - MioMioRun.com","isPartOf":{"@id":"https:\/\/www.miomiorun.com\/de\/#website"},"primaryImageOfPage":{"@id":"https:\/\/www.miomiorun.com\/de\/produkt\/glaeser-3029-photochrome\/#primaryimage"},"image":{"@id":"https:\/\/www.miomiorun.com\/de\/produkt\/glaeser-3029-photochrome\/#primaryimage"},"thumbnailUrl":"https:\/\/www.miomiorun.com\/app\/uploads\/2025\/08\/kayak-Occhiale-3029-fotocromatico-verde-3029PHVE.webp","datePublished":"2025-06-26T09:05:32+00:00","dateModified":"2025-11-07T09:12:16+00:00","description":"3029 PHOTOCHROMATISCH: Sportbrille mit photochromatischen Gl\u00e4sern in Gold\/Blau, leichtes Design, optimaler Komfort und inklusive Hartschalenetui","breadcrumb":{"@id":"https:\/\/www.miomiorun.com\/de\/produkt\/glaeser-3029-photochrome\/#breadcrumb"},"inLanguage":"de-DE","potentialAction":[{"@type":"ReadAction","target":["https:\/\/www.miomiorun.com\/de\/produkt\/glaeser-3029-photochrome\/"]}]},{"@type":"ImageObject","inLanguage":"de-DE","@id":"https:\/\/www.miomiorun.com\/de\/produkt\/glaeser-3029-photochrome\/#primaryimage","url":"https:\/\/www.miomiorun.com\/app\/uploads\/2025\/08\/kayak-Occhiale-3029-fotocromatico-verde-3029PHVE.webp","contentUrl":"https:\/\/www.miomiorun.com\/app\/uploads\/2025\/08\/kayak-Occhiale-3029-fotocromatico-verde-3029PHVE.webp","width":720,"height":720,"caption":"kayak Occhiale 3029 fotocromatico verde 3029PHVE"},{"@type":"BreadcrumbList","@id":"https:\/\/www.miomiorun.com\/de\/produkt\/glaeser-3029-photochrome\/#breadcrumb","itemListElement":[{"@type":"ListItem","position":1,"name":"Home","item":"https:\/\/www.miomiorun.com\/de\/"},{"@type":"ListItem","position":2,"name":"Shop","item":"https:\/\/www.miomiorun.com\/shop\/"},{"@type":"ListItem","position":3,"name":"Gl\u00e4ser 3029 Photochrome"}]},{"@type":"WebSite","@id":"https:\/\/www.miomiorun.com\/de\/#website","url":"https:\/\/www.miomiorun.com\/de\/","name":"MioMioRun","description":"100% Lauf- und Trailshop","publisher":{"@id":"https:\/\/www.miomiorun.com\/de\/#organization"},"potentialAction":[{"@type":"SearchAction","target":{"@type":"EntryPoint","urlTemplate":"https:\/\/www.miomiorun.com\/de\/?s={search_term_string}"},"query-input":{"@type":"PropertyValueSpecification","valueRequired":true,"valueName":"search_term_string"}}],"inLanguage":"de-DE"},{"@type":"Organization","@id":"https:\/\/www.miomiorun.com\/de\/#organization","name":"MioMio Run","url":"https:\/\/www.miomiorun.com\/de\/","logo":{"@type":"ImageObject","inLanguage":"de-DE","@id":"https:\/\/www.miomiorun.com\/de\/#\/schema\/logo\/image\/","url":"https:\/\/www.miomiorun.com\/app\/uploads\/2019\/12\/logomio.png","contentUrl":"https:\/\/www.miomiorun.com\/app\/uploads\/2019\/12\/logomio.png","width":115,"height":82,"caption":"MioMio Run"},"image":{"@id":"https:\/\/www.miomiorun.com\/de\/#\/schema\/logo\/image\/"},"sameAs":["https:\/\/www.facebook.com\/miomiorun\/","https:\/\/www.instagram.com\/miomiorun\/"]}]}},"_links":{"self":[{"href":"https:\/\/www.miomiorun.com\/de\/wp-json\/wp\/v2\/product\/320827","targetHints":{"allow":["GET"]}}],"collection":[{"href":"https:\/\/www.miomiorun.com\/de\/wp-json\/wp\/v2\/product"}],"about":[{"href":"https:\/\/www.miomiorun.com\/de\/wp-json\/wp\/v2\/types\/product"}],"wp:featuredmedia":[{"embeddable":true,"href":"https:\/\/www.miomiorun.com\/de\/wp-json\/wp\/v2\/media\/338838"}],"wp:attachment":[{"href":"https:\/\/www.miomiorun.com\/de\/wp-json\/wp\/v2\/media?parent=320827"}],"wp:term":[{"taxonomy":"product_brand","embeddable":true,"href":"https:\/\/www.miomiorun.com\/de\/wp-json\/wp\/v2\/product_brand?post=320827"},{"taxonomy":"product_cat","embeddable":true,"href":"https:\/\/www.miomiorun.com\/de\/wp-json\/wp\/v2\/product_cat?post=320827"},{"taxonomy":"product_tag","embeddable":true,"href":"https:\/\/www.miomiorun.com\/de\/wp-json\/wp\/v2\/product_tag?post=320827"}],"curies":[{"name":"wp","href":"https:\/\/api.w.org\/{rel}","templated":true}]}}