{"id":320668,"date":"2025-06-24T16:00:57","date_gmt":"2025-06-24T14:00:57","guid":{"rendered":"https:\/\/miomiorun.com\/?post_type=product&#038;p=320668"},"modified":"2025-11-07T10:24:06","modified_gmt":"2025-11-07T09:24:06","slug":"glaeser-2962","status":"publish","type":"product","link":"https:\/\/www.miomiorun.com\/de\/produkt\/glaeser-2962\/","title":{"rendered":"Gl\u00e4ser 2962"},"content":{"rendered":"<div class=\"vc-row container\"><div class=\"vc-column\"><div class=\"vc-column-text\"><\/p>\n<h3>Extrem leichte Brille, einzigartig in Form und Konzept. Die Maskengl\u00e4ser sorgen f\u00fcr ein breites, ungehindertes Sichtfeld, w\u00e4hrend die Bel\u00fcftungs\u00f6ffnungen in den Gl\u00e4sern eine konstante Bel\u00fcftung gew\u00e4hrleisten, die den Sportler k\u00fchlt, ohne die Sicht zu beeintr\u00e4chtigen.<\/h3>\n<h3>Mit Hartschalenetui. <\/h3>\n<h2 class=\"CorrelazioniBoxProdottiIconeTitle\">Technologien:<\/h2>\n<div id=\"catalogoProdottiIcone_\" class=\"catalogoProdottiElencoIcone catalogoProdottiElencoIconeSiProdotti \">\n<div id=\"idBoxProdotto_widgetCorrelazioni_18\" class=\"catalogoProdottoObject TipoScheda_SchedaTecnologia\" data-id=\"18\" data-prezzo=\"0\">\n<div class=\"catalogoProdottoItem\">\n<div class=\"catalogoProdottoImg\">\n<div class=\"catalogoProdottoImgBox\"><a class=\"paginaProdottoLink catalogoProdottoImgBoxLink\" href=\"https:\/\/www.kayaksport.it\/it\/ergo4u.php\"><img loading=\"lazy\" decoding=\"async\" class=\"\" title=\"NASELLO REGOLABILE\" src=\"https:\/\/www.kayaksport.it\/Images\/Thumbnails\/ico_nasello-236-122-ResponsivoRect.jpg\" alt=\"NASELLO REGOLABILE\" width=\"198\" height=\"198\"><\/a><\/div>\n<\/div>\n<div class=\"ContenitoreDatiTecnologia\">\n<div class=\"catalogoProdottoNomeLink\"><strong>VERSTELLBARER NASENSTEG<\/strong><\/div>\n<div class=\"catalogoProdottoDescrizione\">\n<p>Kombination aus \u201eVERSTELLBAREN B\u00dcGELENDEN\u201d und \u201eVERSTELLBAREM NASENSTEG\u201d<\/p>\n<p>Die ergo4U-Technologie bietet dem Sportler maximalen Komfort und verhindert Beschwerden unter der Sturmhaube oder Reibungen in der Nasenh\u00f6hle. F\u00fcr Wintersportarten garantiert ergo4U au\u00dferdem ein spezielles Gummiband und einen inneren Schwamm, um den Durchgang von Luft zu verhindern.<\/p>\n<\/div>\n<\/div>\n<\/div>\n<\/div>\n<div id=\"idBoxProdotto_widgetCorrelazioni_20\" class=\"catalogoProdottoObject TipoScheda_SchedaTecnologia\" data-id=\"20\" data-prezzo=\"0\">\n<div class=\"catalogoProdottoItem\">\n<div class=\"catalogoProdottoImg\">\n<div class=\"catalogoProdottoImgBox\"><a class=\"paginaProdottoLink catalogoProdottoImgBoxLink\" href=\"https:\/\/www.kayaksport.it\/it\/kayacool.php\"><img loading=\"lazy\" decoding=\"async\" class=\"\" title=\"VENTILAZIONE PERMANENTE\" src=\"https:\/\/www.kayaksport.it\/Images\/Thumbnails\/ico_ventilazione_permanente-237-129-ResponsivoRect.jpg\" alt=\"VENTILAZIONE PERMANENTE\" width=\"198\" height=\"198\"><\/a><\/div>\n<\/div>\n<div class=\"ContenitoreDatiTecnologia\">\n<div class=\"catalogoProdottoNomeLink\"><strong>PERMANENTE BEL\u00dcFTUNG<\/strong><\/div>\n<div class=\"catalogoProdottoDescrizione\">\n<p>Die kayaCOOL-Technologie kommt in einer \u00e4u\u00dferst ausgew\u00e4hlten Anzahl von Fassungen zum Einsatz: Sie garantiert eine permanente Bel\u00fcftung, die besonders bei Ausdauersportarten sehr n\u00fctzlich ist, und reduziert zudem das Gewicht der Fassung erheblich!<\/p>\n<\/div>\n<\/div>\n<\/div>\n<\/div>\n<div id=\"idBoxProdotto_widgetCorrelazioni_21\" class=\"catalogoProdottoObject TipoScheda_SchedaTecnologia\" data-id=\"21\" data-prezzo=\"0\">\n<div class=\"catalogoProdottoItem\">\n<div class=\"catalogoProdottoImg\">\n<div class=\"catalogoProdottoImgBox\"><a class=\"paginaProdottoLink catalogoProdottoImgBoxLink\" href=\"https:\/\/www.kayaksport.it\/it\/aste-regolabili.php\"><img loading=\"lazy\" decoding=\"async\" class=\"\" title=\"Aste regolabili\" src=\"https:\/\/www.kayaksport.it\/Images\/Thumbnails\/ico_aste_regolabili-238-115-ResponsivoRect.jpg\" alt=\"Aste regolabili\" width=\"199\" height=\"199\"><\/a><\/div>\n<\/div>\n<div class=\"ContenitoreDatiTecnologia\">\n<div class=\"catalogoProdottoNomeLink\"><strong>Verstellbare B\u00fcgel<\/strong><\/div>\n<div class=\"catalogoProdottoDescrizione\">\n<p>Die B\u00fcgel lassen sich mit leichtem Druck perfekt anpassen und sorgen so f\u00fcr einen optimalen Sitz.<\/p>\n<\/div>\n<\/div>\n<\/div>\n<\/div>\n<div id=\"idBoxProdotto_widgetCorrelazioni_23\" class=\"catalogoProdottoObject TipoScheda_SchedaTecnologia\" data-id=\"23\" data-prezzo=\"0\">\n<div class=\"catalogoProdottoItem\">\n<div class=\"catalogoProdottoImg\">\n<div class=\"catalogoProdottoImgBox\"><a class=\"paginaProdottoLink catalogoProdottoImgBoxLink\" href=\"https:\/\/www.kayaksport.it\/it\/protezione-raggi-uv.php\"><img loading=\"lazy\" decoding=\"async\" class=\"\" title=\"Protezione raggi UV\" src=\"https:\/\/www.kayaksport.it\/Images\/Thumbnails\/ico_UV-273-128-ResponsivoRect.jpg\" alt=\"Protezione raggi UV\" width=\"199\" height=\"199\"><\/a><\/div>\n<\/div>\n<div class=\"ContenitoreDatiTecnologia\">\n<div class=\"catalogoProdottoNomeLink\"><strong>UV-Schutz<\/strong><\/div>\n<div><\/div>\n<div class=\"catalogoProdottoDescrizione\">\n<div>Sonnenbrillen sind nicht nur ein Accessoire f\u00fcr \u00e4sthetische Zwecke, sondern dienen auch dem Schutz der menschlichen Augen vor UV-Strahlung. Eine \u00fcberm\u00e4\u00dfige Exposition gegen\u00fcber diesen Strahlen kann kurz- oder langfristig zu Krankheiten und Beschwerden wie Photokeratitis, Katarakten und verschiedenen Formen von Krebs f\u00fchren. Aus dem medizinischen Bereich weisen viele Experten auf die Bedeutung von Brillen hin, um einen angemessenen <strong>Schutz vor UV-Strahlen zu gew\u00e4hrleisten.<\/strong><\/div>\n<div>In den letzten Jahren haben Studien gezeigt, dass auch HVB-Strahlen (blaues Licht) Sch\u00e4den am menschlichen Auge wie Makuladegenerationen verursachen k\u00f6nnen. Kinder und \u00e4ltere Menschen sind davon am st\u00e4rksten betroffen. Aus diesem Grund haben Unternehmen begonnen, Brillen herzustellen, die auch vor HVB-Strahlen sch\u00fctzen.\n<\/div>\n<\/div>\n<\/div>\n<\/div>\n<\/div>\n<\/div>\n<p><\/div><\/div><\/div>\n","protected":false},"excerpt":{"rendered":"<ul>\n<li>zertifizierte Gl\u00e4ser<\/li>\n<li>UV-Schutz<\/li>\n<li>Design made in Italy<\/li>\n<\/ul>\n","protected":false},"featured_media":338708,"template":"","meta":{"_acf_changed":false,"inline_featured_image":false},"product_brand":[],"product_cat":[6342,6368],"product_tag":[34078],"class_list":{"0":"post-320668","1":"product","2":"type-product","3":"status-publish","4":"has-post-thumbnail","6":"product_cat-zubehoer","7":"product_cat-laufbrille-zubehoer-laufen-de","8":"product_tag-kayak-de","9":"pa_attivita-gehen","10":"pa_attivita-lifestyle-de","11":"pa_attivita-outdoor-de","12":"pa_attivita-running-de","13":"pa_attivita-trail-de","14":"pa_colore-occhiale-2962-rosso-de","15":"pa_marca-kayak-de","16":"pa_sesso-damen","17":"pa_sesso-herren","19":"first","20":"instock","21":"taxable","22":"shipping-taxable","23":"purchasable","24":"product-type-variable","25":"wvs-archive-product-wrapper"},"acf":[],"yoast_head":"<!-- This site is optimized with the Yoast SEO plugin v26.8 - https:\/\/yoast.com\/product\/yoast-seo-wordpress\/ -->\n<title>Kayak Gl\u00e4ser 2962 - Laufbrillen - MioMioRun.com<\/title>\n<meta name=\"description\" content=\"Ultraleichte Kayak 2962 mit Maskenlinse f\u00fcr weites Sichtfeld und integrierten Bel\u00fcftungs\u00f6ffnungen f\u00fcr konstante Bel\u00fcftung. Maximaler Komfort und Leistung.\" \/>\n<meta name=\"robots\" content=\"index, follow, max-snippet:-1, max-image-preview:large, max-video-preview:-1\" \/>\n<link rel=\"canonical\" href=\"https:\/\/www.miomiorun.com\/de\/produkt\/glaeser-2962\/\" \/>\n<meta property=\"og:locale\" content=\"de_DE\" \/>\n<meta property=\"og:type\" content=\"article\" \/>\n<meta property=\"og:title\" content=\"Kayak Gl\u00e4ser 2962 - Laufbrillen - MioMioRun.com\" \/>\n<meta property=\"og:description\" content=\"Ultraleichte Kayak 2962 mit Maskenlinse f\u00fcr weites Sichtfeld und integrierten Bel\u00fcftungs\u00f6ffnungen f\u00fcr konstante Bel\u00fcftung. Maximaler Komfort und Leistung.\" \/>\n<meta property=\"og:url\" content=\"https:\/\/www.miomiorun.com\/de\/produkt\/glaeser-2962\/\" \/>\n<meta property=\"og:site_name\" content=\"MioMioRun\" \/>\n<meta property=\"article:publisher\" content=\"https:\/\/www.facebook.com\/miomiorun\/\" \/>\n<meta property=\"article:modified_time\" content=\"2025-11-07T09:24:06+00:00\" \/>\n<meta property=\"og:image\" content=\"https:\/\/www.miomiorun.com\/app\/uploads\/2025\/08\/kayak-Occhiale-2962-rosso-2962RO.webp\" \/>\n\t<meta property=\"og:image:width\" content=\"720\" \/>\n\t<meta property=\"og:image:height\" content=\"720\" \/>\n\t<meta property=\"og:image:type\" content=\"image\/webp\" \/>\n<meta name=\"twitter:card\" content=\"summary_large_image\" \/>\n<meta name=\"twitter:label1\" content=\"Est. reading time\" \/>\n\t<meta name=\"twitter:data1\" content=\"4 minutes\" \/>\n<script type=\"application\/ld+json\" class=\"yoast-schema-graph\">{\"@context\":\"https:\/\/schema.org\",\"@graph\":[{\"@type\":\"WebPage\",\"@id\":\"https:\/\/www.miomiorun.com\/de\/produkt\/glaeser-2962\/\",\"url\":\"https:\/\/www.miomiorun.com\/de\/produkt\/glaeser-2962\/\",\"name\":\"Kayak Gl\u00e4ser 2962 - Laufbrillen - MioMioRun.com\",\"isPartOf\":{\"@id\":\"https:\/\/www.miomiorun.com\/de\/#website\"},\"primaryImageOfPage\":{\"@id\":\"https:\/\/www.miomiorun.com\/de\/produkt\/glaeser-2962\/#primaryimage\"},\"image\":{\"@id\":\"https:\/\/www.miomiorun.com\/de\/produkt\/glaeser-2962\/#primaryimage\"},\"thumbnailUrl\":\"https:\/\/www.miomiorun.com\/app\/uploads\/2025\/08\/kayak-Occhiale-2962-rosso-2962RO.webp\",\"datePublished\":\"2025-06-24T14:00:57+00:00\",\"dateModified\":\"2025-11-07T09:24:06+00:00\",\"description\":\"Ultraleichte Kayak 2962 mit Maskenlinse f\u00fcr weites Sichtfeld und integrierten Bel\u00fcftungs\u00f6ffnungen f\u00fcr konstante Bel\u00fcftung. Maximaler Komfort und Leistung.\",\"breadcrumb\":{\"@id\":\"https:\/\/www.miomiorun.com\/de\/produkt\/glaeser-2962\/#breadcrumb\"},\"inLanguage\":\"de-DE\",\"potentialAction\":[{\"@type\":\"ReadAction\",\"target\":[\"https:\/\/www.miomiorun.com\/de\/produkt\/glaeser-2962\/\"]}]},{\"@type\":\"ImageObject\",\"inLanguage\":\"de-DE\",\"@id\":\"https:\/\/www.miomiorun.com\/de\/produkt\/glaeser-2962\/#primaryimage\",\"url\":\"https:\/\/www.miomiorun.com\/app\/uploads\/2025\/08\/kayak-Occhiale-2962-rosso-2962RO.webp\",\"contentUrl\":\"https:\/\/www.miomiorun.com\/app\/uploads\/2025\/08\/kayak-Occhiale-2962-rosso-2962RO.webp\",\"width\":720,\"height\":720,\"caption\":\"kayak Occhiale 2962 rosso 2962RO\"},{\"@type\":\"BreadcrumbList\",\"@id\":\"https:\/\/www.miomiorun.com\/de\/produkt\/glaeser-2962\/#breadcrumb\",\"itemListElement\":[{\"@type\":\"ListItem\",\"position\":1,\"name\":\"Home\",\"item\":\"https:\/\/www.miomiorun.com\/de\/\"},{\"@type\":\"ListItem\",\"position\":2,\"name\":\"Shop\",\"item\":\"https:\/\/www.miomiorun.com\/shop\/\"},{\"@type\":\"ListItem\",\"position\":3,\"name\":\"Gl\u00e4ser 2962\"}]},{\"@type\":\"WebSite\",\"@id\":\"https:\/\/www.miomiorun.com\/de\/#website\",\"url\":\"https:\/\/www.miomiorun.com\/de\/\",\"name\":\"MioMioRun\",\"description\":\"100% Lauf- und Trailshop\",\"publisher\":{\"@id\":\"https:\/\/www.miomiorun.com\/de\/#organization\"},\"potentialAction\":[{\"@type\":\"SearchAction\",\"target\":{\"@type\":\"EntryPoint\",\"urlTemplate\":\"https:\/\/www.miomiorun.com\/de\/?s={search_term_string}\"},\"query-input\":{\"@type\":\"PropertyValueSpecification\",\"valueRequired\":true,\"valueName\":\"search_term_string\"}}],\"inLanguage\":\"de-DE\"},{\"@type\":\"Organization\",\"@id\":\"https:\/\/www.miomiorun.com\/de\/#organization\",\"name\":\"MioMio Run\",\"url\":\"https:\/\/www.miomiorun.com\/de\/\",\"logo\":{\"@type\":\"ImageObject\",\"inLanguage\":\"de-DE\",\"@id\":\"https:\/\/www.miomiorun.com\/de\/#\/schema\/logo\/image\/\",\"url\":\"https:\/\/www.miomiorun.com\/app\/uploads\/2019\/12\/logomio.png\",\"contentUrl\":\"https:\/\/www.miomiorun.com\/app\/uploads\/2019\/12\/logomio.png\",\"width\":115,\"height\":82,\"caption\":\"MioMio Run\"},\"image\":{\"@id\":\"https:\/\/www.miomiorun.com\/de\/#\/schema\/logo\/image\/\"},\"sameAs\":[\"https:\/\/www.facebook.com\/miomiorun\/\",\"https:\/\/www.instagram.com\/miomiorun\/\"]}]}<\/script>\n<!-- \/ Yoast SEO plugin. -->","yoast_head_json":{"title":"Kayak Gl\u00e4ser 2962 - Laufbrillen - MioMioRun.com","description":"Ultraleichte Kayak 2962 mit Maskenlinse f\u00fcr weites Sichtfeld und integrierten Bel\u00fcftungs\u00f6ffnungen f\u00fcr konstante Bel\u00fcftung. Maximaler Komfort und Leistung.","robots":{"index":"index","follow":"follow","max-snippet":"max-snippet:-1","max-image-preview":"max-image-preview:large","max-video-preview":"max-video-preview:-1"},"canonical":"https:\/\/www.miomiorun.com\/de\/produkt\/glaeser-2962\/","og_locale":"de_DE","og_type":"article","og_title":"Kayak Gl\u00e4ser 2962 - Laufbrillen - MioMioRun.com","og_description":"Ultraleichte Kayak 2962 mit Maskenlinse f\u00fcr weites Sichtfeld und integrierten Bel\u00fcftungs\u00f6ffnungen f\u00fcr konstante Bel\u00fcftung. Maximaler Komfort und Leistung.","og_url":"https:\/\/www.miomiorun.com\/de\/produkt\/glaeser-2962\/","og_site_name":"MioMioRun","article_publisher":"https:\/\/www.facebook.com\/miomiorun\/","article_modified_time":"2025-11-07T09:24:06+00:00","og_image":[{"width":720,"height":720,"url":"https:\/\/www.miomiorun.com\/app\/uploads\/2025\/08\/kayak-Occhiale-2962-rosso-2962RO.webp","type":"image\/webp"}],"twitter_card":"summary_large_image","twitter_misc":{"Est. reading time":"4 minutes"},"schema":{"@context":"https:\/\/schema.org","@graph":[{"@type":"WebPage","@id":"https:\/\/www.miomiorun.com\/de\/produkt\/glaeser-2962\/","url":"https:\/\/www.miomiorun.com\/de\/produkt\/glaeser-2962\/","name":"Kayak Gl\u00e4ser 2962 - Laufbrillen - MioMioRun.com","isPartOf":{"@id":"https:\/\/www.miomiorun.com\/de\/#website"},"primaryImageOfPage":{"@id":"https:\/\/www.miomiorun.com\/de\/produkt\/glaeser-2962\/#primaryimage"},"image":{"@id":"https:\/\/www.miomiorun.com\/de\/produkt\/glaeser-2962\/#primaryimage"},"thumbnailUrl":"https:\/\/www.miomiorun.com\/app\/uploads\/2025\/08\/kayak-Occhiale-2962-rosso-2962RO.webp","datePublished":"2025-06-24T14:00:57+00:00","dateModified":"2025-11-07T09:24:06+00:00","description":"Ultraleichte Kayak 2962 mit Maskenlinse f\u00fcr weites Sichtfeld und integrierten Bel\u00fcftungs\u00f6ffnungen f\u00fcr konstante Bel\u00fcftung. Maximaler Komfort und Leistung.","breadcrumb":{"@id":"https:\/\/www.miomiorun.com\/de\/produkt\/glaeser-2962\/#breadcrumb"},"inLanguage":"de-DE","potentialAction":[{"@type":"ReadAction","target":["https:\/\/www.miomiorun.com\/de\/produkt\/glaeser-2962\/"]}]},{"@type":"ImageObject","inLanguage":"de-DE","@id":"https:\/\/www.miomiorun.com\/de\/produkt\/glaeser-2962\/#primaryimage","url":"https:\/\/www.miomiorun.com\/app\/uploads\/2025\/08\/kayak-Occhiale-2962-rosso-2962RO.webp","contentUrl":"https:\/\/www.miomiorun.com\/app\/uploads\/2025\/08\/kayak-Occhiale-2962-rosso-2962RO.webp","width":720,"height":720,"caption":"kayak Occhiale 2962 rosso 2962RO"},{"@type":"BreadcrumbList","@id":"https:\/\/www.miomiorun.com\/de\/produkt\/glaeser-2962\/#breadcrumb","itemListElement":[{"@type":"ListItem","position":1,"name":"Home","item":"https:\/\/www.miomiorun.com\/de\/"},{"@type":"ListItem","position":2,"name":"Shop","item":"https:\/\/www.miomiorun.com\/shop\/"},{"@type":"ListItem","position":3,"name":"Gl\u00e4ser 2962"}]},{"@type":"WebSite","@id":"https:\/\/www.miomiorun.com\/de\/#website","url":"https:\/\/www.miomiorun.com\/de\/","name":"MioMioRun","description":"100% Lauf- und Trailshop","publisher":{"@id":"https:\/\/www.miomiorun.com\/de\/#organization"},"potentialAction":[{"@type":"SearchAction","target":{"@type":"EntryPoint","urlTemplate":"https:\/\/www.miomiorun.com\/de\/?s={search_term_string}"},"query-input":{"@type":"PropertyValueSpecification","valueRequired":true,"valueName":"search_term_string"}}],"inLanguage":"de-DE"},{"@type":"Organization","@id":"https:\/\/www.miomiorun.com\/de\/#organization","name":"MioMio Run","url":"https:\/\/www.miomiorun.com\/de\/","logo":{"@type":"ImageObject","inLanguage":"de-DE","@id":"https:\/\/www.miomiorun.com\/de\/#\/schema\/logo\/image\/","url":"https:\/\/www.miomiorun.com\/app\/uploads\/2019\/12\/logomio.png","contentUrl":"https:\/\/www.miomiorun.com\/app\/uploads\/2019\/12\/logomio.png","width":115,"height":82,"caption":"MioMio Run"},"image":{"@id":"https:\/\/www.miomiorun.com\/de\/#\/schema\/logo\/image\/"},"sameAs":["https:\/\/www.facebook.com\/miomiorun\/","https:\/\/www.instagram.com\/miomiorun\/"]}]}},"_links":{"self":[{"href":"https:\/\/www.miomiorun.com\/de\/wp-json\/wp\/v2\/product\/320668","targetHints":{"allow":["GET"]}}],"collection":[{"href":"https:\/\/www.miomiorun.com\/de\/wp-json\/wp\/v2\/product"}],"about":[{"href":"https:\/\/www.miomiorun.com\/de\/wp-json\/wp\/v2\/types\/product"}],"wp:featuredmedia":[{"embeddable":true,"href":"https:\/\/www.miomiorun.com\/de\/wp-json\/wp\/v2\/media\/338708"}],"wp:attachment":[{"href":"https:\/\/www.miomiorun.com\/de\/wp-json\/wp\/v2\/media?parent=320668"}],"wp:term":[{"taxonomy":"product_brand","embeddable":true,"href":"https:\/\/www.miomiorun.com\/de\/wp-json\/wp\/v2\/product_brand?post=320668"},{"taxonomy":"product_cat","embeddable":true,"href":"https:\/\/www.miomiorun.com\/de\/wp-json\/wp\/v2\/product_cat?post=320668"},{"taxonomy":"product_tag","embeddable":true,"href":"https:\/\/www.miomiorun.com\/de\/wp-json\/wp\/v2\/product_tag?post=320668"}],"curies":[{"name":"wp","href":"https:\/\/api.w.org\/{rel}","templated":true}]}}